{"id":27821,"date":"2025-02-05T11:35:44","date_gmt":"2025-02-05T04:35:44","guid":{"rendered":"https:\/\/tatco.vn\/vi\/?post_type=product&#038;p=27821"},"modified":"2025-02-08T11:50:12","modified_gmt":"2025-02-08T04:50:12","slug":"dau-may-khi-nen-castrol-aircol-cm-68","status":"publish","type":"product","link":"https:\/\/tatco.vn\/vi\/san-pham\/dau-may-khi-nen-castrol-aircol-cm-68\/","title":{"rendered":"D\u1ea7u M\u00e1y Kh\u00ed N\u00e9n Castrol Aircol\u2122 CM 68"},"content":{"rendered":"<p><strong>Castrol Aircol\u2122 CM 68 &#8211; D\u1ea7u m\u00e1y n\u00e9n kh\u00ed v\u1edbi \u0111\u1ed9 \u1ed5n \u0111\u1ecbnh nhi\u1ec7t v\u00e0 oxy h\u00f3a v\u01b0\u1ee3t tr\u1ed9i<\/strong><\/p>\n<p style=\"text-align: justify\"><strong>M\u00f4 t\u1ea3<\/strong>: D\u00f2ng s\u1ea3n ph\u1ea9m d\u1ea7u m\u00e1y n\u00e9n kh\u00ed <strong>Castrol Aircol\u2122 CM 68<\/strong>\u00a0bao g\u1ed3m c\u00e1c lo\u1ea1i d\u1ea7u nh\u1eddn ch\u1ea5t l\u01b0\u1ee3ng cao d\u1ef1a tr\u00ean d\u1ea7u kho\u00e1ng \u0111\u01b0\u1ee3c tinh l\u1ecdc k\u1ef9 l\u01b0\u1ee1ng. \u0110\u01b0\u1ee3c t\u0103ng c\u01b0\u1eddng b\u1eb1ng c\u00f4ng ngh\u1ec7 ph\u1ee5 gia ti\u00ean ti\u1ebfn, c\u00e1c lo\u1ea1i d\u1ea7u n\u00e0y cung c\u1ea5p \u0111\u1ed9 \u1ed5n \u0111\u1ecbnh nhi\u1ec7t v\u00e0 oxy h\u00f3a xu\u1ea5t s\u1eafc c\u0169ng nh\u01b0 kh\u1ea3 n\u0103ng ch\u1ecbu t\u1ea3i t\u1ed1t so v\u1edbi c\u00e1c s\u1ea3n ph\u1ea9m c\u00f9ng lo\u1ea1i.<\/p>\n<p style=\"text-align: justify\"><strong>C\u00f4ng d\u1ee5ng<\/strong>: C\u00e1c lo\u1ea1i d\u1ea7u Aircol CM \u0111\u01b0\u1ee3c pha ch\u1ebf kh\u00f4ng c\u00f3 ch\u1ea5t ph\u1ee5 gia k\u1ebdm (d\u1ea7u kh\u00f4ng tro) v\u00e0 \u0111\u01b0\u1ee3c khuy\u1ebfn ngh\u1ecb cho vi\u1ec7c b\u00f4i tr\u01a1n m\u00e1y n\u00e9n kh\u00ed lo\u1ea1i p\u00edt-t\u00f4ng v\u00e0 tr\u1ee5c v\u00edt quay. Nh\u1eefng lo\u1ea1i d\u1ea7u n\u00e0y c\u00f3 xu h\u01b0\u1edbng t\u1ea1o cacbon th\u1ea5p v\u00e0 \u0111\u00e1p \u1ee9ng c\u00e1c y\u00eau c\u1ea7u c\u1ee7a ph\u00e2n lo\u1ea1i DIN 51506 VDL cho m\u00e1y n\u00e9n kh\u00ed lo\u1ea1i p\u00edt-t\u00f4ng c\u00f3 nhi\u1ec7t \u0111\u1ed9 x\u1ea3 kh\u00ed l\u00ean t\u1edbi 220\u00b0C. \u0110\u1ed1i v\u1edbi c\u1ea3 m\u00e1y n\u00e9n kh\u00ed tr\u1ee5c v\u00edt ng\u1eadp d\u1ea7u v\u00e0 m\u00e1y n\u00e9n kh\u00ed tr\u1ee5c v\u00edt phun d\u1ea7u ho\u1ea1t \u0111\u1ed9ng li\u00ean t\u1ee5c \u1edf nhi\u1ec7t \u0111\u1ed9 x\u1ea3 kh\u00ed l\u00ean t\u1edbi 90\u00baC, s\u1ea3n ph\u1ea9m \u0111\u01b0\u1ee3c thi\u1ebft k\u1ebf \u0111\u1ec3 \u0111\u00e1p \u1ee9ng c\u00e1c kho\u1ea3ng th\u1eddi gian thay d\u1ea7u l\u00ean t\u1edbi 4000 gi\u1edd. \u0110\u1ed1i v\u1edbi ho\u1ea1t \u0111\u1ed9ng gi\u00e1n \u0111o\u1ea1n ho\u1eb7c li\u00ean t\u1ee5c v\u1edbi nhi\u1ec7t \u0111\u1ed9 x\u1ea3 kh\u00ed tr\u00ean 90\u00baC, n\u00ean s\u1eed d\u1ee5ng c\u00e1c kho\u1ea3ng th\u1eddi gian thay d\u1ea7u ti\u00eau chu\u1ea9n c\u1ee7a nh\u00e0 s\u1ea3n xu\u1ea5t. Kh\u1ea3 n\u0103ng ch\u1ecbu t\u1ea3i cao FZG c\u0169ng \u0111\u01b0\u1ee3c thi\u1ebft k\u1ebf \u0111\u1ec3 \u0111\u00e1p \u1ee9ng c\u00e1c y\u00eau c\u1ea7u c\u1ee7a c\u00e1c b\u1ed9 ph\u1eadn m\u00e1y n\u00e9n kh\u00ed c\u00f3 b\u00e1nh r\u0103ng. L\u1ef1a ch\u1ecdn \u0111\u1ed9 nh\u1edbt ph\u00f9 h\u1ee3p n\u00ean d\u1ef1a tr\u00ean khuy\u1ebfn ngh\u1ecb c\u1ee7a nh\u00e0 s\u1ea3n xu\u1ea5t m\u00e1y n\u00e9n. Tuy nhi\u00ean, n\u00f3i chung, Aircol CM 32 v\u00e0 46 ph\u00f9 h\u1ee3p cho m\u00e1y n\u00e9n kh\u00ed tr\u1ee5c v\u00edt ng\u1eadp d\u1ea7u, trong khi Aircol CM 68, CM 100 v\u00e0 CM 150 \u0111\u01b0\u1ee3c ch\u1ecdn \u0111\u1ec3 b\u00f4i tr\u01a1n c\u00e1c b\u1ed9 ph\u1eadn v\u00e0 xi-lanh c\u1ee7a m\u00e1y n\u00e9n kh\u00ed lo\u1ea1i p\u00edt-t\u00f4ng. Aircol CM 150 c\u0169ng \u0111\u01b0\u1ee3c khuy\u1ebfn ngh\u1ecb cho m\u00e1y n\u00e9n kh\u00ed lo\u1ea1i c\u00e1nh tr\u01b0\u1ee3t ho\u1eb7c cho m\u00e1y n\u00e9n lo\u1ea1i p\u00edt-t\u00f4ng \u1edf nhi\u1ec7t \u0111\u1ed9 m\u00f4i tr\u01b0\u1eddng cao. D\u00f2ng s\u1ea3n ph\u1ea9m Aircol CM ho\u00e0n to\u00e0n t\u01b0\u01a1ng th\u00edch v\u1edbi c\u00e1c d\u00f2ng s\u1ea3n ph\u1ea9m Castrol Aircol PD v\u00e0 MR.<\/p>\n<p style=\"text-align: justify\"><strong>Ph\u00e2n lo\u1ea1i<\/strong>: D\u00f2ng s\u1ea3n ph\u1ea9m d\u1ea7u m\u00e1y n\u00e9n kh\u00ed Aircol CM \u0111\u01b0\u1ee3c ph\u00e2n lo\u1ea1i nh\u01b0 sau:<\/p>\n<ul style=\"text-align: justify\">\n<li>D\u1ea7u m\u00e1y n\u00e9n kh\u00ed ISO 6743-3\n<ul>\n<li>DAA v\u00e0 DAB cho m\u00e1y n\u00e9n kh\u00ed lo\u1ea1i p\u00edt-t\u00f4ng v\u00e0 nh\u1ecf gi\u1ecdt quay<\/li>\n<li>DAG v\u00e0 DAH cho m\u00e1y n\u00e9n kh\u00ed tr\u1ee5c v\u00edt ng\u1eadp d\u1ea7u<\/li>\n<\/ul>\n<\/li>\n<\/ul>\n<p style=\"text-align: justify\">C\u00e1c c\u1ea5p c\u1ee5 th\u1ec3 trong d\u00f2ng s\u1ea3n ph\u1ea9m d\u1ea7u m\u00e1y n\u00e9n kh\u00ed Aircol CM \u0111\u00e1p \u1ee9ng c\u00e1c y\u00eau c\u1ea7u c\u1ee7a:<\/p>\n<ul style=\"text-align: justify\">\n<li>M\u00e1y n\u00e9n Sauer<\/li>\n<li>Hatlapa (Lo\u1ea1i L, V, VA v\u00e0 W)<\/li>\n<li>Yanmar<\/li>\n<li>Sanwa<\/li>\n<li>Matsubara<\/li>\n<li>Tanabe<\/li>\n<li>Teikuko<\/li>\n<li>Dongwha Pnetec<\/li>\n<li>Bumhan<\/li>\n<li>Burckhardt (VSB 1001132 E01 02)<\/li>\n<\/ul>\n<p style=\"text-align: justify\"><strong>L\u1ee3i \u0111i\u1ec3m<\/strong>:<\/p>\n<ul>\n<li style=\"text-align: justify\">\u0110\u1eb7c t\u00ednh t\u00e1ch n\u01b0\u1edbc t\u1ed1t, cho ph\u00e9p ng\u01b0ng t\u1ee5 d\u1ec5 d\u00e0ng t\u00e1ch kh\u1ecfi d\u1ea7u, gi\u1ea3m thi\u1ec3u nguy c\u01a1 t\u1ea1o nh\u0169 t\u01b0\u01a1ng c\u00f3 th\u1ec3 l\u00e0m t\u1eafc ngh\u1ebdn ph\u1ea7n t\u1eed t\u00e1ch d\u1ea7u.<\/li>\n<li style=\"text-align: justify\">Ho\u00e0n to\u00e0n ch\u1ed1ng \u0103n m\u00f2n, cung c\u1ea5p s\u1ef1 b\u1ea3o v\u1ec7 ngay c\u1ea3 khi ho\u1ea1t \u0111\u1ed9ng trong \u0111i\u1ec1u ki\u1ec7n \u1ea9m \u01b0\u1edbt.<\/li>\n<li style=\"text-align: justify\">\u0110\u1ed9 \u1ed5n \u0111\u1ecbnh nhi\u1ec7t t\u1ed1t, \u0111\u1ed9 bay h\u01a1i th\u1ea5p v\u00e0 \u00edt t\u1ea1o cacbon, gi\u1ea3m nguy c\u01a1 ch\u00e1y n\u1ed5 v\u00e0 k\u00e9o d\u00e0i tu\u1ed5i th\u1ecd ho\u1ea1t \u0111\u1ed9ng (l\u00ean t\u1edbi 4000 gi\u1edd).<\/li>\n<li style=\"text-align: justify\">Xu h\u01b0\u1edbng t\u1ea1o c\u1eb7n th\u1ea5p k\u00e9o d\u00e0i kho\u1ea3ng th\u1eddi gian thay d\u1ea7u v\u00e0 k\u00e9o d\u00e0i tu\u1ed5i th\u1ecd b\u1ed9 l\u1ecdc kh\u00ed, g\u00f3p ph\u1ea7n gi\u1ea3m chi ph\u00ed b\u1ea3o tr\u00ec.<\/li>\n<li style=\"text-align: justify\">\u0110\u1eb7c t\u00ednh g\u1ed9p d\u1ea7u t\u1ed1t, \u00edt mang d\u1ea7u ra kh\u1ecfi d\u00f2ng kh\u00ed.<\/li>\n<li style=\"text-align: justify\">Kh\u1ea3 n\u0103ng ch\u1ecbu t\u1ea3i cao \u0111\u00e1p \u1ee9ng y\u00eau c\u1ea7u c\u1ee7a c\u00e1c b\u1ed9 ph\u1eadn m\u00e1y n\u00e9n kh\u00ed c\u00f3 b\u00e1nh r\u0103ng.<\/li>\n<\/ul>\n<p><strong>C\u00e1c \u0111\u1eb7c tr\u01b0ng ti\u00eau bi\u1ec3u<\/strong>:<\/p>\n<div>\n<div>\n<div class=\"table-responsive\">\n<table class=\"table table-striped\">\n<thead>\n<tr>\n<th>Thu\u1ed9c t\u00ednh<\/th>\n<th>Ph\u01b0\u01a1ng ph\u00e1p<\/th>\n<th>\u0110\u01a1n v\u1ecb<\/th>\n<th>CM 32<\/th>\n<th>CM 46<\/th>\n<th>CM 68<\/th>\n<th>CM 100<\/th>\n<th>CM 150<\/th>\n<\/tr>\n<\/thead>\n<tbody>\n<tr>\n<td>D\u1ea1ng ngo\u00e0i<\/td>\n<td>Quan s\u00e1t<\/td>\n<td><\/td>\n<td>Trong &amp; S\u00e1ng<\/td>\n<td>Trong &amp; S\u00e1ng<\/td>\n<td>Trong &amp; S\u00e1ng<\/td>\n<td>Trong &amp; S\u00e1ng<\/td>\n<td>Trong &amp; S\u00e1ng<\/td>\n<\/tr>\n<tr>\n<td>\u0110\u1ed9 nh\u1edbt ISO<\/td>\n<td><\/td>\n<td><\/td>\n<td>32<\/td>\n<td>46<\/td>\n<td>68<\/td>\n<td>100<\/td>\n<td>150<\/td>\n<\/tr>\n<tr>\n<td>Kh\u1ed1i l\u01b0\u1ee3ng ri\u00eang @ 15\u00b0C \/ 59\u00b0F<\/td>\n<td>ISO 12181 \/ ASTM D4052<\/td>\n<td>kg\/m\u00b3<\/td>\n<td>855<\/td>\n<td>858<\/td>\n<td>862<\/td>\n<td>866<\/td>\n<td>869<\/td>\n<\/tr>\n<tr>\n<td>\u0110\u1ed9 nh\u1edbt \u0111\u1ed9ng h\u1ecdc @ 40\u00b0C \/ 104\u00b0F<\/td>\n<td>ISO 3104 \/ ASTM D445<\/td>\n<td>mm\u00b2\/s<\/td>\n<td>32.0<\/td>\n<td>46<\/td>\n<td>68<\/td>\n<td>100<\/td>\n<td>150<\/td>\n<\/tr>\n<tr>\n<td>\u0110\u1ed9 nh\u1edbt \u0111\u1ed9ng h\u1ecdc @ 100\u00b0C \/ 212\u00b0F<\/td>\n<td>ISO 3104 \/ ASTM D445<\/td>\n<td>mm\u00b2\/s<\/td>\n<td>5.6<\/td>\n<td>7.1<\/td>\n<td>9.0<\/td>\n<td>11.5<\/td>\n<td>16.0<\/td>\n<\/tr>\n<tr>\n<td>Ch\u1ec9 s\u1ed1 \u0111\u1ed9 nh\u1edbt<\/td>\n<td>ISO 2909 \/ ASTM D2270<\/td>\n<td><\/td>\n<td>100<\/td>\n<td>100<\/td>\n<td>100<\/td>\n<td>95<\/td>\n<td>95<\/td>\n<\/tr>\n<tr>\n<td>\u0110i\u1ec3m r\u00f3t ch\u1ea3y<\/td>\n<td>ISO 3016 \/ ASTM D97<\/td>\n<td>\u00b0C\/\u00b0F<\/td>\n<td>-40\/-40<\/td>\n<td>-38\/-36<\/td>\n<td>-36\/-33<\/td>\n<td>-33\/-27<\/td>\n<td>-30\/-22<\/td>\n<\/tr>\n<tr>\n<td>D\u00e3y t\u1ea1o b\u1ecdt I &#8211; Khuynh h\u01b0\u1edbng \/ \u1ed4n \u0111\u1ecbnh<\/td>\n<td>ISO 6247 \/ ASTM D892<\/td>\n<td>ml\/ml<\/td>\n<td>0\/0<\/td>\n<td>0\/0<\/td>\n<td>0\/0<\/td>\n<td>0\/0<\/td>\n<td>0\/0<\/td>\n<\/tr>\n<tr>\n<td>T\u00e1ch n\u01b0\u1edbc @ 54\u00b0C \/ 129\u00b0F (40\/37\/3)<\/td>\n<td>ISO 6614 \/ ASTM D1401<\/td>\n<td>ph\u00fat<\/td>\n<td>8<\/td>\n<td>15<\/td>\n<td>15<\/td>\n<td>&#8211;<\/td>\n<td>&#8211;<\/td>\n<\/tr>\n<tr>\n<td>T\u00e1ch n\u01b0\u1edbc @ 82\u00b0C \/ 180\u00b0F (40\/37\/3)<\/td>\n<td>ISO 6614 \/ ASTM D1401<\/td>\n<td>ph\u00fat<\/td>\n<td>&#8211;<\/td>\n<td>&#8211;<\/td>\n<td>&#8211;<\/td>\n<td>5<\/td>\n<td>15<\/td>\n<\/tr>\n<tr>\n<td>\u0110i\u1ec3m ch\u1edbp ch\u00e1y &#8211; Ph\u01b0\u01a1ng ph\u00e1p c\u1ed1c h\u1edf<\/td>\n<td>ISO 2592 \/ ASTM D92<\/td>\n<td>\u00b0C\/\u00b0F<\/td>\n<td>223\/433<\/td>\n<td>230\/446<\/td>\n<td>240\/464<\/td>\n<td>240\/464<\/td>\n<td>240\/464<\/td>\n<\/tr>\n<tr>\n<td>Th\u1eed nghi\u1ec7m g\u1ec9 &#8211; N\u01b0\u1edbc bi\u1ec3n nh\u00e2n t\u1ea1o (24 gi\u1edd)<\/td>\n<td>ISO 7120 \/ ASTM D665B<\/td>\n<td>\u0110\u00e1nh gi\u00e1<\/td>\n<td>\u0110\u1ea1t<\/td>\n<td>\u0110\u1ea1t<\/td>\n<td>\u0110\u1ea1t<\/td>\n<td>\u0110\u1ea1t<\/td>\n<td>\u0110\u1ea1t<\/td>\n<\/tr>\n<tr>\n<td>Th\u1eed nghi\u1ec7m ch\u1ecbu t\u1ea3i FZG &#8211; A\/8.3\/90<\/td>\n<td>ISO 14635-1<\/td>\n<td>Giai \u0111o\u1ea1n ch\u1ecbu t\u1ea3i h\u1ecfng<\/td>\n<td>&gt;12<\/td>\n<td>&gt;12<\/td>\n<td>&gt;12<\/td>\n<td>&gt;12<\/td>\n<td>&gt;12<\/td>\n<\/tr>\n<tr>\n<td>\u0110\u1ed9 \u1ed5n \u0111\u1ecbnh oxy h\u00f3a &#8211; Th\u1eed nghi\u1ec7m b\u00ecnh \u00e1p quay<\/td>\n<td>ASTM D2272<\/td>\n<td>ph\u00fat<\/td>\n<td>1500<\/td>\n<td>1500<\/td>\n<td>1500<\/td>\n<td>1500<\/td>\n<td>1500<\/td>\n<\/tr>\n<\/tbody>\n<\/table>\n<\/div>\n<div><\/div>\n<\/div>\n<div><\/div>\n<\/div>\n<p><\/p>","protected":false},"excerpt":{"rendered":"<p>D\u00f2ng s\u1ea3n ph\u1ea9m d\u1ea7u m\u00e1y n\u00e9n kh\u00ed <strong>Castrol Aircol\u2122 CM 68<\/strong>\u00a0bao g\u1ed3m c\u00e1c lo\u1ea1i d\u1ea7u nh\u1eddn ch\u1ea5t l\u01b0\u1ee3ng cao d\u1ef1a tr\u00ean d\u1ea7u kho\u00e1ng \u0111\u01b0\u1ee3c tinh l\u1ecdc k\u1ef9 l\u01b0\u1ee1ng. \u0110\u01b0\u1ee3c t\u0103ng c\u01b0\u1eddng b\u1eb1ng c\u00f4ng ngh\u1ec7 ph\u1ee5 gia ti\u00ean ti\u1ebfn, c\u00e1c lo\u1ea1i d\u1ea7u n\u00e0y cung c\u1ea5p \u0111\u1ed9 \u1ed5n \u0111\u1ecbnh nhi\u1ec7t v\u00e0 oxy h\u00f3a xu\u1ea5t s\u1eafc c\u0169ng nh\u01b0 kh\u1ea3 n\u0103ng ch\u1ecbu t\u1ea3i t\u1ed1t so v\u1edbi c\u00e1c s\u1ea3n ph\u1ea9m c\u00f9ng lo\u1ea1i.<\/p>\n","protected":false},"featured_media":27593,"comment_status":"closed","ping_status":"closed","template":"","meta":[],"product_cat":[776,782,1001,760],"product_tag":[924,926,933,925,931,932,928,927,929,930],"class_list":{"0":"post-27821","1":"product","2":"type-product","3":"status-publish","4":"has-post-thumbnail","6":"product_brand-castrol","7":"product_cat-dau-cong-nghiep-castrol","8":"product_cat-dau-may-nen-khi-castrol","9":"product_cat-dau-may-nen-khi-aircol-cm","10":"product_cat-dau-nhot-castrol","11":"product_tag-castrol-aircol-cm","12":"product_tag-dau-may-nen-castrol","13":"product_tag-dau-may-nen-chiu-tai-cao","14":"product_tag-dau-may-nen-khi","15":"product_tag-dau-may-nen-khi-pit-tong","16":"product_tag-dau-may-nen-khi-truc-vit","17":"product_tag-dau-may-nen-khong-chua-kem","18":"product_tag-dau-may-nen-khong-tro","19":"product_tag-dau-may-nen-on-dinh-nhiet","20":"product_tag-dau-on-dinh-oxy-hoa","22":"first","23":"instock","24":"shipping-taxable","25":"product-type-simple"},"yoast_head":"<!-- This site is optimized with the Yoast SEO plugin v27.2 - https:\/\/yoast.com\/product\/yoast-seo-wordpress\/ -->\n<title>D\u1ea7u M\u00e1y Kh\u00ed N\u00e9n Castrol Aircol\u2122 CM 68 - C\u00f4ng Ty TNHH D\u1ea7u Nh\u1eddn T&amp;T Vi\u1ec7t Nam<\/title>\n<meta name=\"robots\" content=\"index, follow, max-snippet:-1, max-image-preview:large, max-video-preview:-1\" \/>\n<link rel=\"canonical\" href=\"https:\/\/tatco.vn\/vi\/san-pham\/dau-may-khi-nen-castrol-aircol-cm-68\/\" \/>\n<meta property=\"og:locale\" content=\"vi_VN\" \/>\n<meta property=\"og:type\" content=\"article\" \/>\n<meta property=\"og:title\" content=\"D\u1ea7u M\u00e1y Kh\u00ed N\u00e9n Castrol Aircol\u2122 CM 68 - C\u00f4ng Ty TNHH D\u1ea7u Nh\u1eddn T&amp;T Vi\u1ec7t Nam\" \/>\n<meta property=\"og:url\" content=\"https:\/\/tatco.vn\/vi\/san-pham\/dau-may-khi-nen-castrol-aircol-cm-68\/\" \/>\n<meta property=\"og:site_name\" content=\"C\u00f4ng Ty TNHH D\u1ea7u Nh\u1eddn T&amp;T Vi\u1ec7t Nam\" \/>\n<meta property=\"article:modified_time\" content=\"2025-02-08T04:50:12+00:00\" \/>\n<meta property=\"og:image\" content=\"https:\/\/tatco.vn\/wp-content\/uploads\/2022\/12\/Castrol-v5.png\" \/>\n\t<meta property=\"og:image:width\" content=\"750\" \/>\n\t<meta property=\"og:image:height\" content=\"1000\" \/>\n\t<meta property=\"og:image:type\" content=\"image\/png\" \/>\n<meta name=\"twitter:card\" content=\"summary_large_image\" \/>\n<meta name=\"twitter:label1\" content=\"\u01af\u1edbc t\u00ednh th\u1eddi gian \u0111\u1ecdc\" \/>\n\t<meta name=\"twitter:data1\" content=\"5 ph\u00fat\" \/>\n<script type=\"application\/ld+json\" class=\"yoast-schema-graph\">{\"@context\":\"https:\/\/schema.org\",\"@graph\":[{\"@type\":\"WebPage\",\"@id\":\"https:\/\/tatco.vn\/vi\/san-pham\/dau-may-khi-nen-castrol-aircol-cm-68\/\",\"url\":\"https:\/\/tatco.vn\/vi\/san-pham\/dau-may-khi-nen-castrol-aircol-cm-68\/\",\"name\":\"D\u1ea7u M\u00e1y Kh\u00ed N\u00e9n Castrol Aircol\u2122 CM 68 - C\u00f4ng Ty TNHH D\u1ea7u Nh\u1eddn T&amp;T Vi\u1ec7t Nam\",\"isPartOf\":{\"@id\":\"https:\/\/tatco.vn\/en\/#website\"},\"primaryImageOfPage\":{\"@id\":\"https:\/\/tatco.vn\/vi\/san-pham\/dau-may-khi-nen-castrol-aircol-cm-68\/#primaryimage\"},\"image\":{\"@id\":\"https:\/\/tatco.vn\/vi\/san-pham\/dau-may-khi-nen-castrol-aircol-cm-68\/#primaryimage\"},\"thumbnailUrl\":\"https:\/\/tatco.vn\/wp-content\/uploads\/2022\/12\/Castrol-v5.png\",\"datePublished\":\"2025-02-05T04:35:44+00:00\",\"dateModified\":\"2025-02-08T04:50:12+00:00\",\"breadcrumb\":{\"@id\":\"https:\/\/tatco.vn\/vi\/san-pham\/dau-may-khi-nen-castrol-aircol-cm-68\/#breadcrumb\"},\"inLanguage\":\"vi\",\"potentialAction\":[{\"@type\":\"ReadAction\",\"target\":[\"https:\/\/tatco.vn\/vi\/san-pham\/dau-may-khi-nen-castrol-aircol-cm-68\/\"]}]},{\"@type\":\"ImageObject\",\"inLanguage\":\"vi\",\"@id\":\"https:\/\/tatco.vn\/vi\/san-pham\/dau-may-khi-nen-castrol-aircol-cm-68\/#primaryimage\",\"url\":\"https:\/\/tatco.vn\/wp-content\/uploads\/2022\/12\/Castrol-v5.png\",\"contentUrl\":\"https:\/\/tatco.vn\/wp-content\/uploads\/2022\/12\/Castrol-v5.png\",\"width\":750,\"height\":1000,\"caption\":\"Castrol Perfecto HT 5\"},{\"@type\":\"BreadcrumbList\",\"@id\":\"https:\/\/tatco.vn\/vi\/san-pham\/dau-may-khi-nen-castrol-aircol-cm-68\/#breadcrumb\",\"itemListElement\":[{\"@type\":\"ListItem\",\"position\":1,\"name\":\"Home\",\"item\":\"https:\/\/tatco.vn\/\"},{\"@type\":\"ListItem\",\"position\":2,\"name\":\"C\u1eeda h\u00e0ng\",\"item\":\"https:\/\/tatco.vn\/en\/mua\/\"},{\"@type\":\"ListItem\",\"position\":3,\"name\":\"D\u1ea7u M\u00e1y Kh\u00ed N\u00e9n Castrol Aircol\u2122 CM 68\"}]},{\"@type\":\"WebSite\",\"@id\":\"https:\/\/tatco.vn\/en\/#website\",\"url\":\"https:\/\/tatco.vn\/en\/\",\"name\":\"C\u00f4ng Ty TNHH D\u1ea7u Nh\u1eddn T&amp;T Vi\u1ec7t Nam\",\"description\":\"Right Point - Right Time - Best Solution\",\"publisher\":{\"@id\":\"https:\/\/tatco.vn\/en\/#organization\"},\"potentialAction\":[{\"@type\":\"SearchAction\",\"target\":{\"@type\":\"EntryPoint\",\"urlTemplate\":\"https:\/\/tatco.vn\/en\/?s={search_term_string}\"},\"query-input\":{\"@type\":\"PropertyValueSpecification\",\"valueRequired\":true,\"valueName\":\"search_term_string\"}}],\"inLanguage\":\"vi\"},{\"@type\":\"Organization\",\"@id\":\"https:\/\/tatco.vn\/en\/#organization\",\"name\":\"C\u00f4ng Ty TNHH D\u1ea7u Nh\u1eddn T&T Vi\u1ec7t Nam\",\"url\":\"https:\/\/tatco.vn\/en\/\",\"logo\":{\"@type\":\"ImageObject\",\"inLanguage\":\"vi\",\"@id\":\"https:\/\/tatco.vn\/en\/#\/schema\/logo\/image\/\",\"url\":\"https:\/\/tatco.vn\/wp-content\/uploads\/2019\/05\/fav-ico.png\",\"contentUrl\":\"https:\/\/tatco.vn\/wp-content\/uploads\/2019\/05\/fav-ico.png\",\"width\":200,\"height\":200,\"caption\":\"C\u00f4ng Ty TNHH D\u1ea7u Nh\u1eddn T&T Vi\u1ec7t Nam\"},\"image\":{\"@id\":\"https:\/\/tatco.vn\/en\/#\/schema\/logo\/image\/\"}}]}<\/script>\n<!-- \/ Yoast SEO plugin. -->","yoast_head_json":{"title":"D\u1ea7u M\u00e1y Kh\u00ed N\u00e9n Castrol Aircol\u2122 CM 68 - C\u00f4ng Ty TNHH D\u1ea7u Nh\u1eddn T&amp;T Vi\u1ec7t Nam","robots":{"index":"index","follow":"follow","max-snippet":"max-snippet:-1","max-image-preview":"max-image-preview:large","max-video-preview":"max-video-preview:-1"},"canonical":"https:\/\/tatco.vn\/vi\/san-pham\/dau-may-khi-nen-castrol-aircol-cm-68\/","og_locale":"vi_VN","og_type":"article","og_title":"D\u1ea7u M\u00e1y Kh\u00ed N\u00e9n Castrol Aircol\u2122 CM 68 - C\u00f4ng Ty TNHH D\u1ea7u Nh\u1eddn T&amp;T Vi\u1ec7t Nam","og_url":"https:\/\/tatco.vn\/vi\/san-pham\/dau-may-khi-nen-castrol-aircol-cm-68\/","og_site_name":"C\u00f4ng Ty TNHH D\u1ea7u Nh\u1eddn T&amp;T Vi\u1ec7t Nam","article_modified_time":"2025-02-08T04:50:12+00:00","og_image":[{"width":750,"height":1000,"url":"https:\/\/tatco.vn\/wp-content\/uploads\/2022\/12\/Castrol-v5.png","type":"image\/png"}],"twitter_card":"summary_large_image","twitter_misc":{"\u01af\u1edbc t\u00ednh th\u1eddi gian \u0111\u1ecdc":"5 ph\u00fat"},"schema":{"@context":"https:\/\/schema.org","@graph":[{"@type":"WebPage","@id":"https:\/\/tatco.vn\/vi\/san-pham\/dau-may-khi-nen-castrol-aircol-cm-68\/","url":"https:\/\/tatco.vn\/vi\/san-pham\/dau-may-khi-nen-castrol-aircol-cm-68\/","name":"D\u1ea7u M\u00e1y Kh\u00ed N\u00e9n Castrol Aircol\u2122 CM 68 - C\u00f4ng Ty TNHH D\u1ea7u Nh\u1eddn T&amp;T Vi\u1ec7t Nam","isPartOf":{"@id":"https:\/\/tatco.vn\/en\/#website"},"primaryImageOfPage":{"@id":"https:\/\/tatco.vn\/vi\/san-pham\/dau-may-khi-nen-castrol-aircol-cm-68\/#primaryimage"},"image":{"@id":"https:\/\/tatco.vn\/vi\/san-pham\/dau-may-khi-nen-castrol-aircol-cm-68\/#primaryimage"},"thumbnailUrl":"https:\/\/tatco.vn\/wp-content\/uploads\/2022\/12\/Castrol-v5.png","datePublished":"2025-02-05T04:35:44+00:00","dateModified":"2025-02-08T04:50:12+00:00","breadcrumb":{"@id":"https:\/\/tatco.vn\/vi\/san-pham\/dau-may-khi-nen-castrol-aircol-cm-68\/#breadcrumb"},"inLanguage":"vi","potentialAction":[{"@type":"ReadAction","target":["https:\/\/tatco.vn\/vi\/san-pham\/dau-may-khi-nen-castrol-aircol-cm-68\/"]}]},{"@type":"ImageObject","inLanguage":"vi","@id":"https:\/\/tatco.vn\/vi\/san-pham\/dau-may-khi-nen-castrol-aircol-cm-68\/#primaryimage","url":"https:\/\/tatco.vn\/wp-content\/uploads\/2022\/12\/Castrol-v5.png","contentUrl":"https:\/\/tatco.vn\/wp-content\/uploads\/2022\/12\/Castrol-v5.png","width":750,"height":1000,"caption":"Castrol Perfecto HT 5"},{"@type":"BreadcrumbList","@id":"https:\/\/tatco.vn\/vi\/san-pham\/dau-may-khi-nen-castrol-aircol-cm-68\/#breadcrumb","itemListElement":[{"@type":"ListItem","position":1,"name":"Home","item":"https:\/\/tatco.vn\/"},{"@type":"ListItem","position":2,"name":"C\u1eeda h\u00e0ng","item":"https:\/\/tatco.vn\/en\/mua\/"},{"@type":"ListItem","position":3,"name":"D\u1ea7u M\u00e1y Kh\u00ed N\u00e9n Castrol Aircol\u2122 CM 68"}]},{"@type":"WebSite","@id":"https:\/\/tatco.vn\/en\/#website","url":"https:\/\/tatco.vn\/en\/","name":"C\u00f4ng Ty TNHH D\u1ea7u Nh\u1eddn T&amp;T Vi\u1ec7t Nam","description":"Right Point - Right Time - Best Solution","publisher":{"@id":"https:\/\/tatco.vn\/en\/#organization"},"potentialAction":[{"@type":"SearchAction","target":{"@type":"EntryPoint","urlTemplate":"https:\/\/tatco.vn\/en\/?s={search_term_string}"},"query-input":{"@type":"PropertyValueSpecification","valueRequired":true,"valueName":"search_term_string"}}],"inLanguage":"vi"},{"@type":"Organization","@id":"https:\/\/tatco.vn\/en\/#organization","name":"C\u00f4ng Ty TNHH D\u1ea7u Nh\u1eddn T&T Vi\u1ec7t Nam","url":"https:\/\/tatco.vn\/en\/","logo":{"@type":"ImageObject","inLanguage":"vi","@id":"https:\/\/tatco.vn\/en\/#\/schema\/logo\/image\/","url":"https:\/\/tatco.vn\/wp-content\/uploads\/2019\/05\/fav-ico.png","contentUrl":"https:\/\/tatco.vn\/wp-content\/uploads\/2019\/05\/fav-ico.png","width":200,"height":200,"caption":"C\u00f4ng Ty TNHH D\u1ea7u Nh\u1eddn T&T Vi\u1ec7t Nam"},"image":{"@id":"https:\/\/tatco.vn\/en\/#\/schema\/logo\/image\/"}}]}},"_links":{"self":[{"href":"https:\/\/tatco.vn\/vi\/wp-json\/wp\/v2\/product\/27821","targetHints":{"allow":["GET"]}}],"collection":[{"href":"https:\/\/tatco.vn\/vi\/wp-json\/wp\/v2\/product"}],"about":[{"href":"https:\/\/tatco.vn\/vi\/wp-json\/wp\/v2\/types\/product"}],"replies":[{"embeddable":true,"href":"https:\/\/tatco.vn\/vi\/wp-json\/wp\/v2\/comments?post=27821"}],"version-history":[{"count":0,"href":"https:\/\/tatco.vn\/vi\/wp-json\/wp\/v2\/product\/27821\/revisions"}],"wp:featuredmedia":[{"embeddable":true,"href":"https:\/\/tatco.vn\/vi\/wp-json\/wp\/v2\/media\/27593"}],"wp:attachment":[{"href":"https:\/\/tatco.vn\/vi\/wp-json\/wp\/v2\/media?parent=27821"}],"wp:term":[{"taxonomy":"product_cat","embeddable":true,"href":"https:\/\/tatco.vn\/vi\/wp-json\/wp\/v2\/product_cat?post=27821"},{"taxonomy":"product_tag","embeddable":true,"href":"https:\/\/tatco.vn\/vi\/wp-json\/wp\/v2\/product_tag?post=27821"}],"curies":[{"name":"wp","href":"https:\/\/api.w.org\/{rel}","templated":true}]}}