{"id":27806,"date":"2025-02-05T11:14:04","date_gmt":"2025-02-05T04:14:04","guid":{"rendered":"https:\/\/tatco.vn\/vi\/?post_type=product&#038;p=27806"},"modified":"2025-02-08T11:43:29","modified_gmt":"2025-02-08T04:43:29","slug":"dau-may-khi-nen-castrol-aircol-ams-68","status":"publish","type":"product","link":"https:\/\/tatco.vn\/vi\/san-pham\/dau-may-khi-nen-castrol-aircol-ams-68\/","title":{"rendered":"D\u1ea7u M\u00e1y Kh\u00ed N\u00e9n Castrol Aircol AMS 68"},"content":{"rendered":"<p><strong>Castrol Aircol AMS 68 &#8211; D\u1ea7u m\u00e1y n\u00e9n l\u1ea1nh cao c\u1ea5p cho h\u1ec7 th\u1ed1ng ga l\u1ea1nh amoniac<\/strong><\/p>\n<p style=\"text-align: justify\"><strong>M\u00f4 t\u1ea3<\/strong>: <strong>Castrol AircolTM AMS 68<\/strong> l\u00e0 d\u1ea7u nh\u1edbt b\u00f4i tr\u01a1n m\u00e1y n\u00e9n l\u1ea1nh cao c\u1ea5p \u0111\u01b0\u1ee3c \u0111\u1eb7c bi\u1ec7t pha ch\u1ebf t\u1eeb d\u1ea7u g\u1ed1c tinh luy\u1ec7n qua chu tr\u00ecnh x\u1eed l\u00fd hydro, c\u00f9ng c\u00e1c lo\u1ea1i ph\u1ee5 gia t\u00ednh n\u0103ng cao cho c\u00e1c h\u1ec7 th\u1ed1ng ch\u1ea1y ga l\u1ea1nh amoniac (NH3). Lo\u1ea1i d\u1ea7u n\u00e0y \u0111\u01b0\u1ee3c thi\u1ebft k\u1ebf cho c\u00e1c h\u1ec7 th\u1ed1ng m\u00e0 d\u1ea7u nh\u1edbt \u0111\u01b0\u1ee3c t\u00e1ch kh\u1ecfi ga l\u1ea1nh tr\u01b0\u1edbc khi ga l\u1ea1nh \u0111i qua gi\u00e0n bay h\u01a1i.<\/p>\n<p style=\"text-align: justify\"><strong>C\u00f4ng d\u1ee5ng<\/strong>: \u0110i\u1ec1u ki\u1ec7n v\u1eadn h\u00e0nh c\u1ee7a m\u00e1y n\u00e9n l\u1ea1nh amoniac y\u00eau c\u1ea7u c\u00e1c \u0111\u1eb7c t\u00ednh b\u00f4i tr\u01a1n r\u1ea5t chuy\u00ean bi\u1ec7t. C\u00e1c lo\u1ea1i d\u1ea7u nh\u1edbt d\u00f9ng cho m\u00e1y n\u00e9n l\u1ea1nh Freon th\u01b0\u1eddng kh\u00f4ng ho\u1ea1t \u0111\u1ed9ng t\u1ed1t v\u1edbi ga l\u1ea1nh amoniac, g\u00e2y ra nhi\u1ec1u h\u1ea1n ch\u1ebf nh\u01b0 l\u01b0\u1ee3ng d\u1ea7u nh\u1edbt b\u1ecb mang theo l\u1edbn, t\u1ec9 l\u1ec7 ch\u00e2m th\u00eam cao, \u0111\u1ed9 nh\u1edbt t\u0103ng nhanh v\u00e0 nhi\u1ec1u c\u1eb7n carbon trong m\u00e1y n\u00e9n. Aircol AMS 68 \u0111\u01b0\u1ee3c pha ch\u1ebf t\u1eeb d\u1ea7u g\u1ed1c \u0111\u00e3 qua x\u1eed l\u00fd hydro c\u00f3 d\u1ea3i s\u00f4i r\u1ea5t h\u1eb9p, m\u1ee9c \u0111\u1ed9 b\u00e3o h\u00f2a cao, v\u00e0 \u0111\u1eb7c t\u00ednh bay h\u01a1i th\u1ea5p, k\u1ebft qu\u1ea3 l\u00e0 l\u01b0\u1ee3ng c\u1eb7n carbon th\u1ea5p. Nh\u1eefng \u0111\u1eb7c t\u00ednh n\u00e0y c\u1ee7a d\u1ea7u g\u1ed1c \u0111\u01b0\u1ee3c t\u0103ng c\u01b0\u1eddng b\u1edfi c\u00f4ng ngh\u1ec7 ph\u1ee5 gia chuy\u00ean bi\u1ec7t cung c\u1ea5p hi\u1ec7u su\u1ea5t v\u01b0\u1ee3t tr\u1ed9i cho m\u00e1y n\u00e9n l\u1ea1nh amoniac, gi\u1ea3m \u0111\u00e1ng k\u1ec3 l\u01b0\u1ee3ng d\u1ea7u nh\u1edbt ch\u00e2m th\u00eam, gi\u1ea3m thi\u1ec3u t\u0103ng \u0111\u1ed9 nh\u1edbt v\u00e0 s\u1ef1 h\u00ecnh th\u00e0nh c\u1eb7n carbon trong m\u00e1y n\u00e9n. Do \u0111\u00f3, \u0111\u1ed9 s\u1ea1ch c\u1ee7a m\u00e1y n\u00e9n \u0111\u01b0\u1ee3c c\u1ea3i thi\u1ec7n \u0111\u00e1ng k\u1ec3 v\u00e0 th\u1eddi gian thay d\u1ea7u c\u00f3 th\u1ec3 k\u00e9o d\u00e0i nhi\u1ec1u l\u1ea7n khi chuy\u1ec3n t\u1eeb d\u1ea7u nh\u1edbt th\u00f4ng th\u01b0\u1eddng sang Aircol AMS 68.<\/p>\n<p style=\"text-align: justify\">Aircol AMS 68 c\u00f3 th\u1ec3 \u0111\u01b0\u1ee3c s\u1eed d\u1ee5ng cho c\u1ea3 m\u00e1y n\u00e9n tr\u1ee5c v\u00edt v\u00e0 m\u00e1y n\u00e9n p\u00edt-t\u00f4ng ch\u1ea1y ga l\u1ea1nh amoniac. V\u1edbi ch\u1ec9 s\u1ed1 \u0111\u1ed9 nh\u1edbt cao so v\u1edbi d\u1ea7u nh\u1edbt m\u00e1y n\u00e9n l\u1ea1nh g\u1ed1c nap-ta-lin, s\u1ea3n ph\u1ea9m n\u00e0y cung c\u1ea5p b\u1ea3o v\u1ec7 ch\u1ed1ng m\u00e0i m\u00f2n t\u1ed1t cho c\u00e1c chi ti\u1ebft b\u00ean trong m\u00e1y n\u00e9n, \u0111\u1eb7c bi\u1ec7t khi nhi\u1ec7t \u0111\u1ed9 ga tho\u00e1t ra cao.<\/p>\n<p style=\"text-align: justify\">\u0110\u1ec3 \u0111\u1ea1t l\u1ee3i \u00edch t\u1ed1i \u0111a v\u00e0 t\u0103ng c\u01b0\u1eddng tu\u1ed5i th\u1ecd c\u1ee7a d\u1ea7u Aircol AMS 68, n\u00ean s\u1eed d\u1ee5ng d\u1ea7u s\u00fac r\u1eeda v\u1edbi kh\u1ea3 n\u0103ng h\u00f2a tan cao \u0111\u1ec3 lo\u1ea1i b\u1ecf c\u1eb7n b\u1ea9n tr\u01b0\u1edbc khi ch\u00e2m d\u1ea7u m\u1edbi. C\u00e1ch ti\u1ebft ki\u1ec7m nh\u1ea5t l\u00e0 ch\u1ea1y m\u00e1y n\u00e9n v\u1edbi d\u1ea7u nh\u1edbt g\u1ed1c nap-ta-lin trong kho\u1ea3ng 50 gi\u1edd, sau \u0111\u00f3 x\u1ea3 b\u1ecf tr\u01b0\u1edbc khi ch\u00e2m d\u1ea7u m\u1edbi Aircol AMS 68.<\/p>\n<p style=\"text-align: justify\"><strong>L\u1ee3i \u0111i\u1ec3m<\/strong>:<\/p>\n<ul>\n<li style=\"text-align: justify\">\u0110\u1ed9 b\u1ec1n nhi\u1ec7t cao v\u1edbi khuynh h\u01b0\u1edbng t\u1ea1o c\u1eb7n carbon r\u1ea5t th\u1ea5p.<\/li>\n<li style=\"text-align: justify\">Kh\u00f4ng h\u00f2a tan v\u00e0 kh\u00f4ng ph\u1ea3n \u1ee9ng v\u1edbi ga l\u1ea1nh amoniac trong to\u00e0n b\u1ed9 d\u1ea3i nhi\u1ec7t \u0111\u1ed9 l\u00e0m vi\u1ec7c, \u0111\u1ea3m b\u1ea3o qu\u00e1 tr\u00ecnh v\u1eadn h\u00e0nh kh\u00f4ng s\u1ef1 c\u1ed1.<\/li>\n<li style=\"text-align: justify\">T\u00ednh n\u0103ng ch\u1ea3y \u1edf nhi\u1ec7t \u0111\u1ed9 th\u1ea5p t\u1ed1t.<\/li>\n<li style=\"text-align: justify\">D\u1ea7u g\u1ed1c \u0111\u01b0\u1ee3c ch\u1ecdn t\u1eeb ph\u00e2n \u0111o\u1ea1n ch\u01b0ng c\u1ea5t r\u1ea5t h\u1eb9p v\u1edbi \u0111\u1ed9 bay h\u01a1i th\u1ea5p, gi\u00fap gi\u1ea3m l\u01b0\u1ee3ng d\u1ea7u mang theo t\u1eeb m\u00e1y n\u00e9n, gi\u1ea3m l\u01b0\u1ee3ng d\u1ea7u ch\u00e2m th\u00eam, ng\u0103n ng\u1eeba t\u0103ng \u0111\u1ed9 nh\u1edbt nhanh ch\u00f3ng v\u00e0 k\u00e9o d\u00e0i tu\u1ed5i th\u1ecd d\u1ea7u.<\/li>\n<li style=\"text-align: justify\">Ch\u1ec9 s\u1ed1 \u0111\u1ed9 nh\u1edbt cao cung c\u1ea5p b\u1ea3o v\u1ec7 ch\u1ed1ng m\u00e0i m\u00f2n t\u1ed1t cho c\u00e1c chi ti\u1ebft trong m\u00e1y n\u00e9n ngay c\u1ea3 khi nhi\u1ec7t \u0111\u1ed9 ga tho\u00e1t ra cao.<\/li>\n<\/ul>\n<p><strong>C\u00e1c \u0111\u1eb7c tr\u01b0ng ti\u00eau bi\u1ec3u<\/strong>:<\/p>\n<div>\n<div>\n<div class=\"table-responsive\">\n<table class=\"table table-striped\">\n<thead>\n<tr>\n<th>Thu\u1ed9c t\u00ednh<\/th>\n<th>Ph\u01b0\u01a1ng ph\u00e1p<\/th>\n<th>\u0110\u01a1n v\u1ecb<\/th>\n<th>Aircol AMS 68<\/th>\n<\/tr>\n<\/thead>\n<tbody>\n<tr>\n<td>D\u1ea1ng ngo\u00e0i<\/td>\n<td>Quan s\u00e1t<\/td>\n<td><\/td>\n<td>M\u00e0u v\u00e0ng nh\u1ea1t v\u00e0 trong<\/td>\n<\/tr>\n<tr>\n<td>Kh\u1ed1i l\u01b0\u1ee3ng ri\u00eang \u1edf 15\u00b0C<\/td>\n<td>ASTM D4052<\/td>\n<td>kg\/m\u00b3<\/td>\n<td>0.8696<\/td>\n<\/tr>\n<tr>\n<td>\u0110\u1ed9 nh\u1edbt \u0111\u1ed9ng h\u1ecdc \u1edf 40\u00b0C<\/td>\n<td>ASTM D445<\/td>\n<td>mm\u00b2\/s<\/td>\n<td>68<\/td>\n<\/tr>\n<tr>\n<td>\u0110\u1ed9 nh\u1edbt \u0111\u1ed9ng h\u1ecdc \u1edf 100\u00b0C<\/td>\n<td>ASTM D445<\/td>\n<td>mm\u00b2\/s<\/td>\n<td>9.5<\/td>\n<\/tr>\n<tr>\n<td>Ch\u1ec9 s\u1ed1 \u0111\u1ed9 nh\u1edbt<\/td>\n<td>ASTM D2270<\/td>\n<td><\/td>\n<td>114<\/td>\n<\/tr>\n<tr>\n<td>\u0110i\u1ec3m ch\u1edbp ch\u00e1y c\u1ed1c h\u1edf<\/td>\n<td>ASTM D92<\/td>\n<td>\u00b0C<\/td>\n<td>230<\/td>\n<\/tr>\n<tr>\n<td>\u0110\u1ed9 t\u1ea1o b\u1ecdt quy tr\u00ecnh I<\/td>\n<td>ASTM D892<\/td>\n<td>ml\/ml<\/td>\n<td>10\/0<\/td>\n<\/tr>\n<tr>\n<td>\u0110i\u1ec3m r\u00f3t ch\u1ea3y<\/td>\n<td>ASTM D97<\/td>\n<td>\u00b0C<\/td>\n<td>-36<\/td>\n<\/tr>\n<tr>\n<td>\u0102n m\u00f2n \u0111\u1ed3ng (24 gi\u1edd \u1edf 100\u00b0C)<\/td>\n<td>ASTM D130<\/td>\n<td><\/td>\n<td>1A<\/td>\n<\/tr>\n<\/tbody>\n<\/table>\n<\/div>\n<div><\/div>\n<\/div>\n<\/div>\n<p><\/p>","protected":false},"excerpt":{"rendered":"<p><strong>Castrol AircolTM AMS 68<\/strong> l\u00e0 d\u1ea7u nh\u1edbt b\u00f4i tr\u01a1n m\u00e1y n\u00e9n l\u1ea1nh cao c\u1ea5p \u0111\u01b0\u1ee3c \u0111\u1eb7c bi\u1ec7t pha ch\u1ebf t\u1eeb d\u1ea7u g\u1ed1c tinh luy\u1ec7n qua chu tr\u00ecnh x\u1eed l\u00fd hydro, c\u00f9ng c\u00e1c lo\u1ea1i ph\u1ee5 gia t\u00ednh n\u0103ng cao cho c\u00e1c h\u1ec7 th\u1ed1ng ch\u1ea1y ga l\u1ea1nh amoniac (NH3). Lo\u1ea1i d\u1ea7u n\u00e0y \u0111\u01b0\u1ee3c thi\u1ebft k\u1ebf cho c\u00e1c h\u1ec7 th\u1ed1ng m\u00e0 d\u1ea7u nh\u1edbt \u0111\u01b0\u1ee3c t\u00e1ch kh\u1ecfi ga l\u1ea1nh tr\u01b0\u1edbc khi ga l\u1ea1nh \u0111i qua gi\u00e0n bay h\u01a1i.<\/p>\n","protected":false},"featured_media":27593,"comment_status":"closed","ping_status":"closed","template":"","meta":[],"product_cat":[776,782,760],"product_tag":[914,923,916,917,915,922,921,919,918,920],"class_list":{"0":"post-27806","1":"product","2":"type-product","3":"status-publish","4":"has-post-thumbnail","6":"product_brand-castrol","7":"product_cat-dau-cong-nghiep-castrol","8":"product_cat-dau-may-nen-khi-castrol","9":"product_cat-dau-nhot-castrol","10":"product_tag-castrol-aircol-ams-68","11":"product_tag-dau-boi-tron-he-thong-lam-lanh","12":"product_tag-dau-boi-tron-may-nen-lanh","13":"product_tag-dau-cho-he-thong-ga-lanh-ammoniac","14":"product_tag-dau-may-nen-lanh-castrol","15":"product_tag-dau-may-nen-pit-tong","16":"product_tag-dau-may-nen-truc-vit","17":"product_tag-dau-nhot-boi-tron-nhiet-do-cao","18":"product_tag-dau-nhot-castrol-ams-68","19":"product_tag-dau-nhot-chong-mai-mon","21":"first","22":"instock","23":"shipping-taxable","24":"product-type-simple"},"yoast_head":"<!-- This site is optimized with the Yoast SEO plugin v27.2 - https:\/\/yoast.com\/product\/yoast-seo-wordpress\/ -->\n<title>D\u1ea7u M\u00e1y Kh\u00ed N\u00e9n Castrol Aircol AMS 68 - C\u00f4ng Ty TNHH D\u1ea7u Nh\u1eddn T&amp;T Vi\u1ec7t Nam<\/title>\n<meta name=\"robots\" content=\"index, follow, max-snippet:-1, max-image-preview:large, max-video-preview:-1\" \/>\n<link rel=\"canonical\" href=\"https:\/\/tatco.vn\/vi\/san-pham\/dau-may-khi-nen-castrol-aircol-ams-68\/\" \/>\n<meta property=\"og:locale\" content=\"vi_VN\" \/>\n<meta property=\"og:type\" content=\"article\" \/>\n<meta property=\"og:title\" content=\"D\u1ea7u M\u00e1y Kh\u00ed N\u00e9n Castrol Aircol AMS 68 - C\u00f4ng Ty TNHH D\u1ea7u Nh\u1eddn T&amp;T Vi\u1ec7t Nam\" \/>\n<meta property=\"og:url\" content=\"https:\/\/tatco.vn\/vi\/san-pham\/dau-may-khi-nen-castrol-aircol-ams-68\/\" \/>\n<meta property=\"og:site_name\" content=\"C\u00f4ng Ty TNHH D\u1ea7u Nh\u1eddn T&amp;T Vi\u1ec7t Nam\" \/>\n<meta property=\"article:modified_time\" content=\"2025-02-08T04:43:29+00:00\" \/>\n<meta property=\"og:image\" content=\"https:\/\/tatco.vn\/wp-content\/uploads\/2022\/12\/Castrol-v5.png\" \/>\n\t<meta property=\"og:image:width\" content=\"750\" \/>\n\t<meta property=\"og:image:height\" content=\"1000\" \/>\n\t<meta property=\"og:image:type\" content=\"image\/png\" \/>\n<meta name=\"twitter:card\" content=\"summary_large_image\" \/>\n<meta name=\"twitter:label1\" content=\"\u01af\u1edbc t\u00ednh th\u1eddi gian \u0111\u1ecdc\" \/>\n\t<meta name=\"twitter:data1\" content=\"3 ph\u00fat\" \/>\n<script type=\"application\/ld+json\" class=\"yoast-schema-graph\">{\"@context\":\"https:\/\/schema.org\",\"@graph\":[{\"@type\":\"WebPage\",\"@id\":\"https:\/\/tatco.vn\/vi\/san-pham\/dau-may-khi-nen-castrol-aircol-ams-68\/\",\"url\":\"https:\/\/tatco.vn\/vi\/san-pham\/dau-may-khi-nen-castrol-aircol-ams-68\/\",\"name\":\"D\u1ea7u M\u00e1y Kh\u00ed N\u00e9n Castrol Aircol AMS 68 - C\u00f4ng Ty TNHH D\u1ea7u Nh\u1eddn T&amp;T Vi\u1ec7t Nam\",\"isPartOf\":{\"@id\":\"https:\/\/tatco.vn\/en\/#website\"},\"primaryImageOfPage\":{\"@id\":\"https:\/\/tatco.vn\/vi\/san-pham\/dau-may-khi-nen-castrol-aircol-ams-68\/#primaryimage\"},\"image\":{\"@id\":\"https:\/\/tatco.vn\/vi\/san-pham\/dau-may-khi-nen-castrol-aircol-ams-68\/#primaryimage\"},\"thumbnailUrl\":\"https:\/\/tatco.vn\/wp-content\/uploads\/2022\/12\/Castrol-v5.png\",\"datePublished\":\"2025-02-05T04:14:04+00:00\",\"dateModified\":\"2025-02-08T04:43:29+00:00\",\"breadcrumb\":{\"@id\":\"https:\/\/tatco.vn\/vi\/san-pham\/dau-may-khi-nen-castrol-aircol-ams-68\/#breadcrumb\"},\"inLanguage\":\"vi\",\"potentialAction\":[{\"@type\":\"ReadAction\",\"target\":[\"https:\/\/tatco.vn\/vi\/san-pham\/dau-may-khi-nen-castrol-aircol-ams-68\/\"]}]},{\"@type\":\"ImageObject\",\"inLanguage\":\"vi\",\"@id\":\"https:\/\/tatco.vn\/vi\/san-pham\/dau-may-khi-nen-castrol-aircol-ams-68\/#primaryimage\",\"url\":\"https:\/\/tatco.vn\/wp-content\/uploads\/2022\/12\/Castrol-v5.png\",\"contentUrl\":\"https:\/\/tatco.vn\/wp-content\/uploads\/2022\/12\/Castrol-v5.png\",\"width\":750,\"height\":1000,\"caption\":\"Castrol Perfecto HT 5\"},{\"@type\":\"BreadcrumbList\",\"@id\":\"https:\/\/tatco.vn\/vi\/san-pham\/dau-may-khi-nen-castrol-aircol-ams-68\/#breadcrumb\",\"itemListElement\":[{\"@type\":\"ListItem\",\"position\":1,\"name\":\"Home\",\"item\":\"https:\/\/tatco.vn\/\"},{\"@type\":\"ListItem\",\"position\":2,\"name\":\"C\u1eeda h\u00e0ng\",\"item\":\"https:\/\/tatco.vn\/en\/mua\/\"},{\"@type\":\"ListItem\",\"position\":3,\"name\":\"D\u1ea7u M\u00e1y Kh\u00ed N\u00e9n Castrol Aircol AMS 68\"}]},{\"@type\":\"WebSite\",\"@id\":\"https:\/\/tatco.vn\/en\/#website\",\"url\":\"https:\/\/tatco.vn\/en\/\",\"name\":\"C\u00f4ng Ty TNHH D\u1ea7u Nh\u1eddn T&amp;T Vi\u1ec7t Nam\",\"description\":\"Right Point - Right Time - Best Solution\",\"publisher\":{\"@id\":\"https:\/\/tatco.vn\/en\/#organization\"},\"potentialAction\":[{\"@type\":\"SearchAction\",\"target\":{\"@type\":\"EntryPoint\",\"urlTemplate\":\"https:\/\/tatco.vn\/en\/?s={search_term_string}\"},\"query-input\":{\"@type\":\"PropertyValueSpecification\",\"valueRequired\":true,\"valueName\":\"search_term_string\"}}],\"inLanguage\":\"vi\"},{\"@type\":\"Organization\",\"@id\":\"https:\/\/tatco.vn\/en\/#organization\",\"name\":\"C\u00f4ng Ty TNHH D\u1ea7u Nh\u1eddn T&T Vi\u1ec7t Nam\",\"url\":\"https:\/\/tatco.vn\/en\/\",\"logo\":{\"@type\":\"ImageObject\",\"inLanguage\":\"vi\",\"@id\":\"https:\/\/tatco.vn\/en\/#\/schema\/logo\/image\/\",\"url\":\"https:\/\/tatco.vn\/wp-content\/uploads\/2019\/05\/fav-ico.png\",\"contentUrl\":\"https:\/\/tatco.vn\/wp-content\/uploads\/2019\/05\/fav-ico.png\",\"width\":200,\"height\":200,\"caption\":\"C\u00f4ng Ty TNHH D\u1ea7u Nh\u1eddn T&T Vi\u1ec7t Nam\"},\"image\":{\"@id\":\"https:\/\/tatco.vn\/en\/#\/schema\/logo\/image\/\"}}]}<\/script>\n<!-- \/ Yoast SEO plugin. -->","yoast_head_json":{"title":"D\u1ea7u M\u00e1y Kh\u00ed N\u00e9n Castrol Aircol AMS 68 - C\u00f4ng Ty TNHH D\u1ea7u Nh\u1eddn T&amp;T Vi\u1ec7t Nam","robots":{"index":"index","follow":"follow","max-snippet":"max-snippet:-1","max-image-preview":"max-image-preview:large","max-video-preview":"max-video-preview:-1"},"canonical":"https:\/\/tatco.vn\/vi\/san-pham\/dau-may-khi-nen-castrol-aircol-ams-68\/","og_locale":"vi_VN","og_type":"article","og_title":"D\u1ea7u M\u00e1y Kh\u00ed N\u00e9n Castrol Aircol AMS 68 - C\u00f4ng Ty TNHH D\u1ea7u Nh\u1eddn T&amp;T Vi\u1ec7t Nam","og_url":"https:\/\/tatco.vn\/vi\/san-pham\/dau-may-khi-nen-castrol-aircol-ams-68\/","og_site_name":"C\u00f4ng Ty TNHH D\u1ea7u Nh\u1eddn T&amp;T Vi\u1ec7t Nam","article_modified_time":"2025-02-08T04:43:29+00:00","og_image":[{"width":750,"height":1000,"url":"https:\/\/tatco.vn\/wp-content\/uploads\/2022\/12\/Castrol-v5.png","type":"image\/png"}],"twitter_card":"summary_large_image","twitter_misc":{"\u01af\u1edbc t\u00ednh th\u1eddi gian \u0111\u1ecdc":"3 ph\u00fat"},"schema":{"@context":"https:\/\/schema.org","@graph":[{"@type":"WebPage","@id":"https:\/\/tatco.vn\/vi\/san-pham\/dau-may-khi-nen-castrol-aircol-ams-68\/","url":"https:\/\/tatco.vn\/vi\/san-pham\/dau-may-khi-nen-castrol-aircol-ams-68\/","name":"D\u1ea7u M\u00e1y Kh\u00ed N\u00e9n Castrol Aircol AMS 68 - C\u00f4ng Ty TNHH D\u1ea7u Nh\u1eddn T&amp;T Vi\u1ec7t Nam","isPartOf":{"@id":"https:\/\/tatco.vn\/en\/#website"},"primaryImageOfPage":{"@id":"https:\/\/tatco.vn\/vi\/san-pham\/dau-may-khi-nen-castrol-aircol-ams-68\/#primaryimage"},"image":{"@id":"https:\/\/tatco.vn\/vi\/san-pham\/dau-may-khi-nen-castrol-aircol-ams-68\/#primaryimage"},"thumbnailUrl":"https:\/\/tatco.vn\/wp-content\/uploads\/2022\/12\/Castrol-v5.png","datePublished":"2025-02-05T04:14:04+00:00","dateModified":"2025-02-08T04:43:29+00:00","breadcrumb":{"@id":"https:\/\/tatco.vn\/vi\/san-pham\/dau-may-khi-nen-castrol-aircol-ams-68\/#breadcrumb"},"inLanguage":"vi","potentialAction":[{"@type":"ReadAction","target":["https:\/\/tatco.vn\/vi\/san-pham\/dau-may-khi-nen-castrol-aircol-ams-68\/"]}]},{"@type":"ImageObject","inLanguage":"vi","@id":"https:\/\/tatco.vn\/vi\/san-pham\/dau-may-khi-nen-castrol-aircol-ams-68\/#primaryimage","url":"https:\/\/tatco.vn\/wp-content\/uploads\/2022\/12\/Castrol-v5.png","contentUrl":"https:\/\/tatco.vn\/wp-content\/uploads\/2022\/12\/Castrol-v5.png","width":750,"height":1000,"caption":"Castrol Perfecto HT 5"},{"@type":"BreadcrumbList","@id":"https:\/\/tatco.vn\/vi\/san-pham\/dau-may-khi-nen-castrol-aircol-ams-68\/#breadcrumb","itemListElement":[{"@type":"ListItem","position":1,"name":"Home","item":"https:\/\/tatco.vn\/"},{"@type":"ListItem","position":2,"name":"C\u1eeda h\u00e0ng","item":"https:\/\/tatco.vn\/en\/mua\/"},{"@type":"ListItem","position":3,"name":"D\u1ea7u M\u00e1y Kh\u00ed N\u00e9n Castrol Aircol AMS 68"}]},{"@type":"WebSite","@id":"https:\/\/tatco.vn\/en\/#website","url":"https:\/\/tatco.vn\/en\/","name":"C\u00f4ng Ty TNHH D\u1ea7u Nh\u1eddn T&amp;T Vi\u1ec7t Nam","description":"Right Point - Right Time - Best Solution","publisher":{"@id":"https:\/\/tatco.vn\/en\/#organization"},"potentialAction":[{"@type":"SearchAction","target":{"@type":"EntryPoint","urlTemplate":"https:\/\/tatco.vn\/en\/?s={search_term_string}"},"query-input":{"@type":"PropertyValueSpecification","valueRequired":true,"valueName":"search_term_string"}}],"inLanguage":"vi"},{"@type":"Organization","@id":"https:\/\/tatco.vn\/en\/#organization","name":"C\u00f4ng Ty TNHH D\u1ea7u Nh\u1eddn T&T Vi\u1ec7t Nam","url":"https:\/\/tatco.vn\/en\/","logo":{"@type":"ImageObject","inLanguage":"vi","@id":"https:\/\/tatco.vn\/en\/#\/schema\/logo\/image\/","url":"https:\/\/tatco.vn\/wp-content\/uploads\/2019\/05\/fav-ico.png","contentUrl":"https:\/\/tatco.vn\/wp-content\/uploads\/2019\/05\/fav-ico.png","width":200,"height":200,"caption":"C\u00f4ng Ty TNHH D\u1ea7u Nh\u1eddn T&T Vi\u1ec7t Nam"},"image":{"@id":"https:\/\/tatco.vn\/en\/#\/schema\/logo\/image\/"}}]}},"_links":{"self":[{"href":"https:\/\/tatco.vn\/vi\/wp-json\/wp\/v2\/product\/27806","targetHints":{"allow":["GET"]}}],"collection":[{"href":"https:\/\/tatco.vn\/vi\/wp-json\/wp\/v2\/product"}],"about":[{"href":"https:\/\/tatco.vn\/vi\/wp-json\/wp\/v2\/types\/product"}],"replies":[{"embeddable":true,"href":"https:\/\/tatco.vn\/vi\/wp-json\/wp\/v2\/comments?post=27806"}],"version-history":[{"count":0,"href":"https:\/\/tatco.vn\/vi\/wp-json\/wp\/v2\/product\/27806\/revisions"}],"wp:featuredmedia":[{"embeddable":true,"href":"https:\/\/tatco.vn\/vi\/wp-json\/wp\/v2\/media\/27593"}],"wp:attachment":[{"href":"https:\/\/tatco.vn\/vi\/wp-json\/wp\/v2\/media?parent=27806"}],"wp:term":[{"taxonomy":"product_cat","embeddable":true,"href":"https:\/\/tatco.vn\/vi\/wp-json\/wp\/v2\/product_cat?post=27806"},{"taxonomy":"product_tag","embeddable":true,"href":"https:\/\/tatco.vn\/vi\/wp-json\/wp\/v2\/product_tag?post=27806"}],"curies":[{"name":"wp","href":"https:\/\/api.w.org\/{rel}","templated":true}]}}