{"id":27804,"date":"2025-02-05T11:06:16","date_gmt":"2025-02-05T04:06:16","guid":{"rendered":"https:\/\/tatco.vn\/vi\/?post_type=product&#038;p=27804"},"modified":"2025-02-08T11:42:53","modified_gmt":"2025-02-08T04:42:53","slug":"dau-may-khi-nen-castrol-aircol-299","status":"publish","type":"product","link":"https:\/\/tatco.vn\/vi\/san-pham\/dau-may-khi-nen-castrol-aircol-299\/","title":{"rendered":"D\u1ea7u M\u00e1y Kh\u00ed N\u00e9n Castrol Aircol 299"},"content":{"rendered":"<p><strong>D\u1ea7u h\u1ed9p s\u1ed1 Castrol Aircol 299 &#8211; D\u1ea7u nh\u1eddn cho h\u1ec7 th\u1ed1ng l\u00e0m l\u1ea1nh v\u1edbi t\u00ednh \u1ed5n \u0111\u1ecbnh h\u00f3a h\u1ecdc v\u00e0 nhi\u1ec7t<\/strong><\/p>\n<p style=\"text-align: justify\"><strong>M\u00f4 t\u1ea3<\/strong>: D\u00f2ng s\u1ea3n ph\u1ea9m d\u1ea7u h\u1ed9p s\u1ed1 Castrol Aircol 299 bao g\u1ed3m hai lo\u1ea1i d\u1ea7u kho\u00e1ng \u0111\u01b0\u1ee3c tinh l\u1ecdc k\u1ef9 l\u01b0\u1ee1ng, \u0111\u01b0\u1ee3c ch\u1ecdn l\u1ecdc \u0111\u1eb7c bi\u1ec7t \u0111\u1ec3 cung c\u1ea5p s\u1ef1 \u1ed5n \u0111\u1ecbnh h\u00f3a h\u1ecdc v\u00e0 nhi\u1ec7t cao. Nh\u1eefng d\u1ea7u nh\u1eddn n\u00e0y c\u00f3 xu h\u01b0\u1edbng t\u1ea1o s\u00e1p th\u1ea5p, \u0111\u1ea3m b\u1ea3o \u0111i\u1ec3m r\u00f3t ch\u1ea3y th\u1ea5p.<\/p>\n<p style=\"text-align: justify\"><strong>C\u00f4ng d\u1ee5ng<\/strong>: D\u00f2ng s\u1ea3n ph\u1ea9m Castrol Aircol 299 \u0111\u01b0\u1ee3c thi\u1ebft k\u1ebf \u0111\u1ec3 s\u1eed d\u1ee5ng trong c\u00e1c h\u1ec7 th\u1ed1ng l\u00e0m l\u1ea1nh v\u00e0 \u0111i\u1ec1u h\u00f2a kh\u00f4ng kh\u00ed s\u1eed d\u1ee5ng ch\u1ea5t l\u00e0m l\u1ea1nh fluorocarbon. \u0110\u1eb7c t\u00ednh tuy\u1ec7t v\u1eddi \u1edf nhi\u1ec7t \u0111\u1ed9 th\u1ea5p c\u1ee7a c\u00e1c lo\u1ea1i d\u1ea7u n\u00e0y ng\u0103n ng\u1eeba s\u1ef1 k\u1ebft t\u1ee7a s\u00e1p l\u01a1 l\u1eedng, \u0111i\u1ec1u m\u00e0 c\u00f3 th\u1ec3 x\u1ea3y ra trong c\u00e1c h\u1ec7 th\u1ed1ng hi\u1ec7u su\u1ea5t cao s\u1eed d\u1ee5ng ch\u1ea5t l\u00e0m l\u1ea1nh Freon. Trong c\u00e1c h\u1ec7 th\u1ed1ng s\u1eed d\u1ee5ng R22, \u0111\u1eb7c t\u00ednh nhi\u1ec7t \u0111\u1ed9 dung d\u1ecbch c\u1ee7a c\u00e1c lo\u1ea1i d\u1ea7u n\u00e0y ng\u0103n ng\u1eeba s\u1ef1 t\u00e1ch bi\u1ec7t gi\u1eefa d\u1ea7u v\u00e0 ch\u1ea5t l\u00e0m l\u1ea1nh trong c\u00e1c m\u1ea1ch nhi\u1ec7t \u0111\u1ed9 th\u1ea5p. \u0110\u1ed1i v\u1edbi nhi\u1ec7t \u0111\u1ed9 bay h\u01a1i c\u1ef1c th\u1ea5p ho\u1eb7c c\u00e1c h\u1ec7 th\u1ed1ng kh\u00f4ng c\u00f3 b\u1ed9 t\u00e1ch d\u1ea7u\/ch\u1ea5t l\u00e0m l\u1ea1nh, c\u00f3 th\u1ec3 \u01b0u ti\u00ean s\u1eed d\u1ee5ng d\u1ea7u l\u00e0m l\u1ea1nh g\u1ed1c t\u1ed5ng h\u1ee3p.<\/p>\n<p><strong>D\u1eef li\u1ec7u k\u1ef9 thu\u1eadt<\/strong>:<\/p>\n<div>\n<div>\n<div class=\"table-responsive\">\n<table class=\"table table-striped\">\n<thead>\n<tr>\n<th>Thu\u1ed9c t\u00ednh<\/th>\n<th>Ph\u01b0\u01a1ng ph\u00e1p<\/th>\n<th>\u0110\u01a1n v\u1ecb<\/th>\n<th>Aircol 266<\/th>\n<th>Aircol 299<\/th>\n<\/tr>\n<\/thead>\n<tbody>\n<tr>\n<td>Kh\u1ed1i l\u01b0\u1ee3ng ri\u00eang \u1edf 15\u00b0C<\/td>\n<td>ASTM D4052<\/td>\n<td>g\/ml<\/td>\n<td>0.91<\/td>\n<td>0.92<\/td>\n<\/tr>\n<tr>\n<td>\u0110\u1ed9 nh\u1edbt \u1edf 40\u00b0C<\/td>\n<td>ASTM D445<\/td>\n<td>mm\u00b2\/s<\/td>\n<td>32<\/td>\n<td>55<\/td>\n<\/tr>\n<tr>\n<td>\u0110\u1ed9 nh\u1edbt \u1edf 100\u00b0C<\/td>\n<td>ASTM D445<\/td>\n<td>mm\u00b2\/s<\/td>\n<td>4.1<\/td>\n<td>5.9<\/td>\n<\/tr>\n<tr>\n<td>\u0110i\u1ec3m ch\u1edbp ch\u00e1y c\u1ed1c k\u00edn<\/td>\n<td>ASTM D93<\/td>\n<td>\u00b0C<\/td>\n<td>165<\/td>\n<td>183<\/td>\n<\/tr>\n<tr>\n<td>\u0110i\u1ec3m r\u00f3t ch\u1ea3y<\/td>\n<td>ASTM D97<\/td>\n<td>\u00b0C<\/td>\n<td>-40<\/td>\n<td>-36<\/td>\n<\/tr>\n<tr>\n<td>\u0110i\u1ec3m k\u1ebft tinh s\u00e1p<\/td>\n<td>DIN 51351<\/td>\n<td>\u00b0C<\/td>\n<td>-54<\/td>\n<td>-48<\/td>\n<\/tr>\n<\/tbody>\n<\/table>\n<\/div>\n<div><\/div>\n<\/div>\n<p>L\u01b0u \u00fd: C\u00e1c s\u1ed1 li\u1ec7u tr\u00ean l\u00e0 \u0111i\u1ec3n h\u00ecnh cho nh\u1eefng g\u00ec thu \u0111\u01b0\u1ee3c trong gi\u1edbi h\u1ea1n s\u1ea3n xu\u1ea5t th\u00f4ng th\u01b0\u1eddng v\u00e0 kh\u00f4ng t\u1ea1o th\u00e0nh m\u1ed9t quy c\u00e1ch k\u1ef9 thu\u1eadt.<\/p>","protected":false},"excerpt":{"rendered":"<p>D\u00f2ng s\u1ea3n ph\u1ea9m d\u1ea7u h\u1ed9p s\u1ed1 <strong>Castrol Aircol 299<\/strong> bao g\u1ed3m hai lo\u1ea1i d\u1ea7u kho\u00e1ng \u0111\u01b0\u1ee3c tinh l\u1ecdc k\u1ef9 l\u01b0\u1ee1ng, \u0111\u01b0\u1ee3c ch\u1ecdn l\u1ecdc \u0111\u1eb7c bi\u1ec7t \u0111\u1ec3 cung c\u1ea5p s\u1ef1 \u1ed5n \u0111\u1ecbnh h\u00f3a h\u1ecdc v\u00e0 nhi\u1ec7t cao. Nh\u1eefng d\u1ea7u nh\u1eddn n\u00e0y c\u00f3 xu h\u01b0\u1edbng t\u1ea1o s\u00e1p th\u1ea5p, \u0111\u1ea3m b\u1ea3o \u0111i\u1ec3m r\u00f3t ch\u1ea3y th\u1ea5p.<\/p>\n","protected":false},"featured_media":27593,"comment_status":"closed","ping_status":"closed","template":"","meta":[],"product_cat":[776,782,760],"product_tag":[904,909,905,906,908,913,907,910,911,912],"class_list":{"0":"post-27804","1":"product","2":"type-product","3":"status-publish","4":"has-post-thumbnail","6":"product_brand-castrol","7":"product_cat-dau-cong-nghiep-castrol","8":"product_cat-dau-may-nen-khi-castrol","9":"product_cat-dau-nhot-castrol","10":"product_tag-castrol-aircol-200","11":"product_tag-dau-boi-tron-he-thong-dieu-hoa-khong-khi","12":"product_tag-dau-lam-lanh","13":"product_tag-dau-lam-lanh-castrol","14":"product_tag-dau-lam-lanh-freon","15":"product_tag-dau-lam-lanh-r22","16":"product_tag-dau-nhon-khoang","17":"product_tag-dau-nhon-nhiet-do-thap","18":"product_tag-dau-on-dinh-hoa-hoc","19":"product_tag-dau-on-dinh-nhiet","21":"first","22":"instock","23":"shipping-taxable","24":"product-type-simple"},"yoast_head":"<!-- This site is optimized with the Yoast SEO plugin v27.2 - https:\/\/yoast.com\/product\/yoast-seo-wordpress\/ -->\n<title>D\u1ea7u M\u00e1y Kh\u00ed N\u00e9n Castrol Aircol 299 - C\u00f4ng Ty TNHH D\u1ea7u Nh\u1eddn T&amp;T Vi\u1ec7t Nam<\/title>\n<meta name=\"robots\" content=\"index, follow, max-snippet:-1, max-image-preview:large, max-video-preview:-1\" \/>\n<link rel=\"canonical\" href=\"https:\/\/tatco.vn\/vi\/san-pham\/dau-may-khi-nen-castrol-aircol-299\/\" \/>\n<meta property=\"og:locale\" content=\"vi_VN\" \/>\n<meta property=\"og:type\" content=\"article\" \/>\n<meta property=\"og:title\" content=\"D\u1ea7u M\u00e1y Kh\u00ed N\u00e9n Castrol Aircol 299 - C\u00f4ng Ty TNHH D\u1ea7u Nh\u1eddn T&amp;T Vi\u1ec7t Nam\" \/>\n<meta property=\"og:url\" content=\"https:\/\/tatco.vn\/vi\/san-pham\/dau-may-khi-nen-castrol-aircol-299\/\" \/>\n<meta property=\"og:site_name\" content=\"C\u00f4ng Ty TNHH D\u1ea7u Nh\u1eddn T&amp;T Vi\u1ec7t Nam\" \/>\n<meta property=\"article:modified_time\" content=\"2025-02-08T04:42:53+00:00\" \/>\n<meta property=\"og:image\" content=\"https:\/\/tatco.vn\/wp-content\/uploads\/2022\/12\/Castrol-v5.png\" \/>\n\t<meta property=\"og:image:width\" content=\"750\" \/>\n\t<meta property=\"og:image:height\" content=\"1000\" \/>\n\t<meta property=\"og:image:type\" content=\"image\/png\" \/>\n<meta name=\"twitter:card\" content=\"summary_large_image\" \/>\n<meta name=\"twitter:label1\" content=\"\u01af\u1edbc t\u00ednh th\u1eddi gian \u0111\u1ecdc\" \/>\n\t<meta name=\"twitter:data1\" content=\"1 ph\u00fat\" \/>\n<script type=\"application\/ld+json\" class=\"yoast-schema-graph\">{\"@context\":\"https:\/\/schema.org\",\"@graph\":[{\"@type\":\"WebPage\",\"@id\":\"https:\/\/tatco.vn\/vi\/san-pham\/dau-may-khi-nen-castrol-aircol-299\/\",\"url\":\"https:\/\/tatco.vn\/vi\/san-pham\/dau-may-khi-nen-castrol-aircol-299\/\",\"name\":\"D\u1ea7u M\u00e1y Kh\u00ed N\u00e9n Castrol Aircol 299 - C\u00f4ng Ty TNHH D\u1ea7u Nh\u1eddn T&amp;T Vi\u1ec7t Nam\",\"isPartOf\":{\"@id\":\"https:\/\/tatco.vn\/en\/#website\"},\"primaryImageOfPage\":{\"@id\":\"https:\/\/tatco.vn\/vi\/san-pham\/dau-may-khi-nen-castrol-aircol-299\/#primaryimage\"},\"image\":{\"@id\":\"https:\/\/tatco.vn\/vi\/san-pham\/dau-may-khi-nen-castrol-aircol-299\/#primaryimage\"},\"thumbnailUrl\":\"https:\/\/tatco.vn\/wp-content\/uploads\/2022\/12\/Castrol-v5.png\",\"datePublished\":\"2025-02-05T04:06:16+00:00\",\"dateModified\":\"2025-02-08T04:42:53+00:00\",\"breadcrumb\":{\"@id\":\"https:\/\/tatco.vn\/vi\/san-pham\/dau-may-khi-nen-castrol-aircol-299\/#breadcrumb\"},\"inLanguage\":\"vi\",\"potentialAction\":[{\"@type\":\"ReadAction\",\"target\":[\"https:\/\/tatco.vn\/vi\/san-pham\/dau-may-khi-nen-castrol-aircol-299\/\"]}]},{\"@type\":\"ImageObject\",\"inLanguage\":\"vi\",\"@id\":\"https:\/\/tatco.vn\/vi\/san-pham\/dau-may-khi-nen-castrol-aircol-299\/#primaryimage\",\"url\":\"https:\/\/tatco.vn\/wp-content\/uploads\/2022\/12\/Castrol-v5.png\",\"contentUrl\":\"https:\/\/tatco.vn\/wp-content\/uploads\/2022\/12\/Castrol-v5.png\",\"width\":750,\"height\":1000,\"caption\":\"Castrol Perfecto HT 5\"},{\"@type\":\"BreadcrumbList\",\"@id\":\"https:\/\/tatco.vn\/vi\/san-pham\/dau-may-khi-nen-castrol-aircol-299\/#breadcrumb\",\"itemListElement\":[{\"@type\":\"ListItem\",\"position\":1,\"name\":\"Home\",\"item\":\"https:\/\/tatco.vn\/\"},{\"@type\":\"ListItem\",\"position\":2,\"name\":\"C\u1eeda h\u00e0ng\",\"item\":\"https:\/\/tatco.vn\/en\/mua\/\"},{\"@type\":\"ListItem\",\"position\":3,\"name\":\"D\u1ea7u M\u00e1y Kh\u00ed N\u00e9n Castrol Aircol 299\"}]},{\"@type\":\"WebSite\",\"@id\":\"https:\/\/tatco.vn\/en\/#website\",\"url\":\"https:\/\/tatco.vn\/en\/\",\"name\":\"C\u00f4ng Ty TNHH D\u1ea7u Nh\u1eddn T&amp;T Vi\u1ec7t Nam\",\"description\":\"Right Point - Right Time - Best Solution\",\"publisher\":{\"@id\":\"https:\/\/tatco.vn\/en\/#organization\"},\"potentialAction\":[{\"@type\":\"SearchAction\",\"target\":{\"@type\":\"EntryPoint\",\"urlTemplate\":\"https:\/\/tatco.vn\/en\/?s={search_term_string}\"},\"query-input\":{\"@type\":\"PropertyValueSpecification\",\"valueRequired\":true,\"valueName\":\"search_term_string\"}}],\"inLanguage\":\"vi\"},{\"@type\":\"Organization\",\"@id\":\"https:\/\/tatco.vn\/en\/#organization\",\"name\":\"C\u00f4ng Ty TNHH D\u1ea7u Nh\u1eddn T&T Vi\u1ec7t Nam\",\"url\":\"https:\/\/tatco.vn\/en\/\",\"logo\":{\"@type\":\"ImageObject\",\"inLanguage\":\"vi\",\"@id\":\"https:\/\/tatco.vn\/en\/#\/schema\/logo\/image\/\",\"url\":\"https:\/\/tatco.vn\/wp-content\/uploads\/2019\/05\/fav-ico.png\",\"contentUrl\":\"https:\/\/tatco.vn\/wp-content\/uploads\/2019\/05\/fav-ico.png\",\"width\":200,\"height\":200,\"caption\":\"C\u00f4ng Ty TNHH D\u1ea7u Nh\u1eddn T&T Vi\u1ec7t Nam\"},\"image\":{\"@id\":\"https:\/\/tatco.vn\/en\/#\/schema\/logo\/image\/\"}}]}<\/script>\n<!-- \/ Yoast SEO plugin. -->","yoast_head_json":{"title":"D\u1ea7u M\u00e1y Kh\u00ed N\u00e9n Castrol Aircol 299 - C\u00f4ng Ty TNHH D\u1ea7u Nh\u1eddn T&amp;T Vi\u1ec7t Nam","robots":{"index":"index","follow":"follow","max-snippet":"max-snippet:-1","max-image-preview":"max-image-preview:large","max-video-preview":"max-video-preview:-1"},"canonical":"https:\/\/tatco.vn\/vi\/san-pham\/dau-may-khi-nen-castrol-aircol-299\/","og_locale":"vi_VN","og_type":"article","og_title":"D\u1ea7u M\u00e1y Kh\u00ed N\u00e9n Castrol Aircol 299 - C\u00f4ng Ty TNHH D\u1ea7u Nh\u1eddn T&amp;T Vi\u1ec7t Nam","og_url":"https:\/\/tatco.vn\/vi\/san-pham\/dau-may-khi-nen-castrol-aircol-299\/","og_site_name":"C\u00f4ng Ty TNHH D\u1ea7u Nh\u1eddn T&amp;T Vi\u1ec7t Nam","article_modified_time":"2025-02-08T04:42:53+00:00","og_image":[{"width":750,"height":1000,"url":"https:\/\/tatco.vn\/wp-content\/uploads\/2022\/12\/Castrol-v5.png","type":"image\/png"}],"twitter_card":"summary_large_image","twitter_misc":{"\u01af\u1edbc t\u00ednh th\u1eddi gian \u0111\u1ecdc":"1 ph\u00fat"},"schema":{"@context":"https:\/\/schema.org","@graph":[{"@type":"WebPage","@id":"https:\/\/tatco.vn\/vi\/san-pham\/dau-may-khi-nen-castrol-aircol-299\/","url":"https:\/\/tatco.vn\/vi\/san-pham\/dau-may-khi-nen-castrol-aircol-299\/","name":"D\u1ea7u M\u00e1y Kh\u00ed N\u00e9n Castrol Aircol 299 - C\u00f4ng Ty TNHH D\u1ea7u Nh\u1eddn T&amp;T Vi\u1ec7t Nam","isPartOf":{"@id":"https:\/\/tatco.vn\/en\/#website"},"primaryImageOfPage":{"@id":"https:\/\/tatco.vn\/vi\/san-pham\/dau-may-khi-nen-castrol-aircol-299\/#primaryimage"},"image":{"@id":"https:\/\/tatco.vn\/vi\/san-pham\/dau-may-khi-nen-castrol-aircol-299\/#primaryimage"},"thumbnailUrl":"https:\/\/tatco.vn\/wp-content\/uploads\/2022\/12\/Castrol-v5.png","datePublished":"2025-02-05T04:06:16+00:00","dateModified":"2025-02-08T04:42:53+00:00","breadcrumb":{"@id":"https:\/\/tatco.vn\/vi\/san-pham\/dau-may-khi-nen-castrol-aircol-299\/#breadcrumb"},"inLanguage":"vi","potentialAction":[{"@type":"ReadAction","target":["https:\/\/tatco.vn\/vi\/san-pham\/dau-may-khi-nen-castrol-aircol-299\/"]}]},{"@type":"ImageObject","inLanguage":"vi","@id":"https:\/\/tatco.vn\/vi\/san-pham\/dau-may-khi-nen-castrol-aircol-299\/#primaryimage","url":"https:\/\/tatco.vn\/wp-content\/uploads\/2022\/12\/Castrol-v5.png","contentUrl":"https:\/\/tatco.vn\/wp-content\/uploads\/2022\/12\/Castrol-v5.png","width":750,"height":1000,"caption":"Castrol Perfecto HT 5"},{"@type":"BreadcrumbList","@id":"https:\/\/tatco.vn\/vi\/san-pham\/dau-may-khi-nen-castrol-aircol-299\/#breadcrumb","itemListElement":[{"@type":"ListItem","position":1,"name":"Home","item":"https:\/\/tatco.vn\/"},{"@type":"ListItem","position":2,"name":"C\u1eeda h\u00e0ng","item":"https:\/\/tatco.vn\/en\/mua\/"},{"@type":"ListItem","position":3,"name":"D\u1ea7u M\u00e1y Kh\u00ed N\u00e9n Castrol Aircol 299"}]},{"@type":"WebSite","@id":"https:\/\/tatco.vn\/en\/#website","url":"https:\/\/tatco.vn\/en\/","name":"C\u00f4ng Ty TNHH D\u1ea7u Nh\u1eddn T&amp;T Vi\u1ec7t Nam","description":"Right Point - Right Time - Best Solution","publisher":{"@id":"https:\/\/tatco.vn\/en\/#organization"},"potentialAction":[{"@type":"SearchAction","target":{"@type":"EntryPoint","urlTemplate":"https:\/\/tatco.vn\/en\/?s={search_term_string}"},"query-input":{"@type":"PropertyValueSpecification","valueRequired":true,"valueName":"search_term_string"}}],"inLanguage":"vi"},{"@type":"Organization","@id":"https:\/\/tatco.vn\/en\/#organization","name":"C\u00f4ng Ty TNHH D\u1ea7u Nh\u1eddn T&T Vi\u1ec7t Nam","url":"https:\/\/tatco.vn\/en\/","logo":{"@type":"ImageObject","inLanguage":"vi","@id":"https:\/\/tatco.vn\/en\/#\/schema\/logo\/image\/","url":"https:\/\/tatco.vn\/wp-content\/uploads\/2019\/05\/fav-ico.png","contentUrl":"https:\/\/tatco.vn\/wp-content\/uploads\/2019\/05\/fav-ico.png","width":200,"height":200,"caption":"C\u00f4ng Ty TNHH D\u1ea7u Nh\u1eddn T&T Vi\u1ec7t Nam"},"image":{"@id":"https:\/\/tatco.vn\/en\/#\/schema\/logo\/image\/"}}]}},"_links":{"self":[{"href":"https:\/\/tatco.vn\/vi\/wp-json\/wp\/v2\/product\/27804","targetHints":{"allow":["GET"]}}],"collection":[{"href":"https:\/\/tatco.vn\/vi\/wp-json\/wp\/v2\/product"}],"about":[{"href":"https:\/\/tatco.vn\/vi\/wp-json\/wp\/v2\/types\/product"}],"replies":[{"embeddable":true,"href":"https:\/\/tatco.vn\/vi\/wp-json\/wp\/v2\/comments?post=27804"}],"version-history":[{"count":0,"href":"https:\/\/tatco.vn\/vi\/wp-json\/wp\/v2\/product\/27804\/revisions"}],"wp:featuredmedia":[{"embeddable":true,"href":"https:\/\/tatco.vn\/vi\/wp-json\/wp\/v2\/media\/27593"}],"wp:attachment":[{"href":"https:\/\/tatco.vn\/vi\/wp-json\/wp\/v2\/media?parent=27804"}],"wp:term":[{"taxonomy":"product_cat","embeddable":true,"href":"https:\/\/tatco.vn\/vi\/wp-json\/wp\/v2\/product_cat?post=27804"},{"taxonomy":"product_tag","embeddable":true,"href":"https:\/\/tatco.vn\/vi\/wp-json\/wp\/v2\/product_tag?post=27804"}],"curies":[{"name":"wp","href":"https:\/\/api.w.org\/{rel}","templated":true}]}}