{"id":27802,"date":"2025-02-05T10:47:37","date_gmt":"2025-02-05T03:47:37","guid":{"rendered":"https:\/\/tatco.vn\/vi\/?post_type=product&#038;p=27802"},"modified":"2025-02-08T11:42:09","modified_gmt":"2025-02-08T04:42:09","slug":"dau-banh-rang-castrol-alphasyn-gs-320","status":"publish","type":"product","link":"https:\/\/tatco.vn\/vi\/san-pham\/dau-banh-rang-castrol-alphasyn-gs-320\/","title":{"rendered":"D\u1ea7u B\u00e1nh R\u0103ng Castrol ALPHASYN GS 320"},"content":{"rendered":"<p><strong>D\u1ea7u h\u1ed9p s\u1ed1 Castrol Alphasyn GS 320 &#8211; D\u1ea7u nh\u1eddn t\u1ed5ng h\u1ee3p cho hi\u1ec7u su\u1ea5t cao v\u00e0 b\u1ec1n b\u1ec9 .<\/strong><\/p>\n<p style=\"text-align: justify\"><strong>M\u00f4 t\u1ea3<\/strong>: Castrol Alphasyn GS l\u00e0 d\u1ea7u b\u00e1nh r\u0103ng t\u1ed5ng h\u1ee3p ho\u00e0n to\u00e0n d\u1ef1a tr\u00ean d\u1ea7u g\u1ed1c polyglycol \u0111\u01b0\u1ee3c ch\u1ecdn l\u1ecdc k\u1ef9 l\u01b0\u1ee1ng, c\u00f9ng v\u1edbi c\u00e1c ch\u1ea5t ph\u1ee5 gia ch\u1ed1ng \u00f4-xi h\u00f3a, ch\u1ed1ng r\u1ec9 v\u00e0 ch\u1ecbu c\u1ef1c \u00e1p v\u1edbi \u0111\u1ed9 b\u1ec1n nhi\u1ec7t cao. Alphasyn GS c\u00f3 c\u00e1c t\u00ednh ch\u1ea5t v\u01b0\u1ee3t tr\u1ed9i h\u01a1n so v\u1edbi d\u1ea7u b\u00e1nh r\u0103ng g\u1ed1c kho\u00e1ng, ph\u00f9 h\u1ee3p \u0111\u1ec3 b\u00f4i tr\u01a1n c\u00e1c b\u00e1nh r\u0103ng v\u00e0 \u1ed5 \u0111\u1ee1 \u1edf nhi\u1ec7t \u0111\u1ed9 cao, \u0111\u1eb7c bi\u1ec7t trong c\u00e1c m\u00e1y nghi\u1ec1n v\u00e0 m\u00e1y c\u00e1n l\u1edbn.<\/p>\n<p style=\"text-align: justify\"><strong>C\u00f4ng d\u1ee5ng<\/strong>: D\u1ea7u Alphasyn GS \u0111\u1eb7c bi\u1ec7t hi\u1ec7u qu\u1ea3 trong c\u00e1c v\u1eadn h\u00e0nh c\u1ee7a b\u00e1nh v\u00edt \u1edf t\u1ed1c \u0111\u1ed9 th\u1ea5p v\u00e0 m\u00f4-men cao, gi\u00fap gi\u1ea3m m\u00f2n r\u1ed7 v\u00e0 k\u00e9o d\u00e0i tu\u1ed5i th\u1ecd c\u1ee7a b\u00e1nh v\u00edt l\u00e0m b\u1eb1ng \u0111\u1ed3ng thi\u1ebfc. Alphasyn GS c\u0169ng gi\u00fap k\u00e9o d\u00e0i th\u1eddi gian s\u1eed d\u1ee5ng d\u1ea7u, v\u1edbi kh\u1ea3 n\u0103ng ch\u1ed1ng \u00f4-xi h\u00f3a cao \u1edf nhi\u1ec7t \u0111\u1ed9 v\u1eadn h\u00e0nh. M\u1ed9t s\u1ed1 nh\u00e0 s\u1ea3n xu\u1ea5t thi\u1ebft b\u1ecb th\u1eadm ch\u00ed c\u00f2n s\u1eed d\u1ee5ng Alphasyn GS cho su\u1ed1t tu\u1ed5i th\u1ecd c\u1ee7a thi\u1ebft b\u1ecb.<\/p>\n<p style=\"text-align: justify\"><strong>L\u1ee3i \u0111i\u1ec3m<\/strong>:<\/p>\n<ul>\n<li style=\"text-align: justify\">Gi\u1ea3m t\u1ed5n th\u1ea5t n\u0103ng l\u01b0\u1ee3ng do ma s\u00e1t, gi\u00fap ti\u1ebft ki\u1ec7m n\u0103ng l\u01b0\u1ee3ng v\u00e0 gi\u1ea3m nhi\u1ec7t \u0111\u1ed9 c\u1ee7a b\u1ec3 d\u1ea7u.<\/li>\n<li style=\"text-align: justify\">T\u00ednh b\u1ec1n nhi\u1ec7t cao, \u00edt t\u1ea1o c\u1eb7n b\u00f9n v\u00e0 c\u1eb7n r\u1eafn.<\/li>\n<li style=\"text-align: justify\">Kh\u1ea3 n\u0103ng ch\u1ecbu t\u1ea3i v\u00e0 ch\u1ed1ng m\u00e0i m\u00f2n cao h\u01a1n so v\u1edbi d\u1ea7u g\u1ed1c kho\u00e1ng th\u00f4ng th\u01b0\u1eddng.<\/li>\n<li style=\"text-align: justify\">Ch\u1ec9 s\u1ed1 \u0111\u1ed9 nh\u1edbt cao v\u00e0 \u0111i\u1ec3m r\u00f3t ch\u1ea3y th\u1ea5p, ph\u00f9 h\u1ee3p cho d\u1ea3i nhi\u1ec7t \u0111\u1ed9 l\u00e0m vi\u1ec7c r\u1ed9ng (t\u1eeb -30 \u0111\u1ebfn 150\u00b0C, nhi\u1ec7t \u0111\u1ed9 l\u00e0m vi\u1ec7c kh\u00f4ng th\u01b0\u1eddng xuy\u00ean l\u00ean \u0111\u1ebfn 220\u00b0C).<\/li>\n<\/ul>\n<p><strong>C\u00e1c \u0111\u1eb7c tr\u01b0ng ti\u00eau bi\u1ec3u<\/strong>:<\/p>\n<div>\n<div>\n<div class=\"table-responsive\">\n<table class=\"table table-striped\">\n<thead>\n<tr>\n<th>Thu\u1ed9c t\u00ednh<\/th>\n<th>Ph\u01b0\u01a1ng ph\u00e1p<\/th>\n<th>\u0110\u01a1n v\u1ecb<\/th>\n<th>GS 220<\/th>\n<th>GS 320<\/th>\n<th>GS 460<\/th>\n<th>GS 680<\/th>\n<\/tr>\n<\/thead>\n<tbody>\n<tr>\n<td>D\u1ea1ng ngo\u00e0i<\/td>\n<td>Quan s\u00e1t<\/td>\n<td><\/td>\n<td>Trong<\/td>\n<td>Trong<\/td>\n<td>Trong<\/td>\n<td>Trong<\/td>\n<\/tr>\n<tr>\n<td>Kh\u1ed1i l\u01b0\u1ee3ng ri\u00eang \u1edf 15\u00b0C<\/td>\n<td>ASTM D4052<\/td>\n<td>g\/ml<\/td>\n<td>1.02<\/td>\n<td>1.02<\/td>\n<td>1.02<\/td>\n<td>1.02<\/td>\n<\/tr>\n<tr>\n<td>\u0110\u1ed9 nh\u1edbt \u0111\u1ed9ng h\u1ecdc \u1edf 40\u00b0C<\/td>\n<td>DIN 51562-1<\/td>\n<td>mm\u00b2\/s<\/td>\n<td>223<\/td>\n<td>318<\/td>\n<td>448<\/td>\n<td>680<\/td>\n<\/tr>\n<tr>\n<td>\u0110\u1ed9 nh\u1edbt \u0111\u1ed9ng h\u1ecdc \u1edf 100\u00b0C<\/td>\n<td>DIN 51562-1<\/td>\n<td>mm\u00b2\/s<\/td>\n<td>36.3<\/td>\n<td>52.0<\/td>\n<td>72.7<\/td>\n<td>101<\/td>\n<\/tr>\n<tr>\n<td>Ch\u1ec9 s\u1ed1 \u0111\u1ed9 nh\u1edbt<\/td>\n<td>ASTM 2270<\/td>\n<td><\/td>\n<td>229<\/td>\n<td>242<\/td>\n<td>244<\/td>\n<td>244<\/td>\n<\/tr>\n<tr>\n<td>\u0110i\u1ec3m r\u00f3t ch\u1ea3y<\/td>\n<td>ISO 3016<\/td>\n<td>\u00b0C<\/td>\n<td>-45<\/td>\n<td>-42<\/td>\n<td>-39<\/td>\n<td>-36<\/td>\n<\/tr>\n<tr>\n<td>\u0110i\u1ec3m ch\u1edbp ch\u00e1y c\u1ed1c h\u1edf<\/td>\n<td>ASTM D92<\/td>\n<td>\u00b0C<\/td>\n<td>280<\/td>\n<td>280<\/td>\n<td>280<\/td>\n<td>290<\/td>\n<\/tr>\n<tr>\n<td>Th\u1eed r\u1ec9, Ph\u01b0\u01a1ng ph\u00e1p A<\/td>\n<td>ASTM D665A<\/td>\n<td><\/td>\n<td>\u0110\u1ea1t<\/td>\n<td>\u0110\u1ea1t<\/td>\n<td>\u0110\u1ea1t<\/td>\n<td>\u0110\u1ea1t<\/td>\n<\/tr>\n<tr>\n<td>\u0102n m\u00f2n \u0111\u1ed3ng<\/td>\n<td>ASTM D130<\/td>\n<td>1A<\/td>\n<td>1A<\/td>\n<td>1A<\/td>\n<td>1A<\/td>\n<\/tr>\n<tr>\n<td>Th\u1eed t\u1ea3i Timken<\/td>\n<td>ASTM D2782<\/td>\n<td>kg\/lb<\/td>\n<td>34\/75<\/td>\n<td>34\/75<\/td>\n<td>34\/75<\/td>\n<td>34\/75<\/td>\n<\/tr>\n<tr>\n<td>\u0110\u01b0\u1eddng k\u00ednh v\u1ebft m\u00f2n 4 bi (1gi\u1edd\/40kg)<\/td>\n<td>ASTM D2783<\/td>\n<td>mm<\/td>\n<td>0.40<\/td>\n<td>0.35<\/td>\n<td>0.35<\/td>\n<td>0.35<\/td>\n<\/tr>\n<tr>\n<td>Th\u1eed t\u1ea3i FZG, c\u1ea5p t\u1ea3i h\u1ecfng A\/8.3\/90<\/td>\n<td>ISO 14635-1<\/td>\n<td>FLS<\/td>\n<td>&gt;12<\/td>\n<td>&gt;12<\/td>\n<td>&gt;12<\/td>\n<td>&gt;12<\/td>\n<\/tr>\n<tr>\n<td>Th\u1eed t\u1ea3i FZG, c\u1ea5p t\u1ea3i h\u1ecfng A\/16.6\/90<\/td>\n<td>ISO 14635-1 (\u0111i\u1ec1u ch\u1ec9nh)<\/td>\n<td>FLS<\/td>\n<td>&gt;12<\/td>\n<td>&gt;12<\/td>\n<td>&gt;12<\/td>\n<td>&gt;12<\/td>\n<\/tr>\n<\/tbody>\n<\/table>\n<\/div>\n<div><\/div>\n<\/div>\n<\/div>\n<p><\/p>","protected":false},"excerpt":{"rendered":"<p><strong>Castrol Alphasyn GS 320<\/strong>\u00a0l\u00e0 d\u1ea7u b\u00e1nh r\u0103ng t\u1ed5ng h\u1ee3p ho\u00e0n to\u00e0n d\u1ef1a tr\u00ean d\u1ea7u g\u1ed1c polyglycol \u0111\u01b0\u1ee3c ch\u1ecdn l\u1ecdc k\u1ef9 l\u01b0\u1ee1ng, c\u00f9ng v\u1edbi c\u00e1c ch\u1ea5t ph\u1ee5 gia ch\u1ed1ng \u00f4-xi h\u00f3a, ch\u1ed1ng r\u1ec9 v\u00e0 ch\u1ecbu c\u1ef1c \u00e1p v\u1edbi \u0111\u1ed9 b\u1ec1n nhi\u1ec7t cao. Alphasyn GS c\u00f3 c\u00e1c t\u00ednh ch\u1ea5t v\u01b0\u1ee3t tr\u1ed9i h\u01a1n so v\u1edbi d\u1ea7u b\u00e1nh r\u0103ng g\u1ed1c kho\u00e1ng, ph\u00f9 h\u1ee3p \u0111\u1ec3 b\u00f4i tr\u01a1n c\u00e1c b\u00e1nh r\u0103ng v\u00e0 \u1ed5 \u0111\u1ee1 \u1edf nhi\u1ec7t \u0111\u1ed9 cao, \u0111\u1eb7c bi\u1ec7t trong c\u00e1c m\u00e1y nghi\u1ec1n v\u00e0 m\u00e1y c\u00e1n l\u1edbn.<\/p>\n","protected":false},"featured_media":27593,"comment_status":"closed","ping_status":"closed","template":"","meta":[],"product_cat":[781,990,776,760],"product_tag":[899,886,891,892,889,890,903,902,901,893,900,898,887,885],"class_list":{"0":"post-27802","1":"product","2":"type-product","3":"status-publish","4":"has-post-thumbnail","6":"product_brand-castrol","7":"product_cat-dau-banh-rang-castrol","8":"product_cat-dau-banh-rang-castrol-alphasyn-gs","9":"product_cat-dau-cong-nghiep-castrol","10":"product_cat-dau-nhot-castrol","11":"product_tag-castrol-alphasyn-gs","12":"product_tag-dau-banh-rang-castrol","13":"product_tag-dau-banh-rang-chiu-tai-cao","14":"product_tag-dau-banh-rang-chong-mon-ro","15":"product_tag-dau-banh-rang-chong-o-xi-hoa","16":"product_tag-dau-banh-rang-chong-ri","17":"product_tag-dau-banh-rang-keo-dai-tuoi-tho","18":"product_tag-dau-banh-rang-may-can-lon","19":"product_tag-dau-banh-rang-may-nghien","20":"product_tag-dau-banh-rang-nhiet-do-cao","21":"product_tag-dau-banh-rang-polyglycol","22":"product_tag-dau-banh-rang-tiet-kiem-nang-luong","23":"product_tag-dau-banh-rang-tong-hop","24":"product_tag-dau-nhon-tong-hop-castrol","26":"first","27":"instock","28":"shipping-taxable","29":"product-type-simple"},"yoast_head":"<!-- This site is optimized with the Yoast SEO plugin v27.2 - https:\/\/yoast.com\/product\/yoast-seo-wordpress\/ -->\n<title>D\u1ea7u B\u00e1nh R\u0103ng Castrol ALPHASYN GS 320 - C\u00f4ng Ty TNHH D\u1ea7u Nh\u1eddn T&amp;T Vi\u1ec7t Nam<\/title>\n<meta name=\"robots\" content=\"index, follow, max-snippet:-1, max-image-preview:large, max-video-preview:-1\" \/>\n<link rel=\"canonical\" href=\"https:\/\/tatco.vn\/vi\/san-pham\/dau-banh-rang-castrol-alphasyn-gs-320\/\" \/>\n<meta property=\"og:locale\" content=\"vi_VN\" \/>\n<meta property=\"og:type\" content=\"article\" \/>\n<meta property=\"og:title\" content=\"D\u1ea7u B\u00e1nh R\u0103ng Castrol ALPHASYN GS 320 - C\u00f4ng Ty TNHH D\u1ea7u Nh\u1eddn T&amp;T Vi\u1ec7t Nam\" \/>\n<meta property=\"og:url\" content=\"https:\/\/tatco.vn\/vi\/san-pham\/dau-banh-rang-castrol-alphasyn-gs-320\/\" \/>\n<meta property=\"og:site_name\" content=\"C\u00f4ng Ty TNHH D\u1ea7u Nh\u1eddn T&amp;T Vi\u1ec7t Nam\" \/>\n<meta property=\"article:modified_time\" content=\"2025-02-08T04:42:09+00:00\" \/>\n<meta property=\"og:image\" content=\"https:\/\/tatco.vn\/wp-content\/uploads\/2022\/12\/Castrol-v5.png\" \/>\n\t<meta property=\"og:image:width\" content=\"750\" \/>\n\t<meta property=\"og:image:height\" content=\"1000\" \/>\n\t<meta property=\"og:image:type\" content=\"image\/png\" \/>\n<meta name=\"twitter:card\" content=\"summary_large_image\" \/>\n<meta name=\"twitter:label1\" content=\"\u01af\u1edbc t\u00ednh th\u1eddi gian \u0111\u1ecdc\" \/>\n\t<meta name=\"twitter:data1\" content=\"2 ph\u00fat\" \/>\n<script type=\"application\/ld+json\" class=\"yoast-schema-graph\">{\"@context\":\"https:\/\/schema.org\",\"@graph\":[{\"@type\":\"WebPage\",\"@id\":\"https:\/\/tatco.vn\/vi\/san-pham\/dau-banh-rang-castrol-alphasyn-gs-320\/\",\"url\":\"https:\/\/tatco.vn\/vi\/san-pham\/dau-banh-rang-castrol-alphasyn-gs-320\/\",\"name\":\"D\u1ea7u B\u00e1nh R\u0103ng Castrol ALPHASYN GS 320 - C\u00f4ng Ty TNHH D\u1ea7u Nh\u1eddn T&amp;T Vi\u1ec7t Nam\",\"isPartOf\":{\"@id\":\"https:\/\/tatco.vn\/en\/#website\"},\"primaryImageOfPage\":{\"@id\":\"https:\/\/tatco.vn\/vi\/san-pham\/dau-banh-rang-castrol-alphasyn-gs-320\/#primaryimage\"},\"image\":{\"@id\":\"https:\/\/tatco.vn\/vi\/san-pham\/dau-banh-rang-castrol-alphasyn-gs-320\/#primaryimage\"},\"thumbnailUrl\":\"https:\/\/tatco.vn\/wp-content\/uploads\/2022\/12\/Castrol-v5.png\",\"datePublished\":\"2025-02-05T03:47:37+00:00\",\"dateModified\":\"2025-02-08T04:42:09+00:00\",\"breadcrumb\":{\"@id\":\"https:\/\/tatco.vn\/vi\/san-pham\/dau-banh-rang-castrol-alphasyn-gs-320\/#breadcrumb\"},\"inLanguage\":\"vi\",\"potentialAction\":[{\"@type\":\"ReadAction\",\"target\":[\"https:\/\/tatco.vn\/vi\/san-pham\/dau-banh-rang-castrol-alphasyn-gs-320\/\"]}]},{\"@type\":\"ImageObject\",\"inLanguage\":\"vi\",\"@id\":\"https:\/\/tatco.vn\/vi\/san-pham\/dau-banh-rang-castrol-alphasyn-gs-320\/#primaryimage\",\"url\":\"https:\/\/tatco.vn\/wp-content\/uploads\/2022\/12\/Castrol-v5.png\",\"contentUrl\":\"https:\/\/tatco.vn\/wp-content\/uploads\/2022\/12\/Castrol-v5.png\",\"width\":750,\"height\":1000,\"caption\":\"Castrol Perfecto HT 5\"},{\"@type\":\"BreadcrumbList\",\"@id\":\"https:\/\/tatco.vn\/vi\/san-pham\/dau-banh-rang-castrol-alphasyn-gs-320\/#breadcrumb\",\"itemListElement\":[{\"@type\":\"ListItem\",\"position\":1,\"name\":\"Home\",\"item\":\"https:\/\/tatco.vn\/\"},{\"@type\":\"ListItem\",\"position\":2,\"name\":\"C\u1eeda h\u00e0ng\",\"item\":\"https:\/\/tatco.vn\/en\/mua\/\"},{\"@type\":\"ListItem\",\"position\":3,\"name\":\"D\u1ea7u B\u00e1nh R\u0103ng Castrol ALPHASYN GS 320\"}]},{\"@type\":\"WebSite\",\"@id\":\"https:\/\/tatco.vn\/en\/#website\",\"url\":\"https:\/\/tatco.vn\/en\/\",\"name\":\"C\u00f4ng Ty TNHH D\u1ea7u Nh\u1eddn T&amp;T Vi\u1ec7t Nam\",\"description\":\"Right Point - Right Time - Best Solution\",\"publisher\":{\"@id\":\"https:\/\/tatco.vn\/en\/#organization\"},\"potentialAction\":[{\"@type\":\"SearchAction\",\"target\":{\"@type\":\"EntryPoint\",\"urlTemplate\":\"https:\/\/tatco.vn\/en\/?s={search_term_string}\"},\"query-input\":{\"@type\":\"PropertyValueSpecification\",\"valueRequired\":true,\"valueName\":\"search_term_string\"}}],\"inLanguage\":\"vi\"},{\"@type\":\"Organization\",\"@id\":\"https:\/\/tatco.vn\/en\/#organization\",\"name\":\"C\u00f4ng Ty TNHH D\u1ea7u Nh\u1eddn T&T Vi\u1ec7t Nam\",\"url\":\"https:\/\/tatco.vn\/en\/\",\"logo\":{\"@type\":\"ImageObject\",\"inLanguage\":\"vi\",\"@id\":\"https:\/\/tatco.vn\/en\/#\/schema\/logo\/image\/\",\"url\":\"https:\/\/tatco.vn\/wp-content\/uploads\/2019\/05\/fav-ico.png\",\"contentUrl\":\"https:\/\/tatco.vn\/wp-content\/uploads\/2019\/05\/fav-ico.png\",\"width\":200,\"height\":200,\"caption\":\"C\u00f4ng Ty TNHH D\u1ea7u Nh\u1eddn T&T Vi\u1ec7t Nam\"},\"image\":{\"@id\":\"https:\/\/tatco.vn\/en\/#\/schema\/logo\/image\/\"}}]}<\/script>\n<!-- \/ Yoast SEO plugin. -->","yoast_head_json":{"title":"D\u1ea7u B\u00e1nh R\u0103ng Castrol ALPHASYN GS 320 - C\u00f4ng Ty TNHH D\u1ea7u Nh\u1eddn T&amp;T Vi\u1ec7t Nam","robots":{"index":"index","follow":"follow","max-snippet":"max-snippet:-1","max-image-preview":"max-image-preview:large","max-video-preview":"max-video-preview:-1"},"canonical":"https:\/\/tatco.vn\/vi\/san-pham\/dau-banh-rang-castrol-alphasyn-gs-320\/","og_locale":"vi_VN","og_type":"article","og_title":"D\u1ea7u B\u00e1nh R\u0103ng Castrol ALPHASYN GS 320 - C\u00f4ng Ty TNHH D\u1ea7u Nh\u1eddn T&amp;T Vi\u1ec7t Nam","og_url":"https:\/\/tatco.vn\/vi\/san-pham\/dau-banh-rang-castrol-alphasyn-gs-320\/","og_site_name":"C\u00f4ng Ty TNHH D\u1ea7u Nh\u1eddn T&amp;T Vi\u1ec7t Nam","article_modified_time":"2025-02-08T04:42:09+00:00","og_image":[{"width":750,"height":1000,"url":"https:\/\/tatco.vn\/wp-content\/uploads\/2022\/12\/Castrol-v5.png","type":"image\/png"}],"twitter_card":"summary_large_image","twitter_misc":{"\u01af\u1edbc t\u00ednh th\u1eddi gian \u0111\u1ecdc":"2 ph\u00fat"},"schema":{"@context":"https:\/\/schema.org","@graph":[{"@type":"WebPage","@id":"https:\/\/tatco.vn\/vi\/san-pham\/dau-banh-rang-castrol-alphasyn-gs-320\/","url":"https:\/\/tatco.vn\/vi\/san-pham\/dau-banh-rang-castrol-alphasyn-gs-320\/","name":"D\u1ea7u B\u00e1nh R\u0103ng Castrol ALPHASYN GS 320 - C\u00f4ng Ty TNHH D\u1ea7u Nh\u1eddn T&amp;T Vi\u1ec7t Nam","isPartOf":{"@id":"https:\/\/tatco.vn\/en\/#website"},"primaryImageOfPage":{"@id":"https:\/\/tatco.vn\/vi\/san-pham\/dau-banh-rang-castrol-alphasyn-gs-320\/#primaryimage"},"image":{"@id":"https:\/\/tatco.vn\/vi\/san-pham\/dau-banh-rang-castrol-alphasyn-gs-320\/#primaryimage"},"thumbnailUrl":"https:\/\/tatco.vn\/wp-content\/uploads\/2022\/12\/Castrol-v5.png","datePublished":"2025-02-05T03:47:37+00:00","dateModified":"2025-02-08T04:42:09+00:00","breadcrumb":{"@id":"https:\/\/tatco.vn\/vi\/san-pham\/dau-banh-rang-castrol-alphasyn-gs-320\/#breadcrumb"},"inLanguage":"vi","potentialAction":[{"@type":"ReadAction","target":["https:\/\/tatco.vn\/vi\/san-pham\/dau-banh-rang-castrol-alphasyn-gs-320\/"]}]},{"@type":"ImageObject","inLanguage":"vi","@id":"https:\/\/tatco.vn\/vi\/san-pham\/dau-banh-rang-castrol-alphasyn-gs-320\/#primaryimage","url":"https:\/\/tatco.vn\/wp-content\/uploads\/2022\/12\/Castrol-v5.png","contentUrl":"https:\/\/tatco.vn\/wp-content\/uploads\/2022\/12\/Castrol-v5.png","width":750,"height":1000,"caption":"Castrol Perfecto HT 5"},{"@type":"BreadcrumbList","@id":"https:\/\/tatco.vn\/vi\/san-pham\/dau-banh-rang-castrol-alphasyn-gs-320\/#breadcrumb","itemListElement":[{"@type":"ListItem","position":1,"name":"Home","item":"https:\/\/tatco.vn\/"},{"@type":"ListItem","position":2,"name":"C\u1eeda h\u00e0ng","item":"https:\/\/tatco.vn\/en\/mua\/"},{"@type":"ListItem","position":3,"name":"D\u1ea7u B\u00e1nh R\u0103ng Castrol ALPHASYN GS 320"}]},{"@type":"WebSite","@id":"https:\/\/tatco.vn\/en\/#website","url":"https:\/\/tatco.vn\/en\/","name":"C\u00f4ng Ty TNHH D\u1ea7u Nh\u1eddn T&amp;T Vi\u1ec7t Nam","description":"Right Point - Right Time - Best Solution","publisher":{"@id":"https:\/\/tatco.vn\/en\/#organization"},"potentialAction":[{"@type":"SearchAction","target":{"@type":"EntryPoint","urlTemplate":"https:\/\/tatco.vn\/en\/?s={search_term_string}"},"query-input":{"@type":"PropertyValueSpecification","valueRequired":true,"valueName":"search_term_string"}}],"inLanguage":"vi"},{"@type":"Organization","@id":"https:\/\/tatco.vn\/en\/#organization","name":"C\u00f4ng Ty TNHH D\u1ea7u Nh\u1eddn T&T Vi\u1ec7t Nam","url":"https:\/\/tatco.vn\/en\/","logo":{"@type":"ImageObject","inLanguage":"vi","@id":"https:\/\/tatco.vn\/en\/#\/schema\/logo\/image\/","url":"https:\/\/tatco.vn\/wp-content\/uploads\/2019\/05\/fav-ico.png","contentUrl":"https:\/\/tatco.vn\/wp-content\/uploads\/2019\/05\/fav-ico.png","width":200,"height":200,"caption":"C\u00f4ng Ty TNHH D\u1ea7u Nh\u1eddn T&T Vi\u1ec7t Nam"},"image":{"@id":"https:\/\/tatco.vn\/en\/#\/schema\/logo\/image\/"}}]}},"_links":{"self":[{"href":"https:\/\/tatco.vn\/vi\/wp-json\/wp\/v2\/product\/27802","targetHints":{"allow":["GET"]}}],"collection":[{"href":"https:\/\/tatco.vn\/vi\/wp-json\/wp\/v2\/product"}],"about":[{"href":"https:\/\/tatco.vn\/vi\/wp-json\/wp\/v2\/types\/product"}],"replies":[{"embeddable":true,"href":"https:\/\/tatco.vn\/vi\/wp-json\/wp\/v2\/comments?post=27802"}],"version-history":[{"count":0,"href":"https:\/\/tatco.vn\/vi\/wp-json\/wp\/v2\/product\/27802\/revisions"}],"wp:featuredmedia":[{"embeddable":true,"href":"https:\/\/tatco.vn\/vi\/wp-json\/wp\/v2\/media\/27593"}],"wp:attachment":[{"href":"https:\/\/tatco.vn\/vi\/wp-json\/wp\/v2\/media?parent=27802"}],"wp:term":[{"taxonomy":"product_cat","embeddable":true,"href":"https:\/\/tatco.vn\/vi\/wp-json\/wp\/v2\/product_cat?post=27802"},{"taxonomy":"product_tag","embeddable":true,"href":"https:\/\/tatco.vn\/vi\/wp-json\/wp\/v2\/product_tag?post=27802"}],"curies":[{"name":"wp","href":"https:\/\/api.w.org\/{rel}","templated":true}]}}