{"id":27784,"date":"2025-02-05T10:25:42","date_gmt":"2025-02-05T03:25:42","guid":{"rendered":"https:\/\/tatco.vn\/vi\/?post_type=product&#038;p=27784"},"modified":"2025-02-08T11:37:49","modified_gmt":"2025-02-08T04:37:49","slug":"dau-banh-rang-castrol-alphasyn-ep-220","status":"publish","type":"product","link":"https:\/\/tatco.vn\/vi\/san-pham\/dau-banh-rang-castrol-alphasyn-ep-220\/","title":{"rendered":"D\u1ea7u B\u00e1nh R\u0103ng Castrol ALPHASYN EP 220"},"content":{"rendered":"<p><strong>D\u1ea7u h\u1ed9p s\u1ed1 Castrol Alphasyn EP 220 &#8211; D\u1ea7u nh\u1eddn t\u1ed5ng h\u1ee3p cho \u00e1p l\u1ef1c c\u1ef1c \u0111\u1ea1i v\u00e0 \u1ed5n \u0111\u1ecbnh nhi\u1ec7t<\/strong><\/p>\n<p style=\"text-align: justify\"><strong>M\u00f4 t\u1ea3<\/strong>: D\u00f2ng d\u1ea7u h\u1ed9p s\u1ed1 Castrol Alphasyn EP l\u00e0 d\u1ea7u nh\u1eddn t\u1ed5ng h\u1ee3p ch\u1ea5t l\u01b0\u1ee3ng cao d\u1ef1a tr\u00ean ch\u1ea5t l\u1ecfng polyalpha-olefin (PAO) v\u00e0 c\u00f4ng ngh\u1ec7 ph\u1ee5 gia Extreme Pressure (EP) sulfur\/phosphorus. C\u00e1c lo\u1ea1i d\u1ea7u t\u1ed5ng h\u1ee3p n\u00e0y cung c\u1ea5p s\u1ef1 \u1ed5n \u0111\u1ecbnh nhi\u1ec7t v\u01b0\u1ee3t tr\u1ed9i v\u00e0 kh\u1ea3 n\u0103ng ch\u1ecbu t\u1ea3i cao. D\u00f2ng s\u1ea3n ph\u1ea9m Alphasyn EP \u0111\u01b0\u1ee3c pha ch\u1ebf \u0111\u1ec3 s\u1eed d\u1ee5ng trong t\u1ea5t c\u1ea3 c\u00e1c lo\u1ea1i h\u1ed9p s\u1ed1 k\u00edn, bao g\u1ed3m c\u1ea3 c\u00e1c b\u00e1nh r\u0103ng v\u00e0 v\u00f2ng bi t\u1ea3i n\u1eb7ng ho\u1eb7c s\u1ed1c t\u1ea3i y\u00eau c\u1ea7u t\u00ednh ch\u1ea5t EP. Ch\u00fang ph\u00f9 h\u1ee3p cho h\u1ed9p s\u1ed1 c\u1ea7n kh\u1ea3 n\u0103ng ch\u1ed1ng vi m\u00f4 v\u00e0 cho nhi\u1ec1u \u1ee9ng d\u1ee5ng trong m\u00f4i tr\u01b0\u1eddng kh\u1eafc nghi\u1ec7t. S\u1eed d\u1ee5ng d\u1ea7u g\u1ed1c PAO cung c\u1ea5p ch\u1ec9 s\u1ed1 \u0111\u1ed9 nh\u1edbt cao (VI) v\u00e0 \u0111i\u1ec3m \u0111\u00f4ng th\u1ea5p, l\u00e0m cho c\u00e1c s\u1ea3n ph\u1ea9m n\u00e0y l\u00fd t\u01b0\u1edfng cho ph\u1ea1m vi nhi\u1ec7t \u0111\u1ed9 r\u1ed9ng. D\u00f2ng s\u1ea3n ph\u1ea9m Alphasyn EP ho\u00e0n to\u00e0n t\u01b0\u01a1ng th\u00edch v\u1edbi c\u00e1c v\u1eadt li\u1ec7u ph\u1edbt nitrile, silicone v\u00e0 fluropolymer.<\/p>\n<p style=\"text-align: justify\"><strong>\u1ee8ng d\u1ee5ng<\/strong>: Ph\u00f9 h\u1ee3p cho c\u00e1c h\u1ed9p s\u1ed1 t\u1ea3i n\u1eb7ng ph\u1ea3i ch\u1ecbu nhi\u1ec7t \u0111\u1ed9 c\u1ef1c \u0111oan, h\u1ed9p s\u1ed1 k\u00e9o tr\u00ean c\u00e1c thi\u1ebft b\u1ecb khoan d\u1ea7u ngo\u00e0i kh\u01a1i di \u0111\u1ed9ng v\u00e0 c\u00e1c \u0111\u1ecba \u0111i\u1ec3m tr\u00ean \u0111\u1ea5t li\u1ec1n, c\u0169ng nh\u01b0 c\u00e1c \u1ed5 d\u1eabn tr\u00ean c\u00e1c thi\u1ebft b\u1ecb khoan d\u1ea7u ngo\u00e0i kh\u01a1i di \u0111\u1ed9ng v\u00e0 c\u00e1c \u0111\u1ecba \u0111i\u1ec3m tr\u00ean \u0111\u1ea5t li\u1ec1n.<\/p>\n<p style=\"text-align: justify\"><strong>T\u00ecnh tr\u1ea1ng ph\u00ea duy\u1ec7t<\/strong>: Alphasyn EP \u0111\u01b0\u1ee3c ph\u00e2n lo\u1ea1i l\u00e0 CLP theo ph\u00e2n lo\u1ea1i DIN. C\u00e1c lo\u1ea1i EP \u0111\u00e1p \u1ee9ng c\u00e1c y\u00eau c\u1ea7u c\u1ee7a:<\/p>\n<ul style=\"text-align: justify\">\n<li>DIN 51517<\/li>\n<li>AGMA 9005-D94<\/li>\n<li>US Steel 224<\/li>\n<li>David Brown Type E<\/li>\n<li>Hansen Transmissions<\/li>\n<li>Flender<\/li>\n<li>Lohmann &amp; Stofferfoht<\/li>\n<\/ul>\n<p style=\"text-align: justify\"><strong>T\u00ednh n\u0103ng v\u00e0 l\u1ee3i \u00edch<\/strong>:<\/p>\n<ul style=\"text-align: justify\">\n<li>Hi\u1ec7u su\u1ea5t EP \u0111\u1ea7y \u0111\u1ee7 \u0111\u1ec3 b\u1ea3o v\u1ec7 t\u1ed1i \u0111a ch\u1ed1ng l\u1ea1i s\u1ef1 m\u00e0i m\u00f2n v\u00e0 s\u1ed1c t\u1ea3i, bao g\u1ed3m c\u1ea3 kh\u1ea3 n\u0103ng ch\u1ed1ng vi m\u00f4.<\/li>\n<li>S\u1ef1 \u1ed5n \u0111\u1ecbnh nhi\u1ec7t v\u00e0 oxy h\u00f3a tuy\u1ec7t v\u1eddi cho ho\u1ea1t \u0111\u1ed9ng \u0111\u00e1ng tin c\u1eady v\u00e0 tu\u1ed5i th\u1ecd k\u00e9o d\u00e0i so v\u1edbi c\u00e1c s\u1ea3n ph\u1ea9m d\u1ea7u kho\u00e1ng.<\/li>\n<li>Ch\u1ec9 s\u1ed1 \u0111\u1ed9 nh\u1edbt cao ph\u00f9 h\u1ee3p cho c\u00e1c ho\u1ea1t \u0111\u1ed9ng trong ph\u1ea1m vi nhi\u1ec7t \u0111\u1ed9 r\u1ed9ng.<\/li>\n<li>Ph\u00e1t h\u00e0nh kh\u00f4ng kh\u00ed nhanh ch\u00f3ng v\u00e0 hi\u1ec7u su\u1ea5t t\u1ed1t trong b\u00e0i ki\u1ec3m tra b\u1ecdt Flender \u0111\u1ec3 ng\u0103n ng\u1eeba t\u1ea1o b\u1ecdt v\u00e0 h\u1ecfng h\u00f3c v\u00f2ng bi.<\/li>\n<li>T\u01b0\u01a1ng th\u00edch t\u1ed1t v\u1edbi c\u00e1c v\u1eadt li\u1ec7u ph\u1edbt, s\u01a1n v\u00e0 d\u1ea7u kho\u00e1ng d\u1ef1a tr\u00ean c\u00f4ng th\u1ee9c PAO.<\/li>\n<li>\u0110\u1ed9 \u1ed5n \u0111\u1ecbnh nhi\u1ec7t v\u00e0 kh\u1ea3 n\u0103ng ch\u1ed1ng oxy h\u00f3a tuy\u1ec7t v\u1eddi.<\/li>\n<\/ul>\n<p style=\"text-align: justify\"><strong>D\u1eef li\u1ec7u k\u1ef9 thu\u1eadt<\/strong>:<\/p>\n<div>\n<div>\n<div class=\"table-responsive\">\n<table class=\"table table-striped\">\n<thead>\n<tr>\n<th>Thu\u1ed9c t\u00ednh<\/th>\n<th>Ph\u01b0\u01a1ng ph\u00e1p<\/th>\n<th>\u0110\u01a1n v\u1ecb<\/th>\n<th>Alphasyn EP 150<\/th>\n<th>Alphasyn EP 220<\/th>\n<th>Alphasyn EP 320<\/th>\n<th>Alphasyn EP 460<\/th>\n<\/tr>\n<\/thead>\n<tbody>\n<tr>\n<td>\u0110\u1ed9 nh\u1edbt, \u0111\u1ed9ng h\u1ecdc (40\u00b0C)<\/td>\n<td>ASTM D445<\/td>\n<td>mm\u00b2\/s<\/td>\n<td>150<\/td>\n<td>220<\/td>\n<td>320<\/td>\n<td>460<\/td>\n<\/tr>\n<tr>\n<td>\u0110\u1ed9 nh\u1edbt, \u0111\u1ed9ng h\u1ecdc (100\u00b0C)<\/td>\n<td>ASTM D445<\/td>\n<td>mm\u00b2\/s<\/td>\n<td>18<\/td>\n<td>25<\/td>\n<td>33<\/td>\n<td>45<\/td>\n<\/tr>\n<tr>\n<td>Ch\u1ec9 s\u1ed1 \u0111\u1ed9 nh\u1edbt<\/td>\n<td>ASTM D2270<\/td>\n<td><\/td>\n<td>140<\/td>\n<td>140<\/td>\n<td>140<\/td>\n<td>140<\/td>\n<\/tr>\n<tr>\n<td>\u0110i\u1ec3m \u0111\u00f4ng<\/td>\n<td>ASTM D97<\/td>\n<td>\u00b0C<\/td>\n<td>-48<\/td>\n<td>-42<\/td>\n<td>-36<\/td>\n<td>-36<\/td>\n<\/tr>\n<tr>\n<td>\u0110i\u1ec3m ch\u1edbp ch\u00e1y<\/td>\n<td>ASTM D92<\/td>\n<td>\u00b0C<\/td>\n<td>220<\/td>\n<td>220<\/td>\n<td>230<\/td>\n<td>230<\/td>\n<\/tr>\n<tr>\n<td>Kh\u1ea3 n\u0103ng t\u1ea1o b\u1ecdt \/ \u1ed5n \u0111\u1ecbnh<\/td>\n<td>ASTM D892<\/td>\n<td>mls \/ mls<\/td>\n<td>0\/0<\/td>\n<td>0\/0<\/td>\n<td>0\/0<\/td>\n<td>10\/0<\/td>\n<\/tr>\n<tr>\n<td>Kh\u1ea3 n\u0103ng ch\u1ed1ng g\u1ec9, n\u01b0\u1edbc bi\u1ec3n<\/td>\n<td>ASTM D665A<\/td>\n<td><\/td>\n<td>\u0110\u1ea1t<\/td>\n<td>\u0110\u1ea1t<\/td>\n<td>\u0110\u1ea1t<\/td>\n<td>\u0110\u1ea1t<\/td>\n<\/tr>\n<tr>\n<td>T\u1ea3i OK Timken<\/td>\n<td>ASTM D2782<\/td>\n<td>Ibs<\/td>\n<td><\/td>\n<td>85<\/td>\n<td>90<\/td>\n<td>&gt;90<\/td>\n<\/tr>\n<tr>\n<td>Th\u1eed nghi\u1ec7m b\u00e1nh r\u0103ng FZG (A\/16.6\/90)<\/td>\n<td>DIN 51354<\/td>\n<td>FLS<\/td>\n<td>&gt;12<\/td>\n<td>&gt;12<\/td>\n<td>&gt;12<\/td>\n<td>&gt;12<\/td>\n<\/tr>\n<tr>\n<td>Th\u1eed nghi\u1ec7m b\u00e1nh r\u0103ng FZG (A\/8.3\/90)<\/td>\n<td>DIN 51354<\/td>\n<td>FLS<\/td>\n<td>&gt;12<\/td>\n<td>&gt;12<\/td>\n<td>&gt;14<\/td>\n<td>&gt;14<\/td>\n<\/tr>\n<\/tbody>\n<\/table>\n<\/div>\n<div><\/div>\n<\/div>\n<\/div>\n<p><\/p>","protected":false},"excerpt":{"rendered":"<p>D\u00f2ng d\u1ea7u h\u1ed9p s\u1ed1 <strong>Castrol Alphasyn EP 220 <\/strong>\u00a0l\u00e0 d\u1ea7u nh\u1eddn t\u1ed5ng h\u1ee3p ch\u1ea5t l\u01b0\u1ee3ng cao d\u1ef1a tr\u00ean ch\u1ea5t l\u1ecfng polyalpha-olefin (PAO) v\u00e0 c\u00f4ng ngh\u1ec7 ph\u1ee5 gia Extreme Pressure (EP) sulfur\/phosphorus. C\u00e1c lo\u1ea1i d\u1ea7u t\u1ed5ng h\u1ee3p n\u00e0y cung c\u1ea5p s\u1ef1 \u1ed5n \u0111\u1ecbnh nhi\u1ec7t v\u01b0\u1ee3t tr\u1ed9i v\u00e0 kh\u1ea3 n\u0103ng ch\u1ecbu t\u1ea3i cao. D\u00f2ng s\u1ea3n ph\u1ea9m Alphasyn EP \u0111\u01b0\u1ee3c pha ch\u1ebf \u0111\u1ec3 s\u1eed d\u1ee5ng trong t\u1ea5t c\u1ea3 c\u00e1c lo\u1ea1i h\u1ed9p s\u1ed1 k\u00edn, bao g\u1ed3m c\u1ea3 c\u00e1c b\u00e1nh r\u0103ng v\u00e0 v\u00f2ng bi t\u1ea3i n\u1eb7ng ho\u1eb7c s\u1ed1c t\u1ea3i y\u00eau c\u1ea7u t\u00ednh ch\u1ea5t EP. Ch\u00fang ph\u00f9 h\u1ee3p cho h\u1ed9p s\u1ed1 c\u1ea7n kh\u1ea3 n\u0103ng ch\u1ed1ng vi m\u00f4 v\u00e0 cho nhi\u1ec1u \u1ee9ng d\u1ee5ng trong m\u00f4i tr\u01b0\u1eddng kh\u1eafc nghi\u1ec7t. S\u1eed d\u1ee5ng d\u1ea7u g\u1ed1c PAO cung c\u1ea5p ch\u1ec9 s\u1ed1 \u0111\u1ed9 nh\u1edbt cao (VI) v\u00e0 \u0111i\u1ec3m \u0111\u00f4ng th\u1ea5p, l\u00e0m cho c\u00e1c s\u1ea3n ph\u1ea9m n\u00e0y l\u00fd t\u01b0\u1edfng cho ph\u1ea1m vi nhi\u1ec7t \u0111\u1ed9 r\u1ed9ng. D\u00f2ng s\u1ea3n ph\u1ea9m Alphasyn EP ho\u00e0n to\u00e0n t\u01b0\u01a1ng th\u00edch v\u1edbi c\u00e1c v\u1eadt li\u1ec7u ph\u1edbt nitrile, silicone v\u00e0 fluropolymer.<\/p>\n","protected":false},"featured_media":27593,"comment_status":"closed","ping_status":"closed","template":"","meta":[],"product_cat":[781,989,776,760],"product_tag":[884,886,891,892,889,890,894,893,888,896,897,898,887,895,885],"class_list":{"0":"post-27784","1":"product","2":"type-product","3":"status-publish","4":"has-post-thumbnail","6":"product_brand-castrol","7":"product_cat-dau-banh-rang-castrol","8":"product_cat-dau-banh-rang-castrol-alphasyn-ep","9":"product_cat-dau-cong-nghiep-castrol","10":"product_cat-dau-nhot-castrol","11":"product_tag-castrol-alphasyn-ep","12":"product_tag-dau-banh-rang-castrol","13":"product_tag-dau-banh-rang-chiu-tai-cao","14":"product_tag-dau-banh-rang-chong-mon-ro","15":"product_tag-dau-banh-rang-chong-o-xi-hoa","16":"product_tag-dau-banh-rang-chong-ri","17":"product_tag-dau-banh-rang-khai-thac-mo","18":"product_tag-dau-banh-rang-nhiet-do-cao","19":"product_tag-dau-banh-rang-pao","20":"product_tag-dau-banh-rang-san-xuat-giay","21":"product_tag-dau-banh-rang-thoi-gian-su-dung-dai","22":"product_tag-dau-banh-rang-tiet-kiem-nang-luong","23":"product_tag-dau-banh-rang-tong-hop","24":"product_tag-dau-banh-rang-xay-dung","25":"product_tag-dau-nhon-tong-hop-castrol","27":"first","28":"instock","29":"shipping-taxable","30":"product-type-simple"},"yoast_head":"<!-- This site is optimized with the Yoast SEO plugin v27.2 - https:\/\/yoast.com\/product\/yoast-seo-wordpress\/ -->\n<title>D\u1ea7u B\u00e1nh R\u0103ng Castrol ALPHASYN EP 220 - C\u00f4ng Ty TNHH D\u1ea7u Nh\u1eddn T&amp;T Vi\u1ec7t Nam<\/title>\n<meta name=\"robots\" content=\"index, follow, max-snippet:-1, max-image-preview:large, max-video-preview:-1\" \/>\n<link rel=\"canonical\" href=\"https:\/\/tatco.vn\/vi\/san-pham\/dau-banh-rang-castrol-alphasyn-ep-220\/\" \/>\n<meta property=\"og:locale\" content=\"vi_VN\" \/>\n<meta property=\"og:type\" content=\"article\" \/>\n<meta property=\"og:title\" content=\"D\u1ea7u B\u00e1nh R\u0103ng Castrol ALPHASYN EP 220 - C\u00f4ng Ty TNHH D\u1ea7u Nh\u1eddn T&amp;T Vi\u1ec7t Nam\" \/>\n<meta property=\"og:url\" content=\"https:\/\/tatco.vn\/vi\/san-pham\/dau-banh-rang-castrol-alphasyn-ep-220\/\" \/>\n<meta property=\"og:site_name\" content=\"C\u00f4ng Ty TNHH D\u1ea7u Nh\u1eddn T&amp;T Vi\u1ec7t Nam\" \/>\n<meta property=\"article:modified_time\" content=\"2025-02-08T04:37:49+00:00\" \/>\n<meta property=\"og:image\" content=\"https:\/\/tatco.vn\/wp-content\/uploads\/2022\/12\/Castrol-v5.png\" \/>\n\t<meta property=\"og:image:width\" content=\"750\" \/>\n\t<meta property=\"og:image:height\" content=\"1000\" \/>\n\t<meta property=\"og:image:type\" content=\"image\/png\" \/>\n<meta name=\"twitter:card\" content=\"summary_large_image\" \/>\n<meta name=\"twitter:label1\" content=\"\u01af\u1edbc t\u00ednh th\u1eddi gian \u0111\u1ecdc\" \/>\n\t<meta name=\"twitter:data1\" content=\"3 ph\u00fat\" \/>\n<script type=\"application\/ld+json\" class=\"yoast-schema-graph\">{\"@context\":\"https:\/\/schema.org\",\"@graph\":[{\"@type\":\"WebPage\",\"@id\":\"https:\/\/tatco.vn\/vi\/san-pham\/dau-banh-rang-castrol-alphasyn-ep-220\/\",\"url\":\"https:\/\/tatco.vn\/vi\/san-pham\/dau-banh-rang-castrol-alphasyn-ep-220\/\",\"name\":\"D\u1ea7u B\u00e1nh R\u0103ng Castrol ALPHASYN EP 220 - C\u00f4ng Ty TNHH D\u1ea7u Nh\u1eddn T&amp;T Vi\u1ec7t Nam\",\"isPartOf\":{\"@id\":\"https:\/\/tatco.vn\/en\/#website\"},\"primaryImageOfPage\":{\"@id\":\"https:\/\/tatco.vn\/vi\/san-pham\/dau-banh-rang-castrol-alphasyn-ep-220\/#primaryimage\"},\"image\":{\"@id\":\"https:\/\/tatco.vn\/vi\/san-pham\/dau-banh-rang-castrol-alphasyn-ep-220\/#primaryimage\"},\"thumbnailUrl\":\"https:\/\/tatco.vn\/wp-content\/uploads\/2022\/12\/Castrol-v5.png\",\"datePublished\":\"2025-02-05T03:25:42+00:00\",\"dateModified\":\"2025-02-08T04:37:49+00:00\",\"breadcrumb\":{\"@id\":\"https:\/\/tatco.vn\/vi\/san-pham\/dau-banh-rang-castrol-alphasyn-ep-220\/#breadcrumb\"},\"inLanguage\":\"vi\",\"potentialAction\":[{\"@type\":\"ReadAction\",\"target\":[\"https:\/\/tatco.vn\/vi\/san-pham\/dau-banh-rang-castrol-alphasyn-ep-220\/\"]}]},{\"@type\":\"ImageObject\",\"inLanguage\":\"vi\",\"@id\":\"https:\/\/tatco.vn\/vi\/san-pham\/dau-banh-rang-castrol-alphasyn-ep-220\/#primaryimage\",\"url\":\"https:\/\/tatco.vn\/wp-content\/uploads\/2022\/12\/Castrol-v5.png\",\"contentUrl\":\"https:\/\/tatco.vn\/wp-content\/uploads\/2022\/12\/Castrol-v5.png\",\"width\":750,\"height\":1000,\"caption\":\"Castrol Perfecto HT 5\"},{\"@type\":\"BreadcrumbList\",\"@id\":\"https:\/\/tatco.vn\/vi\/san-pham\/dau-banh-rang-castrol-alphasyn-ep-220\/#breadcrumb\",\"itemListElement\":[{\"@type\":\"ListItem\",\"position\":1,\"name\":\"Home\",\"item\":\"https:\/\/tatco.vn\/\"},{\"@type\":\"ListItem\",\"position\":2,\"name\":\"C\u1eeda h\u00e0ng\",\"item\":\"https:\/\/tatco.vn\/en\/mua\/\"},{\"@type\":\"ListItem\",\"position\":3,\"name\":\"D\u1ea7u B\u00e1nh R\u0103ng Castrol ALPHASYN EP 220\"}]},{\"@type\":\"WebSite\",\"@id\":\"https:\/\/tatco.vn\/en\/#website\",\"url\":\"https:\/\/tatco.vn\/en\/\",\"name\":\"C\u00f4ng Ty TNHH D\u1ea7u Nh\u1eddn T&amp;T Vi\u1ec7t Nam\",\"description\":\"Right Point - Right Time - Best Solution\",\"publisher\":{\"@id\":\"https:\/\/tatco.vn\/en\/#organization\"},\"potentialAction\":[{\"@type\":\"SearchAction\",\"target\":{\"@type\":\"EntryPoint\",\"urlTemplate\":\"https:\/\/tatco.vn\/en\/?s={search_term_string}\"},\"query-input\":{\"@type\":\"PropertyValueSpecification\",\"valueRequired\":true,\"valueName\":\"search_term_string\"}}],\"inLanguage\":\"vi\"},{\"@type\":\"Organization\",\"@id\":\"https:\/\/tatco.vn\/en\/#organization\",\"name\":\"C\u00f4ng Ty TNHH D\u1ea7u Nh\u1eddn T&T Vi\u1ec7t Nam\",\"url\":\"https:\/\/tatco.vn\/en\/\",\"logo\":{\"@type\":\"ImageObject\",\"inLanguage\":\"vi\",\"@id\":\"https:\/\/tatco.vn\/en\/#\/schema\/logo\/image\/\",\"url\":\"https:\/\/tatco.vn\/wp-content\/uploads\/2019\/05\/fav-ico.png\",\"contentUrl\":\"https:\/\/tatco.vn\/wp-content\/uploads\/2019\/05\/fav-ico.png\",\"width\":200,\"height\":200,\"caption\":\"C\u00f4ng Ty TNHH D\u1ea7u Nh\u1eddn T&T Vi\u1ec7t Nam\"},\"image\":{\"@id\":\"https:\/\/tatco.vn\/en\/#\/schema\/logo\/image\/\"}}]}<\/script>\n<!-- \/ Yoast SEO plugin. -->","yoast_head_json":{"title":"D\u1ea7u B\u00e1nh R\u0103ng Castrol ALPHASYN EP 220 - C\u00f4ng Ty TNHH D\u1ea7u Nh\u1eddn T&amp;T Vi\u1ec7t Nam","robots":{"index":"index","follow":"follow","max-snippet":"max-snippet:-1","max-image-preview":"max-image-preview:large","max-video-preview":"max-video-preview:-1"},"canonical":"https:\/\/tatco.vn\/vi\/san-pham\/dau-banh-rang-castrol-alphasyn-ep-220\/","og_locale":"vi_VN","og_type":"article","og_title":"D\u1ea7u B\u00e1nh R\u0103ng Castrol ALPHASYN EP 220 - C\u00f4ng Ty TNHH D\u1ea7u Nh\u1eddn T&amp;T Vi\u1ec7t Nam","og_url":"https:\/\/tatco.vn\/vi\/san-pham\/dau-banh-rang-castrol-alphasyn-ep-220\/","og_site_name":"C\u00f4ng Ty TNHH D\u1ea7u Nh\u1eddn T&amp;T Vi\u1ec7t Nam","article_modified_time":"2025-02-08T04:37:49+00:00","og_image":[{"width":750,"height":1000,"url":"https:\/\/tatco.vn\/wp-content\/uploads\/2022\/12\/Castrol-v5.png","type":"image\/png"}],"twitter_card":"summary_large_image","twitter_misc":{"\u01af\u1edbc t\u00ednh th\u1eddi gian \u0111\u1ecdc":"3 ph\u00fat"},"schema":{"@context":"https:\/\/schema.org","@graph":[{"@type":"WebPage","@id":"https:\/\/tatco.vn\/vi\/san-pham\/dau-banh-rang-castrol-alphasyn-ep-220\/","url":"https:\/\/tatco.vn\/vi\/san-pham\/dau-banh-rang-castrol-alphasyn-ep-220\/","name":"D\u1ea7u B\u00e1nh R\u0103ng Castrol ALPHASYN EP 220 - C\u00f4ng Ty TNHH D\u1ea7u Nh\u1eddn T&amp;T Vi\u1ec7t Nam","isPartOf":{"@id":"https:\/\/tatco.vn\/en\/#website"},"primaryImageOfPage":{"@id":"https:\/\/tatco.vn\/vi\/san-pham\/dau-banh-rang-castrol-alphasyn-ep-220\/#primaryimage"},"image":{"@id":"https:\/\/tatco.vn\/vi\/san-pham\/dau-banh-rang-castrol-alphasyn-ep-220\/#primaryimage"},"thumbnailUrl":"https:\/\/tatco.vn\/wp-content\/uploads\/2022\/12\/Castrol-v5.png","datePublished":"2025-02-05T03:25:42+00:00","dateModified":"2025-02-08T04:37:49+00:00","breadcrumb":{"@id":"https:\/\/tatco.vn\/vi\/san-pham\/dau-banh-rang-castrol-alphasyn-ep-220\/#breadcrumb"},"inLanguage":"vi","potentialAction":[{"@type":"ReadAction","target":["https:\/\/tatco.vn\/vi\/san-pham\/dau-banh-rang-castrol-alphasyn-ep-220\/"]}]},{"@type":"ImageObject","inLanguage":"vi","@id":"https:\/\/tatco.vn\/vi\/san-pham\/dau-banh-rang-castrol-alphasyn-ep-220\/#primaryimage","url":"https:\/\/tatco.vn\/wp-content\/uploads\/2022\/12\/Castrol-v5.png","contentUrl":"https:\/\/tatco.vn\/wp-content\/uploads\/2022\/12\/Castrol-v5.png","width":750,"height":1000,"caption":"Castrol Perfecto HT 5"},{"@type":"BreadcrumbList","@id":"https:\/\/tatco.vn\/vi\/san-pham\/dau-banh-rang-castrol-alphasyn-ep-220\/#breadcrumb","itemListElement":[{"@type":"ListItem","position":1,"name":"Home","item":"https:\/\/tatco.vn\/"},{"@type":"ListItem","position":2,"name":"C\u1eeda h\u00e0ng","item":"https:\/\/tatco.vn\/en\/mua\/"},{"@type":"ListItem","position":3,"name":"D\u1ea7u B\u00e1nh R\u0103ng Castrol ALPHASYN EP 220"}]},{"@type":"WebSite","@id":"https:\/\/tatco.vn\/en\/#website","url":"https:\/\/tatco.vn\/en\/","name":"C\u00f4ng Ty TNHH D\u1ea7u Nh\u1eddn T&amp;T Vi\u1ec7t Nam","description":"Right Point - Right Time - Best Solution","publisher":{"@id":"https:\/\/tatco.vn\/en\/#organization"},"potentialAction":[{"@type":"SearchAction","target":{"@type":"EntryPoint","urlTemplate":"https:\/\/tatco.vn\/en\/?s={search_term_string}"},"query-input":{"@type":"PropertyValueSpecification","valueRequired":true,"valueName":"search_term_string"}}],"inLanguage":"vi"},{"@type":"Organization","@id":"https:\/\/tatco.vn\/en\/#organization","name":"C\u00f4ng Ty TNHH D\u1ea7u Nh\u1eddn T&T Vi\u1ec7t Nam","url":"https:\/\/tatco.vn\/en\/","logo":{"@type":"ImageObject","inLanguage":"vi","@id":"https:\/\/tatco.vn\/en\/#\/schema\/logo\/image\/","url":"https:\/\/tatco.vn\/wp-content\/uploads\/2019\/05\/fav-ico.png","contentUrl":"https:\/\/tatco.vn\/wp-content\/uploads\/2019\/05\/fav-ico.png","width":200,"height":200,"caption":"C\u00f4ng Ty TNHH D\u1ea7u Nh\u1eddn T&T Vi\u1ec7t Nam"},"image":{"@id":"https:\/\/tatco.vn\/en\/#\/schema\/logo\/image\/"}}]}},"_links":{"self":[{"href":"https:\/\/tatco.vn\/vi\/wp-json\/wp\/v2\/product\/27784","targetHints":{"allow":["GET"]}}],"collection":[{"href":"https:\/\/tatco.vn\/vi\/wp-json\/wp\/v2\/product"}],"about":[{"href":"https:\/\/tatco.vn\/vi\/wp-json\/wp\/v2\/types\/product"}],"replies":[{"embeddable":true,"href":"https:\/\/tatco.vn\/vi\/wp-json\/wp\/v2\/comments?post=27784"}],"version-history":[{"count":0,"href":"https:\/\/tatco.vn\/vi\/wp-json\/wp\/v2\/product\/27784\/revisions"}],"wp:featuredmedia":[{"embeddable":true,"href":"https:\/\/tatco.vn\/vi\/wp-json\/wp\/v2\/media\/27593"}],"wp:attachment":[{"href":"https:\/\/tatco.vn\/vi\/wp-json\/wp\/v2\/media?parent=27784"}],"wp:term":[{"taxonomy":"product_cat","embeddable":true,"href":"https:\/\/tatco.vn\/vi\/wp-json\/wp\/v2\/product_cat?post=27784"},{"taxonomy":"product_tag","embeddable":true,"href":"https:\/\/tatco.vn\/vi\/wp-json\/wp\/v2\/product_tag?post=27784"}],"curies":[{"name":"wp","href":"https:\/\/api.w.org\/{rel}","templated":true}]}}