{"id":27772,"date":"2025-02-04T11:46:57","date_gmt":"2025-02-04T04:46:57","guid":{"rendered":"https:\/\/tatco.vn\/vi\/?post_type=product&#038;p=27772"},"modified":"2025-02-07T18:12:04","modified_gmt":"2025-02-07T11:12:04","slug":"dau-banh-rang-cong-nghiep-castrol-alpha-sp-320","status":"publish","type":"product","link":"https:\/\/tatco.vn\/vi\/san-pham\/dau-banh-rang-cong-nghiep-castrol-alpha-sp\/","title":{"rendered":"D\u1ea7u B\u00e1nh R\u0103ng Castrol ALPHA SP 320"},"content":{"rendered":"<p><strong>Castrol Alpha SP 320<\/strong>\u00a0\u2013 <strong>D\u1ea7u b\u00e1nh r\u0103ng c\u00f4ng nghi\u1ec7p<\/strong> ch\u1ea5t l\u01b0\u1ee3ng cao.<\/p>\n<p style=\"text-align: justify\"><strong>M\u00f4 t\u1ea3 s\u1ea3n ph\u1ea9m<\/strong><\/p>\n<p style=\"text-align: justify\">D\u00f2ng s\u1ea3n ph\u1ea9m <strong>d\u1ea7u b\u00e1nh r\u0103ng<\/strong> cao c\u1ea5p <strong>Castrol Alpha\u2122 SP<\/strong> \u0111\u01b0\u1ee3c pha ch\u1ebf t\u1eeb c\u00e1c lo\u1ea1i d\u1ea7u g\u1ed1c kho\u00e1ng tinh ch\u1ebf, k\u1ebft h\u1ee3p v\u1edbi c\u00f4ng ngh\u1ec7 ph\u1ee5 gia ch\u1ecbu c\u1ef1c \u00e1p ti\u00ean ti\u1ebfn. S\u1ea3n ph\u1ea9m cung c\u1ea5p \u0111\u1eb7c t\u00ednh b\u1ec1n nhi\u1ec7t v\u00e0 kh\u1ea3 n\u0103ng ch\u1ecbu t\u1ea3i v\u01b0\u1ee3t tr\u1ed9i, b\u1ea3o v\u1ec7 b\u00e1nh r\u0103ng ch\u1ed1ng m\u00e0i m\u00f2n \u1edf m\u1ee9c \u0111\u1ed9 t\u1ebf vi.<\/p>\n<p style=\"text-align: justify\">H\u1ec7 ph\u1ee5 gia c\u1ef1c \u00e1p kh\u00f4ng ch\u1ec9 mang l\u1ea1i kh\u1ea3 n\u0103ng ch\u1ecbu t\u1ea3i t\u1ed1t m\u00e0 c\u00f2n b\u1ea3o v\u1ec7 ch\u1ed1ng m\u00e0i m\u00f2n t\u1ebf vi (r\u1ed7 m\u00f2n kim lo\u1ea1i), gi\u00fap ng\u0103n ng\u1eeba ph\u00e1 h\u1ee7y do m\u00e0i m\u00f2n vi m\u00f4. \u0110i\u1ec1u n\u00e0y n\u00e2ng cao tu\u1ed5i th\u1ecd b\u00e1nh r\u0103ng v\u00e0 \u0111\u00e1p \u1ee9ng y\u00eau c\u1ea7u c\u1ee7a c\u00e1c <strong>h\u1ed9p s\u1ed1<\/strong> nh\u1ecf g\u1ecdn nh\u01b0ng ho\u1ea1t \u0111\u1ed9ng v\u1edbi m\u00f4-men xo\u1eafn l\u1edbn.<\/p>\n<p style=\"text-align: justify\"><strong>C\u00f4ng d\u1ee5ng<\/strong><\/p>\n<ul style=\"text-align: justify\">\n<li><strong>B\u00f4i tr\u01a1n h\u1ed9p s\u1ed1 c\u00f4ng nghi\u1ec7p<\/strong>: Ph\u00f9 h\u1ee3p v\u1edbi c\u00e1c ph\u01b0\u01a1ng ph\u00e1p b\u00f4i tr\u01a1n tu\u1ea7n ho\u00e0n c\u01b0\u1ee1ng b\u1ee9c, v\u0103ng d\u1ea7u ho\u1eb7c ng\u00e2m d\u1ea7u.<\/li>\n<li><strong>B\u00e1nh r\u0103ng tr\u1ee5 th\u1eb3ng v\u00e0 nghi\u00eang<\/strong>: S\u1eed d\u1ee5ng cho h\u1ec7 th\u1ed1ng b\u00e1nh r\u0103ng tr\u1ee5 th\u1eb3ng, tr\u1ee5 nghi\u00eang v\u00e0 m\u1ed9t s\u1ed1 lo\u1ea1i <strong>b\u00e1nh v\u00edt &#8211; tr\u1ee5c v\u00edt<\/strong> ch\u1ecbu t\u1ea3i nh\u1eb9.<\/li>\n<li><strong>M\u00f4-men kh\u1edfi \u0111\u1ed9ng th\u1ea5p<\/strong>: \u0110\u1eb7c t\u00ednh \u0111\u1ed9 nh\u1edbt \u01b0u vi\u1ec7t \u0111\u1ea3m b\u1ea3o m\u00f4-men kh\u1edfi \u0111\u1ed9ng kh\u00f4ng qu\u00e1 cao trong \u0111i\u1ec1u ki\u1ec7n nhi\u1ec7t \u0111\u1ed9 th\u1ea5p.<\/li>\n<li><strong>T\u01b0\u01a1ng th\u00edch v\u1eadt li\u1ec7u<\/strong>: H\u1ec7 ph\u1ee5 gia trong d\u1ea7u t\u01b0\u01a1ng th\u00edch v\u1edbi kim lo\u1ea1i \u0111en, kim lo\u1ea1i m\u00e0u v\u00e0 v\u1eadt li\u1ec7u l\u00e0m k\u00edn ph\u1ed5 bi\u1ebfn trong c\u00e1c h\u1ec7 b\u00e1nh r\u0103ng c\u00f4ng nghi\u1ec7p.<\/li>\n<\/ul>\n<p style=\"text-align: justify\"><strong>Ti\u00eau chu\u1ea9n \u0111\u00e1p \u1ee9ng<\/strong><\/p>\n<p style=\"text-align: justify\">T\u00f9y theo \u0111\u1ed9 nh\u1edbt, <strong>Alpha SP<\/strong> \u0111\u00e1p \u1ee9ng c\u00e1c ti\u00eau chu\u1ea9n qu\u1ed1c t\u1ebf:<\/p>\n<ul style=\"text-align: justify\">\n<li><strong>DIN 51517<\/strong><\/li>\n<li><strong>AGMA 9005 &#8211; E02<\/strong><\/li>\n<li><strong>AIST 224<\/strong><\/li>\n<li><strong>David Brown S1.53.101 Lo\u1ea1i E<\/strong><\/li>\n<li><strong>Flender Rev 16<\/strong> cho h\u1ec7 b\u00e1nh r\u0103ng nghi\u00eang, b\u00e1nh r\u0103ng c\u00f4n v\u00e0 b\u00e1nh r\u0103ng h\u00e0nh tinh (ISO VG 150 &#8211; 460)<\/li>\n<\/ul>\n<p style=\"text-align: justify\"><strong>Alpha SP<\/strong> \u0111\u01b0\u1ee3c ph\u00e2n lo\u1ea1i theo ti\u00eau chu\u1ea9n <strong>DIN CLP<\/strong>.<\/p>\n<p style=\"text-align: justify\"><strong>L\u1ee3i \u0111i\u1ec3m<\/strong><\/p>\n<ul>\n<li style=\"text-align: justify\"><strong>Ch\u1ecbu c\u1ef1c \u00e1p v\u01b0\u1ee3t tr\u1ed9i<\/strong>: B\u1ea3o v\u1ec7 b\u00e1nh r\u0103ng ch\u1ed1ng m\u00e0i m\u00f2n v\u00e0 t\u1ea3i tr\u1ecdng va \u0111\u1eadp t\u1ed1i \u0111a, \u0111\u00e3 \u0111\u01b0\u1ee3c ki\u1ec3m ch\u1ee9ng trong th\u1eed nghi\u1ec7m <strong>FZG<\/strong> v\u00e0 minh ch\u1ee9ng th\u1ef1c t\u1ebf.<\/li>\n<li style=\"text-align: justify\"><strong>C\u00f4ng ngh\u1ec7 ph\u1ee5 gia &#8216;Clean Gear&#8217;<\/strong>: Gi\u00fap gi\u1ea3m thi\u1ec3u h\u00ecnh th\u00e0nh c\u1eb7n, gi\u1eef cho h\u1ec7 th\u1ed1ng b\u00e1nh r\u0103ng lu\u00f4n s\u1ea1ch s\u1ebd.<\/li>\n<li style=\"text-align: justify\"><strong>T\u00ednh t\u00e1ch n\u01b0\u1edbc v\u00e0 kh\u1eed nh\u0169 t\u1ed1t<\/strong>: \u0110\u1ea3m b\u1ea3o hi\u1ec7u su\u1ea5t b\u00f4i tr\u01a1n \u1ed5n \u0111\u1ecbnh trong m\u00f4i tr\u01b0\u1eddng \u1ea9m \u01b0\u1edbt.<\/li>\n<li style=\"text-align: justify\"><strong>Ch\u1ed1ng r\u1ec9 v\u00e0 ch\u1ed1ng m\u00e0i m\u00f2n<\/strong>: B\u1ea3o v\u1ec7 t\u1ed1i \u0111a, k\u00e9o d\u00e0i tu\u1ed5i th\u1ecd thi\u1ebft b\u1ecb.<\/li>\n<li style=\"text-align: justify\"><strong>T\u01b0\u01a1ng th\u00edch v\u1eadt li\u1ec7u l\u00e0m k\u00edn<\/strong>: Ph\u00f9 h\u1ee3p v\u1edbi c\u00e1c v\u1eadt li\u1ec7u l\u00e0m k\u00edn ph\u1ed5 bi\u1ebfn, ng\u0103n ng\u1eeba r\u00f2 r\u1ec9.<\/li>\n<\/ul>\n<p><strong>\u0110\u1eb7c tr\u01b0ng ti\u00eau bi\u1ec3u<\/strong><\/p>\n<div>\n<div>\n<div class=\"table-responsive\">\n<table class=\"table table-striped\">\n<thead>\n<tr>\n<th><strong>Th\u00f4ng s\u1ed1<\/strong><\/th>\n<th><strong>Ph\u01b0\u01a1ng ph\u00e1p<\/strong><\/th>\n<th><strong>\u0110\u01a1n v\u1ecb<\/strong><\/th>\n<th><strong>SP 46<\/strong><\/th>\n<th><strong>SP 68<\/strong><\/th>\n<th><strong>SP 100<\/strong><\/th>\n<th><strong>SP 150<\/strong><\/th>\n<th><strong>SP 220<\/strong><\/th>\n<th><strong>SP 320<\/strong><\/th>\n<th><strong>SP 460<\/strong><\/th>\n<th><strong>SP 680<\/strong><\/th>\n<th><strong>SP 1000<\/strong><\/th>\n<\/tr>\n<\/thead>\n<tbody>\n<tr>\n<td><strong>C\u1ea5p AGMA<\/strong><\/td>\n<td>&#8212;<\/td>\n<td>&#8212;<\/td>\n<td>2EP<\/td>\n<td>3EP<\/td>\n<td>4EP<\/td>\n<td>5EP<\/td>\n<td>6EP<\/td>\n<td>7EP<\/td>\n<td>8EP<\/td>\n<td>&#8212;<\/td>\n<td>&#8212;<\/td>\n<\/tr>\n<tr>\n<td><strong>\u0110\u1ed9 nh\u1edbt theo ISO<\/strong><\/td>\n<td>&#8212;<\/td>\n<td>&#8212;<\/td>\n<td>46<\/td>\n<td>68<\/td>\n<td>100<\/td>\n<td>150<\/td>\n<td>220<\/td>\n<td>320<\/td>\n<td>460<\/td>\n<td>680<\/td>\n<td>1000<\/td>\n<\/tr>\n<tr>\n<td><strong>Kh\u1ed1i l\u01b0\u1ee3ng ri\u00eang @ 15\u00b0C<\/strong><\/td>\n<td>ISO 12185 \/ ASTM D4052<\/td>\n<td>kg\/m\u00b3<\/td>\n<td>880<\/td>\n<td>880<\/td>\n<td>880<\/td>\n<td>890<\/td>\n<td>890<\/td>\n<td>900<\/td>\n<td>900<\/td>\n<td>920<\/td>\n<td>930<\/td>\n<\/tr>\n<tr>\n<td><strong>\u0110\u1ed9 nh\u1edbt \u0111\u1ed9ng h\u1ecdc @ 40\u00b0C<\/strong><\/td>\n<td>ISO 3104 \/ ASTM D445<\/td>\n<td>mm\u00b2\/s<\/td>\n<td>46<\/td>\n<td>68<\/td>\n<td>100<\/td>\n<td>150<\/td>\n<td>220<\/td>\n<td>320<\/td>\n<td>460<\/td>\n<td>680<\/td>\n<td>1000<\/td>\n<\/tr>\n<tr>\n<td><strong>\u0110\u1ed9 nh\u1edbt \u0111\u1ed9ng h\u1ecdc @ 100\u00b0C<\/strong><\/td>\n<td>ISO 3104 \/ ASTM D445<\/td>\n<td>mm\u00b2\/s<\/td>\n<td>6.8<\/td>\n<td>8.8<\/td>\n<td>11.2<\/td>\n<td>14.5<\/td>\n<td>18.7<\/td>\n<td>24.0<\/td>\n<td>30.5<\/td>\n<td>37.3<\/td>\n<td>43.6<\/td>\n<\/tr>\n<tr>\n<td><strong>Ch\u1ec9 s\u1ed1 \u0111\u1ed9 nh\u1edbt<\/strong><\/td>\n<td>ISO 2909 \/ ASTM D2270<\/td>\n<td>&#8212;<\/td>\n<td>&gt;95<\/td>\n<td>&gt;95<\/td>\n<td>&gt;95<\/td>\n<td>&gt;95<\/td>\n<td>&gt;95<\/td>\n<td>&gt;95<\/td>\n<td>&gt;95<\/td>\n<td>&gt;95<\/td>\n<td>&gt;95<\/td>\n<\/tr>\n<tr>\n<td><strong>\u0110i\u1ec3m r\u00f3t ch\u1ea3y<\/strong><\/td>\n<td>ISO 3016 \/ ASTM D97<\/td>\n<td>\u00b0C<\/td>\n<td>-24<\/td>\n<td>-24<\/td>\n<td>-24<\/td>\n<td>-21<\/td>\n<td>-15<\/td>\n<td>-9<\/td>\n<td>-9<\/td>\n<td>-6<\/td>\n<td>-6<\/td>\n<\/tr>\n<tr>\n<td><strong>\u0110i\u1ec3m ch\u1edbp ch\u00e1y c\u1ed1c h\u1edf<\/strong><\/td>\n<td>ISO 2592 \/ ASTM D92<\/td>\n<td>\u00b0C<\/td>\n<td>215<\/td>\n<td>215<\/td>\n<td>219<\/td>\n<td>223<\/td>\n<td>225<\/td>\n<td>226<\/td>\n<td>229<\/td>\n<td>229<\/td>\n<td>229<\/td>\n<\/tr>\n<tr>\n<td><strong>T\u00ednh t\u1ea1o b\u1ecdt Seq I<\/strong><\/td>\n<td>ISO 6247 \/ ASTM D892<\/td>\n<td>ml\/ml<\/td>\n<td>10\/0<\/td>\n<td>10\/0<\/td>\n<td>10\/0<\/td>\n<td>10\/0<\/td>\n<td>10\/0<\/td>\n<td>10\/0<\/td>\n<td>10\/0<\/td>\n<td>10\/0<\/td>\n<td>10\/0<\/td>\n<\/tr>\n<tr>\n<td><strong>\u0102n m\u00f2n \u0111\u1ed3ng (3 gi\u1edd @ 100\u00b0C)<\/strong><\/td>\n<td>ISO 2160 \/ ASTM D130<\/td>\n<td>\u0110\u00e1nh gi\u00e1<\/td>\n<td>1b<\/td>\n<td>1b<\/td>\n<td>1b<\/td>\n<td>1b<\/td>\n<td>1b<\/td>\n<td>1b<\/td>\n<td>1b<\/td>\n<td>1b<\/td>\n<td>1b<\/td>\n<\/tr>\n<tr>\n<td><strong>Th\u1eed r\u1ec9 (24 gi\u1edd trong n\u01b0\u1edbc bi\u1ec3n)<\/strong><\/td>\n<td>ISO 7120 \/ ASTM D665B<\/td>\n<td>\u0110\u00e1nh gi\u00e1<\/td>\n<td>\u0110\u1ea1t<\/td>\n<td>\u0110\u1ea1t<\/td>\n<td>\u0110\u1ea1t<\/td>\n<td>\u0110\u1ea1t<\/td>\n<td>\u0110\u1ea1t<\/td>\n<td>\u0110\u1ea1t<\/td>\n<td>\u0110\u1ea1t<\/td>\n<td>\u0110\u1ea1t<\/td>\n<td>\u0110\u1ea1t<\/td>\n<\/tr>\n<tr>\n<td><strong>C\u1ea5p t\u1ea3i FZG (A\/8.3\/90)<\/strong><\/td>\n<td>ISO 14635-1<\/td>\n<td>C\u1ea5p h\u1ecfng<\/td>\n<td>&gt;14<\/td>\n<td>&gt;14<\/td>\n<td>&gt;14<\/td>\n<td>&gt;14<\/td>\n<td>&gt;14<\/td>\n<td>&gt;14<\/td>\n<td>&gt;14<\/td>\n<td>&#8212;<\/td>\n<td>&#8212;<\/td>\n<\/tr>\n<tr>\n<td><strong>C\u1ea5p t\u1ea3i FZG \u2013 m\u00e0i m\u00f2n t\u1ebf vi<\/strong><\/td>\n<td>FVA 54-7<\/td>\n<td>C\u1ea5p h\u1ecfng<\/td>\n<td>&#8212;<\/td>\n<td>&#8212;<\/td>\n<td>&gt;10\/Cao<\/td>\n<td>&gt;10\/Cao<\/td>\n<td>&gt;10\/Cao<\/td>\n<td>&gt;10\/Cao<\/td>\n<td>&gt;10\/Cao<\/td>\n<td>&#8212;<\/td>\n<td>&#8212;<\/td>\n<\/tr>\n<tr>\n<td><strong>Th\u1eed nghi\u1ec7m Brugger<\/strong><\/td>\n<td>DIN 51347<\/td>\n<td>N\/mm\u00b2<\/td>\n<td>&gt;55<\/td>\n<td>&gt;55<\/td>\n<td>&gt;55<\/td>\n<td>&gt;55<\/td>\n<td>&gt;55<\/td>\n<td>&gt;55<\/td>\n<td>&gt;55<\/td>\n<td>&#8212;<\/td>\n<td>&#8212;<\/td>\n<\/tr>\n<\/tbody>\n<\/table>\n<\/div>\n<div><\/div>\n<\/div>\n<p><\/p>","protected":false},"excerpt":{"rendered":"<p>D\u00f2ng s\u1ea3n ph\u1ea9m <strong>d\u1ea7u b\u00e1nh r\u0103ng<\/strong> cao c\u1ea5p <strong>Castrol Alpha\u2122 SP 320<\/strong>\u00a0\u0111\u01b0\u1ee3c pha ch\u1ebf t\u1eeb c\u00e1c lo\u1ea1i d\u1ea7u g\u1ed1c kho\u00e1ng tinh ch\u1ebf, k\u1ebft h\u1ee3p v\u1edbi c\u00f4ng ngh\u1ec7 ph\u1ee5 gia ch\u1ecbu c\u1ef1c \u00e1p ti\u00ean ti\u1ebfn. S\u1ea3n ph\u1ea9m cung c\u1ea5p \u0111\u1eb7c t\u00ednh b\u1ec1n nhi\u1ec7t v\u00e0 kh\u1ea3 n\u0103ng ch\u1ecbu t\u1ea3i v\u01b0\u1ee3t tr\u1ed9i, b\u1ea3o v\u1ec7 b\u00e1nh r\u0103ng ch\u1ed1ng m\u00e0i m\u00f2n \u1edf m\u1ee9c \u0111\u1ed9 t\u1ebf vi.<\/p>\n<p>H\u1ec7 ph\u1ee5 gia c\u1ef1c \u00e1p kh\u00f4ng ch\u1ec9 mang l\u1ea1i kh\u1ea3 n\u0103ng ch\u1ecbu t\u1ea3i t\u1ed1t m\u00e0 c\u00f2n b\u1ea3o v\u1ec7 ch\u1ed1ng m\u00e0i m\u00f2n t\u1ebf vi (r\u1ed7 m\u00f2n kim lo\u1ea1i), gi\u00fap ng\u0103n ng\u1eeba ph\u00e1 h\u1ee7y do m\u00e0i m\u00f2n vi m\u00f4. \u0110i\u1ec1u n\u00e0y n\u00e2ng cao tu\u1ed5i th\u1ecd b\u00e1nh r\u0103ng v\u00e0 \u0111\u00e1p \u1ee9ng y\u00eau c\u1ea7u c\u1ee7a c\u00e1c <strong>h\u1ed9p s\u1ed1<\/strong> nh\u1ecf g\u1ecdn nh\u01b0ng ho\u1ea1t \u0111\u1ed9ng v\u1edbi m\u00f4-men xo\u1eafn l\u1edbn.<\/p>\n","protected":false},"featured_media":27593,"comment_status":"closed","ping_status":"closed","template":"","meta":[],"product_cat":[781,988,776,760],"product_tag":[870,875,879,877,882,883,878,881,880,876],"class_list":{"0":"post-27772","1":"product","2":"type-product","3":"status-publish","4":"has-post-thumbnail","6":"product_brand-castrol","7":"product_cat-dau-banh-rang-castrol","8":"product_cat-dau-banh-rang-castrol-alpha-sp","9":"product_cat-dau-cong-nghiep-castrol","10":"product_cat-dau-nhot-castrol","11":"product_tag-dau-banh-rang-cong-nghiep","12":"product_tag-castrol-alpha-sp","13":"product_tag-dau-banh-rang-chat-luong-cao","14":"product_tag-dau-banh-rang-chiu-cuc-ap","15":"product_tag-dau-banh-rang-chiu-tai-nang","16":"product_tag-dau-banh-rang-cho-moi-truong-khac-nghiet","17":"product_tag-dau-banh-rang-chong-mai-mon","18":"product_tag-dau-banh-rang-hieu-suat-cao","19":"product_tag-dau-banh-rang-tieu-chuan-din-clp","20":"product_tag-dau-boi-tron-hop-so","22":"first","23":"instock","24":"shipping-taxable","25":"product-type-simple"},"yoast_head":"<!-- This site is optimized with the Yoast SEO plugin v27.2 - https:\/\/yoast.com\/product\/yoast-seo-wordpress\/ -->\n<title>D\u1ea7u B\u00e1nh R\u0103ng Castrol ALPHA SP 320 - C\u00f4ng Ty TNHH D\u1ea7u Nh\u1eddn T&amp;T Vi\u1ec7t Nam<\/title>\n<meta name=\"robots\" content=\"index, follow, max-snippet:-1, max-image-preview:large, max-video-preview:-1\" \/>\n<link rel=\"canonical\" href=\"https:\/\/tatco.vn\/vi\/san-pham\/dau-banh-rang-cong-nghiep-castrol-alpha-sp-320\/\" \/>\n<meta property=\"og:locale\" content=\"vi_VN\" \/>\n<meta property=\"og:type\" content=\"article\" \/>\n<meta property=\"og:title\" content=\"D\u1ea7u B\u00e1nh R\u0103ng Castrol ALPHA SP 320 - C\u00f4ng Ty TNHH D\u1ea7u Nh\u1eddn T&amp;T Vi\u1ec7t Nam\" \/>\n<meta property=\"og:url\" content=\"https:\/\/tatco.vn\/vi\/san-pham\/dau-banh-rang-cong-nghiep-castrol-alpha-sp-320\/\" \/>\n<meta property=\"og:site_name\" content=\"C\u00f4ng Ty TNHH D\u1ea7u Nh\u1eddn T&amp;T Vi\u1ec7t Nam\" \/>\n<meta property=\"article:modified_time\" content=\"2025-02-07T11:12:04+00:00\" \/>\n<meta property=\"og:image\" content=\"https:\/\/tatco.vn\/wp-content\/uploads\/2022\/12\/Castrol-v5.png\" \/>\n\t<meta property=\"og:image:width\" content=\"750\" \/>\n\t<meta property=\"og:image:height\" content=\"1000\" \/>\n\t<meta property=\"og:image:type\" content=\"image\/png\" \/>\n<meta name=\"twitter:card\" content=\"summary_large_image\" \/>\n<meta name=\"twitter:label1\" content=\"\u01af\u1edbc t\u00ednh th\u1eddi gian \u0111\u1ecdc\" \/>\n\t<meta name=\"twitter:data1\" content=\"4 ph\u00fat\" \/>\n<script type=\"application\/ld+json\" class=\"yoast-schema-graph\">{\"@context\":\"https:\/\/schema.org\",\"@graph\":[{\"@type\":\"WebPage\",\"@id\":\"https:\/\/tatco.vn\/vi\/san-pham\/dau-banh-rang-cong-nghiep-castrol-alpha-sp-320\/\",\"url\":\"https:\/\/tatco.vn\/vi\/san-pham\/dau-banh-rang-cong-nghiep-castrol-alpha-sp-320\/\",\"name\":\"D\u1ea7u B\u00e1nh R\u0103ng Castrol ALPHA SP 320 - C\u00f4ng Ty TNHH D\u1ea7u Nh\u1eddn T&amp;T Vi\u1ec7t Nam\",\"isPartOf\":{\"@id\":\"https:\/\/tatco.vn\/en\/#website\"},\"primaryImageOfPage\":{\"@id\":\"https:\/\/tatco.vn\/vi\/san-pham\/dau-banh-rang-cong-nghiep-castrol-alpha-sp-320\/#primaryimage\"},\"image\":{\"@id\":\"https:\/\/tatco.vn\/vi\/san-pham\/dau-banh-rang-cong-nghiep-castrol-alpha-sp-320\/#primaryimage\"},\"thumbnailUrl\":\"https:\/\/tatco.vn\/wp-content\/uploads\/2022\/12\/Castrol-v5.png\",\"datePublished\":\"2025-02-04T04:46:57+00:00\",\"dateModified\":\"2025-02-07T11:12:04+00:00\",\"breadcrumb\":{\"@id\":\"https:\/\/tatco.vn\/vi\/san-pham\/dau-banh-rang-cong-nghiep-castrol-alpha-sp-320\/#breadcrumb\"},\"inLanguage\":\"vi\",\"potentialAction\":[{\"@type\":\"ReadAction\",\"target\":[\"https:\/\/tatco.vn\/vi\/san-pham\/dau-banh-rang-cong-nghiep-castrol-alpha-sp-320\/\"]}]},{\"@type\":\"ImageObject\",\"inLanguage\":\"vi\",\"@id\":\"https:\/\/tatco.vn\/vi\/san-pham\/dau-banh-rang-cong-nghiep-castrol-alpha-sp-320\/#primaryimage\",\"url\":\"https:\/\/tatco.vn\/wp-content\/uploads\/2022\/12\/Castrol-v5.png\",\"contentUrl\":\"https:\/\/tatco.vn\/wp-content\/uploads\/2022\/12\/Castrol-v5.png\",\"width\":750,\"height\":1000,\"caption\":\"Castrol Perfecto HT 5\"},{\"@type\":\"BreadcrumbList\",\"@id\":\"https:\/\/tatco.vn\/vi\/san-pham\/dau-banh-rang-cong-nghiep-castrol-alpha-sp-320\/#breadcrumb\",\"itemListElement\":[{\"@type\":\"ListItem\",\"position\":1,\"name\":\"Home\",\"item\":\"https:\/\/tatco.vn\/\"},{\"@type\":\"ListItem\",\"position\":2,\"name\":\"C\u1eeda h\u00e0ng\",\"item\":\"https:\/\/tatco.vn\/en\/mua\/\"},{\"@type\":\"ListItem\",\"position\":3,\"name\":\"D\u1ea7u B\u00e1nh R\u0103ng Castrol ALPHA SP 320\"}]},{\"@type\":\"WebSite\",\"@id\":\"https:\/\/tatco.vn\/en\/#website\",\"url\":\"https:\/\/tatco.vn\/en\/\",\"name\":\"C\u00f4ng Ty TNHH D\u1ea7u Nh\u1eddn T&amp;T Vi\u1ec7t Nam\",\"description\":\"Right Point - Right Time - Best Solution\",\"publisher\":{\"@id\":\"https:\/\/tatco.vn\/en\/#organization\"},\"potentialAction\":[{\"@type\":\"SearchAction\",\"target\":{\"@type\":\"EntryPoint\",\"urlTemplate\":\"https:\/\/tatco.vn\/en\/?s={search_term_string}\"},\"query-input\":{\"@type\":\"PropertyValueSpecification\",\"valueRequired\":true,\"valueName\":\"search_term_string\"}}],\"inLanguage\":\"vi\"},{\"@type\":\"Organization\",\"@id\":\"https:\/\/tatco.vn\/en\/#organization\",\"name\":\"C\u00f4ng Ty TNHH D\u1ea7u Nh\u1eddn T&T Vi\u1ec7t Nam\",\"url\":\"https:\/\/tatco.vn\/en\/\",\"logo\":{\"@type\":\"ImageObject\",\"inLanguage\":\"vi\",\"@id\":\"https:\/\/tatco.vn\/en\/#\/schema\/logo\/image\/\",\"url\":\"https:\/\/tatco.vn\/wp-content\/uploads\/2019\/05\/fav-ico.png\",\"contentUrl\":\"https:\/\/tatco.vn\/wp-content\/uploads\/2019\/05\/fav-ico.png\",\"width\":200,\"height\":200,\"caption\":\"C\u00f4ng Ty TNHH D\u1ea7u Nh\u1eddn T&T Vi\u1ec7t Nam\"},\"image\":{\"@id\":\"https:\/\/tatco.vn\/en\/#\/schema\/logo\/image\/\"}}]}<\/script>\n<!-- \/ Yoast SEO plugin. -->","yoast_head_json":{"title":"D\u1ea7u B\u00e1nh R\u0103ng Castrol ALPHA SP 320 - C\u00f4ng Ty TNHH D\u1ea7u Nh\u1eddn T&amp;T Vi\u1ec7t Nam","robots":{"index":"index","follow":"follow","max-snippet":"max-snippet:-1","max-image-preview":"max-image-preview:large","max-video-preview":"max-video-preview:-1"},"canonical":"https:\/\/tatco.vn\/vi\/san-pham\/dau-banh-rang-cong-nghiep-castrol-alpha-sp-320\/","og_locale":"vi_VN","og_type":"article","og_title":"D\u1ea7u B\u00e1nh R\u0103ng Castrol ALPHA SP 320 - C\u00f4ng Ty TNHH D\u1ea7u Nh\u1eddn T&amp;T Vi\u1ec7t Nam","og_url":"https:\/\/tatco.vn\/vi\/san-pham\/dau-banh-rang-cong-nghiep-castrol-alpha-sp-320\/","og_site_name":"C\u00f4ng Ty TNHH D\u1ea7u Nh\u1eddn T&amp;T Vi\u1ec7t Nam","article_modified_time":"2025-02-07T11:12:04+00:00","og_image":[{"width":750,"height":1000,"url":"https:\/\/tatco.vn\/wp-content\/uploads\/2022\/12\/Castrol-v5.png","type":"image\/png"}],"twitter_card":"summary_large_image","twitter_misc":{"\u01af\u1edbc t\u00ednh th\u1eddi gian \u0111\u1ecdc":"4 ph\u00fat"},"schema":{"@context":"https:\/\/schema.org","@graph":[{"@type":"WebPage","@id":"https:\/\/tatco.vn\/vi\/san-pham\/dau-banh-rang-cong-nghiep-castrol-alpha-sp-320\/","url":"https:\/\/tatco.vn\/vi\/san-pham\/dau-banh-rang-cong-nghiep-castrol-alpha-sp-320\/","name":"D\u1ea7u B\u00e1nh R\u0103ng Castrol ALPHA SP 320 - C\u00f4ng Ty TNHH D\u1ea7u Nh\u1eddn T&amp;T Vi\u1ec7t Nam","isPartOf":{"@id":"https:\/\/tatco.vn\/en\/#website"},"primaryImageOfPage":{"@id":"https:\/\/tatco.vn\/vi\/san-pham\/dau-banh-rang-cong-nghiep-castrol-alpha-sp-320\/#primaryimage"},"image":{"@id":"https:\/\/tatco.vn\/vi\/san-pham\/dau-banh-rang-cong-nghiep-castrol-alpha-sp-320\/#primaryimage"},"thumbnailUrl":"https:\/\/tatco.vn\/wp-content\/uploads\/2022\/12\/Castrol-v5.png","datePublished":"2025-02-04T04:46:57+00:00","dateModified":"2025-02-07T11:12:04+00:00","breadcrumb":{"@id":"https:\/\/tatco.vn\/vi\/san-pham\/dau-banh-rang-cong-nghiep-castrol-alpha-sp-320\/#breadcrumb"},"inLanguage":"vi","potentialAction":[{"@type":"ReadAction","target":["https:\/\/tatco.vn\/vi\/san-pham\/dau-banh-rang-cong-nghiep-castrol-alpha-sp-320\/"]}]},{"@type":"ImageObject","inLanguage":"vi","@id":"https:\/\/tatco.vn\/vi\/san-pham\/dau-banh-rang-cong-nghiep-castrol-alpha-sp-320\/#primaryimage","url":"https:\/\/tatco.vn\/wp-content\/uploads\/2022\/12\/Castrol-v5.png","contentUrl":"https:\/\/tatco.vn\/wp-content\/uploads\/2022\/12\/Castrol-v5.png","width":750,"height":1000,"caption":"Castrol Perfecto HT 5"},{"@type":"BreadcrumbList","@id":"https:\/\/tatco.vn\/vi\/san-pham\/dau-banh-rang-cong-nghiep-castrol-alpha-sp-320\/#breadcrumb","itemListElement":[{"@type":"ListItem","position":1,"name":"Home","item":"https:\/\/tatco.vn\/"},{"@type":"ListItem","position":2,"name":"C\u1eeda h\u00e0ng","item":"https:\/\/tatco.vn\/en\/mua\/"},{"@type":"ListItem","position":3,"name":"D\u1ea7u B\u00e1nh R\u0103ng Castrol ALPHA SP 320"}]},{"@type":"WebSite","@id":"https:\/\/tatco.vn\/en\/#website","url":"https:\/\/tatco.vn\/en\/","name":"C\u00f4ng Ty TNHH D\u1ea7u Nh\u1eddn T&amp;T Vi\u1ec7t Nam","description":"Right Point - Right Time - Best Solution","publisher":{"@id":"https:\/\/tatco.vn\/en\/#organization"},"potentialAction":[{"@type":"SearchAction","target":{"@type":"EntryPoint","urlTemplate":"https:\/\/tatco.vn\/en\/?s={search_term_string}"},"query-input":{"@type":"PropertyValueSpecification","valueRequired":true,"valueName":"search_term_string"}}],"inLanguage":"vi"},{"@type":"Organization","@id":"https:\/\/tatco.vn\/en\/#organization","name":"C\u00f4ng Ty TNHH D\u1ea7u Nh\u1eddn T&T Vi\u1ec7t Nam","url":"https:\/\/tatco.vn\/en\/","logo":{"@type":"ImageObject","inLanguage":"vi","@id":"https:\/\/tatco.vn\/en\/#\/schema\/logo\/image\/","url":"https:\/\/tatco.vn\/wp-content\/uploads\/2019\/05\/fav-ico.png","contentUrl":"https:\/\/tatco.vn\/wp-content\/uploads\/2019\/05\/fav-ico.png","width":200,"height":200,"caption":"C\u00f4ng Ty TNHH D\u1ea7u Nh\u1eddn T&T Vi\u1ec7t Nam"},"image":{"@id":"https:\/\/tatco.vn\/en\/#\/schema\/logo\/image\/"}}]}},"_links":{"self":[{"href":"https:\/\/tatco.vn\/vi\/wp-json\/wp\/v2\/product\/27772","targetHints":{"allow":["GET"]}}],"collection":[{"href":"https:\/\/tatco.vn\/vi\/wp-json\/wp\/v2\/product"}],"about":[{"href":"https:\/\/tatco.vn\/vi\/wp-json\/wp\/v2\/types\/product"}],"replies":[{"embeddable":true,"href":"https:\/\/tatco.vn\/vi\/wp-json\/wp\/v2\/comments?post=27772"}],"version-history":[{"count":0,"href":"https:\/\/tatco.vn\/vi\/wp-json\/wp\/v2\/product\/27772\/revisions"}],"wp:featuredmedia":[{"embeddable":true,"href":"https:\/\/tatco.vn\/vi\/wp-json\/wp\/v2\/media\/27593"}],"wp:attachment":[{"href":"https:\/\/tatco.vn\/vi\/wp-json\/wp\/v2\/media?parent=27772"}],"wp:term":[{"taxonomy":"product_cat","embeddable":true,"href":"https:\/\/tatco.vn\/vi\/wp-json\/wp\/v2\/product_cat?post=27772"},{"taxonomy":"product_tag","embeddable":true,"href":"https:\/\/tatco.vn\/vi\/wp-json\/wp\/v2\/product_tag?post=27772"}],"curies":[{"name":"wp","href":"https:\/\/api.w.org\/{rel}","templated":true}]}}