{"id":27759,"date":"2025-02-04T11:21:00","date_gmt":"2025-02-04T04:21:00","guid":{"rendered":"https:\/\/tatco.vn\/vi\/?post_type=product&#038;p=27759"},"modified":"2025-02-07T18:06:16","modified_gmt":"2025-02-07T11:06:16","slug":"castrol-alpha-smr-heavy-x-180kg","status":"publish","type":"product","link":"https:\/\/tatco.vn\/vi\/san-pham\/castrol-alpha-smr-heavy-x-180kg\/","title":{"rendered":"Castrol Alpha\u2122 SMR Heavy X 180KG"},"content":{"rendered":"<p><strong>Castrol Alpha\u2122 SMR Heavy X<\/strong> v\u00e0 <strong>Alpha SMR Medium<\/strong> l\u00e0 d\u00f2ng <strong>d\u1ea7u b\u00f4i tr\u01a1n b\u00e1nh r\u0103ng h\u1edf<\/strong> \u0111\u01b0\u1ee3c thi\u1ebft k\u1ebf \u0111\u1eb7c bi\u1ec7t cho vi\u1ec7c <strong>b\u00f4i tr\u01a1n \u1ed5 \u0111\u1ee1<\/strong> v\u00e0 <strong>b\u00e1nh r\u0103ng h\u1edf<\/strong> trong c\u00e1c ng\u00e0nh c\u00f4ng nghi\u1ec7p n\u1eb7ng, \u0111\u1eb7c bi\u1ec7t l\u00e0 <strong>ng\u00e0nh M\u00eda \u0110\u01b0\u1eddng<\/strong>. S\u1ea3n ph\u1ea9m n\u00e0y gi\u00fap thi\u1ebft b\u1ecb v\u1eadn h\u00e0nh tr\u01a1n tru, gi\u1ea3m thi\u1ec3u m\u00e0i m\u00f2n v\u00e0 k\u00e9o d\u00e0i tu\u1ed5i th\u1ecd.<\/p>\n<p style=\"text-align: justify\"><strong>\u1ee8NG D\u1ee4NG<\/strong><\/p>\n<ul style=\"text-align: justify\">\n<li><strong>M\u00e1y nghi\u1ec1n m\u00eda<\/strong>: \u0110\u00e1p \u1ee9ng nhu c\u1ea7u b\u00f4i tr\u01a1n kh\u1eaft khe c\u1ee7a <strong>\u1ed5 \u0111\u1ee1 l\u0103n<\/strong> v\u00e0 <strong>b\u00e1nh r\u0103ng h\u1edf<\/strong> ch\u1ecbu t\u1ea3i n\u1eb7ng trong m\u00e1y nghi\u1ec1n m\u00eda.<\/li>\n<li><strong>B\u00e1nh r\u0103ng h\u1edf ch\u1ecbu t\u1ea3i n\u1eb7ng<\/strong>: Ph\u00f9 h\u1ee3p cho c\u00e1c h\u1ec7 th\u1ed1ng b\u00e1nh r\u0103ng ho\u1ea1t \u0111\u1ed9ng trong \u0111i\u1ec1u ki\u1ec7n qu\u00e1 t\u1ea3i.<\/li>\n<li><strong>D\u00e2y c\u00e1p th\u00e9p<\/strong>: B\u00f4i tr\u01a1n v\u00e0 b\u1ea3o v\u1ec7 d\u00e2y c\u00e1p, gi\u1ea3m thi\u1ec3u hao m\u00f2n v\u00e0 h\u01b0 h\u1ecfng.<\/li>\n<\/ul>\n<p style=\"text-align: justify\"><strong>\u01afU \u0110I\u1ec2M N\u1ed4I B\u1eacT<\/strong><\/p>\n<ul>\n<li style=\"text-align: justify\"><strong>K\u00e9o d\u00e0i tu\u1ed5i th\u1ecd thi\u1ebft b\u1ecb<\/strong>: Ch\u1ee9a ph\u1ee5 gia ch\u1ecbu c\u1ef1c \u00e1p v\u00e0 ch\u1ea5t nh\u0169 h\u00f3a, s\u1ea3n ph\u1ea9m gi\u00fap gi\u1ea3m m\u00e0i m\u00f2n v\u00e0 b\u1ea3o v\u1ec7 b\u1ec1 m\u1eb7t ti\u1ebfp x\u00fac kh\u1ecfi t\u00e1c h\u1ea1i c\u1ee7a <strong>n\u01b0\u1edbc m\u00eda<\/strong>.<\/li>\n<li style=\"text-align: justify\"><strong>Gi\u1ea3m chi ph\u00ed b\u1ea3o tr\u00ec<\/strong>: Kh\u1ea3 n\u0103ng ch\u1ecbu t\u1ea3i cao v\u00e0 ch\u1ed1ng m\u00e0i m\u00f2n gi\u00fap gi\u1ea3m t\u1ea7n su\u1ea5t v\u00e0 chi ph\u00ed b\u1ea3o tr\u00ec.<\/li>\n<li style=\"text-align: justify\"><strong>\u0110a d\u1ea1ng \u0111\u1ed9 nh\u1edbt<\/strong>: Cung c\u1ea5p nhi\u1ec1u l\u1ef1a ch\u1ecdn v\u1ec1 \u0111\u1ed9 nh\u1edbt, \u0111\u1ea3m b\u1ea3o ph\u00f9 h\u1ee3p v\u1edbi t\u1eebng \u1ee9ng d\u1ee5ng c\u1ee5 th\u1ec3.<\/li>\n<li style=\"text-align: justify\"><strong>Ch\u1ed1ng v\u0103ng v\u00e0 b\u00e1m d\u00ednh t\u1ed1t<\/strong>: T\u00ednh ch\u1ea5t b\u00e1m d\u00ednh tuy\u1ec7t v\u1eddi gi\u00fap d\u1ea7u kh\u00f4ng b\u1ecb v\u0103ng ra kh\u1ecfi b\u00e1nh r\u0103ng, duy tr\u00ec l\u1edbp m\u00e0ng b\u00f4i tr\u01a1n \u1ed5n \u0111\u1ecbnh.<\/li>\n<li style=\"text-align: justify\"><strong>B\u1ea3o v\u1ec7 to\u00e0n di\u1ec7n<\/strong>: Ch\u1ed1ng \u0103n m\u00f2n v\u00e0 m\u00e0i m\u00f2n, \u0111\u1ea3m b\u1ea3o thi\u1ebft b\u1ecb ho\u1ea1t \u0111\u1ed9ng hi\u1ec7u qu\u1ea3 trong th\u1eddi gian d\u00e0i.<\/li>\n<\/ul>\n<p><strong>\u0110\u1eb6C T\u00cdNH K\u1ef8 THU\u1eacT<\/strong><\/p>\n<div>\n<div>\n<div class=\"table-responsive\">\n<table class=\"table table-striped\">\n<thead>\n<tr>\n<th><strong>T\u00ean s\u1ea3n ph\u1ea9m<\/strong><\/th>\n<th><strong>Alpha SMR Medium<\/strong><\/th>\n<th><strong>Alpha SMR Heavy X<\/strong><\/th>\n<\/tr>\n<\/thead>\n<tbody>\n<tr>\n<td><strong>M\u00e0u s\u1eafc<\/strong><\/td>\n<td>\u0110en<\/td>\n<td>\u0110en<\/td>\n<\/tr>\n<tr>\n<td><strong>T\u1ef7 tr\u1ecdng @ 20\u00b0C (kg\/m\u00b3)<\/strong><\/td>\n<td>995<\/td>\n<td>11500<\/td>\n<\/tr>\n<tr>\n<td><strong>\u0110\u1ed9 nh\u1edbt \u0111\u1ed9ng h\u1ecdc @ 40\u00b0C (mm\u00b2\/s)<\/strong><\/td>\n<td>949<\/td>\n<td>1205<\/td>\n<\/tr>\n<tr>\n<td><strong>Ch\u1ec9 s\u1ed1 \u0111\u1ed9 nh\u1edbt<\/strong><\/td>\n<td>50.5<\/td>\n<td>84<\/td>\n<\/tr>\n<tr>\n<td><strong>\u0110i\u1ec3m r\u00f3t ch\u1ea3y (\u00b0C)<\/strong><\/td>\n<td>0<\/td>\n<td>12<\/td>\n<\/tr>\n<tr>\n<td><strong>\u0110i\u1ec3m ch\u1edbp ch\u00e1y (\u00b0C)<\/strong><\/td>\n<td>250<\/td>\n<td>256<\/td>\n<\/tr>\n<tr>\n<td><strong>Ch\u1ee9a Bitumen<\/strong><\/td>\n<td>C\u00f3<\/td>\n<td>C\u00f3<\/td>\n<\/tr>\n<tr>\n<td><strong>Ph\u1ee5 gia EP<\/strong><\/td>\n<td>C\u00f3<\/td>\n<td>C\u00f3<\/td>\n<\/tr>\n<\/tbody>\n<\/table>\n<\/div>\n<div><\/div>\n<\/div>\n<p><em>S\u1ea3n ph\u1ea9m tr\u01b0\u1edbc \u0111\u00e2y \u0111\u01b0\u1ee3c g\u1ecdi l\u00e0 SMR Range. T\u00ean s\u1ea3n ph\u1ea9m \u0111\u00e3 \u0111\u01b0\u1ee3c thay \u0111\u1ed5i v\u00e0o n\u0103m 2015.<\/em><\/p>","protected":false},"excerpt":{"rendered":"<p><strong>Castrol Alpha\u2122 SMR Heavy X<\/strong> v\u00e0 <strong>Alpha SMR Medium<\/strong> l\u00e0 d\u00f2ng <strong>d\u1ea7u b\u00f4i tr\u01a1n b\u00e1nh r\u0103ng h\u1edf<\/strong> \u0111\u01b0\u1ee3c thi\u1ebft k\u1ebf \u0111\u1eb7c bi\u1ec7t cho vi\u1ec7c <strong>b\u00f4i tr\u01a1n \u1ed5 \u0111\u1ee1<\/strong> v\u00e0 <strong>b\u00e1nh r\u0103ng h\u1edf<\/strong> trong c\u00e1c ng\u00e0nh c\u00f4ng nghi\u1ec7p n\u1eb7ng, \u0111\u1eb7c bi\u1ec7t l\u00e0 <strong>ng\u00e0nh M\u00eda \u0110\u01b0\u1eddng<\/strong>. S\u1ea3n ph\u1ea9m n\u00e0y gi\u00fap thi\u1ebft b\u1ecb v\u1eadn h\u00e0nh tr\u01a1n tru, gi\u1ea3m thi\u1ec3u m\u00e0i m\u00f2n v\u00e0 k\u00e9o d\u00e0i tu\u1ed5i th\u1ecd.<\/p>\n","protected":false},"featured_media":27593,"comment_status":"closed","ping_status":"closed","template":"","meta":[],"product_cat":[781,1088,760],"product_tag":[873,869,870,868,872,874,871],"class_list":{"0":"post-27759","1":"product","2":"type-product","3":"status-publish","4":"has-post-thumbnail","6":"product_brand-castrol","7":"product_cat-dau-banh-rang-castrol","8":"product_cat-dau-banh-rang-castrol-alpha-smr","9":"product_cat-dau-nhot-castrol","10":"product_tag-boi-tron-o-do-va-banh-rang","11":"product_tag-castrol-alpha-smr-heavy-x","12":"product_tag-dau-banh-rang-cong-nghiep","13":"product_tag-dau-boi-tron-banh-rang-ho","14":"product_tag-dau-boi-tron-chiu-cuc-ap","15":"product_tag-dau-boi-tron-chong-mai-mon","16":"product_tag-dau-cho-may-nghien-mia","18":"first","19":"instock","20":"shipping-taxable","21":"product-type-simple"},"yoast_head":"<!-- This site is optimized with the Yoast SEO plugin v27.2 - https:\/\/yoast.com\/product\/yoast-seo-wordpress\/ -->\n<title>Castrol Alpha\u2122 SMR Heavy X 180KG - C\u00f4ng Ty TNHH D\u1ea7u Nh\u1eddn T&amp;T Vi\u1ec7t Nam<\/title>\n<meta name=\"robots\" content=\"index, follow, max-snippet:-1, max-image-preview:large, max-video-preview:-1\" \/>\n<link rel=\"canonical\" href=\"https:\/\/tatco.vn\/vi\/san-pham\/castrol-alpha-smr-heavy-x-180kg\/\" \/>\n<meta property=\"og:locale\" content=\"vi_VN\" \/>\n<meta property=\"og:type\" content=\"article\" \/>\n<meta property=\"og:title\" content=\"Castrol Alpha\u2122 SMR Heavy X 180KG - C\u00f4ng Ty TNHH D\u1ea7u Nh\u1eddn T&amp;T Vi\u1ec7t Nam\" \/>\n<meta property=\"og:url\" content=\"https:\/\/tatco.vn\/vi\/san-pham\/castrol-alpha-smr-heavy-x-180kg\/\" \/>\n<meta property=\"og:site_name\" content=\"C\u00f4ng Ty TNHH D\u1ea7u Nh\u1eddn T&amp;T Vi\u1ec7t Nam\" \/>\n<meta property=\"article:modified_time\" content=\"2025-02-07T11:06:16+00:00\" \/>\n<meta property=\"og:image\" content=\"https:\/\/tatco.vn\/wp-content\/uploads\/2022\/12\/Castrol-v5.png\" \/>\n\t<meta property=\"og:image:width\" content=\"750\" \/>\n\t<meta property=\"og:image:height\" content=\"1000\" \/>\n\t<meta property=\"og:image:type\" content=\"image\/png\" \/>\n<meta name=\"twitter:card\" content=\"summary_large_image\" \/>\n<meta name=\"twitter:label1\" content=\"\u01af\u1edbc t\u00ednh th\u1eddi gian \u0111\u1ecdc\" \/>\n\t<meta name=\"twitter:data1\" content=\"2 ph\u00fat\" \/>\n<script type=\"application\/ld+json\" class=\"yoast-schema-graph\">{\"@context\":\"https:\/\/schema.org\",\"@graph\":[{\"@type\":\"WebPage\",\"@id\":\"https:\/\/tatco.vn\/vi\/san-pham\/castrol-alpha-smr-heavy-x-180kg\/\",\"url\":\"https:\/\/tatco.vn\/vi\/san-pham\/castrol-alpha-smr-heavy-x-180kg\/\",\"name\":\"Castrol Alpha\u2122 SMR Heavy X 180KG - C\u00f4ng Ty TNHH D\u1ea7u Nh\u1eddn T&amp;T Vi\u1ec7t Nam\",\"isPartOf\":{\"@id\":\"https:\/\/tatco.vn\/en\/#website\"},\"primaryImageOfPage\":{\"@id\":\"https:\/\/tatco.vn\/vi\/san-pham\/castrol-alpha-smr-heavy-x-180kg\/#primaryimage\"},\"image\":{\"@id\":\"https:\/\/tatco.vn\/vi\/san-pham\/castrol-alpha-smr-heavy-x-180kg\/#primaryimage\"},\"thumbnailUrl\":\"https:\/\/tatco.vn\/wp-content\/uploads\/2022\/12\/Castrol-v5.png\",\"datePublished\":\"2025-02-04T04:21:00+00:00\",\"dateModified\":\"2025-02-07T11:06:16+00:00\",\"breadcrumb\":{\"@id\":\"https:\/\/tatco.vn\/vi\/san-pham\/castrol-alpha-smr-heavy-x-180kg\/#breadcrumb\"},\"inLanguage\":\"vi\",\"potentialAction\":[{\"@type\":\"ReadAction\",\"target\":[\"https:\/\/tatco.vn\/vi\/san-pham\/castrol-alpha-smr-heavy-x-180kg\/\"]}]},{\"@type\":\"ImageObject\",\"inLanguage\":\"vi\",\"@id\":\"https:\/\/tatco.vn\/vi\/san-pham\/castrol-alpha-smr-heavy-x-180kg\/#primaryimage\",\"url\":\"https:\/\/tatco.vn\/wp-content\/uploads\/2022\/12\/Castrol-v5.png\",\"contentUrl\":\"https:\/\/tatco.vn\/wp-content\/uploads\/2022\/12\/Castrol-v5.png\",\"width\":750,\"height\":1000,\"caption\":\"Castrol Perfecto HT 5\"},{\"@type\":\"BreadcrumbList\",\"@id\":\"https:\/\/tatco.vn\/vi\/san-pham\/castrol-alpha-smr-heavy-x-180kg\/#breadcrumb\",\"itemListElement\":[{\"@type\":\"ListItem\",\"position\":1,\"name\":\"Home\",\"item\":\"https:\/\/tatco.vn\/\"},{\"@type\":\"ListItem\",\"position\":2,\"name\":\"C\u1eeda h\u00e0ng\",\"item\":\"https:\/\/tatco.vn\/en\/mua\/\"},{\"@type\":\"ListItem\",\"position\":3,\"name\":\"Castrol Alpha\u2122 SMR Heavy X 180KG\"}]},{\"@type\":\"WebSite\",\"@id\":\"https:\/\/tatco.vn\/en\/#website\",\"url\":\"https:\/\/tatco.vn\/en\/\",\"name\":\"C\u00f4ng Ty TNHH D\u1ea7u Nh\u1eddn T&amp;T Vi\u1ec7t Nam\",\"description\":\"Right Point - Right Time - Best Solution\",\"publisher\":{\"@id\":\"https:\/\/tatco.vn\/en\/#organization\"},\"potentialAction\":[{\"@type\":\"SearchAction\",\"target\":{\"@type\":\"EntryPoint\",\"urlTemplate\":\"https:\/\/tatco.vn\/en\/?s={search_term_string}\"},\"query-input\":{\"@type\":\"PropertyValueSpecification\",\"valueRequired\":true,\"valueName\":\"search_term_string\"}}],\"inLanguage\":\"vi\"},{\"@type\":\"Organization\",\"@id\":\"https:\/\/tatco.vn\/en\/#organization\",\"name\":\"C\u00f4ng Ty TNHH D\u1ea7u Nh\u1eddn T&T Vi\u1ec7t Nam\",\"url\":\"https:\/\/tatco.vn\/en\/\",\"logo\":{\"@type\":\"ImageObject\",\"inLanguage\":\"vi\",\"@id\":\"https:\/\/tatco.vn\/en\/#\/schema\/logo\/image\/\",\"url\":\"https:\/\/tatco.vn\/wp-content\/uploads\/2019\/05\/fav-ico.png\",\"contentUrl\":\"https:\/\/tatco.vn\/wp-content\/uploads\/2019\/05\/fav-ico.png\",\"width\":200,\"height\":200,\"caption\":\"C\u00f4ng Ty TNHH D\u1ea7u Nh\u1eddn T&T Vi\u1ec7t Nam\"},\"image\":{\"@id\":\"https:\/\/tatco.vn\/en\/#\/schema\/logo\/image\/\"}}]}<\/script>\n<!-- \/ Yoast SEO plugin. -->","yoast_head_json":{"title":"Castrol Alpha\u2122 SMR Heavy X 180KG - C\u00f4ng Ty TNHH D\u1ea7u Nh\u1eddn T&amp;T Vi\u1ec7t Nam","robots":{"index":"index","follow":"follow","max-snippet":"max-snippet:-1","max-image-preview":"max-image-preview:large","max-video-preview":"max-video-preview:-1"},"canonical":"https:\/\/tatco.vn\/vi\/san-pham\/castrol-alpha-smr-heavy-x-180kg\/","og_locale":"vi_VN","og_type":"article","og_title":"Castrol Alpha\u2122 SMR Heavy X 180KG - C\u00f4ng Ty TNHH D\u1ea7u Nh\u1eddn T&amp;T Vi\u1ec7t Nam","og_url":"https:\/\/tatco.vn\/vi\/san-pham\/castrol-alpha-smr-heavy-x-180kg\/","og_site_name":"C\u00f4ng Ty TNHH D\u1ea7u Nh\u1eddn T&amp;T Vi\u1ec7t Nam","article_modified_time":"2025-02-07T11:06:16+00:00","og_image":[{"width":750,"height":1000,"url":"https:\/\/tatco.vn\/wp-content\/uploads\/2022\/12\/Castrol-v5.png","type":"image\/png"}],"twitter_card":"summary_large_image","twitter_misc":{"\u01af\u1edbc t\u00ednh th\u1eddi gian \u0111\u1ecdc":"2 ph\u00fat"},"schema":{"@context":"https:\/\/schema.org","@graph":[{"@type":"WebPage","@id":"https:\/\/tatco.vn\/vi\/san-pham\/castrol-alpha-smr-heavy-x-180kg\/","url":"https:\/\/tatco.vn\/vi\/san-pham\/castrol-alpha-smr-heavy-x-180kg\/","name":"Castrol Alpha\u2122 SMR Heavy X 180KG - C\u00f4ng Ty TNHH D\u1ea7u Nh\u1eddn T&amp;T Vi\u1ec7t Nam","isPartOf":{"@id":"https:\/\/tatco.vn\/en\/#website"},"primaryImageOfPage":{"@id":"https:\/\/tatco.vn\/vi\/san-pham\/castrol-alpha-smr-heavy-x-180kg\/#primaryimage"},"image":{"@id":"https:\/\/tatco.vn\/vi\/san-pham\/castrol-alpha-smr-heavy-x-180kg\/#primaryimage"},"thumbnailUrl":"https:\/\/tatco.vn\/wp-content\/uploads\/2022\/12\/Castrol-v5.png","datePublished":"2025-02-04T04:21:00+00:00","dateModified":"2025-02-07T11:06:16+00:00","breadcrumb":{"@id":"https:\/\/tatco.vn\/vi\/san-pham\/castrol-alpha-smr-heavy-x-180kg\/#breadcrumb"},"inLanguage":"vi","potentialAction":[{"@type":"ReadAction","target":["https:\/\/tatco.vn\/vi\/san-pham\/castrol-alpha-smr-heavy-x-180kg\/"]}]},{"@type":"ImageObject","inLanguage":"vi","@id":"https:\/\/tatco.vn\/vi\/san-pham\/castrol-alpha-smr-heavy-x-180kg\/#primaryimage","url":"https:\/\/tatco.vn\/wp-content\/uploads\/2022\/12\/Castrol-v5.png","contentUrl":"https:\/\/tatco.vn\/wp-content\/uploads\/2022\/12\/Castrol-v5.png","width":750,"height":1000,"caption":"Castrol Perfecto HT 5"},{"@type":"BreadcrumbList","@id":"https:\/\/tatco.vn\/vi\/san-pham\/castrol-alpha-smr-heavy-x-180kg\/#breadcrumb","itemListElement":[{"@type":"ListItem","position":1,"name":"Home","item":"https:\/\/tatco.vn\/"},{"@type":"ListItem","position":2,"name":"C\u1eeda h\u00e0ng","item":"https:\/\/tatco.vn\/en\/mua\/"},{"@type":"ListItem","position":3,"name":"Castrol Alpha\u2122 SMR Heavy X 180KG"}]},{"@type":"WebSite","@id":"https:\/\/tatco.vn\/en\/#website","url":"https:\/\/tatco.vn\/en\/","name":"C\u00f4ng Ty TNHH D\u1ea7u Nh\u1eddn T&amp;T Vi\u1ec7t Nam","description":"Right Point - Right Time - Best Solution","publisher":{"@id":"https:\/\/tatco.vn\/en\/#organization"},"potentialAction":[{"@type":"SearchAction","target":{"@type":"EntryPoint","urlTemplate":"https:\/\/tatco.vn\/en\/?s={search_term_string}"},"query-input":{"@type":"PropertyValueSpecification","valueRequired":true,"valueName":"search_term_string"}}],"inLanguage":"vi"},{"@type":"Organization","@id":"https:\/\/tatco.vn\/en\/#organization","name":"C\u00f4ng Ty TNHH D\u1ea7u Nh\u1eddn T&T Vi\u1ec7t Nam","url":"https:\/\/tatco.vn\/en\/","logo":{"@type":"ImageObject","inLanguage":"vi","@id":"https:\/\/tatco.vn\/en\/#\/schema\/logo\/image\/","url":"https:\/\/tatco.vn\/wp-content\/uploads\/2019\/05\/fav-ico.png","contentUrl":"https:\/\/tatco.vn\/wp-content\/uploads\/2019\/05\/fav-ico.png","width":200,"height":200,"caption":"C\u00f4ng Ty TNHH D\u1ea7u Nh\u1eddn T&T Vi\u1ec7t Nam"},"image":{"@id":"https:\/\/tatco.vn\/en\/#\/schema\/logo\/image\/"}}]}},"_links":{"self":[{"href":"https:\/\/tatco.vn\/vi\/wp-json\/wp\/v2\/product\/27759","targetHints":{"allow":["GET"]}}],"collection":[{"href":"https:\/\/tatco.vn\/vi\/wp-json\/wp\/v2\/product"}],"about":[{"href":"https:\/\/tatco.vn\/vi\/wp-json\/wp\/v2\/types\/product"}],"replies":[{"embeddable":true,"href":"https:\/\/tatco.vn\/vi\/wp-json\/wp\/v2\/comments?post=27759"}],"version-history":[{"count":0,"href":"https:\/\/tatco.vn\/vi\/wp-json\/wp\/v2\/product\/27759\/revisions"}],"wp:featuredmedia":[{"embeddable":true,"href":"https:\/\/tatco.vn\/vi\/wp-json\/wp\/v2\/media\/27593"}],"wp:attachment":[{"href":"https:\/\/tatco.vn\/vi\/wp-json\/wp\/v2\/media?parent=27759"}],"wp:term":[{"taxonomy":"product_cat","embeddable":true,"href":"https:\/\/tatco.vn\/vi\/wp-json\/wp\/v2\/product_cat?post=27759"},{"taxonomy":"product_tag","embeddable":true,"href":"https:\/\/tatco.vn\/vi\/wp-json\/wp\/v2\/product_tag?post=27759"}],"curies":[{"name":"wp","href":"https:\/\/api.w.org\/{rel}","templated":true}]}}