{"id":27744,"date":"2025-02-03T14:08:09","date_gmt":"2025-02-03T07:08:09","guid":{"rendered":"https:\/\/tatco.vn\/vi\/?post_type=product&#038;p=27744"},"modified":"2025-02-07T18:03:07","modified_gmt":"2025-02-07T11:03:07","slug":"dau-thuy-luc-hyspin-hvi-32","status":"publish","type":"product","link":"https:\/\/tatco.vn\/vi\/san-pham\/dau-thuy-luc-hyspin-hvi-32\/","title":{"rendered":"D\u1ea7u Th\u1ee7y L\u1ef1c Castrol HYSPIN HVI 32"},"content":{"rendered":"<p><strong>Castrol Hyspin HVI 32 \u2013 D\u1ea7u Th\u1ee7y L\u1ef1c Ch\u1ec9 S\u1ed1 \u0110\u1ed9 Nh\u1edbt Cao V\u1edbi Hi\u1ec7u Su\u1ea5t V\u01b0\u1ee3t Tr\u1ed9i<\/strong><\/p>\n<h3><strong>Gi\u1edbi Thi\u1ec7u V\u1ec1 Castrol Hyspin HVI 32<\/strong><\/h3>\n<p style=\"text-align: justify\"><strong>Castrol Hyspin HVI 32<\/strong>\u00a0l\u00e0 d\u1ea7u th\u1ee7y l\u1ef1c c\u00f3 ch\u1ec9 s\u1ed1 \u0111\u1ed9 nh\u1edbt cao, \u0111\u01b0\u1ee3c pha ch\u1ebf v\u1edbi c\u00e1c ph\u1ee5 gia ch\u1ecdn l\u1ecdc kh\u00f4ng tro (kh\u00f4ng k\u1ebdm) nh\u1eb1m \u0111\u00e1p \u1ee9ng v\u00e0 v\u01b0\u1ee3t qua c\u00e1c ti\u00eau chu\u1ea9n t\u00ednh n\u0103ng l\u00e0m vi\u1ec7c cao nh\u1ea5t. S\u1ea3n ph\u1ea9m n\u00e0y \u0111\u01b0\u1ee3c thi\u1ebft k\u1ebf \u0111\u1eb7c bi\u1ec7t cho c\u00e1c h\u1ec7 th\u1ed1ng th\u1ee7y l\u1ef1c ch\u1ecbu c\u00e1c \u1ee9ng su\u1ea5t kh\u1eafc nghi\u1ec7t, \u0111\u00f2i h\u1ecfi t\u00ednh n\u0103ng ch\u1ed1ng m\u00e0i m\u00f2n cao v\u00e0 \u0111\u1ed9 l\u1ecdc m\u1ecbn.<\/p>\n<h3 style=\"text-align: justify\"><strong>C\u00f4ng D\u1ee5ng N\u1ed5i B\u1eadt<\/strong><\/h3>\n<ul style=\"text-align: justify\">\n<li><strong>Ch\u1ed1ng m\u00e0i m\u00f2n v\u00e0 ch\u1ed1ng \u0103n m\u00f2n tuy\u1ec7t h\u1ea3o:<\/strong> Gi\u00fap b\u1ea3o v\u1ec7 t\u1ed1t h\u01a1n cho c\u00e1c b\u01a1m th\u1ee7y l\u1ef1c, gi\u1ea3m th\u1eddi gian d\u1eebng m\u00e1y ngo\u00e0i k\u1ebf ho\u1ea1ch v\u00e0 ti\u1ebft ki\u1ec7m chi ph\u00ed thay th\u1ebf ph\u1ee5 t\u00f9ng.<\/li>\n<li><strong>B\u1ec1n nhi\u1ec7t v\u00e0 b\u1ec1n \u00f4-xi h\u00f3a v\u01b0\u1ee3t tr\u1ed9i:<\/strong> Duy tr\u00ec hi\u1ec7u su\u1ea5t ho\u1ea1t \u0111\u1ed9ng trong c\u00e1c \u0111i\u1ec1u ki\u1ec7n kh\u1eafc nghi\u1ec7t, gi\u1ea3m thi\u1ec3u s\u1ef1 h\u00ecnh th\u00e0nh c\u1eb7n v\u00e0 gi\u00fap h\u1ec7 th\u1ed1ng s\u1ea1ch h\u01a1n, \u00edt ph\u1ea3i thay l\u1ecdc nh\u1edbt.<\/li>\n<li><strong>B\u1ec1n th\u1ee7y ph\u00e2n v\u00e0 t\u00e1ch n\u01b0\u1edbc nhanh ch\u00f3ng:<\/strong> Gi\u1ea3m th\u1eddi gian d\u1eebng m\u00e1y nh\u1edd d\u1ea7u d\u00f9ng \u0111\u01b0\u1ee3c l\u00e2u h\u01a1n v\u00e0 thi\u1ebft b\u1ecb ho\u1ea1t \u0111\u1ed9ng tin c\u1eady h\u01a1n.<\/li>\n<li><strong>H\u1ec7 ph\u1ee5 gia b\u1ec1n tr\u01b0\u1ee3t c\u1eaft:<\/strong> Gi\u00fap duy tr\u00ec \u0111\u1eb7c t\u00ednh nh\u1edbt trong d\u1ea3i nhi\u1ec7t \u0111\u1ed9 l\u00e0m vi\u1ec7c r\u1ed9ng, ngay c\u1ea3 trong th\u1eddi gian s\u1eed d\u1ee5ng d\u00e0i, \u0111\u1ea3m b\u1ea3o \u0111\u1ed9 nh\u1edbt kh\u00f4ng suy gi\u1ea3m qu\u00e1 nhi\u1ec1u do tr\u01b0\u1ee3t c\u1eaft c\u01a1 h\u1ecdc.<\/li>\n<li><strong>\u0110i\u1ec3m r\u00f3t ch\u1ea3y r\u1ea5t th\u1ea5p:<\/strong> Cho ph\u00e9p d\u1ea7u ho\u1ea1t \u0111\u1ed9ng t\u1ed1t trong nh\u1eefng m\u00f4i tr\u01b0\u1eddng r\u1ea5t l\u1ea1nh, ph\u00f9 h\u1ee3p v\u1edbi nhi\u1ec1u \u0111i\u1ec1u ki\u1ec7n th\u1eddi ti\u1ebft kh\u00e1c nhau.<\/li>\n<\/ul>\n<h3 style=\"text-align: justify\"><strong>\u1ee8ng D\u1ee5ng C\u1ee7a Castrol Hyspin HVI 32<\/strong><\/h3>\n<ul style=\"text-align: justify\">\n<li><strong>Thi\u1ebft b\u1ecb l\u00e0m vi\u1ec7c ngo\u00e0i tr\u1eddi:<\/strong> Ho\u1ea1t \u0111\u1ed9ng trong d\u1ea3i nhi\u1ec7t \u0111\u1ed9 r\u1ed9ng, ph\u00f9 h\u1ee3p v\u1edbi kh\u1edfi \u0111\u1ed9ng l\u1ea1nh v\u00e0 v\u1eadn h\u00e0nh li\u00ean t\u1ee5c \u1edf nhi\u1ec7t \u0111\u1ed9 cao cho c\u00e1c m\u00e1y thi c\u00f4ng c\u01a1 gi\u1edbi v\u00e0 thi\u1ebft b\u1ecb h\u00e0ng h\u1ea3i.<\/li>\n<li><strong>Thi\u1ebft b\u1ecb s\u1ea3n xu\u1ea5t trong nh\u00e0 x\u01b0\u1edfng:<\/strong> C\u00e1c h\u1ec7 th\u1ed1ng \u0111i\u1ec1u khi\u1ec3n y\u00eau c\u1ea7u \u0111\u1ed9 nh\u1edbt thay \u0111\u1ed5i \u00edt nh\u1ea5t theo nhi\u1ec7t \u0111\u1ed9, nh\u01b0 trong c\u00e1c m\u00e1y gia c\u00f4ng c\u01a1 kh\u00ed ch\u00ednh x\u00e1c.<\/li>\n<li><strong>T\u01b0\u01a1ng th\u00edch v\u1edbi v\u1eadt li\u1ec7u l\u00e0m k\u00edn:<\/strong> Ho\u00e0n to\u00e0n ph\u00f9 h\u1ee3p v\u1edbi c\u00e1c v\u1eadt li\u1ec7u nh\u01b0 nitrile, silicone v\u00e0 fluropolyme (Viton) th\u01b0\u1eddng d\u00f9ng trong c\u00e1c ph\u1ed1t t\u0129nh ho\u1eb7c \u0111\u1ed9ng.<\/li>\n<\/ul>\n<h3 style=\"text-align: justify\"><strong>Ti\u00eau Chu\u1ea9n v\u00e0 Ch\u1ee9ng Nh\u1eadn<\/strong><\/h3>\n<p style=\"text-align: justify\"><em>Castrol Hyspin HVI<\/em> \u0111\u01b0\u1ee3c ph\u00e2n lo\u1ea1i v\u00e0 \u0111\u00e1p \u1ee9ng c\u00e1c ti\u00eau chu\u1ea9n sau (t\u00f9y theo \u0111\u1ed9 nh\u1edbt):<\/p>\n<ul style=\"text-align: justify\">\n<li><strong>DIN 51502 \u2013 HVLP<\/strong><\/li>\n<li><strong>ISO 6743\/4 \u2013 HV<\/strong><\/li>\n<\/ul>\n<p style=\"text-align: justify\">S\u1ea3n ph\u1ea9m \u0111\u00e1p \u1ee9ng c\u00e1c y\u00eau c\u1ea7u c\u1ee7a:<\/p>\n<ul style=\"text-align: justify\">\n<li style=\"list-style-type: none\">\n<ul>\n<li><strong>DIN 51524<\/strong><\/li>\n<\/ul>\n<\/li>\n<\/ul>\n<ul style=\"text-align: justify\">\n<li><strong>Cincinnati Lamb (Milacron) P 68-69-70<\/strong><\/li>\n<li><strong>Denison (Parker Hannifin) HF-0<\/strong><\/li>\n<li><strong>US Steel 126 &amp; 127<\/strong><\/li>\n<li><strong>Eaton (Vickers) I-286-S &amp; M-2950-S<\/strong><\/li>\n<li><strong>Frank Mohn<\/strong><\/li>\n<\/ul>\n<h3 style=\"text-align: justify\"><strong>L\u1ee3i \u00cdch V\u01b0\u1ee3t Tr\u1ed9i<\/strong><\/h3>\n<ul>\n<li style=\"text-align: justify\"><strong>Ch\u1ec9 s\u1ed1 \u0111\u1ed9 nh\u1edbt cao v\u00e0 \u0111i\u1ec3m r\u00f3t ch\u1ea3y th\u1ea5p:<\/strong> Gi\u00fap d\u1ea7u ho\u1ea1t \u0111\u1ed9ng hi\u1ec7u qu\u1ea3 trong d\u1ea3i nhi\u1ec7t \u0111\u1ed9 r\u1ed9ng, \u0111\u1ea3m b\u1ea3o hi\u1ec7u su\u1ea5t \u1ed5n \u0111\u1ecbnh.<\/li>\n<li style=\"text-align: justify\"><strong>B\u1ec1n tr\u01b0\u1ee3t c\u1eaft:<\/strong> \u0110\u1ed9 nh\u1edbt kh\u00f4ng suy gi\u1ea3m qu\u00e1 nhi\u1ec1u do tr\u01b0\u1ee3t c\u1eaft c\u01a1 h\u1ecdc, duy tr\u00ec hi\u1ec7u su\u1ea5t trong su\u1ed1t th\u1eddi gian s\u1eed d\u1ee5ng.<\/li>\n<li style=\"text-align: justify\"><strong>Ch\u1ed1ng \u0103n m\u00f2n tuy\u1ec7t h\u1ea3o:<\/strong> B\u1ea3o v\u1ec7 thi\u1ebft b\u1ecb, k\u00e9o d\u00e0i tu\u1ed5i th\u1ecd v\u00e0 gi\u1ea3m chi ph\u00ed b\u1ea3o tr\u00ec.<\/li>\n<li style=\"text-align: justify\"><strong>T\u00e1ch n\u01b0\u1edbc v\u00e0 b\u1ec1n th\u1ee7y ph\u00e2n t\u1ed1t:<\/strong> D\u1ea7u d\u00f9ng \u0111\u01b0\u1ee3c l\u00e2u h\u01a1n, thi\u1ebft b\u1ecb ho\u1ea1t \u0111\u1ed9ng tin c\u1eady h\u01a1n, gi\u1ea3m th\u1eddi gian d\u1eebng m\u00e1y.<\/li>\n<li style=\"text-align: justify\"><strong>B\u1ec1n nhi\u1ec7t v\u00e0 b\u1ec1n \u00f4-xi h\u00f3a:<\/strong> Gi\u1ea3m thi\u1ec3u c\u1eb7n b\u1ea9n, gi\u1eef h\u1ec7 th\u1ed1ng s\u1ea1ch h\u01a1n, gi\u1ea3m nhu c\u1ea7u thay l\u1ecdc d\u1ea7u.<\/li>\n<li style=\"text-align: justify\"><strong>T\u00ednh l\u1ecdc t\u1ed1t ngay c\u1ea3 khi nhi\u1ec5m n\u01b0\u1edbc:<\/strong> Ti\u1ebft ki\u1ec7m chi ph\u00ed b\u1eb1ng c\u00e1ch k\u00e9o d\u00e0i th\u1eddi gian s\u1eed d\u1ee5ng l\u1ecdc nh\u1edbt.<\/li>\n<\/ul>\n<h3><strong>Th\u00f4ng S\u1ed1 K\u1ef9 Thu\u1eadt Ti\u00eau Bi\u1ec3u<\/strong><\/h3>\n<div>\n<div>\n<div class=\"table-responsive\">\n<table class=\"table table-striped\">\n<thead>\n<tr>\n<th><strong>Th\u1eed Nghi\u1ec7m<\/strong><\/th>\n<th><strong>Ph\u01b0\u01a1ng Ph\u00e1p<\/strong><\/th>\n<th><strong>\u0110\u01a1n V\u1ecb<\/strong><\/th>\n<th><strong>HVI 32<\/strong><\/th>\n<th><strong>HVI 46<\/strong><\/th>\n<th><strong>HVI 68<\/strong><\/th>\n<\/tr>\n<\/thead>\n<tbody>\n<tr>\n<td>Kh\u1ed1i l\u01b0\u1ee3ng ri\u00eang \u1edf 15\u00b0C<\/td>\n<td>ASTM D4052<\/td>\n<td>g\/ml<\/td>\n<td>0.86<\/td>\n<td>0.87<\/td>\n<td>0.87<\/td>\n<\/tr>\n<tr>\n<td>\u0110\u1ed9 nh\u1edbt \u0111\u1ed9ng h\u1ecdc \u1edf 40\u00b0C<\/td>\n<td>ASTM D445<\/td>\n<td>mm\u00b2\/s<\/td>\n<td>33<\/td>\n<td>46<\/td>\n<td>68<\/td>\n<\/tr>\n<tr>\n<td>\u0110\u1ed9 nh\u1edbt \u0111\u1ed9ng h\u1ecdc \u1edf 100\u00b0C<\/td>\n<td>ASTM D445<\/td>\n<td>mm\u00b2\/s<\/td>\n<td>6.3<\/td>\n<td>8.1<\/td>\n<td>10.8<\/td>\n<\/tr>\n<tr>\n<td>Ch\u1ec9 s\u1ed1 \u0111\u1ed9 nh\u1edbt<\/td>\n<td>ASTM D2270<\/td>\n<td>&#8211;<\/td>\n<td>&gt;150<\/td>\n<td>&gt;150<\/td>\n<td>&gt;140<\/td>\n<\/tr>\n<tr>\n<td>\u0110i\u1ec3m r\u00f3t ch\u1ea3y<\/td>\n<td>ASTM D97<\/td>\n<td>\u00b0C<\/td>\n<td>-54<\/td>\n<td>-33<\/td>\n<td>-33<\/td>\n<\/tr>\n<tr>\n<td>\u0110i\u1ec3m ch\u1edbp ch\u00e1y c\u1ed1c h\u1edf<\/td>\n<td>ASTM D92<\/td>\n<td>\u00b0C<\/td>\n<td>186<\/td>\n<td>206<\/td>\n<td>200<\/td>\n<\/tr>\n<tr>\n<td>\u0110\u1ed9 t\u1ea1o b\u1ecdt Seq I<\/td>\n<td>ASTM D892<\/td>\n<td>ml\/ml<\/td>\n<td>10\/0<\/td>\n<td>10\/0<\/td>\n<td>0\/0<\/td>\n<\/tr>\n<tr>\n<td>T\u00ednh t\u00e1ch n\u01b0\u1edbc \u1edf 54\u00b0C<\/td>\n<td>ASTM D1401<\/td>\n<td>ph\u00fat<\/td>\n<td>10<\/td>\n<td>15<\/td>\n<td>10<\/td>\n<\/tr>\n<tr>\n<td>\u0110\u1ed9 t\u00e1ch kh\u00ed<\/td>\n<td>ASTM D3427<\/td>\n<td>ph\u00fat<\/td>\n<td>2.5<\/td>\n<td>7.3<\/td>\n<td>8.2<\/td>\n<\/tr>\n<tr>\n<td>Th\u1eed t\u1ea3i FZG (A8.3\/90)<\/td>\n<td>DIN 51354<\/td>\n<td>C\u1ea5p<\/td>\n<td>11<\/td>\n<td>12<\/td>\n<td>12<\/td>\n<\/tr>\n<tr>\n<td>Th\u1eed r\u1ec9 24 gi\u1edd n\u01b0\u1edbc c\u1ea5t<\/td>\n<td>ASTM D665A<\/td>\n<td>&#8211;<\/td>\n<td>\u0110\u1ea1t<\/td>\n<td>\u0110\u1ea1t<\/td>\n<td>\u0110\u1ea1t<\/td>\n<\/tr>\n<tr>\n<td>Th\u1eed r\u1ec9 24 gi\u1edd n\u01b0\u1edbc bi\u1ec3n t\u1ed5ng h\u1ee3p<\/td>\n<td>ASTM D665B<\/td>\n<td>&#8211;<\/td>\n<td>\u0110\u1ea1t<\/td>\n<td>\u0110\u1ea1t<\/td>\n<td>\u0110\u1ea1t<\/td>\n<\/tr>\n<tr>\n<td>\u0110\u1ed9 nh\u1edbt \u0111\u1ed9ng h\u1ecdc \u1edf 100\u00b0C sau 4 gi\u1edd KRL<\/td>\n<td>DIN 51350<\/td>\n<td>% t\u1ed5n th\u1ea5t<\/td>\n<td>&#8211;<\/td>\n<td>&#8211;<\/td>\n<td>&#8211;<\/td>\n<\/tr>\n<\/tbody>\n<\/table>\n<\/div>\n<div><\/div>\n<\/div>\n<div><\/div>\n<\/div>\n<p><\/p>","protected":false},"excerpt":{"rendered":"<p><strong>Castrol Hyspin HVI 32<\/strong>\u00a0l\u00e0 d\u1ea7u th\u1ee7y l\u1ef1c c\u00f3 ch\u1ec9 s\u1ed1 \u0111\u1ed9 nh\u1edbt cao, \u0111\u01b0\u1ee3c pha ch\u1ebf v\u1edbi c\u00e1c ph\u1ee5 gia ch\u1ecdn l\u1ecdc kh\u00f4ng tro (kh\u00f4ng k\u1ebdm) nh\u1eb1m \u0111\u00e1p \u1ee9ng v\u00e0 v\u01b0\u1ee3t qua c\u00e1c ti\u00eau chu\u1ea9n t\u00ednh n\u0103ng l\u00e0m vi\u1ec7c cao nh\u1ea5t. S\u1ea3n ph\u1ea9m n\u00e0y \u0111\u01b0\u1ee3c thi\u1ebft k\u1ebf \u0111\u1eb7c bi\u1ec7t cho c\u00e1c h\u1ec7 th\u1ed1ng th\u1ee7y l\u1ef1c ch\u1ecbu c\u00e1c \u1ee9ng su\u1ea5t kh\u1eafc nghi\u1ec7t, \u0111\u00f2i h\u1ecfi t\u00ednh n\u0103ng ch\u1ed1ng m\u00e0i m\u00f2n cao v\u00e0 \u0111\u1ed9 l\u1ecdc m\u1ecbn.<\/p>\n","protected":false},"featured_media":27593,"comment_status":"closed","ping_status":"closed","template":"","meta":[],"product_cat":[776,760,780,853],"product_tag":[810,828,854,860,788,855,861,865,866,808,856,862,858,835,859,863,857,848,867,864],"class_list":{"0":"post-27744","1":"product","2":"type-product","3":"status-publish","4":"has-post-thumbnail","6":"product_brand-castrol","7":"product_cat-dau-cong-nghiep-castrol","8":"product_cat-dau-nhot-castrol","9":"product_cat-dau-thuy-luc-castrol","10":"product_cat-dau-thuy-luc-castrol-hyspin-hvi","11":"product_tag-bao-ve-he-thong-thuy-luc","12":"product_tag-ben-nhiet-va-ben-o-xi-hoa","13":"product_tag-castrol-hyspin-hvi","14":"product_tag-chong-an-mon-tuyet-hao","15":"product_tag-dau-thuy-luc-chat-luong-cao","16":"product_tag-dau-thuy-luc-chi-so-do-nhot-cao","17":"product_tag-dau-thuy-luc-cho-dieu-kien-khac-nghiet","18":"product_tag-dau-thuy-luc-cho-may-thi-cong-co-gioi","19":"product_tag-dau-thuy-luc-cho-thiet-bi-hang-hai","20":"product_tag-dau-thuy-luc-chong-mai-mon","21":"product_tag-dau-thuy-luc-khong-kem","22":"product_tag-din-51524","23":"product_tag-diem-rot-chay-thap","24":"product_tag-giam-chi-phi-bao-tri","25":"product_tag-he-phu-gia-ben-truot-cat","26":"product_tag-iso-6743-4-hv","27":"product_tag-phu-gia-khong-tro","28":"product_tag-tang-tuoi-tho-thiet-bi","29":"product_tag-tinh-loc-tot-khi-nhiem-nuoc","30":"product_tag-tinh-tach-nuoc-nhanh-chong","32":"first","33":"instock","34":"shipping-taxable","35":"product-type-simple"},"yoast_head":"<!-- This site is optimized with the Yoast SEO plugin v27.2 - https:\/\/yoast.com\/product\/yoast-seo-wordpress\/ -->\n<title>D\u1ea7u Th\u1ee7y L\u1ef1c Castrol HYSPIN HVI 32 - C\u00f4ng Ty TNHH D\u1ea7u Nh\u1eddn T&amp;T Vi\u1ec7t Nam<\/title>\n<meta name=\"robots\" content=\"index, follow, max-snippet:-1, max-image-preview:large, max-video-preview:-1\" \/>\n<link rel=\"canonical\" href=\"https:\/\/tatco.vn\/vi\/san-pham\/dau-thuy-luc-hyspin-hvi-32\/\" \/>\n<meta property=\"og:locale\" content=\"vi_VN\" \/>\n<meta property=\"og:type\" content=\"article\" \/>\n<meta property=\"og:title\" content=\"D\u1ea7u Th\u1ee7y L\u1ef1c Castrol HYSPIN HVI 32 - C\u00f4ng Ty TNHH D\u1ea7u Nh\u1eddn T&amp;T Vi\u1ec7t Nam\" \/>\n<meta property=\"og:url\" content=\"https:\/\/tatco.vn\/vi\/san-pham\/dau-thuy-luc-hyspin-hvi-32\/\" \/>\n<meta property=\"og:site_name\" content=\"C\u00f4ng Ty TNHH D\u1ea7u Nh\u1eddn T&amp;T Vi\u1ec7t Nam\" \/>\n<meta property=\"article:modified_time\" content=\"2025-02-07T11:03:07+00:00\" \/>\n<meta property=\"og:image\" content=\"https:\/\/tatco.vn\/wp-content\/uploads\/2022\/12\/Castrol-v5.png\" \/>\n\t<meta property=\"og:image:width\" content=\"750\" \/>\n\t<meta property=\"og:image:height\" content=\"1000\" \/>\n\t<meta property=\"og:image:type\" content=\"image\/png\" \/>\n<meta name=\"twitter:card\" content=\"summary_large_image\" \/>\n<meta name=\"twitter:label1\" content=\"\u01af\u1edbc t\u00ednh th\u1eddi gian \u0111\u1ecdc\" \/>\n\t<meta name=\"twitter:data1\" content=\"3 ph\u00fat\" \/>\n<script type=\"application\/ld+json\" class=\"yoast-schema-graph\">{\"@context\":\"https:\/\/schema.org\",\"@graph\":[{\"@type\":\"WebPage\",\"@id\":\"https:\/\/tatco.vn\/vi\/san-pham\/dau-thuy-luc-hyspin-hvi-32\/\",\"url\":\"https:\/\/tatco.vn\/vi\/san-pham\/dau-thuy-luc-hyspin-hvi-32\/\",\"name\":\"D\u1ea7u Th\u1ee7y L\u1ef1c Castrol HYSPIN HVI 32 - C\u00f4ng Ty TNHH D\u1ea7u Nh\u1eddn T&amp;T Vi\u1ec7t Nam\",\"isPartOf\":{\"@id\":\"https:\/\/tatco.vn\/en\/#website\"},\"primaryImageOfPage\":{\"@id\":\"https:\/\/tatco.vn\/vi\/san-pham\/dau-thuy-luc-hyspin-hvi-32\/#primaryimage\"},\"image\":{\"@id\":\"https:\/\/tatco.vn\/vi\/san-pham\/dau-thuy-luc-hyspin-hvi-32\/#primaryimage\"},\"thumbnailUrl\":\"https:\/\/tatco.vn\/wp-content\/uploads\/2022\/12\/Castrol-v5.png\",\"datePublished\":\"2025-02-03T07:08:09+00:00\",\"dateModified\":\"2025-02-07T11:03:07+00:00\",\"breadcrumb\":{\"@id\":\"https:\/\/tatco.vn\/vi\/san-pham\/dau-thuy-luc-hyspin-hvi-32\/#breadcrumb\"},\"inLanguage\":\"vi\",\"potentialAction\":[{\"@type\":\"ReadAction\",\"target\":[\"https:\/\/tatco.vn\/vi\/san-pham\/dau-thuy-luc-hyspin-hvi-32\/\"]}]},{\"@type\":\"ImageObject\",\"inLanguage\":\"vi\",\"@id\":\"https:\/\/tatco.vn\/vi\/san-pham\/dau-thuy-luc-hyspin-hvi-32\/#primaryimage\",\"url\":\"https:\/\/tatco.vn\/wp-content\/uploads\/2022\/12\/Castrol-v5.png\",\"contentUrl\":\"https:\/\/tatco.vn\/wp-content\/uploads\/2022\/12\/Castrol-v5.png\",\"width\":750,\"height\":1000,\"caption\":\"Castrol Perfecto HT 5\"},{\"@type\":\"BreadcrumbList\",\"@id\":\"https:\/\/tatco.vn\/vi\/san-pham\/dau-thuy-luc-hyspin-hvi-32\/#breadcrumb\",\"itemListElement\":[{\"@type\":\"ListItem\",\"position\":1,\"name\":\"Home\",\"item\":\"https:\/\/tatco.vn\/\"},{\"@type\":\"ListItem\",\"position\":2,\"name\":\"C\u1eeda h\u00e0ng\",\"item\":\"https:\/\/tatco.vn\/en\/mua\/\"},{\"@type\":\"ListItem\",\"position\":3,\"name\":\"D\u1ea7u Th\u1ee7y L\u1ef1c Castrol HYSPIN HVI 32\"}]},{\"@type\":\"WebSite\",\"@id\":\"https:\/\/tatco.vn\/en\/#website\",\"url\":\"https:\/\/tatco.vn\/en\/\",\"name\":\"C\u00f4ng Ty TNHH D\u1ea7u Nh\u1eddn T&amp;T Vi\u1ec7t Nam\",\"description\":\"Right Point - Right Time - Best Solution\",\"publisher\":{\"@id\":\"https:\/\/tatco.vn\/en\/#organization\"},\"potentialAction\":[{\"@type\":\"SearchAction\",\"target\":{\"@type\":\"EntryPoint\",\"urlTemplate\":\"https:\/\/tatco.vn\/en\/?s={search_term_string}\"},\"query-input\":{\"@type\":\"PropertyValueSpecification\",\"valueRequired\":true,\"valueName\":\"search_term_string\"}}],\"inLanguage\":\"vi\"},{\"@type\":\"Organization\",\"@id\":\"https:\/\/tatco.vn\/en\/#organization\",\"name\":\"C\u00f4ng Ty TNHH D\u1ea7u Nh\u1eddn T&T Vi\u1ec7t Nam\",\"url\":\"https:\/\/tatco.vn\/en\/\",\"logo\":{\"@type\":\"ImageObject\",\"inLanguage\":\"vi\",\"@id\":\"https:\/\/tatco.vn\/en\/#\/schema\/logo\/image\/\",\"url\":\"https:\/\/tatco.vn\/wp-content\/uploads\/2019\/05\/fav-ico.png\",\"contentUrl\":\"https:\/\/tatco.vn\/wp-content\/uploads\/2019\/05\/fav-ico.png\",\"width\":200,\"height\":200,\"caption\":\"C\u00f4ng Ty TNHH D\u1ea7u Nh\u1eddn T&T Vi\u1ec7t Nam\"},\"image\":{\"@id\":\"https:\/\/tatco.vn\/en\/#\/schema\/logo\/image\/\"}}]}<\/script>\n<!-- \/ Yoast SEO plugin. -->","yoast_head_json":{"title":"D\u1ea7u Th\u1ee7y L\u1ef1c Castrol HYSPIN HVI 32 - C\u00f4ng Ty TNHH D\u1ea7u Nh\u1eddn T&amp;T Vi\u1ec7t Nam","robots":{"index":"index","follow":"follow","max-snippet":"max-snippet:-1","max-image-preview":"max-image-preview:large","max-video-preview":"max-video-preview:-1"},"canonical":"https:\/\/tatco.vn\/vi\/san-pham\/dau-thuy-luc-hyspin-hvi-32\/","og_locale":"vi_VN","og_type":"article","og_title":"D\u1ea7u Th\u1ee7y L\u1ef1c Castrol HYSPIN HVI 32 - C\u00f4ng Ty TNHH D\u1ea7u Nh\u1eddn T&amp;T Vi\u1ec7t Nam","og_url":"https:\/\/tatco.vn\/vi\/san-pham\/dau-thuy-luc-hyspin-hvi-32\/","og_site_name":"C\u00f4ng Ty TNHH D\u1ea7u Nh\u1eddn T&amp;T Vi\u1ec7t Nam","article_modified_time":"2025-02-07T11:03:07+00:00","og_image":[{"width":750,"height":1000,"url":"https:\/\/tatco.vn\/wp-content\/uploads\/2022\/12\/Castrol-v5.png","type":"image\/png"}],"twitter_card":"summary_large_image","twitter_misc":{"\u01af\u1edbc t\u00ednh th\u1eddi gian \u0111\u1ecdc":"3 ph\u00fat"},"schema":{"@context":"https:\/\/schema.org","@graph":[{"@type":"WebPage","@id":"https:\/\/tatco.vn\/vi\/san-pham\/dau-thuy-luc-hyspin-hvi-32\/","url":"https:\/\/tatco.vn\/vi\/san-pham\/dau-thuy-luc-hyspin-hvi-32\/","name":"D\u1ea7u Th\u1ee7y L\u1ef1c Castrol HYSPIN HVI 32 - C\u00f4ng Ty TNHH D\u1ea7u Nh\u1eddn T&amp;T Vi\u1ec7t Nam","isPartOf":{"@id":"https:\/\/tatco.vn\/en\/#website"},"primaryImageOfPage":{"@id":"https:\/\/tatco.vn\/vi\/san-pham\/dau-thuy-luc-hyspin-hvi-32\/#primaryimage"},"image":{"@id":"https:\/\/tatco.vn\/vi\/san-pham\/dau-thuy-luc-hyspin-hvi-32\/#primaryimage"},"thumbnailUrl":"https:\/\/tatco.vn\/wp-content\/uploads\/2022\/12\/Castrol-v5.png","datePublished":"2025-02-03T07:08:09+00:00","dateModified":"2025-02-07T11:03:07+00:00","breadcrumb":{"@id":"https:\/\/tatco.vn\/vi\/san-pham\/dau-thuy-luc-hyspin-hvi-32\/#breadcrumb"},"inLanguage":"vi","potentialAction":[{"@type":"ReadAction","target":["https:\/\/tatco.vn\/vi\/san-pham\/dau-thuy-luc-hyspin-hvi-32\/"]}]},{"@type":"ImageObject","inLanguage":"vi","@id":"https:\/\/tatco.vn\/vi\/san-pham\/dau-thuy-luc-hyspin-hvi-32\/#primaryimage","url":"https:\/\/tatco.vn\/wp-content\/uploads\/2022\/12\/Castrol-v5.png","contentUrl":"https:\/\/tatco.vn\/wp-content\/uploads\/2022\/12\/Castrol-v5.png","width":750,"height":1000,"caption":"Castrol Perfecto HT 5"},{"@type":"BreadcrumbList","@id":"https:\/\/tatco.vn\/vi\/san-pham\/dau-thuy-luc-hyspin-hvi-32\/#breadcrumb","itemListElement":[{"@type":"ListItem","position":1,"name":"Home","item":"https:\/\/tatco.vn\/"},{"@type":"ListItem","position":2,"name":"C\u1eeda h\u00e0ng","item":"https:\/\/tatco.vn\/en\/mua\/"},{"@type":"ListItem","position":3,"name":"D\u1ea7u Th\u1ee7y L\u1ef1c Castrol HYSPIN HVI 32"}]},{"@type":"WebSite","@id":"https:\/\/tatco.vn\/en\/#website","url":"https:\/\/tatco.vn\/en\/","name":"C\u00f4ng Ty TNHH D\u1ea7u Nh\u1eddn T&amp;T Vi\u1ec7t Nam","description":"Right Point - Right Time - Best Solution","publisher":{"@id":"https:\/\/tatco.vn\/en\/#organization"},"potentialAction":[{"@type":"SearchAction","target":{"@type":"EntryPoint","urlTemplate":"https:\/\/tatco.vn\/en\/?s={search_term_string}"},"query-input":{"@type":"PropertyValueSpecification","valueRequired":true,"valueName":"search_term_string"}}],"inLanguage":"vi"},{"@type":"Organization","@id":"https:\/\/tatco.vn\/en\/#organization","name":"C\u00f4ng Ty TNHH D\u1ea7u Nh\u1eddn T&T Vi\u1ec7t Nam","url":"https:\/\/tatco.vn\/en\/","logo":{"@type":"ImageObject","inLanguage":"vi","@id":"https:\/\/tatco.vn\/en\/#\/schema\/logo\/image\/","url":"https:\/\/tatco.vn\/wp-content\/uploads\/2019\/05\/fav-ico.png","contentUrl":"https:\/\/tatco.vn\/wp-content\/uploads\/2019\/05\/fav-ico.png","width":200,"height":200,"caption":"C\u00f4ng Ty TNHH D\u1ea7u Nh\u1eddn T&T Vi\u1ec7t Nam"},"image":{"@id":"https:\/\/tatco.vn\/en\/#\/schema\/logo\/image\/"}}]}},"_links":{"self":[{"href":"https:\/\/tatco.vn\/vi\/wp-json\/wp\/v2\/product\/27744","targetHints":{"allow":["GET"]}}],"collection":[{"href":"https:\/\/tatco.vn\/vi\/wp-json\/wp\/v2\/product"}],"about":[{"href":"https:\/\/tatco.vn\/vi\/wp-json\/wp\/v2\/types\/product"}],"replies":[{"embeddable":true,"href":"https:\/\/tatco.vn\/vi\/wp-json\/wp\/v2\/comments?post=27744"}],"version-history":[{"count":0,"href":"https:\/\/tatco.vn\/vi\/wp-json\/wp\/v2\/product\/27744\/revisions"}],"wp:featuredmedia":[{"embeddable":true,"href":"https:\/\/tatco.vn\/vi\/wp-json\/wp\/v2\/media\/27593"}],"wp:attachment":[{"href":"https:\/\/tatco.vn\/vi\/wp-json\/wp\/v2\/media?parent=27744"}],"wp:term":[{"taxonomy":"product_cat","embeddable":true,"href":"https:\/\/tatco.vn\/vi\/wp-json\/wp\/v2\/product_cat?post=27744"},{"taxonomy":"product_tag","embeddable":true,"href":"https:\/\/tatco.vn\/vi\/wp-json\/wp\/v2\/product_tag?post=27744"}],"curies":[{"name":"wp","href":"https:\/\/api.w.org\/{rel}","templated":true}]}}