{"id":27736,"date":"2025-02-03T13:30:49","date_gmt":"2025-02-03T06:30:49","guid":{"rendered":"https:\/\/tatco.vn\/vi\/?post_type=product&#038;p=27736"},"modified":"2025-02-07T17:59:35","modified_gmt":"2025-02-07T10:59:35","slug":"dau-thuy-luc-castrol-hyspin-hlp-z-68","status":"publish","type":"product","link":"https:\/\/tatco.vn\/vi\/san-pham\/dau-thuy-luc-castrol-hyspin-hlp-z-68\/","title":{"rendered":"D\u1ea7u Th\u1ee7y L\u1ef1c Castrol HYSPIN HLP-Z 68"},"content":{"rendered":"<p><strong>Castrol Hyspin HLP-Z 68 \u2013 D\u1ea7u Th\u1ee7y L\u1ef1c Cao C\u1ea5p Ch\u1ed1ng M\u00e0i M\u00f2n v\u00e0 Ch\u1ed1ng \u0102n M\u00f2n Hi\u1ec7u Qu\u1ea3<\/strong><\/p>\n<h3 style=\"text-align: justify\"><strong>Gi\u1edbi Thi\u1ec7u V\u1ec1 Castrol Hyspin HLP-Z 68<\/strong><\/h3>\n<p style=\"text-align: justify\"><strong>Castrol Hyspin\u2122 HLP-Z<\/strong>\u00a0<strong>68<\/strong><strong>\u00a0<\/strong>l\u00e0 d\u00f2ng s\u1ea3n ph\u1ea9m d\u1ea7u th\u1ee7y l\u1ef1c cao c\u1ea5p \u0111\u01b0\u1ee3c pha ch\u1ebf t\u1eeb d\u1ea7u g\u1ed1c kho\u00e1ng tinh ch\u1ebf v\u00e0 h\u1ec7 ph\u1ee5 gia ch\u1ed1ng m\u00e0i m\u00f2n g\u1ed1c k\u1ebdm \u1ed5n \u0111\u1ecbnh. S\u1ea3n ph\u1ea9m n\u00e0y \u0111\u01b0\u1ee3c thi\u1ebft k\u1ebf \u0111\u1eb7c bi\u1ec7t cho c\u00e1c h\u1ec7 th\u1ed1ng th\u1ee7y l\u1ef1c, nh\u01b0ng c\u0169ng th\u00edch h\u1ee3p cho c\u00e1c \u1ee9ng d\u1ee5ng kh\u00e1c y\u00eau c\u1ea7u d\u1ea7u c\u00f3 \u0111\u1eb7c t\u00ednh b\u1ec1n \u00f4 xi h\u00f3a v\u00e0 kh\u1ea3 n\u0103ng b\u00f4i tr\u01a1n t\u1ed1t.<\/p>\n<h3 style=\"text-align: justify\"><strong>C\u00f4ng D\u1ee5ng N\u1ed5i B\u1eadt<\/strong><\/h3>\n<ul style=\"text-align: justify\">\n<li><strong>S\u1eed D\u1ee5ng \u0110a D\u1ea1ng:<\/strong> Ngo\u00e0i vi\u1ec7c s\u1eed d\u1ee5ng trong c\u00e1c h\u1ec7 th\u1ed1ng th\u1ee7y l\u1ef1c, Hyspin HLP-Z c\u00f2n ph\u00f9 h\u1ee3p \u0111\u1ec3 b\u00f4i tr\u01a1n c\u00e1c b\u00e1nh r\u0103ng ch\u1ecbu t\u1ea3i nh\u1eb9 ho\u1eb7c l\u00e0m d\u1ea7u tu\u1ea7n ho\u00e0n trong c\u00e1c \u1ee9ng d\u1ee5ng y\u00eau c\u1ea7u d\u1ea7u c\u00f3 \u0111\u1eb7c t\u00ednh ch\u1ed1ng g\u1ec9 v\u00e0 ch\u1ed1ng \u00f4 xi h\u00f3a.<\/li>\n<li><strong>D\u1ea7u G\u1ed1c Ch\u1ea5t L\u01b0\u1ee3ng Cao:<\/strong> K\u1ebft h\u1ee3p d\u1ea7u g\u1ed1c tinh ch\u1ebf v\u1edbi h\u1ec7 ph\u1ee5 gia ti\u00ean ti\u1ebfn, s\u1ea3n ph\u1ea9m \u0111\u1ea3m b\u1ea3o hi\u1ec7u su\u1ea5t v\u01b0\u1ee3t tr\u1ed9i v\u00e0 k\u00e9o d\u00e0i tu\u1ed5i th\u1ecd d\u1ea7u.<\/li>\n<li><strong>T\u01b0\u01a1ng Th\u00edch V\u1edbi V\u1eadt Li\u1ec7u \u0110\u00e0n H\u1ed3i:<\/strong> Ho\u00e0n to\u00e0n t\u01b0\u01a1ng th\u00edch v\u1edbi c\u00e1c v\u1eadt li\u1ec7u \u0111\u00e0n h\u1ed3i ph\u1ed5 bi\u1ebfn nh\u01b0 nitrile, silicone v\u00e0 fluorinated polymers (v\u00ed d\u1ee5 nh\u01b0 Viton), th\u01b0\u1eddng \u0111\u01b0\u1ee3c s\u1eed d\u1ee5ng l\u00e0m gio\u0103ng ph\u1edbt \u0111\u1ed9ng v\u00e0 t\u0129nh, \u0111\u1ea3m b\u1ea3o t\u00ednh \u1ed5n \u0111\u1ecbnh c\u1ee7a h\u1ec7 th\u1ed1ng.<\/li>\n<\/ul>\n<h3 style=\"text-align: justify\"><strong>Ti\u00eau Chu\u1ea9n v\u00e0 Ph\u00e2n Lo\u1ea1i<\/strong><\/h3>\n<p style=\"text-align: justify\"><strong>Castrol Hyspin HLP-Z 68<\/strong>\u00a0\u0111\u01b0\u1ee3c ph\u00e2n lo\u1ea1i theo:<\/p>\n<ul style=\"text-align: justify\">\n<li><strong>DIN 51502 \u2013 HLP<\/strong><\/li>\n<li><strong>ISO 6743\/4 \u2013 HM<\/strong><\/li>\n<\/ul>\n<p style=\"text-align: justify\">T\u00f9y theo \u0111\u1ed9 nh\u1edbt, Hyspin HLP-Z \u0111\u00e1p \u1ee9ng c\u00e1c y\u00eau c\u1ea7u c\u1ee7a:<\/p>\n<ul style=\"text-align: justify\">\n<li><strong>DIN 51524\u00a0<\/strong><\/li>\n<li><strong>ASTM D6158 HM<\/strong><\/li>\n<li><strong>ISO 11158 HM<\/strong><\/li>\n<li><strong>GB 111118.1 L-HM Hydraulic Oil (General)<\/strong><\/li>\n<\/ul>\n<h3 style=\"text-align: justify\"><strong>L\u1ee3i \u0110i\u1ec3m V\u01b0\u1ee3t Tr\u1ed9i<\/strong><\/h3>\n<ul style=\"text-align: justify\">\n<li><strong>Kh\u1ea3 N\u0103ng B\u1ea3o V\u1ec7 Ch\u1ed1ng \u0102n M\u00f2n v\u00e0 Ch\u1ed1ng M\u00e0i M\u00f2n T\u1ed1t:<\/strong> Gi\u00fap k\u00e9o d\u00e0i tu\u1ed5i th\u1ecd thi\u1ebft b\u1ecb b\u1eb1ng c\u00e1ch b\u1ea3o v\u1ec7 c\u00e1c b\u1ed9 ph\u1eadn kh\u1ecfi s\u1ef1 m\u00e0i m\u00f2n v\u00e0 \u0103n m\u00f2n.<\/li>\n<li><strong>\u0110\u1eb7c T\u00ednh B\u1ec1n Nhi\u1ec7t v\u00e0 \u1ed4n \u0110\u1ecbnh \u00d4 Xi H\u00f3a:<\/strong> Duy tr\u00ec hi\u1ec7u su\u1ea5t trong \u0111i\u1ec1u ki\u1ec7n nhi\u1ec7t \u0111\u1ed9 cao, gi\u1ea3m thi\u1ec3u s\u1ef1 h\u00ecnh th\u00e0nh c\u1eb7n v\u00e0 gi\u1eef cho h\u1ec7 th\u1ed1ng s\u1ea1ch s\u1ebd.<\/li>\n<li><strong>T\u00ednh L\u1ecdc Tuy\u1ec7t V\u1eddi:<\/strong> \u0110\u1ea3m b\u1ea3o h\u1ec7 th\u1ed1ng th\u1ee7y l\u1ef1c ho\u1ea1t \u0111\u1ed9ng tr\u01a1n tru, gi\u1ea3m th\u1eddi gian ng\u1eebng m\u00e1y v\u00e0 chi ph\u00ed b\u1ea3o tr\u00ec.<\/li>\n<li><strong>T\u00e1ch N\u01b0\u1edbc Nhanh Ch\u00f3ng:<\/strong> Ng\u0103n ng\u1eeba hi\u1ec7n t\u01b0\u1ee3ng nh\u0169 t\u01b0\u01a1ng h\u00f3a, b\u1ea3o v\u1ec7 c\u00e1c th\u00e0nh ph\u1ea7n c\u1ee7a h\u1ec7 th\u1ed1ng kh\u1ecfi s\u1ef1 h\u01b0 h\u1ea1i do n\u01b0\u1edbc.<\/li>\n<\/ul>\n<h3 style=\"text-align: justify\"><strong>C\u00e1c \u0110\u1eb7c Tr\u01b0ng Ti\u00eau Bi\u1ec3u<\/strong><\/h3>\n<div>\n<div>\n<div class=\"table-responsive\" style=\"text-align: justify\">\n<table class=\"table table-striped\">\n<thead>\n<tr>\n<th><strong>Ch\u1ec9 Ti\u00eau<\/strong><\/th>\n<th><strong>Ph\u01b0\u01a1ng Ph\u00e1p<\/strong><\/th>\n<th><strong>\u0110\u01a1n V\u1ecb<\/strong><\/th>\n<th><strong>HLP-Z 32<\/strong><\/th>\n<th><strong>HLP-Z 46<\/strong><\/th>\n<th><strong>HLP-Z 68<\/strong><\/th>\n<\/tr>\n<\/thead>\n<tbody>\n<tr>\n<td><strong>Kh\u1ed1i L\u01b0\u1ee3ng Ri\u00eang \u1edf 15\u00b0C<\/strong><\/td>\n<td>ISO 12185 \/ ASTM D4052 \/ DIN 51757-3<\/td>\n<td>kg\/m\u00b3<\/td>\n<td>876<\/td>\n<td>879<\/td>\n<td>883<\/td>\n<\/tr>\n<tr>\n<td><strong>\u0110\u1ed9 Nh\u1edbt \u0110\u1ed9ng H\u1ecdc \u1edf 40\u00b0C<\/strong><\/td>\n<td>ISO 3104 \/ ASTM D445<\/td>\n<td>mm\u00b2\/s<\/td>\n<td>32<\/td>\n<td>46<\/td>\n<td>68<\/td>\n<\/tr>\n<tr>\n<td><strong>\u0110\u1ed9 Nh\u1edbt \u0110\u1ed9ng H\u1ecdc \u1edf 100\u00b0C<\/strong><\/td>\n<td>ISO 3104 \/ ASTM D445<\/td>\n<td>mm\u00b2\/s<\/td>\n<td>5.4<\/td>\n<td>6.5<\/td>\n<td>8.5<\/td>\n<\/tr>\n<tr>\n<td><strong>Ch\u1ec9 S\u1ed1 \u0110\u1ed9 Nh\u1edbt<\/strong><\/td>\n<td>ISO 2909 \/ ASTM D2270<\/td>\n<td>&#8211;<\/td>\n<td>96<\/td>\n<td>93<\/td>\n<td>93<\/td>\n<\/tr>\n<tr>\n<td><strong>\u0110i\u1ec3m R\u00f3t Ch\u1ea3y<\/strong><\/td>\n<td>ISO 3016 \/ ASTM D97<\/td>\n<td>\u00b0C<\/td>\n<td>-33<\/td>\n<td>-30<\/td>\n<td>-27<\/td>\n<\/tr>\n<tr>\n<td><strong>\u0110\u1ed9 T\u1ea1o B\u1ecdt Seq I<\/strong><\/td>\n<td>ISO 6247 \/ ASTM D892<\/td>\n<td>ml\/ml<\/td>\n<td>30\/0<\/td>\n<td>30\/0<\/td>\n<td>30\/0<\/td>\n<\/tr>\n<tr>\n<td><strong>\u0110i\u1ec3m Ch\u1edbp Ch\u00e1y C\u1ed1c H\u1edf<\/strong><\/td>\n<td>ISO 2592 \/ ASTM D92<\/td>\n<td>\u00b0C<\/td>\n<td>220<\/td>\n<td>225<\/td>\n<td>245<\/td>\n<\/tr>\n<tr>\n<td><strong>\u0110\u1ed9 T\u00e1ch N\u01b0\u1edbc \u1edf 54\u00b0C (40\/37\/3)<\/strong><\/td>\n<td>ISO 6614 \/ ASTM D1401<\/td>\n<td>ph\u00fat<\/td>\n<td>15<\/td>\n<td>15<\/td>\n<td>25<\/td>\n<\/tr>\n<tr>\n<td><strong>\u0110\u1ed9 T\u00e1ch Kh\u00ed \u1edf 50\u00b0C<\/strong><\/td>\n<td>ISO 9120 \/ ASTM D3427<\/td>\n<td>ph\u00fat<\/td>\n<td>3<\/td>\n<td>4<\/td>\n<td>8<\/td>\n<\/tr>\n<tr>\n<td><strong>\u0102n M\u00f2n \u0110\u1ed3ng (3 gi\u1edd \u1edf 100\u00b0C)<\/strong><\/td>\n<td>ISO 2160 \/ ASTM D130<\/td>\n<td>Ph\u00e2n Lo\u1ea1i<\/td>\n<td>1<\/td>\n<td>1<\/td>\n<td>1<\/td>\n<\/tr>\n<tr>\n<td><strong>T\u00ednh Ch\u1ed1ng G\u1ec9 &#8211; N\u01b0\u1edbc C\u1ea5t (24 gi\u1edd)<\/strong><\/td>\n<td>ISO 7120 \/ ASTM D665A<\/td>\n<td>\u0110\u00e1nh Gi\u00e1<\/td>\n<td>\u0110\u1ea1t<\/td>\n<td>\u0110\u1ea1t<\/td>\n<td>\u0110\u1ea1t<\/td>\n<\/tr>\n<tr>\n<td><strong>H\u00e0m L\u01b0\u1ee3ng N\u01b0\u1edbc<\/strong><\/td>\n<td>ISO 12937 \/ ASTM D95<\/td>\n<td>% kh\u1ed1i l\u01b0\u1ee3ng<\/td>\n<td>V\u1ebft t\u00edch<\/td>\n<td>V\u1ebft t\u00edch<\/td>\n<td>V\u1ebft t\u00edch<\/td>\n<\/tr>\n<tr>\n<td><strong>C\u1ea5p T\u1ea3i FZG \u2013 A\/8.3\/90<\/strong><\/td>\n<td>ISO 14635-1<\/td>\n<td>C\u1ea5p H\u1ecfng<\/td>\n<td>&gt;11<\/td>\n<td>&gt;11<\/td>\n<td>&gt;11<\/td>\n<\/tr>\n<\/tbody>\n<\/table>\n<\/div>\n<div><\/div>\n<\/div>\n<div><\/div>\n<\/div>\n<p><\/p>","protected":false},"excerpt":{"rendered":"<p><strong>Castrol Hyspin\u2122 HLP-Z<\/strong>\u00a0<strong>68<\/strong><strong>\u00a0<\/strong>l\u00e0 d\u00f2ng s\u1ea3n ph\u1ea9m d\u1ea7u th\u1ee7y l\u1ef1c cao c\u1ea5p \u0111\u01b0\u1ee3c pha ch\u1ebf t\u1eeb d\u1ea7u g\u1ed1c kho\u00e1ng tinh ch\u1ebf v\u00e0 h\u1ec7 ph\u1ee5 gia ch\u1ed1ng m\u00e0i m\u00f2n g\u1ed1c k\u1ebdm \u1ed5n \u0111\u1ecbnh. S\u1ea3n ph\u1ea9m n\u00e0y \u0111\u01b0\u1ee3c thi\u1ebft k\u1ebf \u0111\u1eb7c bi\u1ec7t cho c\u00e1c h\u1ec7 th\u1ed1ng th\u1ee7y l\u1ef1c, nh\u01b0ng c\u0169ng th\u00edch h\u1ee3p cho c\u00e1c \u1ee9ng d\u1ee5ng kh\u00e1c y\u00eau c\u1ea7u d\u1ea7u c\u00f3 \u0111\u1eb7c t\u00ednh b\u1ec1n \u00f4 xi h\u00f3a v\u00e0 kh\u1ea3 n\u0103ng b\u00f4i tr\u01a1n t\u1ed1t.<\/p>\n","protected":false},"featured_media":27593,"comment_status":"closed","ping_status":"closed","template":"","meta":[],"product_cat":[776,760,780,824],"product_tag":[851,810,843,841,852,844,842,825,788,849,808,850,847,835,834,827,845,848,837,846],"class_list":{"0":"post-27736","1":"product","2":"type-product","3":"status-publish","4":"has-post-thumbnail","6":"product_brand-castrol","7":"product_cat-dau-cong-nghiep-castrol","8":"product_cat-dau-nhot-castrol","9":"product_cat-dau-thuy-luc-castrol","10":"product_cat-dau-thuy-luc-castrol-hyspin-hlp-z","11":"product_tag-banh-rang-chiu-tai-nhe","12":"product_tag-bao-ve-he-thong-thuy-luc","13":"product_tag-ben-nhiet-va-on-dinh-o-xi-hoa","14":"product_tag-castrol-hyspin-hlp-z","15":"product_tag-chong-an-mon-hieu-qua","16":"product_tag-dau-boi-tron-chong-gi","17":"product_tag-dau-goc-khoang-tinh-che","18":"product_tag-dau-thuy-luc-cao-cap","19":"product_tag-dau-thuy-luc-chat-luong-cao","20":"product_tag-dau-thuy-luc-cho-cong-nghiep","21":"product_tag-dau-thuy-luc-chong-mai-mon","22":"product_tag-dau-tuan-hoan","23":"product_tag-din-51524-phan-2","24":"product_tag-giam-chi-phi-bao-tri","25":"product_tag-iso-6743-4-hm","26":"product_tag-phu-gia-chong-mai-mon-goc-kem","27":"product_tag-tach-nuoc-nhanh-chong","28":"product_tag-tang-tuoi-tho-thiet-bi","29":"product_tag-tinh-loc-tuyet-voi","30":"product_tag-tuong-thich-vat-lieu-dan-hoi","32":"first","33":"instock","34":"shipping-taxable","35":"product-type-simple"},"yoast_head":"<!-- This site is optimized with the Yoast SEO plugin v27.2 - https:\/\/yoast.com\/product\/yoast-seo-wordpress\/ -->\n<title>D\u1ea7u Th\u1ee7y L\u1ef1c Castrol HYSPIN HLP-Z 68 - C\u00f4ng Ty TNHH D\u1ea7u Nh\u1eddn T&amp;T Vi\u1ec7t Nam<\/title>\n<meta name=\"robots\" content=\"index, follow, max-snippet:-1, max-image-preview:large, max-video-preview:-1\" \/>\n<link rel=\"canonical\" href=\"https:\/\/tatco.vn\/vi\/san-pham\/dau-thuy-luc-castrol-hyspin-hlp-z-68\/\" \/>\n<meta property=\"og:locale\" content=\"vi_VN\" \/>\n<meta property=\"og:type\" content=\"article\" \/>\n<meta property=\"og:title\" content=\"D\u1ea7u Th\u1ee7y L\u1ef1c Castrol HYSPIN HLP-Z 68 - C\u00f4ng Ty TNHH D\u1ea7u Nh\u1eddn T&amp;T Vi\u1ec7t Nam\" \/>\n<meta property=\"og:url\" content=\"https:\/\/tatco.vn\/vi\/san-pham\/dau-thuy-luc-castrol-hyspin-hlp-z-68\/\" \/>\n<meta property=\"og:site_name\" content=\"C\u00f4ng Ty TNHH D\u1ea7u Nh\u1eddn T&amp;T Vi\u1ec7t Nam\" \/>\n<meta property=\"article:modified_time\" content=\"2025-02-07T10:59:35+00:00\" \/>\n<meta property=\"og:image\" content=\"https:\/\/tatco.vn\/wp-content\/uploads\/2022\/12\/Castrol-v5.png\" \/>\n\t<meta property=\"og:image:width\" content=\"750\" \/>\n\t<meta property=\"og:image:height\" content=\"1000\" \/>\n\t<meta property=\"og:image:type\" content=\"image\/png\" \/>\n<meta name=\"twitter:card\" content=\"summary_large_image\" \/>\n<meta name=\"twitter:label1\" content=\"\u01af\u1edbc t\u00ednh th\u1eddi gian \u0111\u1ecdc\" \/>\n\t<meta name=\"twitter:data1\" content=\"3 ph\u00fat\" \/>\n<script type=\"application\/ld+json\" class=\"yoast-schema-graph\">{\"@context\":\"https:\/\/schema.org\",\"@graph\":[{\"@type\":\"WebPage\",\"@id\":\"https:\/\/tatco.vn\/vi\/san-pham\/dau-thuy-luc-castrol-hyspin-hlp-z-68\/\",\"url\":\"https:\/\/tatco.vn\/vi\/san-pham\/dau-thuy-luc-castrol-hyspin-hlp-z-68\/\",\"name\":\"D\u1ea7u Th\u1ee7y L\u1ef1c Castrol HYSPIN HLP-Z 68 - C\u00f4ng Ty TNHH D\u1ea7u Nh\u1eddn T&amp;T Vi\u1ec7t Nam\",\"isPartOf\":{\"@id\":\"https:\/\/tatco.vn\/en\/#website\"},\"primaryImageOfPage\":{\"@id\":\"https:\/\/tatco.vn\/vi\/san-pham\/dau-thuy-luc-castrol-hyspin-hlp-z-68\/#primaryimage\"},\"image\":{\"@id\":\"https:\/\/tatco.vn\/vi\/san-pham\/dau-thuy-luc-castrol-hyspin-hlp-z-68\/#primaryimage\"},\"thumbnailUrl\":\"https:\/\/tatco.vn\/wp-content\/uploads\/2022\/12\/Castrol-v5.png\",\"datePublished\":\"2025-02-03T06:30:49+00:00\",\"dateModified\":\"2025-02-07T10:59:35+00:00\",\"breadcrumb\":{\"@id\":\"https:\/\/tatco.vn\/vi\/san-pham\/dau-thuy-luc-castrol-hyspin-hlp-z-68\/#breadcrumb\"},\"inLanguage\":\"vi\",\"potentialAction\":[{\"@type\":\"ReadAction\",\"target\":[\"https:\/\/tatco.vn\/vi\/san-pham\/dau-thuy-luc-castrol-hyspin-hlp-z-68\/\"]}]},{\"@type\":\"ImageObject\",\"inLanguage\":\"vi\",\"@id\":\"https:\/\/tatco.vn\/vi\/san-pham\/dau-thuy-luc-castrol-hyspin-hlp-z-68\/#primaryimage\",\"url\":\"https:\/\/tatco.vn\/wp-content\/uploads\/2022\/12\/Castrol-v5.png\",\"contentUrl\":\"https:\/\/tatco.vn\/wp-content\/uploads\/2022\/12\/Castrol-v5.png\",\"width\":750,\"height\":1000,\"caption\":\"Castrol Perfecto HT 5\"},{\"@type\":\"BreadcrumbList\",\"@id\":\"https:\/\/tatco.vn\/vi\/san-pham\/dau-thuy-luc-castrol-hyspin-hlp-z-68\/#breadcrumb\",\"itemListElement\":[{\"@type\":\"ListItem\",\"position\":1,\"name\":\"Home\",\"item\":\"https:\/\/tatco.vn\/\"},{\"@type\":\"ListItem\",\"position\":2,\"name\":\"C\u1eeda h\u00e0ng\",\"item\":\"https:\/\/tatco.vn\/en\/mua\/\"},{\"@type\":\"ListItem\",\"position\":3,\"name\":\"D\u1ea7u Th\u1ee7y L\u1ef1c Castrol HYSPIN HLP-Z 68\"}]},{\"@type\":\"WebSite\",\"@id\":\"https:\/\/tatco.vn\/en\/#website\",\"url\":\"https:\/\/tatco.vn\/en\/\",\"name\":\"C\u00f4ng Ty TNHH D\u1ea7u Nh\u1eddn T&amp;T Vi\u1ec7t Nam\",\"description\":\"Right Point - Right Time - Best Solution\",\"publisher\":{\"@id\":\"https:\/\/tatco.vn\/en\/#organization\"},\"potentialAction\":[{\"@type\":\"SearchAction\",\"target\":{\"@type\":\"EntryPoint\",\"urlTemplate\":\"https:\/\/tatco.vn\/en\/?s={search_term_string}\"},\"query-input\":{\"@type\":\"PropertyValueSpecification\",\"valueRequired\":true,\"valueName\":\"search_term_string\"}}],\"inLanguage\":\"vi\"},{\"@type\":\"Organization\",\"@id\":\"https:\/\/tatco.vn\/en\/#organization\",\"name\":\"C\u00f4ng Ty TNHH D\u1ea7u Nh\u1eddn T&T Vi\u1ec7t Nam\",\"url\":\"https:\/\/tatco.vn\/en\/\",\"logo\":{\"@type\":\"ImageObject\",\"inLanguage\":\"vi\",\"@id\":\"https:\/\/tatco.vn\/en\/#\/schema\/logo\/image\/\",\"url\":\"https:\/\/tatco.vn\/wp-content\/uploads\/2019\/05\/fav-ico.png\",\"contentUrl\":\"https:\/\/tatco.vn\/wp-content\/uploads\/2019\/05\/fav-ico.png\",\"width\":200,\"height\":200,\"caption\":\"C\u00f4ng Ty TNHH D\u1ea7u Nh\u1eddn T&T Vi\u1ec7t Nam\"},\"image\":{\"@id\":\"https:\/\/tatco.vn\/en\/#\/schema\/logo\/image\/\"}}]}<\/script>\n<!-- \/ Yoast SEO plugin. -->","yoast_head_json":{"title":"D\u1ea7u Th\u1ee7y L\u1ef1c Castrol HYSPIN HLP-Z 68 - C\u00f4ng Ty TNHH D\u1ea7u Nh\u1eddn T&amp;T Vi\u1ec7t Nam","robots":{"index":"index","follow":"follow","max-snippet":"max-snippet:-1","max-image-preview":"max-image-preview:large","max-video-preview":"max-video-preview:-1"},"canonical":"https:\/\/tatco.vn\/vi\/san-pham\/dau-thuy-luc-castrol-hyspin-hlp-z-68\/","og_locale":"vi_VN","og_type":"article","og_title":"D\u1ea7u Th\u1ee7y L\u1ef1c Castrol HYSPIN HLP-Z 68 - C\u00f4ng Ty TNHH D\u1ea7u Nh\u1eddn T&amp;T Vi\u1ec7t Nam","og_url":"https:\/\/tatco.vn\/vi\/san-pham\/dau-thuy-luc-castrol-hyspin-hlp-z-68\/","og_site_name":"C\u00f4ng Ty TNHH D\u1ea7u Nh\u1eddn T&amp;T Vi\u1ec7t Nam","article_modified_time":"2025-02-07T10:59:35+00:00","og_image":[{"width":750,"height":1000,"url":"https:\/\/tatco.vn\/wp-content\/uploads\/2022\/12\/Castrol-v5.png","type":"image\/png"}],"twitter_card":"summary_large_image","twitter_misc":{"\u01af\u1edbc t\u00ednh th\u1eddi gian \u0111\u1ecdc":"3 ph\u00fat"},"schema":{"@context":"https:\/\/schema.org","@graph":[{"@type":"WebPage","@id":"https:\/\/tatco.vn\/vi\/san-pham\/dau-thuy-luc-castrol-hyspin-hlp-z-68\/","url":"https:\/\/tatco.vn\/vi\/san-pham\/dau-thuy-luc-castrol-hyspin-hlp-z-68\/","name":"D\u1ea7u Th\u1ee7y L\u1ef1c Castrol HYSPIN HLP-Z 68 - C\u00f4ng Ty TNHH D\u1ea7u Nh\u1eddn T&amp;T Vi\u1ec7t Nam","isPartOf":{"@id":"https:\/\/tatco.vn\/en\/#website"},"primaryImageOfPage":{"@id":"https:\/\/tatco.vn\/vi\/san-pham\/dau-thuy-luc-castrol-hyspin-hlp-z-68\/#primaryimage"},"image":{"@id":"https:\/\/tatco.vn\/vi\/san-pham\/dau-thuy-luc-castrol-hyspin-hlp-z-68\/#primaryimage"},"thumbnailUrl":"https:\/\/tatco.vn\/wp-content\/uploads\/2022\/12\/Castrol-v5.png","datePublished":"2025-02-03T06:30:49+00:00","dateModified":"2025-02-07T10:59:35+00:00","breadcrumb":{"@id":"https:\/\/tatco.vn\/vi\/san-pham\/dau-thuy-luc-castrol-hyspin-hlp-z-68\/#breadcrumb"},"inLanguage":"vi","potentialAction":[{"@type":"ReadAction","target":["https:\/\/tatco.vn\/vi\/san-pham\/dau-thuy-luc-castrol-hyspin-hlp-z-68\/"]}]},{"@type":"ImageObject","inLanguage":"vi","@id":"https:\/\/tatco.vn\/vi\/san-pham\/dau-thuy-luc-castrol-hyspin-hlp-z-68\/#primaryimage","url":"https:\/\/tatco.vn\/wp-content\/uploads\/2022\/12\/Castrol-v5.png","contentUrl":"https:\/\/tatco.vn\/wp-content\/uploads\/2022\/12\/Castrol-v5.png","width":750,"height":1000,"caption":"Castrol Perfecto HT 5"},{"@type":"BreadcrumbList","@id":"https:\/\/tatco.vn\/vi\/san-pham\/dau-thuy-luc-castrol-hyspin-hlp-z-68\/#breadcrumb","itemListElement":[{"@type":"ListItem","position":1,"name":"Home","item":"https:\/\/tatco.vn\/"},{"@type":"ListItem","position":2,"name":"C\u1eeda h\u00e0ng","item":"https:\/\/tatco.vn\/en\/mua\/"},{"@type":"ListItem","position":3,"name":"D\u1ea7u Th\u1ee7y L\u1ef1c Castrol HYSPIN HLP-Z 68"}]},{"@type":"WebSite","@id":"https:\/\/tatco.vn\/en\/#website","url":"https:\/\/tatco.vn\/en\/","name":"C\u00f4ng Ty TNHH D\u1ea7u Nh\u1eddn T&amp;T Vi\u1ec7t Nam","description":"Right Point - Right Time - Best Solution","publisher":{"@id":"https:\/\/tatco.vn\/en\/#organization"},"potentialAction":[{"@type":"SearchAction","target":{"@type":"EntryPoint","urlTemplate":"https:\/\/tatco.vn\/en\/?s={search_term_string}"},"query-input":{"@type":"PropertyValueSpecification","valueRequired":true,"valueName":"search_term_string"}}],"inLanguage":"vi"},{"@type":"Organization","@id":"https:\/\/tatco.vn\/en\/#organization","name":"C\u00f4ng Ty TNHH D\u1ea7u Nh\u1eddn T&T Vi\u1ec7t Nam","url":"https:\/\/tatco.vn\/en\/","logo":{"@type":"ImageObject","inLanguage":"vi","@id":"https:\/\/tatco.vn\/en\/#\/schema\/logo\/image\/","url":"https:\/\/tatco.vn\/wp-content\/uploads\/2019\/05\/fav-ico.png","contentUrl":"https:\/\/tatco.vn\/wp-content\/uploads\/2019\/05\/fav-ico.png","width":200,"height":200,"caption":"C\u00f4ng Ty TNHH D\u1ea7u Nh\u1eddn T&T Vi\u1ec7t Nam"},"image":{"@id":"https:\/\/tatco.vn\/en\/#\/schema\/logo\/image\/"}}]}},"_links":{"self":[{"href":"https:\/\/tatco.vn\/vi\/wp-json\/wp\/v2\/product\/27736","targetHints":{"allow":["GET"]}}],"collection":[{"href":"https:\/\/tatco.vn\/vi\/wp-json\/wp\/v2\/product"}],"about":[{"href":"https:\/\/tatco.vn\/vi\/wp-json\/wp\/v2\/types\/product"}],"replies":[{"embeddable":true,"href":"https:\/\/tatco.vn\/vi\/wp-json\/wp\/v2\/comments?post=27736"}],"version-history":[{"count":0,"href":"https:\/\/tatco.vn\/vi\/wp-json\/wp\/v2\/product\/27736\/revisions"}],"wp:featuredmedia":[{"embeddable":true,"href":"https:\/\/tatco.vn\/vi\/wp-json\/wp\/v2\/media\/27593"}],"wp:attachment":[{"href":"https:\/\/tatco.vn\/vi\/wp-json\/wp\/v2\/media?parent=27736"}],"wp:term":[{"taxonomy":"product_cat","embeddable":true,"href":"https:\/\/tatco.vn\/vi\/wp-json\/wp\/v2\/product_cat?post=27736"},{"taxonomy":"product_tag","embeddable":true,"href":"https:\/\/tatco.vn\/vi\/wp-json\/wp\/v2\/product_tag?post=27736"}],"curies":[{"name":"wp","href":"https:\/\/api.w.org\/{rel}","templated":true}]}}