{"id":27723,"date":"2025-02-03T12:52:00","date_gmt":"2025-02-03T05:52:00","guid":{"rendered":"https:\/\/tatco.vn\/vi\/?post_type=product&#038;p=27723"},"modified":"2025-02-07T17:53:46","modified_gmt":"2025-02-07T10:53:46","slug":"dau-thuy-luc-castrol-hyspin-aws-68-3p-s-18l","status":"publish","type":"product","link":"https:\/\/tatco.vn\/vi\/san-pham\/dau-thuy-luc-castrol-hyspin-aws-68-3p-s-18l\/","title":{"rendered":"D\u1ea7u Th\u1ee7y L\u1ef1c Castrol HYSPIN AWS 68 3P-S 18L"},"content":{"rendered":"<p><strong>D\u1ea7u Th\u1ee7y L\u1ef1c Castrol HYSPIN AWS 68 3P-S \u2013 D\u1ea7u Th\u1ee7y L\u1ef1c Cao C\u1ea5p Ch\u1ed1ng M\u00e0i M\u00f2n V\u01b0\u1ee3t Tr\u1ed9i<\/strong><\/p>\n<h3 style=\"text-align: justify\">Gi\u1edbi Thi\u1ec7u V\u1ec1 Castrol Hyspin AWS 68 3P-S<\/h3>\n<p style=\"text-align: justify\"><strong>Castrol Hyspin AWS 68 3P-S<\/strong>\u00a0l\u00e0 d\u00f2ng d\u1ea7u th\u1ee7y l\u1ef1c cao c\u1ea5p \u0111\u01b0\u1ee3c pha ch\u1ebf t\u1eeb d\u1ea7u g\u1ed1c kho\u00e1ng x\u1eed l\u00fd hydro ch\u1ea5t l\u01b0\u1ee3ng cao (d\u1ea7u g\u1ed1c nh\u00f3m II) k\u1ebft h\u1ee3p v\u1edbi h\u1ec7 ph\u1ee5 gia ch\u1ed1ng m\u00e0i m\u00f2n g\u1ed1c k\u1ebdm c\u00f3 t\u00ednh n\u0103ng \u1ed5n \u0111\u1ecbnh. S\u1ea3n ph\u1ea9m n\u00e0y \u0111\u01b0\u1ee3c thi\u1ebft k\u1ebf \u0111\u1eb7c bi\u1ec7t \u0111\u1ec3 \u0111\u00e1p \u1ee9ng c\u00e1c y\u00eau c\u1ea7u kh\u1eaft khe c\u1ee7a c\u00e1c h\u1ec7 th\u1ed1ng th\u1ee7y l\u1ef1c hi\u1ec7n \u0111\u1ea1i, mang l\u1ea1i hi\u1ec7u su\u1ea5t v\u00e0 \u0111\u1ed9 tin c\u1eady t\u1ed1i \u01b0u cho thi\u1ebft b\u1ecb c\u1ee7a b\u1ea1n.<\/p>\n<h3 style=\"text-align: justify\">C\u00f4ng D\u1ee5ng N\u1ed5i B\u1eadt<\/h3>\n<ul style=\"text-align: justify\">\n<li><strong>Ch\u1ed1ng m\u00e0i m\u00f2n v\u00e0 b\u1ec1n nhi\u1ec7t tuy\u1ec7t h\u1ea3o:<\/strong> S\u1eed d\u1ee5ng c\u00f4ng ngh\u1ec7 ph\u1ee5 gia ti\u00ean ti\u1ebfn, Hyspin AWS mang l\u1ea1i t\u00ednh n\u0103ng ch\u1ed1ng m\u00e0i m\u00f2n v\u01b0\u1ee3t tr\u1ed9i v\u00e0 kh\u1ea3 n\u0103ng ch\u1ecbu nhi\u1ec7t cao, gi\u00fap b\u1ea3o v\u1ec7 c\u00e1c b\u1ed9 ph\u1eadn quan tr\u1ecdng trong h\u1ec7 th\u1ed1ng th\u1ee7y l\u1ef1c.<\/li>\n<li><strong>B\u1ec1n th\u1ee7y ph\u00e2n v\u00e0 b\u1ec1n \u00f4-xi h\u00f3a:<\/strong> H\u1ec7 ph\u1ee5 gia ch\u1ecdn l\u1ecdc c\u00f9ng d\u1ea7u g\u1ed1c ch\u1ea5t l\u01b0\u1ee3ng cao \u0111\u1ea3m b\u1ea3o Hyspin AWS c\u00f3 \u0111\u1ed9 b\u1ec1n th\u1ee7y ph\u00e2n v\u00e0 ch\u1ed1ng \u00f4-xi h\u00f3a, gi\u1ea3m thi\u1ec3u kh\u1ea3 n\u0103ng t\u1ea1o c\u1eb7n v\u00e0 gi\u1eef cho h\u1ec7 th\u1ed1ng th\u1ee7y l\u1ef1c lu\u00f4n s\u1ea1ch s\u1ebd.<\/li>\n<li><strong>Ch\u1ed1ng \u0103n m\u00f2n hi\u1ec7u qu\u1ea3:<\/strong> B\u1ea3o v\u1ec7 c\u00e1c b\u1ed9 ph\u1eadn l\u00e0m b\u1eb1ng kim lo\u1ea1i \u0111en v\u00e0 kim lo\u1ea1i m\u00e0u trong h\u1ec7 th\u1ed1ng th\u1ee7y l\u1ef1c kh\u1ecfi hi\u1ec7n t\u01b0\u1ee3ng \u0103n m\u00f2n, t\u0103ng \u0111\u1ed9 b\u1ec1n v\u00e0 tu\u1ed5i th\u1ecd cho thi\u1ebft b\u1ecb.<\/li>\n<li><strong>\u0110a d\u1ea1ng \u1ee9ng d\u1ee5ng:<\/strong> Th\u00edch h\u1ee3p cho c\u00e1c h\u1ec7 th\u1ed1ng th\u1ee7y l\u1ef1c y\u00eau c\u1ea7u t\u00ednh n\u0103ng ch\u1ed1ng m\u00e0i m\u00f2n cao, c\u00e1c h\u1ec7 b\u00e1nh r\u0103ng ch\u1ecbu t\u1ea3i nh\u1eb9, b\u1ed9 bi\u1ebfn t\u1ed1c v\u00e0 \u1ed5 \u0111\u1ee1 y\u00eau c\u1ea7u d\u1ea7u b\u00f4i tr\u01a1n b\u1ec1n \u00f4-xi h\u00f3a v\u00e0 c\u00f3 t\u00ednh n\u0103ng b\u00f4i tr\u01a1n cao.<\/li>\n<li><strong>T\u01b0\u01a1ng th\u00edch v\u1edbi ch\u1ea5t li\u1ec7u \u0111\u00e0n h\u1ed3i:<\/strong> Ph\u00f9 h\u1ee3p v\u1edbi c\u00e1c ch\u1ea5t li\u1ec7u nh\u01b0 nitrile, silicone v\u00e0 fluropolyme th\u01b0\u1eddng \u0111\u01b0\u1ee3c s\u1eed d\u1ee5ng l\u00e0m gio\u0103ng, ph\u1ed1t, \u0111\u1ea3m b\u1ea3o t\u00ednh \u1ed5n \u0111\u1ecbnh v\u00e0 hi\u1ec7u qu\u1ea3 c\u1ee7a h\u1ec7 th\u1ed1ng.<\/li>\n<\/ul>\n<h3 style=\"text-align: justify\">Ti\u00eau Chu\u1ea9n V\u00e0 Ch\u1ee9ng Nh\u1eadn<\/h3>\n<p style=\"text-align: justify\"><strong>Castrol Hyspin AWS<\/strong> <strong>68 3P-S\u00a0<\/strong>\u0111\u01b0\u1ee3c x\u1ebfp lo\u1ea1i v\u00e0 \u0111\u00e1p \u1ee9ng c\u00e1c ti\u00eau chu\u1ea9n qu\u1ed1c t\u1ebf sau:<\/p>\n<ul style=\"text-align: justify\">\n<li><strong>DIN 51502-HLP<\/strong><\/li>\n<li><strong>ISO 6743\/4-HM<\/strong><\/li>\n<\/ul>\n<p style=\"text-align: justify\">S\u1ea3n ph\u1ea9m c\u0169ng \u0111\u00e1p \u1ee9ng c\u00e1c y\u00eau c\u1ea7u (t\u00f9y theo \u0111\u1ed9 nh\u1edbt) c\u1ee7a:<\/p>\n<ul style=\"text-align: justify\">\n<li><strong>DIN 51524 Part 2<\/strong><\/li>\n<li><strong>Cincinnati Lamb (Milacron) P 68-69-70<\/strong><\/li>\n<li><strong>Denison (Parker Hannifin) HF\u20130<\/strong><\/li>\n<li><strong>US Steel 126 &amp; 127<\/strong><\/li>\n<li><strong>Eaton (Vickers) I-286-S &amp; M-2950-S<\/strong><\/li>\n<li><strong>MB \u2013 Approval 341<\/strong><\/li>\n<\/ul>\n<h3 style=\"text-align: justify\">L\u1ee3i \u0110i\u1ec3m V\u01b0\u1ee3t Tr\u1ed9i<\/h3>\n<ul style=\"text-align: justify\">\n<li><strong>T\u00ednh b\u1ec1n nhi\u1ec7t v\u00e0 b\u1ec1n \u00f4-xi h\u00f3a t\u1ed1t:<\/strong> Gi\u1ea3m thi\u1ec3u c\u1eb7n b\u1ea9n trong h\u1ec7 th\u1ed1ng, k\u00e9o d\u00e0i tu\u1ed5i th\u1ecd m\u00e1y m\u00f3c v\u00e0 duy tr\u00ec hi\u1ec7u su\u1ea5t ho\u1ea1t \u0111\u1ed9ng \u1ed5n \u0111\u1ecbnh.<\/li>\n<li><strong>Ch\u1ed1ng m\u00e0i m\u00f2n v\u01b0\u1ee3t tr\u1ed9i:<\/strong> Gi\u00fap gi\u1ea3m th\u1eddi gian d\u1eebng m\u00e1y \u0111\u1ec3 b\u1ea3o d\u01b0\u1ee1ng ngo\u00e0i k\u1ebf ho\u1ea1ch, t\u0103ng n\u0103ng su\u1ea5t v\u00e0 hi\u1ec7u qu\u1ea3 l\u00e0m vi\u1ec7c.<\/li>\n<li><strong>T\u00ednh l\u1ecdc tuy\u1ec7t v\u1eddi trong c\u1ea3 \u0111i\u1ec1u ki\u1ec7n kh\u00f4 v\u00e0 \u01b0\u1edbt:<\/strong> K\u00e9o d\u00e0i th\u1eddi gian s\u1eed d\u1ee5ng l\u1ecdc d\u1ea7u, gi\u1ea3m chi ph\u00ed b\u1ea3o tr\u00ec v\u00e0 thay th\u1ebf.<\/li>\n<li><strong>T\u00ednh t\u00e1ch n\u01b0\u1edbc t\u1ed1t v\u00e0 b\u1ec1n th\u1ee7y ph\u00e2n:<\/strong> \u0110\u01b0\u1ee3c ki\u1ec3m ch\u1ee9ng trong c\u00e1c th\u1eed nghi\u1ec7m ti\u00eau chu\u1ea9n c\u00f4ng nghi\u1ec7p, t\u0103ng c\u01b0\u1eddng \u0111\u1ed9 tin c\u1eady c\u1ee7a thi\u1ebft b\u1ecb, k\u00e9o d\u00e0i tu\u1ed5i th\u1ecd d\u1ea7u v\u00e0 gi\u1ea3m th\u1eddi gian d\u1eebng m\u00e1y.<\/li>\n<\/ul>\n<h3 style=\"text-align: justify\">Th\u00f4ng S\u1ed1 K\u1ef9 Thu\u1eadt Ti\u00eau Bi\u1ec3u<\/h3>\n<div>\n<div>\n<div class=\"table-responsive\">\n<table class=\"table table-striped\">\n<thead>\n<tr>\n<th><strong>Ch\u1ec9 Ti\u00eau<\/strong><\/th>\n<th><strong>Ph\u01b0\u01a1ng Ph\u00e1p<\/strong><\/th>\n<th><strong>\u0110\u01a1n V\u1ecb<\/strong><\/th>\n<th><strong>10<\/strong><\/th>\n<th><strong>22<\/strong><\/th>\n<th><strong>32<\/strong><\/th>\n<th><strong>46<\/strong><\/th>\n<th><strong>68<\/strong><\/th>\n<th><strong>100<\/strong><\/th>\n<th><strong>150<\/strong><\/th>\n<\/tr>\n<\/thead>\n<tbody>\n<tr>\n<td>Kh\u1ed1i l\u01b0\u1ee3ng ri\u00eang \u1edf 15\u00b0C<\/td>\n<td>ASTM D4052<\/td>\n<td>g\/ml<\/td>\n<td>0.870<\/td>\n<td>0.863<\/td>\n<td>0.857<\/td>\n<td>0.863<\/td>\n<td>0.881<\/td>\n<td>0.877<\/td>\n<td>0.887<\/td>\n<\/tr>\n<tr>\n<td>\u0110\u1ed9 nh\u1edbt \u0111\u1ed9ng h\u1ecdc \u1edf 40\u00b0C<\/td>\n<td>ASTM D445<\/td>\n<td>mm\u00b2\/s<\/td>\n<td>10<\/td>\n<td>22<\/td>\n<td>31.42<\/td>\n<td>46.35<\/td>\n<td>67.29<\/td>\n<td>100<\/td>\n<td>150<\/td>\n<\/tr>\n<tr>\n<td>\u0110\u1ed9 nh\u1edbt \u0111\u1ed9ng h\u1ecdc \u1edf 100\u00b0C<\/td>\n<td>ASTM D445<\/td>\n<td>mm\u00b2\/s<\/td>\n<td>2.55<\/td>\n<td>4.25<\/td>\n<td>5.55<\/td>\n<td>7.05<\/td>\n<td>8.79<\/td>\n<td>11.1<\/td>\n<td>14.5<\/td>\n<\/tr>\n<tr>\n<td>Ch\u1ec9 s\u1ed1 \u0111\u1ed9 nh\u1edbt<\/td>\n<td>ASTM 2270<\/td>\n<td>&#8211;<\/td>\n<td>100<\/td>\n<td>115<\/td>\n<td>110<\/td>\n<td>103<\/td>\n<td>99<\/td>\n<td>98<\/td>\n<td>98<\/td>\n<\/tr>\n<tr>\n<td>\u0110i\u1ec3m r\u00f3t ch\u1ea3y<\/td>\n<td>ASTM D97<\/td>\n<td>\u00b0C<\/td>\n<td>-36<\/td>\n<td>-27<\/td>\n<td>-27<\/td>\n<td>-24<\/td>\n<td>-21<\/td>\n<td>-18<\/td>\n<td>-18<\/td>\n<\/tr>\n<tr>\n<td>\u0110i\u1ec3m ch\u1edbp ch\u00e1y c\u1ed1c k\u00edn<\/td>\n<td>ASTM D93<\/td>\n<td>\u00b0C<\/td>\n<td>154<\/td>\n<td>205<\/td>\n<td>210<\/td>\n<td>215<\/td>\n<td>225<\/td>\n<td>225<\/td>\n<td>230<\/td>\n<\/tr>\n<tr>\n<td>\u0110\u1ed9 t\u1ea1o b\u1ecdt SeqI<\/td>\n<td>ASTM D892<\/td>\n<td>ml\/ml<\/td>\n<td>10\/0<\/td>\n<td>10\/0<\/td>\n<td>10\/0<\/td>\n<td>10\/0<\/td>\n<td>10\/0<\/td>\n<td>10\/0<\/td>\n<td>10\/0<\/td>\n<\/tr>\n<tr>\n<td>\u0110\u1ed9 t\u00e1ch n\u01b0\u1edbc \u1edf 54\u00b0C<\/td>\n<td>ASTM D1401<\/td>\n<td>ph\u00fat<\/td>\n<td>5<\/td>\n<td>10<\/td>\n<td>15<\/td>\n<td>15<\/td>\n<td>15<\/td>\n<td>&#8211;<\/td>\n<td>&#8211;<\/td>\n<\/tr>\n<tr>\n<td>\u0110\u1ed9 t\u00e1ch n\u01b0\u1edbc \u1edf 82\u00b0C<\/td>\n<td>ASTM D1401<\/td>\n<td>ph\u00fat<\/td>\n<td>&#8211;<\/td>\n<td>&#8211;<\/td>\n<td>&#8211;<\/td>\n<td>&#8211;<\/td>\n<td>&#8211;<\/td>\n<td>15<\/td>\n<td>20<\/td>\n<\/tr>\n<tr>\n<td>\u0110\u1ed9 t\u00e1ch kh\u00ed \u1edf 50\u00b0C<\/td>\n<td>ASTM D3427<\/td>\n<td>ph\u00fat<\/td>\n<td>1<\/td>\n<td>1<\/td>\n<td>3<\/td>\n<td>2.5<\/td>\n<td>8<\/td>\n<td>15.8<\/td>\n<td>15.2<\/td>\n<\/tr>\n<tr>\n<td>C\u1ea5p t\u1ea3i FZG (A8.3\/90)<\/td>\n<td>DIN 51354<\/td>\n<td>&#8211;<\/td>\n<td>&#8211;<\/td>\n<td>11<\/td>\n<td>12<\/td>\n<td>12<\/td>\n<td>12<\/td>\n<td>12<\/td>\n<td>12<\/td>\n<\/tr>\n<tr>\n<td>T\u00ednh ch\u1ed1ng r\u1ec9 (24 gi\u1edd, n\u01b0\u1edbc bi\u1ec3n t\u1ed5ng h\u1ee3p)<\/td>\n<td>ASTM D665B<\/td>\n<td>&#8211;<\/td>\n<td>\u0110\u1ea1t<\/td>\n<td>\u0110\u1ea1t<\/td>\n<td>\u0110\u1ea1t<\/td>\n<td>\u0110\u1ea1t<\/td>\n<td>\u0110\u1ea1t<\/td>\n<td>\u0110\u1ea1t<\/td>\n<td>\u0110\u1ea1t<\/td>\n<\/tr>\n<tr>\n<td>\u0102n m\u00f2n \u0111\u1ed3ng (3 gi\u1edd, 100\u00b0C)<\/td>\n<td>ASTM D130<\/td>\n<td>&#8211;<\/td>\n<td>1A<\/td>\n<td>1A<\/td>\n<td>1A<\/td>\n<td>1A<\/td>\n<td>1A<\/td>\n<td>1A<\/td>\n<td>1A<\/td>\n<\/tr>\n<\/tbody>\n<\/table>\n<\/div>\n<div><\/div>\n<\/div>\n<p>&nbsp;<\/p>\n<div><\/div>\n<\/div>\n<p><\/p>","protected":false},"excerpt":{"rendered":"<p><strong>Castrol Hyspin AWS 68<\/strong> <strong>3P-S<\/strong> l\u00e0 d\u00f2ng d\u1ea7u th\u1ee7y l\u1ef1c cao c\u1ea5p \u0111\u01b0\u1ee3c pha ch\u1ebf t\u1eeb d\u1ea7u g\u1ed1c kho\u00e1ng x\u1eed l\u00fd hydro ch\u1ea5t l\u01b0\u1ee3ng cao (d\u1ea7u g\u1ed1c nh\u00f3m II) k\u1ebft h\u1ee3p v\u1edbi h\u1ec7 ph\u1ee5 gia ch\u1ed1ng m\u00e0i m\u00f2n g\u1ed1c k\u1ebdm c\u00f3 t\u00ednh n\u0103ng \u1ed5n \u0111\u1ecbnh. S\u1ea3n ph\u1ea9m n\u00e0y \u0111\u01b0\u1ee3c thi\u1ebft k\u1ebf \u0111\u1eb7c bi\u1ec7t \u0111\u1ec3 \u0111\u00e1p \u1ee9ng c\u00e1c y\u00eau c\u1ea7u kh\u1eaft khe c\u1ee7a c\u00e1c h\u1ec7 th\u1ed1ng th\u1ee7y l\u1ef1c hi\u1ec7n \u0111\u1ea1i, mang l\u1ea1i hi\u1ec7u su\u1ea5t v\u00e0 \u0111\u1ed9 tin c\u1eady t\u1ed1i \u01b0u cho thi\u1ebft b\u1ecb c\u1ee7a b\u1ea1n.<\/p>\n","protected":false},"featured_media":27593,"comment_status":"closed","ping_status":"closed","template":"","meta":[],"product_cat":[776,760,780,823],"product_tag":[810,828,805,829,830,826,825,788,839,808,840,832,835,831,834,827,836,833,837,838],"class_list":{"0":"post-27723","1":"product","2":"type-product","3":"status-publish","4":"has-post-thumbnail","6":"product_brand-castrol","7":"product_cat-dau-cong-nghiep-castrol","8":"product_cat-dau-nhot-castrol","9":"product_cat-dau-thuy-luc-castrol","10":"product_cat-dau-thuy-luc-castrol-hyspin-aws","11":"product_tag-bao-ve-he-thong-thuy-luc","12":"product_tag-ben-nhiet-va-ben-o-xi-hoa","13":"product_tag-castrol-hyspin-aws","14":"product_tag-chong-an-mon-he-thong-thuy-luc","15":"product_tag-dau-boi-tron-ben-o-xi-hoa","16":"product_tag-dau-goc-khoang-nhom-ii","17":"product_tag-dau-thuy-luc-cao-cap","18":"product_tag-dau-thuy-luc-chat-luong-cao","19":"product_tag-dau-thuy-luc-cho-cong-nghiep-nang","20":"product_tag-dau-thuy-luc-chong-mai-mon","21":"product_tag-dau-thuy-luc-tuong-thich-chat-lieu-dan-hoi","22":"product_tag-do-tin-cay-thiet-bi-thuy-luc","23":"product_tag-giam-chi-phi-bao-tri","24":"product_tag-he-banh-rang-chiu-tai-nhe","25":"product_tag-iso-6743-4-hm","26":"product_tag-phu-gia-chong-mai-mon-goc-kem","27":"product_tag-tang-tuoi-tho-may-moc","28":"product_tag-tieu-chuan-din-51524-part-2","29":"product_tag-tinh-loc-tuyet-voi","30":"product_tag-tinh-tach-nuoc-tot","32":"first","33":"instock","34":"shipping-taxable","35":"product-type-simple"},"yoast_head":"<!-- This site is optimized with the Yoast SEO plugin v27.2 - https:\/\/yoast.com\/product\/yoast-seo-wordpress\/ -->\n<title>D\u1ea7u Th\u1ee7y L\u1ef1c Castrol HYSPIN AWS 68 3P-S 18L - C\u00f4ng Ty TNHH D\u1ea7u Nh\u1eddn T&amp;T Vi\u1ec7t Nam<\/title>\n<meta name=\"robots\" content=\"index, follow, max-snippet:-1, max-image-preview:large, max-video-preview:-1\" \/>\n<link rel=\"canonical\" href=\"https:\/\/tatco.vn\/vi\/san-pham\/dau-thuy-luc-castrol-hyspin-aws-68-3p-s-18l\/\" \/>\n<meta property=\"og:locale\" content=\"vi_VN\" \/>\n<meta property=\"og:type\" content=\"article\" \/>\n<meta property=\"og:title\" content=\"D\u1ea7u Th\u1ee7y L\u1ef1c Castrol HYSPIN AWS 68 3P-S 18L - C\u00f4ng Ty TNHH D\u1ea7u Nh\u1eddn T&amp;T Vi\u1ec7t Nam\" \/>\n<meta property=\"og:url\" content=\"https:\/\/tatco.vn\/vi\/san-pham\/dau-thuy-luc-castrol-hyspin-aws-68-3p-s-18l\/\" \/>\n<meta property=\"og:site_name\" content=\"C\u00f4ng Ty TNHH D\u1ea7u Nh\u1eddn T&amp;T Vi\u1ec7t Nam\" \/>\n<meta property=\"article:modified_time\" content=\"2025-02-07T10:53:46+00:00\" \/>\n<meta property=\"og:image\" content=\"https:\/\/tatco.vn\/wp-content\/uploads\/2022\/12\/Castrol-v5.png\" \/>\n\t<meta property=\"og:image:width\" content=\"750\" \/>\n\t<meta property=\"og:image:height\" content=\"1000\" \/>\n\t<meta property=\"og:image:type\" content=\"image\/png\" \/>\n<meta name=\"twitter:card\" content=\"summary_large_image\" \/>\n<meta name=\"twitter:label1\" content=\"\u01af\u1edbc t\u00ednh th\u1eddi gian \u0111\u1ecdc\" \/>\n\t<meta name=\"twitter:data1\" content=\"4 ph\u00fat\" \/>\n<script type=\"application\/ld+json\" class=\"yoast-schema-graph\">{\"@context\":\"https:\/\/schema.org\",\"@graph\":[{\"@type\":\"WebPage\",\"@id\":\"https:\/\/tatco.vn\/vi\/san-pham\/dau-thuy-luc-castrol-hyspin-aws-68-3p-s-18l\/\",\"url\":\"https:\/\/tatco.vn\/vi\/san-pham\/dau-thuy-luc-castrol-hyspin-aws-68-3p-s-18l\/\",\"name\":\"D\u1ea7u Th\u1ee7y L\u1ef1c Castrol HYSPIN AWS 68 3P-S 18L - C\u00f4ng Ty TNHH D\u1ea7u Nh\u1eddn T&amp;T Vi\u1ec7t Nam\",\"isPartOf\":{\"@id\":\"https:\/\/tatco.vn\/en\/#website\"},\"primaryImageOfPage\":{\"@id\":\"https:\/\/tatco.vn\/vi\/san-pham\/dau-thuy-luc-castrol-hyspin-aws-68-3p-s-18l\/#primaryimage\"},\"image\":{\"@id\":\"https:\/\/tatco.vn\/vi\/san-pham\/dau-thuy-luc-castrol-hyspin-aws-68-3p-s-18l\/#primaryimage\"},\"thumbnailUrl\":\"https:\/\/tatco.vn\/wp-content\/uploads\/2022\/12\/Castrol-v5.png\",\"datePublished\":\"2025-02-03T05:52:00+00:00\",\"dateModified\":\"2025-02-07T10:53:46+00:00\",\"breadcrumb\":{\"@id\":\"https:\/\/tatco.vn\/vi\/san-pham\/dau-thuy-luc-castrol-hyspin-aws-68-3p-s-18l\/#breadcrumb\"},\"inLanguage\":\"vi\",\"potentialAction\":[{\"@type\":\"ReadAction\",\"target\":[\"https:\/\/tatco.vn\/vi\/san-pham\/dau-thuy-luc-castrol-hyspin-aws-68-3p-s-18l\/\"]}]},{\"@type\":\"ImageObject\",\"inLanguage\":\"vi\",\"@id\":\"https:\/\/tatco.vn\/vi\/san-pham\/dau-thuy-luc-castrol-hyspin-aws-68-3p-s-18l\/#primaryimage\",\"url\":\"https:\/\/tatco.vn\/wp-content\/uploads\/2022\/12\/Castrol-v5.png\",\"contentUrl\":\"https:\/\/tatco.vn\/wp-content\/uploads\/2022\/12\/Castrol-v5.png\",\"width\":750,\"height\":1000,\"caption\":\"Castrol Perfecto HT 5\"},{\"@type\":\"BreadcrumbList\",\"@id\":\"https:\/\/tatco.vn\/vi\/san-pham\/dau-thuy-luc-castrol-hyspin-aws-68-3p-s-18l\/#breadcrumb\",\"itemListElement\":[{\"@type\":\"ListItem\",\"position\":1,\"name\":\"Home\",\"item\":\"https:\/\/tatco.vn\/\"},{\"@type\":\"ListItem\",\"position\":2,\"name\":\"C\u1eeda h\u00e0ng\",\"item\":\"https:\/\/tatco.vn\/en\/mua\/\"},{\"@type\":\"ListItem\",\"position\":3,\"name\":\"D\u1ea7u Th\u1ee7y L\u1ef1c Castrol HYSPIN AWS 68 3P-S 18L\"}]},{\"@type\":\"WebSite\",\"@id\":\"https:\/\/tatco.vn\/en\/#website\",\"url\":\"https:\/\/tatco.vn\/en\/\",\"name\":\"C\u00f4ng Ty TNHH D\u1ea7u Nh\u1eddn T&amp;T Vi\u1ec7t Nam\",\"description\":\"Right Point - Right Time - Best Solution\",\"publisher\":{\"@id\":\"https:\/\/tatco.vn\/en\/#organization\"},\"potentialAction\":[{\"@type\":\"SearchAction\",\"target\":{\"@type\":\"EntryPoint\",\"urlTemplate\":\"https:\/\/tatco.vn\/en\/?s={search_term_string}\"},\"query-input\":{\"@type\":\"PropertyValueSpecification\",\"valueRequired\":true,\"valueName\":\"search_term_string\"}}],\"inLanguage\":\"vi\"},{\"@type\":\"Organization\",\"@id\":\"https:\/\/tatco.vn\/en\/#organization\",\"name\":\"C\u00f4ng Ty TNHH D\u1ea7u Nh\u1eddn T&T Vi\u1ec7t Nam\",\"url\":\"https:\/\/tatco.vn\/en\/\",\"logo\":{\"@type\":\"ImageObject\",\"inLanguage\":\"vi\",\"@id\":\"https:\/\/tatco.vn\/en\/#\/schema\/logo\/image\/\",\"url\":\"https:\/\/tatco.vn\/wp-content\/uploads\/2019\/05\/fav-ico.png\",\"contentUrl\":\"https:\/\/tatco.vn\/wp-content\/uploads\/2019\/05\/fav-ico.png\",\"width\":200,\"height\":200,\"caption\":\"C\u00f4ng Ty TNHH D\u1ea7u Nh\u1eddn T&T Vi\u1ec7t Nam\"},\"image\":{\"@id\":\"https:\/\/tatco.vn\/en\/#\/schema\/logo\/image\/\"}}]}<\/script>\n<!-- \/ Yoast SEO plugin. -->","yoast_head_json":{"title":"D\u1ea7u Th\u1ee7y L\u1ef1c Castrol HYSPIN AWS 68 3P-S 18L - C\u00f4ng Ty TNHH D\u1ea7u Nh\u1eddn T&amp;T Vi\u1ec7t Nam","robots":{"index":"index","follow":"follow","max-snippet":"max-snippet:-1","max-image-preview":"max-image-preview:large","max-video-preview":"max-video-preview:-1"},"canonical":"https:\/\/tatco.vn\/vi\/san-pham\/dau-thuy-luc-castrol-hyspin-aws-68-3p-s-18l\/","og_locale":"vi_VN","og_type":"article","og_title":"D\u1ea7u Th\u1ee7y L\u1ef1c Castrol HYSPIN AWS 68 3P-S 18L - C\u00f4ng Ty TNHH D\u1ea7u Nh\u1eddn T&amp;T Vi\u1ec7t Nam","og_url":"https:\/\/tatco.vn\/vi\/san-pham\/dau-thuy-luc-castrol-hyspin-aws-68-3p-s-18l\/","og_site_name":"C\u00f4ng Ty TNHH D\u1ea7u Nh\u1eddn T&amp;T Vi\u1ec7t Nam","article_modified_time":"2025-02-07T10:53:46+00:00","og_image":[{"width":750,"height":1000,"url":"https:\/\/tatco.vn\/wp-content\/uploads\/2022\/12\/Castrol-v5.png","type":"image\/png"}],"twitter_card":"summary_large_image","twitter_misc":{"\u01af\u1edbc t\u00ednh th\u1eddi gian \u0111\u1ecdc":"4 ph\u00fat"},"schema":{"@context":"https:\/\/schema.org","@graph":[{"@type":"WebPage","@id":"https:\/\/tatco.vn\/vi\/san-pham\/dau-thuy-luc-castrol-hyspin-aws-68-3p-s-18l\/","url":"https:\/\/tatco.vn\/vi\/san-pham\/dau-thuy-luc-castrol-hyspin-aws-68-3p-s-18l\/","name":"D\u1ea7u Th\u1ee7y L\u1ef1c Castrol HYSPIN AWS 68 3P-S 18L - C\u00f4ng Ty TNHH D\u1ea7u Nh\u1eddn T&amp;T Vi\u1ec7t Nam","isPartOf":{"@id":"https:\/\/tatco.vn\/en\/#website"},"primaryImageOfPage":{"@id":"https:\/\/tatco.vn\/vi\/san-pham\/dau-thuy-luc-castrol-hyspin-aws-68-3p-s-18l\/#primaryimage"},"image":{"@id":"https:\/\/tatco.vn\/vi\/san-pham\/dau-thuy-luc-castrol-hyspin-aws-68-3p-s-18l\/#primaryimage"},"thumbnailUrl":"https:\/\/tatco.vn\/wp-content\/uploads\/2022\/12\/Castrol-v5.png","datePublished":"2025-02-03T05:52:00+00:00","dateModified":"2025-02-07T10:53:46+00:00","breadcrumb":{"@id":"https:\/\/tatco.vn\/vi\/san-pham\/dau-thuy-luc-castrol-hyspin-aws-68-3p-s-18l\/#breadcrumb"},"inLanguage":"vi","potentialAction":[{"@type":"ReadAction","target":["https:\/\/tatco.vn\/vi\/san-pham\/dau-thuy-luc-castrol-hyspin-aws-68-3p-s-18l\/"]}]},{"@type":"ImageObject","inLanguage":"vi","@id":"https:\/\/tatco.vn\/vi\/san-pham\/dau-thuy-luc-castrol-hyspin-aws-68-3p-s-18l\/#primaryimage","url":"https:\/\/tatco.vn\/wp-content\/uploads\/2022\/12\/Castrol-v5.png","contentUrl":"https:\/\/tatco.vn\/wp-content\/uploads\/2022\/12\/Castrol-v5.png","width":750,"height":1000,"caption":"Castrol Perfecto HT 5"},{"@type":"BreadcrumbList","@id":"https:\/\/tatco.vn\/vi\/san-pham\/dau-thuy-luc-castrol-hyspin-aws-68-3p-s-18l\/#breadcrumb","itemListElement":[{"@type":"ListItem","position":1,"name":"Home","item":"https:\/\/tatco.vn\/"},{"@type":"ListItem","position":2,"name":"C\u1eeda h\u00e0ng","item":"https:\/\/tatco.vn\/en\/mua\/"},{"@type":"ListItem","position":3,"name":"D\u1ea7u Th\u1ee7y L\u1ef1c Castrol HYSPIN AWS 68 3P-S 18L"}]},{"@type":"WebSite","@id":"https:\/\/tatco.vn\/en\/#website","url":"https:\/\/tatco.vn\/en\/","name":"C\u00f4ng Ty TNHH D\u1ea7u Nh\u1eddn T&amp;T Vi\u1ec7t Nam","description":"Right Point - Right Time - Best Solution","publisher":{"@id":"https:\/\/tatco.vn\/en\/#organization"},"potentialAction":[{"@type":"SearchAction","target":{"@type":"EntryPoint","urlTemplate":"https:\/\/tatco.vn\/en\/?s={search_term_string}"},"query-input":{"@type":"PropertyValueSpecification","valueRequired":true,"valueName":"search_term_string"}}],"inLanguage":"vi"},{"@type":"Organization","@id":"https:\/\/tatco.vn\/en\/#organization","name":"C\u00f4ng Ty TNHH D\u1ea7u Nh\u1eddn T&T Vi\u1ec7t Nam","url":"https:\/\/tatco.vn\/en\/","logo":{"@type":"ImageObject","inLanguage":"vi","@id":"https:\/\/tatco.vn\/en\/#\/schema\/logo\/image\/","url":"https:\/\/tatco.vn\/wp-content\/uploads\/2019\/05\/fav-ico.png","contentUrl":"https:\/\/tatco.vn\/wp-content\/uploads\/2019\/05\/fav-ico.png","width":200,"height":200,"caption":"C\u00f4ng Ty TNHH D\u1ea7u Nh\u1eddn T&T Vi\u1ec7t Nam"},"image":{"@id":"https:\/\/tatco.vn\/en\/#\/schema\/logo\/image\/"}}]}},"_links":{"self":[{"href":"https:\/\/tatco.vn\/vi\/wp-json\/wp\/v2\/product\/27723","targetHints":{"allow":["GET"]}}],"collection":[{"href":"https:\/\/tatco.vn\/vi\/wp-json\/wp\/v2\/product"}],"about":[{"href":"https:\/\/tatco.vn\/vi\/wp-json\/wp\/v2\/types\/product"}],"replies":[{"embeddable":true,"href":"https:\/\/tatco.vn\/vi\/wp-json\/wp\/v2\/comments?post=27723"}],"version-history":[{"count":0,"href":"https:\/\/tatco.vn\/vi\/wp-json\/wp\/v2\/product\/27723\/revisions"}],"wp:featuredmedia":[{"embeddable":true,"href":"https:\/\/tatco.vn\/vi\/wp-json\/wp\/v2\/media\/27593"}],"wp:attachment":[{"href":"https:\/\/tatco.vn\/vi\/wp-json\/wp\/v2\/media?parent=27723"}],"wp:term":[{"taxonomy":"product_cat","embeddable":true,"href":"https:\/\/tatco.vn\/vi\/wp-json\/wp\/v2\/product_cat?post=27723"},{"taxonomy":"product_tag","embeddable":true,"href":"https:\/\/tatco.vn\/vi\/wp-json\/wp\/v2\/product_tag?post=27723"}],"curies":[{"name":"wp","href":"https:\/\/api.w.org\/{rel}","templated":true}]}}