{"id":27710,"date":"2025-02-02T12:12:20","date_gmt":"2025-02-02T05:12:20","guid":{"rendered":"https:\/\/tatco.vn\/vi\/?post_type=product&#038;p=27710"},"modified":"2025-02-07T17:48:14","modified_gmt":"2025-02-07T10:48:14","slug":"dau-thuy-luc-castrol-hyspin-aws-32","status":"publish","type":"product","link":"https:\/\/tatco.vn\/vi\/san-pham\/dau-thuy-luc-castrol-hyspin-aws-32\/","title":{"rendered":"D\u1ea7u Th\u1ee7y L\u1ef1c Castrol Hyspin AWS 32"},"content":{"rendered":"<p><\/p>\n<h3>D\u1ea7u Th\u1ee7y L\u1ef1c Castrol Hyspin AWS 32 : D\u1ea7u Th\u1ee7y L\u1ef1c Ch\u1ea5t L\u01b0\u1ee3ng Cao<\/h3>\n<p style=\"text-align: justify\"><strong>Castrol Hyspin AWS 32<\/strong>\u00a0l\u00e0 d\u00f2ng s\u1ea3n ph\u1ea9m d\u1ea7u th\u1ee7y l\u1ef1c ch\u1ea5t l\u01b0\u1ee3ng cao, \u0111\u01b0\u1ee3c pha ch\u1ebf t\u1eeb d\u1ea7u g\u1ed1c kho\u00e1ng x\u1eed l\u00fd hydro cao c\u1ea5p v\u00e0 h\u1ec7 ph\u1ee5 gia ch\u1ed1ng m\u00e0i m\u00f2n g\u1ed1c k\u1ebdm c\u00f3 t\u00ednh n\u0103ng \u1ed5n \u0111\u1ecbnh.<\/p>\n<h4 style=\"text-align: justify\">M\u00f4 T\u1ea3<\/h4>\n<p style=\"text-align: justify\">Hyspin AWS \u0111\u01b0\u1ee3c thi\u1ebft k\u1ebf \u0111\u1eb7c bi\u1ec7t v\u1edbi c\u00f4ng ngh\u1ec7 ph\u1ee5 gia ti\u00ean ti\u1ebfn \u0111\u1ec3 mang l\u1ea1i t\u00ednh n\u0103ng ch\u1ed1ng m\u00e0i m\u00f2n v\u00e0 b\u1ec1n nhi\u1ec7t tuy\u1ec7t h\u1ea3o. H\u1ec7 ph\u1ee5 gia ch\u1ecdn l\u1ecdc v\u00e0 d\u1ea7u g\u1ed1c ch\u1ea5t l\u01b0\u1ee3ng cao \u0111\u1ea3m b\u1ea3o Hyspin AWS c\u00f3 t\u00ednh b\u1ec1n th\u1ee7y ph\u00e2n v\u00e0 b\u1ec1n \u00f4-xi h\u00f3a, \u0111\u1ed3ng th\u1eddi gi\u1ea3m thi\u1ec3u kh\u1ea3 n\u0103ng t\u1ea1o c\u1eb7n. Ngo\u00e0i ra, Hyspin AWS c\u00f2n c\u00f3 t\u00ednh n\u0103ng ch\u1ed1ng \u0103n m\u00f2n cho c\u00e1c b\u1ed9 ph\u1eadn l\u00e0m b\u1eb1ng kim lo\u1ea1i \u0111en v\u00e0 kim lo\u1ea1i m\u00e0u trong h\u1ec7 th\u1ed1ng th\u1ee7y l\u1ef1c.<\/p>\n<h4 style=\"text-align: justify\">C\u00f4ng D\u1ee5ng<\/h4>\n<p style=\"text-align: justify\">D\u00f2ng s\u1ea3n ph\u1ea9m n\u00e0y \u0111\u01b0\u1ee3c thi\u1ebft k\u1ebf cho c\u00e1c h\u1ec7 th\u1ed1ng th\u1ee7y l\u1ef1c y\u00eau c\u1ea7u t\u00ednh n\u0103ng ch\u1ed1ng m\u00e0i m\u00f2n. N\u00f3 c\u0169ng th\u00edch h\u1ee3p cho nh\u1eefng c\u00f4ng d\u1ee5ng kh\u00e1c y\u00eau c\u1ea7u lo\u1ea1i d\u1ea7u b\u00f4i tr\u01a1n b\u1ec1n \u00f4-xi h\u00f3a v\u00e0 c\u00f3 t\u00ednh n\u0103ng b\u00f4i tr\u01a1n cao nh\u01b0 c\u00e1c h\u1ec7 b\u00e1nh r\u0103ng ch\u1ecbu t\u1ea3i nh\u1eb9, m\u1ed9t s\u1ed1 b\u1ed9 bi\u1ebfn t\u1ed1c v\u00e0 c\u00e1c \u1ed5 \u0111\u1ee1. Hyspin AWS t\u01b0\u01a1ng th\u00edch v\u1edbi c\u00e1c ch\u1ea5t li\u1ec7u \u0111\u00e0n h\u1ed3i th\u00f4ng d\u1ee5ng nh\u01b0 nitrile, silicon v\u00e0 fluropolyme th\u01b0\u1eddng \u0111\u01b0\u1ee3c d\u00f9ng l\u00e0m gio\u0103ng, ph\u1ed1t.<\/p>\n<h4 style=\"text-align: justify\">Ti\u00eau Chu\u1ea9n v\u00e0 Ch\u1ee9ng Nh\u1eadn<\/h4>\n<p style=\"text-align: justify\">Hyspin AWS \u0111\u01b0\u1ee3c ph\u00e2n lo\u1ea1i theo c\u00e1c ti\u00eau chu\u1ea9n d\u01b0\u1edbi \u0111\u00e2y:<\/p>\n<ul style=\"text-align: justify\">\n<li><strong>DIN 51502 &#8211; HLP<\/strong><\/li>\n<li><strong>ISO 6743\/4 &#8211; HM<\/strong><\/li>\n<\/ul>\n<p style=\"text-align: justify\">Hyspin AWS (t\u00f9y theo \u0111\u1ed9 nh\u1edbt) \u0111\u01b0\u1ee3c ph\u00ea duy\u1ec7t b\u1edfi:<\/p>\n<ul style=\"text-align: justify\">\n<li><strong>Parker Hannifin (Denison) HF0, HF1 &amp; HF2<\/strong><\/li>\n<li><strong>Eaton E-FDGN-TB002-E<\/strong><\/li>\n<\/ul>\n<p style=\"text-align: justify\">Hyspin AWS (t\u00f9y theo \u0111\u1ed9 nh\u1edbt) \u0111\u00e1p \u1ee9ng y\u00eau c\u1ea7u c\u1ee7a c\u00e1c ti\u00eau chu\u1ea9n d\u01b0\u1edbi \u0111\u00e2y:<\/p>\n<ul style=\"text-align: justify\">\n<li><strong>DIN 51524 Part 2<\/strong><\/li>\n<li><strong>Fives Cincinnati P68, P69 &amp; P70<\/strong><\/li>\n<li><strong>ASTM D6158 HM<\/strong><\/li>\n<li><strong>ISO 11158 HM<\/strong><\/li>\n<li><strong>US Steel 126<\/strong><\/li>\n<li><strong>GB 11118.1 L-HM (General and High Pressure)<\/strong><\/li>\n<\/ul>\n<h4 style=\"text-align: justify\">L\u1ee3i \u0110i\u1ec3m<\/h4>\n<p style=\"text-align: justify\">Hyspin AWS cho th\u1ea5y nhi\u1ec1u l\u1ee3i \u0111i\u1ec3m khi so s\u00e1nh v\u1edbi c\u00e1c lo\u1ea1i d\u1ea7u th\u1ee7y l\u1ef1c truy\u1ec1n th\u1ed1ng:<\/p>\n<ul style=\"text-align: justify\">\n<li><strong>T\u00ednh b\u1ec1n nhi\u1ec7t v\u00e0 b\u1ec1n \u00f4-xi h\u00f3a t\u1ed1t<\/strong>: Gi\u1ea3m thi\u1ec3u c\u1eb7n, k\u1ebft qu\u1ea3 l\u00e0 h\u1ec7 th\u1ed1ng th\u1ee7y l\u1ef1c s\u1ea1ch h\u01a1n v\u00e0 k\u00e9o d\u00e0i tu\u1ed5i th\u1ecd c\u1ee7a m\u00e1y m\u00f3c.<\/li>\n<li><strong>T\u00ednh n\u0103ng ch\u1ed1ng m\u00e0i m\u00f2n v\u01b0\u1ee3t tr\u1ed9i<\/strong>: Gi\u1ea3m th\u1eddi gian d\u1eebng m\u00e1y \u0111\u1ec3 b\u1ea3o d\u01b0\u1ee1ng ngo\u00e0i k\u1ebf ho\u1ea1ch.<\/li>\n<li><strong>T\u00ednh l\u1ecdc tuy\u1ec7t v\u1eddi<\/strong>: C\u1ea3 trong \u0111i\u1ec1u ki\u1ec7n kh\u00f4 v\u00e0 \u01b0\u1edbt, gi\u00fap gi\u1ea3m chi ph\u00ed nh\u1edd k\u00e9o d\u00e0i th\u1eddi gian s\u1eed d\u1ee5ng l\u1ecdc v\u00e0 gi\u1ea3m chi ph\u00ed b\u1ea3o tr\u00ec.<\/li>\n<li><strong>T\u00ednh t\u00e1ch n\u01b0\u1edbc t\u1ed1t v\u00e0 b\u1ec1n th\u1ee7y ph\u00e2n<\/strong>: \u0110\u01b0\u1ee3c ki\u1ec3m ch\u1ee9ng trong c\u00e1c th\u1eed nghi\u1ec7m ti\u00eau chu\u1ea9n c\u00f4ng nghi\u1ec7p, gi\u00fap t\u0103ng c\u01b0\u1eddng \u0111\u1ed9 tin c\u1eady c\u1ee7a thi\u1ebft b\u1ecb, k\u00e9o d\u00e0i tu\u1ed5i th\u1ecd c\u1ee7a d\u1ea7u v\u00e0 gi\u1ea3m th\u1eddi gian d\u1eebng m\u00e1y.<\/li>\n<\/ul>\n<h4 style=\"text-align: justify\">C\u00e1c \u0110\u1eb7c Tr\u01b0ng Ti\u00eau Bi\u1ec3u<\/h4>\n<div class=\"table-responsive\">\n<table class=\"table table-striped\">\n<thead>\n<tr>\n<th>Ph\u01b0\u01a1ng Ph\u00e1p<\/th>\n<th>\u0110\u01a1n V\u1ecb<\/th>\n<th>AWS 10<\/th>\n<th>AWS 15<\/th>\n<th>AWS 22<\/th>\n<th>AWS 32<\/th>\n<th>AWS 46<\/th>\n<th>AWS 68<\/th>\n<th>AWS 100<\/th>\n<th>AWS 150<\/th>\n<th>AWS 220<\/th>\n<\/tr>\n<\/thead>\n<tbody>\n<tr>\n<td><strong>Ph\u00e2n Lo\u1ea1i \u0110\u1ed9 Nh\u1edbt ISO<\/strong><\/td>\n<td>&#8212;<\/td>\n<td>&#8212;<\/td>\n<td>10<\/td>\n<td>15<\/td>\n<td>22<\/td>\n<td>32<\/td>\n<td>46<\/td>\n<td>68<\/td>\n<td>100<\/td>\n<td>150<\/td>\n<\/tr>\n<tr>\n<td><strong>Kh\u1ed1i L\u01b0\u1ee3ng Ri\u00eang @ 15\u00b0C<\/strong><\/td>\n<td>ASTM D4052<\/td>\n<td>kg\/m\u00b3<\/td>\n<td>890<\/td>\n<td>870<\/td>\n<td>870<\/td>\n<td>880<\/td>\n<td>880<\/td>\n<td>880<\/td>\n<td>890<\/td>\n<td>890<\/td>\n<\/tr>\n<tr>\n<td><strong>\u0110\u1ed9 Nh\u1edbt \u0110\u1ed9ng H\u1ecdc @ 40\u00b0C<\/strong><\/td>\n<td>ASTM D445<\/td>\n<td>mm\u00b2\/s<\/td>\n<td>10<\/td>\n<td>15<\/td>\n<td>22<\/td>\n<td>32<\/td>\n<td>46<\/td>\n<td>68<\/td>\n<td>100<\/td>\n<td>150<\/td>\n<\/tr>\n<tr>\n<td><strong>\u0110\u1ed9 Nh\u1edbt \u0110\u1ed9ng H\u1ecdc @ 100\u00b0C<\/strong><\/td>\n<td>ASTM D445<\/td>\n<td>mm\u00b2\/s<\/td>\n<td>2.4<\/td>\n<td>3.2<\/td>\n<td>4.3<\/td>\n<td>5.3<\/td>\n<td>6.7<\/td>\n<td>8.6<\/td>\n<td>11.1<\/td>\n<td>14.5<\/td>\n<\/tr>\n<tr>\n<td><strong>Ch\u1ec9 S\u1ed1 \u0110\u1ed9 Nh\u1edbt<\/strong><\/td>\n<td>ASTM D2270<\/td>\n<td>&#8212;<\/td>\n<td>&#8212;<\/td>\n<td>&gt;95<\/td>\n<td>&gt;95<\/td>\n<td>&gt;95<\/td>\n<td>&gt;95<\/td>\n<td>&gt;95<\/td>\n<td>&gt;95<\/td>\n<td>&gt;95<\/td>\n<\/tr>\n<tr>\n<td><strong>\u0110i\u1ec3m R\u00f3t Ch\u1ea3y<\/strong><\/td>\n<td>ASTM D97<\/td>\n<td>\u00b0C<\/td>\n<td>-36<\/td>\n<td>-33<\/td>\n<td>-27<\/td>\n<td>-27<\/td>\n<td>-24<\/td>\n<td>-21<\/td>\n<td>-18<\/td>\n<td>-15<\/td>\n<\/tr>\n<tr>\n<td><strong>\u0110\u1ed9 T\u1ea1o B\u1ecdt Seq<\/strong><\/td>\n<td>ASTM D892<\/td>\n<td>ml\/ml<\/td>\n<td>10\/0<\/td>\n<td>10\/0<\/td>\n<td>10\/0<\/td>\n<td>10\/0<\/td>\n<td>10\/0<\/td>\n<td>10\/0<\/td>\n<td>10\/0<\/td>\n<td>10\/0<\/td>\n<\/tr>\n<tr>\n<td><strong>\u0110i\u1ec3m Ch\u1edbp Ch\u00e1y C\u1ed1c H\u1edf<\/strong><\/td>\n<td>ASTM D92<\/td>\n<td>\u00b0C<\/td>\n<td>170<\/td>\n<td>195<\/td>\n<td>205<\/td>\n<td>210<\/td>\n<td>215<\/td>\n<td>225<\/td>\n<td>225<\/td>\n<td>230<\/td>\n<\/tr>\n<tr>\n<td><strong>\u0110i\u1ec3m Ch\u1edbp Ch\u00e1y C\u1ed1c K\u00edn<\/strong><\/td>\n<td>ASTM D93<\/td>\n<td>\u00b0C<\/td>\n<td>145<\/td>\n<td>160<\/td>\n<td>170<\/td>\n<td>200<\/td>\n<td>200<\/td>\n<td>220<\/td>\n<td>220<\/td>\n<td>220<\/td>\n<\/tr>\n<tr>\n<td><strong>\u0110\u1ed9 T\u00e1ch N\u01b0\u1edbc @ 54\u00b0C (40\/37\/3)<\/strong><\/td>\n<td>ASTM D1401<\/td>\n<td>ph\u00fat<\/td>\n<td>5<\/td>\n<td>10<\/td>\n<td>10<\/td>\n<td>15<\/td>\n<td>15<\/td>\n<td>15<\/td>\n<td>&#8212;<\/td>\n<td>&#8212;<\/td>\n<\/tr>\n<tr>\n<td><strong>\u0110\u1ed9 T\u00e1ch N\u01b0\u1edbc @ 82\u00b0C (40\/37\/3)<\/strong><\/td>\n<td>ASTM D1401<\/td>\n<td>ph\u00fat<\/td>\n<td>&#8212;<\/td>\n<td>&#8212;<\/td>\n<td>&#8212;<\/td>\n<td>&#8212;<\/td>\n<td>&#8212;<\/td>\n<td>&#8212;<\/td>\n<td>15<\/td>\n<td>20<\/td>\n<\/tr>\n<tr>\n<td><strong>\u0110\u1ed9 T\u00e1ch Kh\u00ed @ 50\u00b0C<\/strong><\/td>\n<td>ASTM D3427<\/td>\n<td>ph\u00fat<\/td>\n<td>4<\/td>\n<td>4<\/td>\n<td>4<\/td>\n<td>4<\/td>\n<td>8<\/td>\n<td>8<\/td>\n<td>12<\/td>\n<td>18<\/td>\n<\/tr>\n<tr>\n<td><strong>C\u1ea5p T\u1ea3i FZG (A8.3\/90)<\/strong><\/td>\n<td>ISO 14635-1<\/td>\n<td>C\u1ea5p H\u1ecfng<\/td>\n<td>&#8212;<\/td>\n<td>&#8212;<\/td>\n<td>&#8212;<\/td>\n<td>11<\/td>\n<td>12<\/td>\n<td>12<\/td>\n<td>12<\/td>\n<td>12<\/td>\n<\/tr>\n<tr>\n<td><strong>T\u00ednh Ch\u1ed1ng G\u1ec9 (24 gi\u1edd, n\u01b0\u1edbc c\u1ea5t)<\/strong><\/td>\n<td>ASTM D665A<\/td>\n<td>&#8212;<\/td>\n<td>\u0110\u1ea1t<\/td>\n<td>\u0110\u1ea1t<\/td>\n<td>\u0110\u1ea1t<\/td>\n<td>\u0110\u1ea1t<\/td>\n<td>\u0110\u1ea1t<\/td>\n<td>\u0110\u1ea1t<\/td>\n<td>\u0110\u1ea1t<\/td>\n<td>\u0110\u1ea1t<\/td>\n<\/tr>\n<tr>\n<td><strong>T\u00ednh Ch\u1ed1ng G\u1ec9 (24 gi\u1edd, n\u01b0\u1edbc bi\u1ec3n t\u1ed5ng h\u1ee3p)<\/strong><\/td>\n<td>ASTM D665B<\/td>\n<td>&#8212;<\/td>\n<td>\u0110\u1ea1t<\/td>\n<td>\u0110\u1ea1t<\/td>\n<td>\u0110\u1ea1t<\/td>\n<td>\u0110\u1ea1t<\/td>\n<td>\u0110\u1ea1t<\/td>\n<td>\u0110\u1ea1t<\/td>\n<td>\u0110\u1ea1t<\/td>\n<td>\u0110\u1ea1t<\/td>\n<\/tr>\n<tr>\n<td><strong>B\u1ec1n \u00d4-Xi H\u00f3a &#8211; TOST<\/strong><\/td>\n<td>ASTM D943<\/td>\n<td>gi\u1edd<\/td>\n<td>&#8212;<\/td>\n<td>&#8212;<\/td>\n<td>&#8212;<\/td>\n<td>&gt;2500<\/td>\n<td>&gt;2500<\/td>\n<td>&gt;2500<\/td>\n<td>&#8212;<\/td>\n<td>&#8212;<\/td>\n<\/tr>\n<\/tbody>\n<\/table>\n<\/div>\n<p><\/p>","protected":false},"excerpt":{"rendered":"<p><strong>D\u1ea7u Th\u1ee7y L\u1ef1c Castrol Hyspin AWS 32<\/strong>\u00a0l\u00e0 d\u00f2ng s\u1ea3n ph\u1ea9m d\u1ea7u th\u1ee7y l\u1ef1c ch\u1ea5t l\u01b0\u1ee3ng cao, \u0111\u01b0\u1ee3c pha ch\u1ebf t\u1eeb d\u1ea7u g\u1ed1c kho\u00e1ng x\u1eed l\u00fd hydro cao c\u1ea5p v\u00e0 h\u1ec7 ph\u1ee5 gia ch\u1ed1ng m\u00e0i m\u00f2n g\u1ed1c k\u1ebdm c\u00f3 t\u00ednh n\u0103ng \u1ed5n \u0111\u1ecbnh.<\/p>\n","protected":false},"featured_media":27593,"comment_status":"closed","ping_status":"closed","template":"","meta":[],"product_cat":[760,780,823],"product_tag":[810,792,799,805,816,809,817,788,808,811],"class_list":{"0":"post-27710","1":"product","2":"type-product","3":"status-publish","4":"has-post-thumbnail","6":"product_brand-castrol","7":"product_cat-dau-nhot-castrol","8":"product_cat-dau-thuy-luc-castrol","9":"product_cat-dau-thuy-luc-castrol-hyspin-aws","10":"product_tag-bao-ve-he-thong-thuy-luc","11":"product_tag-ben-nhiet","12":"product_tag-castrol","13":"product_tag-castrol-hyspin-aws","14":"product_tag-castrol-hyspin-aws-32","15":"product_tag-chong-o-xi-hoa","16":"product_tag-dau-thuy-luc-castrol-hyspin-aws-32","17":"product_tag-dau-thuy-luc-chat-luong-cao","18":"product_tag-dau-thuy-luc-chong-mai-mon","19":"product_tag-dau-thuy-luc-cong-nghiep","21":"first","22":"instock","23":"shipping-taxable","24":"product-type-simple"},"yoast_head":"<!-- This site is optimized with the Yoast SEO plugin v27.2 - https:\/\/yoast.com\/product\/yoast-seo-wordpress\/ -->\n<title>D\u1ea7u Th\u1ee7y L\u1ef1c Castrol Hyspin AWS 32 - C\u00f4ng Ty TNHH D\u1ea7u Nh\u1eddn T&amp;T Vi\u1ec7t Nam<\/title>\n<meta name=\"robots\" content=\"index, follow, max-snippet:-1, max-image-preview:large, max-video-preview:-1\" \/>\n<link rel=\"canonical\" href=\"https:\/\/tatco.vn\/vi\/san-pham\/dau-thuy-luc-castrol-hyspin-aws-32\/\" \/>\n<meta property=\"og:locale\" content=\"vi_VN\" \/>\n<meta property=\"og:type\" content=\"article\" \/>\n<meta property=\"og:title\" content=\"D\u1ea7u Th\u1ee7y L\u1ef1c Castrol Hyspin AWS 32 - C\u00f4ng Ty TNHH D\u1ea7u Nh\u1eddn T&amp;T Vi\u1ec7t Nam\" \/>\n<meta property=\"og:url\" content=\"https:\/\/tatco.vn\/vi\/san-pham\/dau-thuy-luc-castrol-hyspin-aws-32\/\" \/>\n<meta property=\"og:site_name\" content=\"C\u00f4ng Ty TNHH D\u1ea7u Nh\u1eddn T&amp;T Vi\u1ec7t Nam\" \/>\n<meta property=\"article:modified_time\" content=\"2025-02-07T10:48:14+00:00\" \/>\n<meta property=\"og:image\" content=\"https:\/\/tatco.vn\/wp-content\/uploads\/2022\/12\/Castrol-v5.png\" \/>\n\t<meta property=\"og:image:width\" content=\"750\" \/>\n\t<meta property=\"og:image:height\" content=\"1000\" \/>\n\t<meta property=\"og:image:type\" content=\"image\/png\" \/>\n<meta name=\"twitter:card\" content=\"summary_large_image\" \/>\n<meta name=\"twitter:label1\" content=\"\u01af\u1edbc t\u00ednh th\u1eddi gian \u0111\u1ecdc\" \/>\n\t<meta name=\"twitter:data1\" content=\"3 ph\u00fat\" \/>\n<script type=\"application\/ld+json\" class=\"yoast-schema-graph\">{\"@context\":\"https:\/\/schema.org\",\"@graph\":[{\"@type\":\"WebPage\",\"@id\":\"https:\/\/tatco.vn\/vi\/san-pham\/dau-thuy-luc-castrol-hyspin-aws-32\/\",\"url\":\"https:\/\/tatco.vn\/vi\/san-pham\/dau-thuy-luc-castrol-hyspin-aws-32\/\",\"name\":\"D\u1ea7u Th\u1ee7y L\u1ef1c Castrol Hyspin AWS 32 - C\u00f4ng Ty TNHH D\u1ea7u Nh\u1eddn T&amp;T Vi\u1ec7t Nam\",\"isPartOf\":{\"@id\":\"https:\/\/tatco.vn\/en\/#website\"},\"primaryImageOfPage\":{\"@id\":\"https:\/\/tatco.vn\/vi\/san-pham\/dau-thuy-luc-castrol-hyspin-aws-32\/#primaryimage\"},\"image\":{\"@id\":\"https:\/\/tatco.vn\/vi\/san-pham\/dau-thuy-luc-castrol-hyspin-aws-32\/#primaryimage\"},\"thumbnailUrl\":\"https:\/\/tatco.vn\/wp-content\/uploads\/2022\/12\/Castrol-v5.png\",\"datePublished\":\"2025-02-02T05:12:20+00:00\",\"dateModified\":\"2025-02-07T10:48:14+00:00\",\"breadcrumb\":{\"@id\":\"https:\/\/tatco.vn\/vi\/san-pham\/dau-thuy-luc-castrol-hyspin-aws-32\/#breadcrumb\"},\"inLanguage\":\"vi\",\"potentialAction\":[{\"@type\":\"ReadAction\",\"target\":[\"https:\/\/tatco.vn\/vi\/san-pham\/dau-thuy-luc-castrol-hyspin-aws-32\/\"]}]},{\"@type\":\"ImageObject\",\"inLanguage\":\"vi\",\"@id\":\"https:\/\/tatco.vn\/vi\/san-pham\/dau-thuy-luc-castrol-hyspin-aws-32\/#primaryimage\",\"url\":\"https:\/\/tatco.vn\/wp-content\/uploads\/2022\/12\/Castrol-v5.png\",\"contentUrl\":\"https:\/\/tatco.vn\/wp-content\/uploads\/2022\/12\/Castrol-v5.png\",\"width\":750,\"height\":1000,\"caption\":\"Castrol Perfecto HT 5\"},{\"@type\":\"BreadcrumbList\",\"@id\":\"https:\/\/tatco.vn\/vi\/san-pham\/dau-thuy-luc-castrol-hyspin-aws-32\/#breadcrumb\",\"itemListElement\":[{\"@type\":\"ListItem\",\"position\":1,\"name\":\"Home\",\"item\":\"https:\/\/tatco.vn\/\"},{\"@type\":\"ListItem\",\"position\":2,\"name\":\"C\u1eeda h\u00e0ng\",\"item\":\"https:\/\/tatco.vn\/en\/mua\/\"},{\"@type\":\"ListItem\",\"position\":3,\"name\":\"D\u1ea7u Th\u1ee7y L\u1ef1c Castrol Hyspin AWS 32\"}]},{\"@type\":\"WebSite\",\"@id\":\"https:\/\/tatco.vn\/en\/#website\",\"url\":\"https:\/\/tatco.vn\/en\/\",\"name\":\"C\u00f4ng Ty TNHH D\u1ea7u Nh\u1eddn T&amp;T Vi\u1ec7t Nam\",\"description\":\"Right Point - Right Time - Best Solution\",\"publisher\":{\"@id\":\"https:\/\/tatco.vn\/en\/#organization\"},\"potentialAction\":[{\"@type\":\"SearchAction\",\"target\":{\"@type\":\"EntryPoint\",\"urlTemplate\":\"https:\/\/tatco.vn\/en\/?s={search_term_string}\"},\"query-input\":{\"@type\":\"PropertyValueSpecification\",\"valueRequired\":true,\"valueName\":\"search_term_string\"}}],\"inLanguage\":\"vi\"},{\"@type\":\"Organization\",\"@id\":\"https:\/\/tatco.vn\/en\/#organization\",\"name\":\"C\u00f4ng Ty TNHH D\u1ea7u Nh\u1eddn T&T Vi\u1ec7t Nam\",\"url\":\"https:\/\/tatco.vn\/en\/\",\"logo\":{\"@type\":\"ImageObject\",\"inLanguage\":\"vi\",\"@id\":\"https:\/\/tatco.vn\/en\/#\/schema\/logo\/image\/\",\"url\":\"https:\/\/tatco.vn\/wp-content\/uploads\/2019\/05\/fav-ico.png\",\"contentUrl\":\"https:\/\/tatco.vn\/wp-content\/uploads\/2019\/05\/fav-ico.png\",\"width\":200,\"height\":200,\"caption\":\"C\u00f4ng Ty TNHH D\u1ea7u Nh\u1eddn T&T Vi\u1ec7t Nam\"},\"image\":{\"@id\":\"https:\/\/tatco.vn\/en\/#\/schema\/logo\/image\/\"}}]}<\/script>\n<!-- \/ Yoast SEO plugin. -->","yoast_head_json":{"title":"D\u1ea7u Th\u1ee7y L\u1ef1c Castrol Hyspin AWS 32 - C\u00f4ng Ty TNHH D\u1ea7u Nh\u1eddn T&amp;T Vi\u1ec7t Nam","robots":{"index":"index","follow":"follow","max-snippet":"max-snippet:-1","max-image-preview":"max-image-preview:large","max-video-preview":"max-video-preview:-1"},"canonical":"https:\/\/tatco.vn\/vi\/san-pham\/dau-thuy-luc-castrol-hyspin-aws-32\/","og_locale":"vi_VN","og_type":"article","og_title":"D\u1ea7u Th\u1ee7y L\u1ef1c Castrol Hyspin AWS 32 - C\u00f4ng Ty TNHH D\u1ea7u Nh\u1eddn T&amp;T Vi\u1ec7t Nam","og_url":"https:\/\/tatco.vn\/vi\/san-pham\/dau-thuy-luc-castrol-hyspin-aws-32\/","og_site_name":"C\u00f4ng Ty TNHH D\u1ea7u Nh\u1eddn T&amp;T Vi\u1ec7t Nam","article_modified_time":"2025-02-07T10:48:14+00:00","og_image":[{"width":750,"height":1000,"url":"https:\/\/tatco.vn\/wp-content\/uploads\/2022\/12\/Castrol-v5.png","type":"image\/png"}],"twitter_card":"summary_large_image","twitter_misc":{"\u01af\u1edbc t\u00ednh th\u1eddi gian \u0111\u1ecdc":"3 ph\u00fat"},"schema":{"@context":"https:\/\/schema.org","@graph":[{"@type":"WebPage","@id":"https:\/\/tatco.vn\/vi\/san-pham\/dau-thuy-luc-castrol-hyspin-aws-32\/","url":"https:\/\/tatco.vn\/vi\/san-pham\/dau-thuy-luc-castrol-hyspin-aws-32\/","name":"D\u1ea7u Th\u1ee7y L\u1ef1c Castrol Hyspin AWS 32 - C\u00f4ng Ty TNHH D\u1ea7u Nh\u1eddn T&amp;T Vi\u1ec7t Nam","isPartOf":{"@id":"https:\/\/tatco.vn\/en\/#website"},"primaryImageOfPage":{"@id":"https:\/\/tatco.vn\/vi\/san-pham\/dau-thuy-luc-castrol-hyspin-aws-32\/#primaryimage"},"image":{"@id":"https:\/\/tatco.vn\/vi\/san-pham\/dau-thuy-luc-castrol-hyspin-aws-32\/#primaryimage"},"thumbnailUrl":"https:\/\/tatco.vn\/wp-content\/uploads\/2022\/12\/Castrol-v5.png","datePublished":"2025-02-02T05:12:20+00:00","dateModified":"2025-02-07T10:48:14+00:00","breadcrumb":{"@id":"https:\/\/tatco.vn\/vi\/san-pham\/dau-thuy-luc-castrol-hyspin-aws-32\/#breadcrumb"},"inLanguage":"vi","potentialAction":[{"@type":"ReadAction","target":["https:\/\/tatco.vn\/vi\/san-pham\/dau-thuy-luc-castrol-hyspin-aws-32\/"]}]},{"@type":"ImageObject","inLanguage":"vi","@id":"https:\/\/tatco.vn\/vi\/san-pham\/dau-thuy-luc-castrol-hyspin-aws-32\/#primaryimage","url":"https:\/\/tatco.vn\/wp-content\/uploads\/2022\/12\/Castrol-v5.png","contentUrl":"https:\/\/tatco.vn\/wp-content\/uploads\/2022\/12\/Castrol-v5.png","width":750,"height":1000,"caption":"Castrol Perfecto HT 5"},{"@type":"BreadcrumbList","@id":"https:\/\/tatco.vn\/vi\/san-pham\/dau-thuy-luc-castrol-hyspin-aws-32\/#breadcrumb","itemListElement":[{"@type":"ListItem","position":1,"name":"Home","item":"https:\/\/tatco.vn\/"},{"@type":"ListItem","position":2,"name":"C\u1eeda h\u00e0ng","item":"https:\/\/tatco.vn\/en\/mua\/"},{"@type":"ListItem","position":3,"name":"D\u1ea7u Th\u1ee7y L\u1ef1c Castrol Hyspin AWS 32"}]},{"@type":"WebSite","@id":"https:\/\/tatco.vn\/en\/#website","url":"https:\/\/tatco.vn\/en\/","name":"C\u00f4ng Ty TNHH D\u1ea7u Nh\u1eddn T&amp;T Vi\u1ec7t Nam","description":"Right Point - Right Time - Best Solution","publisher":{"@id":"https:\/\/tatco.vn\/en\/#organization"},"potentialAction":[{"@type":"SearchAction","target":{"@type":"EntryPoint","urlTemplate":"https:\/\/tatco.vn\/en\/?s={search_term_string}"},"query-input":{"@type":"PropertyValueSpecification","valueRequired":true,"valueName":"search_term_string"}}],"inLanguage":"vi"},{"@type":"Organization","@id":"https:\/\/tatco.vn\/en\/#organization","name":"C\u00f4ng Ty TNHH D\u1ea7u Nh\u1eddn T&T Vi\u1ec7t Nam","url":"https:\/\/tatco.vn\/en\/","logo":{"@type":"ImageObject","inLanguage":"vi","@id":"https:\/\/tatco.vn\/en\/#\/schema\/logo\/image\/","url":"https:\/\/tatco.vn\/wp-content\/uploads\/2019\/05\/fav-ico.png","contentUrl":"https:\/\/tatco.vn\/wp-content\/uploads\/2019\/05\/fav-ico.png","width":200,"height":200,"caption":"C\u00f4ng Ty TNHH D\u1ea7u Nh\u1eddn T&T Vi\u1ec7t Nam"},"image":{"@id":"https:\/\/tatco.vn\/en\/#\/schema\/logo\/image\/"}}]}},"_links":{"self":[{"href":"https:\/\/tatco.vn\/vi\/wp-json\/wp\/v2\/product\/27710","targetHints":{"allow":["GET"]}}],"collection":[{"href":"https:\/\/tatco.vn\/vi\/wp-json\/wp\/v2\/product"}],"about":[{"href":"https:\/\/tatco.vn\/vi\/wp-json\/wp\/v2\/types\/product"}],"replies":[{"embeddable":true,"href":"https:\/\/tatco.vn\/vi\/wp-json\/wp\/v2\/comments?post=27710"}],"version-history":[{"count":0,"href":"https:\/\/tatco.vn\/vi\/wp-json\/wp\/v2\/product\/27710\/revisions"}],"wp:featuredmedia":[{"embeddable":true,"href":"https:\/\/tatco.vn\/vi\/wp-json\/wp\/v2\/media\/27593"}],"wp:attachment":[{"href":"https:\/\/tatco.vn\/vi\/wp-json\/wp\/v2\/media?parent=27710"}],"wp:term":[{"taxonomy":"product_cat","embeddable":true,"href":"https:\/\/tatco.vn\/vi\/wp-json\/wp\/v2\/product_cat?post=27710"},{"taxonomy":"product_tag","embeddable":true,"href":"https:\/\/tatco.vn\/vi\/wp-json\/wp\/v2\/product_tag?post=27710"}],"curies":[{"name":"wp","href":"https:\/\/api.w.org\/{rel}","templated":true}]}}