{"id":27698,"date":"2025-02-02T10:50:43","date_gmt":"2025-02-02T03:50:43","guid":{"rendered":"https:\/\/tatco.vn\/vi\/?post_type=product&#038;p=27698"},"modified":"2025-02-07T17:40:53","modified_gmt":"2025-02-07T10:40:53","slug":"dau-thuy-luc-castrol-hyspin-awh-m-46","status":"publish","type":"product","link":"https:\/\/tatco.vn\/vi\/san-pham\/dau-thuy-luc-castrol-hyspin-awh-m-46\/","title":{"rendered":"D\u1ea7u Th\u1ee7y L\u1ef1c Castrol HYSPIN AWH-M 46"},"content":{"rendered":"<p><\/p>\n<h3>D\u1ea7u Th\u1ee7y L\u1ef1c Castrol HYSPIN AWH-M 46 : <a href=\"https:\/\/tatco.vn\/vi\/danh-muc-san-pham\/dau-nhot-castrol\/dau-nhot-cong-nghiep-castrol\/dau-thuy-luc-castrol\/\">D\u1ea7u Th\u1ee7y L\u1ef1c<\/a> Ch\u1ea5t L\u01b0\u1ee3ng Cao<\/h3>\n<p style=\"text-align: justify\"><strong>Castrol Hyspin Castrol AWH-M 46<\/strong>\u00a0l\u00e0 d\u1ea7u th\u1ee7y l\u1ef1c ch\u1ea5t l\u01b0\u1ee3ng cao v\u1edbi ch\u1ec9 s\u1ed1 \u0111\u1ed9 nh\u1edbt cao, \u0111\u01b0\u1ee3c pha ch\u1ebf v\u1edbi c\u00f4ng ngh\u1ec7 ph\u1ee5 gia ch\u1ed1ng m\u00e0i m\u00f2n g\u1ed1c k\u1ebdm b\u1ec1n ho\u1ea1t t\u00ednh. S\u1ea3n ph\u1ea9m n\u00e0y \u0111\u00e1p \u1ee9ng c\u00e1c ti\u00eau chu\u1ea9n v\u00e0 ch\u1ee9ng nh\u1eadn qu\u1ed1c t\u1ebf nh\u01b0 DIN 51524 Part 3, Cincinnati Lamb (Milacron) P 68-69-70, Denison (Parker Hannafin) HF-0, US Steel 126 &amp; 127, Eaton (formerly Vickers) I-286-S &amp; M-2950-S, v\u00e0 Bosch Rexroth RE07075\/RE90220.<\/p>\n<h4 style=\"text-align: justify\">Th\u00f4ng S\u1ed1 K\u1ef9 Thu\u1eadt<\/h4>\n<ul style=\"text-align: justify\">\n<li><strong>Ch\u1ec9 s\u1ed1 \u0111\u1ed9 nh\u1edbt<\/strong>: 150<\/li>\n<li><strong>\u0110\u1ed9 nh\u1edbt t\u1ea1i 40\u00b0C<\/strong>: 32 cSt<\/li>\n<li><strong>\u0110\u1ed9 nh\u1edbt t\u1ea1i 100\u00b0C<\/strong>: 6.4 cSt<\/li>\n<li><strong>\u0110i\u1ec3m r\u00f3t ch\u1ea3y<\/strong>: -54\u00b0C<\/li>\n<li><strong>\u0110i\u1ec3m ch\u1edbp ch\u00e1y<\/strong>: 202\u00b0C<\/li>\n<li><strong>Kh\u1ea3 n\u0103ng t\u00e1ch n\u01b0\u1edbc<\/strong>: T\u1ed1t<\/li>\n<li><strong>Kh\u1ea3 n\u0103ng ch\u1ed1ng m\u00e0i m\u00f2n<\/strong>: Tuy\u1ec7t h\u1ea3o<\/li>\n<li><strong>Kh\u1ea3 n\u0103ng ch\u1ed1ng t\u1ea1o b\u1ecdt<\/strong>: V\u01b0\u1ee3t tr\u1ed9i<\/li>\n<\/ul>\n<h4 style=\"text-align: justify\">\u01afu \u0110i\u1ec3m<\/h4>\n<ul style=\"text-align: justify\">\n<li><strong>Ch\u1ec9 s\u1ed1 \u0111\u1ed9 nh\u1edbt cao v\u00e0 \u0111i\u1ec3m r\u00f3t ch\u1ea3y th\u1ea5p<\/strong>: Gi\u00fap s\u1ea3n ph\u1ea9m c\u00f3 th\u1ec3 s\u1eed d\u1ee5ng trong ph\u1ea1m vi nhi\u1ec7t \u0111\u1ed9 r\u1ed9ng, v\u1edbi \u0111\u1ed9 \u1ed5n \u0111\u1ecbnh c\u1eaft t\u1ed1t.<\/li>\n<li><strong>Hi\u1ec7u su\u1ea5t ch\u1ed1ng m\u00e0i m\u00f2n tuy\u1ec7t v\u1eddi<\/strong>: Cung c\u1ea5p b\u1ea3o v\u1ec7 m\u00e0i m\u00f2n k\u00e9o d\u00e0i cho b\u01a1m th\u1ee7y l\u1ef1c, gi\u1ea3m th\u1eddi gian ng\u1eebng ho\u1ea1t \u0111\u1ed9ng v\u00e0 ti\u1ebft ki\u1ec7m chi ph\u00ed thay th\u1ebf ph\u1ee5 t\u00f9ng.<\/li>\n<li><strong>Kh\u1ea3 n\u0103ng t\u00e1ch n\u01b0\u1edbc v\u00e0 \u1ed5n \u0111\u1ecbnh th\u1ee7y ph\u00e2n tuy\u1ec7t v\u1eddi<\/strong>: Gi\u1ea3m th\u1eddi gian ng\u1eebng ho\u1ea1t \u0111\u1ed9ng th\u00f4ng qua tu\u1ed5i th\u1ecd d\u1ea7u b\u00f4i tr\u01a1n k\u00e9o d\u00e0i v\u00e0 t\u0103ng \u0111\u1ed9 tin c\u1eady c\u1ee7a thi\u1ebft b\u1ecb.<\/li>\n<li><strong>Kh\u1ea3 n\u0103ng l\u1ecdc t\u1ed1t<\/strong>: Gi\u00fap h\u1ec7 th\u1ed1ng s\u1ea1ch h\u01a1n v\u1edbi \u00edt l\u1ea7n thay l\u1ecdc h\u01a1n.<\/li>\n<\/ul>\n<h4 style=\"text-align: justify\">\u1ee8ng D\u1ee5ng<\/h4>\n<ul>\n<li style=\"text-align: justify\"><strong>Thi\u1ebft b\u1ecb l\u00e0m vi\u1ec7c ngo\u00e0i tr\u1eddi<\/strong>: Nh\u01b0 thi\u1ebft b\u1ecb thi c\u00f4ng c\u01a1 gi\u1edbi v\u00e0 thi\u1ebft b\u1ecb h\u00e0ng h\u1ea3i.<\/li>\n<li style=\"text-align: justify\"><strong>Thi\u1ebft b\u1ecb trong nh\u00e0 x\u01b0\u1edfng<\/strong>: C\u00e1c h\u1ec7 th\u1ed1ng \u0111i\u1ec1u khi\u1ec3n c\u1ea7n lo\u1ea1i d\u1ea7u th\u1ee7y l\u1ef1c c\u00f3 \u0111\u1ed9 nh\u1edbt thay \u0111\u1ed5i r\u1ea5t \u00edt theo nhi\u1ec7t \u0111\u1ed9.<\/li>\n<\/ul>\n<h4>\u0110\u1eb7c T\u00ednh K\u1ef9 Thu\u1eadt<\/h4>\n<div class=\"table-responsive\">\n<table class=\"table table-striped\">\n<thead>\n<tr>\n<th>T\u00ean<\/th>\n<th>Ph\u01b0\u01a1ng ph\u00e1p<\/th>\n<th>\u0110\u01a1n v\u1ecb<\/th>\n<th>AWH-M 15<\/th>\n<th>AWH-M 32<\/th>\n<th>AWH-M 46<\/th>\n<th>AWH-M 68<\/th>\n<th>AWH-M 100<\/th>\n<th>AWH-M 150<\/th>\n<\/tr>\n<\/thead>\n<tbody>\n<tr>\n<td><strong>C\u1ea5p \u0111\u1ed9 nh\u1edbt ISO<\/strong><\/td>\n<td>&#8212;<\/td>\n<td>&#8212;<\/td>\n<td>15<\/td>\n<td>32<\/td>\n<td>46<\/td>\n<td>68<\/td>\n<td>100<\/td>\n<td>150<\/td>\n<\/tr>\n<tr>\n<td><strong>T\u1ef7 tr\u1ecdng @ 15\u00b0C \/ 59\u00b0F<\/strong><\/td>\n<td>ISO 12185 \/ ASTM D4052<\/td>\n<td>kg\/m\u00b3<\/td>\n<td>880<\/td>\n<td>880<\/td>\n<td>880<\/td>\n<td>880<\/td>\n<td>890<\/td>\n<td>890<\/td>\n<\/tr>\n<tr>\n<td><strong>\u0110\u1ed9 nh\u1edbt \u0111\u1ed9ng h\u1ecdc @ 40\u00b0C \/ 104\u00b0F<\/strong><\/td>\n<td>ISO 3104 \/ ASTM D445<\/td>\n<td>mm\u00b2\/s<\/td>\n<td>15<\/td>\n<td>32<\/td>\n<td>46<\/td>\n<td>68<\/td>\n<td>100<\/td>\n<td>150<\/td>\n<\/tr>\n<tr>\n<td><strong>\u0110\u1ed9 nh\u1edbt \u0111\u1ed9ng h\u1ecdc @ 100\u00b0C \/ 212\u00b0F<\/strong><\/td>\n<td>ISO 3104 \/ ASTM D445<\/td>\n<td>mm\u00b2\/s<\/td>\n<td>3.83<\/td>\n<td>6.41<\/td>\n<td>8.32<\/td>\n<td>11.09<\/td>\n<td>13.45<\/td>\n<td>18.01<\/td>\n<\/tr>\n<tr>\n<td><strong>Ch\u1ec9 s\u1ed1 \u0111\u1ed9 nh\u1edbt<\/strong><\/td>\n<td>ISO 2909 \/ ASTM D2270<\/td>\n<td>&#8212;<\/td>\n<td>&gt;150<\/td>\n<td>&gt;150<\/td>\n<td>&gt;150<\/td>\n<td>&gt;140<\/td>\n<td>&gt;130<\/td>\n<td>&gt;130<\/td>\n<\/tr>\n<tr>\n<td><strong>\u0110i\u1ec3m r\u00f3t ch\u1ea3y<\/strong><\/td>\n<td>ISO 3016 \/ ASTM D97<\/td>\n<td>\u00b0C\/\u00b0F<\/td>\n<td>&lt;-51 \/ &lt;-60<\/td>\n<td>-45 \/ -49<\/td>\n<td>-42 \/ -44<\/td>\n<td>-36 \/ -33<\/td>\n<td>-30 \/ -22<\/td>\n<td>-30 \/ -22<\/td>\n<\/tr>\n<tr>\n<td><strong>\u0110i\u1ec3m ch\u1edbp ch\u00e1y &#8211; ph\u01b0\u01a1ng ph\u00e1p c\u1ed1c h\u1edf<\/strong><\/td>\n<td>ISO 2592 \/ ASTM D92<\/td>\n<td>\u00b0C\/\u00b0F<\/td>\n<td>205 \/ 401<\/td>\n<td>210 \/ 411<\/td>\n<td>215 \/ 419<\/td>\n<td>226 \/ 440<\/td>\n<td>226 \/ 440<\/td>\n<td>232 \/ 450<\/td>\n<\/tr>\n<tr>\n<td><strong>\u0110i\u1ec3m ch\u1edbp ch\u00e1y &#8211; ph\u01b0\u01a1ng ph\u00e1p c\u1ed1c k\u00edn<\/strong><\/td>\n<td>ISO 2719 \/ ASTM D93<\/td>\n<td>\u00b0C\/\u00b0F<\/td>\n<td>160 \/ 320<\/td>\n<td>200 \/ 392<\/td>\n<td>220 \/ 428<\/td>\n<td>220 \/ 428<\/td>\n<td>220 \/ 428<\/td>\n<td>220 \/ 428<\/td>\n<\/tr>\n<tr>\n<td><strong>Tr\u00ecnh t\u1ef1 t\u1ea1o b\u1ecdt I &#8211; xu h\u01b0\u1edbng \/ \u1ed5n \u0111\u1ecbnh<\/strong><\/td>\n<td>ISO 6247 \/ ASTM D892<\/td>\n<td>ml\/ml<\/td>\n<td>20\/0<\/td>\n<td>20\/0<\/td>\n<td>20\/0<\/td>\n<td>20\/0<\/td>\n<td>20\/0<\/td>\n<td>20\/0<\/td>\n<\/tr>\n<tr>\n<td><strong>Kh\u1ea3 n\u0103ng t\u00e1ch n\u01b0\u1edbc @ 54\u00b0C \/ 129\u00b0F (40\/37\/3)<\/strong><\/td>\n<td>ISO 6614 \/ ASTM D1401<\/td>\n<td>ph\u00fat<\/td>\n<td>5<\/td>\n<td>10<\/td>\n<td>15<\/td>\n<td>15<\/td>\n<td>&#8212;<\/td>\n<td>&#8212;<\/td>\n<\/tr>\n<tr>\n<td><strong>Kh\u1ea3 n\u0103ng t\u00e1ch n\u01b0\u1edbc @ 82\u00b0C \/ 180\u00b0F (40\/37\/3)<\/strong><\/td>\n<td>ISO 6614 \/ ASTM D1401<\/td>\n<td>ph\u00fat<\/td>\n<td>&#8212;<\/td>\n<td>&#8212;<\/td>\n<td>&#8212;<\/td>\n<td>20<\/td>\n<td>20<\/td>\n<td>&#8212;<\/td>\n<\/tr>\n<tr>\n<td><strong>Kh\u1ea3 n\u0103ng gi\u1ea3i ph\u00f3ng kh\u00ed @ 50\u00b0C \/ 122\u00b0F<\/strong><\/td>\n<td>ISO 9120 \/ ASTM D3427<\/td>\n<td>ph\u00fat<\/td>\n<td>4<\/td>\n<td>4<\/td>\n<td>8<\/td>\n<td>8<\/td>\n<td>12<\/td>\n<td>24<\/td>\n<\/tr>\n<tr>\n<td><strong>Th\u1eed nghi\u1ec7m c\u1eaft b\u00e1nh r\u0103ng FZG &#8211; A\/8.3\/90<\/strong><\/td>\n<td>ISO 14635-1<\/td>\n<td>C\u1ea5p t\u1ea3i h\u1ecfng<\/td>\n<td>&#8212;<\/td>\n<td>11<\/td>\n<td>12<\/td>\n<td>12<\/td>\n<td>12<\/td>\n<td>12<\/td>\n<\/tr>\n<tr>\n<td><strong>Th\u1eed nghi\u1ec7m g\u1ec9 &#8211; n\u01b0\u1edbc c\u1ea5t (24 gi\u1edd)<\/strong><\/td>\n<td>ISO 7120 \/ ASTM D665A<\/td>\n<td>&#8212;<\/td>\n<td>Pass<\/td>\n<td>Pass<\/td>\n<td>Pass<\/td>\n<td>Pass<\/td>\n<td>Pass<\/td>\n<td>Pass<\/td>\n<\/tr>\n<tr>\n<td><strong>Th\u1eed nghi\u1ec7m g\u1ec9 &#8211; n\u01b0\u1edbc bi\u1ec3n t\u1ed5ng h\u1ee3p (24 gi\u1edd)<\/strong><\/td>\n<td>ISO 7120 \/ ASTM D665B<\/td>\n<td>&#8212;<\/td>\n<td>Pass<\/td>\n<td>Pass<\/td>\n<td>Pass<\/td>\n<td>Pass<\/td>\n<td>Pass<\/td>\n<td>Pass<\/td>\n<\/tr>\n<tr>\n<td><strong>\u0110\u1ed9 \u1ed5n \u0111\u1ecbnh c\u1eaft &#8211; th\u1eed nghi\u1ec7m KRL (4 gi\u1edd)<\/strong><\/td>\n<td>DIN 51350-6<\/td>\n<td>% m\u1ea5t \u0111\u1ed9 nh\u1edbt<\/td>\n<td>&#8212;<\/td>\n<td>9.5<\/td>\n<td>&#8212;<\/td>\n<td>&#8212;<\/td>\n<td>&#8212;<\/td>\n<td>&#8212;<\/td>\n<\/tr>\n<\/tbody>\n<\/table>\n<\/div>\n<p><\/p>","protected":false},"excerpt":{"rendered":"<p><strong>D\u1ea7u Th\u1ee7y L\u1ef1c Castrol HYSPIN AWH-M 46<\/strong> l\u00e0 d\u1ea7u th\u1ee7y l\u1ef1c ch\u1ea5t l\u01b0\u1ee3ng cao v\u1edbi ch\u1ec9 s\u1ed1 \u0111\u1ed9 nh\u1edbt cao, \u0111\u01b0\u1ee3c pha ch\u1ebf v\u1edbi c\u00f4ng ngh\u1ec7 ph\u1ee5 gia ch\u1ed1ng m\u00e0i m\u00f2n g\u1ed1c k\u1ebdm b\u1ec1n ho\u1ea1t t\u00ednh. S\u1ea3n ph\u1ea9m n\u00e0y \u0111\u00e1p \u1ee9ng c\u00e1c ti\u00eau chu\u1ea9n v\u00e0 ch\u1ee9ng nh\u1eadn qu\u1ed1c t\u1ebf nh\u01b0 DIN 51524 Part 3, Cincinnati Lamb (Milacron) P 68-69-70, Denison (Parker Hannafin) HF-0, US Steel 126 &amp; 127, Eaton (formerly Vickers) I-286-S &amp; M-2950-S, v\u00e0 Bosch Rexroth RE07075\/RE90220<\/p>\n","protected":false},"featured_media":27593,"comment_status":"closed","ping_status":"closed","template":"","meta":[],"product_cat":[776,760,780,822],"product_tag":[795,792,799,800,790,791,652,798,801,788,794,793,802,796],"class_list":{"0":"post-27698","1":"product","2":"type-product","3":"status-publish","4":"has-post-thumbnail","6":"product_brand-castrol","7":"product_cat-dau-cong-nghiep-castrol","8":"product_cat-dau-nhot-castrol","9":"product_cat-dau-thuy-luc-castrol","10":"product_cat-dau-thuy-luc-castrol-hyspin-awh-m","11":"product_tag-anti-wear","12":"product_tag-ben-nhiet","13":"product_tag-castrol","14":"product_tag-castrol-hyspin-awh-m-46","15":"product_tag-chi-so-do-nhot-cao","16":"product_tag-chong-mai-mon","17":"product_tag-dau-thuy-luc","18":"product_tag-dau-thuy-luc-castrol","19":"product_tag-dau-thuy-luc-castrol-hyspin-awh-m-46","20":"product_tag-dau-thuy-luc-chat-luong-cao","21":"product_tag-high-viscosity-index","22":"product_tag-high-quality-hydraulic-oil","23":"product_tag-hyspin-awh-m","24":"product_tag-thermal-stability","26":"first","27":"instock","28":"shipping-taxable","29":"product-type-simple"},"yoast_head":"<!-- This site is optimized with the Yoast SEO plugin v27.2 - https:\/\/yoast.com\/product\/yoast-seo-wordpress\/ -->\n<title>D\u1ea7u Th\u1ee7y L\u1ef1c Castrol HYSPIN AWH-M 46 - C\u00f4ng Ty TNHH D\u1ea7u Nh\u1eddn T&amp;T Vi\u1ec7t Nam<\/title>\n<meta name=\"robots\" content=\"index, follow, max-snippet:-1, max-image-preview:large, max-video-preview:-1\" \/>\n<link rel=\"canonical\" href=\"https:\/\/tatco.vn\/vi\/san-pham\/dau-thuy-luc-castrol-hyspin-awh-m-46\/\" \/>\n<meta property=\"og:locale\" content=\"vi_VN\" \/>\n<meta property=\"og:type\" content=\"article\" \/>\n<meta property=\"og:title\" content=\"D\u1ea7u Th\u1ee7y L\u1ef1c Castrol HYSPIN AWH-M 46 - C\u00f4ng Ty TNHH D\u1ea7u Nh\u1eddn T&amp;T Vi\u1ec7t Nam\" \/>\n<meta property=\"og:url\" content=\"https:\/\/tatco.vn\/vi\/san-pham\/dau-thuy-luc-castrol-hyspin-awh-m-46\/\" \/>\n<meta property=\"og:site_name\" content=\"C\u00f4ng Ty TNHH D\u1ea7u Nh\u1eddn T&amp;T Vi\u1ec7t Nam\" \/>\n<meta property=\"article:modified_time\" content=\"2025-02-07T10:40:53+00:00\" \/>\n<meta property=\"og:image\" content=\"https:\/\/tatco.vn\/wp-content\/uploads\/2022\/12\/Castrol-v5.png\" \/>\n\t<meta property=\"og:image:width\" content=\"750\" \/>\n\t<meta property=\"og:image:height\" content=\"1000\" \/>\n\t<meta property=\"og:image:type\" content=\"image\/png\" \/>\n<meta name=\"twitter:card\" content=\"summary_large_image\" \/>\n<meta name=\"twitter:label1\" content=\"\u01af\u1edbc t\u00ednh th\u1eddi gian \u0111\u1ecdc\" \/>\n\t<meta name=\"twitter:data1\" content=\"4 ph\u00fat\" \/>\n<script type=\"application\/ld+json\" class=\"yoast-schema-graph\">{\"@context\":\"https:\/\/schema.org\",\"@graph\":[{\"@type\":\"WebPage\",\"@id\":\"https:\/\/tatco.vn\/vi\/san-pham\/dau-thuy-luc-castrol-hyspin-awh-m-46\/\",\"url\":\"https:\/\/tatco.vn\/vi\/san-pham\/dau-thuy-luc-castrol-hyspin-awh-m-46\/\",\"name\":\"D\u1ea7u Th\u1ee7y L\u1ef1c Castrol HYSPIN AWH-M 46 - C\u00f4ng Ty TNHH D\u1ea7u Nh\u1eddn T&amp;T Vi\u1ec7t Nam\",\"isPartOf\":{\"@id\":\"https:\/\/tatco.vn\/en\/#website\"},\"primaryImageOfPage\":{\"@id\":\"https:\/\/tatco.vn\/vi\/san-pham\/dau-thuy-luc-castrol-hyspin-awh-m-46\/#primaryimage\"},\"image\":{\"@id\":\"https:\/\/tatco.vn\/vi\/san-pham\/dau-thuy-luc-castrol-hyspin-awh-m-46\/#primaryimage\"},\"thumbnailUrl\":\"https:\/\/tatco.vn\/wp-content\/uploads\/2022\/12\/Castrol-v5.png\",\"datePublished\":\"2025-02-02T03:50:43+00:00\",\"dateModified\":\"2025-02-07T10:40:53+00:00\",\"breadcrumb\":{\"@id\":\"https:\/\/tatco.vn\/vi\/san-pham\/dau-thuy-luc-castrol-hyspin-awh-m-46\/#breadcrumb\"},\"inLanguage\":\"vi\",\"potentialAction\":[{\"@type\":\"ReadAction\",\"target\":[\"https:\/\/tatco.vn\/vi\/san-pham\/dau-thuy-luc-castrol-hyspin-awh-m-46\/\"]}]},{\"@type\":\"ImageObject\",\"inLanguage\":\"vi\",\"@id\":\"https:\/\/tatco.vn\/vi\/san-pham\/dau-thuy-luc-castrol-hyspin-awh-m-46\/#primaryimage\",\"url\":\"https:\/\/tatco.vn\/wp-content\/uploads\/2022\/12\/Castrol-v5.png\",\"contentUrl\":\"https:\/\/tatco.vn\/wp-content\/uploads\/2022\/12\/Castrol-v5.png\",\"width\":750,\"height\":1000,\"caption\":\"Castrol Perfecto HT 5\"},{\"@type\":\"BreadcrumbList\",\"@id\":\"https:\/\/tatco.vn\/vi\/san-pham\/dau-thuy-luc-castrol-hyspin-awh-m-46\/#breadcrumb\",\"itemListElement\":[{\"@type\":\"ListItem\",\"position\":1,\"name\":\"Home\",\"item\":\"https:\/\/tatco.vn\/\"},{\"@type\":\"ListItem\",\"position\":2,\"name\":\"C\u1eeda h\u00e0ng\",\"item\":\"https:\/\/tatco.vn\/en\/mua\/\"},{\"@type\":\"ListItem\",\"position\":3,\"name\":\"D\u1ea7u Th\u1ee7y L\u1ef1c Castrol HYSPIN AWH-M 46\"}]},{\"@type\":\"WebSite\",\"@id\":\"https:\/\/tatco.vn\/en\/#website\",\"url\":\"https:\/\/tatco.vn\/en\/\",\"name\":\"C\u00f4ng Ty TNHH D\u1ea7u Nh\u1eddn T&amp;T Vi\u1ec7t Nam\",\"description\":\"Right Point - Right Time - Best Solution\",\"publisher\":{\"@id\":\"https:\/\/tatco.vn\/en\/#organization\"},\"potentialAction\":[{\"@type\":\"SearchAction\",\"target\":{\"@type\":\"EntryPoint\",\"urlTemplate\":\"https:\/\/tatco.vn\/en\/?s={search_term_string}\"},\"query-input\":{\"@type\":\"PropertyValueSpecification\",\"valueRequired\":true,\"valueName\":\"search_term_string\"}}],\"inLanguage\":\"vi\"},{\"@type\":\"Organization\",\"@id\":\"https:\/\/tatco.vn\/en\/#organization\",\"name\":\"C\u00f4ng Ty TNHH D\u1ea7u Nh\u1eddn T&T Vi\u1ec7t Nam\",\"url\":\"https:\/\/tatco.vn\/en\/\",\"logo\":{\"@type\":\"ImageObject\",\"inLanguage\":\"vi\",\"@id\":\"https:\/\/tatco.vn\/en\/#\/schema\/logo\/image\/\",\"url\":\"https:\/\/tatco.vn\/wp-content\/uploads\/2019\/05\/fav-ico.png\",\"contentUrl\":\"https:\/\/tatco.vn\/wp-content\/uploads\/2019\/05\/fav-ico.png\",\"width\":200,\"height\":200,\"caption\":\"C\u00f4ng Ty TNHH D\u1ea7u Nh\u1eddn T&T Vi\u1ec7t Nam\"},\"image\":{\"@id\":\"https:\/\/tatco.vn\/en\/#\/schema\/logo\/image\/\"}}]}<\/script>\n<!-- \/ Yoast SEO plugin. -->","yoast_head_json":{"title":"D\u1ea7u Th\u1ee7y L\u1ef1c Castrol HYSPIN AWH-M 46 - C\u00f4ng Ty TNHH D\u1ea7u Nh\u1eddn T&amp;T Vi\u1ec7t Nam","robots":{"index":"index","follow":"follow","max-snippet":"max-snippet:-1","max-image-preview":"max-image-preview:large","max-video-preview":"max-video-preview:-1"},"canonical":"https:\/\/tatco.vn\/vi\/san-pham\/dau-thuy-luc-castrol-hyspin-awh-m-46\/","og_locale":"vi_VN","og_type":"article","og_title":"D\u1ea7u Th\u1ee7y L\u1ef1c Castrol HYSPIN AWH-M 46 - C\u00f4ng Ty TNHH D\u1ea7u Nh\u1eddn T&amp;T Vi\u1ec7t Nam","og_url":"https:\/\/tatco.vn\/vi\/san-pham\/dau-thuy-luc-castrol-hyspin-awh-m-46\/","og_site_name":"C\u00f4ng Ty TNHH D\u1ea7u Nh\u1eddn T&amp;T Vi\u1ec7t Nam","article_modified_time":"2025-02-07T10:40:53+00:00","og_image":[{"width":750,"height":1000,"url":"https:\/\/tatco.vn\/wp-content\/uploads\/2022\/12\/Castrol-v5.png","type":"image\/png"}],"twitter_card":"summary_large_image","twitter_misc":{"\u01af\u1edbc t\u00ednh th\u1eddi gian \u0111\u1ecdc":"4 ph\u00fat"},"schema":{"@context":"https:\/\/schema.org","@graph":[{"@type":"WebPage","@id":"https:\/\/tatco.vn\/vi\/san-pham\/dau-thuy-luc-castrol-hyspin-awh-m-46\/","url":"https:\/\/tatco.vn\/vi\/san-pham\/dau-thuy-luc-castrol-hyspin-awh-m-46\/","name":"D\u1ea7u Th\u1ee7y L\u1ef1c Castrol HYSPIN AWH-M 46 - C\u00f4ng Ty TNHH D\u1ea7u Nh\u1eddn T&amp;T Vi\u1ec7t Nam","isPartOf":{"@id":"https:\/\/tatco.vn\/en\/#website"},"primaryImageOfPage":{"@id":"https:\/\/tatco.vn\/vi\/san-pham\/dau-thuy-luc-castrol-hyspin-awh-m-46\/#primaryimage"},"image":{"@id":"https:\/\/tatco.vn\/vi\/san-pham\/dau-thuy-luc-castrol-hyspin-awh-m-46\/#primaryimage"},"thumbnailUrl":"https:\/\/tatco.vn\/wp-content\/uploads\/2022\/12\/Castrol-v5.png","datePublished":"2025-02-02T03:50:43+00:00","dateModified":"2025-02-07T10:40:53+00:00","breadcrumb":{"@id":"https:\/\/tatco.vn\/vi\/san-pham\/dau-thuy-luc-castrol-hyspin-awh-m-46\/#breadcrumb"},"inLanguage":"vi","potentialAction":[{"@type":"ReadAction","target":["https:\/\/tatco.vn\/vi\/san-pham\/dau-thuy-luc-castrol-hyspin-awh-m-46\/"]}]},{"@type":"ImageObject","inLanguage":"vi","@id":"https:\/\/tatco.vn\/vi\/san-pham\/dau-thuy-luc-castrol-hyspin-awh-m-46\/#primaryimage","url":"https:\/\/tatco.vn\/wp-content\/uploads\/2022\/12\/Castrol-v5.png","contentUrl":"https:\/\/tatco.vn\/wp-content\/uploads\/2022\/12\/Castrol-v5.png","width":750,"height":1000,"caption":"Castrol Perfecto HT 5"},{"@type":"BreadcrumbList","@id":"https:\/\/tatco.vn\/vi\/san-pham\/dau-thuy-luc-castrol-hyspin-awh-m-46\/#breadcrumb","itemListElement":[{"@type":"ListItem","position":1,"name":"Home","item":"https:\/\/tatco.vn\/"},{"@type":"ListItem","position":2,"name":"C\u1eeda h\u00e0ng","item":"https:\/\/tatco.vn\/en\/mua\/"},{"@type":"ListItem","position":3,"name":"D\u1ea7u Th\u1ee7y L\u1ef1c Castrol HYSPIN AWH-M 46"}]},{"@type":"WebSite","@id":"https:\/\/tatco.vn\/en\/#website","url":"https:\/\/tatco.vn\/en\/","name":"C\u00f4ng Ty TNHH D\u1ea7u Nh\u1eddn T&amp;T Vi\u1ec7t Nam","description":"Right Point - Right Time - Best Solution","publisher":{"@id":"https:\/\/tatco.vn\/en\/#organization"},"potentialAction":[{"@type":"SearchAction","target":{"@type":"EntryPoint","urlTemplate":"https:\/\/tatco.vn\/en\/?s={search_term_string}"},"query-input":{"@type":"PropertyValueSpecification","valueRequired":true,"valueName":"search_term_string"}}],"inLanguage":"vi"},{"@type":"Organization","@id":"https:\/\/tatco.vn\/en\/#organization","name":"C\u00f4ng Ty TNHH D\u1ea7u Nh\u1eddn T&T Vi\u1ec7t Nam","url":"https:\/\/tatco.vn\/en\/","logo":{"@type":"ImageObject","inLanguage":"vi","@id":"https:\/\/tatco.vn\/en\/#\/schema\/logo\/image\/","url":"https:\/\/tatco.vn\/wp-content\/uploads\/2019\/05\/fav-ico.png","contentUrl":"https:\/\/tatco.vn\/wp-content\/uploads\/2019\/05\/fav-ico.png","width":200,"height":200,"caption":"C\u00f4ng Ty TNHH D\u1ea7u Nh\u1eddn T&T Vi\u1ec7t Nam"},"image":{"@id":"https:\/\/tatco.vn\/en\/#\/schema\/logo\/image\/"}}]}},"_links":{"self":[{"href":"https:\/\/tatco.vn\/vi\/wp-json\/wp\/v2\/product\/27698","targetHints":{"allow":["GET"]}}],"collection":[{"href":"https:\/\/tatco.vn\/vi\/wp-json\/wp\/v2\/product"}],"about":[{"href":"https:\/\/tatco.vn\/vi\/wp-json\/wp\/v2\/types\/product"}],"replies":[{"embeddable":true,"href":"https:\/\/tatco.vn\/vi\/wp-json\/wp\/v2\/comments?post=27698"}],"version-history":[{"count":0,"href":"https:\/\/tatco.vn\/vi\/wp-json\/wp\/v2\/product\/27698\/revisions"}],"wp:featuredmedia":[{"embeddable":true,"href":"https:\/\/tatco.vn\/vi\/wp-json\/wp\/v2\/media\/27593"}],"wp:attachment":[{"href":"https:\/\/tatco.vn\/vi\/wp-json\/wp\/v2\/media?parent=27698"}],"wp:term":[{"taxonomy":"product_cat","embeddable":true,"href":"https:\/\/tatco.vn\/vi\/wp-json\/wp\/v2\/product_cat?post=27698"},{"taxonomy":"product_tag","embeddable":true,"href":"https:\/\/tatco.vn\/vi\/wp-json\/wp\/v2\/product_tag?post=27698"}],"curies":[{"name":"wp","href":"https:\/\/api.w.org\/{rel}","templated":true}]}}