{"id":27638,"date":"2023-09-06T17:12:19","date_gmt":"2023-09-06T10:12:19","guid":{"rendered":"https:\/\/tatco.vn\/vi\/?post_type=product&#038;p=27638"},"modified":"2023-09-06T18:00:24","modified_gmt":"2023-09-06T11:00:24","slug":"dau-cat-got-castrol-almaredge-bi","status":"publish","type":"product","link":"https:\/\/tatco.vn\/vi\/san-pham\/dau-cat-got-castrol-almaredge-bi\/","title":{"rendered":"D\u1ea7u C\u1eaft G\u1ecdt Castrol Almaredge BI"},"content":{"rendered":"<section class=\"wpb-content-wrapper\"><p>[vc_row][vc_column][vc_column_text]<\/p>\n<h2>D\u1ea7u C\u1eaft G\u1ecdt Castrol Almaredge BI<\/h2>\n<p>M\u00f4 t\u1ea3<\/p>\n<p><strong>Castrol Almaredge BI<\/strong> (tr\u01b0\u1edbc \u0111\u00e2y \u0111\u01b0\u1ee3c g\u1ecdi l\u00e0 Cooledge BI) l\u00e0 d\u1ea7u gia c\u00f4ng kim lo\u1ea1i \u0111a d\u1ee5ng d\u1ea1ng nh\u0169 t\u01b0\u01a1ng kh\u00f4ng ch\u1ee9a Clo v\u00e0 Bo. Almaredge BI c\u00f3 h\u1ec7 ph\u1ee5 gia \u0111\u1ed9c \u0111\u00e1o gi\u00fap b\u00f4i tr\u01a1n t\u1ed1t v\u00e0 l\u00e0m vi\u1ec7c t\u1ed1t v\u1edbi n\u01b0\u1edbc trong d\u1ea3i \u0111\u1ed9 c\u1ee9ng r\u1ed9ng.<\/p>\n<p>Almaredge BI d\u00f9ng \u0111\u01b0\u1ee3c cho c\u00e1c m\u00e1y gia c\u00f4ng ri\u00eang l\u1ebb c\u0169ng nh\u01b0 cho nh\u1eefng h\u1ec7 th\u1ed1ng l\u1edbn.<\/p>\n<p>C\u00f4ng d\u1ee5ng<\/p>\n<p>Almaredge BI l\u00e0 s\u1ea3n ph\u1ea9m \u0111a d\u1ee5ng \u0111\u01b0\u1ee3c khuy\u1ebfn c\u00e1o d\u00f9ng trong gia c\u00f4ng t\u1ed5ng qu\u00e1t c\u00e1c lo\u1ea1i th\u00e9p h\u1ee3p kim th\u1ea5p v\u00e0 h\u1ee3p kim nh\u00f4m.<\/p>\n<p>\u221a\u221a c\u00f4ng d\u1ee5ng ch\u00ednh \u00a0 \u00a0 \u00a0\u221a c\u00f3 th\u1ec3 d\u00f9ng \u0111\u01b0\u1ee3c, c\u1ea7n tham kh\u1ea3o v\u1edbi Castrol tr\u01b0\u1edbc khi s\u1eed d\u1ee5ng<\/p>\n<table>\n<tbody>\n<tr>\n<td width=\"134\"><\/td>\n<td style=\"text-align: center;\" width=\"49\">Gang<\/td>\n<td style=\"text-align: center;\" width=\"101\">\u00a0Th\u00e9p h\u1ee3p kim th\u1ea5p<\/td>\n<td width=\"112\">\n<p style=\"text-align: center;\">Th\u00e9p h\u1ee3p kim cao, th\u00e9p kh\u00f4ng r\u1ec9<\/p>\n<\/td>\n<td style=\"text-align: center;\" width=\"87\">H\u1ee3p kim nh\u00f4m<\/td>\n<td style=\"text-align: center;\" width=\"95\">H\u1ee3p kim ma-nh\u00ea<\/td>\n<td style=\"text-align: center;\" width=\"68\">Kim lo\u1ea1i m\u00e0u<\/td>\n<\/tr>\n<tr>\n<td width=\"134\">M\u00e0i<\/td>\n<td width=\"49\"><\/td>\n<td width=\"101\"><\/td>\n<td width=\"112\"><\/td>\n<td width=\"87\"><\/td>\n<td width=\"95\"><\/td>\n<td width=\"68\"><\/td>\n<\/tr>\n<tr>\n<td width=\"134\">Phay, ti\u1ec7n<\/p>\n<p>(gia c\u00f4ng t\u1ed5ng qu\u00e1t)<\/td>\n<td width=\"49\">\u221a<\/td>\n<td width=\"101\">\u221a\u221a<\/td>\n<td width=\"112\">\u221a<\/td>\n<td width=\"87\">\u221a\u221a<\/td>\n<td width=\"95\"><\/td>\n<td width=\"68\">\u221a<\/td>\n<\/tr>\n<tr>\n<td width=\"134\">Khoan<\/td>\n<td width=\"49\">\u221a<\/td>\n<td width=\"101\">\u221a\u221a<\/td>\n<td width=\"112\">\u221a<\/td>\n<td width=\"87\">\u221a\u221a<\/td>\n<td width=\"95\"><\/td>\n<td width=\"68\">\u221a<\/td>\n<\/tr>\n<tr>\n<td width=\"134\">Kho\u00e9t, ti\u1ec7n ren<\/td>\n<td width=\"49\">\u221a<\/td>\n<td width=\"101\">\u221a\u221a<\/td>\n<td width=\"112\">\u221a<\/td>\n<td width=\"87\">\u221a<\/td>\n<td width=\"95\"><\/td>\n<td width=\"68\">\u221a<\/td>\n<\/tr>\n<tr>\n<td width=\"134\">Chu\u1ed1t<\/td>\n<td width=\"49\"><\/td>\n<td width=\"101\"><\/td>\n<td width=\"112\"><\/td>\n<td width=\"87\">\u221a<\/td>\n<td width=\"95\"><\/td>\n<td width=\"68\">\u221a<\/td>\n<\/tr>\n<\/tbody>\n<\/table>\n<p>L\u1ee3i \u0111i\u1ec3m<\/p>\n<ul>\n<li>Kh\u00f4ng ch\u1ee9a Bo n\u00ean ph\u00f9 h\u1ee3p v\u1edbi c\u00e1c qui \u0111\u1ecbnh v\u1ec1 m\u00f4i tr\u01b0\u1eddng v\u00e0 c\u1ea3i thi\u1ec7n t\u00ednh ch\u1ea5t c\u1ee7a c\u1eb7n d\u1ea7u<\/li>\n<li>Kh\u00f4ng ch\u1ee9a Clo v\u00e0 nitrit \u0111\u1ec3 \u0111\u00e1p \u1ee9ng c\u00e1c y\u00eau c\u1ea7u ph\u00e1p l\u00fd, x\u1eed l\u00fd ch\u1ea5t th\u1ea3i v\u00e0 m\u00f4i tr\u01b0\u1eddng<\/li>\n<li>S\u1ea3n ph\u1ea9m \u0111a d\u1ee5ng th\u00edch h\u1ee3p cho nhi\u1ec1u lo\u1ea1i v\u1eadt li\u1ec7u v\u00e0 c\u00f4ng \u0111o\u1ea1n gia c\u00f4ng<\/li>\n<li>\u00cdt b\u1ecdt khi s\u1eed d\u1ee5ng v\u1edbi n\u01b0\u1edbc trong d\u1ea3i \u0111\u1ed9 c\u1ee9ng ch\u1ec9 \u0111\u1ecbnh<\/li>\n<\/ul>\n<h3>C\u00e1c \u0111\u1eb7c tr\u01b0ng ti\u00eau bi\u1ec3u<\/h3>\n<table>\n<tbody>\n<tr>\n<td width=\"162\"><\/td>\n<td width=\"180\">Ph\u01b0\u01a1ng ph\u00e1p<\/td>\n<td width=\"84\">\u0110\u01a1n v\u1ecb<\/td>\n<td width=\"126\">Almaredge BI<\/td>\n<\/tr>\n<tr>\n<td width=\"162\">\u0110\u1eadm \u0111\u1eb7c<\/td>\n<td width=\"180\">&#8211;<\/td>\n<td width=\"84\">&#8211;<\/td>\n<td width=\"126\">&#8211;<\/td>\n<\/tr>\n<tr>\n<td width=\"162\">D\u1ea1ng ngo\u00e0i<\/td>\n<td width=\"180\">Quan s\u00e1t<\/td>\n<td width=\"84\">&#8211;<\/td>\n<td width=\"126\">H\u1ed5 ph\u00e1ch<\/td>\n<\/tr>\n<tr>\n<td width=\"162\">H\u00e0m l\u01b0\u1ee3ng d\u1ea7u kho\u00e1ng<\/td>\n<td width=\"180\">T\u00ednh to\u00e1n<\/td>\n<td width=\"84\">wt%<\/td>\n<td width=\"126\">&gt; 60<\/td>\n<\/tr>\n<tr>\n<td width=\"162\">Nh\u0169 t\u01b0\u01a1ng<\/td>\n<td width=\"180\">&#8211;<\/td>\n<td width=\"84\">&#8211;<\/td>\n<td width=\"126\">&#8211;<\/td>\n<\/tr>\n<tr>\n<td width=\"162\">D\u1ea1ng ngo\u00e0i<\/td>\n<td width=\"180\">Quan s\u00e1t<\/td>\n<td width=\"84\">&#8211;<\/td>\n<td width=\"126\">Milky<\/td>\n<\/tr>\n<tr>\n<td width=\"162\">pH (5%)<\/td>\n<td width=\"180\">DIN 51 361 \/ ASTM E70-97<\/td>\n<td width=\"84\">&#8211;<\/td>\n<td width=\"126\">9.5<\/td>\n<\/tr>\n<tr>\n<td width=\"162\">H\u1ec7 s\u1ed1 kh\u00fac x\u1ea1<\/td>\n<td width=\"180\">&#8211;<\/td>\n<td width=\"84\">&#8211;<\/td>\n<td width=\"126\">1.0<\/td>\n<\/tr>\n<\/tbody>\n<\/table>\n<p>&nbsp;<\/p>\n<table>\n<tbody>\n<tr>\n<td width=\"92\"><\/td>\n<td width=\"76\">Bo<\/td>\n<td width=\"108\">Formaldehyd<\/td>\n<td width=\"92\">EP-Ester<\/td>\n<td width=\"92\">Amin<\/td>\n<td width=\"92\">Clo<\/td>\n<\/tr>\n<tr>\n<td width=\"92\">Ph\u1ee5 gia<\/td>\n<td width=\"76\">&#8211;<\/td>\n<td width=\"108\">Y<\/td>\n<td width=\"92\">&#8211;<\/td>\n<td width=\"92\">Y<\/td>\n<td width=\"92\">&#8211;<\/td>\n<\/tr>\n<\/tbody>\n<\/table>\n<p>&nbsp;<\/p>\n<p>Tr\u00ean \u0111\u00e2y l\u00e0 nh\u1eefng s\u1ed1 li\u1ec7u ti\u00eau bi\u1ec3u v\u1edbi sai s\u1ed1 th\u00f4ng th\u01b0\u1eddng \u0111\u01b0\u1ee3c ch\u1ea5p nh\u1eadn trong s\u1ea3n xu\u1ea5t v\u00e0 kh\u00f4ng ph\u1ea3i l\u00e0 qui c\u00e1ch.<\/p>\n<p>N\u1ed3ng \u0111\u1ed9 khuy\u1ebfn c\u00e1o<\/p>\n<p>Gia c\u00f4ng t\u1ed5ng qu\u00e1t\u00a0\u00a0\u00a0\u00a0\u00a0\u00a0\u00a0\u00a0\u00a0\u00a0\u00a0\u00a0\u00a0\u00a0\u00a0\u00a0\u00a0\u00a0\u00a0\u00a0\u00a0 4 &#8211; 7%<\/p>\n<p>Khoan\u00a0\u00a0\u00a0\u00a0\u00a0\u00a0\u00a0\u00a0\u00a0\u00a0\u00a0\u00a0\u00a0\u00a0\u00a0\u00a0\u00a0\u00a0\u00a0\u00a0\u00a0\u00a0\u00a0\u00a0\u00a0\u00a0\u00a0\u00a0\u00a0\u00a0\u00a0\u00a0\u00a0\u00a0\u00a0\u00a0\u00a0\u00a0\u00a0\u00a0\u00a0\u00a0\u00a0 5 &#8211; 7%<\/p>\n<p>Kho\u00e9t, ti\u1ec7n ren\u00a0\u00a0\u00a0\u00a0\u00a0\u00a0\u00a0\u00a0\u00a0\u00a0\u00a0\u00a0\u00a0\u00a0\u00a0\u00a0\u00a0\u00a0\u00a0\u00a0\u00a0\u00a0\u00a0\u00a0\u00a0\u00a0\u00a0 7 &#8211; 10%<\/p>\n<p>\u0110\u1ed9 c\u1ee9ng c\u1ee7a n\u01b0\u1edbc: 50 &#8211; 400 ppm CaCO<sub>3<\/sub><\/p>\n<p>T\u1ed3n tr\u1eef<\/p>\n<p>\u0110\u1ec3 tr\u00e1nh cho s\u1ea3n ph\u1ea9m b\u1ecb bi\u1ebfn ch\u1ea5t, c\u1ea7n lu\u00f4n lu\u00f4n \u0111\u1eady k\u00edn th\u00f9ng d\u1ea7u. T\u1ed3n tr\u1eef s\u1ea3n ph\u1ea9m \u1edf n\u01a1i kh\u00f4, m\u00e1t, tr\u00e1nh \u00e1nh n\u1eafng tr\u1ef1c ti\u1ebfp. Kh\u00f4ng \u0111\u1ebf s\u1ea3n ph\u1ea9m \u1edf n\u01a1i gi\u00e1 l\u1ea1nh v\u00e0 tr\u00e1nh t\u1ea1p nhi\u1ec5m n\u01b0\u1edbc.<\/p>\n<p>\u0110\u1ec3 \u0111\u1ea3m b\u1ea3o t\u00ednh ch\u1ea5t s\u1ea3n ph\u1ea9m \u1ed5n \u0111\u1ecbnh, n\u00ean b\u1ea3o qu\u1ea3n trong nh\u00e0 kho, trong kho\u1ea3ng t\u1eeb 5\u00b0C (41\u00b0F) \u0111\u1ebfn 45\u00b0C (113\u00b0F).<\/p>\n<p><em><u>M\u1ecdi th\u1eafc m\u1eafc hay c\u1ea7n h\u1ed7 tr\u1ee3 xin vui l\u00f2ng li\u00ean h\u1ec7:<\/u><\/em><\/p>\n<h4>C\u00f4ng ty TNHH D\u1ea7u Nh\u1eddn T&amp;T Vi\u1ec7t Nam<\/h4>\n<h4>Mr Qu\u1ed1c- Sales Director and Technical Specialist<\/h4>\n<p>Phone: 0937082853<\/p>\n<h4><a href=\"https:\/\/tatco.vn\/vi\/danh-muc-san-pham\/dau-nhot-castrol\/dau-gia-cong-kim-loai-castrol\/\">X\u00eam th\u00eam danh m\u1ee5c: Click t\u1ea1i \u0111\u00e2y.<\/a><br \/>\n<a href=\"https:\/\/msdspds.castrol.com\/bpglis\/FusionPDS.nsf\/Files\/B3C4E11E980D23818025825B00502FC3\/$File\/Almaredge%20BI_vn.pdf\">T\u00e0i li\u1ec7u tham kh\u1ea3o D\u1ea7u C\u1eaft G\u1ecdt Castrol Almaredge BI : Click t\u1ea1i \u0111\u00e2y.<\/a><\/h4>\n<p>[\/vc_column_text][\/vc_column][\/vc_row]<\/p>\n<\/section>","protected":false},"excerpt":{"rendered":"<p><strong>D\u1ea7u C\u1eaft G\u1ecdt Castrol Almaredge BI<\/strong> (tr\u01b0\u1edbc \u0111\u00e2y \u0111\u01b0\u1ee3c g\u1ecdi l\u00e0 Cooledge BI) l\u00e0 d\u1ea7u gia c\u00f4ng kim lo\u1ea1i \u0111a d\u1ee5ng d\u1ea1ng nh\u0169 t\u01b0\u01a1ng kh\u00f4ng ch\u1ee9a Clo v\u00e0 Bo. Almaredge BI c\u00f3 h\u1ec7 ph\u1ee5 gia \u0111\u1ed9c \u0111\u00e1o gi\u00fap b\u00f4i tr\u01a1n t\u1ed1t v\u00e0 l\u00e0m vi\u1ec7c t\u1ed1t v\u1edbi n\u01b0\u1edbc trong d\u1ea3i \u0111\u1ed9 c\u1ee9ng r\u1ed9ng.<\/p>\n","protected":false},"featured_media":27593,"comment_status":"closed","ping_status":"closed","template":"","meta":[],"product_cat":[769,760],"product_tag":[772,771],"class_list":{"0":"post-27638","1":"product","2":"type-product","3":"status-publish","4":"has-post-thumbnail","6":"product_brand-castrol","7":"product_cat-dau-gia-cong-kim-loai-castrol","8":"product_cat-dau-nhot-castrol","9":"product_tag-castrol-almaredge-bi","10":"product_tag-dau-cat-got","12":"first","13":"instock","14":"shipping-taxable","15":"product-type-simple"},"yoast_head":"<!-- This site is optimized with the Yoast SEO plugin v27.2 - https:\/\/yoast.com\/product\/yoast-seo-wordpress\/ -->\n<title>D\u1ea7u C\u1eaft G\u1ecdt Castrol Almaredge BI - C\u00f4ng Ty TNHH D\u1ea7u Nh\u1eddn T&amp;T Vi\u1ec7t Nam<\/title>\n<meta name=\"robots\" content=\"index, follow, max-snippet:-1, max-image-preview:large, max-video-preview:-1\" \/>\n<link rel=\"canonical\" href=\"https:\/\/tatco.vn\/vi\/san-pham\/dau-cat-got-castrol-almaredge-bi\/\" \/>\n<meta property=\"og:locale\" content=\"vi_VN\" \/>\n<meta property=\"og:type\" content=\"article\" \/>\n<meta property=\"og:title\" content=\"D\u1ea7u C\u1eaft G\u1ecdt Castrol Almaredge BI - C\u00f4ng Ty TNHH D\u1ea7u Nh\u1eddn T&amp;T Vi\u1ec7t Nam\" \/>\n<meta property=\"og:url\" content=\"https:\/\/tatco.vn\/vi\/san-pham\/dau-cat-got-castrol-almaredge-bi\/\" \/>\n<meta property=\"og:site_name\" content=\"C\u00f4ng Ty TNHH D\u1ea7u Nh\u1eddn T&amp;T Vi\u1ec7t Nam\" \/>\n<meta property=\"article:modified_time\" content=\"2023-09-06T11:00:24+00:00\" \/>\n<meta property=\"og:image\" content=\"https:\/\/tatco.vn\/wp-content\/uploads\/2022\/12\/Castrol-v5.png\" \/>\n\t<meta property=\"og:image:width\" content=\"750\" \/>\n\t<meta property=\"og:image:height\" content=\"1000\" \/>\n\t<meta property=\"og:image:type\" content=\"image\/png\" \/>\n<meta name=\"twitter:card\" content=\"summary_large_image\" \/>\n<meta name=\"twitter:label1\" content=\"\u01af\u1edbc t\u00ednh th\u1eddi gian \u0111\u1ecdc\" \/>\n\t<meta name=\"twitter:data1\" content=\"3 ph\u00fat\" \/>\n<script type=\"application\/ld+json\" class=\"yoast-schema-graph\">{\"@context\":\"https:\/\/schema.org\",\"@graph\":[{\"@type\":\"WebPage\",\"@id\":\"https:\/\/tatco.vn\/vi\/san-pham\/dau-cat-got-castrol-almaredge-bi\/\",\"url\":\"https:\/\/tatco.vn\/vi\/san-pham\/dau-cat-got-castrol-almaredge-bi\/\",\"name\":\"D\u1ea7u C\u1eaft G\u1ecdt Castrol Almaredge BI - C\u00f4ng Ty TNHH D\u1ea7u Nh\u1eddn T&amp;T Vi\u1ec7t Nam\",\"isPartOf\":{\"@id\":\"https:\/\/tatco.vn\/en\/#website\"},\"primaryImageOfPage\":{\"@id\":\"https:\/\/tatco.vn\/vi\/san-pham\/dau-cat-got-castrol-almaredge-bi\/#primaryimage\"},\"image\":{\"@id\":\"https:\/\/tatco.vn\/vi\/san-pham\/dau-cat-got-castrol-almaredge-bi\/#primaryimage\"},\"thumbnailUrl\":\"https:\/\/tatco.vn\/wp-content\/uploads\/2022\/12\/Castrol-v5.png\",\"datePublished\":\"2023-09-06T10:12:19+00:00\",\"dateModified\":\"2023-09-06T11:00:24+00:00\",\"breadcrumb\":{\"@id\":\"https:\/\/tatco.vn\/vi\/san-pham\/dau-cat-got-castrol-almaredge-bi\/#breadcrumb\"},\"inLanguage\":\"vi\",\"potentialAction\":[{\"@type\":\"ReadAction\",\"target\":[\"https:\/\/tatco.vn\/vi\/san-pham\/dau-cat-got-castrol-almaredge-bi\/\"]}]},{\"@type\":\"ImageObject\",\"inLanguage\":\"vi\",\"@id\":\"https:\/\/tatco.vn\/vi\/san-pham\/dau-cat-got-castrol-almaredge-bi\/#primaryimage\",\"url\":\"https:\/\/tatco.vn\/wp-content\/uploads\/2022\/12\/Castrol-v5.png\",\"contentUrl\":\"https:\/\/tatco.vn\/wp-content\/uploads\/2022\/12\/Castrol-v5.png\",\"width\":750,\"height\":1000,\"caption\":\"Castrol Perfecto HT 5\"},{\"@type\":\"BreadcrumbList\",\"@id\":\"https:\/\/tatco.vn\/vi\/san-pham\/dau-cat-got-castrol-almaredge-bi\/#breadcrumb\",\"itemListElement\":[{\"@type\":\"ListItem\",\"position\":1,\"name\":\"Home\",\"item\":\"https:\/\/tatco.vn\/\"},{\"@type\":\"ListItem\",\"position\":2,\"name\":\"C\u1eeda h\u00e0ng\",\"item\":\"https:\/\/tatco.vn\/en\/mua\/\"},{\"@type\":\"ListItem\",\"position\":3,\"name\":\"D\u1ea7u C\u1eaft G\u1ecdt Castrol Almaredge BI\"}]},{\"@type\":\"WebSite\",\"@id\":\"https:\/\/tatco.vn\/en\/#website\",\"url\":\"https:\/\/tatco.vn\/en\/\",\"name\":\"C\u00f4ng Ty TNHH D\u1ea7u Nh\u1eddn T&amp;T Vi\u1ec7t Nam\",\"description\":\"Right Point - Right Time - Best Solution\",\"publisher\":{\"@id\":\"https:\/\/tatco.vn\/en\/#organization\"},\"potentialAction\":[{\"@type\":\"SearchAction\",\"target\":{\"@type\":\"EntryPoint\",\"urlTemplate\":\"https:\/\/tatco.vn\/en\/?s={search_term_string}\"},\"query-input\":{\"@type\":\"PropertyValueSpecification\",\"valueRequired\":true,\"valueName\":\"search_term_string\"}}],\"inLanguage\":\"vi\"},{\"@type\":\"Organization\",\"@id\":\"https:\/\/tatco.vn\/en\/#organization\",\"name\":\"C\u00f4ng Ty TNHH D\u1ea7u Nh\u1eddn T&T Vi\u1ec7t Nam\",\"url\":\"https:\/\/tatco.vn\/en\/\",\"logo\":{\"@type\":\"ImageObject\",\"inLanguage\":\"vi\",\"@id\":\"https:\/\/tatco.vn\/en\/#\/schema\/logo\/image\/\",\"url\":\"https:\/\/tatco.vn\/wp-content\/uploads\/2019\/05\/fav-ico.png\",\"contentUrl\":\"https:\/\/tatco.vn\/wp-content\/uploads\/2019\/05\/fav-ico.png\",\"width\":200,\"height\":200,\"caption\":\"C\u00f4ng Ty TNHH D\u1ea7u Nh\u1eddn T&T Vi\u1ec7t Nam\"},\"image\":{\"@id\":\"https:\/\/tatco.vn\/en\/#\/schema\/logo\/image\/\"}}]}<\/script>\n<!-- \/ Yoast SEO plugin. -->","yoast_head_json":{"title":"D\u1ea7u C\u1eaft G\u1ecdt Castrol Almaredge BI - C\u00f4ng Ty TNHH D\u1ea7u Nh\u1eddn T&amp;T Vi\u1ec7t Nam","robots":{"index":"index","follow":"follow","max-snippet":"max-snippet:-1","max-image-preview":"max-image-preview:large","max-video-preview":"max-video-preview:-1"},"canonical":"https:\/\/tatco.vn\/vi\/san-pham\/dau-cat-got-castrol-almaredge-bi\/","og_locale":"vi_VN","og_type":"article","og_title":"D\u1ea7u C\u1eaft G\u1ecdt Castrol Almaredge BI - C\u00f4ng Ty TNHH D\u1ea7u Nh\u1eddn T&amp;T Vi\u1ec7t Nam","og_url":"https:\/\/tatco.vn\/vi\/san-pham\/dau-cat-got-castrol-almaredge-bi\/","og_site_name":"C\u00f4ng Ty TNHH D\u1ea7u Nh\u1eddn T&amp;T Vi\u1ec7t Nam","article_modified_time":"2023-09-06T11:00:24+00:00","og_image":[{"width":750,"height":1000,"url":"https:\/\/tatco.vn\/wp-content\/uploads\/2022\/12\/Castrol-v5.png","type":"image\/png"}],"twitter_card":"summary_large_image","twitter_misc":{"\u01af\u1edbc t\u00ednh th\u1eddi gian \u0111\u1ecdc":"3 ph\u00fat"},"schema":{"@context":"https:\/\/schema.org","@graph":[{"@type":"WebPage","@id":"https:\/\/tatco.vn\/vi\/san-pham\/dau-cat-got-castrol-almaredge-bi\/","url":"https:\/\/tatco.vn\/vi\/san-pham\/dau-cat-got-castrol-almaredge-bi\/","name":"D\u1ea7u C\u1eaft G\u1ecdt Castrol Almaredge BI - C\u00f4ng Ty TNHH D\u1ea7u Nh\u1eddn T&amp;T Vi\u1ec7t Nam","isPartOf":{"@id":"https:\/\/tatco.vn\/en\/#website"},"primaryImageOfPage":{"@id":"https:\/\/tatco.vn\/vi\/san-pham\/dau-cat-got-castrol-almaredge-bi\/#primaryimage"},"image":{"@id":"https:\/\/tatco.vn\/vi\/san-pham\/dau-cat-got-castrol-almaredge-bi\/#primaryimage"},"thumbnailUrl":"https:\/\/tatco.vn\/wp-content\/uploads\/2022\/12\/Castrol-v5.png","datePublished":"2023-09-06T10:12:19+00:00","dateModified":"2023-09-06T11:00:24+00:00","breadcrumb":{"@id":"https:\/\/tatco.vn\/vi\/san-pham\/dau-cat-got-castrol-almaredge-bi\/#breadcrumb"},"inLanguage":"vi","potentialAction":[{"@type":"ReadAction","target":["https:\/\/tatco.vn\/vi\/san-pham\/dau-cat-got-castrol-almaredge-bi\/"]}]},{"@type":"ImageObject","inLanguage":"vi","@id":"https:\/\/tatco.vn\/vi\/san-pham\/dau-cat-got-castrol-almaredge-bi\/#primaryimage","url":"https:\/\/tatco.vn\/wp-content\/uploads\/2022\/12\/Castrol-v5.png","contentUrl":"https:\/\/tatco.vn\/wp-content\/uploads\/2022\/12\/Castrol-v5.png","width":750,"height":1000,"caption":"Castrol Perfecto HT 5"},{"@type":"BreadcrumbList","@id":"https:\/\/tatco.vn\/vi\/san-pham\/dau-cat-got-castrol-almaredge-bi\/#breadcrumb","itemListElement":[{"@type":"ListItem","position":1,"name":"Home","item":"https:\/\/tatco.vn\/"},{"@type":"ListItem","position":2,"name":"C\u1eeda h\u00e0ng","item":"https:\/\/tatco.vn\/en\/mua\/"},{"@type":"ListItem","position":3,"name":"D\u1ea7u C\u1eaft G\u1ecdt Castrol Almaredge BI"}]},{"@type":"WebSite","@id":"https:\/\/tatco.vn\/en\/#website","url":"https:\/\/tatco.vn\/en\/","name":"C\u00f4ng Ty TNHH D\u1ea7u Nh\u1eddn T&amp;T Vi\u1ec7t Nam","description":"Right Point - Right Time - Best Solution","publisher":{"@id":"https:\/\/tatco.vn\/en\/#organization"},"potentialAction":[{"@type":"SearchAction","target":{"@type":"EntryPoint","urlTemplate":"https:\/\/tatco.vn\/en\/?s={search_term_string}"},"query-input":{"@type":"PropertyValueSpecification","valueRequired":true,"valueName":"search_term_string"}}],"inLanguage":"vi"},{"@type":"Organization","@id":"https:\/\/tatco.vn\/en\/#organization","name":"C\u00f4ng Ty TNHH D\u1ea7u Nh\u1eddn T&T Vi\u1ec7t Nam","url":"https:\/\/tatco.vn\/en\/","logo":{"@type":"ImageObject","inLanguage":"vi","@id":"https:\/\/tatco.vn\/en\/#\/schema\/logo\/image\/","url":"https:\/\/tatco.vn\/wp-content\/uploads\/2019\/05\/fav-ico.png","contentUrl":"https:\/\/tatco.vn\/wp-content\/uploads\/2019\/05\/fav-ico.png","width":200,"height":200,"caption":"C\u00f4ng Ty TNHH D\u1ea7u Nh\u1eddn T&T Vi\u1ec7t Nam"},"image":{"@id":"https:\/\/tatco.vn\/en\/#\/schema\/logo\/image\/"}}]}},"_links":{"self":[{"href":"https:\/\/tatco.vn\/vi\/wp-json\/wp\/v2\/product\/27638","targetHints":{"allow":["GET"]}}],"collection":[{"href":"https:\/\/tatco.vn\/vi\/wp-json\/wp\/v2\/product"}],"about":[{"href":"https:\/\/tatco.vn\/vi\/wp-json\/wp\/v2\/types\/product"}],"replies":[{"embeddable":true,"href":"https:\/\/tatco.vn\/vi\/wp-json\/wp\/v2\/comments?post=27638"}],"version-history":[{"count":0,"href":"https:\/\/tatco.vn\/vi\/wp-json\/wp\/v2\/product\/27638\/revisions"}],"wp:featuredmedia":[{"embeddable":true,"href":"https:\/\/tatco.vn\/vi\/wp-json\/wp\/v2\/media\/27593"}],"wp:attachment":[{"href":"https:\/\/tatco.vn\/vi\/wp-json\/wp\/v2\/media?parent=27638"}],"wp:term":[{"taxonomy":"product_cat","embeddable":true,"href":"https:\/\/tatco.vn\/vi\/wp-json\/wp\/v2\/product_cat?post=27638"},{"taxonomy":"product_tag","embeddable":true,"href":"https:\/\/tatco.vn\/vi\/wp-json\/wp\/v2\/product_tag?post=27638"}],"curies":[{"name":"wp","href":"https:\/\/api.w.org\/{rel}","templated":true}]}}