{"id":27606,"date":"2023-05-07T10:46:51","date_gmt":"2023-05-07T03:46:51","guid":{"rendered":"https:\/\/tatco.vn\/vi\/?post_type=product&#038;p=27606"},"modified":"2023-08-08T09:07:54","modified_gmt":"2023-08-08T02:07:54","slug":"dau-xich-tai-viscogen-klk-28","status":"publish","type":"product","link":"https:\/\/tatco.vn\/vi\/san-pham\/dau-xich-tai-viscogen-klk-28\/","title":{"rendered":"D\u1ea7u x\u00edch t\u1ea3i Viscogen KLK 28"},"content":{"rendered":"<section class=\"wpb-content-wrapper\"><p>[vc_row][vc_column][vc_column_text]<\/p>\n<h1 class=\"LC20lb MBeuO DKV0Md\">D\u1ea7u x\u00edch t\u1ea3i Viscogen KLK 28<\/h1>\n<p class=\"LC20lb MBeuO DKV0Md\" style=\"text-align: justify;\"><strong>Viscogen KLK 28<\/strong> l\u00e0 d\u1ea7u x\u00edch t\u1ea3i ch\u1ecbu nhi\u1ec7t, d\u1ea7u b\u00f4i tr\u01a1n \u0111\u1eb7c bi\u1ec7t chuy\u00ean d\u00f9ng cho b\u00f4i tr\u01a1n c\u00e1c lo\u1ea1i x\u00edch t\u1ea3i ho\u1ea1t \u0111\u1ed9ng \u1edf nhi\u1ec7t \u0111\u1ed9 cao; <strong>d\u1ea7u x\u00edch Castrol<\/strong> c\u00f3 kh\u1ea3 n\u0103ng b\u00f4i tr\u01a1n v\u00e0 ch\u1ed1ng \u00f4 xi h\u00f3a t\u1ed1t trong nh\u1eefng \u0111i\u1ec1u ki\u1ec7n v\u1eadn h\u00e0nh \u1edf nhi\u1ec7t \u0111\u1ed9 cao c\u00f3 khi l\u00ean \u0111\u1ebfn 260 \u0111\u1ed9 C.<\/p>\n<p style=\"text-align: justify;\"><strong>Castrol<\/strong> <strong>KLK 28<\/strong>\u00a0l\u00e0 d\u1ea7u b\u00f4i tr\u01a1n x\u00edch ch\u1ecbu nhi\u1ec7t \u00a0\u0111\u1eb7c bi\u1ec7t \u0111\u01b0\u1ee3c thi\u1ebft k\u1ebf \u0111\u1ec3 b\u00f4i tr\u01a1n c\u00e1c lo\u1ea1i d\u00e2y x\u00edch ch\u1ecbu nhi\u1ec7t \u0111\u1ed9 cao l\u00ean \u0111\u1ebfn 260 \u0111\u1ed9 C,\u00a0<strong>d\u1ea7u x\u00edch Castrol<\/strong>\u00a0c\u00f3 kh\u1ea3 n\u0103ng b\u1ea3o v\u1ec7 d\u00e2y x\u00edch, b\u00e1nh r\u0103ng do c\u00f3 kh\u1ea3 n\u0103ng ch\u1ed1ng m\u00e0i m\u00f2n \u01b0u vi\u1ec7t h\u01a1n h\u1eb3n so v\u1edbi c\u00e1c d\u00f2ng s\u1ea3n ph\u1ea9m c\u00f9ng c\u1ea5p; \u0111\u1ed9 bay h\u01a1i c\u1ee7a d\u1ea7u th\u1ea5p, kh\u1ea3 n\u0103ng \u1ed5n \u0111\u1ecbnh nhi\u1ec7t v\u00e0 ch\u1ed1ng \u00f4 xi h\u00f3a tuy\u1ec7t v\u1eddi<\/p>\n<p><strong>T\u00ednh n\u0103ng:<\/strong><\/p>\n<ul>\n<li>D\u1ea3i nhi\u1ec7t \u0111\u1ed9 l\u00e0m vi\u1ec7c r\u1ed9ng l\u00ean \u0111\u1ebfn 260<sup>o<\/sup>C.<\/li>\n<li>T\u1ed1c \u0111\u1ed9 bay h\u01a1i v\u00e0 t\u1ea1o c\u1eb7n r\u1ea5t th\u1ea5p.<\/li>\n<li>\u0110\u1ed9 b\u00e1m d\u00ednh t\u1ed1t, kh\u00f4ng nh\u1ecf gi\u1ecdt \u1edf nhi\u1ec7t \u0111\u1ed9 cao ho\u1eb7c t\u1ed1c \u0111\u1ed9 cao.<\/li>\n<\/ul>\n<p>&nbsp;<\/p>\n<h3>\u01afu \u0111i\u1ec3m c\u1ee7a\u00a0<strong>d\u1ea7u x\u00edch ch\u1ecbu nhi\u1ec7t\u00a0<\/strong><strong>Castrol<\/strong><strong> KLK 28<\/strong><\/h3>\n<ul>\n<li>Kh\u1ea3 n\u0103ng b\u00f4i tr\u01a1n v\u00e0 ch\u1ed1ng m\u00e0i m\u00f2n t\u1ed1t \u1edf nhi\u1ec7t \u0111\u1ed9 cao.<\/li>\n<li>B\u1ea3o v\u1ec7 v\u00e0 gi\u00fap k\u00e9o d\u00e0i tu\u1ed5i th\u1ecd thi\u1ebft b\u1ecb.<\/li>\n<li>L\u01b0\u1ee3ng ti\u00eau hao th\u1ea5p.<\/li>\n<li>Kh\u00f4ng \u0111\u1ec3 l\u1ea1i c\u1eb7n carbon tr\u00ean x\u00edch, d\u1ec5 d\u00e0ng v\u1ec7 sinh v\u00e0 gi\u1ea3m t\u1ea7n su\u1ea5t v\u1ec7 sinh x\u00edch.<\/li>\n<li>Gi\u1ea3m thi\u1ec3u ma s\u00e1t nh\u1edd kh\u1ea3 n\u0103ng b\u00f4i tr\u01a1n t\u1ed1t.<\/li>\n<li>T\u01b0\u01a1ng th\u00edch v\u00e0 c\u00f3 th\u1ec3 tr\u1ed9n l\u1eabn v\u1edbi d\u1ea7u g\u1ed1c kho\u00e1ng<\/li>\n<li>Kh\u00f4ng \u0111\u1ed9c h\u1ea1i<\/li>\n<\/ul>\n<h3><strong>\u1ee8ng dung<\/strong><strong> c\u1ee7a <\/strong><strong>d\u1ea7u x\u00edch ch\u1ecbu nhi\u1ec7t<\/strong> <strong>Castrol<\/strong><\/h3>\n<p>&nbsp;<\/p>\n<p>\u2013 B\u00f4i tr\u01a1n x\u00edch cho m\u00e1y s\u1ea5y ng\u00e0nh d\u1ec7t nhu\u1ed9m.<\/p>\n<p>\u2013 B\u00f4i tr\u01a1n x\u00edch trong d\u00e2y chuy\u1ec1n s\u01a1n t\u0129nh \u0111i\u1ec7n.<\/p>\n<p>\u2013 D\u1ea7u t\u1ed5ng h\u1ee3p chuy\u00ean d\u1ee5ng b\u00f4i tr\u01a1n x\u00edch.<\/p>\n<p>\u2013 B\u00f4i tr\u01a1n x\u00edch m\u00e1y s\u1ea5y ng\u00e0nh s\u1ea3n xu\u1ea5t v\u00e1n MDF.<\/p>\n<p>&nbsp;<\/p>\n<h3><strong>So s\u00e1nh D\u1ea7u x\u00edch t\u1ea3i ch\u1ecbu nhi\u1ec7t Castrol KLK 28 v\u1edbi d\u1ea7u x\u00edch c\u1ee7a h\u00e3ng Kluber:<\/strong><\/h3>\n<p><strong>\u00a0<\/strong><\/p>\n<table>\n<tbody>\n<tr>\n<td width=\"45\"><strong>STT<\/strong><\/td>\n<td width=\"314\"><strong>KLUBER<\/strong><\/td>\n<td width=\"312\"><strong>CASTROL<\/strong><\/td>\n<\/tr>\n<tr>\n<td width=\"45\">1<\/td>\n<td width=\"314\">KLUBERSYNTH CTH 2 \u2013 260<\/td>\n<td width=\"312\"><strong>CASTROL VISCOGEN KLK 28<\/strong><\/td>\n<\/tr>\n<\/tbody>\n<\/table>\n<p>&nbsp;<\/p>\n<table>\n<tbody>\n<tr>\n<td width=\"238\"><strong>\u0110\u1eb7c t\u00ednh ti\u00eau bi\u1ec3u<\/strong><\/td>\n<td width=\"229\"><strong>Klubersynth CTH2-260<\/strong><\/td>\n<td width=\"198\"><strong>Castrol Viscogen KLK 28<\/strong><\/td>\n<\/tr>\n<tr>\n<td width=\"238\">C\u1ea5p \u0111\u00f4 nh\u1edbt 40 <sup>o<\/sup>C, cSt<\/p>\n<p><em>ISO Viscosity Grade<\/em><em>40 <\/em><sup>o<\/sup>C<em>, cSt<\/em><\/td>\n<td width=\"229\">260<\/td>\n<td width=\"198\"><strong>280<\/strong><\/td>\n<\/tr>\n<tr>\n<td width=\"238\">C\u1ea5p \u0111\u00f4 nh\u1edbt 100 <sup>o<\/sup>C, cSt<\/p>\n<p><em>ISO Viscosity Grade<\/em><em>100 <\/em><sup>o<\/sup>C<em>, cSt<\/em><\/td>\n<td width=\"229\">30<\/td>\n<td width=\"198\"><strong>32.7<\/strong><\/td>\n<\/tr>\n<tr>\n<td width=\"238\">Ch\u1ec9 s\u1ed1 \u0111\u1ed9 nh\u1edbt<\/p>\n<p><em>Viscosity index<\/em><\/td>\n<td width=\"229\">135<\/td>\n<td width=\"198\"><strong>160<\/strong><\/td>\n<\/tr>\n<tr>\n<td width=\"238\">Lo\u1ea1i d\u1ea7u g\u1ed1c<\/p>\n<p><em>Base Oil<\/em><\/td>\n<td width=\"229\">T\u1ed5ng h\u1ee3p<\/td>\n<td width=\"198\"><strong>T\u1ed5ng h\u1ee3p <\/strong><\/td>\n<\/tr>\n<tr>\n<td width=\"238\">Nhi\u1ec7t \u0111\u1ed9 ho\u1ea1t \u0111\u1ed9ng<\/p>\n<p>Operating at high temperature up to<\/td>\n<td width=\"229\">250<sup>o<\/sup>C<\/td>\n<td width=\"198\"><strong>250oC<\/strong><\/td>\n<\/tr>\n<tr>\n<td width=\"238\">\u0110i\u1ec3m ch\u1edbp ch\u00e1y<\/p>\n<p><em>\u00a0Flash point<\/em><\/td>\n<td width=\"229\">&gt;260<sup>o<\/sup>C<\/td>\n<td width=\"198\"><strong>&gt;260oC<\/strong><\/td>\n<\/tr>\n<\/tbody>\n<\/table>\n<p>&nbsp;<\/p>\n<p>D\u1ef1a tr\u00ean b\u1ea3ng so s\u00e1nh &amp; chi ti\u1ebft b\u1ea3ng th\u00f4ng s\u1ed1 k\u1ef9 thu\u1eadt ta th\u1ea5y:<\/p>\n<p><strong>D\u1ea7u x\u00edch Castrol Viscogen KLK 28<\/strong> \u0111\u01b0\u1ee3c ch\u1ebf t\u1ea1o t\u1eeb d\u1ea7u t\u1ed5ng h\u1ee3p cao c\u1ea5p, \u0111\u01b0\u1ee3c chuy\u00ean dung cho c\u00e1c h\u1ec7 th\u1ed1ng x\u00edch t\u1ea3i ho\u1ea1t \u0111\u1ed9ng \u1edf nhi\u1ec7t \u0111\u1ed9 cao. <strong>D\u1ea7u x\u00edch ch\u1ecbu nhi\u1ec7t Viscogen KLK 28<\/strong> c\u00f3:<\/p>\n<ul>\n<li>Kh\u1ea3 n\u0103ng t\u1ea1o m\u00e0ng d\u1ea7u b\u00f4i tr\u01a1n t\u1ed1t h\u01a1n \u1edf nhi\u1ec7t \u0111\u1ed9 cao do c\u00f3 \u0111\u1ed9 nh\u1edbt v\u00e0 ch\u1ec9 s\u1ed1 \u0111\u1ed9 nh\u1edbt cao h\u01a1n.<\/li>\n<li>\u0110\u1ed9 b\u1ec1n nhi\u1ec7t cao h\u01a1n do c\u00f3 ch\u1ec9 s\u1ed1 \u0111\u1ed9 nh\u1edbt t\u1ed1t h\u01a1n.<\/li>\n<li>M\u1ee9c ti\u00eau hao t\u1ed1t h\u01a1n \u1edf c\u00f9ng \u0111i\u1ec1u ki\u1ec7n v\u1eadn h\u00e0nh.<\/li>\n<\/ul>\n<p><strong>\u00a0<\/strong><\/p>\n<p>V\u1edbi c\u00e1c \u0111\u1eb7c t\u00ednh tr\u00ean cho th\u1ea5y <strong>D\u1ea7u x\u00edch ch\u1ecbu nhi\u1ec7t Viscogen KLK 28<\/strong> ph\u00f9 h\u1ee3p s\u1eed d\u1ee5ng cho x\u00edch t\u00e0i \u1edf nhi\u1ec7t \u0111\u1ed9 cao gi\u00fap t\u0103ng c\u01b0\u1eddng hi\u1ec7u su\u1ea5t &amp; k\u00e9o d\u00e0i tu\u1ed5i th\u1ecd thi\u1ebft b\u1ecb.<\/p>\n<p>Ch\u00fang t\u00f4i ch\u00e2n th\u00e0nh c\u1ea3m \u01a1n s\u1ef1 quan t\u00e2m l\u1edbn c\u1ee7a Qu\u00fd V\u1ecb \u0111\u00e3 d\u00e0nh cho <strong>C\u00f4ng Ty TNHH D\u1ea7u Nh\u1eddn T&amp;T Vi\u1ec7t Nam<\/strong> v\u00e0 mong mu\u1ed1n c\u00f3 s\u1ef1 h\u1ee3p t\u00e1c t\u1ed1t \u0111\u1eb9p trong th\u1eddi gian s\u1eafp t\u1edbi. \u00a0Tr\u00e2n tr\u1ecdng k\u00ednh ch\u00e0o!<\/p>\n<p><em><u>M\u1ecdi th\u1eafc m\u1eafc hay c\u1ea7n h\u1ed7 tr\u1ee3 xin vui l\u00f2ng li\u00ean h\u1ec7:<\/u><\/em><\/p>\n<h4>C\u00f4ng ty TNHH D\u1ea7u Nh\u1eddn T&amp;T Vi\u1ec7t Nam<\/h4>\n<h4>Mr Qu\u1ed1c- Sales Director and Technical Specialist<\/h4>\n<p>Phone: 0937082853<\/p>\n<h4><a href=\"https:\/\/tatco.vn\/vi\/danh-muc-san-pham\/dau-nhot-castrol\/dau-xich-tai-castrol\/\">X\u00eam th\u00eam danh m\u1ee5c: Click t\u1ea1i \u0111\u00e2y.<\/a><a href=\"https:\/\/msdspds.castrol.com\/bpglis\/FusionPDS.nsf\/Files\/BB513A65CB6B068C802582BE001A4FCF\/$File\/Viscogen%20KLK%2028_vn.pdf\"><br \/>\nT\u00e0i li\u1ec7u tham kh\u1ea3o Castrol <strong>Viscogen KLK 28<\/strong>: Click t\u1ea1i \u0111\u00e2y.<\/a><\/h4>\n<p>[\/vc_column_text][\/vc_column][\/vc_row]<\/p>\n<\/section>","protected":false},"excerpt":{"rendered":"<p style=\"text-align: justify;\"><strong>Viscogen KLK 28<\/strong> l\u00e0 d\u1ea7u x\u00edch t\u1ea3i ch\u1ecbu nhi\u1ec7t, d\u1ea7u b\u00f4i tr\u01a1n \u0111\u1eb7c bi\u1ec7t chuy\u00ean d\u00f9ng cho b\u00f4i tr\u01a1n c\u00e1c lo\u1ea1i x\u00edch t\u1ea3i ho\u1ea1t \u0111\u1ed9ng \u1edf nhi\u1ec7t \u0111\u1ed9 cao; <strong>d\u1ea7u x\u00edch Castrol<\/strong> c\u00f3 kh\u1ea3 n\u0103ng b\u00f4i tr\u01a1n v\u00e0 ch\u1ed1ng \u00f4 xi h\u00f3a t\u1ed1t trong nh\u1eefng \u0111i\u1ec1u ki\u1ec7n v\u1eadn h\u00e0nh \u1edf nhi\u1ec7t \u0111\u1ed9 cao c\u00f3 khi l\u00ean \u0111\u1ebfn 260 \u0111\u1ed9 C.<\/p>\n","protected":false},"featured_media":27593,"comment_status":"closed","ping_status":"closed","template":"","meta":[],"product_cat":[760,766],"product_tag":[767,770],"class_list":{"0":"post-27606","1":"product","2":"type-product","3":"status-publish","4":"has-post-thumbnail","6":"product_brand-castrol","7":"product_cat-dau-nhot-castrol","8":"product_cat-dau-xich-tai-castrol","9":"product_tag-dau-xich-tai","10":"product_tag-viscogen","12":"first","13":"instock","14":"shipping-taxable","15":"product-type-simple"},"yoast_head":"<!-- This site is optimized with the Yoast SEO plugin v27.2 - https:\/\/yoast.com\/product\/yoast-seo-wordpress\/ -->\n<title>D\u1ea7u x\u00edch t\u1ea3i Viscogen KLK 28 - C\u00f4ng Ty TNHH D\u1ea7u Nh\u1eddn T&amp;T Vi\u1ec7t Nam<\/title>\n<meta name=\"robots\" content=\"index, follow, max-snippet:-1, max-image-preview:large, max-video-preview:-1\" \/>\n<link rel=\"canonical\" href=\"https:\/\/tatco.vn\/vi\/san-pham\/dau-xich-tai-viscogen-klk-28\/\" \/>\n<meta property=\"og:locale\" content=\"vi_VN\" \/>\n<meta property=\"og:type\" content=\"article\" \/>\n<meta property=\"og:title\" content=\"D\u1ea7u x\u00edch t\u1ea3i Viscogen KLK 28 - C\u00f4ng Ty TNHH D\u1ea7u Nh\u1eddn T&amp;T Vi\u1ec7t Nam\" \/>\n<meta property=\"og:url\" content=\"https:\/\/tatco.vn\/vi\/san-pham\/dau-xich-tai-viscogen-klk-28\/\" \/>\n<meta property=\"og:site_name\" content=\"C\u00f4ng Ty TNHH D\u1ea7u Nh\u1eddn T&amp;T Vi\u1ec7t Nam\" \/>\n<meta property=\"article:modified_time\" content=\"2023-08-08T02:07:54+00:00\" \/>\n<meta property=\"og:image\" content=\"https:\/\/tatco.vn\/wp-content\/uploads\/2022\/12\/Castrol-v5.png\" \/>\n\t<meta property=\"og:image:width\" content=\"750\" \/>\n\t<meta property=\"og:image:height\" content=\"1000\" \/>\n\t<meta property=\"og:image:type\" content=\"image\/png\" \/>\n<meta name=\"twitter:card\" content=\"summary_large_image\" \/>\n<meta name=\"twitter:label1\" content=\"\u01af\u1edbc t\u00ednh th\u1eddi gian \u0111\u1ecdc\" \/>\n\t<meta name=\"twitter:data1\" content=\"2 ph\u00fat\" \/>\n<script type=\"application\/ld+json\" class=\"yoast-schema-graph\">{\"@context\":\"https:\/\/schema.org\",\"@graph\":[{\"@type\":\"WebPage\",\"@id\":\"https:\/\/tatco.vn\/vi\/san-pham\/dau-xich-tai-viscogen-klk-28\/\",\"url\":\"https:\/\/tatco.vn\/vi\/san-pham\/dau-xich-tai-viscogen-klk-28\/\",\"name\":\"D\u1ea7u x\u00edch t\u1ea3i Viscogen KLK 28 - C\u00f4ng Ty TNHH D\u1ea7u Nh\u1eddn T&amp;T Vi\u1ec7t Nam\",\"isPartOf\":{\"@id\":\"https:\/\/tatco.vn\/en\/#website\"},\"primaryImageOfPage\":{\"@id\":\"https:\/\/tatco.vn\/vi\/san-pham\/dau-xich-tai-viscogen-klk-28\/#primaryimage\"},\"image\":{\"@id\":\"https:\/\/tatco.vn\/vi\/san-pham\/dau-xich-tai-viscogen-klk-28\/#primaryimage\"},\"thumbnailUrl\":\"https:\/\/tatco.vn\/wp-content\/uploads\/2022\/12\/Castrol-v5.png\",\"datePublished\":\"2023-05-07T03:46:51+00:00\",\"dateModified\":\"2023-08-08T02:07:54+00:00\",\"breadcrumb\":{\"@id\":\"https:\/\/tatco.vn\/vi\/san-pham\/dau-xich-tai-viscogen-klk-28\/#breadcrumb\"},\"inLanguage\":\"vi\",\"potentialAction\":[{\"@type\":\"ReadAction\",\"target\":[\"https:\/\/tatco.vn\/vi\/san-pham\/dau-xich-tai-viscogen-klk-28\/\"]}]},{\"@type\":\"ImageObject\",\"inLanguage\":\"vi\",\"@id\":\"https:\/\/tatco.vn\/vi\/san-pham\/dau-xich-tai-viscogen-klk-28\/#primaryimage\",\"url\":\"https:\/\/tatco.vn\/wp-content\/uploads\/2022\/12\/Castrol-v5.png\",\"contentUrl\":\"https:\/\/tatco.vn\/wp-content\/uploads\/2022\/12\/Castrol-v5.png\",\"width\":750,\"height\":1000,\"caption\":\"Castrol Perfecto HT 5\"},{\"@type\":\"BreadcrumbList\",\"@id\":\"https:\/\/tatco.vn\/vi\/san-pham\/dau-xich-tai-viscogen-klk-28\/#breadcrumb\",\"itemListElement\":[{\"@type\":\"ListItem\",\"position\":1,\"name\":\"Home\",\"item\":\"https:\/\/tatco.vn\/\"},{\"@type\":\"ListItem\",\"position\":2,\"name\":\"C\u1eeda h\u00e0ng\",\"item\":\"https:\/\/tatco.vn\/en\/mua\/\"},{\"@type\":\"ListItem\",\"position\":3,\"name\":\"D\u1ea7u x\u00edch t\u1ea3i Viscogen KLK 28\"}]},{\"@type\":\"WebSite\",\"@id\":\"https:\/\/tatco.vn\/en\/#website\",\"url\":\"https:\/\/tatco.vn\/en\/\",\"name\":\"C\u00f4ng Ty TNHH D\u1ea7u Nh\u1eddn T&amp;T Vi\u1ec7t Nam\",\"description\":\"Right Point - Right Time - Best Solution\",\"publisher\":{\"@id\":\"https:\/\/tatco.vn\/en\/#organization\"},\"potentialAction\":[{\"@type\":\"SearchAction\",\"target\":{\"@type\":\"EntryPoint\",\"urlTemplate\":\"https:\/\/tatco.vn\/en\/?s={search_term_string}\"},\"query-input\":{\"@type\":\"PropertyValueSpecification\",\"valueRequired\":true,\"valueName\":\"search_term_string\"}}],\"inLanguage\":\"vi\"},{\"@type\":\"Organization\",\"@id\":\"https:\/\/tatco.vn\/en\/#organization\",\"name\":\"C\u00f4ng Ty TNHH D\u1ea7u Nh\u1eddn T&T Vi\u1ec7t Nam\",\"url\":\"https:\/\/tatco.vn\/en\/\",\"logo\":{\"@type\":\"ImageObject\",\"inLanguage\":\"vi\",\"@id\":\"https:\/\/tatco.vn\/en\/#\/schema\/logo\/image\/\",\"url\":\"https:\/\/tatco.vn\/wp-content\/uploads\/2019\/05\/fav-ico.png\",\"contentUrl\":\"https:\/\/tatco.vn\/wp-content\/uploads\/2019\/05\/fav-ico.png\",\"width\":200,\"height\":200,\"caption\":\"C\u00f4ng Ty TNHH D\u1ea7u Nh\u1eddn T&T Vi\u1ec7t Nam\"},\"image\":{\"@id\":\"https:\/\/tatco.vn\/en\/#\/schema\/logo\/image\/\"}}]}<\/script>\n<!-- \/ Yoast SEO plugin. -->","yoast_head_json":{"title":"D\u1ea7u x\u00edch t\u1ea3i Viscogen KLK 28 - C\u00f4ng Ty TNHH D\u1ea7u Nh\u1eddn T&amp;T Vi\u1ec7t Nam","robots":{"index":"index","follow":"follow","max-snippet":"max-snippet:-1","max-image-preview":"max-image-preview:large","max-video-preview":"max-video-preview:-1"},"canonical":"https:\/\/tatco.vn\/vi\/san-pham\/dau-xich-tai-viscogen-klk-28\/","og_locale":"vi_VN","og_type":"article","og_title":"D\u1ea7u x\u00edch t\u1ea3i Viscogen KLK 28 - C\u00f4ng Ty TNHH D\u1ea7u Nh\u1eddn T&amp;T Vi\u1ec7t Nam","og_url":"https:\/\/tatco.vn\/vi\/san-pham\/dau-xich-tai-viscogen-klk-28\/","og_site_name":"C\u00f4ng Ty TNHH D\u1ea7u Nh\u1eddn T&amp;T Vi\u1ec7t Nam","article_modified_time":"2023-08-08T02:07:54+00:00","og_image":[{"width":750,"height":1000,"url":"https:\/\/tatco.vn\/wp-content\/uploads\/2022\/12\/Castrol-v5.png","type":"image\/png"}],"twitter_card":"summary_large_image","twitter_misc":{"\u01af\u1edbc t\u00ednh th\u1eddi gian \u0111\u1ecdc":"2 ph\u00fat"},"schema":{"@context":"https:\/\/schema.org","@graph":[{"@type":"WebPage","@id":"https:\/\/tatco.vn\/vi\/san-pham\/dau-xich-tai-viscogen-klk-28\/","url":"https:\/\/tatco.vn\/vi\/san-pham\/dau-xich-tai-viscogen-klk-28\/","name":"D\u1ea7u x\u00edch t\u1ea3i Viscogen KLK 28 - C\u00f4ng Ty TNHH D\u1ea7u Nh\u1eddn T&amp;T Vi\u1ec7t Nam","isPartOf":{"@id":"https:\/\/tatco.vn\/en\/#website"},"primaryImageOfPage":{"@id":"https:\/\/tatco.vn\/vi\/san-pham\/dau-xich-tai-viscogen-klk-28\/#primaryimage"},"image":{"@id":"https:\/\/tatco.vn\/vi\/san-pham\/dau-xich-tai-viscogen-klk-28\/#primaryimage"},"thumbnailUrl":"https:\/\/tatco.vn\/wp-content\/uploads\/2022\/12\/Castrol-v5.png","datePublished":"2023-05-07T03:46:51+00:00","dateModified":"2023-08-08T02:07:54+00:00","breadcrumb":{"@id":"https:\/\/tatco.vn\/vi\/san-pham\/dau-xich-tai-viscogen-klk-28\/#breadcrumb"},"inLanguage":"vi","potentialAction":[{"@type":"ReadAction","target":["https:\/\/tatco.vn\/vi\/san-pham\/dau-xich-tai-viscogen-klk-28\/"]}]},{"@type":"ImageObject","inLanguage":"vi","@id":"https:\/\/tatco.vn\/vi\/san-pham\/dau-xich-tai-viscogen-klk-28\/#primaryimage","url":"https:\/\/tatco.vn\/wp-content\/uploads\/2022\/12\/Castrol-v5.png","contentUrl":"https:\/\/tatco.vn\/wp-content\/uploads\/2022\/12\/Castrol-v5.png","width":750,"height":1000,"caption":"Castrol Perfecto HT 5"},{"@type":"BreadcrumbList","@id":"https:\/\/tatco.vn\/vi\/san-pham\/dau-xich-tai-viscogen-klk-28\/#breadcrumb","itemListElement":[{"@type":"ListItem","position":1,"name":"Home","item":"https:\/\/tatco.vn\/"},{"@type":"ListItem","position":2,"name":"C\u1eeda h\u00e0ng","item":"https:\/\/tatco.vn\/en\/mua\/"},{"@type":"ListItem","position":3,"name":"D\u1ea7u x\u00edch t\u1ea3i Viscogen KLK 28"}]},{"@type":"WebSite","@id":"https:\/\/tatco.vn\/en\/#website","url":"https:\/\/tatco.vn\/en\/","name":"C\u00f4ng Ty TNHH D\u1ea7u Nh\u1eddn T&amp;T Vi\u1ec7t Nam","description":"Right Point - Right Time - Best Solution","publisher":{"@id":"https:\/\/tatco.vn\/en\/#organization"},"potentialAction":[{"@type":"SearchAction","target":{"@type":"EntryPoint","urlTemplate":"https:\/\/tatco.vn\/en\/?s={search_term_string}"},"query-input":{"@type":"PropertyValueSpecification","valueRequired":true,"valueName":"search_term_string"}}],"inLanguage":"vi"},{"@type":"Organization","@id":"https:\/\/tatco.vn\/en\/#organization","name":"C\u00f4ng Ty TNHH D\u1ea7u Nh\u1eddn T&T Vi\u1ec7t Nam","url":"https:\/\/tatco.vn\/en\/","logo":{"@type":"ImageObject","inLanguage":"vi","@id":"https:\/\/tatco.vn\/en\/#\/schema\/logo\/image\/","url":"https:\/\/tatco.vn\/wp-content\/uploads\/2019\/05\/fav-ico.png","contentUrl":"https:\/\/tatco.vn\/wp-content\/uploads\/2019\/05\/fav-ico.png","width":200,"height":200,"caption":"C\u00f4ng Ty TNHH D\u1ea7u Nh\u1eddn T&T Vi\u1ec7t Nam"},"image":{"@id":"https:\/\/tatco.vn\/en\/#\/schema\/logo\/image\/"}}]}},"_links":{"self":[{"href":"https:\/\/tatco.vn\/vi\/wp-json\/wp\/v2\/product\/27606","targetHints":{"allow":["GET"]}}],"collection":[{"href":"https:\/\/tatco.vn\/vi\/wp-json\/wp\/v2\/product"}],"about":[{"href":"https:\/\/tatco.vn\/vi\/wp-json\/wp\/v2\/types\/product"}],"replies":[{"embeddable":true,"href":"https:\/\/tatco.vn\/vi\/wp-json\/wp\/v2\/comments?post=27606"}],"version-history":[{"count":0,"href":"https:\/\/tatco.vn\/vi\/wp-json\/wp\/v2\/product\/27606\/revisions"}],"wp:featuredmedia":[{"embeddable":true,"href":"https:\/\/tatco.vn\/vi\/wp-json\/wp\/v2\/media\/27593"}],"wp:attachment":[{"href":"https:\/\/tatco.vn\/vi\/wp-json\/wp\/v2\/media?parent=27606"}],"wp:term":[{"taxonomy":"product_cat","embeddable":true,"href":"https:\/\/tatco.vn\/vi\/wp-json\/wp\/v2\/product_cat?post=27606"},{"taxonomy":"product_tag","embeddable":true,"href":"https:\/\/tatco.vn\/vi\/wp-json\/wp\/v2\/product_tag?post=27606"}],"curies":[{"name":"wp","href":"https:\/\/api.w.org\/{rel}","templated":true}]}}