{"id":27534,"date":"2022-03-06T23:52:00","date_gmt":"2022-03-06T16:52:00","guid":{"rendered":"https:\/\/tatco.vn\/vi\/?post_type=product&#038;p=27534"},"modified":"2022-03-07T09:45:41","modified_gmt":"2022-03-07T02:45:41","slug":"mobiltherm-603","status":"publish","type":"product","link":"https:\/\/tatco.vn\/vi\/san-pham\/mobiltherm-603\/","title":{"rendered":"MobilTherm 603"},"content":{"rendered":"<section class=\"wpb-content-wrapper\"><p>[vc_row][vc_column][vc_column_text]<\/p>\n<h2>MobilTherm 603<\/h2>\n<p style=\"text-align: justify;\"><strong>D\u1ea7u truy\u1ec1n nhi\u1ec7t Mobiltherm 603<\/strong>\u00a0l\u00e0 c\u00e1c s\u1ea3n ph\u1ea9m hi\u1ec7u su\u1ea5t cao \u0111\u01b0\u1ee3c thi\u1ebft k\u1ebf \u0111\u1ec3 s\u1eed d\u1ee5ng trong c\u00e1c h\u1ec7 th\u1ed1ng s\u01b0\u1edfi gi\u00e1n ti\u1ebfp kh\u00e9p k\u00edn. Ch\u00fang \u0111\u01b0\u1ee3c khuy\u1ebfn kh\u00edch s\u1eed d\u1ee5ng trong c\u00e1c h\u1ec7 th\u1ed1ng l\u00e0m l\u1ea1nh, l\u00e0m n\u00f3ng v\u00e0 l\u00e0m m\u00e1t gi\u00e1n ti\u1ebfp trong t\u1ea5t c\u1ea3 c\u00e1c lo\u1ea1i quy tr\u00ecnh c\u00f4ng nghi\u1ec7p.<\/p>\n<p style=\"text-align: justify;\">D\u1ea7u truy\u1ec1n nhi\u1ec7t Mobiltherm \u0111\u01b0\u1ee3c ch\u1ebf t\u1ea1o t\u1eeb c\u00e1c lo\u1ea1i d\u1ea7u g\u1ed1c ch\u1ea5t l\u01b0\u1ee3ng cao, c\u00f3 kh\u1ea3 n\u0103ng ch\u1ed1ng n\u1ee9t nhi\u1ec7t v\u00e0 qu\u00e1 tr\u00ecnh oxy h\u00f3a. Ch\u00fang c\u00f3 \u0111\u1ed9 \u1ed5n \u0111\u1ecbnh nhi\u1ec7t cao v\u00e0 c\u00f3 kh\u1ea3 n\u0103ng ho\u1ea1t \u0111\u1ed9ng l\u00e2u d\u00e0i m\u00e0 kh\u00f4ng b\u1ecb \u0111\u1eb7c ho\u1eb7c t\u0103ng \u0111\u1ed9 nh\u1edbt.<\/p>\n<p style=\"text-align: justify;\">D\u1ea7u truy\u1ec1n nhi\u1ec7t Mobiltherm c\u00f3 hi\u1ec7u su\u1ea5t truy\u1ec1n nhi\u1ec7t t\u1ed1t v\u00e0 \u0111\u1ed9 nh\u1edbt \u1ed5n \u0111\u1ecbnh gi\u00fap ch\u00fang c\u00f3 th\u1ec3 \u0111\u01b0\u1ee3c b\u01a1m d\u1ec5 d\u00e0ng \u1edf c\u1ea3 nhi\u1ec7t \u0111\u1ed9 kh\u1edfi \u0111\u1ed9ng v\u00e0 v\u1eadn h\u00e0nh. Ch\u00fang th\u1ec3 hi\u1ec7n nhi\u1ec7t \u0111\u1ed9 v\u00e0 \u0111\u1ed9 d\u1eabn nhi\u1ec7t gi\u00fap t\u1ea3n nhi\u1ec7t nhanh h\u01a1n. \u0110i\u1ec3m ch\u1edbp ch\u00e1y c\u1ee7a c\u00e1c lo\u1ea1i d\u1ea7u n\u00e0y s\u1ebd kh\u00f4ng gi\u1ea3m \u0111\u00e1ng k\u1ec3 trong th\u1eddi gian s\u1eed d\u1ee5ng v\u00ec kh\u1ea3 n\u0103ng ch\u1ed1ng n\u1ee9t nhi\u1ec7t \u1edf nhi\u1ec7t \u0111\u1ed9 ho\u1ea1t \u0111\u1ed9ng m\u00e0 ch\u00fang \u0111\u01b0\u1ee3c khuy\u1ebfn ngh\u1ecb.<\/p>\n<h2>T\u00ednh n\u0103ng v\u00e0 l\u1ee3i \u00edch<\/h2>\n<p style=\"text-align: justify;\">D\u1ea7u Mobiltherm l\u00e0 th\u00e0nh vi\u00ean quan tr\u1ecdng c\u1ee7a th\u01b0\u01a1ng hi\u1ec7u Mobil v\u1ec1 ch\u1ea5t l\u1ecfng \u0111\u1eb7c bi\u1ec7t \u0111\u00e3 \u0111\u1ea1t \u0111\u01b0\u1ee3c danh ti\u1ebfng v\u1ec1 hi\u1ec7u su\u1ea5t v\u00e0 \u0111\u1ed9 tin c\u1eady, ngay c\u1ea3 trong c\u00e1c \u1ee9ng d\u1ee5ng nghi\u00eam tr\u1ecdng.\u00a0K\u1ef9 thu\u1eadt tinh ch\u1ebf hi\u1ec7n \u0111\u1ea1i l\u00e0 y\u1ebfu t\u1ed1 quan tr\u1ecdng trong vi\u1ec7c cung c\u1ea5p c\u00e1c t\u00ednh n\u0103ng s\u1ea3n ph\u1ea9m tuy\u1ec7t v\u1eddi.<\/p>\n<p>Mobiltherm 603 cung c\u1ea5p nh\u1eefng l\u1ee3i \u00edch sau:<\/p>\n<table border=\"2\">\n<thead>\n<tr>\n<th scope=\"col\">T\u00ednh n\u0103ng, \u0111\u1eb7c \u0111i\u1ec3m<\/th>\n<th scope=\"col\">\u01afu \u0111i\u1ec3m v\u00e0 l\u1ee3i \u00edch ti\u1ec1m n\u0103ng<\/th>\n<\/tr>\n<\/thead>\n<tbody>\n<tr>\n<td style=\"text-align: left;\">Kh\u1ea3 n\u0103ng ch\u1ed1ng n\u1ee9t v\u00e0 ph\u00e2n h\u1ee7y \u1edf nhi\u1ec7t \u0111\u1ed9 cao<\/td>\n<td style=\"text-align: left;\">Gi\u1ea3m s\u1ef1 h\u00ecnh th\u00e0nh b\u00f9n, t\u0103ng kh\u1ea3 n\u0103ng truy\u1ec1n nhi\u1ec7t v\u00e0 gi\u1ea3m thi\u1ec3u nhu c\u1ea7u b\u1ea3o tr\u00ec<\/td>\n<\/tr>\n<tr>\n<td style=\"text-align: left;\">\u0110\u1eb7c t\u00ednh d\u1eabn nhi\u1ec7t tuy\u1ec7t v\u1eddi<\/td>\n<td style=\"text-align: left;\">T\u1ed1c \u0111\u1ed9 truy\u1ec1n nhi\u1ec7t cao v\u00e0 hi\u1ec7u qu\u1ea3 ho\u1ea1t \u0111\u1ed9ng \u0111\u01b0\u1ee3c c\u1ea3i thi\u1ec7n v\u00e0 chi ph\u00ed v\u1eadn h\u00e0nh th\u1ea5p h\u01a1n<\/td>\n<\/tr>\n<tr>\n<td style=\"text-align: left;\">T\u00ednh \u1ed5n \u0111\u1ecbnh nhi\u1ec7t v\u00e0 oxy h\u00f3a t\u1ed1t<\/td>\n<td style=\"text-align: left;\">\u00a0T\u0103ng th\u1eddi gian s\u1eed d\u1ee5ng l\u00e2u d\u00e0i v\u00e0 gi\u1ea3m th\u1eddi gian ch\u1ebft<\/td>\n<\/tr>\n<tr>\n<td style=\"text-align: left;\">T\u00ednh l\u01b0u \u0111\u1ed9ng \u1edf nhi\u1ec7t \u0111\u1ed9 th\u1ea5p t\u1ed1t<\/td>\n<td style=\"text-align: left;\">D\u1ec5 d\u00e0ng kh\u1edfi \u0111\u1ed9ng h\u1ec7 th\u1ed1ng l\u1ea1nh<\/td>\n<\/tr>\n<\/tbody>\n<\/table>\n<h2>C\u00e1c \u1ee9ng d\u1ee5ng<\/h2>\n<p style=\"text-align: justify;\">D\u1ea7u truy\u1ec1n nhi\u1ec7t Mobiltherm kh\u00f4ng n\u00ean tr\u1ed9n l\u1eabn v\u1edbi c\u00e1c lo\u1ea1i d\u1ea7u kh\u00e1c v\u00ec \u0111i\u1ec1u n\u00e0y c\u00f3 th\u1ec3 l\u00e0m gi\u1ea3m s\u1ef1 \u1ed5n \u0111\u1ecbnh nhi\u1ec7t v\u00e0 oxy h\u00f3a tuy\u1ec7t v\u1eddi d\u1eabn \u0111\u1ebfn thay \u0111\u1ed5i c\u00e1c t\u00ednh ch\u1ea5t kh\u00e1c v\u00e0 ph\u00e2n t\u00edch ph\u1ee9c t\u1ea1p nh\u1eb1m x\u00e1c \u0111\u1ecbnh tu\u1ed5i th\u1ecd d\u1ea7u h\u1eefu \u00edch.<\/p>\n<p style=\"text-align: justify;\">N\u1ebfu c\u00e1c lo\u1ea1i d\u1ea7u \u0111\u01b0\u1ee3c s\u1eed d\u1ee5ng tr\u00ean nhi\u1ec7t \u0111\u1ed9 t\u1ed1i \u0111a \u0111\u01b0\u1ee3c \u0111\u1ec1 ngh\u1ecb c\u1ee7a ch\u00fang, c\u00f3 th\u1ec3 t\u1ea1o ra h\u01a1i n\u01b0\u1edbc tr\u1eeb khi h\u1ec7 th\u1ed1ng \u0111\u01b0\u1ee3c thi\u1ebft k\u1ebf \u0111\u1ec3 ho\u1ea1t \u0111\u1ed9ng \u1edf nhi\u1ec7t \u0111\u1ed9 cao h\u01a1n b\u1eb1ng c\u00e1ch \u00e9p v\u1edbi kh\u00ed tr\u01a1 nh\u01b0 nit\u01a1.<\/p>\n<p style=\"text-align: justify;\">\u1ede nhi\u1ec7t \u0111\u1ed9 cao h\u01a1n, tu\u1ed5i th\u1ecd c\u1ee7a ch\u1ea5t l\u1ecfng s\u1ebd \u0111\u01b0\u1ee3c r\u00fat ng\u1eafn v\u00ec t\u1ed1c \u0111\u1ed9 suy tho\u00e1i nhi\u1ec7t t\u0103ng r\u00f5 r\u1ec7t khi nhi\u1ec7t \u0111\u1ed9 t\u0103ng cao h\u01a1n gi\u1edbi h\u1ea1n khuy\u1ebfn c\u00e1o.<\/p>\n<p style=\"text-align: justify;\">Trong c\u00e1c h\u1ec7 th\u1ed1ng \u0111\u01b0\u1ee3c thi\u1ebft k\u1ebf t\u1ed1t, nhi\u1ec7t \u0111\u1ed9 c\u1ee7a m\u00e0ng d\u1ea7u xung quanh ph\u1ea7n t\u1eed gia nhi\u1ec7t ph\u1ea3i cao h\u01a1n nhi\u1ec7t \u0111\u1ed9 d\u1ea7u t\u1eeb 15\u00baC \u0111\u1ebfn 30\u00baC.\u00a0N\u1ebfu cao h\u01a1n \u0111i\u1ec1u n\u00e0y, tu\u1ed5i th\u1ecd c\u1ee7a d\u1ea7u c\u00f3 th\u1ec3 \u0111\u01b0\u1ee3c r\u00fat ng\u1eafn v\u00e0 b\u00f9n v\u00e0 than c\u1ed1c c\u00f3 th\u1ec3 \u0111\u01b0\u1ee3c l\u1eafng \u0111\u1ecdng s\u1ebd \u1ea3nh h\u01b0\u1edfng \u0111\u1ebfn t\u1ed1c \u0111\u1ed9 truy\u1ec1n nhi\u1ec7t.<\/p>\n<p style=\"text-align: justify;\">C\u0169ng nh\u01b0 c\u00e1c lo\u1ea1i d\u1ea7u kho\u00e1ng kh\u00e1c, c\u00e1c lo\u1ea1i d\u1ea7u truy\u1ec1n nhi\u1ec7t Mobiltherm ch\u1ec9 n\u00ean \u0111\u01b0\u1ee3c s\u1eed d\u1ee5ng trong c\u00e1c h\u1ec7 th\u1ed1ng c\u00f3 l\u01b0u th\u00f4ng c\u01b0\u1ee1ng b\u1ee9c.\u00a0C\u00e1c h\u1ec7 th\u1ed1ng ph\u1ee5 thu\u1ed9c v\u00e0o s\u1ef1 \u0111\u1ed1i l\u01b0u l\u01b0u th\u00f4ng c\u1ee7a m\u00f4i tr\u01b0\u1eddng truy\u1ec1n nhi\u1ec7t kh\u00f4ng cung c\u1ea5p m\u1ed9t d\u00f2ng ch\u1ea3y \u0111\u1ee7 nhanh \u0111\u1ec3 ng\u0103n ch\u1eb7n qu\u00e1 n\u00f3ng c\u1ee5c b\u1ed9 v\u00e0 s\u1ef1 suy gi\u1ea3m nhanh ch\u00f3ng c\u1ee7a d\u1ea7u.<\/p>\n<p style=\"text-align: justify;\">H\u01a1n n\u1eefa, c\u00e1c lo\u1ea1i d\u1ea7u n\u00e0y kh\u00f4ng \u0111\u01b0\u1ee3c khuy\u1ebfn kh\u00edch s\u1eed d\u1ee5ng trong c\u00e1c h\u1ec7 th\u1ed1ng m\u1edf, n\u01a1i d\u1ea7u n\u00f3ng \u0111\u01b0\u1ee3c ti\u1ebfp x\u00fac tr\u1ef1c ti\u1ebfp v\u1edbi kh\u00f4ng kh\u00ed.\u00a0N\u1ebfu ch\u00fang phun ho\u1eb7c tho\u00e1t ra kh\u1ecfi c\u00e1c \u0111i\u1ec3m r\u00f2 r\u1ec9, d\u1ea7u Mobiltherm n\u00f3ng c\u00f3 th\u1ec3 t\u1ef1 b\u1ed1c ch\u00e1y.<\/p>\n<p>Lo\u1ea1t Mobiltherm 600 c\u00f3 th\u1ec3 \u0111\u01b0\u1ee3c s\u1eed d\u1ee5ng trong c\u00e1c c\u00e0i \u0111\u1eb7t m\u1edf v\u00e0 \u0111\u00f3ng, n\u01a1i c\u00e1c ph\u1ea1m vi nhi\u1ec7t \u0111\u1ed9 d\u1ea7u s\u1ed1 l\u01b0\u1ee3ng l\u1edbn \u0111\u01b0\u1ee3c n\u00eau trong b\u1ea3ng d\u01b0\u1edbi \u0111\u00e2y.<\/p>\n<ul>\n<li>* Mobiltherm 603: H\u1ec7 th\u1ed1ng \u0111\u00f3ng (-15\u00ba C \u0111\u1ebfn 285\u00ba C), H\u1ec7 th\u1ed1ng m\u1edf (-15\u00ba C7 C \u0111\u1ebfn 150\u00ba C)<\/li>\n<li>* Mobiltherm 605: H\u1ec7 th\u1ed1ng \u0111\u00f3ng (-12\u00ba C \u0111\u1ebfn 315\u00ba C), H\u1ec7 th\u1ed1ng m\u1edf (-12\u00ba C \u0111\u1ebfn 180\u00ba C)<\/li>\n<li>* Mobiltherm 610: H\u1ec7 th\u1ed1ng m\u1edf (-6 \u00b0 C \u0111\u1ebfn 250 \u00b0 C)<\/li>\n<li>* Mobiltherm 611: H\u1ec7 th\u1ed1ng m\u1edf (-6 \u00b0 C \u0111\u1ebfn 275 \u00b0 C)<\/li>\n<\/ul>\n<h2>Thu\u1ed9c t\u00ednh ti\u00eau bi\u1ec3u<\/h2>\n<table border=\"2\">\n<thead>\n<tr>\n<th scope=\"col\">Mobiltherm 600 Series<\/th>\n<th scope=\"col\">603<\/th>\n<th scope=\"col\">605<\/th>\n<th scope=\"col\">610<\/th>\n<th scope=\"col\">611<\/th>\n<\/tr>\n<\/thead>\n<tbody>\n<tr>\n<td style=\"text-align: left;\">\u0110\u1ed9 nh\u1edbt, ASTM D 445<\/td>\n<td><\/td>\n<td><\/td>\n<td><\/td>\n<td><\/td>\n<\/tr>\n<tr>\n<td style=\"text-align: left;\">cSt @ 40\u00baC<\/td>\n<td>20,2<\/td>\n<td>30,4<\/td>\n<td>113<\/td>\n<td>490<\/td>\n<\/tr>\n<tr>\n<td style=\"text-align: left;\">cSt @ 100\u00baC<\/td>\n<td>4.2<\/td>\n<td>5,4<\/td>\n<td>11,5<\/td>\n<td>31,5<\/td>\n<\/tr>\n<tr>\n<td style=\"text-align: left;\">\u0110i\u1ec3m \u0111\u00f4ng \u0111\u1eb7c, \u00baC, ASTM D 97<\/td>\n<td>-15<\/td>\n<td>-12<\/td>\n<td>-6<\/td>\n<td>-6<\/td>\n<\/tr>\n<tr>\n<td style=\"text-align: left;\">\u0110i\u1ec3m ch\u1edbp ch\u00e1y, \u00baC, ASTM D 92<\/td>\n<td>194<\/td>\n<td>230<\/td>\n<td>250<\/td>\n<td>294<\/td>\n<\/tr>\n<tr>\n<td style=\"text-align: left;\">Tr\u1ecdng l\u01b0\u1ee3ng ri\u00eang @ 15 \u00baC kg \/ l, ASTM D 4052<\/td>\n<td>0,835<\/td>\n<td>0,857<\/td>\n<td>0,88<\/td>\n<td>0,906<\/td>\n<\/tr>\n<\/tbody>\n<\/table>\n<h2>S\u1ee9c kho\u0309e v\u00e0\u00a0s\u01b0\u0323 an to\u00e0n<\/h2>\n<p style=\"text-align: justify;\">D\u1ef1a tr\u00ean th\u00f4ng tin c\u00f3 s\u1eb5n, s\u1ea3n ph\u1ea9m n\u00e0y kh\u00f4ng \u0111\u01b0\u1ee3c d\u1ef1 ki\u1ebfn \u200b\u200bs\u1ebd t\u1ea1o ra c\u00e1c t\u00e1c \u0111\u1ed9ng b\u1ea5t l\u1ee3i \u0111\u1ed1i v\u1edbi s\u1ee9c kh\u1ecfe khi \u0111\u01b0\u1ee3c s\u1eed d\u1ee5ng cho \u1ee9ng d\u1ee5ng d\u1ef1 \u0111\u1ecbnh v\u00e0 c\u00e1c khuy\u1ebfn ngh\u1ecb \u0111\u01b0\u1ee3c cung c\u1ea5p trong B\u1ea3ng d\u1eef li\u1ec7u an to\u00e0n v\u1eadt li\u1ec7u (MSDS) \u0111\u01b0\u1ee3c tu\u00e2n theo.<\/p>\n<p style=\"text-align: justify;\">MSDS c\u00f3 s\u1eb5n theo y\u00eau c\u1ea7u th\u00f4ng qua v\u0103n ph\u00f2ng li\u00ean h\u1ec7 b\u00e1n h\u00e0ng c\u1ee7a b\u1ea1n ho\u1eb7c qua Internet.\u00a0S\u1ea3n ph\u1ea9m n\u00e0y kh\u00f4ng n\u00ean \u0111\u01b0\u1ee3c s\u1eed d\u1ee5ng cho c\u00e1c m\u1ee5c \u0111\u00edch kh\u00e1c ngo\u00e0i m\u1ee5c \u0111\u00edch s\u1eed d\u1ee5ng c\u1ee7a n\u00f3.\u00a0N\u1ebfu v\u1ee9t b\u1ecf s\u1ea3n ph\u1ea9m \u0111\u00e3 qua s\u1eed d\u1ee5ng, h\u00e3y c\u1ea9n th\u1eadn \u0111\u1ec3 b\u1ea3o v\u1ec7 m\u00f4i tr\u01b0\u1eddng.<\/p>\n<h4><a href=\"https:\/\/tatco.vn\/vi\/danh-muc-san-pham\/dau-nhot-mobil\/dau-nhot-cong-nghiep-mobil\/dau-truyen-nhiet-mobil\/\">Xem th\u00eam danh m\u1ee5c: Click t\u1ea1i \u0111\u00e2y.<\/a><br \/>\n<a href=\"https:\/\/www.mobil.com\/en-us\/industrial\/pds\/gl-xx-mobiltherm-600-series\">T\u00e0i li\u1ec7u tham kh\u1ea3o <span class=\"\"><strong>D\u1ea7u Truy\u1ec1n Nhi\u1ec7t MobilTherm 603<\/strong><\/span>: Click v\u00e0o \u0111\u00e2y.<\/a><\/h4>\n<p>[\/vc_column_text][\/vc_column][\/vc_row]<\/p>\n<\/section>","protected":false},"excerpt":{"rendered":"<p style=\"text-align: justify;\"><strong>D\u1ea7u truy\u1ec1n nhi\u1ec7t Mobiltherm 603<\/strong>\u00a0l\u00e0 c\u00e1c s\u1ea3n ph\u1ea9m hi\u1ec7u su\u1ea5t cao \u0111\u01b0\u1ee3c thi\u1ebft k\u1ebf \u0111\u1ec3 s\u1eed d\u1ee5ng trong c\u00e1c h\u1ec7 th\u1ed1ng s\u01b0\u1edfi gi\u00e1n ti\u1ebfp kh\u00e9p k\u00edn. Ch\u00fang \u0111\u01b0\u1ee3c khuy\u1ebfn kh\u00edch s\u1eed d\u1ee5ng trong c\u00e1c h\u1ec7 th\u1ed1ng l\u00e0m l\u1ea1nh, l\u00e0m n\u00f3ng v\u00e0 l\u00e0m m\u00e1t gi\u00e1n ti\u1ebfp trong t\u1ea5t c\u1ea3 c\u00e1c lo\u1ea1i quy tr\u00ecnh c\u00f4ng nghi\u1ec7p.<\/p>\n<p style=\"text-align: justify;\">D\u1ea7u truy\u1ec1n nhi\u1ec7t Mobiltherm \u0111\u01b0\u1ee3c ch\u1ebf t\u1ea1o t\u1eeb c\u00e1c lo\u1ea1i d\u1ea7u g\u1ed1c ch\u1ea5t l\u01b0\u1ee3ng cao, c\u00f3 kh\u1ea3 n\u0103ng ch\u1ed1ng n\u1ee9t nhi\u1ec7t v\u00e0 qu\u00e1 tr\u00ecnh oxy h\u00f3a. Ch\u00fang c\u00f3 \u0111\u1ed9 \u1ed5n \u0111\u1ecbnh nhi\u1ec7t cao v\u00e0 c\u00f3 kh\u1ea3 n\u0103ng ho\u1ea1t \u0111\u1ed9ng l\u00e2u d\u00e0i m\u00e0 kh\u00f4ng b\u1ecb \u0111\u1eb7c ho\u1eb7c t\u0103ng \u0111\u1ed9 nh\u1edbt.<\/p>\n<p style=\"text-align: justify;\">D\u1ea7u truy\u1ec1n nhi\u1ec7t Mobiltherm c\u00f3 hi\u1ec7u su\u1ea5t truy\u1ec1n nhi\u1ec7t t\u1ed1t v\u00e0 \u0111\u1ed9 nh\u1edbt \u1ed5n \u0111\u1ecbnh gi\u00fap ch\u00fang c\u00f3 th\u1ec3 \u0111\u01b0\u1ee3c b\u01a1m d\u1ec5 d\u00e0ng \u1edf c\u1ea3 nhi\u1ec7t \u0111\u1ed9 kh\u1edfi \u0111\u1ed9ng v\u00e0 v\u1eadn h\u00e0nh. Ch\u00fang th\u1ec3 hi\u1ec7n nhi\u1ec7t \u0111\u1ed9 v\u00e0 \u0111\u1ed9 d\u1eabn nhi\u1ec7t gi\u00fap t\u1ea3n nhi\u1ec7t nhanh h\u01a1n. \u0110i\u1ec3m ch\u1edbp ch\u00e1y c\u1ee7a c\u00e1c lo\u1ea1i d\u1ea7u n\u00e0y s\u1ebd kh\u00f4ng gi\u1ea3m \u0111\u00e1ng k\u1ec3 trong th\u1eddi gian s\u1eed d\u1ee5ng v\u00ec kh\u1ea3 n\u0103ng ch\u1ed1ng n\u1ee9t nhi\u1ec7t \u1edf nhi\u1ec7t \u0111\u1ed9 ho\u1ea1t \u0111\u1ed9ng m\u00e0 ch\u00fang \u0111\u01b0\u1ee3c khuy\u1ebfn ngh\u1ecb.<\/p>\n","protected":false},"featured_media":26930,"comment_status":"closed","ping_status":"closed","template":"","meta":[],"product_cat":[374,361,748],"product_tag":[749],"class_list":{"0":"post-27534","1":"product","2":"type-product","3":"status-publish","4":"has-post-thumbnail","6":"product_brand-mobil","7":"product_cat-mobil-industrial-oil","8":"product_cat-mobil-oil","9":"product_cat-dau-truyen-nhiet-mobil","10":"product_tag-mobiltherm-603","12":"first","13":"instock","14":"shipping-taxable","15":"product-type-simple"},"yoast_head":"<!-- This site is optimized with the Yoast SEO plugin v27.2 - https:\/\/yoast.com\/product\/yoast-seo-wordpress\/ -->\n<title>MobilTherm 603 - C\u00f4ng Ty TNHH D\u1ea7u Nh\u1eddn T&amp;T Vi\u1ec7t Nam<\/title>\n<meta name=\"robots\" content=\"index, follow, max-snippet:-1, max-image-preview:large, max-video-preview:-1\" \/>\n<link rel=\"canonical\" href=\"https:\/\/tatco.vn\/vi\/san-pham\/mobiltherm-603\/\" \/>\n<meta property=\"og:locale\" content=\"vi_VN\" \/>\n<meta property=\"og:type\" content=\"article\" \/>\n<meta property=\"og:title\" content=\"MobilTherm 603 - C\u00f4ng Ty TNHH D\u1ea7u Nh\u1eddn T&amp;T Vi\u1ec7t Nam\" \/>\n<meta property=\"og:url\" content=\"https:\/\/tatco.vn\/vi\/san-pham\/mobiltherm-603\/\" \/>\n<meta property=\"og:site_name\" content=\"C\u00f4ng Ty TNHH D\u1ea7u Nh\u1eddn T&amp;T Vi\u1ec7t Nam\" \/>\n<meta property=\"article:modified_time\" content=\"2022-03-07T02:45:41+00:00\" \/>\n<meta property=\"og:image\" content=\"https:\/\/tatco.vn\/wp-content\/uploads\/2019\/06\/dau-nhot-mobil-mobil-oil.png\" \/>\n\t<meta property=\"og:image:width\" content=\"1200\" \/>\n\t<meta property=\"og:image:height\" content=\"1200\" \/>\n\t<meta property=\"og:image:type\" content=\"image\/png\" \/>\n<meta name=\"twitter:card\" content=\"summary_large_image\" \/>\n<meta name=\"twitter:label1\" content=\"\u01af\u1edbc t\u00ednh th\u1eddi gian \u0111\u1ecdc\" \/>\n\t<meta name=\"twitter:data1\" content=\"6 ph\u00fat\" \/>\n<script type=\"application\/ld+json\" class=\"yoast-schema-graph\">{\"@context\":\"https:\/\/schema.org\",\"@graph\":[{\"@type\":\"WebPage\",\"@id\":\"https:\/\/tatco.vn\/vi\/san-pham\/mobiltherm-603\/\",\"url\":\"https:\/\/tatco.vn\/vi\/san-pham\/mobiltherm-603\/\",\"name\":\"MobilTherm 603 - C\u00f4ng Ty TNHH D\u1ea7u Nh\u1eddn T&amp;T Vi\u1ec7t Nam\",\"isPartOf\":{\"@id\":\"https:\/\/tatco.vn\/en\/#website\"},\"primaryImageOfPage\":{\"@id\":\"https:\/\/tatco.vn\/vi\/san-pham\/mobiltherm-603\/#primaryimage\"},\"image\":{\"@id\":\"https:\/\/tatco.vn\/vi\/san-pham\/mobiltherm-603\/#primaryimage\"},\"thumbnailUrl\":\"https:\/\/tatco.vn\/wp-content\/uploads\/2019\/06\/dau-nhot-mobil-mobil-oil.png\",\"datePublished\":\"2022-03-06T16:52:00+00:00\",\"dateModified\":\"2022-03-07T02:45:41+00:00\",\"breadcrumb\":{\"@id\":\"https:\/\/tatco.vn\/vi\/san-pham\/mobiltherm-603\/#breadcrumb\"},\"inLanguage\":\"vi\",\"potentialAction\":[{\"@type\":\"ReadAction\",\"target\":[\"https:\/\/tatco.vn\/vi\/san-pham\/mobiltherm-603\/\"]}]},{\"@type\":\"ImageObject\",\"inLanguage\":\"vi\",\"@id\":\"https:\/\/tatco.vn\/vi\/san-pham\/mobiltherm-603\/#primaryimage\",\"url\":\"https:\/\/tatco.vn\/wp-content\/uploads\/2019\/06\/dau-nhot-mobil-mobil-oil.png\",\"contentUrl\":\"https:\/\/tatco.vn\/wp-content\/uploads\/2019\/06\/dau-nhot-mobil-mobil-oil.png\",\"width\":1200,\"height\":1200,\"caption\":\"dau nhot mobil mobil oil Mobil SHC 625\"},{\"@type\":\"BreadcrumbList\",\"@id\":\"https:\/\/tatco.vn\/vi\/san-pham\/mobiltherm-603\/#breadcrumb\",\"itemListElement\":[{\"@type\":\"ListItem\",\"position\":1,\"name\":\"Home\",\"item\":\"https:\/\/tatco.vn\/\"},{\"@type\":\"ListItem\",\"position\":2,\"name\":\"C\u1eeda h\u00e0ng\",\"item\":\"https:\/\/tatco.vn\/en\/mua\/\"},{\"@type\":\"ListItem\",\"position\":3,\"name\":\"MobilTherm 603\"}]},{\"@type\":\"WebSite\",\"@id\":\"https:\/\/tatco.vn\/en\/#website\",\"url\":\"https:\/\/tatco.vn\/en\/\",\"name\":\"C\u00f4ng Ty TNHH D\u1ea7u Nh\u1eddn T&amp;T Vi\u1ec7t Nam\",\"description\":\"Right Point - Right Time - Best Solution\",\"publisher\":{\"@id\":\"https:\/\/tatco.vn\/en\/#organization\"},\"potentialAction\":[{\"@type\":\"SearchAction\",\"target\":{\"@type\":\"EntryPoint\",\"urlTemplate\":\"https:\/\/tatco.vn\/en\/?s={search_term_string}\"},\"query-input\":{\"@type\":\"PropertyValueSpecification\",\"valueRequired\":true,\"valueName\":\"search_term_string\"}}],\"inLanguage\":\"vi\"},{\"@type\":\"Organization\",\"@id\":\"https:\/\/tatco.vn\/en\/#organization\",\"name\":\"C\u00f4ng Ty TNHH D\u1ea7u Nh\u1eddn T&T Vi\u1ec7t Nam\",\"url\":\"https:\/\/tatco.vn\/en\/\",\"logo\":{\"@type\":\"ImageObject\",\"inLanguage\":\"vi\",\"@id\":\"https:\/\/tatco.vn\/en\/#\/schema\/logo\/image\/\",\"url\":\"https:\/\/tatco.vn\/wp-content\/uploads\/2019\/05\/fav-ico.png\",\"contentUrl\":\"https:\/\/tatco.vn\/wp-content\/uploads\/2019\/05\/fav-ico.png\",\"width\":200,\"height\":200,\"caption\":\"C\u00f4ng Ty TNHH D\u1ea7u Nh\u1eddn T&T Vi\u1ec7t Nam\"},\"image\":{\"@id\":\"https:\/\/tatco.vn\/en\/#\/schema\/logo\/image\/\"}}]}<\/script>\n<!-- \/ Yoast SEO plugin. -->","yoast_head_json":{"title":"MobilTherm 603 - C\u00f4ng Ty TNHH D\u1ea7u Nh\u1eddn T&amp;T Vi\u1ec7t Nam","robots":{"index":"index","follow":"follow","max-snippet":"max-snippet:-1","max-image-preview":"max-image-preview:large","max-video-preview":"max-video-preview:-1"},"canonical":"https:\/\/tatco.vn\/vi\/san-pham\/mobiltherm-603\/","og_locale":"vi_VN","og_type":"article","og_title":"MobilTherm 603 - C\u00f4ng Ty TNHH D\u1ea7u Nh\u1eddn T&amp;T Vi\u1ec7t Nam","og_url":"https:\/\/tatco.vn\/vi\/san-pham\/mobiltherm-603\/","og_site_name":"C\u00f4ng Ty TNHH D\u1ea7u Nh\u1eddn T&amp;T Vi\u1ec7t Nam","article_modified_time":"2022-03-07T02:45:41+00:00","og_image":[{"width":1200,"height":1200,"url":"https:\/\/tatco.vn\/wp-content\/uploads\/2019\/06\/dau-nhot-mobil-mobil-oil.png","type":"image\/png"}],"twitter_card":"summary_large_image","twitter_misc":{"\u01af\u1edbc t\u00ednh th\u1eddi gian \u0111\u1ecdc":"6 ph\u00fat"},"schema":{"@context":"https:\/\/schema.org","@graph":[{"@type":"WebPage","@id":"https:\/\/tatco.vn\/vi\/san-pham\/mobiltherm-603\/","url":"https:\/\/tatco.vn\/vi\/san-pham\/mobiltherm-603\/","name":"MobilTherm 603 - C\u00f4ng Ty TNHH D\u1ea7u Nh\u1eddn T&amp;T Vi\u1ec7t Nam","isPartOf":{"@id":"https:\/\/tatco.vn\/en\/#website"},"primaryImageOfPage":{"@id":"https:\/\/tatco.vn\/vi\/san-pham\/mobiltherm-603\/#primaryimage"},"image":{"@id":"https:\/\/tatco.vn\/vi\/san-pham\/mobiltherm-603\/#primaryimage"},"thumbnailUrl":"https:\/\/tatco.vn\/wp-content\/uploads\/2019\/06\/dau-nhot-mobil-mobil-oil.png","datePublished":"2022-03-06T16:52:00+00:00","dateModified":"2022-03-07T02:45:41+00:00","breadcrumb":{"@id":"https:\/\/tatco.vn\/vi\/san-pham\/mobiltherm-603\/#breadcrumb"},"inLanguage":"vi","potentialAction":[{"@type":"ReadAction","target":["https:\/\/tatco.vn\/vi\/san-pham\/mobiltherm-603\/"]}]},{"@type":"ImageObject","inLanguage":"vi","@id":"https:\/\/tatco.vn\/vi\/san-pham\/mobiltherm-603\/#primaryimage","url":"https:\/\/tatco.vn\/wp-content\/uploads\/2019\/06\/dau-nhot-mobil-mobil-oil.png","contentUrl":"https:\/\/tatco.vn\/wp-content\/uploads\/2019\/06\/dau-nhot-mobil-mobil-oil.png","width":1200,"height":1200,"caption":"dau nhot mobil mobil oil Mobil SHC 625"},{"@type":"BreadcrumbList","@id":"https:\/\/tatco.vn\/vi\/san-pham\/mobiltherm-603\/#breadcrumb","itemListElement":[{"@type":"ListItem","position":1,"name":"Home","item":"https:\/\/tatco.vn\/"},{"@type":"ListItem","position":2,"name":"C\u1eeda h\u00e0ng","item":"https:\/\/tatco.vn\/en\/mua\/"},{"@type":"ListItem","position":3,"name":"MobilTherm 603"}]},{"@type":"WebSite","@id":"https:\/\/tatco.vn\/en\/#website","url":"https:\/\/tatco.vn\/en\/","name":"C\u00f4ng Ty TNHH D\u1ea7u Nh\u1eddn T&amp;T Vi\u1ec7t Nam","description":"Right Point - Right Time - Best Solution","publisher":{"@id":"https:\/\/tatco.vn\/en\/#organization"},"potentialAction":[{"@type":"SearchAction","target":{"@type":"EntryPoint","urlTemplate":"https:\/\/tatco.vn\/en\/?s={search_term_string}"},"query-input":{"@type":"PropertyValueSpecification","valueRequired":true,"valueName":"search_term_string"}}],"inLanguage":"vi"},{"@type":"Organization","@id":"https:\/\/tatco.vn\/en\/#organization","name":"C\u00f4ng Ty TNHH D\u1ea7u Nh\u1eddn T&T Vi\u1ec7t Nam","url":"https:\/\/tatco.vn\/en\/","logo":{"@type":"ImageObject","inLanguage":"vi","@id":"https:\/\/tatco.vn\/en\/#\/schema\/logo\/image\/","url":"https:\/\/tatco.vn\/wp-content\/uploads\/2019\/05\/fav-ico.png","contentUrl":"https:\/\/tatco.vn\/wp-content\/uploads\/2019\/05\/fav-ico.png","width":200,"height":200,"caption":"C\u00f4ng Ty TNHH D\u1ea7u Nh\u1eddn T&T Vi\u1ec7t Nam"},"image":{"@id":"https:\/\/tatco.vn\/en\/#\/schema\/logo\/image\/"}}]}},"_links":{"self":[{"href":"https:\/\/tatco.vn\/vi\/wp-json\/wp\/v2\/product\/27534","targetHints":{"allow":["GET"]}}],"collection":[{"href":"https:\/\/tatco.vn\/vi\/wp-json\/wp\/v2\/product"}],"about":[{"href":"https:\/\/tatco.vn\/vi\/wp-json\/wp\/v2\/types\/product"}],"replies":[{"embeddable":true,"href":"https:\/\/tatco.vn\/vi\/wp-json\/wp\/v2\/comments?post=27534"}],"version-history":[{"count":0,"href":"https:\/\/tatco.vn\/vi\/wp-json\/wp\/v2\/product\/27534\/revisions"}],"wp:featuredmedia":[{"embeddable":true,"href":"https:\/\/tatco.vn\/vi\/wp-json\/wp\/v2\/media\/26930"}],"wp:attachment":[{"href":"https:\/\/tatco.vn\/vi\/wp-json\/wp\/v2\/media?parent=27534"}],"wp:term":[{"taxonomy":"product_cat","embeddable":true,"href":"https:\/\/tatco.vn\/vi\/wp-json\/wp\/v2\/product_cat?post=27534"},{"taxonomy":"product_tag","embeddable":true,"href":"https:\/\/tatco.vn\/vi\/wp-json\/wp\/v2\/product_tag?post=27534"}],"curies":[{"name":"wp","href":"https:\/\/api.w.org\/{rel}","templated":true}]}}