{"id":27407,"date":"2021-06-28T17:39:21","date_gmt":"2021-06-28T10:39:21","guid":{"rendered":"https:\/\/tatco.vn\/vi\/?post_type=product&#038;p=27407"},"modified":"2021-09-03T23:32:31","modified_gmt":"2021-09-03T16:32:31","slug":"sinopec-extreme-pressure-lithium-base-grease-nlgi-3","status":"publish","type":"product","link":"https:\/\/tatco.vn\/vi\/san-pham\/sinopec-extreme-pressure-lithium-base-grease-nlgi-3\/","title":{"rendered":"Sinopec Extreme Pressure Lithium Base Grease NLGI 3"},"content":{"rendered":"<section class=\"wpb-content-wrapper\"><p>[vc_row][vc_column][vc_column_text]<\/p>\n<h2>M\u1ee1 Sinopec Extreme Pressure Lithium Base Grease NLGI 3<\/h2>\n<p style=\"text-align: justify;\"><span class=\"\"><strong>M\u1ee1 Sinopec Extreme Pressure Lithium Base Grease NLGI 3<\/strong> l\u00e0 lo\u1ea1i m\u1ee1 c\u00f3 \u00e1p su\u1ea5t c\u1ef1c cao<\/span>, \u0111\u01b0\u1ee3c pha ch\u1ebf v\u1edbi ch\u1ea5t l\u00e0m \u0111\u1eb7c x\u00e0 ph\u00f2ng liti v\u00e0 g\u1ed1c kho\u00e1ng ch\u1ea5t l\u01b0\u1ee3ng cao d\u1ea7u. N\u00f3 ch\u1ee9a c\u00e1c ch\u1ea5t \u1ee9c ch\u1ebf qu\u00e1 tr\u00ecnh oxy h\u00f3a v\u00e0 r\u1ec9 s\u00e9t, v\u00e0 \u00e1p su\u1ea5t c\u1ef1c cao v\u00e0 <span class=\"\">ph\u1ee5 gia ch\u1ed1ng m\u00e0i m\u00f2n \u0111\u1ec3 \u0111\u1ea3m b\u1ea3o hi\u1ec7u su\u1ea5t tuy\u1ec7t v\u1eddi v\u00e0 tu\u1ed5i th\u1ecd cao, ngay c\u1ea3 trong <\/span>c\u00e1c \u0111i\u1ec1u ki\u1ec7n d\u1ecbch v\u1ee5 kh\u1eafc nghi\u1ec7t, n\u01a1i nhi\u1ec7t \u0111\u1ed9 cao, t\u1ea3i s\u1ed1c v\u00e0 n\u01b0\u1edbc c\u00f3 th\u1ec3 b\u1ecb nhi\u1ec5m b\u1ea9n.<\/p>\n<h2>T\u00ednh n\u0103ng v\u00e0 l\u1ee3i \u00edch<\/h2>\n<div style=\"text-align: justify;\">\u2022 C\u00e1c \u0111\u1eb7c t\u00ednh ch\u1ed1ng m\u00e0i m\u00f2n v\u00e0 ch\u1ecbu \u00e1p l\u1ef1c c\u1ef1c cao tuy\u1ec7t v\u1eddi b\u1ea3o v\u1ec7 c\u00e1c \u1ed5 tr\u1ee5c ch\u1ecbu t\u1ea3i n\u1eb7ng ho\u1eb7c ch\u1ecbu t\u1ea3i tr\u1ecdng cao kh\u1ecfi b\u1ecb m\u00e0i m\u00f2n k\u00e9o d\u00e0i tu\u1ed5i th\u1ecd thi\u1ebft b\u1ecb.<\/div>\n<div style=\"text-align: justify;\">\u2022 Ch\u1ea5t l\u00e0m \u0111\u1eb7c x\u00e0 ph\u00f2ng Lithium \u0111\u1ea3m b\u1ea3o \u0111\u1ed9 \u1ed5n \u0111\u1ecbnh c\u01a1 h\u1ecdc t\u1ed1t, do \u0111\u00f3 c\u1ea5u tr\u00fac d\u1ea7u m\u1ee1 kh\u00f4ng b\u1ecb m\u1ec1m ho\u1eb7c ph\u00e2n h\u1ee7y trong d\u1ecbch v\u1ee5.<\/div>\n<div style=\"text-align: justify;\">\u2022 D\u1ea7u g\u1ed1c ch\u1ea5t l\u01b0\u1ee3ng cao \u0111\u1ea3m b\u1ea3o duy tr\u00ec \u0111\u1ed9 d\u00e0y m\u00e0ng d\u1ea7u t\u1ed1t, ngay c\u1ea3 trong c\u00e1c \u1ee9ng d\u1ee5ng nhi\u1ec7t \u0111\u1ed9 cao, b\u1ea3o v\u1ec7 c\u00e1c th\u00e0nh ph\u1ea7n t\u1eeb m\u00f2n.<\/div>\n<div style=\"text-align: justify;\">\u2022 Kh\u1ea3 n\u0103ng b\u1ea3o v\u1ec7 ch\u1ed1ng g\u1ec9 v\u00e0 \u0103n m\u00f2n tuy\u1ec7t v\u1eddi \u0111\u1ea3m b\u1ea3o tu\u1ed5i th\u1ecd linh ki\u1ec7n l\u00e2u d\u00e0i v\u00e0 k\u00e9o d\u00e0i th\u1eddi gian b\u1ea3o tr\u00ec.<\/div>\n<div style=\"text-align: justify;\">\u2022 T\u00ednh \u1ed5n \u0111\u1ecbnh nhi\u1ec7t v\u00e0 oxy h\u00f3a t\u1ed1t \u0111\u1ea3m b\u1ea3o tu\u1ed5i th\u1ecd d\u1ea7u m\u1ee1 l\u00e2u h\u01a1n trong \u0111i\u1ec1u ki\u1ec7n nhi\u1ec7t \u0111\u1ed9 cao, mang l\u1ea1i hi\u1ec7u qu\u1ea3 t\u1ed1i \u01b0u b\u00f4i tr\u01a1n, k\u00e9o d\u00e0i tu\u1ed5i th\u1ecd thi\u1ebft b\u1ecb v\u00e0 gi\u1ea3m y\u00eau c\u1ea7u b\u1ea3o tr\u00ec.<\/div>\n<div style=\"text-align: justify;\">\u2022 M\u1ee1 b\u00e1m ch\u1eb7t v\u00e0o b\u1ec1 m\u1eb7t kim lo\u1ea1i, b\u1ecbt k\u00edn b\u1ee5i b\u1ea9n v\u00e0 v\u1eadt li\u1ec7u m\u00e0i m\u00f2n, \u0111\u1ec3 \u0111\u1ea3m b\u1ea3o b\u00f4i tr\u01a1n l\u00e2u h\u01a1n c\u00e1c kho\u1ea3ng th\u1eddi gian.<\/div>\n<div style=\"text-align: justify;\">\u2022 C\u00f3 s\u1eb5n c\u00e1c c\u1ea5p NLGI 00, 0, 1, 2 v\u00e0 3 \u0111\u1ec3 \u0111\u00e1p \u1ee9ng c\u00e1c y\u00eau c\u1ea7u c\u1ee7a c\u00e1c \u1ee9ng d\u1ee5ng c\u1ee5 th\u1ec3.<\/div>\n<h2>C\u00e1c \u1ee9ng d\u1ee5ng<\/h2>\n<div style=\"text-align: justify;\"><span class=\"\"><strong>M\u1ee1 Sinopec Extreme Pressure Lithium Base Grease NLGI 3<\/strong><\/span>\u00a0ph\u00f9 h\u1ee3p \u0111\u1ec3 s\u1eed d\u1ee5ng trong:<\/div>\n<div style=\"text-align: justify;\">\u2022 V\u00f2ng bi v\u00e0 b\u00e1nh r\u0103ng c\u1ee7a thi\u1ebft b\u1ecb c\u01a1 kh\u00ed ch\u1ecbu t\u1ea3i t\u1eeb trung b\u00ecnh \u0111\u1ebfn n\u1eb7ng, n\u01a1i c\u00f3 d\u1ea7u m\u1ee1 ch\u1ed1ng m\u00e0i m\u00f2n \/ ch\u1ecbu \u00e1p su\u1ea5t c\u1ef1c cao.<\/div>\n<div style=\"text-align: justify;\"><span class=\"\">\u2022 C\u00e1c \u1ee9ng d\u1ee5ng c\u00f3 ph\u1ea1m vi nhi\u1ec7t \u0111\u1ed9 t\u1eeb \u201320 \u00b0 C \u0111\u1ebfn 120 \u00b0 C.<\/span><\/div>\n<h2>Thu\u1ed9c t\u00ednh v\u00e0 th\u00f4ng s\u1ed1 k\u1ef9 thu\u1eadt<\/h2>\n<div class=\"table-responsive\">\n<div class=\"table-responsive\">\n<table class=\"table table-striped\">\n<tbody>\n<tr>\n<td style=\"text-align: left;\" width=\"550\"><span class=\"fontstyle0\">Sinopec Extreme Pressure Lithium Base Grease<\/span><\/td>\n<td><\/td>\n<td><\/td>\n<td><\/td>\n<td><\/td>\n<td><\/td>\n<\/tr>\n<tr>\n<td style=\"text-align: left;\" width=\"445\"><span class=\"fontstyle0\">NLGI grade <\/span><\/td>\n<td width=\"59\"><span class=\"fontstyle0\">00 <\/span><\/td>\n<td width=\"43\"><span class=\"fontstyle0\">0 <\/span><\/td>\n<td width=\"46\"><span class=\"fontstyle0\">1 <\/span><\/td>\n<td width=\"45\"><span class=\"fontstyle0\">2 <\/span><\/td>\n<td width=\"47\"><span class=\"fontstyle0\">3<\/span><\/td>\n<\/tr>\n<tr>\n<td style=\"text-align: left;\" width=\"445\"><span class=\"fontstyle0\">Appearance, visual <\/span><\/td>\n<td width=\"241\"><span class=\"fontstyle0\">Smooth, puce, buttery<\/span><\/td>\n<td><\/td>\n<td><\/td>\n<td><\/td>\n<td><\/td>\n<\/tr>\n<tr>\n<td style=\"text-align: left;\" width=\"445\"><span class=\"fontstyle0\">Thickener type <\/span><\/td>\n<td width=\"241\"><span class=\"fontstyle0\">Lithium<\/span><\/td>\n<td><\/td>\n<td><\/td>\n<td><\/td>\n<td><\/td>\n<\/tr>\n<tr>\n<td style=\"text-align: left;\" width=\"445\"><span class=\"fontstyle0\">Base fluid type <\/span><\/td>\n<td width=\"241\"><span class=\"fontstyle0\">Mineral<\/span><\/td>\n<td><\/td>\n<td><\/td>\n<td><\/td>\n<td><\/td>\n<\/tr>\n<tr>\n<td style=\"text-align: left;\" width=\"445\"><span class=\"fontstyle0\">Kinematic viscosity, ASTM D 445<\/span><\/td>\n<td><\/td>\n<td><\/td>\n<td><\/td>\n<td><\/td>\n<td><\/td>\n<\/tr>\n<tr>\n<td style=\"text-align: left;\" width=\"445\"><span class=\"fontstyle0\">cSt @ 100\u00b0C (range) <\/span><\/td>\n<td width=\"59\"><span class=\"fontstyle0\">9<\/span><span class=\"fontstyle2\">\u2013<\/span><span class=\"fontstyle0\">12 <\/span><\/td>\n<td width=\"43\"><span class=\"fontstyle0\">9<\/span><span class=\"fontstyle2\">\u2013<\/span><span class=\"fontstyle0\">12 <\/span><\/td>\n<td width=\"46\"><span class=\"fontstyle0\">9<\/span><span class=\"fontstyle2\">\u2013<\/span><span class=\"fontstyle0\">12 <\/span><\/td>\n<td width=\"45\"><span class=\"fontstyle0\">9<\/span><span class=\"fontstyle2\">\u2013<\/span><span class=\"fontstyle0\">12 <\/span><\/td>\n<td width=\"47\"><span class=\"fontstyle0\">9<\/span><span class=\"fontstyle2\">\u2013<\/span><span class=\"fontstyle0\">12<\/span><\/td>\n<\/tr>\n<tr>\n<td style=\"text-align: left;\" width=\"445\"><span class=\"fontstyle0\">Cone penetration, ASTM D 217<\/span><\/td>\n<td><\/td>\n<td><\/td>\n<td><\/td>\n<td><\/td>\n<td><\/td>\n<\/tr>\n<tr>\n<td style=\"text-align: left;\" width=\"445\"><span class=\"fontstyle0\">W\u00d760, mm<\/span><span class=\"fontstyle2\">\u2013<\/span><span class=\"fontstyle0\">1 <\/span><\/td>\n<td width=\"59\"><span class=\"fontstyle0\">414 <\/span><\/td>\n<td width=\"43\"><span class=\"fontstyle0\">374 <\/span><\/td>\n<td width=\"46\"><span class=\"fontstyle0\">323 <\/span><\/td>\n<td width=\"45\"><span class=\"fontstyle0\">293 <\/span><\/td>\n<td width=\"47\"><span class=\"fontstyle3\">248<\/span><\/td>\n<\/tr>\n<tr>\n<td style=\"text-align: left;\" width=\"445\"><span class=\"fontstyle0\">W\u00d7100,000, mm<\/span><span class=\"fontstyle2\">\u2013<\/span><span class=\"fontstyle0\">1 <\/span><\/td>\n<td width=\"59\"><span class=\"fontstyle0\">440 <\/span><\/td>\n<td width=\"43\"><span class=\"fontstyle0\">400 <\/span><\/td>\n<td width=\"46\"><span class=\"fontstyle0\">350 <\/span><\/td>\n<td width=\"45\"><span class=\"fontstyle0\">317 <\/span><\/td>\n<td width=\"47\"><span class=\"fontstyle0\">285<\/span><\/td>\n<\/tr>\n<tr>\n<td style=\"text-align: left;\" width=\"445\"><span class=\"fontstyle0\">Dropping point, \u00b0C, ASTM D 566 <\/span><\/td>\n<td width=\"59\"><span class=\"fontstyle0\">173 <\/span><\/td>\n<td width=\"43\"><span class=\"fontstyle0\">178 <\/span><\/td>\n<td width=\"46\"><span class=\"fontstyle0\">184 <\/span><\/td>\n<td width=\"45\"><span class=\"fontstyle0\">196 <\/span><\/td>\n<td width=\"47\"><span class=\"fontstyle0\">198<\/span><\/td>\n<\/tr>\n<tr>\n<td style=\"text-align: left;\" width=\"445\"><span class=\"fontstyle0\">Oil separation, 24 h @ 100\u00b0C, %, FTMS 791C-321.3 <\/span><\/td>\n<td width=\"59\"><span class=\"fontstyle2\">\u2013 <\/span><\/td>\n<td width=\"43\"><span class=\"fontstyle2\">\u2013 <\/span><\/td>\n<td width=\"46\"><span class=\"fontstyle0\">8.0 <\/span><\/td>\n<td width=\"45\"><span class=\"fontstyle0\">3.2 <\/span><\/td>\n<td width=\"47\"><span class=\"fontstyle0\">0.2<\/span><\/td>\n<\/tr>\n<tr>\n<td style=\"text-align: left;\" width=\"445\"><span class=\"fontstyle0\">Corrosion prevention, 48 h @ 52\u00b0C, rating, ASTM D 1743 <\/span><\/td>\n<td width=\"59\"><span class=\"fontstyle0\">pass <\/span><\/td>\n<td width=\"43\"><span class=\"fontstyle0\">pass <\/span><\/td>\n<td width=\"46\"><span class=\"fontstyle0\">pass <\/span><\/td>\n<td width=\"45\"><span class=\"fontstyle0\">pass <\/span><\/td>\n<td width=\"47\"><span class=\"fontstyle0\">pass<\/span><\/td>\n<\/tr>\n<tr>\n<td style=\"text-align: left;\" width=\"445\"><span class=\"fontstyle0\">Copper corrosion, T2 copper strip, 24 h @ 100\u00b0C, rating, ASTM D 4048 <\/span><\/td>\n<td width=\"59\"><span class=\"fontstyle0\">pass <\/span><\/td>\n<td width=\"43\"><span class=\"fontstyle0\">pass <\/span><\/td>\n<td width=\"46\"><span class=\"fontstyle0\">pass <\/span><\/td>\n<td width=\"45\"><span class=\"fontstyle0\">pass <\/span><\/td>\n<td width=\"47\"><span class=\"fontstyle0\">pass<\/span><\/td>\n<\/tr>\n<tr>\n<td style=\"text-align: left;\" width=\"445\"><span class=\"fontstyle0\">Timken OK load, N, ASTM D 2509 <\/span><\/td>\n<td width=\"59\"><span class=\"fontstyle0\">156 <\/span><\/td>\n<td width=\"43\"><span class=\"fontstyle0\">156 <\/span><\/td>\n<td width=\"46\"><span class=\"fontstyle0\">156 <\/span><\/td>\n<td width=\"45\"><span class=\"fontstyle0\">156 <\/span><\/td>\n<td width=\"47\"><span class=\"fontstyle0\">158<\/span><\/td>\n<\/tr>\n<tr>\n<td style=\"text-align: left;\" width=\"445\"><span class=\"fontstyle0\">Four ball EP, P<\/span><span class=\"fontstyle0\">B<\/span><span class=\"fontstyle0\">, N, ASTM D 2596 <\/span><\/td>\n<td width=\"59\"><span class=\"fontstyle0\">618 <\/span><\/td>\n<td width=\"43\"><span class=\"fontstyle0\">618 <\/span><\/td>\n<td width=\"46\"><span class=\"fontstyle0\">618 <\/span><\/td>\n<td width=\"45\"><span class=\"fontstyle0\">618 <\/span><\/td>\n<td width=\"47\"><span class=\"fontstyle0\">618<\/span><\/td>\n<\/tr>\n<tr>\n<td style=\"text-align: left;\" width=\"445\"><span class=\"fontstyle0\">Apparent viscosity, <\/span><span class=\"fontstyle2\">\u2013<\/span><span class=\"fontstyle0\">10\u00b0C, 10 s<\/span><span class=\"fontstyle2\">\u2013<\/span><span class=\"fontstyle0\">1<\/span><span class=\"fontstyle0\">, Pas, GOST 7163 <\/span><\/td>\n<td width=\"59\"><span class=\"fontstyle0\">58 <\/span><\/td>\n<td width=\"43\"><span class=\"fontstyle0\">114 <\/span><\/td>\n<td width=\"46\"><span class=\"fontstyle0\">126 <\/span><\/td>\n<td width=\"45\"><span class=\"fontstyle0\">349 <\/span><\/td>\n<td width=\"47\"><span class=\"fontstyle0\">736<\/span><\/td>\n<\/tr>\n<tr>\n<td style=\"text-align: left;\" width=\"445\"><span class=\"fontstyle0\">Impurities, quantity\/cm<\/span><span class=\"fontstyle0\">3<\/span><span class=\"fontstyle0\">, JIS K 2220 5.9<br \/>\n25 <\/span><span class=\"fontstyle2\">\u00b5<\/span><span class=\"fontstyle0\">m or larger<br \/>\n75 <\/span><span class=\"fontstyle2\">\u00b5<\/span><span class=\"fontstyle0\">m or larger<br \/>\n125 <\/span><span class=\"fontstyle2\">\u00b5<\/span><span class=\"fontstyle0\">m or larger<\/span><\/td>\n<td width=\"59\"><span class=\"fontstyle0\">240<br \/>\n80<br \/>\n0<\/span><\/td>\n<td width=\"43\"><span class=\"fontstyle0\">240<br \/>\n80<br \/>\n0<\/span><\/td>\n<td width=\"46\"><span class=\"fontstyle0\">200<br \/>\n0<br \/>\n0<\/span><\/td>\n<td width=\"45\"><span class=\"fontstyle0\">280<br \/>\n80<br \/>\n0<\/span><\/td>\n<td width=\"47\"><span class=\"fontstyle0\">280<br \/>\n90<br \/>\n0<\/span><\/td>\n<\/tr>\n<\/tbody>\n<\/table>\n<\/div>\n<\/div>\n<h4><a href=\"http:\/\/www.sinopec.com\/listco\/en\/products_service\/lubricants\/greases\/general_purpose_g\/20161116\/news_20161116_399368507399.shtml\">T\u00e0i li\u1ec7u tham kh\u1ea3o <span class=\"\"><strong>Sinopec Extreme Pressure Lithium Base Grease NLGI 3<\/strong><\/span>: Click v\u00e0o \u0111\u00e2y.<\/a><\/h4>\n<p><a href=\"https:\/\/tatco.vn\/vi\/danh-muc-san-pham\/dau-nhot-sinopec\/mo-cong-nghiep-Sinopec\/mo-boi-tron-chieu-tai-sinopec-extreme-pressure-lithium-base-grease\/\">X\u00eam th\u00eam danh m\u1ee5c: Click t\u1ea1i \u0111\u00e2y.<\/a>[\/vc_column_text][\/vc_column][\/vc_row]<\/p>\n<\/section>","protected":false},"excerpt":{"rendered":"<p style=\"text-align: justify;\"><span class=\"\"><strong>M\u1ee1 Sinopec Extreme Pressure Lithium Base Grease NLGI 3<\/strong>\u00a0l\u00e0 lo\u1ea1i c\u00f3 \u00e1p su\u1ea5t c\u1ef1c cao <\/span>m\u1ee1, \u0111\u01b0\u1ee3c pha ch\u1ebf v\u1edbi ch\u1ea5t l\u00e0m \u0111\u1eb7c x\u00e0 ph\u00f2ng liti v\u00e0 g\u1ed1c kho\u00e1ng ch\u1ea5t l\u01b0\u1ee3ng cao d\u1ea7u. N\u00f3 ch\u1ee9a c\u00e1c ch\u1ea5t \u1ee9c ch\u1ebf qu\u00e1 tr\u00ecnh oxy h\u00f3a v\u00e0 r\u1ec9 s\u00e9t, v\u00e0 \u00e1p su\u1ea5t c\u1ef1c cao v\u00e0 <span class=\"\">ph\u1ee5 gia ch\u1ed1ng m\u00e0i m\u00f2n \u0111\u1ec3 \u0111\u1ea3m b\u1ea3o hi\u1ec7u su\u1ea5t tuy\u1ec7t v\u1eddi v\u00e0 tu\u1ed5i th\u1ecd cao, ngay c\u1ea3 trong <\/span>c\u00e1c \u0111i\u1ec1u ki\u1ec7n d\u1ecbch v\u1ee5 kh\u1eafc nghi\u1ec7t, n\u01a1i nhi\u1ec7t \u0111\u1ed9 cao, t\u1ea3i s\u1ed1c v\u00e0 n\u01b0\u1edbc c\u00f3 th\u1ec3 b\u1ecb nhi\u1ec5m b\u1ea9n.<\/p>\n","protected":false},"featured_media":27397,"comment_status":"closed","ping_status":"closed","template":"","meta":[],"product_cat":[719,722,720],"product_tag":[725,723,730],"class_list":{"0":"post-27407","1":"product","2":"type-product","3":"status-publish","4":"has-post-thumbnail","6":"product_brand-sinopec","7":"product_cat-dau-nhot-sinopec","8":"product_cat-mo-cong-nghiep-sinopec","9":"product_cat-mo-chiu-tai-sinopec-extreme-pressure-lithium-base-grease","10":"product_tag-mo-boi-tron-sinopec","11":"product_tag-sinopec","12":"product_tag-sinopec-extreme-pressure-lithium-base-grease-nlgi-3","14":"first","15":"instock","16":"shipping-taxable","17":"product-type-simple"},"yoast_head":"<!-- This site is optimized with the Yoast SEO plugin v27.2 - https:\/\/yoast.com\/product\/yoast-seo-wordpress\/ -->\n<title>Sinopec Extreme Pressure Lithium Base Grease NLGI 3 - C\u00f4ng Ty TNHH D\u1ea7u Nh\u1eddn T&amp;T Vi\u1ec7t Nam<\/title>\n<meta name=\"robots\" content=\"index, follow, max-snippet:-1, max-image-preview:large, max-video-preview:-1\" \/>\n<link rel=\"canonical\" href=\"https:\/\/tatco.vn\/vi\/san-pham\/sinopec-extreme-pressure-lithium-base-grease-nlgi-3\/\" \/>\n<meta property=\"og:locale\" content=\"vi_VN\" \/>\n<meta property=\"og:type\" content=\"article\" \/>\n<meta property=\"og:title\" content=\"Sinopec Extreme Pressure Lithium Base Grease NLGI 3 - C\u00f4ng Ty TNHH D\u1ea7u Nh\u1eddn T&amp;T Vi\u1ec7t Nam\" \/>\n<meta property=\"og:url\" content=\"https:\/\/tatco.vn\/vi\/san-pham\/sinopec-extreme-pressure-lithium-base-grease-nlgi-3\/\" \/>\n<meta property=\"og:site_name\" content=\"C\u00f4ng Ty TNHH D\u1ea7u Nh\u1eddn T&amp;T Vi\u1ec7t Nam\" \/>\n<meta property=\"article:modified_time\" content=\"2021-09-03T16:32:31+00:00\" \/>\n<meta property=\"og:image\" content=\"https:\/\/tatco.vn\/wp-content\/uploads\/2021\/06\/Sinopec-oil-product.png\" \/>\n\t<meta property=\"og:image:width\" content=\"1000\" \/>\n\t<meta property=\"og:image:height\" content=\"1000\" \/>\n\t<meta property=\"og:image:type\" content=\"image\/png\" \/>\n<meta name=\"twitter:card\" content=\"summary_large_image\" \/>\n<meta name=\"twitter:label1\" content=\"\u01af\u1edbc t\u00ednh th\u1eddi gian \u0111\u1ecdc\" \/>\n\t<meta name=\"twitter:data1\" content=\"2 ph\u00fat\" \/>\n<script type=\"application\/ld+json\" class=\"yoast-schema-graph\">{\"@context\":\"https:\/\/schema.org\",\"@graph\":[{\"@type\":\"WebPage\",\"@id\":\"https:\/\/tatco.vn\/vi\/san-pham\/sinopec-extreme-pressure-lithium-base-grease-nlgi-3\/\",\"url\":\"https:\/\/tatco.vn\/vi\/san-pham\/sinopec-extreme-pressure-lithium-base-grease-nlgi-3\/\",\"name\":\"Sinopec Extreme Pressure Lithium Base Grease NLGI 3 - C\u00f4ng Ty TNHH D\u1ea7u Nh\u1eddn T&amp;T Vi\u1ec7t Nam\",\"isPartOf\":{\"@id\":\"https:\/\/tatco.vn\/en\/#website\"},\"primaryImageOfPage\":{\"@id\":\"https:\/\/tatco.vn\/vi\/san-pham\/sinopec-extreme-pressure-lithium-base-grease-nlgi-3\/#primaryimage\"},\"image\":{\"@id\":\"https:\/\/tatco.vn\/vi\/san-pham\/sinopec-extreme-pressure-lithium-base-grease-nlgi-3\/#primaryimage\"},\"thumbnailUrl\":\"https:\/\/tatco.vn\/wp-content\/uploads\/2021\/06\/Sinopec-oil-product.png\",\"datePublished\":\"2021-06-28T10:39:21+00:00\",\"dateModified\":\"2021-09-03T16:32:31+00:00\",\"breadcrumb\":{\"@id\":\"https:\/\/tatco.vn\/vi\/san-pham\/sinopec-extreme-pressure-lithium-base-grease-nlgi-3\/#breadcrumb\"},\"inLanguage\":\"vi\",\"potentialAction\":[{\"@type\":\"ReadAction\",\"target\":[\"https:\/\/tatco.vn\/vi\/san-pham\/sinopec-extreme-pressure-lithium-base-grease-nlgi-3\/\"]}]},{\"@type\":\"ImageObject\",\"inLanguage\":\"vi\",\"@id\":\"https:\/\/tatco.vn\/vi\/san-pham\/sinopec-extreme-pressure-lithium-base-grease-nlgi-3\/#primaryimage\",\"url\":\"https:\/\/tatco.vn\/wp-content\/uploads\/2021\/06\/Sinopec-oil-product.png\",\"contentUrl\":\"https:\/\/tatco.vn\/wp-content\/uploads\/2021\/06\/Sinopec-oil-product.png\",\"width\":1000,\"height\":1000},{\"@type\":\"BreadcrumbList\",\"@id\":\"https:\/\/tatco.vn\/vi\/san-pham\/sinopec-extreme-pressure-lithium-base-grease-nlgi-3\/#breadcrumb\",\"itemListElement\":[{\"@type\":\"ListItem\",\"position\":1,\"name\":\"Home\",\"item\":\"https:\/\/tatco.vn\/\"},{\"@type\":\"ListItem\",\"position\":2,\"name\":\"C\u1eeda h\u00e0ng\",\"item\":\"https:\/\/tatco.vn\/en\/mua\/\"},{\"@type\":\"ListItem\",\"position\":3,\"name\":\"Sinopec Extreme Pressure Lithium Base Grease NLGI 3\"}]},{\"@type\":\"WebSite\",\"@id\":\"https:\/\/tatco.vn\/en\/#website\",\"url\":\"https:\/\/tatco.vn\/en\/\",\"name\":\"C\u00f4ng Ty TNHH D\u1ea7u Nh\u1eddn T&amp;T Vi\u1ec7t Nam\",\"description\":\"Right Point - Right Time - Best Solution\",\"publisher\":{\"@id\":\"https:\/\/tatco.vn\/en\/#organization\"},\"potentialAction\":[{\"@type\":\"SearchAction\",\"target\":{\"@type\":\"EntryPoint\",\"urlTemplate\":\"https:\/\/tatco.vn\/en\/?s={search_term_string}\"},\"query-input\":{\"@type\":\"PropertyValueSpecification\",\"valueRequired\":true,\"valueName\":\"search_term_string\"}}],\"inLanguage\":\"vi\"},{\"@type\":\"Organization\",\"@id\":\"https:\/\/tatco.vn\/en\/#organization\",\"name\":\"C\u00f4ng Ty TNHH D\u1ea7u Nh\u1eddn T&T Vi\u1ec7t Nam\",\"url\":\"https:\/\/tatco.vn\/en\/\",\"logo\":{\"@type\":\"ImageObject\",\"inLanguage\":\"vi\",\"@id\":\"https:\/\/tatco.vn\/en\/#\/schema\/logo\/image\/\",\"url\":\"https:\/\/tatco.vn\/wp-content\/uploads\/2019\/05\/fav-ico.png\",\"contentUrl\":\"https:\/\/tatco.vn\/wp-content\/uploads\/2019\/05\/fav-ico.png\",\"width\":200,\"height\":200,\"caption\":\"C\u00f4ng Ty TNHH D\u1ea7u Nh\u1eddn T&T Vi\u1ec7t Nam\"},\"image\":{\"@id\":\"https:\/\/tatco.vn\/en\/#\/schema\/logo\/image\/\"}}]}<\/script>\n<!-- \/ Yoast SEO plugin. -->","yoast_head_json":{"title":"Sinopec Extreme Pressure Lithium Base Grease NLGI 3 - C\u00f4ng Ty TNHH D\u1ea7u Nh\u1eddn T&amp;T Vi\u1ec7t Nam","robots":{"index":"index","follow":"follow","max-snippet":"max-snippet:-1","max-image-preview":"max-image-preview:large","max-video-preview":"max-video-preview:-1"},"canonical":"https:\/\/tatco.vn\/vi\/san-pham\/sinopec-extreme-pressure-lithium-base-grease-nlgi-3\/","og_locale":"vi_VN","og_type":"article","og_title":"Sinopec Extreme Pressure Lithium Base Grease NLGI 3 - C\u00f4ng Ty TNHH D\u1ea7u Nh\u1eddn T&amp;T Vi\u1ec7t Nam","og_url":"https:\/\/tatco.vn\/vi\/san-pham\/sinopec-extreme-pressure-lithium-base-grease-nlgi-3\/","og_site_name":"C\u00f4ng Ty TNHH D\u1ea7u Nh\u1eddn T&amp;T Vi\u1ec7t Nam","article_modified_time":"2021-09-03T16:32:31+00:00","og_image":[{"width":1000,"height":1000,"url":"https:\/\/tatco.vn\/wp-content\/uploads\/2021\/06\/Sinopec-oil-product.png","type":"image\/png"}],"twitter_card":"summary_large_image","twitter_misc":{"\u01af\u1edbc t\u00ednh th\u1eddi gian \u0111\u1ecdc":"2 ph\u00fat"},"schema":{"@context":"https:\/\/schema.org","@graph":[{"@type":"WebPage","@id":"https:\/\/tatco.vn\/vi\/san-pham\/sinopec-extreme-pressure-lithium-base-grease-nlgi-3\/","url":"https:\/\/tatco.vn\/vi\/san-pham\/sinopec-extreme-pressure-lithium-base-grease-nlgi-3\/","name":"Sinopec Extreme Pressure Lithium Base Grease NLGI 3 - C\u00f4ng Ty TNHH D\u1ea7u Nh\u1eddn T&amp;T Vi\u1ec7t Nam","isPartOf":{"@id":"https:\/\/tatco.vn\/en\/#website"},"primaryImageOfPage":{"@id":"https:\/\/tatco.vn\/vi\/san-pham\/sinopec-extreme-pressure-lithium-base-grease-nlgi-3\/#primaryimage"},"image":{"@id":"https:\/\/tatco.vn\/vi\/san-pham\/sinopec-extreme-pressure-lithium-base-grease-nlgi-3\/#primaryimage"},"thumbnailUrl":"https:\/\/tatco.vn\/wp-content\/uploads\/2021\/06\/Sinopec-oil-product.png","datePublished":"2021-06-28T10:39:21+00:00","dateModified":"2021-09-03T16:32:31+00:00","breadcrumb":{"@id":"https:\/\/tatco.vn\/vi\/san-pham\/sinopec-extreme-pressure-lithium-base-grease-nlgi-3\/#breadcrumb"},"inLanguage":"vi","potentialAction":[{"@type":"ReadAction","target":["https:\/\/tatco.vn\/vi\/san-pham\/sinopec-extreme-pressure-lithium-base-grease-nlgi-3\/"]}]},{"@type":"ImageObject","inLanguage":"vi","@id":"https:\/\/tatco.vn\/vi\/san-pham\/sinopec-extreme-pressure-lithium-base-grease-nlgi-3\/#primaryimage","url":"https:\/\/tatco.vn\/wp-content\/uploads\/2021\/06\/Sinopec-oil-product.png","contentUrl":"https:\/\/tatco.vn\/wp-content\/uploads\/2021\/06\/Sinopec-oil-product.png","width":1000,"height":1000},{"@type":"BreadcrumbList","@id":"https:\/\/tatco.vn\/vi\/san-pham\/sinopec-extreme-pressure-lithium-base-grease-nlgi-3\/#breadcrumb","itemListElement":[{"@type":"ListItem","position":1,"name":"Home","item":"https:\/\/tatco.vn\/"},{"@type":"ListItem","position":2,"name":"C\u1eeda h\u00e0ng","item":"https:\/\/tatco.vn\/en\/mua\/"},{"@type":"ListItem","position":3,"name":"Sinopec Extreme Pressure Lithium Base Grease NLGI 3"}]},{"@type":"WebSite","@id":"https:\/\/tatco.vn\/en\/#website","url":"https:\/\/tatco.vn\/en\/","name":"C\u00f4ng Ty TNHH D\u1ea7u Nh\u1eddn T&amp;T Vi\u1ec7t Nam","description":"Right Point - Right Time - Best Solution","publisher":{"@id":"https:\/\/tatco.vn\/en\/#organization"},"potentialAction":[{"@type":"SearchAction","target":{"@type":"EntryPoint","urlTemplate":"https:\/\/tatco.vn\/en\/?s={search_term_string}"},"query-input":{"@type":"PropertyValueSpecification","valueRequired":true,"valueName":"search_term_string"}}],"inLanguage":"vi"},{"@type":"Organization","@id":"https:\/\/tatco.vn\/en\/#organization","name":"C\u00f4ng Ty TNHH D\u1ea7u Nh\u1eddn T&T Vi\u1ec7t Nam","url":"https:\/\/tatco.vn\/en\/","logo":{"@type":"ImageObject","inLanguage":"vi","@id":"https:\/\/tatco.vn\/en\/#\/schema\/logo\/image\/","url":"https:\/\/tatco.vn\/wp-content\/uploads\/2019\/05\/fav-ico.png","contentUrl":"https:\/\/tatco.vn\/wp-content\/uploads\/2019\/05\/fav-ico.png","width":200,"height":200,"caption":"C\u00f4ng Ty TNHH D\u1ea7u Nh\u1eddn T&T Vi\u1ec7t Nam"},"image":{"@id":"https:\/\/tatco.vn\/en\/#\/schema\/logo\/image\/"}}]}},"_links":{"self":[{"href":"https:\/\/tatco.vn\/vi\/wp-json\/wp\/v2\/product\/27407","targetHints":{"allow":["GET"]}}],"collection":[{"href":"https:\/\/tatco.vn\/vi\/wp-json\/wp\/v2\/product"}],"about":[{"href":"https:\/\/tatco.vn\/vi\/wp-json\/wp\/v2\/types\/product"}],"replies":[{"embeddable":true,"href":"https:\/\/tatco.vn\/vi\/wp-json\/wp\/v2\/comments?post=27407"}],"version-history":[{"count":0,"href":"https:\/\/tatco.vn\/vi\/wp-json\/wp\/v2\/product\/27407\/revisions"}],"wp:featuredmedia":[{"embeddable":true,"href":"https:\/\/tatco.vn\/vi\/wp-json\/wp\/v2\/media\/27397"}],"wp:attachment":[{"href":"https:\/\/tatco.vn\/vi\/wp-json\/wp\/v2\/media?parent=27407"}],"wp:term":[{"taxonomy":"product_cat","embeddable":true,"href":"https:\/\/tatco.vn\/vi\/wp-json\/wp\/v2\/product_cat?post=27407"},{"taxonomy":"product_tag","embeddable":true,"href":"https:\/\/tatco.vn\/vi\/wp-json\/wp\/v2\/product_tag?post=27407"}],"curies":[{"name":"wp","href":"https:\/\/api.w.org\/{rel}","templated":true}]}}