{"id":27374,"date":"2021-01-11T13:06:23","date_gmt":"2021-01-11T06:06:23","guid":{"rendered":"https:\/\/tatco.vn\/vi\/?post_type=product&#038;p=27374"},"modified":"2021-01-11T13:23:10","modified_gmt":"2021-01-11T06:23:10","slug":"dau-tuan-hoan-teresstic-32","status":"publish","type":"product","link":"https:\/\/tatco.vn\/vi\/san-pham\/dau-tuan-hoan-teresstic-32\/","title":{"rendered":"Teresstic 32"},"content":{"rendered":"<section class=\"wpb-content-wrapper\"><p>[vc_row][vc_column][vc_column_text]<\/p>\n<h2>D\u1ea7u Tu\u1ea7n Ho\u00e0n Teresstic 32<\/h2>\n<p><strong>D\u1ea7u Tu\u1ea7n Ho\u00e0n Teresstic 32<\/strong> l\u00e0 t\u00ean th\u01b0\u01a1ng hi\u1ec7u c\u1ee7a m\u1ed9t d\u00f2ng d\u1ea7u b\u00f4i tr\u01a1n c\u00f3 tu\u1ed5i th\u1ecd cao<\/p>\n<p><strong>D\u1ea7u Tu\u1ea7n Ho\u00e0n Teresstic 32<\/strong> \u0111\u01b0\u1ee3c pha ch\u1ebf v\u1edbi c\u00e1c g\u1ed1c g\u1ed1c \u0111\u01b0\u1ee3c l\u1ef1a ch\u1ecdn c\u1ea9n th\u1eadn v\u00e0 c\u00e1c ch\u1ea5t ph\u1ee5 gia hi\u1ec7u qu\u1ea3 cao, bao g\u1ed3m ch\u1ea5t \u1ee9c ch\u1ebf oxy h\u00f3a v\u00e0 r\u1ec9 s\u00e9t v\u00e0 ch\u1ea5t ch\u1ed1ng t\u1ea1o b\u1ecdt.<\/p>\n<p>&nbsp;<\/p>\n<p>D\u00f2ng d\u1ea7u tu\u1ea7n ho\u00e0n TERESSTIC bao g\u1ed3m ch\u00edn c\u1ea5p \u0111\u1ed9 nh\u1edbt.\u00a0T\u00e1m trong s\u1ed1 c\u00e1c c\u1ea5p n\u00e0y \u0111\u01b0\u1ee3c pha tr\u1ed9n v\u1edbi c\u00e1c gi\u00e1 tr\u1ecb \u0111\u1ed9 nh\u1edbt ph\u00f9 h\u1ee3p v\u1edbi h\u1ec7 th\u1ed1ng ph\u00e2n lo\u1ea1i \u0111\u1ed9 nh\u1edbt c\u1ee7a T\u1ed5 ch\u1ee9c Ti\u00eau chu\u1ea9n h\u00f3a Qu\u1ed1c t\u1ebf (ISO).\u00a0TERESSTIC 77 l\u00e0 c\u1ea5p trung gian gi\u1eefa c\u1ea5p \u0111\u1ed9 nh\u1edbt ISO 68 v\u00e0 100.<\/p>\n<p>&nbsp;<\/p>\n<h2>T\u00ednh n\u0103ng v\u00e0 l\u1ee3i \u00edch<\/h2>\n<p>T\u00ednh kh\u1eed nh\u0169 &#8211; V\u00ec n\u01b0\u1edbc c\u00f3 l\u1ebd l\u00e0 m\u1ed1i \u0111e d\u1ecda ch\u00ednh \u0111\u1ed1i v\u1edbi kh\u1ea3 n\u0103ng b\u00f4i tr\u01a1n hi\u1ec7u qu\u1ea3, \u0111i\u1ec1u c\u1ea7n thi\u1ebft l\u00e0 c\u00e1c lo\u1ea1i d\u1ea7u tu\u1ea7n ho\u00e0n c\u00f4ng nghi\u1ec7p ph\u1ea3i th\u1ec3 hi\u1ec7n t\u00ednh kh\u1eed nh\u0169 t\u1ed1t.\u00a0T\u1ea5t c\u1ea3 c\u00e1c l\u1edbp TERESSTIC \u0111\u1ec1u d\u1ec5 d\u00e0ng tho\u00e1t n\u01b0\u1edbc v\u00e0 c\u00f3 kh\u1ea3 n\u0103ng ch\u1ed1ng t\u1ea1o nh\u0169 cao.\u00a0Nh\u1eefng \u0111\u1eb7c t\u00ednh n\u00e0y th\u00fac \u0111\u1ea9y qu\u00e1 tr\u00ecnh t\u00e1ch n\u01b0\u1edbc trong b\u1ec3 ch\u1ee9a, do \u0111\u00f3 ng\u0103n n\u00f3 tu\u1ea7n ho\u00e0n v\u1edbi d\u1ea7u.\u00a0D\u1ea7u TERESSTIC (ISO VGs 32 &#8211; 100) th\u01b0\u1eddng cung c\u1ea5p th\u1eddi gian ph\u00e2n t\u00e1ch l\u00e0 15 ph\u00fat ho\u1eb7c \u00edt h\u01a1n trong th\u1eed nghi\u1ec7m ti\u00eau chu\u1ea9n ASTM D 1401 \u0110\u1ed9 nh\u0169 t\u01b0\u01a1ng.<\/p>\n<p>&nbsp;<\/p>\n<p>Kh\u1ea3 n\u0103ng ch\u1ed1ng t\u1ea1o b\u1ecdt v\u00e0 tho\u00e1t kh\u00ed &#8211; Xu h\u01b0\u1edbng h\u01b0\u1edbng t\u1edbi th\u1eddi gian l\u01b0u tr\u00fa ng\u1eafn h\u01a1n \u0111\u1ed1i v\u1edbi c\u00e1c lo\u1ea1i d\u1ea7u trong b\u1ec3 ch\u1ee9a khi\u1ebfn cho c\u00e1c lo\u1ea1i d\u1ea7u tu\u1ea7n ho\u00e0n c\u00f4ng nghi\u1ec7p c\u1ea7n ch\u1ed1ng t\u1ea1o b\u1ecdt v\u00e0 d\u1ec5 d\u00e0ng lo\u1ea1i b\u1ecf kh\u00f4ng kh\u00ed b\u1ecb cu\u1ed1n theo.\u00a0T\u1ea5t c\u1ea3 c\u00e1c lo\u1ea1i TERESSTIC \u0111\u1ec1u ch\u1ee9a ch\u1ea5t \u1ee9c ch\u1ebf t\u1ea1o b\u1ecdt.<\/p>\n<p>&nbsp;<\/p>\n<p>Ch\u1ed1ng r\u1ec9 v\u00e0 ch\u1ed1ng \u0103n m\u00f2n &#8211; D\u1ea7u TERESSTIC \u0111\u01b0\u1ee3c pha ch\u1ebf v\u1edbi ch\u1ea5t \u1ee9c ch\u1ebf g\u1ec9.\u00a0C\u00e1c c\u1ea5p t\u1eeb 32 \u0111\u1ebfn 100 v\u01b0\u1ee3t qua c\u1ea3 phi\u00ean b\u1ea3n n\u01b0\u1edbc c\u1ea5t v\u00e0 n\u01b0\u1edbc mu\u1ed1i c\u1ee7a ASTM D 665. C\u00e1c c\u1ea5p \u0111\u1ed9 n\u1eb7ng h\u01a1n ch\u1ec9 \u0111\u01b0\u1ee3c th\u1eed nghi\u1ec7m trong phi\u00ean b\u1ea3n n\u01b0\u1edbc c\u1ea5t.\u00a0D\u00f2ng TERESSTIC c\u0169ng v\u01b0\u1ee3t qua th\u1eed nghi\u1ec7m \u0103n m\u00f2n d\u1ea3i \u0111\u1ed3ng ASTM, \u0111\u1ea3m b\u1ea3o b\u1ea3o v\u1ec7 \u0111\u1ed3ng v\u00e0 \u0111\u1ed3ng.<\/p>\n<p>&nbsp;<\/p>\n<p>T\u00f3m l\u1ea1i, d\u1ea7u tu\u1ea7n ho\u00e0n TERESSTIC cung c\u1ea5p c\u00e1c t\u00ednh n\u0103ng v\u00e0 l\u1ee3i \u00edch sau:<\/p>\n<p>\u2022 Kh\u1ea3 n\u0103ng kh\u1eed nh\u0169 t\u01b0\u01a1ng t\u1ed1t<\/p>\n<p>\u2022 Kh\u1ea3 n\u0103ng ch\u1ed1ng b\u1ecdt v\u00e0 tho\u00e1t kh\u00ed \u0111\u01b0\u1ee3c c\u00e2n b\u1eb1ng t\u1ed1t<\/p>\n<p>\u2022 \u1ee8c ch\u1ebf g\u1ec9 v\u00e0 oxy h\u00f3a<\/p>\n<p>\u2022 Tu\u1ed5i th\u1ecd l\u00e2u d\u00e0i<\/p>\n<p>\u2022 \u0110\u1ed9 \u1ed5n \u0111\u1ecbnh nhi\u1ec7t \u0111\u1ed9 cao tuy\u1ec7t v\u1eddi<\/p>\n<p>\u2022 \u0110\u1ed1i v\u1edbi tuabin nh\u1eb9, h\u1ec7 th\u1ed1ng th\u1ee7y l\u1ef1c, h\u1ec7 th\u1ed1ng tu\u1ea7n ho\u00e0n, h\u1ed9p s\u1ed1, h\u1ec7 th\u1ed1ng truy\u1ec1n nhi\u1ec7t v\u00e0 m\u00e1y n\u00e9n kh\u00ed t\u1ef1 nhi\u00ean pitt\u00f4ng<\/p>\n<p>\u2022 To\u00e0n b\u1ed9 c\u00e1c c\u1ea5p \u0111\u1ed9 nh\u1edbt ISO cho m\u1ecdi y\u00eau c\u1ea7u<\/p>\n<p>&nbsp;<\/p>\n<h2>C\u00e1c \u1ee9ng d\u1ee5ng<\/h2>\n<p>D\u1ea7u TERESSTIC \u0111\u01b0\u1ee3c khuy\u1ebfn ngh\u1ecb cho c\u00e1c \u1ee9ng d\u1ee5ng y\u00eau c\u1ea7u b\u00f4i tr\u01a1n \u0111\u00e1ng tin c\u1eady trong th\u1eddi gian b\u1ea3o d\u01b0\u1ee1ng k\u00e9o d\u00e0i &#8211; th\u01b0\u1eddng l\u00e0 trong nhi\u1ec1u n\u0103m.\u00a0Ch\u00fang ch\u1ed1ng l\u1ea1i nhi\u1ec7t \u0111\u1ed9 cao m\u1ed9t c\u00e1ch hi\u1ec7u qu\u1ea3, ch\u1ed1ng r\u1ec9 s\u00e9t, lo\u1ea1i b\u1ecf n\u01b0\u1edbc v\u00e0 kh\u00f4ng kh\u00ed cu\u1ed1n theo.\u00a0D\u1ea7u TERESSTIC cho hi\u1ec7u su\u1ea5t v\u01b0\u1ee3t tr\u1ed9i trong c\u00e1c h\u1ec7 th\u1ed1ng th\u1ee7y l\u1ef1c, h\u1ec7 th\u1ed1ng b\u00f4i tr\u01a1n tu\u1ea7n ho\u00e0n, h\u1ed9p s\u1ed1, \u1ed5 tr\u1ee5c, m\u00e1y n\u00e9n kh\u00ed t\u1ef1 nhi\u00ean pitt\u00f4ng v\u00e0 c\u00e1c \u0111\u01a1n v\u1ecb c\u00f4ng nghi\u1ec7p kh\u00e1c, n\u01a1i c\u1ea7n c\u00f3 ch\u1ea5t b\u00f4i tr\u01a1n RandO, y\u00eau c\u1ea7u d\u1ecbch v\u1ee5 l\u00e2u d\u00e0i kh\u00f4ng g\u1eb7p s\u1ef1 c\u1ed1.<\/p>\n<p>&nbsp;<\/p>\n<p>S\u1ef1 nhi\u1ec5m b\u1ea9n c\u1ee7a d\u1ea7u TERESSTIC v\u1edbi c\u00e1c s\u1ea3n ph\u1ea9m kh\u00e1c nh\u01b0 d\u1ea7u \u0111\u1ed9ng c\u01a1 c\u00f3 ch\u1ea5t t\u1ea9y r\u1eeda v\u1ec1 c\u01a1 b\u1ea3n c\u00f3 th\u1ec3 l\u00e0m gi\u1ea3m ch\u1ea5t l\u01b0\u1ee3ng c\u1ee7a ch\u00fang v\u00e0 c\u00f3 th\u1ec3 d\u1eabn \u0111\u1ebfn c\u00e1c v\u1ea5n \u0111\u1ec1 v\u1eadn h\u00e0nh nh\u01b0 t\u1ea1o b\u1ecdt, t\u1eafc b\u1ed9 l\u1ecdc v\u00e0 h\u00ecnh th\u00e0nh c\u1eb7n<\/p>\n<p>&nbsp;<\/p>\n<h2>Thu\u1ed9c t\u00ednh v\u00e0 th\u00f4ng s\u1ed1 k\u1ef9 thu\u1eadt<\/h2>\n<table class=\"table table-striped\">\n<tbody>\n<tr>\n<td style=\"text-align: left;\"><strong>Property<\/strong><\/td>\n<td><strong>77<\/strong><\/td>\n<td><strong>32<\/strong><\/td>\n<td><strong>46<\/strong><\/td>\n<td><strong>68<\/strong><\/td>\n<td><strong>100<\/strong><\/td>\n<td><strong>150<\/strong><\/td>\n<td><strong>220<\/strong><\/td>\n<td><strong>320<\/strong><\/td>\n<td><strong>460<\/strong><\/td>\n<\/tr>\n<tr>\n<td style=\"text-align: left;\">Grade<\/td>\n<td>77<\/td>\n<td>ISO 32<\/td>\n<td>ISO 46<\/td>\n<td>ISO 68<\/td>\n<td>ISO 100<\/td>\n<td>ISO 150<\/td>\n<td>ISO 220<\/td>\n<td>ISO 320<\/td>\n<td>ISO 460<\/td>\n<\/tr>\n<tr>\n<td style=\"text-align: left;\">Copper Strip Corrosion, 3 h, 100 C, Rating, ASTM D130<\/td>\n<td>1B<\/td>\n<td>1B<\/td>\n<td>1B<\/td>\n<td>1B<\/td>\n<td>1B<\/td>\n<td>1B<\/td>\n<td>1B<\/td>\n<td>1B<\/td>\n<td>1B<\/td>\n<\/tr>\n<tr>\n<td style=\"text-align: left;\">Demulsibility, Time to 3 mL Emulsion, 82 C, min, ASTM D1401<\/td>\n<td><\/td>\n<td><\/td>\n<td><\/td>\n<td><\/td>\n<td>15<\/td>\n<td><\/td>\n<td><\/td>\n<td><\/td>\n<td>30<\/td>\n<\/tr>\n<tr>\n<td style=\"text-align: left;\">Emulsion, Time to 3 mL Emulsion, 54 C, min, ASTM D1401<\/td>\n<td>20<\/td>\n<td>15<\/td>\n<td>15<\/td>\n<td>20<\/td>\n<td><\/td>\n<td><\/td>\n<td><\/td>\n<td><\/td>\n<td><\/td>\n<\/tr>\n<tr>\n<td style=\"text-align: left;\">Emulsion, Time to 3 mL Emulsion, 82 C, min, ASTM D1401<\/td>\n<td><\/td>\n<td><\/td>\n<td><\/td>\n<td><\/td>\n<td><\/td>\n<td>30<\/td>\n<td>30<\/td>\n<td>30<\/td>\n<td><\/td>\n<\/tr>\n<tr>\n<td style=\"text-align: left;\">Kinematic Viscosity @ 100 C, mm2\/s, ASTM D445<\/td>\n<td>9.3<\/td>\n<td>5.3<\/td>\n<td>6.6<\/td>\n<td>8.5<\/td>\n<td>11.1<\/td>\n<td>14.5<\/td>\n<td>18.8<\/td>\n<td>24<\/td>\n<td>30.4<\/td>\n<\/tr>\n<tr>\n<td style=\"text-align: left;\">Kinematic Viscosity @ 40 C, mm2\/s, ASTM D445<\/td>\n<td>77<\/td>\n<td>32<\/td>\n<td>46<\/td>\n<td>68<\/td>\n<td>100<\/td>\n<td>150<\/td>\n<td>220<\/td>\n<td>320<\/td>\n<td>460<\/td>\n<\/tr>\n<tr>\n<td style=\"text-align: left;\">Neutralization Number, mgKOH\/g, ASTM D974<\/td>\n<td>0.06<\/td>\n<td>0.06<\/td>\n<td>0.06<\/td>\n<td>0.06<\/td>\n<td>0.06<\/td>\n<td>0.06<\/td>\n<td>0.06<\/td>\n<td>0.06<\/td>\n<td>0.06<\/td>\n<\/tr>\n<tr>\n<td style=\"text-align: left;\">Pour Point, \u00b0C, ASTM D97<\/td>\n<td>-12 (10)<\/td>\n<td>-21(-6)<\/td>\n<td>-12 (10)<\/td>\n<td>-12(10)<\/td>\n<td>-12(10)<\/td>\n<td>-12(10)<\/td>\n<td>-12(10)<\/td>\n<td>-12(10)<\/td>\n<td>-12(10)<\/td>\n<\/tr>\n<tr>\n<td style=\"text-align: left;\">Rust Characteristics, Procedure A, ASTM D665<\/td>\n<td>PASS<\/td>\n<td>PASS<\/td>\n<td>PASS<\/td>\n<td>PASS<\/td>\n<td>PASS<\/td>\n<td>PASS<\/td>\n<td>PASS<\/td>\n<td>PASS<\/td>\n<td>PASS<\/td>\n<\/tr>\n<tr>\n<td style=\"text-align: left;\">Rust Characteristics, Procedure B, ASTM D665<\/td>\n<td>PASS<\/td>\n<td>PASS<\/td>\n<td>PASS<\/td>\n<td>PASS<\/td>\n<td>PASS<\/td>\n<td><\/td>\n<td><\/td>\n<td><\/td>\n<td><\/td>\n<\/tr>\n<tr>\n<td style=\"text-align: left;\">Viscosity Index, ASTM D2270<\/td>\n<td>95<\/td>\n<td>96<\/td>\n<td>95<\/td>\n<td>95<\/td>\n<td>95<\/td>\n<td>95<\/td>\n<td>95<\/td>\n<td>95<\/td>\n<td>95<\/td>\n<\/tr>\n<\/tbody>\n<\/table>\n<h4><a href=\"https:\/\/www.mobil.com\/English-US\/Industrial\/pds\/GLXXMobil-DTE-Named-Series\">T\u00e0i li\u1ec7u tham kh\u1ea3o Mobil Teresstic Series: Click v\u00e0o \u0111\u00e2y.<\/a><\/h4>\n<p><a href=\"https:\/\/tatco.vn\/vi\/danh-muc-san-pham\/dau-nhot-mobil\/dau-nhot-cong-nghiep-mobil\/dau-tuan-hoan-mobil\/dau-mobil-teresstic-series\/\">X\u00eam th\u00eam danh m\u1ee5c: Click t\u1ea1i \u0111\u00e2y.<\/a>[\/vc_column_text][\/vc_column][\/vc_row]<\/p>\n<\/section>","protected":false},"excerpt":{"rendered":"<p><strong>D\u1ea7u Tu\u1ea7n Ho\u00e0n Teresstic 32<\/strong> l\u00e0 t\u00ean th\u01b0\u01a1ng hi\u1ec7u c\u1ee7a m\u1ed9t d\u00f2ng d\u1ea7u b\u00f4i tr\u01a1n c\u00f3 tu\u1ed5i th\u1ecd cao. \u0110\u01b0\u1ee3c pha ch\u1ebf v\u1edbi c\u00e1c g\u1ed1c g\u1ed1c \u0111\u01b0\u1ee3c l\u1ef1a ch\u1ecdn c\u1ea9n th\u1eadn v\u00e0 c\u00e1c ch\u1ea5t&#8230;<\/p>\n","protected":false},"featured_media":26930,"comment_status":"closed","ping_status":"closed","template":"","meta":[],"product_cat":[374,642,361,372],"product_tag":[702,701],"class_list":{"0":"post-27374","1":"product","2":"type-product","3":"status-publish","4":"has-post-thumbnail","6":"product_brand-mobil","7":"product_cat-mobil-industrial-oil","8":"product_cat-dau-mobil-dte-named-series","9":"product_cat-mobil-oil","10":"product_cat-mobil-circulating-oil","11":"product_tag-mobil-teresstic-series","12":"product_tag-teresstic-32","14":"first","15":"instock","16":"shipping-taxable","17":"product-type-simple"},"yoast_head":"<!-- This site is optimized with the Yoast SEO plugin v27.2 - https:\/\/yoast.com\/product\/yoast-seo-wordpress\/ -->\n<title>Teresstic 32 - C\u00f4ng Ty TNHH D\u1ea7u Nh\u1eddn T&amp;T Vi\u1ec7t Nam<\/title>\n<meta name=\"robots\" content=\"index, follow, max-snippet:-1, max-image-preview:large, max-video-preview:-1\" \/>\n<link rel=\"canonical\" href=\"https:\/\/tatco.vn\/vi\/san-pham\/dau-tuan-hoan-teresstic-32\/\" \/>\n<meta property=\"og:locale\" content=\"vi_VN\" \/>\n<meta property=\"og:type\" content=\"article\" \/>\n<meta property=\"og:title\" content=\"Teresstic 32 - C\u00f4ng Ty TNHH D\u1ea7u Nh\u1eddn T&amp;T Vi\u1ec7t Nam\" \/>\n<meta property=\"og:url\" content=\"https:\/\/tatco.vn\/vi\/san-pham\/dau-tuan-hoan-teresstic-32\/\" \/>\n<meta property=\"og:site_name\" content=\"C\u00f4ng Ty TNHH D\u1ea7u Nh\u1eddn T&amp;T Vi\u1ec7t Nam\" \/>\n<meta property=\"article:modified_time\" content=\"2021-01-11T06:23:10+00:00\" \/>\n<meta property=\"og:image\" content=\"https:\/\/tatco.vn\/wp-content\/uploads\/2019\/06\/dau-nhot-mobil-mobil-oil.png\" \/>\n\t<meta property=\"og:image:width\" content=\"1200\" \/>\n\t<meta property=\"og:image:height\" content=\"1200\" \/>\n\t<meta property=\"og:image:type\" content=\"image\/png\" \/>\n<meta name=\"twitter:card\" content=\"summary_large_image\" \/>\n<meta name=\"twitter:label1\" content=\"\u01af\u1edbc t\u00ednh th\u1eddi gian \u0111\u1ecdc\" \/>\n\t<meta name=\"twitter:data1\" content=\"8 ph\u00fat\" \/>\n<script type=\"application\/ld+json\" class=\"yoast-schema-graph\">{\"@context\":\"https:\/\/schema.org\",\"@graph\":[{\"@type\":\"WebPage\",\"@id\":\"https:\/\/tatco.vn\/vi\/san-pham\/dau-tuan-hoan-teresstic-32\/\",\"url\":\"https:\/\/tatco.vn\/vi\/san-pham\/dau-tuan-hoan-teresstic-32\/\",\"name\":\"Teresstic 32 - C\u00f4ng Ty TNHH D\u1ea7u Nh\u1eddn T&amp;T Vi\u1ec7t Nam\",\"isPartOf\":{\"@id\":\"https:\/\/tatco.vn\/en\/#website\"},\"primaryImageOfPage\":{\"@id\":\"https:\/\/tatco.vn\/vi\/san-pham\/dau-tuan-hoan-teresstic-32\/#primaryimage\"},\"image\":{\"@id\":\"https:\/\/tatco.vn\/vi\/san-pham\/dau-tuan-hoan-teresstic-32\/#primaryimage\"},\"thumbnailUrl\":\"https:\/\/tatco.vn\/wp-content\/uploads\/2019\/06\/dau-nhot-mobil-mobil-oil.png\",\"datePublished\":\"2021-01-11T06:06:23+00:00\",\"dateModified\":\"2021-01-11T06:23:10+00:00\",\"breadcrumb\":{\"@id\":\"https:\/\/tatco.vn\/vi\/san-pham\/dau-tuan-hoan-teresstic-32\/#breadcrumb\"},\"inLanguage\":\"vi\",\"potentialAction\":[{\"@type\":\"ReadAction\",\"target\":[\"https:\/\/tatco.vn\/vi\/san-pham\/dau-tuan-hoan-teresstic-32\/\"]}]},{\"@type\":\"ImageObject\",\"inLanguage\":\"vi\",\"@id\":\"https:\/\/tatco.vn\/vi\/san-pham\/dau-tuan-hoan-teresstic-32\/#primaryimage\",\"url\":\"https:\/\/tatco.vn\/wp-content\/uploads\/2019\/06\/dau-nhot-mobil-mobil-oil.png\",\"contentUrl\":\"https:\/\/tatco.vn\/wp-content\/uploads\/2019\/06\/dau-nhot-mobil-mobil-oil.png\",\"width\":1200,\"height\":1200,\"caption\":\"dau nhot mobil mobil oil Mobil SHC 625\"},{\"@type\":\"BreadcrumbList\",\"@id\":\"https:\/\/tatco.vn\/vi\/san-pham\/dau-tuan-hoan-teresstic-32\/#breadcrumb\",\"itemListElement\":[{\"@type\":\"ListItem\",\"position\":1,\"name\":\"Home\",\"item\":\"https:\/\/tatco.vn\/\"},{\"@type\":\"ListItem\",\"position\":2,\"name\":\"C\u1eeda h\u00e0ng\",\"item\":\"https:\/\/tatco.vn\/en\/mua\/\"},{\"@type\":\"ListItem\",\"position\":3,\"name\":\"Teresstic 32\"}]},{\"@type\":\"WebSite\",\"@id\":\"https:\/\/tatco.vn\/en\/#website\",\"url\":\"https:\/\/tatco.vn\/en\/\",\"name\":\"C\u00f4ng Ty TNHH D\u1ea7u Nh\u1eddn T&amp;T Vi\u1ec7t Nam\",\"description\":\"Right Point - Right Time - Best Solution\",\"publisher\":{\"@id\":\"https:\/\/tatco.vn\/en\/#organization\"},\"potentialAction\":[{\"@type\":\"SearchAction\",\"target\":{\"@type\":\"EntryPoint\",\"urlTemplate\":\"https:\/\/tatco.vn\/en\/?s={search_term_string}\"},\"query-input\":{\"@type\":\"PropertyValueSpecification\",\"valueRequired\":true,\"valueName\":\"search_term_string\"}}],\"inLanguage\":\"vi\"},{\"@type\":\"Organization\",\"@id\":\"https:\/\/tatco.vn\/en\/#organization\",\"name\":\"C\u00f4ng Ty TNHH D\u1ea7u Nh\u1eddn T&T Vi\u1ec7t Nam\",\"url\":\"https:\/\/tatco.vn\/en\/\",\"logo\":{\"@type\":\"ImageObject\",\"inLanguage\":\"vi\",\"@id\":\"https:\/\/tatco.vn\/en\/#\/schema\/logo\/image\/\",\"url\":\"https:\/\/tatco.vn\/wp-content\/uploads\/2019\/05\/fav-ico.png\",\"contentUrl\":\"https:\/\/tatco.vn\/wp-content\/uploads\/2019\/05\/fav-ico.png\",\"width\":200,\"height\":200,\"caption\":\"C\u00f4ng Ty TNHH D\u1ea7u Nh\u1eddn T&T Vi\u1ec7t Nam\"},\"image\":{\"@id\":\"https:\/\/tatco.vn\/en\/#\/schema\/logo\/image\/\"}}]}<\/script>\n<!-- \/ Yoast SEO plugin. -->","yoast_head_json":{"title":"Teresstic 32 - C\u00f4ng Ty TNHH D\u1ea7u Nh\u1eddn T&amp;T Vi\u1ec7t Nam","robots":{"index":"index","follow":"follow","max-snippet":"max-snippet:-1","max-image-preview":"max-image-preview:large","max-video-preview":"max-video-preview:-1"},"canonical":"https:\/\/tatco.vn\/vi\/san-pham\/dau-tuan-hoan-teresstic-32\/","og_locale":"vi_VN","og_type":"article","og_title":"Teresstic 32 - C\u00f4ng Ty TNHH D\u1ea7u Nh\u1eddn T&amp;T Vi\u1ec7t Nam","og_url":"https:\/\/tatco.vn\/vi\/san-pham\/dau-tuan-hoan-teresstic-32\/","og_site_name":"C\u00f4ng Ty TNHH D\u1ea7u Nh\u1eddn T&amp;T Vi\u1ec7t Nam","article_modified_time":"2021-01-11T06:23:10+00:00","og_image":[{"width":1200,"height":1200,"url":"https:\/\/tatco.vn\/wp-content\/uploads\/2019\/06\/dau-nhot-mobil-mobil-oil.png","type":"image\/png"}],"twitter_card":"summary_large_image","twitter_misc":{"\u01af\u1edbc t\u00ednh th\u1eddi gian \u0111\u1ecdc":"8 ph\u00fat"},"schema":{"@context":"https:\/\/schema.org","@graph":[{"@type":"WebPage","@id":"https:\/\/tatco.vn\/vi\/san-pham\/dau-tuan-hoan-teresstic-32\/","url":"https:\/\/tatco.vn\/vi\/san-pham\/dau-tuan-hoan-teresstic-32\/","name":"Teresstic 32 - C\u00f4ng Ty TNHH D\u1ea7u Nh\u1eddn T&amp;T Vi\u1ec7t Nam","isPartOf":{"@id":"https:\/\/tatco.vn\/en\/#website"},"primaryImageOfPage":{"@id":"https:\/\/tatco.vn\/vi\/san-pham\/dau-tuan-hoan-teresstic-32\/#primaryimage"},"image":{"@id":"https:\/\/tatco.vn\/vi\/san-pham\/dau-tuan-hoan-teresstic-32\/#primaryimage"},"thumbnailUrl":"https:\/\/tatco.vn\/wp-content\/uploads\/2019\/06\/dau-nhot-mobil-mobil-oil.png","datePublished":"2021-01-11T06:06:23+00:00","dateModified":"2021-01-11T06:23:10+00:00","breadcrumb":{"@id":"https:\/\/tatco.vn\/vi\/san-pham\/dau-tuan-hoan-teresstic-32\/#breadcrumb"},"inLanguage":"vi","potentialAction":[{"@type":"ReadAction","target":["https:\/\/tatco.vn\/vi\/san-pham\/dau-tuan-hoan-teresstic-32\/"]}]},{"@type":"ImageObject","inLanguage":"vi","@id":"https:\/\/tatco.vn\/vi\/san-pham\/dau-tuan-hoan-teresstic-32\/#primaryimage","url":"https:\/\/tatco.vn\/wp-content\/uploads\/2019\/06\/dau-nhot-mobil-mobil-oil.png","contentUrl":"https:\/\/tatco.vn\/wp-content\/uploads\/2019\/06\/dau-nhot-mobil-mobil-oil.png","width":1200,"height":1200,"caption":"dau nhot mobil mobil oil Mobil SHC 625"},{"@type":"BreadcrumbList","@id":"https:\/\/tatco.vn\/vi\/san-pham\/dau-tuan-hoan-teresstic-32\/#breadcrumb","itemListElement":[{"@type":"ListItem","position":1,"name":"Home","item":"https:\/\/tatco.vn\/"},{"@type":"ListItem","position":2,"name":"C\u1eeda h\u00e0ng","item":"https:\/\/tatco.vn\/en\/mua\/"},{"@type":"ListItem","position":3,"name":"Teresstic 32"}]},{"@type":"WebSite","@id":"https:\/\/tatco.vn\/en\/#website","url":"https:\/\/tatco.vn\/en\/","name":"C\u00f4ng Ty TNHH D\u1ea7u Nh\u1eddn T&amp;T Vi\u1ec7t Nam","description":"Right Point - Right Time - Best Solution","publisher":{"@id":"https:\/\/tatco.vn\/en\/#organization"},"potentialAction":[{"@type":"SearchAction","target":{"@type":"EntryPoint","urlTemplate":"https:\/\/tatco.vn\/en\/?s={search_term_string}"},"query-input":{"@type":"PropertyValueSpecification","valueRequired":true,"valueName":"search_term_string"}}],"inLanguage":"vi"},{"@type":"Organization","@id":"https:\/\/tatco.vn\/en\/#organization","name":"C\u00f4ng Ty TNHH D\u1ea7u Nh\u1eddn T&T Vi\u1ec7t Nam","url":"https:\/\/tatco.vn\/en\/","logo":{"@type":"ImageObject","inLanguage":"vi","@id":"https:\/\/tatco.vn\/en\/#\/schema\/logo\/image\/","url":"https:\/\/tatco.vn\/wp-content\/uploads\/2019\/05\/fav-ico.png","contentUrl":"https:\/\/tatco.vn\/wp-content\/uploads\/2019\/05\/fav-ico.png","width":200,"height":200,"caption":"C\u00f4ng Ty TNHH D\u1ea7u Nh\u1eddn T&T Vi\u1ec7t Nam"},"image":{"@id":"https:\/\/tatco.vn\/en\/#\/schema\/logo\/image\/"}}]}},"_links":{"self":[{"href":"https:\/\/tatco.vn\/vi\/wp-json\/wp\/v2\/product\/27374","targetHints":{"allow":["GET"]}}],"collection":[{"href":"https:\/\/tatco.vn\/vi\/wp-json\/wp\/v2\/product"}],"about":[{"href":"https:\/\/tatco.vn\/vi\/wp-json\/wp\/v2\/types\/product"}],"replies":[{"embeddable":true,"href":"https:\/\/tatco.vn\/vi\/wp-json\/wp\/v2\/comments?post=27374"}],"version-history":[{"count":0,"href":"https:\/\/tatco.vn\/vi\/wp-json\/wp\/v2\/product\/27374\/revisions"}],"wp:featuredmedia":[{"embeddable":true,"href":"https:\/\/tatco.vn\/vi\/wp-json\/wp\/v2\/media\/26930"}],"wp:attachment":[{"href":"https:\/\/tatco.vn\/vi\/wp-json\/wp\/v2\/media?parent=27374"}],"wp:term":[{"taxonomy":"product_cat","embeddable":true,"href":"https:\/\/tatco.vn\/vi\/wp-json\/wp\/v2\/product_cat?post=27374"},{"taxonomy":"product_tag","embeddable":true,"href":"https:\/\/tatco.vn\/vi\/wp-json\/wp\/v2\/product_tag?post=27374"}],"curies":[{"name":"wp","href":"https:\/\/api.w.org\/{rel}","templated":true}]}}