{"id":27312,"date":"2020-12-25T21:34:45","date_gmt":"2020-12-25T14:34:45","guid":{"rendered":"https:\/\/tatco.vn\/vi\/?post_type=product&#038;p=27312"},"modified":"2021-01-04T22:33:25","modified_gmt":"2021-01-04T15:33:25","slug":"mobil-vactra-oil-no-4","status":"publish","type":"product","link":"https:\/\/tatco.vn\/vi\/san-pham\/dau-mobil-vactra-oil-no-4\/","title":{"rendered":"Mobil Vactra Oil No 4"},"content":{"rendered":"<section class=\"wpb-content-wrapper\"><p>[vc_row][vc_column][vc_column_text]<\/p>\n<h2><strong>Mobil Vactra Oil No 4:<\/strong><\/h2>\n<p style=\"text-align: justify;\"><strong>Mobil Vactra Oil No 4<\/strong> l\u00e0 ch\u1ea5t b\u00f4i tr\u01a1n tr\u01b0\u1ee3t ch\u1ea5t l\u01b0\u1ee3ng cao \u0111\u01b0\u1ee3c thi\u1ebft k\u1ebf \u0111\u1eb7c bi\u1ec7t \u0111\u1ec3 \u0111\u00e1p \u1ee9ng c\u00e1c y\u00eau c\u1ea7u v\u1ec1 \u0111\u1ed9 ch\u00ednh x\u00e1c, kh\u1ea3 n\u0103ng ph\u00e2n t\u00e1ch dung d\u1ecbch l\u00e0m m\u00e1t trong n\u01b0\u1edbc v\u00e0 b\u1ea3o v\u1ec7 thi\u1ebft b\u1ecb c\u1ee7a m\u00e1y c\u00f4ng c\u1ee5 ch\u00ednh x\u00e1c.<\/p>\n<p style=\"text-align: justify;\">D\u00f2ng D\u1ea7u Mobil Vactra \u0111\u01b0\u1ee3c \u0111\u00e1nh s\u1ed1 \u0111\u01b0\u1ee3c pha ch\u1ebf c\u1ea9n th\u1eadn t\u1eeb g\u1ed1c ch\u1ea5t l\u01b0\u1ee3ng cao v\u00e0 hi\u1ec7u su\u1ea5t \u0111\u01b0\u1ee3c c\u00e2n b\u1eb1ng v\u1edbi h\u1ec7 ph\u1ee5 gia ti\u00ean ti\u1ebfn cung c\u1ea5p c\u00e1c \u0111\u1eb7c t\u00ednh ma s\u00e1t \u0111\u01b0\u1ee3c ki\u1ec3m so\u00e1t, kh\u1ea3 n\u0103ng t\u01b0\u01a1ng th\u00edch v\u1edbi ch\u1ea5t l\u1ecfng gia c\u00f4ng kim lo\u1ea1i n\u01b0\u1edbc v\u00e0 ch\u1ed1ng \u0103n m\u00f2n c\u00e1c b\u1ed9 ph\u1eadn v\u00e0 thi\u1ebft b\u1ecb.\u00a0G\u00f3i ph\u1ee5 gia \u0111\u1ed9c \u0111\u00e1o cung c\u1ea5p c\u00e1c \u0111\u1eb7c t\u00ednh ma s\u00e1t \u0111\u1eb7c bi\u1ec7t tr\u00ean nhi\u1ec1u lo\u1ea1i v\u1eadt li\u1ec7u kh\u00e1c nhau, bao g\u1ed3m th\u00e9p tr\u00ean th\u00e9p v\u00e0 th\u00e9p tr\u00ean polyme, gi\u1ea3m \u0111\u1ed9 tr\u01b0\u1ee3t v\u00e0 ti\u1ebfng k\u00eau.\u00a0\u0110i\u1ec1u n\u00e0y cho ph\u00e9p chuy\u1ec3n \u0111\u1ed9ng tr\u01a1n tru, \u0111\u1ed3ng \u0111\u1ec1u \u1edf t\u1ed1c \u0111\u1ed9 di chuy\u1ec3n thi\u1ebft k\u1ebf, n\u00e2ng cao n\u0103ng su\u1ea5t v\u00e0 \u0111\u1ed9 ch\u00ednh x\u00e1c c\u1ee7a m\u00e1y gi\u00fap k\u00e9o d\u00e0i tu\u1ed5i th\u1ecd d\u1ee5ng c\u1ee5 v\u00e0 t\u0103ng c\u01b0\u1eddng \u0111\u1ed9 ho\u00e0n thi\u1ec7n b\u1ec1 m\u1eb7t.\u00a0D\u00f2ng D\u1ea7u Mobil Vactra \u0111\u01b0\u1ee3c \u0111\u00e1nh s\u1ed1 \u0111\u00e3 \u0111\u01b0\u1ee3c t\u1ed1i \u01b0u h\u00f3a \u0111\u1ec3 cung c\u1ea5p kh\u1ea3 n\u0103ng t\u00e1ch kh\u1ecfi nhi\u1ec1u ch\u1ea5t l\u00e0m m\u00e1t d\u1ea1ng n\u01b0\u1edbc \u0111\u1ed3ng th\u1eddi gi\u1ea3m thi\u1ec3u t\u00e1c \u0111\u1ed9ng \u0103n m\u00f2n c\u1ee7a ch\u1ea5t l\u00e0m m\u00e1t c\u00f3 \u0111\u1ed9 pH cao tr\u00ean b\u1ec1 m\u1eb7t \u0111\u01b0\u1ee3c b\u00f4i tr\u01a1n.<\/p>\n<p>&nbsp;<\/p>\n<h2>T\u00ednh n\u0103ng v\u00e0 l\u1ee3i \u00edch<\/h2>\n<p style=\"text-align: justify;\">D\u00f2ng D\u1ea7u Mobil Vactra \u0111\u01b0\u1ee3c \u0111\u00e1nh s\u1ed1 \u0111\u00e3 \u0111\u01b0\u1ee3c ph\u00e1t tri\u1ec3n v\u00e0 thi\u1ebft k\u1ebf \u0111\u1eb7c bi\u1ec7t \u0111\u1ec3 cung c\u1ea5p th\u00eam kh\u1ea3 n\u0103ng b\u1ea3o v\u1ec7 m\u00e1y m\u00f3c b\u1eb1ng c\u00e1ch \u0111\u00e1p \u1ee9ng nhu c\u1ea7u nghi\u00eam ng\u1eb7t c\u1ee7a c\u00e1c c\u00e1ch tr\u01b0\u1ee3t.\u00a0D\u1ea7u th\u1ec3 hi\u1ec7n kh\u1ea3 n\u0103ng b\u00f4i tr\u01a1n tuy\u1ec7t v\u1eddi v\u00e0 hi\u1ec7u su\u1ea5t ch\u1ecbu t\u1ea3i g\u00f3p ph\u1ea7n \u0111\u00e1ng k\u1ec3 v\u00e0o vi\u1ec7c c\u1ea3i thi\u1ec7n vi\u1ec7c s\u1ea3n xu\u1ea5t c\u00e1c b\u1ed9 ph\u1eadn ch\u1ea5t l\u01b0\u1ee3ng.\u00a0D\u00f2ng D\u1ea7u Mobil Vactra \u0111\u01b0\u1ee3c \u0111\u00e1nh s\u1ed1 cung c\u1ea5p kh\u1ea3 n\u0103ng t\u00e1ch kh\u1ecfi nhi\u1ec1u n\u01b0\u1edbc v\u00e0 ch\u1ea5t l\u00e0m m\u00e1t d\u1ea1ng n\u01b0\u1edbc, gi\u1ea3m c\u00e1c t\u00e1c \u0111\u1ed9ng ti\u00eau c\u1ef1c ti\u1ec1m \u1ea9n c\u1ee7a nhi\u1ec5m b\u1ea9n ch\u00e9o, gi\u00fap n\u00e2ng cao tu\u1ed5i th\u1ecd v\u00e0 hi\u1ec7u su\u1ea5t c\u1ee7a c\u1ea3 ch\u1ea5t b\u00f4i tr\u01a1n v\u00e0 ch\u1ea5t l\u00e0m m\u00e1t.<\/p>\n<p>&nbsp;<\/p>\n<div class=\"table-responsive\">\n<table class=\"table table-striped\">\n<tbody>\n<tr>\n<td style=\"text-align: left;\"><strong>\u0110\u1eb7c tr\u01b0ng<\/strong><\/td>\n<td style=\"text-align: left;\"><strong>\u01afu \u0111i\u1ec3m v\u00e0 l\u1ee3i \u00edch ti\u1ec1m n\u0103ng<\/strong><\/td>\n<\/tr>\n<tr>\n<td style=\"text-align: left;\">\u0110\u1eb7c \u0111i\u1ec3m ma s\u00e1t c\u00f3 ki\u1ec3m so\u00e1t<\/td>\n<td style=\"text-align: left;\">Gi\u00fap lo\u1ea1i b\u1ecf s\u1ef1 tr\u01b0\u1ee3t d\u00ednh;\u00a0cho ph\u00e9p gia c\u00f4ng lu\u00f4n ch\u00ednh x\u00e1c<\/td>\n<\/tr>\n<tr>\n<td style=\"text-align: left;\">Kh\u1ea3 n\u0103ng \u0111a v\u1eadt li\u1ec7u<\/td>\n<td style=\"text-align: left;\">Th\u00edch h\u1ee3p cho nhi\u1ec1u c\u00e1ch k\u1ebft h\u1ee3p v\u1eadt li\u1ec7u cho ph\u00e9p h\u1ee3p nh\u1ea5t s\u1ea3n ph\u1ea9m<\/td>\n<\/tr>\n<tr>\n<td style=\"text-align: left;\">Kh\u1ea3 n\u0103ng t\u00e1ch n\u01b0\u1edbc v\u00e0 dung d\u1ecbch l\u00e0m m\u00e1t<\/td>\n<td style=\"text-align: left;\">Gi\u00fap c\u1ea3i thi\u1ec7n tu\u1ed5i th\u1ecd v\u00e0 hi\u1ec7u su\u1ea5t c\u1ee7a nhi\u1ec1u ch\u1ea5t l\u00e0m m\u00e1t d\u1ea1ng n\u01b0\u1edbc<\/td>\n<\/tr>\n<tr>\n<td style=\"text-align: left;\">\u0110\u1ed9 k\u1ebft d\u00ednh<\/td>\n<td style=\"text-align: left;\">Ng\u0103n ch\u1eb7n vi\u1ec7c lo\u1ea1i b\u1ecf ch\u1ea5t b\u00f4i tr\u01a1n kh\u1ecfi c\u00e1c b\u1ec1 m\u1eb7t quan tr\u1ecdng<\/td>\n<\/tr>\n<tr>\n<td style=\"text-align: left;\">B\u1ea3o v\u1ec7 ch\u1ed1ng r\u1ec9 v\u00e0 \u0103n m\u00f2n l\u00e2u d\u00e0i<\/td>\n<td style=\"text-align: left;\">Gi\u00fap gi\u1ea3m s\u1ef1 xu\u1ed1ng c\u1ea5p c\u1ee7a c\u00e1c b\u1ec1 m\u1eb7t tr\u01b0\u1ee3t khi c\u00f3 n\u01b0\u1edbc v\u00e0 ch\u1ea5t l\u00e0m m\u00e1t d\u1ea1ng n\u01b0\u1edbc<\/td>\n<\/tr>\n<\/tbody>\n<\/table>\n<\/div>\n<p>&nbsp;<\/p>\n<h2>C\u00e1c \u1ee9ng d\u1ee5ng<\/h2>\n<p style=\"text-align: justify;\">C\u00e1c s\u1ea3n ph\u1ea9m c\u1ee7a Mobil Vactra Oil Numbered Series \u0111\u01b0\u1ee3c khuy\u00ean d\u00f9ng \u0111\u1ec3 b\u00f4i tr\u01a1n c\u00e1c h\u1ec7 th\u1ed1ng tr\u01b0\u1ee3t c\u1ee7a m\u00e1y c\u00f4ng c\u1ee5.\u00a0Ch\u00fang \u0111\u01b0\u1ee3c thi\u1ebft k\u1ebf \u0111\u1ec3 s\u1eed d\u1ee5ng v\u1edbi s\u1ef1 k\u1ebft h\u1ee3p c\u1ee7a v\u1eadt li\u1ec7u gang, th\u00e9p v\u00e0 phi kim lo\u1ea1i.\u00a0Mobil Vactra Oil Numbered Series c\u00f3 th\u1ec3 \u0111\u01b0\u1ee3c s\u1eed d\u1ee5ng b\u1eb1ng tay, b\u1ed9 b\u00f4i tr\u01a1n n\u1ea1p c\u01b0\u1ee1ng b\u1ee9c ho\u1eb7c trong \u1ee9ng d\u1ee5ng ng\u1eadp l\u1ee5t b\u1eb1ng h\u1ec7 th\u1ed1ng tu\u1ea7n ho\u00e0n.<\/p>\n<ul>\n<li style=\"text-align: justify;\">Mobil Vactra Oil No. D\u00f2ng s\u1ea3n ph\u1ea9m th\u00edch h\u1ee3p \u0111\u1ec3 s\u1eed d\u1ee5ng trong c\u00e1c \u1ee9ng d\u1ee5ng y\u00eau c\u1ea7u th\u00f4ng s\u1ed1 k\u1ef9 thu\u1eadt c\u1ee7a Fives Cincinnati P53, P47 v\u00e0 P50.<\/li>\n<li style=\"text-align: justify;\">D\u1ea7u Mobil Vactra s\u1ed1 1 v\u00e0 s\u1ed1 2 \u0111\u01b0\u1ee3c khuy\u00ean d\u00f9ng cho tr\u01b0\u1ee3t ngang tr\u00ean m\u00e1y c\u00f4ng c\u1ee5 c\u1ee1 v\u1eeba v\u00e0 nh\u1ecf. Ch\u00fang c\u0169ng th\u00edch h\u1ee3p cho \u1ee9ng d\u1ee5ng tu\u1ea7n ho\u00e0n trong c\u00e1c m\u00e1y l\u1edbn v\u00e0 nh\u01b0 m\u1ed9t ch\u1ea5t l\u1ecfng th\u1ee7y l\u1ef1c c\u00f3 t\u00e1c d\u1ee5ng v\u1eeba ph\u1ea3i.<\/li>\n<li style=\"text-align: justify;\">D\u1ea7u Mobil Vactra s\u1ed1 3 v\u00e0 s\u1ed1 4 th\u01b0\u1eddng \u0111\u01b0\u1ee3c khuy\u00ean d\u00f9ng cho c\u00e1c m\u00e1y l\u1edbn, n\u01a1i y\u00eau c\u1ea7u \u00e1p su\u1ea5t cao v\u00e0 \u0111\u1ed9 ch\u00ednh x\u00e1c t\u1ed1t. Ch\u00fang c\u0169ng \u0111\u01b0\u1ee3c khuy\u00ean d\u00f9ng cho c\u00e1c \u0111\u01b0\u1eddng tr\u01b0\u1ee3t th\u1eb3ng \u0111\u1ee9ng v\u00e0 nghi\u00eang n\u01a1i tho\u00e1t n\u01b0\u1edbc c\u00f3 th\u1ec3 l\u00e0 m\u1ed9t v\u1ea5n \u0111\u1ec1 v\u00e0 cho c\u00e1c c\u01a1 c\u1ea5u truy\u1ec1n \u0111\u1ed9ng b\u00e1nh r\u0103ng m\u00e1y c\u00f4ng c\u1ee5 b\u1ea3o d\u01b0\u1ee1ng v\u1eeba ph\u1ea3i.<\/li>\n<li style=\"text-align: justify;\">Mobil Vactra Oil Numbered Series c\u00f3 th\u1ec3 \u0111\u01b0\u1ee3c s\u1eed d\u1ee5ng \u0111\u1ec3 b\u00f4i tr\u01a1n cho v\u00edt me bi, thanh d\u1eabn th\u1eb3ng, \u0111\u1ea7u kh\u00f3a, v\u00edt t\u1ecbnh ti\u1ebfn.<\/li>\n<li style=\"text-align: justify;\">Mobil Vactra Oil Numbered Series \u0111\u01b0\u1ee3c khuy\u00ean d\u00f9ng cho c\u00e1c \u1ee9ng d\u1ee5ng m\u00e0 ch\u1ea5t l\u00e0m m\u00e1t d\u1ea1ng n\u01b0\u1edbc b\u1ecb nhi\u1ec5m d\u1ea7u l\u00e0m gi\u1ea3m tu\u1ed5i th\u1ecd c\u1ee7a l\u00f4 ch\u1ea5t l\u00e0m m\u00e1t.<\/li>\n<\/ul>\n<p>&nbsp;<\/p>\n<h2>Th\u00f4ng s\u1ed1 k\u1ef9 thu\u1eadt v\u00e0 Ph\u00ea duy\u1ec7t<\/h2>\n<div class=\"table-responsive\">\n<table class=\"table table-striped\">\n<tbody>\n<tr>\n<td>\n<p style=\"text-align: left;\"><strong>This product meets or exceeds the requirements of:<\/strong><\/p>\n<\/td>\n<td><strong>NO. 1<\/strong><\/td>\n<td><strong>NO. 2<\/strong><\/td>\n<td><strong>NO. 3<\/strong><\/td>\n<td><strong>NO. 4<\/strong><\/td>\n<\/tr>\n<tr>\n<td>\n<p style=\"text-align: left;\">DIN 51502 CGLP<\/p>\n<\/td>\n<td>X<\/td>\n<td>X<\/td>\n<td>X<\/td>\n<td>X<\/td>\n<\/tr>\n<\/tbody>\n<\/table>\n<\/div>\n<p>&nbsp;<\/p>\n<h2>Thu\u1ed9c t\u00ednh v\u00e0 th\u00f4ng s\u1ed1 k\u1ef9 thu\u1eadt<\/h2>\n<div class=\"table-responsive\">\n<table class=\"table table-striped\">\n<tbody>\n<tr>\n<td>\n<p style=\"text-align: left;\"><strong>Property<\/strong><\/p>\n<\/td>\n<td><strong>NO. 1<\/strong><\/td>\n<td><strong>NO. 2<\/strong><\/td>\n<td><strong>NO. 3<\/strong><\/td>\n<td><strong>NO. 4<\/strong><\/td>\n<\/tr>\n<tr>\n<td>\n<p style=\"text-align: left;\">Grade<\/p>\n<\/td>\n<td>ISO 32<\/td>\n<td>ISO 68<\/td>\n<td>ISO 150<\/td>\n<td>ISO 220<\/td>\n<\/tr>\n<tr>\n<td>\n<p style=\"text-align: left;\">Copper Strip Corrosion, 3 h, 100 C, Rating, ASTM D130<\/p>\n<\/td>\n<td>1B<\/td>\n<td>1B<\/td>\n<td>1B<\/td>\n<td>1B<\/td>\n<\/tr>\n<tr>\n<td>\n<p style=\"text-align: left;\">FZG Scuffing, Fail Load Stage, A\/8.3\/90, ISO 14635-1<\/p>\n<\/td>\n<td>13<\/td>\n<td>13<\/td>\n<td>13<\/td>\n<td>13<\/td>\n<\/tr>\n<tr>\n<td>\n<p style=\"text-align: left;\">Flash Point, Cleveland Open Cup, \u00b0C, ASTM D92<\/p>\n<\/td>\n<td>216<\/td>\n<td>228<\/td>\n<td>248<\/td>\n<td>240<\/td>\n<\/tr>\n<tr>\n<td>\n<p style=\"text-align: left;\">Kinematic Viscosity @ 40 C, mm2\/s, ASTM D445<\/p>\n<\/td>\n<td>32<\/td>\n<td>68<\/td>\n<td>156<\/td>\n<td>221<\/td>\n<\/tr>\n<tr>\n<td>\n<p style=\"text-align: left;\">Pour Point, \u00b0C, ASTM D97<\/p>\n<\/td>\n<td>-30<\/td>\n<td>-18<\/td>\n<td>-6<\/td>\n<td>-3<\/td>\n<\/tr>\n<\/tbody>\n<\/table>\n<h4><a href=\"https:\/\/www.mobil.com\/en-us\/industrial\/pds\/gl-xx-mobil-vactra-oil-numbered-series\">T\u00e0i li\u1ec7u tham kh\u1ea3o Mobil Vactra\u2122 Oil Numbered Series: Click v\u00e0o \u0111\u00e2y.<\/a><\/h4>\n<p><a href=\"https:\/\/tatco.vn\/vi\/danh-muc-san-pham\/dau-nhot-mobil\/dau-nhot-cong-nghiep-mobil\/dau-ranh-truot-mobil\/dau-nhot-mobil-vactra-numbered-series\/\">X\u00eam th\u00eam danh m\u1ee5c: Click t\u1ea1i \u0111\u00e2y.<\/a><\/p>\n<\/div>\n<p>[\/vc_column_text][\/vc_column][\/vc_row]<\/p>\n<\/section>","protected":false},"excerpt":{"rendered":"<p><strong>Mobil Vactra Oil No 4<\/strong> l\u00e0 ch\u1ea5t b\u00f4i tr\u01a1n tr\u01b0\u1ee3t ch\u1ea5t l\u01b0\u1ee3ng cao \u0111\u01b0\u1ee3c thi\u1ebft k\u1ebf \u0111\u1eb7c bi\u1ec7t \u0111\u1ec3 \u0111\u00e1p \u1ee9ng c\u00e1c y\u00eau c\u1ea7u v\u1ec1 \u0111\u1ed9 ch\u00ednh x\u00e1c, kh\u1ea3 n\u0103ng ph\u00e2n t\u00e1ch dung d\u1ecbch l\u00e0m m\u00e1t trong n\u01b0\u1edbc v\u00e0 b\u1ea3o v\u1ec7 thi\u1ebft b\u1ecb c\u1ee7a m\u00e1y c\u00f4ng c\u1ee5 ch\u00ednh x\u00e1c.<\/p>\n","protected":false},"featured_media":26930,"comment_status":"closed","ping_status":"closed","template":"","meta":[],"product_cat":[374,641,361,364],"product_tag":[698,697,693],"class_list":{"0":"post-27312","1":"product","2":"type-product","3":"status-publish","4":"has-post-thumbnail","6":"product_brand-mobil","7":"product_cat-mobil-industrial-oil","8":"product_cat-dau-mobil-vactra-numbered-series","9":"product_cat-mobil-oil","10":"product_cat-mobil-sliding-oil","11":"product_tag-mobil-vactra","12":"product_tag-mobil-vactra-oil-no-4","13":"product_tag-mobil-vactra-oil-numbered-series","15":"first","16":"instock","17":"shipping-taxable","18":"product-type-simple"},"yoast_head":"<!-- This site is optimized with the Yoast SEO plugin v27.2 - https:\/\/yoast.com\/product\/yoast-seo-wordpress\/ -->\n<title>Mobil Vactra Oil No 4 - C\u00f4ng Ty TNHH D\u1ea7u Nh\u1eddn T&amp;T Vi\u1ec7t Nam<\/title>\n<meta name=\"robots\" content=\"index, follow, max-snippet:-1, max-image-preview:large, max-video-preview:-1\" \/>\n<link rel=\"canonical\" href=\"https:\/\/tatco.vn\/vi\/san-pham\/mobil-vactra-oil-no-4\/\" \/>\n<meta property=\"og:locale\" content=\"vi_VN\" \/>\n<meta property=\"og:type\" content=\"article\" \/>\n<meta property=\"og:title\" content=\"Mobil Vactra Oil No 4 - C\u00f4ng Ty TNHH D\u1ea7u Nh\u1eddn T&amp;T Vi\u1ec7t Nam\" \/>\n<meta property=\"og:url\" content=\"https:\/\/tatco.vn\/vi\/san-pham\/mobil-vactra-oil-no-4\/\" \/>\n<meta property=\"og:site_name\" content=\"C\u00f4ng Ty TNHH D\u1ea7u Nh\u1eddn T&amp;T Vi\u1ec7t Nam\" \/>\n<meta property=\"article:modified_time\" content=\"2021-01-04T15:33:25+00:00\" \/>\n<meta property=\"og:image\" content=\"https:\/\/tatco.vn\/wp-content\/uploads\/2019\/06\/dau-nhot-mobil-mobil-oil.png\" \/>\n\t<meta property=\"og:image:width\" content=\"1200\" \/>\n\t<meta property=\"og:image:height\" content=\"1200\" \/>\n\t<meta property=\"og:image:type\" content=\"image\/png\" \/>\n<meta name=\"twitter:card\" content=\"summary_large_image\" \/>\n<meta name=\"twitter:label1\" content=\"\u01af\u1edbc t\u00ednh th\u1eddi gian \u0111\u1ecdc\" \/>\n\t<meta name=\"twitter:data1\" content=\"10 ph\u00fat\" \/>\n<script type=\"application\/ld+json\" class=\"yoast-schema-graph\">{\"@context\":\"https:\/\/schema.org\",\"@graph\":[{\"@type\":\"WebPage\",\"@id\":\"https:\/\/tatco.vn\/vi\/san-pham\/mobil-vactra-oil-no-4\/\",\"url\":\"https:\/\/tatco.vn\/vi\/san-pham\/mobil-vactra-oil-no-4\/\",\"name\":\"Mobil Vactra Oil No 4 - C\u00f4ng Ty TNHH D\u1ea7u Nh\u1eddn T&amp;T Vi\u1ec7t Nam\",\"isPartOf\":{\"@id\":\"https:\/\/tatco.vn\/en\/#website\"},\"primaryImageOfPage\":{\"@id\":\"https:\/\/tatco.vn\/vi\/san-pham\/mobil-vactra-oil-no-4\/#primaryimage\"},\"image\":{\"@id\":\"https:\/\/tatco.vn\/vi\/san-pham\/mobil-vactra-oil-no-4\/#primaryimage\"},\"thumbnailUrl\":\"https:\/\/tatco.vn\/wp-content\/uploads\/2019\/06\/dau-nhot-mobil-mobil-oil.png\",\"datePublished\":\"2020-12-25T14:34:45+00:00\",\"dateModified\":\"2021-01-04T15:33:25+00:00\",\"breadcrumb\":{\"@id\":\"https:\/\/tatco.vn\/vi\/san-pham\/mobil-vactra-oil-no-4\/#breadcrumb\"},\"inLanguage\":\"vi\",\"potentialAction\":[{\"@type\":\"ReadAction\",\"target\":[\"https:\/\/tatco.vn\/vi\/san-pham\/mobil-vactra-oil-no-4\/\"]}]},{\"@type\":\"ImageObject\",\"inLanguage\":\"vi\",\"@id\":\"https:\/\/tatco.vn\/vi\/san-pham\/mobil-vactra-oil-no-4\/#primaryimage\",\"url\":\"https:\/\/tatco.vn\/wp-content\/uploads\/2019\/06\/dau-nhot-mobil-mobil-oil.png\",\"contentUrl\":\"https:\/\/tatco.vn\/wp-content\/uploads\/2019\/06\/dau-nhot-mobil-mobil-oil.png\",\"width\":1200,\"height\":1200,\"caption\":\"dau nhot mobil mobil oil Mobil SHC 625\"},{\"@type\":\"BreadcrumbList\",\"@id\":\"https:\/\/tatco.vn\/vi\/san-pham\/mobil-vactra-oil-no-4\/#breadcrumb\",\"itemListElement\":[{\"@type\":\"ListItem\",\"position\":1,\"name\":\"Home\",\"item\":\"https:\/\/tatco.vn\/\"},{\"@type\":\"ListItem\",\"position\":2,\"name\":\"C\u1eeda h\u00e0ng\",\"item\":\"https:\/\/tatco.vn\/en\/mua\/\"},{\"@type\":\"ListItem\",\"position\":3,\"name\":\"Mobil Vactra Oil No 4\"}]},{\"@type\":\"WebSite\",\"@id\":\"https:\/\/tatco.vn\/en\/#website\",\"url\":\"https:\/\/tatco.vn\/en\/\",\"name\":\"C\u00f4ng Ty TNHH D\u1ea7u Nh\u1eddn T&amp;T Vi\u1ec7t Nam\",\"description\":\"Right Point - Right Time - Best Solution\",\"publisher\":{\"@id\":\"https:\/\/tatco.vn\/en\/#organization\"},\"potentialAction\":[{\"@type\":\"SearchAction\",\"target\":{\"@type\":\"EntryPoint\",\"urlTemplate\":\"https:\/\/tatco.vn\/en\/?s={search_term_string}\"},\"query-input\":{\"@type\":\"PropertyValueSpecification\",\"valueRequired\":true,\"valueName\":\"search_term_string\"}}],\"inLanguage\":\"vi\"},{\"@type\":\"Organization\",\"@id\":\"https:\/\/tatco.vn\/en\/#organization\",\"name\":\"C\u00f4ng Ty TNHH D\u1ea7u Nh\u1eddn T&T Vi\u1ec7t Nam\",\"url\":\"https:\/\/tatco.vn\/en\/\",\"logo\":{\"@type\":\"ImageObject\",\"inLanguage\":\"vi\",\"@id\":\"https:\/\/tatco.vn\/en\/#\/schema\/logo\/image\/\",\"url\":\"https:\/\/tatco.vn\/wp-content\/uploads\/2019\/05\/fav-ico.png\",\"contentUrl\":\"https:\/\/tatco.vn\/wp-content\/uploads\/2019\/05\/fav-ico.png\",\"width\":200,\"height\":200,\"caption\":\"C\u00f4ng Ty TNHH D\u1ea7u Nh\u1eddn T&T Vi\u1ec7t Nam\"},\"image\":{\"@id\":\"https:\/\/tatco.vn\/en\/#\/schema\/logo\/image\/\"}}]}<\/script>\n<!-- \/ Yoast SEO plugin. -->","yoast_head_json":{"title":"Mobil Vactra Oil No 4 - C\u00f4ng Ty TNHH D\u1ea7u Nh\u1eddn T&amp;T Vi\u1ec7t Nam","robots":{"index":"index","follow":"follow","max-snippet":"max-snippet:-1","max-image-preview":"max-image-preview:large","max-video-preview":"max-video-preview:-1"},"canonical":"https:\/\/tatco.vn\/vi\/san-pham\/mobil-vactra-oil-no-4\/","og_locale":"vi_VN","og_type":"article","og_title":"Mobil Vactra Oil No 4 - C\u00f4ng Ty TNHH D\u1ea7u Nh\u1eddn T&amp;T Vi\u1ec7t Nam","og_url":"https:\/\/tatco.vn\/vi\/san-pham\/mobil-vactra-oil-no-4\/","og_site_name":"C\u00f4ng Ty TNHH D\u1ea7u Nh\u1eddn T&amp;T Vi\u1ec7t Nam","article_modified_time":"2021-01-04T15:33:25+00:00","og_image":[{"width":1200,"height":1200,"url":"https:\/\/tatco.vn\/wp-content\/uploads\/2019\/06\/dau-nhot-mobil-mobil-oil.png","type":"image\/png"}],"twitter_card":"summary_large_image","twitter_misc":{"\u01af\u1edbc t\u00ednh th\u1eddi gian \u0111\u1ecdc":"10 ph\u00fat"},"schema":{"@context":"https:\/\/schema.org","@graph":[{"@type":"WebPage","@id":"https:\/\/tatco.vn\/vi\/san-pham\/mobil-vactra-oil-no-4\/","url":"https:\/\/tatco.vn\/vi\/san-pham\/mobil-vactra-oil-no-4\/","name":"Mobil Vactra Oil No 4 - C\u00f4ng Ty TNHH D\u1ea7u Nh\u1eddn T&amp;T Vi\u1ec7t Nam","isPartOf":{"@id":"https:\/\/tatco.vn\/en\/#website"},"primaryImageOfPage":{"@id":"https:\/\/tatco.vn\/vi\/san-pham\/mobil-vactra-oil-no-4\/#primaryimage"},"image":{"@id":"https:\/\/tatco.vn\/vi\/san-pham\/mobil-vactra-oil-no-4\/#primaryimage"},"thumbnailUrl":"https:\/\/tatco.vn\/wp-content\/uploads\/2019\/06\/dau-nhot-mobil-mobil-oil.png","datePublished":"2020-12-25T14:34:45+00:00","dateModified":"2021-01-04T15:33:25+00:00","breadcrumb":{"@id":"https:\/\/tatco.vn\/vi\/san-pham\/mobil-vactra-oil-no-4\/#breadcrumb"},"inLanguage":"vi","potentialAction":[{"@type":"ReadAction","target":["https:\/\/tatco.vn\/vi\/san-pham\/mobil-vactra-oil-no-4\/"]}]},{"@type":"ImageObject","inLanguage":"vi","@id":"https:\/\/tatco.vn\/vi\/san-pham\/mobil-vactra-oil-no-4\/#primaryimage","url":"https:\/\/tatco.vn\/wp-content\/uploads\/2019\/06\/dau-nhot-mobil-mobil-oil.png","contentUrl":"https:\/\/tatco.vn\/wp-content\/uploads\/2019\/06\/dau-nhot-mobil-mobil-oil.png","width":1200,"height":1200,"caption":"dau nhot mobil mobil oil Mobil SHC 625"},{"@type":"BreadcrumbList","@id":"https:\/\/tatco.vn\/vi\/san-pham\/mobil-vactra-oil-no-4\/#breadcrumb","itemListElement":[{"@type":"ListItem","position":1,"name":"Home","item":"https:\/\/tatco.vn\/"},{"@type":"ListItem","position":2,"name":"C\u1eeda h\u00e0ng","item":"https:\/\/tatco.vn\/en\/mua\/"},{"@type":"ListItem","position":3,"name":"Mobil Vactra Oil No 4"}]},{"@type":"WebSite","@id":"https:\/\/tatco.vn\/en\/#website","url":"https:\/\/tatco.vn\/en\/","name":"C\u00f4ng Ty TNHH D\u1ea7u Nh\u1eddn T&amp;T Vi\u1ec7t Nam","description":"Right Point - Right Time - Best Solution","publisher":{"@id":"https:\/\/tatco.vn\/en\/#organization"},"potentialAction":[{"@type":"SearchAction","target":{"@type":"EntryPoint","urlTemplate":"https:\/\/tatco.vn\/en\/?s={search_term_string}"},"query-input":{"@type":"PropertyValueSpecification","valueRequired":true,"valueName":"search_term_string"}}],"inLanguage":"vi"},{"@type":"Organization","@id":"https:\/\/tatco.vn\/en\/#organization","name":"C\u00f4ng Ty TNHH D\u1ea7u Nh\u1eddn T&T Vi\u1ec7t Nam","url":"https:\/\/tatco.vn\/en\/","logo":{"@type":"ImageObject","inLanguage":"vi","@id":"https:\/\/tatco.vn\/en\/#\/schema\/logo\/image\/","url":"https:\/\/tatco.vn\/wp-content\/uploads\/2019\/05\/fav-ico.png","contentUrl":"https:\/\/tatco.vn\/wp-content\/uploads\/2019\/05\/fav-ico.png","width":200,"height":200,"caption":"C\u00f4ng Ty TNHH D\u1ea7u Nh\u1eddn T&T Vi\u1ec7t Nam"},"image":{"@id":"https:\/\/tatco.vn\/en\/#\/schema\/logo\/image\/"}}]}},"_links":{"self":[{"href":"https:\/\/tatco.vn\/vi\/wp-json\/wp\/v2\/product\/27312","targetHints":{"allow":["GET"]}}],"collection":[{"href":"https:\/\/tatco.vn\/vi\/wp-json\/wp\/v2\/product"}],"about":[{"href":"https:\/\/tatco.vn\/vi\/wp-json\/wp\/v2\/types\/product"}],"replies":[{"embeddable":true,"href":"https:\/\/tatco.vn\/vi\/wp-json\/wp\/v2\/comments?post=27312"}],"version-history":[{"count":0,"href":"https:\/\/tatco.vn\/vi\/wp-json\/wp\/v2\/product\/27312\/revisions"}],"wp:featuredmedia":[{"embeddable":true,"href":"https:\/\/tatco.vn\/vi\/wp-json\/wp\/v2\/media\/26930"}],"wp:attachment":[{"href":"https:\/\/tatco.vn\/vi\/wp-json\/wp\/v2\/media?parent=27312"}],"wp:term":[{"taxonomy":"product_cat","embeddable":true,"href":"https:\/\/tatco.vn\/vi\/wp-json\/wp\/v2\/product_cat?post=27312"},{"taxonomy":"product_tag","embeddable":true,"href":"https:\/\/tatco.vn\/vi\/wp-json\/wp\/v2\/product_tag?post=27312"}],"curies":[{"name":"wp","href":"https:\/\/api.w.org\/{rel}","templated":true}]}}