{"id":27297,"date":"2020-12-25T19:06:48","date_gmt":"2020-12-25T12:06:48","guid":{"rendered":"https:\/\/tatco.vn\/vi\/?post_type=product&#038;p=27297"},"modified":"2020-12-25T19:10:52","modified_gmt":"2020-12-25T12:10:52","slug":"mobil-shc-rarus-46","status":"publish","type":"product","link":"https:\/\/tatco.vn\/vi\/san-pham\/dau-mobil-shc-rarus-46\/","title":{"rendered":"Mobil SHC Rarus 46"},"content":{"rendered":"<section class=\"wpb-content-wrapper\"><p>[vc_row][vc_column][vc_column_text]<\/p>\n<h2><strong>Mobil SHC Rarus 46 :<\/strong><\/h2>\n<p style=\"text-align: justify;\">D\u1ea7u<strong> Mobil SHC Rarus 46<\/strong> l\u00e0 ch\u1ea5t b\u00f4i tr\u01a1n m\u00e1y n\u00e9n kh\u00ed hi\u1ec7u su\u1ea5t cao ch\u1ee7 y\u1ebfu d\u00f9ng \u0111\u1ec3 b\u00f4i tr\u01a1n m\u00e1y n\u00e9n kh\u00ed tr\u1ee5c v\u00edt v\u00e0 m\u00e1y n\u00e9n kh\u00ed c\u00e1nh g\u1ea1t.<\/p>\n<p style=\"text-align: justify;\"><strong>Mobil SHC Rarus 46<\/strong>\u00a0\u0111\u1eb7c bi\u1ec7t ph\u00f9 h\u1ee3p cho c\u00e1c d\u1ecbch v\u1ee5 kh\u1eafc nghi\u1ec7t, n\u01a1i c\u00e1c s\u1ea3n ph\u1ea9m g\u1ed1c d\u1ea7u t\u1ed5ng h\u1ee3p kh\u00f4ng \u0111\u00e1p \u1ee9ng \u0111\u01b0\u1ee3c mong \u0111\u1ee3i, ch\u1eb3ng h\u1ea1n nh\u01b0 trong c\u00e1c \u1ee9ng d\u1ee5ng kh\u1eafc nghi\u1ec7t ch\u1ecbu nhi\u1ec7t \u0111\u1ed9 n\u00e9n cu\u1ed1i c\u00f9ng cao ho\u1eb7c khi mong mu\u1ed1n kho\u1ea3ng th\u1eddi gian x\u1ea3 d\u1ea7u k\u00e9o d\u00e0i. C\u00f4ng th\u1ee9c Mobil SHC Rarus Series cung c\u1ea5p kh\u1ea3 n\u0103ng cung c\u1ea5p kho\u1ea3ng th\u1eddi gian x\u1ea3 d\u1ea7u l\u00ean \u0111\u1ebfn 3 l\u1ea7n so v\u1edbi ch\u1ea5t b\u00f4i tr\u01a1n m\u00e1y n\u00e9n t\u1ed5ng h\u1ee3p h\u00e0ng \u0111\u1ea7u.<\/p>\n<h2>T\u00ednh n\u0103ng v\u00e0 l\u1ee3i \u00edch<\/h2>\n<p style=\"text-align: justify;\">\u2022 \u0110\u1ed9 \u1ed5n \u0111\u1ecbnh nhi\u1ec7t \/ oxy h\u00f3a v\u01b0\u1ee3t tr\u1ed9i gi\u00fap cung c\u1ea5p kho\u1ea3ng th\u1eddi gian x\u1ea3 d\u1ea7u l\u00ean \u0111\u1ebfn ba l\u1ea7n so v\u1edbi d\u1ea7u m\u00e1y n\u00e9n kh\u00ed t\u1ed5ng h\u1ee3p h\u00e0ng \u0111\u1ea7u v\u00e0 gi\u1ea3m th\u1eddi gian ng\u1eebng b\u1ea3o d\u01b0\u1ee1ng<\/p>\n<p style=\"text-align: justify;\">\u2022 Ki\u1ec3m so\u00e1t vecni v\u00e0 c\u1eb7n b\u1ea9n tuy\u1ec7t v\u1eddi gi\u00fap mang l\u1ea1i s\u1ef1 s\u1ea1ch s\u1ebd v\u00e0 k\u00e9o d\u00e0i tu\u1ed5i th\u1ecd d\u1ea7u m\u00e1y n\u00e9n kh\u00ed<\/p>\n<p style=\"text-align: justify;\">\u2022 C\u00e1c g\u1ed1c t\u1ed5ng h\u1ee3p hi\u1ec7u su\u1ea5t cao v\u1edbi ch\u1ec9 s\u1ed1 \u0111\u1ed9 nh\u1edbt cao cho ph\u00e9p kh\u1ea3 n\u0103ng \u1edf ph\u1ea1m vi nhi\u1ec7t \u0111\u1ed9 r\u1ed9ng v\u00e0 b\u00f4i tr\u01a1n hi\u1ec7u qu\u1ea3 \u1edf nhi\u1ec7t \u0111\u1ed9 cao<\/p>\n<p style=\"text-align: justify;\">\u2022 Kh\u1ea3 n\u0103ng ch\u1ecbu t\u1ea3i cao b\u1ea3o v\u1ec7 thi\u1ebft b\u1ecb v\u00e0 k\u00e9o d\u00e0i tu\u1ed5i th\u1ecd, gi\u00fap gi\u1ea3m thi\u1ec3u th\u1eddi gian ng\u1eebng ho\u1ea1t \u0111\u1ed9ng kh\u00f4ng mong mu\u1ed1n v\u00e0 k\u00e9o d\u00e0i th\u1eddi gian ph\u1ee5c v\u1ee5<\/p>\n<p style=\"text-align: justify;\">\u2022 Kh\u1ea3 n\u0103ng ch\u1ed1ng r\u1ec9 v\u00e0 \u0103n m\u00f2n v\u01b0\u1ee3t tr\u1ed9i, ch\u1ed1ng m\u00e0i m\u00f2n r\u1ea5t t\u1ed1t, kh\u1eed nh\u0169 t\u01b0\u01a1ng, ki\u1ec3m so\u00e1t b\u1ecdt v\u00e0 tho\u00e1t kh\u00ed v\u00e0 kh\u1ea3 n\u0103ng t\u01b0\u01a1ng th\u00edch \u0111a kim lo\u1ea1i<\/p>\n<p style=\"text-align: justify;\">\u2022 Kh\u1ea3 n\u0103ng t\u00e1ch n\u01b0\u1edbc tuy\u1ec7t v\u1eddi gi\u00fap gi\u1ea3m s\u1ef1 l\u01b0u chuy\u1ec3n \u0111\u1ebfn thi\u1ebft b\u1ecb h\u1ea1 l\u01b0u, gi\u1ea3m s\u1ef1 h\u00ecnh th\u00e0nh b\u00f9n trong cacte v\u00e0 \u0111\u01b0\u1eddng x\u1ea3, gi\u00fap gi\u1ea3m s\u1ef1 t\u1eafc ngh\u1ebdn c\u1ee7a b\u1ed9 k\u1ebft h\u1ee3p, b\u1ed9 l\u00e0m m\u00e1t v\u00e0 \u00edt ti\u1ec1m n\u0103ng h\u00ecnh th\u00e0nh nh\u0169 t\u01b0\u01a1ng<\/p>\n<p>&nbsp;<\/p>\n<h2>C\u00e1c \u1ee9ng d\u1ee5ng<\/h2>\n<p style=\"text-align: justify;\">\u2022 Mobil SHC Rarus Series ch\u1ee7 y\u1ebfu d\u00e0nh cho m\u00e1y n\u00e9n kh\u00ed tr\u1ee5c v\u00edt v\u00e0 c\u00e1nh g\u1ea1t, r\u1ea5t hi\u1ec7u qu\u1ea3 trong m\u00e1y n\u00e9n ki\u1ec3u tr\u1ee5c v\u00edt c\u00f3 l\u00e0m m\u00e1t b\u1eb1ng phun d\u1ea7u;\u00a0m\u00e1y n\u00e9n c\u00f3 ti\u1ec1n s\u1eed b\u1ecb suy gi\u1ea3m d\u1ea7u th\u1eeba, van ho\u1ea1t \u0111\u1ed9ng k\u00e9m ho\u1eb7c \u0111\u00f3ng c\u1eb7n<\/p>\n<p style=\"text-align: justify;\">\u2022 M\u00e1y n\u00e9n ho\u1ea1t \u0111\u1ed9ng trong \u0111i\u1ec1u ki\u1ec7n kh\u1eafc nghi\u1ec7t, \u0111\u1eb7c bi\u1ec7t hi\u1ec7u qu\u1ea3 khi ho\u1ea1t \u0111\u1ed9ng \u1edf nhi\u1ec7t \u0111\u1ed9 cao li\u00ean t\u1ee5c v\u1edbi nhi\u1ec7t \u0111\u1ed9 x\u1ea3 l\u00ean \u0111\u1ebfn 200\u00baC<\/p>\n<p style=\"text-align: justify;\">\u2022 H\u1ec7 th\u1ed1ng m\u00e1y n\u00e9n v\u1edbi c\u00e1c b\u00e1nh r\u0103ng v\u00e0 \u1ed5 tr\u1ee5c quan tr\u1ecdng<\/p>\n<p style=\"text-align: justify;\">\u2022 Kh\u00f4ng d\u00e0nh cho m\u00e1y n\u00e9n kh\u00ed \u0111\u01b0\u1ee3c s\u1eed d\u1ee5ng trong c\u00e1c \u1ee9ng d\u1ee5ng kh\u00ed th\u1edf<\/p>\n<p style=\"text-align: justify;\">\u2022 T\u01b0\u01a1ng th\u00edch v\u1edbi t\u1ea5t c\u1ea3 c\u00e1c kim lo\u1ea1i \u0111\u01b0\u1ee3c s\u1eed d\u1ee5ng trong c\u1ea5u t\u1ea1o m\u00e1y n\u00e9n kh\u00ed v\u00e0 v\u1edbi c\u00e1c lo\u1ea1i d\u1ea7u m\u00e1y n\u00e9n kh\u00ed g\u1ed1c d\u1ea7u kho\u00e1ng th\u00f4ng th\u01b0\u1eddng nh\u01b0ng h\u1ed7n h\u1ee3p v\u1edbi c\u00e1c lo\u1ea1i d\u1ea7u kh\u00e1c c\u00f3 th\u1ec3 l\u00e0m gi\u1ea3m kh\u1ea3 n\u0103ng ho\u1ea1t \u0111\u1ed9ng t\u1ed5ng th\u1ec3<\/p>\n<p>&nbsp;<\/p>\n<h2>Thu\u1ed9c t\u00ednh v\u00e0 th\u00f4ng s\u1ed1 k\u1ef9 thu\u1eadt<\/h2>\n<table class=\"table table-striped\">\n<tbody>\n<tr>\n<td>\n<p style=\"text-align: left;\">Property<\/p>\n<\/td>\n<td>32<\/td>\n<td>46<\/td>\n<td>68<\/td>\n<\/tr>\n<tr>\n<td>\n<p style=\"text-align: left;\">Grade<\/p>\n<\/td>\n<td>ISO 32<\/td>\n<td>ISO 46<\/td>\n<td>ISO 68<\/td>\n<\/tr>\n<tr>\n<td>\n<p style=\"text-align: left;\">Color, Visual<\/p>\n<\/td>\n<td>Orange liquid<\/td>\n<td>Orange liquid<\/td>\n<td>Orange liquid<\/td>\n<\/tr>\n<tr>\n<td>\n<p style=\"text-align: left;\">Copper Strip Corrosion, 24 h, 100 C, Rating, ASTM D130<\/p>\n<\/td>\n<td>1B<\/td>\n<td>1B<\/td>\n<td>1B<\/td>\n<\/tr>\n<tr>\n<td>\n<p style=\"text-align: left;\">Flash Point, Pensky-Martens Closed Cup, \u00b0C, ASTM D93<\/p>\n<\/td>\n<td>204<\/td>\n<td>197<\/td>\n<td>192<\/td>\n<\/tr>\n<tr>\n<td>\n<p style=\"text-align: left;\">Kinematic Viscosity @ 100 C, mm2\/s, ASTM D445<\/p>\n<\/td>\n<td>5.6<\/td>\n<td>7.1<\/td>\n<td>9.7<\/td>\n<\/tr>\n<tr>\n<td>\n<p style=\"text-align: left;\">Kinematic Viscosity @ 40 C, mm2\/s, ASTM D445<\/p>\n<\/td>\n<td>30.6<\/td>\n<td>44.1<\/td>\n<td>65.3<\/td>\n<\/tr>\n<tr>\n<td>\n<p style=\"text-align: left;\">Pour Point, \u00b0C, ASTM D5950<\/p>\n<\/td>\n<td>-42<\/td>\n<td>-42<\/td>\n<td>-39<\/td>\n<\/tr>\n<tr>\n<td>\n<p style=\"text-align: left;\">Rust Test, Synthetic Sea Water, 24 h @ 60 C, ASTM D665-PROB<\/p>\n<\/td>\n<td>PASS<\/td>\n<td>PASS<\/td>\n<td>PASS<\/td>\n<\/tr>\n<tr>\n<td>\n<p style=\"text-align: left;\">Specific Gravity, 15 C\/15 C, ASTM D1298<\/p>\n<\/td>\n<td>0.865<\/td>\n<td>0.867<\/td>\n<td>0.865<\/td>\n<\/tr>\n<tr>\n<td>\n<p style=\"text-align: left;\">Viscosity Index, ASTM D2270<\/p>\n<\/td>\n<td>123<\/td>\n<td>122<\/td>\n<td>129<\/td>\n<\/tr>\n<\/tbody>\n<\/table>\n<h4><a href=\"https:\/\/www.mobil.com\/en-de\/industrial\/pds\/gl-xx-mobil-shc-rarus-series\">T\u00e0i li\u1ec7u tham kh\u1ea3o Mobil SHC Rarus Series: Click v\u00e0o \u0111\u00e2y.<\/a><\/h4>\n<p><a href=\"https:\/\/tatco.vn\/vi\/danh-muc-san-pham\/dau-nhot-mobil\/dau-nhot-cong-nghiep-mobil\/dau-may-nen-khi-mobil\/dau-nhot-mobil-shc-rarus-series\/\">X\u00eam th\u00eam danh m\u1ee5c: Click t\u1ea1i \u0111\u00e2y.<\/a>[\/vc_column_text][\/vc_column][\/vc_row]<\/p>\n<\/section>","protected":false},"excerpt":{"rendered":"<p>D\u1ea7u<strong> Mobil SHC Rarus 46<\/strong> l\u00e0 ch\u1ea5t b\u00f4i tr\u01a1n m\u00e1y n\u00e9n kh\u00ed hi\u1ec7u su\u1ea5t cao ch\u1ee7 y\u1ebfu d\u00f9ng \u0111\u1ec3 b\u00f4i tr\u01a1n m\u00e1y n\u00e9n kh\u00ed tr\u1ee5c v\u00edt v\u00e0 m\u00e1y n\u00e9n kh\u00ed c\u00e1nh g\u1ea1t.<\/p>\n","protected":false},"featured_media":26973,"comment_status":"closed","ping_status":"closed","template":"","meta":[],"product_cat":[374,371,361,640],"product_tag":[687,689],"class_list":{"0":"post-27297","1":"product","2":"type-product","3":"status-publish","4":"has-post-thumbnail","6":"product_brand-mobil","7":"product_cat-mobil-industrial-oil","8":"product_cat-mobil-compressor-oil","9":"product_cat-mobil-oil","10":"product_cat-mobil-shc-rarus-series","11":"product_tag-mobil-shc-rarus-46","12":"product_tag-mobil-shc-rarus-series","14":"first","15":"instock","16":"shipping-taxable","17":"product-type-simple"},"yoast_head":"<!-- This site is optimized with the Yoast SEO plugin v27.2 - https:\/\/yoast.com\/product\/yoast-seo-wordpress\/ -->\n<title>Mobil SHC Rarus 46 - C\u00f4ng Ty TNHH D\u1ea7u Nh\u1eddn T&amp;T Vi\u1ec7t Nam<\/title>\n<meta name=\"description\" content=\"D\u1ea7u Mobil SHC Rarus 46 l\u00e0 ch\u1ea5t b\u00f4i tr\u01a1n m\u00e1y n\u00e9n kh\u00ed hi\u1ec7u su\u1ea5t cao ch\u1ee7 y\u1ebfu d\u00f9ng \u0111\u1ec3 b\u00f4i tr\u01a1n m\u00e1y n\u00e9n kh\u00ed tr\u1ee5c v\u00edt v\u00e0 m\u00e1y n\u00e9n kh\u00ed c\u00e1nh g\u1ea1t.\" \/>\n<meta name=\"robots\" content=\"index, follow, max-snippet:-1, max-image-preview:large, max-video-preview:-1\" \/>\n<link rel=\"canonical\" href=\"https:\/\/tatco.vn\/vi\/san-pham\/mobil-shc-rarus-46\/\" \/>\n<meta property=\"og:locale\" content=\"vi_VN\" \/>\n<meta property=\"og:type\" content=\"article\" \/>\n<meta property=\"og:title\" content=\"Mobil SHC Rarus 46 - C\u00f4ng Ty TNHH D\u1ea7u Nh\u1eddn T&amp;T Vi\u1ec7t Nam\" \/>\n<meta property=\"og:description\" content=\"D\u1ea7u Mobil SHC Rarus 46 l\u00e0 ch\u1ea5t b\u00f4i tr\u01a1n m\u00e1y n\u00e9n kh\u00ed hi\u1ec7u su\u1ea5t cao ch\u1ee7 y\u1ebfu d\u00f9ng \u0111\u1ec3 b\u00f4i tr\u01a1n m\u00e1y n\u00e9n kh\u00ed tr\u1ee5c v\u00edt v\u00e0 m\u00e1y n\u00e9n kh\u00ed c\u00e1nh g\u1ea1t.\" \/>\n<meta property=\"og:url\" content=\"https:\/\/tatco.vn\/vi\/san-pham\/mobil-shc-rarus-46\/\" \/>\n<meta property=\"og:site_name\" content=\"C\u00f4ng Ty TNHH D\u1ea7u Nh\u1eddn T&amp;T Vi\u1ec7t Nam\" \/>\n<meta property=\"article:modified_time\" content=\"2020-12-25T12:10:52+00:00\" \/>\n<meta property=\"og:image\" content=\"https:\/\/tatco.vn\/wp-content\/uploads\/2019\/06\/dau-nhot-mobil-mobil-oil-white.png\" \/>\n\t<meta property=\"og:image:width\" content=\"1200\" \/>\n\t<meta property=\"og:image:height\" content=\"1200\" \/>\n\t<meta property=\"og:image:type\" content=\"image\/png\" \/>\n<meta name=\"twitter:card\" content=\"summary_large_image\" \/>\n<meta name=\"twitter:label1\" content=\"\u01af\u1edbc t\u00ednh th\u1eddi gian \u0111\u1ecdc\" \/>\n\t<meta name=\"twitter:data1\" content=\"7 ph\u00fat\" \/>\n<script type=\"application\/ld+json\" class=\"yoast-schema-graph\">{\"@context\":\"https:\/\/schema.org\",\"@graph\":[{\"@type\":\"WebPage\",\"@id\":\"https:\/\/tatco.vn\/vi\/san-pham\/mobil-shc-rarus-46\/\",\"url\":\"https:\/\/tatco.vn\/vi\/san-pham\/mobil-shc-rarus-46\/\",\"name\":\"Mobil SHC Rarus 46 - C\u00f4ng Ty TNHH D\u1ea7u Nh\u1eddn T&amp;T Vi\u1ec7t Nam\",\"isPartOf\":{\"@id\":\"https:\/\/tatco.vn\/en\/#website\"},\"primaryImageOfPage\":{\"@id\":\"https:\/\/tatco.vn\/vi\/san-pham\/mobil-shc-rarus-46\/#primaryimage\"},\"image\":{\"@id\":\"https:\/\/tatco.vn\/vi\/san-pham\/mobil-shc-rarus-46\/#primaryimage\"},\"thumbnailUrl\":\"https:\/\/tatco.vn\/wp-content\/uploads\/2019\/06\/dau-nhot-mobil-mobil-oil-white.png\",\"datePublished\":\"2020-12-25T12:06:48+00:00\",\"dateModified\":\"2020-12-25T12:10:52+00:00\",\"description\":\"D\u1ea7u Mobil SHC Rarus 46 l\u00e0 ch\u1ea5t b\u00f4i tr\u01a1n m\u00e1y n\u00e9n kh\u00ed hi\u1ec7u su\u1ea5t cao ch\u1ee7 y\u1ebfu d\u00f9ng \u0111\u1ec3 b\u00f4i tr\u01a1n m\u00e1y n\u00e9n kh\u00ed tr\u1ee5c v\u00edt v\u00e0 m\u00e1y n\u00e9n kh\u00ed c\u00e1nh g\u1ea1t.\",\"breadcrumb\":{\"@id\":\"https:\/\/tatco.vn\/vi\/san-pham\/mobil-shc-rarus-46\/#breadcrumb\"},\"inLanguage\":\"vi\",\"potentialAction\":[{\"@type\":\"ReadAction\",\"target\":[\"https:\/\/tatco.vn\/vi\/san-pham\/mobil-shc-rarus-46\/\"]}]},{\"@type\":\"ImageObject\",\"inLanguage\":\"vi\",\"@id\":\"https:\/\/tatco.vn\/vi\/san-pham\/mobil-shc-rarus-46\/#primaryimage\",\"url\":\"https:\/\/tatco.vn\/wp-content\/uploads\/2019\/06\/dau-nhot-mobil-mobil-oil-white.png\",\"contentUrl\":\"https:\/\/tatco.vn\/wp-content\/uploads\/2019\/06\/dau-nhot-mobil-mobil-oil-white.png\",\"width\":1200,\"height\":1200,\"caption\":\"dau nhot mobil mobil oil\"},{\"@type\":\"BreadcrumbList\",\"@id\":\"https:\/\/tatco.vn\/vi\/san-pham\/mobil-shc-rarus-46\/#breadcrumb\",\"itemListElement\":[{\"@type\":\"ListItem\",\"position\":1,\"name\":\"Home\",\"item\":\"https:\/\/tatco.vn\/\"},{\"@type\":\"ListItem\",\"position\":2,\"name\":\"C\u1eeda h\u00e0ng\",\"item\":\"https:\/\/tatco.vn\/en\/mua\/\"},{\"@type\":\"ListItem\",\"position\":3,\"name\":\"Mobil SHC Rarus 46\"}]},{\"@type\":\"WebSite\",\"@id\":\"https:\/\/tatco.vn\/en\/#website\",\"url\":\"https:\/\/tatco.vn\/en\/\",\"name\":\"C\u00f4ng Ty TNHH D\u1ea7u Nh\u1eddn T&amp;T Vi\u1ec7t Nam\",\"description\":\"Right Point - Right Time - Best Solution\",\"publisher\":{\"@id\":\"https:\/\/tatco.vn\/en\/#organization\"},\"potentialAction\":[{\"@type\":\"SearchAction\",\"target\":{\"@type\":\"EntryPoint\",\"urlTemplate\":\"https:\/\/tatco.vn\/en\/?s={search_term_string}\"},\"query-input\":{\"@type\":\"PropertyValueSpecification\",\"valueRequired\":true,\"valueName\":\"search_term_string\"}}],\"inLanguage\":\"vi\"},{\"@type\":\"Organization\",\"@id\":\"https:\/\/tatco.vn\/en\/#organization\",\"name\":\"C\u00f4ng Ty TNHH D\u1ea7u Nh\u1eddn T&T Vi\u1ec7t Nam\",\"url\":\"https:\/\/tatco.vn\/en\/\",\"logo\":{\"@type\":\"ImageObject\",\"inLanguage\":\"vi\",\"@id\":\"https:\/\/tatco.vn\/en\/#\/schema\/logo\/image\/\",\"url\":\"https:\/\/tatco.vn\/wp-content\/uploads\/2019\/05\/fav-ico.png\",\"contentUrl\":\"https:\/\/tatco.vn\/wp-content\/uploads\/2019\/05\/fav-ico.png\",\"width\":200,\"height\":200,\"caption\":\"C\u00f4ng Ty TNHH D\u1ea7u Nh\u1eddn T&T Vi\u1ec7t Nam\"},\"image\":{\"@id\":\"https:\/\/tatco.vn\/en\/#\/schema\/logo\/image\/\"}}]}<\/script>\n<!-- \/ Yoast SEO plugin. -->","yoast_head_json":{"title":"Mobil SHC Rarus 46 - C\u00f4ng Ty TNHH D\u1ea7u Nh\u1eddn T&amp;T Vi\u1ec7t Nam","description":"D\u1ea7u Mobil SHC Rarus 46 l\u00e0 ch\u1ea5t b\u00f4i tr\u01a1n m\u00e1y n\u00e9n kh\u00ed hi\u1ec7u su\u1ea5t cao ch\u1ee7 y\u1ebfu d\u00f9ng \u0111\u1ec3 b\u00f4i tr\u01a1n m\u00e1y n\u00e9n kh\u00ed tr\u1ee5c v\u00edt v\u00e0 m\u00e1y n\u00e9n kh\u00ed c\u00e1nh g\u1ea1t.","robots":{"index":"index","follow":"follow","max-snippet":"max-snippet:-1","max-image-preview":"max-image-preview:large","max-video-preview":"max-video-preview:-1"},"canonical":"https:\/\/tatco.vn\/vi\/san-pham\/mobil-shc-rarus-46\/","og_locale":"vi_VN","og_type":"article","og_title":"Mobil SHC Rarus 46 - C\u00f4ng Ty TNHH D\u1ea7u Nh\u1eddn T&amp;T Vi\u1ec7t Nam","og_description":"D\u1ea7u Mobil SHC Rarus 46 l\u00e0 ch\u1ea5t b\u00f4i tr\u01a1n m\u00e1y n\u00e9n kh\u00ed hi\u1ec7u su\u1ea5t cao ch\u1ee7 y\u1ebfu d\u00f9ng \u0111\u1ec3 b\u00f4i tr\u01a1n m\u00e1y n\u00e9n kh\u00ed tr\u1ee5c v\u00edt v\u00e0 m\u00e1y n\u00e9n kh\u00ed c\u00e1nh g\u1ea1t.","og_url":"https:\/\/tatco.vn\/vi\/san-pham\/mobil-shc-rarus-46\/","og_site_name":"C\u00f4ng Ty TNHH D\u1ea7u Nh\u1eddn T&amp;T Vi\u1ec7t Nam","article_modified_time":"2020-12-25T12:10:52+00:00","og_image":[{"width":1200,"height":1200,"url":"https:\/\/tatco.vn\/wp-content\/uploads\/2019\/06\/dau-nhot-mobil-mobil-oil-white.png","type":"image\/png"}],"twitter_card":"summary_large_image","twitter_misc":{"\u01af\u1edbc t\u00ednh th\u1eddi gian \u0111\u1ecdc":"7 ph\u00fat"},"schema":{"@context":"https:\/\/schema.org","@graph":[{"@type":"WebPage","@id":"https:\/\/tatco.vn\/vi\/san-pham\/mobil-shc-rarus-46\/","url":"https:\/\/tatco.vn\/vi\/san-pham\/mobil-shc-rarus-46\/","name":"Mobil SHC Rarus 46 - C\u00f4ng Ty TNHH D\u1ea7u Nh\u1eddn T&amp;T Vi\u1ec7t Nam","isPartOf":{"@id":"https:\/\/tatco.vn\/en\/#website"},"primaryImageOfPage":{"@id":"https:\/\/tatco.vn\/vi\/san-pham\/mobil-shc-rarus-46\/#primaryimage"},"image":{"@id":"https:\/\/tatco.vn\/vi\/san-pham\/mobil-shc-rarus-46\/#primaryimage"},"thumbnailUrl":"https:\/\/tatco.vn\/wp-content\/uploads\/2019\/06\/dau-nhot-mobil-mobil-oil-white.png","datePublished":"2020-12-25T12:06:48+00:00","dateModified":"2020-12-25T12:10:52+00:00","description":"D\u1ea7u Mobil SHC Rarus 46 l\u00e0 ch\u1ea5t b\u00f4i tr\u01a1n m\u00e1y n\u00e9n kh\u00ed hi\u1ec7u su\u1ea5t cao ch\u1ee7 y\u1ebfu d\u00f9ng \u0111\u1ec3 b\u00f4i tr\u01a1n m\u00e1y n\u00e9n kh\u00ed tr\u1ee5c v\u00edt v\u00e0 m\u00e1y n\u00e9n kh\u00ed c\u00e1nh g\u1ea1t.","breadcrumb":{"@id":"https:\/\/tatco.vn\/vi\/san-pham\/mobil-shc-rarus-46\/#breadcrumb"},"inLanguage":"vi","potentialAction":[{"@type":"ReadAction","target":["https:\/\/tatco.vn\/vi\/san-pham\/mobil-shc-rarus-46\/"]}]},{"@type":"ImageObject","inLanguage":"vi","@id":"https:\/\/tatco.vn\/vi\/san-pham\/mobil-shc-rarus-46\/#primaryimage","url":"https:\/\/tatco.vn\/wp-content\/uploads\/2019\/06\/dau-nhot-mobil-mobil-oil-white.png","contentUrl":"https:\/\/tatco.vn\/wp-content\/uploads\/2019\/06\/dau-nhot-mobil-mobil-oil-white.png","width":1200,"height":1200,"caption":"dau nhot mobil mobil oil"},{"@type":"BreadcrumbList","@id":"https:\/\/tatco.vn\/vi\/san-pham\/mobil-shc-rarus-46\/#breadcrumb","itemListElement":[{"@type":"ListItem","position":1,"name":"Home","item":"https:\/\/tatco.vn\/"},{"@type":"ListItem","position":2,"name":"C\u1eeda h\u00e0ng","item":"https:\/\/tatco.vn\/en\/mua\/"},{"@type":"ListItem","position":3,"name":"Mobil SHC Rarus 46"}]},{"@type":"WebSite","@id":"https:\/\/tatco.vn\/en\/#website","url":"https:\/\/tatco.vn\/en\/","name":"C\u00f4ng Ty TNHH D\u1ea7u Nh\u1eddn T&amp;T Vi\u1ec7t Nam","description":"Right Point - Right Time - Best Solution","publisher":{"@id":"https:\/\/tatco.vn\/en\/#organization"},"potentialAction":[{"@type":"SearchAction","target":{"@type":"EntryPoint","urlTemplate":"https:\/\/tatco.vn\/en\/?s={search_term_string}"},"query-input":{"@type":"PropertyValueSpecification","valueRequired":true,"valueName":"search_term_string"}}],"inLanguage":"vi"},{"@type":"Organization","@id":"https:\/\/tatco.vn\/en\/#organization","name":"C\u00f4ng Ty TNHH D\u1ea7u Nh\u1eddn T&T Vi\u1ec7t Nam","url":"https:\/\/tatco.vn\/en\/","logo":{"@type":"ImageObject","inLanguage":"vi","@id":"https:\/\/tatco.vn\/en\/#\/schema\/logo\/image\/","url":"https:\/\/tatco.vn\/wp-content\/uploads\/2019\/05\/fav-ico.png","contentUrl":"https:\/\/tatco.vn\/wp-content\/uploads\/2019\/05\/fav-ico.png","width":200,"height":200,"caption":"C\u00f4ng Ty TNHH D\u1ea7u Nh\u1eddn T&T Vi\u1ec7t Nam"},"image":{"@id":"https:\/\/tatco.vn\/en\/#\/schema\/logo\/image\/"}}]}},"_links":{"self":[{"href":"https:\/\/tatco.vn\/vi\/wp-json\/wp\/v2\/product\/27297","targetHints":{"allow":["GET"]}}],"collection":[{"href":"https:\/\/tatco.vn\/vi\/wp-json\/wp\/v2\/product"}],"about":[{"href":"https:\/\/tatco.vn\/vi\/wp-json\/wp\/v2\/types\/product"}],"replies":[{"embeddable":true,"href":"https:\/\/tatco.vn\/vi\/wp-json\/wp\/v2\/comments?post=27297"}],"version-history":[{"count":0,"href":"https:\/\/tatco.vn\/vi\/wp-json\/wp\/v2\/product\/27297\/revisions"}],"wp:featuredmedia":[{"embeddable":true,"href":"https:\/\/tatco.vn\/vi\/wp-json\/wp\/v2\/media\/26973"}],"wp:attachment":[{"href":"https:\/\/tatco.vn\/vi\/wp-json\/wp\/v2\/media?parent=27297"}],"wp:term":[{"taxonomy":"product_cat","embeddable":true,"href":"https:\/\/tatco.vn\/vi\/wp-json\/wp\/v2\/product_cat?post=27297"},{"taxonomy":"product_tag","embeddable":true,"href":"https:\/\/tatco.vn\/vi\/wp-json\/wp\/v2\/product_tag?post=27297"}],"curies":[{"name":"wp","href":"https:\/\/api.w.org\/{rel}","templated":true}]}}