{"id":27265,"date":"2020-12-24T13:46:05","date_gmt":"2020-12-24T06:46:05","guid":{"rendered":"https:\/\/tatco.vn\/vi\/?post_type=product&#038;p=27265"},"modified":"2023-03-04T11:45:10","modified_gmt":"2023-03-04T04:45:10","slug":"mobil-rarus-425","status":"publish","type":"product","link":"https:\/\/tatco.vn\/vi\/san-pham\/dau-mobil-rarus-425\/","title":{"rendered":"Mobil Rarus 425"},"content":{"rendered":"<h2><strong>Mobil Rarus \u2122 425:<\/strong><\/h2>\n<p><strong>Mobil Rarus \u2122 425<\/strong>\u00a0l\u00e0 d\u00f2ng d\u1ea7u b\u00f4i tr\u01a1n d\u00e0nh cho m\u00e1y n\u00e9n kh\u00ed kh\u00f4ng tro cao c\u1ea5p ho\u1ea1t \u0111\u1ed9ng trong \u0111i\u1ec1u ki\u1ec7n kh\u1eafc nghi\u1ec7t.<\/p>\n<h2>T\u00ednh n\u0103ng v\u00e0 l\u1ee3i \u00edch<\/h2>\n<p style=\"text-align: justify;\">Vi\u1ec7c s\u1eed d\u1ee5ng d\u1ea7u Mobil Rarus 400 Series c\u00f3 th\u1ec3 gi\u00fap m\u00e1y n\u00e9n s\u1ea1ch h\u01a1n v\u00e0 gi\u1ea3m c\u1eb7n b\u1ea9n so v\u1edbi d\u1ea7u kho\u00e1ng th\u00f4ng th\u01b0\u1eddng, d\u1eabn \u0111\u1ebfn th\u1eddi gian v\u1eadn h\u00e0nh gi\u1eefa c\u00e1c kho\u1ea3ng th\u1eddi gian b\u1ea3o d\u01b0\u1ee1ng d\u00e0i h\u01a1n.\u00a0Kh\u1ea3 n\u0103ng oxy h\u00f3a v\u00e0 \u1ed5n \u0111\u1ecbnh nhi\u1ec7t tuy\u1ec7t v\u1eddi c\u1ee7a ch\u00fang cho ph\u00e9p k\u00e9o d\u00e0i tu\u1ed5i th\u1ecd \u0111\u1ed3ng th\u1eddi ki\u1ec3m so\u00e1t s\u1ef1 h\u00ecnh th\u00e0nh c\u1eb7n v\u00e0 c\u1eb7n.\u00a0Ch\u00fang c\u00f3 kh\u1ea3 n\u0103ng ch\u1ed1ng m\u00e0i m\u00f2n v\u00e0 ch\u1ed1ng \u0103n m\u00f2n v\u01b0\u1ee3t tr\u1ed9i, gi\u00fap n\u00e2ng cao tu\u1ed5i th\u1ecd v\u00e0 hi\u1ec7u su\u1ea5t c\u1ee7a thi\u1ebft b\u1ecb.<\/p>\n<p>&nbsp;<\/p>\n<div class=\"table-responsive\">\n<table class=\"table table-striped\">\n<tbody>\n<tr>\n<td>\n<p style=\"text-align: left;\"><strong>\u0110\u1eb7c tr\u01b0ng<\/strong><\/p>\n<\/td>\n<td>\n<p style=\"text-align: left;\"><strong>\u01afu \u0111i\u1ec3m v\u00e0 l\u1ee3i \u00edch ti\u1ec1m n\u0103ng<\/strong><\/p>\n<\/td>\n<\/tr>\n<tr>\n<td>\n<p style=\"text-align: left;\">S\u1ef1 h\u00ecnh th\u00e0nh tro v\u00e0 carbon th\u1ea5p<\/p>\n<\/td>\n<td>\n<p style=\"text-align: left;\">C\u1ea3i thi\u1ec7n hi\u1ec7u su\u1ea5t van<\/p>\n<p style=\"text-align: left;\">Gi\u1ea3m c\u1eb7n b\u1ea9n trong \u0111\u01b0\u1eddng x\u1ea3<\/p>\n<p style=\"text-align: left;\">Gi\u1ea3m nguy c\u01a1 ch\u00e1y n\u1ed5 trong h\u1ec7 th\u1ed1ng ph\u00f3ng \u0111i\u1ec7n<\/p>\n<p style=\"text-align: left;\">C\u1ea3i thi\u1ec7n hi\u1ec7u su\u1ea5t m\u00e1y n\u00e9n<\/p>\n<\/td>\n<\/tr>\n<tr>\n<td>\n<p style=\"text-align: left;\">T\u00ednh \u1ed5n \u0111\u1ecbnh nhi\u1ec7t v\u00e0 oxy h\u00f3a v\u01b0\u1ee3t tr\u1ed9i<\/p>\n<\/td>\n<td>\n<p style=\"text-align: left;\">Tu\u1ed5i th\u1ecd d\u1ea7u l\u00e2u h\u01a1n<\/p>\n<p style=\"text-align: left;\">C\u1ea3i thi\u1ec7n tu\u1ed5i th\u1ecd b\u1ed9 l\u1ecdc<\/p>\n<p style=\"text-align: left;\">Gi\u1ea3m chi ph\u00ed b\u1ea3o tr\u00ec<\/p>\n<\/td>\n<\/tr>\n<tr>\n<td>\n<p style=\"text-align: left;\">Kh\u1ea3 n\u0103ng ch\u1ecbu t\u1ea3i cao<\/p>\n<\/td>\n<td>\n<p style=\"text-align: left;\">Gi\u1ea3m m\u00e0i m\u00f2n v\u00f2ng, xi lanh, \u1ed5 tr\u1ee5c v\u00e0 b\u00e1nh r\u0103ng<\/p>\n<\/td>\n<\/tr>\n<tr>\n<td>\n<p style=\"text-align: left;\">Kh\u1ea3 n\u0103ng t\u00e1ch n\u01b0\u1edbc tuy\u1ec7t v\u1eddi<\/p>\n<\/td>\n<td>\n<p style=\"text-align: left;\">\u00cdt chuy\u1ec3n sang thi\u1ebft b\u1ecb h\u1ea1 ngu\u1ed3n<\/p>\n<p style=\"text-align: left;\">Gi\u1ea3m s\u1ef1 h\u00ecnh th\u00e0nh c\u1eb7n trong cacte v\u00e0 \u0111\u01b0\u1eddng x\u1ea3<\/p>\n<p style=\"text-align: left;\">Gi\u1ea3m s\u1ef1 t\u1eafc ngh\u1ebdn c\u1ee7a c\u00e1c kh\u1ed1i k\u1ebft h\u1ee3p<\/p>\n<p style=\"text-align: left;\">\u00cdt ti\u1ec1m n\u0103ng h\u00ecnh th\u00e0nh nh\u0169 t\u01b0\u01a1ng<\/p>\n<\/td>\n<\/tr>\n<tr>\n<td>\n<p style=\"text-align: left;\">B\u1ea3o v\u1ec7 ch\u1ed1ng r\u1ec9 v\u00e0 \u0103n m\u00f2n hi\u1ec7u qu\u1ea3<\/p>\n<\/td>\n<td>\n<p style=\"text-align: left;\">C\u1ea3i thi\u1ec7n kh\u1ea3 n\u0103ng b\u1ea3o v\u1ec7 van v\u00e0 gi\u1ea3m m\u00e0i m\u00f2n v\u00f2ng v\u00e0 xi lanh<\/p>\n<\/td>\n<\/tr>\n<\/tbody>\n<\/table>\n<\/div>\n<p>&nbsp;<\/p>\n<h2>C\u00e1c \u1ee9ng d\u1ee5ng<\/h2>\n<p style=\"text-align: justify;\">D\u1ea7u Mobil Rarus 400 Series \u0111\u01b0\u1ee3c khuy\u00ean d\u00f9ng cho m\u00e1y n\u00e9n kh\u00ed m\u1ed9t t\u1ea7ng v\u00e0 nhi\u1ec1u t\u1ea7ng.\u00a0Ch\u00fang \u0111\u1eb7c bi\u1ec7t hi\u1ec7u qu\u1ea3 khi ho\u1ea1t \u0111\u1ed9ng \u1edf nhi\u1ec7t \u0111\u1ed9 cao li\u00ean t\u1ee5c.\u00a0Nhi\u1ec7t \u0111\u1ed9 kh\u00ed n\u00e9n t\u1ed1i \u0111a, theo DIN 51506, l\u00e0 220 \u00b0 C.\u00a0Ch\u00fang th\u00edch h\u1ee3p cho c\u00e1c m\u00e1y ki\u1ec3u pitt\u00f4ng v\u00e0 ki\u1ec3u quay v\u1edbi c\u1ea5p \u0111\u1ed9 nh\u1edbt th\u1ea5p h\u01a1n, ch\u1ee7 y\u1ebfu \u0111\u01b0\u1ee3c s\u1eed d\u1ee5ng trong m\u00e1y n\u00e9n quay.\u00a0D\u1ea7u Rarus 400 Series \u0111\u01b0\u1ee3c khuy\u1ebfn ngh\u1ecb cho c\u00e1c \u0111\u01a1n v\u1ecb c\u00f3 ti\u1ec1n s\u1eed d\u1ea7u th\u1eeba, van ho\u1ea1t \u0111\u1ed9ng k\u00e9m ho\u1eb7c \u0111\u00f3ng c\u1eb7n.\u00a0Ch\u00fang t\u01b0\u01a1ng th\u00edch v\u1edbi t\u1ea5t c\u1ea3 c\u00e1c kim lo\u1ea1i \u0111\u01b0\u1ee3c s\u1eed d\u1ee5ng trong c\u1ea5u t\u1ea1o m\u00e1y n\u00e9n v\u00e0 v\u1edbi c\u00e1c ch\u1ea5t \u0111\u00e0n h\u1ed3i t\u01b0\u01a1ng th\u00edch v\u1edbi d\u1ea7u kho\u00e1ng \u0111\u01b0\u1ee3c s\u1eed d\u1ee5ng trong ph\u1edbt, v\u00f2ng ch\u1eef O v\u00e0 v\u00f2ng \u0111\u1ec7m.<\/p>\n<p>&nbsp;<\/p>\n<p>D\u1ea7u Mobil Rarus 400 Series kh\u00f4ng \u0111\u01b0\u1ee3c thi\u1ebft k\u1ebf ho\u1eb7c khuy\u1ebfn ngh\u1ecb s\u1eed d\u1ee5ng trong m\u00e1y n\u00e9n kh\u00ed cho c\u00e1c \u1ee9ng d\u1ee5ng th\u1edf.<\/p>\n<p>&nbsp;<\/p>\n<p>C\u00e1c lo\u1ea1i m\u00e1y n\u00e9n sau \u0111\u00e2y \u0111\u00e3 cho th\u1ea5y hi\u1ec7u su\u1ea5t tuy\u1ec7t v\u1eddi v\u1edbi d\u1ea7u Mobil Rarus 400 Series:<\/p>\n<p>\u2022 C\u00e1cte v\u00e0 xi lanh c\u1ee7a m\u00e1y n\u00e9n kh\u00ed piston<\/p>\n<p>\u2022 M\u00e1y n\u00e9n tr\u1ee5c v\u00edt quay<\/p>\n<p>\u2022 M\u00e1y n\u00e9n c\u00e1nh quay<\/p>\n<p>\u2022 M\u00e1y n\u00e9n h\u01b0\u1edbng tr\u1ee5c v\u00e0 ly t\u00e2m<\/p>\n<p>\u2022 H\u1ec7 th\u1ed1ng m\u00e1y n\u00e9n v\u1edbi c\u00e1c b\u00e1nh r\u0103ng v\u00e0 \u1ed5 tr\u1ee5c quan tr\u1ecdng<\/p>\n<p>\u2022 M\u00e1y n\u00e9n \u0111\u01b0\u1ee3c s\u1eed d\u1ee5ng trong c\u00e1c \u1ee9ng d\u1ee5ng v\u0103n ph\u00f2ng ph\u1ea9m v\u00e0 di \u0111\u1ed9ng<\/p>\n<p>&nbsp;<\/p>\n<h2>Th\u00f4ng s\u1ed1 k\u1ef9 thu\u1eadt v\u00e0 Ph\u00ea duy\u1ec7t<\/h2>\n<table class=\"table table-striped\">\n<tbody>\n<tr>\n<td>\n<p style=\"text-align: left;\"><strong>This product meets or exceeds the requirements of:<\/strong><\/p>\n<\/td>\n<td><strong>424<\/strong><\/td>\n<td><strong>425<\/strong><\/td>\n<td><strong>426<\/strong><\/td>\n<td><strong>427<\/strong><\/td>\n<td><strong>429<\/strong><\/td>\n<\/tr>\n<tr>\n<td>\n<p style=\"text-align: left;\">DIN 51506:1985-09 VDL<\/p>\n<\/td>\n<td>X<\/td>\n<td>X<\/td>\n<td>X<\/td>\n<td>X<\/td>\n<td>X<\/td>\n<\/tr>\n<\/tbody>\n<\/table>\n<h2>Thu\u1ed9c t\u00ednh v\u00e0 th\u00f4ng s\u1ed1 k\u1ef9 thu\u1eadt<\/h2>\n<table class=\"table table-striped\">\n<tbody>\n<tr>\n<td>\n<p style=\"text-align: left;\"><strong>Property<\/strong><\/p>\n<\/td>\n<td>\n<p style=\"text-align: center;\"><strong>424<\/strong><\/p>\n<\/td>\n<td style=\"text-align: center;\"><strong>425<\/strong><\/td>\n<td style=\"text-align: center;\"><strong>426<\/strong><\/td>\n<td style=\"text-align: center;\"><strong>427<\/strong><\/td>\n<td>\n<p style=\"text-align: center;\"><strong>429<\/strong><\/p>\n<\/td>\n<\/tr>\n<tr>\n<td>\n<p style=\"text-align: left;\">Grade<\/p>\n<\/td>\n<td>\n<p style=\"text-align: center;\">ISO 32<\/p>\n<\/td>\n<td style=\"text-align: center;\">ISO 46<\/td>\n<td style=\"text-align: center;\">ISO 68<\/td>\n<td style=\"text-align: center;\">ISO 100<\/td>\n<td>\n<p style=\"text-align: center;\">ISO 150<\/p>\n<\/td>\n<\/tr>\n<tr>\n<td>\n<p style=\"text-align: left;\">Ash, Sulfated, mass%, ASTM D874<\/p>\n<\/td>\n<td>\n<p style=\"text-align: center;\">\u20390.01<\/p>\n<\/td>\n<td style=\"text-align: center;\">&lt;0.01<\/td>\n<td style=\"text-align: center;\">&lt;0.01<\/td>\n<td style=\"text-align: center;\">&lt;0.01<\/td>\n<td>\n<p style=\"text-align: center;\">&lt;0.01<\/p>\n<\/td>\n<\/tr>\n<tr>\n<td>\n<p style=\"text-align: left;\">Copper Strip Corrosion, 3 h, 100 C, Rating, ASTM D130<\/p>\n<\/td>\n<td>\n<p style=\"text-align: center;\">1B<\/p>\n<\/td>\n<td style=\"text-align: center;\">1B<\/td>\n<td style=\"text-align: center;\">1A<\/td>\n<td style=\"text-align: center;\">1B<\/td>\n<td>\n<p style=\"text-align: center;\">1A<\/p>\n<\/td>\n<\/tr>\n<tr>\n<td>\n<p style=\"text-align: left;\">Density @ 15 C, kg\/l, ASTM D1298<\/p>\n<\/td>\n<td>\n<p style=\"text-align: center;\">0.866<\/p>\n<\/td>\n<td style=\"text-align: center;\">0.873<\/td>\n<td style=\"text-align: center;\">0.877<\/td>\n<td style=\"text-align: center;\">0.879<\/td>\n<td>\n<p style=\"text-align: center;\">0.866<\/p>\n<\/td>\n<\/tr>\n<tr>\n<td>\n<p style=\"text-align: left;\">FZG Scuffing, Fail Load Stage, A\/8.3\/90, ISO 14635-1<\/p>\n<\/td>\n<td>12<\/td>\n<td>11<\/td>\n<td>12<\/td>\n<td>11<\/td>\n<td>11<\/td>\n<\/tr>\n<tr>\n<td>\n<p style=\"text-align: left;\">Flash Point, Cleveland Open Cup, \u00b0C, ASTM D92<\/p>\n<\/td>\n<td>236<\/td>\n<td>238<\/td>\n<td>251<\/td>\n<td>264<\/td>\n<td>269<\/td>\n<\/tr>\n<tr>\n<td>\n<p style=\"text-align: left;\">Foam, Sequence I, Stability, ml, ASTM D892<\/p>\n<\/td>\n<td>0<\/td>\n<td>0<\/td>\n<td>0<\/td>\n<td>0<\/td>\n<td>20<\/td>\n<\/tr>\n<tr>\n<td>\n<p style=\"text-align: left;\">Foam, Sequence I, Tendency, ml, ASTM D892<\/p>\n<\/td>\n<td>10<\/td>\n<td>20<\/td>\n<td>0<\/td>\n<td>30<\/td>\n<td>430<\/td>\n<\/tr>\n<tr>\n<td>\n<p style=\"text-align: left;\">Kinematic Viscosity @ 100 C, mm2\/s, ASTM D445<\/p>\n<\/td>\n<td>5.4<\/td>\n<td>6.9<\/td>\n<td>8.9<\/td>\n<td>11.6<\/td>\n<td>14.7<\/td>\n<\/tr>\n<tr>\n<td>\n<p style=\"text-align: left;\">Kinematic Viscosity @ 40 C, mm2\/s, ASTM D445<\/p>\n<\/td>\n<td>32<\/td>\n<td>46<\/td>\n<td>68<\/td>\n<td>104.6<\/td>\n<td>147.3<\/td>\n<\/tr>\n<tr>\n<td>\n<p style=\"text-align: left;\">Rust Characteristics, Procedure A, ASTM D665<\/p>\n<\/td>\n<td><\/td>\n<td><\/td>\n<td>PASS<\/td>\n<td>PASS<\/td>\n<td>PASS<\/td>\n<\/tr>\n<tr>\n<td>\n<p style=\"text-align: left;\">Rust Characteristics, Procedure B, Rating, ASTM D665<\/p>\n<\/td>\n<td>PASS<\/td>\n<td>PASS<\/td>\n<td>PASS<\/td>\n<td><\/td>\n<td><\/td>\n<\/tr>\n<tr>\n<td>\n<p style=\"text-align: left;\">Rust Prevention, Procedure B, Rating, ASTM D665<\/p>\n<\/td>\n<td><\/td>\n<td><\/td>\n<td><\/td>\n<td>PASS<\/td>\n<td>PASS<\/td>\n<\/tr>\n<tr>\n<td>\n<p style=\"text-align: left;\">Viscosity Index, ASTM D2270<\/p>\n<\/td>\n<td>105<\/td>\n<td>105<\/td>\n<td>105<\/td>\n<td>100<\/td>\n<td>100<\/td>\n<\/tr>\n<\/tbody>\n<\/table>\n<h4><a href=\"https:\/\/www.mobil.com\/english-lu\/industrial\/pds\/glxxmobil-rarus-400-series\">T\u00e0i li\u1ec7u tham kh\u1ea3o Mobil Rarus\u2122 400 Series: Click v\u00e0o \u0111\u00e2y.<\/a><\/h4>\n<p><a href=\"https:\/\/tatco.vn\/vi\/product-category\/dau-nhot-mobil\/dau-cong-nghiep-mobil\/dau-may-nen-khi-mobil\/\">X\u00eam th\u00eam danh m\u1ee5c: Click t\u1ea1i \u0111\u00e2y.<\/a><\/p>\n","protected":false},"excerpt":{"rendered":"<p><strong>Mobil Rarus \u2122 425<\/strong>\u00a0l\u00e0 d\u00f2ng d\u1ea7u b\u00f4i tr\u01a1n d\u00e0nh cho m\u00e1y n\u00e9n kh\u00ed kh\u00f4ng tro cao c\u1ea5p ho\u1ea1t \u0111\u1ed9ng trong \u0111i\u1ec1u ki\u1ec7n kh\u1eafc nghi\u1ec7t.<\/p>\n","protected":false},"featured_media":26930,"comment_status":"open","ping_status":"closed","template":"","meta":[],"product_cat":[374,371,361,611],"product_tag":[690,613],"class_list":{"0":"post-27265","1":"product","2":"type-product","3":"status-publish","4":"has-post-thumbnail","6":"product_brand-mobil","7":"product_cat-mobil-industrial-oil","8":"product_cat-mobil-compressor-oil","9":"product_cat-mobil-oil","10":"product_cat-mobil-rarus-400-series","11":"product_tag-mobil-rarus-400-series","12":"product_tag-mobil-rarus-425","14":"first","15":"instock","16":"shipping-taxable","17":"purchasable","18":"product-type-simple"},"yoast_head":"<!-- This site is optimized with the Yoast SEO plugin v27.2 - https:\/\/yoast.com\/product\/yoast-seo-wordpress\/ -->\n<title>Mobil Rarus 425 - C\u00f4ng Ty TNHH D\u1ea7u Nh\u1eddn T&amp;T Vi\u1ec7t Nam<\/title>\n<meta name=\"description\" content=\"Mobil Rarus \u2122 425\u00a0l\u00e0 d\u00f2ng d\u1ea7u b\u00f4i tr\u01a1n d\u00e0nh cho m\u00e1y n\u00e9n kh\u00ed kh\u00f4ng tro cao c\u1ea5p ho\u1ea1t \u0111\u1ed9ng trong \u0111i\u1ec1u ki\u1ec7n kh\u1eafc nghi\u1ec7t. \u0110\u1eb7c t\u00ednh: Gi\u1ea3m t\u1ea1o Cacbon v\u00e0 tro b\u1ee5i ...\" \/>\n<meta name=\"robots\" content=\"index, follow, max-snippet:-1, max-image-preview:large, max-video-preview:-1\" \/>\n<link rel=\"canonical\" href=\"https:\/\/tatco.vn\/en\/san-pham\/mobil-rarus-425\/\" \/>\n<meta property=\"og:locale\" content=\"vi_VN\" \/>\n<meta property=\"og:type\" content=\"article\" \/>\n<meta property=\"og:title\" content=\"Mobil Rarus 425 - C\u00f4ng Ty TNHH D\u1ea7u Nh\u1eddn T&amp;T Vi\u1ec7t Nam\" \/>\n<meta property=\"og:description\" content=\"Mobil Rarus \u2122 425\u00a0l\u00e0 d\u00f2ng d\u1ea7u b\u00f4i tr\u01a1n d\u00e0nh cho m\u00e1y n\u00e9n kh\u00ed kh\u00f4ng tro cao c\u1ea5p ho\u1ea1t \u0111\u1ed9ng trong \u0111i\u1ec1u ki\u1ec7n kh\u1eafc nghi\u1ec7t. \u0110\u1eb7c t\u00ednh: Gi\u1ea3m t\u1ea1o Cacbon v\u00e0 tro b\u1ee5i ...\" \/>\n<meta property=\"og:url\" content=\"https:\/\/tatco.vn\/en\/san-pham\/mobil-rarus-425\/\" \/>\n<meta property=\"og:site_name\" content=\"C\u00f4ng Ty TNHH D\u1ea7u Nh\u1eddn T&amp;T Vi\u1ec7t Nam\" \/>\n<meta property=\"article:modified_time\" content=\"2023-03-04T04:45:10+00:00\" \/>\n<meta property=\"og:image\" content=\"https:\/\/tatco.vn\/wp-content\/uploads\/2019\/06\/dau-nhot-mobil-mobil-oil.png\" \/>\n\t<meta property=\"og:image:width\" content=\"1200\" \/>\n\t<meta property=\"og:image:height\" content=\"1200\" \/>\n\t<meta property=\"og:image:type\" content=\"image\/png\" \/>\n<meta name=\"twitter:card\" content=\"summary_large_image\" \/>\n<meta name=\"twitter:label1\" content=\"\u01af\u1edbc t\u00ednh th\u1eddi gian \u0111\u1ecdc\" \/>\n\t<meta name=\"twitter:data1\" content=\"5 ph\u00fat\" \/>\n<script type=\"application\/ld+json\" class=\"yoast-schema-graph\">{\"@context\":\"https:\/\/schema.org\",\"@graph\":[{\"@type\":\"WebPage\",\"@id\":\"https:\/\/tatco.vn\/en\/san-pham\/mobil-rarus-425\/\",\"url\":\"https:\/\/tatco.vn\/en\/san-pham\/mobil-rarus-425\/\",\"name\":\"Mobil Rarus 425 - C\u00f4ng Ty TNHH D\u1ea7u Nh\u1eddn T&amp;T Vi\u1ec7t Nam\",\"isPartOf\":{\"@id\":\"https:\/\/tatco.vn\/en\/#website\"},\"primaryImageOfPage\":{\"@id\":\"https:\/\/tatco.vn\/en\/san-pham\/mobil-rarus-425\/#primaryimage\"},\"image\":{\"@id\":\"https:\/\/tatco.vn\/en\/san-pham\/mobil-rarus-425\/#primaryimage\"},\"thumbnailUrl\":\"https:\/\/tatco.vn\/wp-content\/uploads\/2019\/06\/dau-nhot-mobil-mobil-oil.png\",\"datePublished\":\"2020-12-24T06:46:05+00:00\",\"dateModified\":\"2023-03-04T04:45:10+00:00\",\"description\":\"Mobil Rarus \u2122 425\u00a0l\u00e0 d\u00f2ng d\u1ea7u b\u00f4i tr\u01a1n d\u00e0nh cho m\u00e1y n\u00e9n kh\u00ed kh\u00f4ng tro cao c\u1ea5p ho\u1ea1t \u0111\u1ed9ng trong \u0111i\u1ec1u ki\u1ec7n kh\u1eafc nghi\u1ec7t. \u0110\u1eb7c t\u00ednh: Gi\u1ea3m t\u1ea1o Cacbon v\u00e0 tro b\u1ee5i ...\",\"breadcrumb\":{\"@id\":\"https:\/\/tatco.vn\/en\/san-pham\/mobil-rarus-425\/#breadcrumb\"},\"inLanguage\":\"vi\",\"potentialAction\":[{\"@type\":\"ReadAction\",\"target\":[\"https:\/\/tatco.vn\/en\/san-pham\/mobil-rarus-425\/\"]}]},{\"@type\":\"ImageObject\",\"inLanguage\":\"vi\",\"@id\":\"https:\/\/tatco.vn\/en\/san-pham\/mobil-rarus-425\/#primaryimage\",\"url\":\"https:\/\/tatco.vn\/wp-content\/uploads\/2019\/06\/dau-nhot-mobil-mobil-oil.png\",\"contentUrl\":\"https:\/\/tatco.vn\/wp-content\/uploads\/2019\/06\/dau-nhot-mobil-mobil-oil.png\",\"width\":1200,\"height\":1200,\"caption\":\"dau nhot mobil mobil oil Mobil SHC 625\"},{\"@type\":\"BreadcrumbList\",\"@id\":\"https:\/\/tatco.vn\/en\/san-pham\/mobil-rarus-425\/#breadcrumb\",\"itemListElement\":[{\"@type\":\"ListItem\",\"position\":1,\"name\":\"Home\",\"item\":\"https:\/\/tatco.vn\/\"},{\"@type\":\"ListItem\",\"position\":2,\"name\":\"C\u1eeda h\u00e0ng\",\"item\":\"https:\/\/tatco.vn\/en\/mua\/\"},{\"@type\":\"ListItem\",\"position\":3,\"name\":\"Mobil Rarus 425\"}]},{\"@type\":\"WebSite\",\"@id\":\"https:\/\/tatco.vn\/en\/#website\",\"url\":\"https:\/\/tatco.vn\/en\/\",\"name\":\"C\u00f4ng Ty TNHH D\u1ea7u Nh\u1eddn T&amp;T Vi\u1ec7t Nam\",\"description\":\"Right Point - Right Time - Best Solution\",\"publisher\":{\"@id\":\"https:\/\/tatco.vn\/en\/#organization\"},\"potentialAction\":[{\"@type\":\"SearchAction\",\"target\":{\"@type\":\"EntryPoint\",\"urlTemplate\":\"https:\/\/tatco.vn\/en\/?s={search_term_string}\"},\"query-input\":{\"@type\":\"PropertyValueSpecification\",\"valueRequired\":true,\"valueName\":\"search_term_string\"}}],\"inLanguage\":\"vi\"},{\"@type\":\"Organization\",\"@id\":\"https:\/\/tatco.vn\/en\/#organization\",\"name\":\"C\u00f4ng Ty TNHH D\u1ea7u Nh\u1eddn T&T Vi\u1ec7t Nam\",\"url\":\"https:\/\/tatco.vn\/en\/\",\"logo\":{\"@type\":\"ImageObject\",\"inLanguage\":\"vi\",\"@id\":\"https:\/\/tatco.vn\/en\/#\/schema\/logo\/image\/\",\"url\":\"https:\/\/tatco.vn\/wp-content\/uploads\/2019\/05\/fav-ico.png\",\"contentUrl\":\"https:\/\/tatco.vn\/wp-content\/uploads\/2019\/05\/fav-ico.png\",\"width\":200,\"height\":200,\"caption\":\"C\u00f4ng Ty TNHH D\u1ea7u Nh\u1eddn T&T Vi\u1ec7t Nam\"},\"image\":{\"@id\":\"https:\/\/tatco.vn\/en\/#\/schema\/logo\/image\/\"}}]}<\/script>\n<!-- \/ Yoast SEO plugin. -->","yoast_head_json":{"title":"Mobil Rarus 425 - C\u00f4ng Ty TNHH D\u1ea7u Nh\u1eddn T&amp;T Vi\u1ec7t Nam","description":"Mobil Rarus \u2122 425\u00a0l\u00e0 d\u00f2ng d\u1ea7u b\u00f4i tr\u01a1n d\u00e0nh cho m\u00e1y n\u00e9n kh\u00ed kh\u00f4ng tro cao c\u1ea5p ho\u1ea1t \u0111\u1ed9ng trong \u0111i\u1ec1u ki\u1ec7n kh\u1eafc nghi\u1ec7t. \u0110\u1eb7c t\u00ednh: Gi\u1ea3m t\u1ea1o Cacbon v\u00e0 tro b\u1ee5i ...","robots":{"index":"index","follow":"follow","max-snippet":"max-snippet:-1","max-image-preview":"max-image-preview:large","max-video-preview":"max-video-preview:-1"},"canonical":"https:\/\/tatco.vn\/en\/san-pham\/mobil-rarus-425\/","og_locale":"vi_VN","og_type":"article","og_title":"Mobil Rarus 425 - C\u00f4ng Ty TNHH D\u1ea7u Nh\u1eddn T&amp;T Vi\u1ec7t Nam","og_description":"Mobil Rarus \u2122 425\u00a0l\u00e0 d\u00f2ng d\u1ea7u b\u00f4i tr\u01a1n d\u00e0nh cho m\u00e1y n\u00e9n kh\u00ed kh\u00f4ng tro cao c\u1ea5p ho\u1ea1t \u0111\u1ed9ng trong \u0111i\u1ec1u ki\u1ec7n kh\u1eafc nghi\u1ec7t. \u0110\u1eb7c t\u00ednh: Gi\u1ea3m t\u1ea1o Cacbon v\u00e0 tro b\u1ee5i ...","og_url":"https:\/\/tatco.vn\/en\/san-pham\/mobil-rarus-425\/","og_site_name":"C\u00f4ng Ty TNHH D\u1ea7u Nh\u1eddn T&amp;T Vi\u1ec7t Nam","article_modified_time":"2023-03-04T04:45:10+00:00","og_image":[{"width":1200,"height":1200,"url":"https:\/\/tatco.vn\/wp-content\/uploads\/2019\/06\/dau-nhot-mobil-mobil-oil.png","type":"image\/png"}],"twitter_card":"summary_large_image","twitter_misc":{"\u01af\u1edbc t\u00ednh th\u1eddi gian \u0111\u1ecdc":"5 ph\u00fat"},"schema":{"@context":"https:\/\/schema.org","@graph":[{"@type":"WebPage","@id":"https:\/\/tatco.vn\/en\/san-pham\/mobil-rarus-425\/","url":"https:\/\/tatco.vn\/en\/san-pham\/mobil-rarus-425\/","name":"Mobil Rarus 425 - C\u00f4ng Ty TNHH D\u1ea7u Nh\u1eddn T&amp;T Vi\u1ec7t Nam","isPartOf":{"@id":"https:\/\/tatco.vn\/en\/#website"},"primaryImageOfPage":{"@id":"https:\/\/tatco.vn\/en\/san-pham\/mobil-rarus-425\/#primaryimage"},"image":{"@id":"https:\/\/tatco.vn\/en\/san-pham\/mobil-rarus-425\/#primaryimage"},"thumbnailUrl":"https:\/\/tatco.vn\/wp-content\/uploads\/2019\/06\/dau-nhot-mobil-mobil-oil.png","datePublished":"2020-12-24T06:46:05+00:00","dateModified":"2023-03-04T04:45:10+00:00","description":"Mobil Rarus \u2122 425\u00a0l\u00e0 d\u00f2ng d\u1ea7u b\u00f4i tr\u01a1n d\u00e0nh cho m\u00e1y n\u00e9n kh\u00ed kh\u00f4ng tro cao c\u1ea5p ho\u1ea1t \u0111\u1ed9ng trong \u0111i\u1ec1u ki\u1ec7n kh\u1eafc nghi\u1ec7t. \u0110\u1eb7c t\u00ednh: Gi\u1ea3m t\u1ea1o Cacbon v\u00e0 tro b\u1ee5i ...","breadcrumb":{"@id":"https:\/\/tatco.vn\/en\/san-pham\/mobil-rarus-425\/#breadcrumb"},"inLanguage":"vi","potentialAction":[{"@type":"ReadAction","target":["https:\/\/tatco.vn\/en\/san-pham\/mobil-rarus-425\/"]}]},{"@type":"ImageObject","inLanguage":"vi","@id":"https:\/\/tatco.vn\/en\/san-pham\/mobil-rarus-425\/#primaryimage","url":"https:\/\/tatco.vn\/wp-content\/uploads\/2019\/06\/dau-nhot-mobil-mobil-oil.png","contentUrl":"https:\/\/tatco.vn\/wp-content\/uploads\/2019\/06\/dau-nhot-mobil-mobil-oil.png","width":1200,"height":1200,"caption":"dau nhot mobil mobil oil Mobil SHC 625"},{"@type":"BreadcrumbList","@id":"https:\/\/tatco.vn\/en\/san-pham\/mobil-rarus-425\/#breadcrumb","itemListElement":[{"@type":"ListItem","position":1,"name":"Home","item":"https:\/\/tatco.vn\/"},{"@type":"ListItem","position":2,"name":"C\u1eeda h\u00e0ng","item":"https:\/\/tatco.vn\/en\/mua\/"},{"@type":"ListItem","position":3,"name":"Mobil Rarus 425"}]},{"@type":"WebSite","@id":"https:\/\/tatco.vn\/en\/#website","url":"https:\/\/tatco.vn\/en\/","name":"C\u00f4ng Ty TNHH D\u1ea7u Nh\u1eddn T&amp;T Vi\u1ec7t Nam","description":"Right Point - Right Time - Best Solution","publisher":{"@id":"https:\/\/tatco.vn\/en\/#organization"},"potentialAction":[{"@type":"SearchAction","target":{"@type":"EntryPoint","urlTemplate":"https:\/\/tatco.vn\/en\/?s={search_term_string}"},"query-input":{"@type":"PropertyValueSpecification","valueRequired":true,"valueName":"search_term_string"}}],"inLanguage":"vi"},{"@type":"Organization","@id":"https:\/\/tatco.vn\/en\/#organization","name":"C\u00f4ng Ty TNHH D\u1ea7u Nh\u1eddn T&T Vi\u1ec7t Nam","url":"https:\/\/tatco.vn\/en\/","logo":{"@type":"ImageObject","inLanguage":"vi","@id":"https:\/\/tatco.vn\/en\/#\/schema\/logo\/image\/","url":"https:\/\/tatco.vn\/wp-content\/uploads\/2019\/05\/fav-ico.png","contentUrl":"https:\/\/tatco.vn\/wp-content\/uploads\/2019\/05\/fav-ico.png","width":200,"height":200,"caption":"C\u00f4ng Ty TNHH D\u1ea7u Nh\u1eddn T&T Vi\u1ec7t Nam"},"image":{"@id":"https:\/\/tatco.vn\/en\/#\/schema\/logo\/image\/"}}]}},"_links":{"self":[{"href":"https:\/\/tatco.vn\/vi\/wp-json\/wp\/v2\/product\/27265","targetHints":{"allow":["GET"]}}],"collection":[{"href":"https:\/\/tatco.vn\/vi\/wp-json\/wp\/v2\/product"}],"about":[{"href":"https:\/\/tatco.vn\/vi\/wp-json\/wp\/v2\/types\/product"}],"replies":[{"embeddable":true,"href":"https:\/\/tatco.vn\/vi\/wp-json\/wp\/v2\/comments?post=27265"}],"version-history":[{"count":0,"href":"https:\/\/tatco.vn\/vi\/wp-json\/wp\/v2\/product\/27265\/revisions"}],"wp:featuredmedia":[{"embeddable":true,"href":"https:\/\/tatco.vn\/vi\/wp-json\/wp\/v2\/media\/26930"}],"wp:attachment":[{"href":"https:\/\/tatco.vn\/vi\/wp-json\/wp\/v2\/media?parent=27265"}],"wp:term":[{"taxonomy":"product_cat","embeddable":true,"href":"https:\/\/tatco.vn\/vi\/wp-json\/wp\/v2\/product_cat?post=27265"},{"taxonomy":"product_tag","embeddable":true,"href":"https:\/\/tatco.vn\/vi\/wp-json\/wp\/v2\/product_tag?post=27265"}],"curies":[{"name":"wp","href":"https:\/\/api.w.org\/{rel}","templated":true}]}}