{"id":26926,"date":"2020-09-07T23:35:52","date_gmt":"2020-09-07T16:35:52","guid":{"rendered":"https:\/\/tatco.vn\/vi\/?post_type=product&#038;p=26926"},"modified":"2025-03-29T00:43:27","modified_gmt":"2025-03-28T17:43:27","slug":"dau-thuy-luc-mobil-dte-21","status":"publish","type":"product","link":"https:\/\/tatco.vn\/vi\/san-pham\/dau-thuy-luc-mobil-dte-21\/","title":{"rendered":"D\u1ea7u Th\u1ee7y L\u1ef1c Mobil DTE 21"},"content":{"rendered":"<section class=\"wpb-content-wrapper\"><p>[vc_row][vc_column][vc_column_text]<\/p>\n<h2><strong>Mobil DTE 21:<\/strong><\/h2>\n<p><strong>Mobil DTE 21<\/strong> l\u00e0 d\u1ea7u th\u1ee7y l\u1ef1c ch\u1ed1ng m\u00e0i m\u00f2n hi\u1ec7u su\u1ea5t cao.<br \/>\nD\u1ea7u Mobil DTE 21 \u0111\u00e1p \u1ee9ng c\u00e1c y\u00eau c\u1ea7u nghi\u00eam ng\u1eb7t c\u1ee7a c\u00e1c h\u1ec7 th\u1ed1ng th\u1ee7y l\u1ef1c s\u1eed d\u1ee5ng m\u00e1y b\u01a1m \u00e1p su\u1ea5t cao, c\u00f4ng su\u1ea5t l\u1edbn c\u0169ng nh\u01b0 c\u00e1c th\u00e0nh ph\u1ea7n h\u1ec7 th\u1ed1ng th\u1ee7y l\u1ef1c kh\u00e1c nh\u01b0 van servo c\u00f3 khe h\u1edf \u0111\u00f3ng v\u00e0 m\u00e1y c\u00f4ng c\u1ee5 \u0111i\u1ec1u khi\u1ec3n s\u1ed1 (NC).<br \/>\nD\u1ea7u Mobil DTE 21 \u0111\u00e1p \u1ee9ng c\u00e1c y\u00eau c\u1ea7u hi\u1ec7u su\u1ea5t kh\u1eaft khe nh\u1ea5t c\u1ee7a nhi\u1ec1u nh\u00e0 s\u1ea3n xu\u1ea5t h\u1ec7 th\u1ed1ng th\u1ee7y l\u1ef1c v\u00e0 linh ki\u1ec7n, cho ph\u00e9p s\u1eed d\u1ee5ng m\u1ed9t s\u1ea3n ph\u1ea9m duy nh\u1ea5t v\u1edbi c\u00e1c \u0111\u1eb7c t\u00ednh hi\u1ec7u su\u1ea5t tuy\u1ec7t v\u1eddi.<\/p>\n<p><strong>\u0110\u1eb7c t\u00ednh:<\/strong><\/p>\n<ul>\n<li>\u1ed4n \u0111\u1ecbnh t\u00ednh oxy h\u00f3a<\/li>\n<li>Ch\u1ed1ng m\u00e0i m\u00f2n, \u0103n m\u00f2n t\u1ed1t<\/li>\n<li>Kh\u1ea3 n\u0103ng kh\u1eed nh\u0169 t\u01b0\u01a1ng<\/li>\n<li>L\u00e0m s\u1ea1ch thi\u1ebft b\u1ecb<\/li>\n<\/ul>\n<p><strong>\u1ee8ng d\u1ee5ng:<\/strong><\/p>\n<ul>\n<li>H\u1ec7 th\u1ed1ng th\u1ee7y l\u1ef1c d\u1ec5 b\u1ecb \u0111\u00f3ng c\u1eb7n, b\u00f9n<\/li>\n<li>H\u1ec7 th\u1ed1ng th\u1ee7y l\u1ef1c \u0111\u00f2i h\u1ecfi kh\u1ea3 n\u0103ng t\u1ea3i cao v\u00e0 ch\u1ed1ng m\u00e0i m\u00f2n, ch\u1ed1ng \u0103n m\u00f2n<\/li>\n<li>Thi\u1ebft b\u1ecb d\u1ec5 b\u1ecb d\u00ednh n\u01b0\u1edbc<\/li>\n<li>H\u1ec7 th\u1ed1ng ch\u1ee9a b\u00e1nh r\u0103ng v\u00e0 v\u00f2ng bi<\/li>\n<li>M\u00e1y m\u00f3c s\u1eed d\u1ee5ng nhi\u1ec1u th\u00e0nh ph\u1ea7n luy\u1ec7n kim kh\u00e1c nhau.<\/li>\n<\/ul>\n<p>&nbsp;<\/p>\n<h2>Th\u00f4ng s\u1ed1 k\u1ef9 thu\u1eadt v\u00e0 ch\u1ee9ng nh\u1eadn:<\/h2>\n<div class=\"table-responsive\">\n<div class=\"table-responsive\">\n<table class=\"table table-striped\">\n<tbody>\n<tr>\n<td style=\"text-align: left;\">This product has the following approvals:<\/td>\n<td>MOBIL DTE 22<\/td>\n<td>MOBIL DTE 24<\/td>\n<td>MOBIL DTE 25<\/td>\n<td>MOBIL DTE 26<\/td>\n<td>MOBIL DTE 27<\/td>\n<\/tr>\n<tr>\n<td style=\"text-align: left;\">DENISON HF-0<\/td>\n<td><\/td>\n<td>X<\/td>\n<td>X<\/td>\n<td>X<\/td>\n<td><\/td>\n<\/tr>\n<tr>\n<td style=\"text-align: left;\">Fives Cincinnati P-68<\/td>\n<td><\/td>\n<td>X<\/td>\n<td>X<\/td>\n<td>X<\/td>\n<td><\/td>\n<\/tr>\n<tr>\n<td style=\"text-align: left;\">HOCNF Norway-NEMS, Black<\/td>\n<td><\/td>\n<td>X<\/td>\n<td>X<\/td>\n<td>X<\/td>\n<td>X<\/td>\n<\/tr>\n<tr>\n<td style=\"text-align: left;\">HUSKY HS 207<\/td>\n<td><\/td>\n<td><\/td>\n<td>X<\/td>\n<td><\/td>\n<td><\/td>\n<\/tr>\n<tr>\n<td style=\"text-align: left;\">VICKERS I-286-S<\/td>\n<td><\/td>\n<td>X<\/td>\n<td>X<\/td>\n<td>X<\/td>\n<td><\/td>\n<\/tr>\n<tr>\n<td style=\"text-align: left;\">VICKERS M-2950-S<\/td>\n<td><\/td>\n<td>X<\/td>\n<td>X<\/td>\n<td>X<\/td>\n<td><\/td>\n<\/tr>\n<\/tbody>\n<\/table>\n<\/div>\n<\/div>\n<p>&nbsp;<\/p>\n<div class=\"table-responsive\">\n<div class=\"table-responsive\">\n<table class=\"table table-striped\">\n<tbody>\n<tr>\n<td style=\"text-align: left;\">This product meets or exceeds the requirements of:<\/td>\n<td><\/td>\n<td><\/td>\n<td><\/td>\n<td><\/td>\n<td><\/td>\n<\/tr>\n<tr>\n<td style=\"text-align: left;\">DIN 51524-2:2006-09<\/td>\n<td>X<\/td>\n<td>X<\/td>\n<td>X<\/td>\n<td>X<\/td>\n<td><\/td>\n<\/tr>\n<\/tbody>\n<\/table>\n<\/div>\n<\/div>\n<p>&nbsp;<\/p>\n<h2>Thu\u1ed9c t\u00ednh:<\/h2>\n<div class=\"table-responsive\">\n<div class=\"table-responsive\">\n<table class=\"table table-striped\">\n<tbody>\n<tr>\n<td style=\"text-align: left;\">Property<\/td>\n<td>MOBIL DTE 21<\/td>\n<td>MOBIL DTE 22<\/td>\n<td>MOBIL DTE 24<\/td>\n<td>MOBIL DTE 25<\/td>\n<td>MOBIL DTE 26<\/td>\n<td>MOBIL DTE 27<\/td>\n<td>MOBIL DTE 28<\/td>\n<\/tr>\n<tr>\n<td style=\"text-align: left;\">Grade<\/td>\n<td>ISO 10<\/td>\n<td>ISO 22<\/td>\n<td>ISO 32<\/td>\n<td>ISO 46<\/td>\n<td>ISO 68<\/td>\n<td>ISO 100<\/td>\n<td>ISO 150<\/td>\n<\/tr>\n<tr>\n<td style=\"text-align: left;\">Copper Strip Corrosion, 3 h, 100 C, Rating, ASTM D130<\/td>\n<td>1B<\/td>\n<td>1B<\/td>\n<td>1B<\/td>\n<td>1B<\/td>\n<td>1B<\/td>\n<td>1B<\/td>\n<td>1B<\/td>\n<\/tr>\n<tr>\n<td style=\"text-align: left;\">FZG Scuffing, Fail Load Stage, A\/8.3\/90, ISO 14635-1<\/td>\n<td><\/td>\n<td><\/td>\n<td>12<\/td>\n<td>12<\/td>\n<td>12<\/td>\n<td>12<\/td>\n<td>12<\/td>\n<\/tr>\n<tr>\n<td style=\"text-align: left;\">Flash Point, Cleveland Open Cup, \u00b0C, ASTM D92<\/td>\n<td>174<\/td>\n<td>200<\/td>\n<td>220<\/td>\n<td>232<\/td>\n<td>236<\/td>\n<td>248<\/td>\n<td>276<\/td>\n<\/tr>\n<tr>\n<td style=\"text-align: left;\">Foam, Sequence I, Stability, ml, ASTM D892<\/td>\n<td>0<\/td>\n<td>0<\/td>\n<td>0<\/td>\n<td>0<\/td>\n<td>0<\/td>\n<td>0<\/td>\n<td>0<\/td>\n<\/tr>\n<tr>\n<td style=\"text-align: left;\">Foam, Sequence I, Tendency, ml, ASTM D892<\/td>\n<td>20<\/td>\n<td>20<\/td>\n<td>20<\/td>\n<td>20<\/td>\n<td>20<\/td>\n<td>20<\/td>\n<td>20<\/td>\n<\/tr>\n<tr>\n<td style=\"text-align: left;\">Foam, Sequence II, Stability, ml, ASTM D892<\/td>\n<td>0<\/td>\n<td>0<\/td>\n<td>0<\/td>\n<td>0<\/td>\n<td>0<\/td>\n<td>0<\/td>\n<td>0<\/td>\n<\/tr>\n<tr>\n<td style=\"text-align: left;\">Foam, Sequence II, Tendency, ml, ASTM D892<\/td>\n<td>20<\/td>\n<td>20<\/td>\n<td>20<\/td>\n<td>20<\/td>\n<td>20<\/td>\n<td>20<\/td>\n<td>20<\/td>\n<\/tr>\n<tr>\n<td style=\"text-align: left;\">Foam, Sequence III, Stability, ml, ASTM D892<\/td>\n<td>0<\/td>\n<td>0<\/td>\n<td>0<\/td>\n<td>0<\/td>\n<td>0<\/td>\n<td>0<\/td>\n<td>0<\/td>\n<\/tr>\n<tr>\n<td style=\"text-align: left;\">Foam, Sequence III, Tendency, ml, ASTM D892<\/td>\n<td>20<\/td>\n<td>20<\/td>\n<td>20<\/td>\n<td>20<\/td>\n<td>20<\/td>\n<td>20<\/td>\n<td>20<\/td>\n<\/tr>\n<tr>\n<td style=\"text-align: left;\">Kinematic Viscosity @ 100 C, mm2\/s, ASTM D445<\/td>\n<td>2.7<\/td>\n<td>4.5<\/td>\n<td>5.3<\/td>\n<td>6.7<\/td>\n<td>8.5<\/td>\n<td>10.9<\/td>\n<td>14.3<\/td>\n<\/tr>\n<tr>\n<td style=\"text-align: left;\">Kinematic Viscosity @ 40 C, mm2\/s, ASTM D445<\/td>\n<td>10<\/td>\n<td>21<\/td>\n<td>31.5<\/td>\n<td>44.2<\/td>\n<td>71.2<\/td>\n<td>95.3<\/td>\n<td>142.8<\/td>\n<\/tr>\n<tr>\n<td style=\"text-align: left;\">Pour Point, \u00b0C, ASTM D97<\/td>\n<td>-30<\/td>\n<td>-30<\/td>\n<td>-27<\/td>\n<td>-27<\/td>\n<td>-21<\/td>\n<td>-21<\/td>\n<td>-15<\/td>\n<\/tr>\n<tr>\n<td style=\"text-align: left;\">Rust Characteristics, Procedure B, ASTM D665<\/td>\n<td>PASS<\/td>\n<td>PASS<\/td>\n<td>PASS<\/td>\n<td>PASS<\/td>\n<td>PASS<\/td>\n<td>PASS<\/td>\n<td>PASS<\/td>\n<\/tr>\n<tr>\n<td style=\"text-align: left;\">Viscosity Index, ASTM D2270<\/td>\n<td>98<\/td>\n<td>98<\/td>\n<td>98<\/td>\n<td>98<\/td>\n<td>98<\/td>\n<td>98<\/td>\n<td>98<\/td>\n<\/tr>\n<\/tbody>\n<\/table>\n<\/div>\n<\/div>\n<h4><a href=\"https:\/\/www.mobil.com\/English-US\/Industrial\/pds\/GLXXMobil-DTE-20-Series\">T\u00e0i li\u1ec7u tham kh\u1ea3o <strong>D\u1ea7u <\/strong>Mobil DTE\u2122 20 Series: Click v\u00e0o \u0111\u00e2y.<\/a><\/h4>\n<p><a href=\"https:\/\/tatco.vn\/vi\/danh-muc-san-pham\/dau-nhot-mobil\/dau-nhot-cong-nghiep-mobil\/dau-nhot-thuy-luc-mobil\/dau-thuy-luc-mobil-dte-20-series\/\">X\u00eam th\u00eam danh m\u1ee5c: Click t\u1ea1i \u0111\u00e2y.<\/a>[\/vc_column_text][\/vc_column][\/vc_row]<\/p>\n<\/section>","protected":false},"excerpt":{"rendered":"<p style=\"text-align: justify;\">D\u1ea7u Mobil DTE 21 l\u00e0 d\u1ea7u th\u1ee7y l\u1ef1c ch\u1ed1ng m\u00e0i m\u00f2n hi\u1ec7u su\u1ea5t cao.<br \/>\nD\u1ea7u Mobil DTE 21 \u0111\u00e1p \u1ee9ng c\u00e1c y\u00eau c\u1ea7u nghi\u00eam ng\u1eb7t c\u1ee7a c\u00e1c h\u1ec7 th\u1ed1ng th\u1ee7y l\u1ef1c s\u1eed d\u1ee5ng m\u00e1y b\u01a1m \u00e1p su\u1ea5t cao, c\u00f4ng su\u1ea5t l\u1edbn c\u0169ng nh\u01b0 c\u00e1c th\u00e0nh ph\u1ea7n h\u1ec7 th\u1ed1ng th\u1ee7y l\u1ef1c kh\u00e1c nh\u01b0 van servo c\u00f3 khe h\u1edf \u0111\u00f3ng v\u00e0 m\u00e1y c\u00f4ng c\u1ee5 \u0111i\u1ec1u khi\u1ec3n s\u1ed1 (NC).<br \/>\nD\u1ea7u Mobil DTE 21 \u0111\u00e1p \u1ee9ng c\u00e1c y\u00eau c\u1ea7u hi\u1ec7u su\u1ea5t kh\u1eaft khe nh\u1ea5t c\u1ee7a nhi\u1ec1u nh\u00e0 s\u1ea3n xu\u1ea5t h\u1ec7 th\u1ed1ng th\u1ee7y l\u1ef1c v\u00e0 linh ki\u1ec7n, cho ph\u00e9p s\u1eed d\u1ee5ng m\u1ed9t s\u1ea3n ph\u1ea9m duy nh\u1ea5t v\u1edbi c\u00e1c \u0111\u1eb7c t\u00ednh hi\u1ec7u su\u1ea5t tuy\u1ec7t v\u1eddi.<\/p>\n","protected":false},"featured_media":26930,"comment_status":"open","ping_status":"closed","template":"","meta":[],"product_cat":[374,361,362,575],"product_tag":[652,656,654,655,658],"class_list":{"0":"post-26926","1":"product","2":"type-product","3":"status-publish","4":"has-post-thumbnail","6":"product_brand-mobil","7":"product_cat-mobil-industrial-oil","8":"product_cat-mobil-oil","9":"product_cat-mobil-hydraulic-oil","10":"product_cat-mobil-dte-20-series","11":"product_tag-dau-thuy-luc","12":"product_tag-dte-20","13":"product_tag-mobil-dte-20","14":"product_tag-mobil-dte-20-series","15":"product_tag-mobil-dte-21","17":"first","18":"instock","19":"shipping-taxable","20":"purchasable","21":"product-type-simple"},"yoast_head":"<!-- This site is optimized with the Yoast SEO plugin v27.2 - https:\/\/yoast.com\/product\/yoast-seo-wordpress\/ -->\n<title>D\u1ea7u Th\u1ee7y L\u1ef1c Mobil DTE 21 - C\u00f4ng Ty TNHH D\u1ea7u Nh\u1eddn T&amp;T Vi\u1ec7t Nam<\/title>\n<meta name=\"description\" content=\"Mobil DTE 21\u00a0l\u00e0 d\u1ea7u th\u1ee7y l\u1ef1c ch\u1ed1ng m\u00e0i m\u00f2n cao c\u1ea5p. \u0110\u1eb7c t\u00ednh: \u1ed4n \u0111\u1ecbnh t\u00ednh oxy h\u00f3a, Ch\u1ed1ng m\u00e0i m\u00f2n, \u0103n m\u00f2n t\u1ed1t, Kh\u1ea3 n\u0103ng kh\u1eed nh\u0169 t\u01b0\u01a1ng, L\u00e0m s\u1ea1ch thi\u1ebft b\u1ecb ...\" \/>\n<meta name=\"robots\" content=\"index, follow, max-snippet:-1, max-image-preview:large, max-video-preview:-1\" \/>\n<link rel=\"canonical\" href=\"https:\/\/tatco.vn\/vi\/san-pham\/dau-thuy-luc-mobil-dte-21\/\" \/>\n<meta property=\"og:locale\" content=\"vi_VN\" \/>\n<meta property=\"og:type\" content=\"article\" \/>\n<meta property=\"og:title\" content=\"D\u1ea7u Th\u1ee7y L\u1ef1c Mobil DTE 21 - C\u00f4ng Ty TNHH D\u1ea7u Nh\u1eddn T&amp;T Vi\u1ec7t Nam\" \/>\n<meta property=\"og:description\" content=\"Mobil DTE 21\u00a0l\u00e0 d\u1ea7u th\u1ee7y l\u1ef1c ch\u1ed1ng m\u00e0i m\u00f2n cao c\u1ea5p. \u0110\u1eb7c t\u00ednh: \u1ed4n \u0111\u1ecbnh t\u00ednh oxy h\u00f3a, Ch\u1ed1ng m\u00e0i m\u00f2n, \u0103n m\u00f2n t\u1ed1t, Kh\u1ea3 n\u0103ng kh\u1eed nh\u0169 t\u01b0\u01a1ng, L\u00e0m s\u1ea1ch thi\u1ebft b\u1ecb ...\" \/>\n<meta property=\"og:url\" content=\"https:\/\/tatco.vn\/vi\/san-pham\/dau-thuy-luc-mobil-dte-21\/\" \/>\n<meta property=\"og:site_name\" content=\"C\u00f4ng Ty TNHH D\u1ea7u Nh\u1eddn T&amp;T Vi\u1ec7t Nam\" \/>\n<meta property=\"article:modified_time\" content=\"2025-03-28T17:43:27+00:00\" \/>\n<meta property=\"og:image\" content=\"https:\/\/tatco.vn\/wp-content\/uploads\/2019\/06\/dau-nhot-mobil-mobil-oil.png\" \/>\n\t<meta property=\"og:image:width\" content=\"1200\" \/>\n\t<meta property=\"og:image:height\" content=\"1200\" \/>\n\t<meta property=\"og:image:type\" content=\"image\/png\" \/>\n<meta name=\"twitter:card\" content=\"summary_large_image\" \/>\n<meta name=\"twitter:label1\" content=\"\u01af\u1edbc t\u00ednh th\u1eddi gian \u0111\u1ecdc\" \/>\n\t<meta name=\"twitter:data1\" content=\"5 ph\u00fat\" \/>\n<script type=\"application\/ld+json\" class=\"yoast-schema-graph\">{\"@context\":\"https:\/\/schema.org\",\"@graph\":[{\"@type\":\"WebPage\",\"@id\":\"https:\/\/tatco.vn\/vi\/san-pham\/dau-thuy-luc-mobil-dte-21\/\",\"url\":\"https:\/\/tatco.vn\/vi\/san-pham\/dau-thuy-luc-mobil-dte-21\/\",\"name\":\"D\u1ea7u Th\u1ee7y L\u1ef1c Mobil DTE 21 - C\u00f4ng Ty TNHH D\u1ea7u Nh\u1eddn T&amp;T Vi\u1ec7t Nam\",\"isPartOf\":{\"@id\":\"https:\/\/tatco.vn\/en\/#website\"},\"primaryImageOfPage\":{\"@id\":\"https:\/\/tatco.vn\/vi\/san-pham\/dau-thuy-luc-mobil-dte-21\/#primaryimage\"},\"image\":{\"@id\":\"https:\/\/tatco.vn\/vi\/san-pham\/dau-thuy-luc-mobil-dte-21\/#primaryimage\"},\"thumbnailUrl\":\"https:\/\/tatco.vn\/wp-content\/uploads\/2019\/06\/dau-nhot-mobil-mobil-oil.png\",\"datePublished\":\"2020-09-07T16:35:52+00:00\",\"dateModified\":\"2025-03-28T17:43:27+00:00\",\"description\":\"Mobil DTE 21\u00a0l\u00e0 d\u1ea7u th\u1ee7y l\u1ef1c ch\u1ed1ng m\u00e0i m\u00f2n cao c\u1ea5p. \u0110\u1eb7c t\u00ednh: \u1ed4n \u0111\u1ecbnh t\u00ednh oxy h\u00f3a, Ch\u1ed1ng m\u00e0i m\u00f2n, \u0103n m\u00f2n t\u1ed1t, Kh\u1ea3 n\u0103ng kh\u1eed nh\u0169 t\u01b0\u01a1ng, L\u00e0m s\u1ea1ch thi\u1ebft b\u1ecb ...\",\"breadcrumb\":{\"@id\":\"https:\/\/tatco.vn\/vi\/san-pham\/dau-thuy-luc-mobil-dte-21\/#breadcrumb\"},\"inLanguage\":\"vi\",\"potentialAction\":[{\"@type\":\"ReadAction\",\"target\":[\"https:\/\/tatco.vn\/vi\/san-pham\/dau-thuy-luc-mobil-dte-21\/\"]}]},{\"@type\":\"ImageObject\",\"inLanguage\":\"vi\",\"@id\":\"https:\/\/tatco.vn\/vi\/san-pham\/dau-thuy-luc-mobil-dte-21\/#primaryimage\",\"url\":\"https:\/\/tatco.vn\/wp-content\/uploads\/2019\/06\/dau-nhot-mobil-mobil-oil.png\",\"contentUrl\":\"https:\/\/tatco.vn\/wp-content\/uploads\/2019\/06\/dau-nhot-mobil-mobil-oil.png\",\"width\":1200,\"height\":1200,\"caption\":\"dau nhot mobil mobil oil Mobil SHC 625\"},{\"@type\":\"BreadcrumbList\",\"@id\":\"https:\/\/tatco.vn\/vi\/san-pham\/dau-thuy-luc-mobil-dte-21\/#breadcrumb\",\"itemListElement\":[{\"@type\":\"ListItem\",\"position\":1,\"name\":\"Home\",\"item\":\"https:\/\/tatco.vn\/\"},{\"@type\":\"ListItem\",\"position\":2,\"name\":\"C\u1eeda h\u00e0ng\",\"item\":\"https:\/\/tatco.vn\/en\/mua\/\"},{\"@type\":\"ListItem\",\"position\":3,\"name\":\"D\u1ea7u Th\u1ee7y L\u1ef1c Mobil DTE 21\"}]},{\"@type\":\"WebSite\",\"@id\":\"https:\/\/tatco.vn\/en\/#website\",\"url\":\"https:\/\/tatco.vn\/en\/\",\"name\":\"C\u00f4ng Ty TNHH D\u1ea7u Nh\u1eddn T&amp;T Vi\u1ec7t Nam\",\"description\":\"Right Point - Right Time - Best Solution\",\"publisher\":{\"@id\":\"https:\/\/tatco.vn\/en\/#organization\"},\"potentialAction\":[{\"@type\":\"SearchAction\",\"target\":{\"@type\":\"EntryPoint\",\"urlTemplate\":\"https:\/\/tatco.vn\/en\/?s={search_term_string}\"},\"query-input\":{\"@type\":\"PropertyValueSpecification\",\"valueRequired\":true,\"valueName\":\"search_term_string\"}}],\"inLanguage\":\"vi\"},{\"@type\":\"Organization\",\"@id\":\"https:\/\/tatco.vn\/en\/#organization\",\"name\":\"C\u00f4ng Ty TNHH D\u1ea7u Nh\u1eddn T&T Vi\u1ec7t Nam\",\"url\":\"https:\/\/tatco.vn\/en\/\",\"logo\":{\"@type\":\"ImageObject\",\"inLanguage\":\"vi\",\"@id\":\"https:\/\/tatco.vn\/en\/#\/schema\/logo\/image\/\",\"url\":\"https:\/\/tatco.vn\/wp-content\/uploads\/2019\/05\/fav-ico.png\",\"contentUrl\":\"https:\/\/tatco.vn\/wp-content\/uploads\/2019\/05\/fav-ico.png\",\"width\":200,\"height\":200,\"caption\":\"C\u00f4ng Ty TNHH D\u1ea7u Nh\u1eddn T&T Vi\u1ec7t Nam\"},\"image\":{\"@id\":\"https:\/\/tatco.vn\/en\/#\/schema\/logo\/image\/\"}}]}<\/script>\n<!-- \/ Yoast SEO plugin. -->","yoast_head_json":{"title":"D\u1ea7u Th\u1ee7y L\u1ef1c Mobil DTE 21 - C\u00f4ng Ty TNHH D\u1ea7u Nh\u1eddn T&amp;T Vi\u1ec7t Nam","description":"Mobil DTE 21\u00a0l\u00e0 d\u1ea7u th\u1ee7y l\u1ef1c ch\u1ed1ng m\u00e0i m\u00f2n cao c\u1ea5p. \u0110\u1eb7c t\u00ednh: \u1ed4n \u0111\u1ecbnh t\u00ednh oxy h\u00f3a, Ch\u1ed1ng m\u00e0i m\u00f2n, \u0103n m\u00f2n t\u1ed1t, Kh\u1ea3 n\u0103ng kh\u1eed nh\u0169 t\u01b0\u01a1ng, L\u00e0m s\u1ea1ch thi\u1ebft b\u1ecb ...","robots":{"index":"index","follow":"follow","max-snippet":"max-snippet:-1","max-image-preview":"max-image-preview:large","max-video-preview":"max-video-preview:-1"},"canonical":"https:\/\/tatco.vn\/vi\/san-pham\/dau-thuy-luc-mobil-dte-21\/","og_locale":"vi_VN","og_type":"article","og_title":"D\u1ea7u Th\u1ee7y L\u1ef1c Mobil DTE 21 - C\u00f4ng Ty TNHH D\u1ea7u Nh\u1eddn T&amp;T Vi\u1ec7t Nam","og_description":"Mobil DTE 21\u00a0l\u00e0 d\u1ea7u th\u1ee7y l\u1ef1c ch\u1ed1ng m\u00e0i m\u00f2n cao c\u1ea5p. \u0110\u1eb7c t\u00ednh: \u1ed4n \u0111\u1ecbnh t\u00ednh oxy h\u00f3a, Ch\u1ed1ng m\u00e0i m\u00f2n, \u0103n m\u00f2n t\u1ed1t, Kh\u1ea3 n\u0103ng kh\u1eed nh\u0169 t\u01b0\u01a1ng, L\u00e0m s\u1ea1ch thi\u1ebft b\u1ecb ...","og_url":"https:\/\/tatco.vn\/vi\/san-pham\/dau-thuy-luc-mobil-dte-21\/","og_site_name":"C\u00f4ng Ty TNHH D\u1ea7u Nh\u1eddn T&amp;T Vi\u1ec7t Nam","article_modified_time":"2025-03-28T17:43:27+00:00","og_image":[{"width":1200,"height":1200,"url":"https:\/\/tatco.vn\/wp-content\/uploads\/2019\/06\/dau-nhot-mobil-mobil-oil.png","type":"image\/png"}],"twitter_card":"summary_large_image","twitter_misc":{"\u01af\u1edbc t\u00ednh th\u1eddi gian \u0111\u1ecdc":"5 ph\u00fat"},"schema":{"@context":"https:\/\/schema.org","@graph":[{"@type":"WebPage","@id":"https:\/\/tatco.vn\/vi\/san-pham\/dau-thuy-luc-mobil-dte-21\/","url":"https:\/\/tatco.vn\/vi\/san-pham\/dau-thuy-luc-mobil-dte-21\/","name":"D\u1ea7u Th\u1ee7y L\u1ef1c Mobil DTE 21 - C\u00f4ng Ty TNHH D\u1ea7u Nh\u1eddn T&amp;T Vi\u1ec7t Nam","isPartOf":{"@id":"https:\/\/tatco.vn\/en\/#website"},"primaryImageOfPage":{"@id":"https:\/\/tatco.vn\/vi\/san-pham\/dau-thuy-luc-mobil-dte-21\/#primaryimage"},"image":{"@id":"https:\/\/tatco.vn\/vi\/san-pham\/dau-thuy-luc-mobil-dte-21\/#primaryimage"},"thumbnailUrl":"https:\/\/tatco.vn\/wp-content\/uploads\/2019\/06\/dau-nhot-mobil-mobil-oil.png","datePublished":"2020-09-07T16:35:52+00:00","dateModified":"2025-03-28T17:43:27+00:00","description":"Mobil DTE 21\u00a0l\u00e0 d\u1ea7u th\u1ee7y l\u1ef1c ch\u1ed1ng m\u00e0i m\u00f2n cao c\u1ea5p. \u0110\u1eb7c t\u00ednh: \u1ed4n \u0111\u1ecbnh t\u00ednh oxy h\u00f3a, Ch\u1ed1ng m\u00e0i m\u00f2n, \u0103n m\u00f2n t\u1ed1t, Kh\u1ea3 n\u0103ng kh\u1eed nh\u0169 t\u01b0\u01a1ng, L\u00e0m s\u1ea1ch thi\u1ebft b\u1ecb ...","breadcrumb":{"@id":"https:\/\/tatco.vn\/vi\/san-pham\/dau-thuy-luc-mobil-dte-21\/#breadcrumb"},"inLanguage":"vi","potentialAction":[{"@type":"ReadAction","target":["https:\/\/tatco.vn\/vi\/san-pham\/dau-thuy-luc-mobil-dte-21\/"]}]},{"@type":"ImageObject","inLanguage":"vi","@id":"https:\/\/tatco.vn\/vi\/san-pham\/dau-thuy-luc-mobil-dte-21\/#primaryimage","url":"https:\/\/tatco.vn\/wp-content\/uploads\/2019\/06\/dau-nhot-mobil-mobil-oil.png","contentUrl":"https:\/\/tatco.vn\/wp-content\/uploads\/2019\/06\/dau-nhot-mobil-mobil-oil.png","width":1200,"height":1200,"caption":"dau nhot mobil mobil oil Mobil SHC 625"},{"@type":"BreadcrumbList","@id":"https:\/\/tatco.vn\/vi\/san-pham\/dau-thuy-luc-mobil-dte-21\/#breadcrumb","itemListElement":[{"@type":"ListItem","position":1,"name":"Home","item":"https:\/\/tatco.vn\/"},{"@type":"ListItem","position":2,"name":"C\u1eeda h\u00e0ng","item":"https:\/\/tatco.vn\/en\/mua\/"},{"@type":"ListItem","position":3,"name":"D\u1ea7u Th\u1ee7y L\u1ef1c Mobil DTE 21"}]},{"@type":"WebSite","@id":"https:\/\/tatco.vn\/en\/#website","url":"https:\/\/tatco.vn\/en\/","name":"C\u00f4ng Ty TNHH D\u1ea7u Nh\u1eddn T&amp;T Vi\u1ec7t Nam","description":"Right Point - Right Time - Best Solution","publisher":{"@id":"https:\/\/tatco.vn\/en\/#organization"},"potentialAction":[{"@type":"SearchAction","target":{"@type":"EntryPoint","urlTemplate":"https:\/\/tatco.vn\/en\/?s={search_term_string}"},"query-input":{"@type":"PropertyValueSpecification","valueRequired":true,"valueName":"search_term_string"}}],"inLanguage":"vi"},{"@type":"Organization","@id":"https:\/\/tatco.vn\/en\/#organization","name":"C\u00f4ng Ty TNHH D\u1ea7u Nh\u1eddn T&T Vi\u1ec7t Nam","url":"https:\/\/tatco.vn\/en\/","logo":{"@type":"ImageObject","inLanguage":"vi","@id":"https:\/\/tatco.vn\/en\/#\/schema\/logo\/image\/","url":"https:\/\/tatco.vn\/wp-content\/uploads\/2019\/05\/fav-ico.png","contentUrl":"https:\/\/tatco.vn\/wp-content\/uploads\/2019\/05\/fav-ico.png","width":200,"height":200,"caption":"C\u00f4ng Ty TNHH D\u1ea7u Nh\u1eddn T&T Vi\u1ec7t Nam"},"image":{"@id":"https:\/\/tatco.vn\/en\/#\/schema\/logo\/image\/"}}]}},"_links":{"self":[{"href":"https:\/\/tatco.vn\/vi\/wp-json\/wp\/v2\/product\/26926","targetHints":{"allow":["GET"]}}],"collection":[{"href":"https:\/\/tatco.vn\/vi\/wp-json\/wp\/v2\/product"}],"about":[{"href":"https:\/\/tatco.vn\/vi\/wp-json\/wp\/v2\/types\/product"}],"replies":[{"embeddable":true,"href":"https:\/\/tatco.vn\/vi\/wp-json\/wp\/v2\/comments?post=26926"}],"version-history":[{"count":0,"href":"https:\/\/tatco.vn\/vi\/wp-json\/wp\/v2\/product\/26926\/revisions"}],"wp:featuredmedia":[{"embeddable":true,"href":"https:\/\/tatco.vn\/vi\/wp-json\/wp\/v2\/media\/26930"}],"wp:attachment":[{"href":"https:\/\/tatco.vn\/vi\/wp-json\/wp\/v2\/media?parent=26926"}],"wp:term":[{"taxonomy":"product_cat","embeddable":true,"href":"https:\/\/tatco.vn\/vi\/wp-json\/wp\/v2\/product_cat?post=26926"},{"taxonomy":"product_tag","embeddable":true,"href":"https:\/\/tatco.vn\/vi\/wp-json\/wp\/v2\/product_tag?post=26926"}],"curies":[{"name":"wp","href":"https:\/\/api.w.org\/{rel}","templated":true}]}}