{"id":12697,"date":"2019-09-12T16:52:04","date_gmt":"2019-09-12T09:52:04","guid":{"rendered":"https:\/\/tatco.vn\/vi\/?post_type=product&#038;p=12697"},"modified":"2022-03-28T04:22:50","modified_gmt":"2022-03-27T21:22:50","slug":"mobil-dte-oil-heavy","status":"publish","type":"product","link":"https:\/\/tatco.vn\/vi\/san-pham\/dau-mobil-dte-oil-heavy\/","title":{"rendered":"MOBIL DTE \u2122 OIL HEAVY"},"content":{"rendered":"<p><strong>Mobil DTE \u2122 Oil Heavy :<\/strong><\/p>\n<p style=\"text-align: justify;\"><strong>Mobil DTE \u2122 Oil Heavy<\/strong>\u00a0l\u00e0 d\u1ea7u thu\u1ed9c\u00a0d\u00f2ng ch\u1ea5t b\u00f4i tr\u01a1n c\u00f3 hi\u1ec7u su\u1ea5t cao \u0111\u01b0\u1ee3c thi\u1ebft k\u1ebf cho c\u00e1c \u1ee9ng d\u1ee5ng bao g\u1ed3m h\u1ec7 th\u1ed1ng tuabin h\u01a1i n\u01b0\u1edbc v\u00e0 th\u1ee7y l\u1ef1c<\/p>\n<h5 style=\"text-align: justify;\">D\u00f2ng d\u1ea7u nh\u1edbt <strong>Mobil DTE \u2122 Oil Heavy<\/strong> \u0111\u01b0\u1ee3c \u0111\u1eb7t t\u00ean l\u00e0 ch\u1ea5t b\u00f4i tr\u01a1n tu\u1ea7n ho\u00e0n hi\u1ec7u su\u1ea5t cao \u0111\u01b0\u1ee3c thi\u1ebft k\u1ebf cho c\u00e1c \u1ee9ng d\u1ee5ng bao g\u1ed3m c\u00e1c b\u1ed9 tua-bin th\u1ee7y \u0111i\u1ec7n v\u00e0 h\u01a1i n\u01b0\u1edbc v\u00e0 c\u00e1c h\u1ec7 th\u1ed1ng kh\u00e1c \u0111\u00f2i h\u1ecfi tu\u1ed5i th\u1ecd ch\u1ea5t b\u00f4i tr\u01a1n l\u00e2u d\u00e0i.<\/h5>\n<h5 style=\"text-align: justify;\">D\u1ea7u nh\u1edbt Mobil DTE Oil Named Series \u0111\u01b0\u1ee3c pha ch\u1ebf t\u1eeb g\u1ed1c g\u1ed1c tinh ch\u1ebf cao v\u00e0 h\u1ec7 ph\u1ee5 gia cung c\u1ea5p m\u1ee9c \u0111\u1ed9 \u1ed5n \u0111\u1ecbnh nhi\u1ec7t v\u00e0 h\u00f3a h\u1ecdc c\u1ef1c cao, t\u00e1ch nhanh v\u00e0 ho\u00e0n to\u00e0n kh\u1ecfi n\u01b0\u1edbc v\u00e0 kh\u1ea3 n\u0103ng ch\u1ed1ng nh\u0169 h\u00f3a cao.<\/h5>\n<h5 style=\"text-align: justify;\">Ch\u00fang cung c\u1ea5p kh\u1ea3 n\u0103ng b\u1ea3o v\u1ec7 tuy\u1ec7t v\u1eddi ch\u1ed1ng l\u1ea1i g\u1ec9 v\u00e0 \u0103n m\u00f2n, bao g\u1ed3m kh\u1ea3 n\u0103ng ch\u1ed1ng n\u01b0\u1edbc mu\u1ed1i v\u00e0 c\u00e1c \u0111\u1eb7c t\u00ednh ch\u1ed1ng m\u00e0i m\u00f2n t\u1ed1t.<\/h5>\n<h5 style=\"text-align: justify;\">Ch\u00fang c\u00f3 ch\u1ec9 s\u1ed1 \u0111\u1ed9 nh\u1edbt cao \u0111\u1ea3m b\u1ea3o s\u1ef1 thay \u0111\u1ed5i t\u1ed1i thi\u1ec3u c\u1ee7a \u0111\u1ed9 d\u00e0y m\u00e0ng theo nhi\u1ec7t \u0111\u1ed9 v\u00e0 t\u1ed5n th\u1ea5t \u0111i\u1ec7n n\u0103ng t\u1ed1i thi\u1ec3u trong th\u1eddi gian kh\u1edfi \u0111\u1ed9ng.<\/h5>\n<h5 style=\"text-align: justify;\">C\u00e1c l\u1edbp n\u00e0y c\u00f3 \u0111\u1eb7c t\u00ednh tho\u00e1t kh\u00ed tuy\u1ec7t v\u1eddi cho ph\u00e9p kh\u00f4ng kh\u00ed b\u1ecb cu\u1ed1n v\u00e0o t\u00e1ch ra,<\/h5>\n<h5 style=\"text-align: justify;\"><\/h5>\n<p style=\"text-align: justify;\">D\u1ea7u Mobil DTE \u0110\u01b0\u1ee3c m\u1ec7nh danh l\u00e0 d\u1ea7u nh\u1edbt \u0111\u01b0\u1ee3c nhi\u1ec1u ng\u01b0\u1eddi d\u00f9ng l\u1ef1a ch\u1ecdn v\u00ec danh ti\u1ebfng v\u1ec1 tu\u1ed5i th\u1ecd cao, kh\u1ea3 n\u0103ng b\u1ea3o v\u1ec7 thi\u1ebft b\u1ecb tuy\u1ec7t v\u1eddi v\u00e0 t\u00ednh linh ho\u1ea1t v\u01b0\u1ee3t tr\u1ed9i trong nhi\u1ec1u \u1ee9ng d\u1ee5ng c\u00f4ng nghi\u1ec7p.<\/p>\n<p style=\"text-align: justify;\">D\u1ea7u DTE D\u1ea7u b\u00f4i tr\u01a1n \u0111\u01b0\u1ee3c \u0111\u1eb7t t\u00ean \u0111\u01b0\u1ee3c s\u1eed d\u1ee5ng r\u1ed9ng r\u00e3i trong c\u00e1c tuabin h\u01a1i n\u01b0\u1edbc v\u00e0 tua bin th\u1ee7y \u0111i\u1ec7n c\u00f3 b\u1ed1 tr\u00ed phun d\u1ea7u d\u1ea1ng phun, b\u1ed3n t\u1eafm v\u00e0 v\u00f2ng d\u1ea7u, v\u00e0 t\u1ea5t c\u1ea3 c\u00e1c ph\u01b0\u01a1ng ph\u00e1p tu\u1ea7n ho\u00e0n li\u00ean t\u1ee5c kh\u00e1c li\u00ean quan \u0111\u1ebfn m\u00e1y b\u01a1m, van v\u00e0 thi\u1ebft b\u1ecb ph\u1ee5 tr\u1ee3.<\/p>\n<p style=\"text-align: justify;\">D\u00f2ng s\u1ea3n ph\u1ea9m n\u00e0y \u0111\u01b0\u1ee3c khuy\u1ebfn ngh\u1ecb s\u1eed d\u1ee5ng li\u00ean t\u1ee5c trong vi\u1ec7c b\u00f4i tr\u01a1n c\u00e1c \u1ed5 tr\u1ee5c tr\u01a1n v\u00e0 \u1ed5 l\u0103n v\u00e0 b\u00e1nh r\u0103ng tr\u1ee5c song song.<\/p>\n<p style=\"text-align: justify;\">Ch\u00fang c\u0169ng \u0111\u00e3 \u0111\u01b0\u1ee3c s\u1eed d\u1ee5ng th\u00e0nh c\u00f4ng trong c\u00e1c \u1ee9ng d\u1ee5ng m\u00e1y n\u00e9n kh\u00ed quay v\u00e0 m\u00e1y n\u00e9n kh\u00ed thi\u00ean nhi\u00ean pitt\u00f4ng c\u0169ng nh\u01b0 m\u00e1y b\u01a1m ch\u00e2n kh\u00f4ng.<\/p>\n<p style=\"text-align: justify;\">Danh ti\u1ebfng c\u1ee7a h\u1ecd d\u1ef1a tr\u00ean nhi\u1ec1u th\u1eadp k\u1ef7 d\u1ecbch v\u1ee5 th\u00e0nh c\u00f4ng v\u00e0 l\u00e0m h\u00e0i l\u00f2ng ng\u01b0\u1eddi d\u00f9ng.<\/p>\n<h2>T\u00ednh n\u0103ng v\u00e0 l\u1ee3i \u00edch<\/h2>\n<h5 style=\"text-align: justify;\">D\u00f2ng s\u1ea3n ph\u1ea9m Mobil DTE n\u1ed5i ti\u1ebfng v\u00e0 \u0111\u01b0\u1ee3c \u0111\u00e1nh gi\u00e1 cao tr\u00ean to\u00e0n th\u1ebf gi\u1edbi d\u1ef1a tr\u00ean hi\u1ec7u su\u1ea5t v\u01b0\u1ee3t tr\u1ed9i v\u00e0 chuy\u00ean m\u00f4n R &amp; D c\u0169ng nh\u01b0 h\u1ed7 tr\u1ee3 k\u1ef9 thu\u1eadt to\u00e0n c\u1ea7u \u0111\u1ee9ng sau th\u01b0\u01a1ng hi\u1ec7u.\u00a0T\u00ednh n\u0103ng linh ho\u1ea1t cao c\u1ee7a D\u1ea7u Mobil DTE Oil Named \u0111\u00e3 khi\u1ebfn ch\u00fang tr\u1edf th\u00e0nh lo\u1ea1i d\u1ea7u \u0111\u01b0\u1ee3c l\u1ef1a ch\u1ecdn cho v\u00f4 s\u1ed1 \u1ee9ng d\u1ee5ng thi\u1ebft b\u1ecb c\u00f4ng nghi\u1ec7p tr\u00ean kh\u1eafp th\u1ebf gi\u1edbi.<\/h5>\n<h5 style=\"text-align: justify;\">D\u1ea7u Mobil DTE Named c\u00f3 danh ti\u1ebfng tuy\u1ec7t v\u1eddi trong vi\u1ec7c b\u00f4i tr\u01a1n h\u1ec7 th\u1ed1ng tu\u1ea7n ho\u00e0n c\u1ee7a tua bin h\u01a1i n\u01b0\u1edbc v\u00e0 tua bin th\u1ee7y \u0111i\u1ec7n, bao g\u1ed3m tua bin gi\u1ea3m t\u1ed1c, c\u00f9ng v\u1edbi nhi\u1ec1u lo\u1ea1i thi\u1ebft b\u1ecb ph\u1ee5 tr\u1ee3.<\/h5>\n<h5 style=\"text-align: justify;\">Khi c\u00e1c thi\u1ebft k\u1ebf thay \u0111\u1ed5i v\u00e0 t\u0103ng m\u1ee9c \u0111\u1ed9 nghi\u00eam tr\u1ecdng, th\u00e1ch th\u1ee9c c\u1ee7a c\u00e1c nh\u00e0 khoa h\u1ecdc trong c\u00f4ng th\u1ee9c c\u1ee7a ch\u00fang t\u00f4i l\u00e0 ph\u1ea3i hi\u1ec3u t\u00e1c \u0111\u1ed9ng c\u1ee7a nh\u1eefng thay \u0111\u1ed5i n\u00e0y \u0111\u1ed1i v\u1edbi ch\u1ea5t b\u00f4i tr\u01a1n v\u00e0 t\u1ea1o ra c\u00e1c s\u1ea3n ph\u1ea9m n\u00e0y cho t\u00ednh linh ho\u1ea1t r\u1ed9ng r\u00e3i m\u00e0 ch\u00fang \u0111\u01b0\u1ee3c c\u00f4ng nh\u1eadn.<\/h5>\n<h5 style=\"text-align: justify;\">\u0110\u1ed1i v\u1edbi D\u00f2ng s\u1ea3n ph\u1ea9m b\u00f4i tr\u01a1n Mobil DTE Oil, qu\u00e1 tr\u00ecnh n\u00e0y \u0111\u00e3 d\u1eabn \u0111\u1ebfn vi\u1ec7c s\u1eed d\u1ee5ng g\u1ed1c \u0111\u1eb7c bi\u1ec7t \u0111\u1ec3 c\u00f3 \u0111\u1ed9 \u1ed5n \u0111\u1ecbnh oxy h\u00f3a v\u01b0\u1ee3t tr\u1ed9i, c\u1ed9ng v\u1edbi s\u1ef1 k\u1ebft h\u1ee3p ph\u1ee5 gia \u0111\u1ed9c \u0111\u00e1o \u0111\u1ec3 \u0111\u1ea3m b\u1ea3o hi\u1ec7u su\u1ea5t tuy\u1ec7t v\u1eddi tr\u00ean ph\u1ea1m vi r\u1ed9ng c\u1ee7a c\u00e1c lo\u1ea1i d\u1ea7u n\u00e0y.\u00a0\u0110\u00e1nh gi\u00e1 v\u1ec1 c\u00e1c t\u00ednh n\u0103ng, l\u1ee3i th\u1ebf v\u00e0 l\u1ee3i \u00edch ti\u1ec1m n\u0103ng c\u1ee7a s\u1ea3n ph\u1ea9m \u0111\u01b0\u1ee3c hi\u1ec3n th\u1ecb d\u01b0\u1edbi \u0111\u00e2y.<\/h5>\n<p>&nbsp;<\/p>\n<div class=\"table-responsive\">\n<table class=\"table table-striped\">\n<tbody>\n<tr>\n<td style=\"text-align: left;\"><strong>\u0110\u1eb7c tr\u01b0ng<\/strong><\/td>\n<td style=\"text-align: left;\"><strong>\u01afu \u0111i\u1ec3m v\u00e0 l\u1ee3i \u00edch ti\u1ec1m n\u0103ng<\/strong><\/td>\n<\/tr>\n<tr>\n<td style=\"text-align: left;\">M\u1ee9c \u0111\u1ed9 \u1ed5n \u0111\u1ecbnh h\u00f3a h\u1ecdc v\u00e0 nhi\u1ec7t r\u1ea5t cao v\u00e0 kh\u1ea3 n\u0103ng ch\u1ed1ng m\u00e0i m\u00f2n v\u00e0 \u0111\u00e1nh b\u00f3ng<\/td>\n<td style=\"text-align: left;\">Tu\u1ed5i th\u1ecd d\u1ea7u d\u00e0i trong h\u1ec7 th\u1ed1ng tu\u1ea7n ho\u00e0n v\u00e0 gi\u1ea3m chi ph\u00ed thay th\u1ebf d\u1ea7u<\/td>\n<\/tr>\n<tr>\n<td style=\"text-align: left;\"><\/td>\n<td style=\"text-align: left;\">\u00cdt th\u1eddi gian ng\u1eebng ho\u1ea1t \u0111\u1ed9ng ngo\u00e0i k\u1ebf ho\u1ea1ch v\u00e0 gi\u1ea3m chi ph\u00ed b\u1ea3o tr\u00ec<\/td>\n<\/tr>\n<tr>\n<td style=\"text-align: left;\">\u0110\u1eb7c t\u00ednh gi\u1ea3i ph\u00f3ng n\u01b0\u1edbc tuy\u1ec7t v\u1eddi<\/td>\n<td style=\"text-align: left;\">C\u1ea3i thi\u1ec7n hi\u1ec7u qu\u1ea3 ho\u1ea1t \u0111\u1ed9ng<\/td>\n<\/tr>\n<tr>\n<td style=\"text-align: left;\">B\u1ea3o v\u1ec7 ch\u1ed1ng m\u00e0i m\u00f2n r\u1ea5t t\u1ed1t<\/td>\n<td style=\"text-align: left;\">Tu\u1ed5i th\u1ecd thi\u1ebft b\u1ecb l\u00e2u h\u01a1n, gi\u1ea3m th\u1eddi gian b\u1ea3o tr\u00ec v\u00e0 ng\u1eebng ho\u1ea1t \u0111\u1ed9ng<\/td>\n<\/tr>\n<tr>\n<td style=\"text-align: left;\">B\u1ea3o v\u1ec7 l\u00e2u d\u00e0i ch\u1ed1ng g\u1ec9 v\u00e0 \u0103n m\u00f2n<\/td>\n<td style=\"text-align: left;\">Tu\u1ed5i th\u1ecd thi\u1ebft b\u1ecb l\u00e2u h\u01a1n, gi\u1ea3m th\u1eddi gian b\u1ea3o tr\u00ec v\u00e0 ng\u1eebng ho\u1ea1t \u0111\u1ed9ng<\/td>\n<\/tr>\n<tr>\n<td style=\"text-align: left;\">Kh\u1ea3 n\u0103ng ch\u1ed1ng t\u1ea1o b\u1ecdt cao v\u00e0 tho\u00e1t kh\u00ed tuy\u1ec7t v\u1eddi<\/td>\n<td style=\"text-align: left;\">Tr\u00e1nh s\u1ef1 x\u00e2m th\u1ef1c c\u1ee7a m\u00e1y b\u01a1m, ho\u1ea1t \u0111\u1ed9ng \u1ed3n \u00e0o v\u00e0 th\u1ea5t th\u01b0\u1eddng<\/td>\n<\/tr>\n<tr>\n<td style=\"text-align: left;\">R\u1ea5t linh ho\u1ea1t &#8211; nhi\u1ec1u \u1ee9ng d\u1ee5ng<\/td>\n<td style=\"text-align: left;\">H\u1ee3p l\u00fd h\u00f3a h\u00e0ng t\u1ed3n kho, gi\u1ea3m chi ph\u00ed h\u00e0ng t\u1ed3n kho<\/td>\n<\/tr>\n<\/tbody>\n<\/table>\n<\/div>\n<p>&nbsp;<\/p>\n<h2>C\u00e1c \u1ee9ng d\u1ee5ng<\/h2>\n<p>D\u00f2ng d\u1ea7u nh\u1edbt Mobil DTE \u0111\u01b0\u1ee3c \u0111\u1eb7t t\u00ean l\u00e0 d\u1ea7u nh\u1edbt tu\u1ea7n ho\u00e0n hi\u1ec7u su\u1ea5t cao \u0111\u01b0\u1ee3c thi\u1ebft k\u1ebf cho c\u00e1c \u1ee9ng d\u1ee5ng y\u00eau c\u1ea7u tu\u1ed5i th\u1ecd d\u1ea7u nh\u1edbt l\u00e2u d\u00e0i.\u00a0C\u00e1c \u1ee9ng d\u1ee5ng c\u1ee5 th\u1ec3 bao g\u1ed3m:<\/p>\n<p>\u2022 Tua bin h\u01a1i n\u01b0\u1edbc tr\u00ean c\u1ea1n v\u00e0 tr\u00ean bi\u1ec3n, tua bin th\u1ee7y \u0111i\u1ec7n v\u00e0 m\u1ed9t s\u1ed1 h\u1ec7 th\u1ed1ng tu\u1ea7n ho\u00e0n tua bin kh\u00ed, bao g\u1ed3m m\u00e1y b\u01a1m, van v\u00e0 c\u00e1c thi\u1ebft b\u1ecb ph\u1ee5 tr\u1ee3 kh\u00e1c<\/p>\n<p>\u2022 D\u1ecbch v\u1ee5 li\u00ean t\u1ee5c trong \u1ed5 tr\u1ee5c tr\u01a1n v\u00e0 \u1ed5 l\u0103n v\u00e0 b\u00e1nh r\u0103ng tr\u1ee5c song song<\/p>\n<p>\u2022 Tua bin c\u00f3 d\u1ea7u \u0111\u01b0\u1ee3c cung c\u1ea5p b\u1eb1ng c\u00e1ch phun n\u01b0\u1edbc, b\u1ed3n t\u1eafm, tra d\u1ea7u v\u00f2ng ho\u1eb7c c\u00e1c ph\u01b0\u01a1ng ti\u1ec7n c\u01a1 h\u1ecdc kh\u00e1c<\/p>\n<p>\u2022 B\u01a1m th\u1ee7y l\u1ef1c c\u00f3 m\u1ee9c \u0111\u1ed9 kh\u1eafc nghi\u1ec7t v\u1eeba ph\u1ea3i<\/p>\n<p>\u2022 M\u00e1y n\u00e9n v\u00e0 b\u01a1m ch\u00e2n kh\u00f4ng x\u1eed l\u00fd kh\u00f4ng kh\u00ed, kh\u00ed t\u1ef1 nhi\u00ean v\u00e0 kh\u00ed tr\u01a1, v\u00e0 v\u1edbi nhi\u1ec7t \u0111\u1ed9 x\u1ea3 kh\u00f4ng qu\u00e1 150C<\/p>\n<p>&nbsp;<\/p>\n<h2>Th\u00f4ng s\u1ed1 k\u1ef9 thu\u1eadt v\u00e0 Ph\u00ea duy\u1ec7t<\/h2>\n<div class=\"table-responsive\">\n<table class=\"table table-striped\">\n<tbody>\n<tr>\n<td style=\"text-align: left;\"><strong>This product is recommended for use in applications requiring:<\/strong><\/td>\n<td><strong>MOBIL DTE LIGHT<\/strong><\/td>\n<td><strong>MOBIL DTE MEDIUM<\/strong><\/td>\n<td><strong>MOBIL DTE HEAVY MEDIUM<\/strong><\/td>\n<td><strong>MOBIL DTE HEAVY<\/strong><\/td>\n<\/tr>\n<tr>\n<td style=\"text-align: left;\">GE GEK 27070<\/td>\n<td>X<\/td>\n<td><\/td>\n<td><\/td>\n<td><\/td>\n<\/tr>\n<tr>\n<td style=\"text-align: left;\">GE GEK 28143A<\/td>\n<td>X<\/td>\n<td>X<\/td>\n<td><\/td>\n<td><\/td>\n<\/tr>\n<tr>\n<td style=\"text-align: left;\">GE GEK 46506D<\/td>\n<td>X<\/td>\n<td><\/td>\n<td><\/td>\n<td><\/td>\n<\/tr>\n<\/tbody>\n<\/table>\n<\/div>\n<p>&nbsp;<\/p>\n<div class=\"table-responsive\">\n<table class=\"table table-striped\">\n<tbody>\n<tr>\n<td style=\"text-align: left;\"><strong>This product meets or exceeds the requirements of:<\/strong><\/td>\n<td><strong>MOBIL DTE LIGHT<\/strong><\/td>\n<td><strong>MOBIL DTE MEDIUM<\/strong><\/td>\n<td><strong>MOBIL DTE HEAVY MEDIUM<\/strong><\/td>\n<td><strong>MOBIL DTE HEAVY<\/strong><\/td>\n<\/tr>\n<tr>\n<td style=\"text-align: left;\">DIN 51515-1:2010-02<\/td>\n<td>X<\/td>\n<td>X<\/td>\n<td>X<\/td>\n<td>X<\/td>\n<\/tr>\n<tr>\n<td style=\"text-align: left;\">GE Power GEK120498<\/td>\n<td>X<\/td>\n<td><\/td>\n<td><\/td>\n<td><\/td>\n<\/tr>\n<tr>\n<td style=\"text-align: left;\">JIS K-2213 Type 2<\/td>\n<td>X<\/td>\n<td>X<\/td>\n<td>X<\/td>\n<td><\/td>\n<\/tr>\n<\/tbody>\n<\/table>\n<\/div>\n<p>&nbsp;<\/p>\n<h2>Thu\u1ed9c t\u00ednh v\u00e0 th\u00f4ng s\u1ed1 k\u1ef9 thu\u1eadt<\/h2>\n<div class=\"table-responsive\">\n<table class=\"table table-striped\">\n<tbody>\n<tr>\n<td style=\"text-align: left;\"><strong>Property<\/strong><\/td>\n<td><strong>MOBIL DTE LIGHT<\/strong><\/td>\n<td><strong>MOBIL DTE MEDIUM<\/strong><\/td>\n<td><strong>MOBIL DTE HEAVY MEDIUM<\/strong><\/td>\n<td><strong>MOBIL DTE HEAVY<\/strong><\/td>\n<\/tr>\n<tr>\n<td style=\"text-align: left;\">Grade<\/td>\n<td>ISO 32<\/td>\n<td>ISO 46<\/td>\n<td>ISO 68<\/td>\n<td>ISO 100<\/td>\n<\/tr>\n<tr>\n<td style=\"text-align: left;\">Air Release Time, 50 C, min, ASTM D3427<\/td>\n<td>3<\/td>\n<td>3<\/td>\n<td>4<\/td>\n<td>8<\/td>\n<\/tr>\n<tr>\n<td style=\"text-align: left;\">Copper Strip Corrosion, 3 h, 100 C, Rating, ASTM D130<\/td>\n<td>1B<\/td>\n<td>1B<\/td>\n<td>1B<\/td>\n<td>1B<\/td>\n<\/tr>\n<tr>\n<td style=\"text-align: left;\">Density @ 15 C, kg\/l, ASTM D4052<\/td>\n<td>0.850<\/td>\n<td>0.860<\/td>\n<td>0.860<\/td>\n<td>0.880<\/td>\n<\/tr>\n<tr>\n<td style=\"text-align: left;\">Emulsion, Time to 3 mL Emulsion, 54 C, min, ASTM D1401<\/td>\n<td>15<\/td>\n<td>15<\/td>\n<td>20<\/td>\n<td><\/td>\n<\/tr>\n<tr>\n<td style=\"text-align: left;\">Flash Point, Cleveland Open Cup, \u00b0C, ASTM D92<\/td>\n<td>218<\/td>\n<td>221<\/td>\n<td>223<\/td>\n<td>237<\/td>\n<\/tr>\n<tr>\n<td style=\"text-align: left;\">Foam, Sequence I, Stability, ml, ASTM D892<\/td>\n<td>0<\/td>\n<td>0<\/td>\n<td>0<\/td>\n<td>0<\/td>\n<\/tr>\n<tr>\n<td style=\"text-align: left;\">Foam, Sequence I, Tendency, ml, ASTM D892<\/td>\n<td>20<\/td>\n<td>50<\/td>\n<td>50<\/td>\n<td>50<\/td>\n<\/tr>\n<tr>\n<td style=\"text-align: left;\">Kinematic Viscosity @ 100 C, mm2\/s, ASTM D445<\/td>\n<td>5.5<\/td>\n<td>6.9<\/td>\n<td>8.7<\/td>\n<td>10.9<\/td>\n<\/tr>\n<tr>\n<td style=\"text-align: left;\">Kinematic Viscosity @ 40 C, mm2\/s, ASTM D445<\/td>\n<td>31.0<\/td>\n<td>44.5<\/td>\n<td>65.1<\/td>\n<td>95.1<\/td>\n<\/tr>\n<tr>\n<td style=\"text-align: left;\">Pour Point, \u00b0C, ASTM D97<\/td>\n<td>-18<\/td>\n<td>-15<\/td>\n<td>-15<\/td>\n<td>-15<\/td>\n<\/tr>\n<tr>\n<td style=\"text-align: left;\">Rust Characteristics, Procedure A, ASTM D665<\/td>\n<td>PASS<\/td>\n<td>PASS<\/td>\n<td>PASS<\/td>\n<td>PASS<\/td>\n<\/tr>\n<tr>\n<td style=\"text-align: left;\">Rust Characteristics, Procedure B, ASTM D665<\/td>\n<td>PASS<\/td>\n<td>PASS<\/td>\n<td>PASS<\/td>\n<td>PASS<\/td>\n<\/tr>\n<tr>\n<td style=\"text-align: left;\">Turbine Oil Stability Test, Life to 2.0 mg KOH\/g, h, ASTM D943<\/td>\n<td>5000<\/td>\n<td>3700<\/td>\n<td>4500<\/td>\n<td>4500<\/td>\n<\/tr>\n<tr>\n<td style=\"text-align: left;\">Viscosity Index, ASTM D2270<\/td>\n<td>102<\/td>\n<td>98<\/td>\n<td>95<\/td>\n<td>92<\/td>\n<\/tr>\n<\/tbody>\n<\/table>\n<\/div>\n<h4><a href=\"https:\/\/www.mobil.com\/English-US\/Industrial\/pds\/GLXXMobil-DTE-Named-Series\">T\u00e0i li\u1ec7u tham kh\u1ea3o Mobil DTE\u2122 Oil Named Series: Click v\u00e0o \u0111\u00e2y.<\/a><\/h4>\n<p><a href=\"https:\/\/tatco.vn\/vi\/danh-muc-san-pham\/dau-nhot-mobil\/dau-nhot-cong-nghiep-mobil\/dau-turbin-mobil\/mobil-dte-oil-named-series\/\">X\u00eam th\u00eam danh m\u1ee5c: Click t\u1ea1i \u0111\u00e2y.<\/a><\/p>","protected":false},"excerpt":{"rendered":"<p><strong>Mobil DTE \u2122 Oil Heavy<\/strong>\u00a0l\u00e0 d\u1ea7u thu\u1ed9c\u00a0d\u00f2ng ch\u1ea5t b\u00f4i tr\u01a1n c\u00f3 hi\u1ec7u su\u1ea5t cao \u0111\u01b0\u1ee3c thi\u1ebft k\u1ebf cho c\u00e1c \u1ee9ng d\u1ee5ng bao g\u1ed3m h\u1ec7 th\u1ed1ng tuabin h\u01a1i n\u01b0\u1edbc v\u00e0 th\u1ee7y l\u1ef1c<\/p>\n","protected":false},"featured_media":26930,"comment_status":"open","ping_status":"closed","template":"","meta":[],"product_cat":[374,361,373,631],"product_tag":[632,700],"class_list":{"0":"post-12697","1":"product","2":"type-product","3":"status-publish","4":"has-post-thumbnail","6":"product_brand-mobil","7":"product_cat-mobil-industrial-oil","8":"product_cat-mobil-oil","9":"product_cat-mobil-turbin-oil","10":"product_cat-mobil-dte-oil-named-series","11":"product_tag-mobil-dte-oil-heavy","12":"product_tag-mobil-dte-oil-named-series","14":"first","15":"instock","16":"shipping-taxable","17":"purchasable","18":"product-type-simple"},"yoast_head":"<!-- This site is optimized with the Yoast SEO plugin v27.2 - https:\/\/yoast.com\/product\/yoast-seo-wordpress\/ -->\n<title>MOBIL DTE \u2122 OIL HEAVY - C\u00f4ng Ty TNHH D\u1ea7u Nh\u1eddn T&amp;T Vi\u1ec7t Nam<\/title>\n<meta name=\"robots\" content=\"index, follow, max-snippet:-1, max-image-preview:large, max-video-preview:-1\" \/>\n<link rel=\"canonical\" href=\"https:\/\/tatco.vn\/vi\/san-pham\/mobil-dte-oil-heavy\/\" \/>\n<meta property=\"og:locale\" content=\"vi_VN\" \/>\n<meta property=\"og:type\" content=\"article\" \/>\n<meta property=\"og:title\" content=\"MOBIL DTE \u2122 OIL HEAVY - C\u00f4ng Ty TNHH D\u1ea7u Nh\u1eddn T&amp;T Vi\u1ec7t Nam\" \/>\n<meta property=\"og:url\" content=\"https:\/\/tatco.vn\/vi\/san-pham\/mobil-dte-oil-heavy\/\" \/>\n<meta property=\"og:site_name\" content=\"C\u00f4ng Ty TNHH D\u1ea7u Nh\u1eddn T&amp;T Vi\u1ec7t Nam\" \/>\n<meta property=\"article:modified_time\" content=\"2022-03-27T21:22:50+00:00\" \/>\n<meta property=\"og:image\" content=\"https:\/\/tatco.vn\/wp-content\/uploads\/2019\/06\/dau-nhot-mobil-mobil-oil.png\" \/>\n\t<meta property=\"og:image:width\" content=\"1200\" \/>\n\t<meta property=\"og:image:height\" content=\"1200\" \/>\n\t<meta property=\"og:image:type\" content=\"image\/png\" \/>\n<meta name=\"twitter:card\" content=\"summary_large_image\" \/>\n<meta name=\"twitter:label1\" content=\"\u01af\u1edbc t\u00ednh th\u1eddi gian \u0111\u1ecdc\" \/>\n\t<meta name=\"twitter:data1\" content=\"13 ph\u00fat\" \/>\n<script type=\"application\/ld+json\" class=\"yoast-schema-graph\">{\"@context\":\"https:\/\/schema.org\",\"@graph\":[{\"@type\":\"WebPage\",\"@id\":\"https:\/\/tatco.vn\/vi\/san-pham\/mobil-dte-oil-heavy\/\",\"url\":\"https:\/\/tatco.vn\/vi\/san-pham\/mobil-dte-oil-heavy\/\",\"name\":\"MOBIL DTE \u2122 OIL HEAVY - C\u00f4ng Ty TNHH D\u1ea7u Nh\u1eddn T&amp;T Vi\u1ec7t Nam\",\"isPartOf\":{\"@id\":\"https:\/\/tatco.vn\/en\/#website\"},\"primaryImageOfPage\":{\"@id\":\"https:\/\/tatco.vn\/vi\/san-pham\/mobil-dte-oil-heavy\/#primaryimage\"},\"image\":{\"@id\":\"https:\/\/tatco.vn\/vi\/san-pham\/mobil-dte-oil-heavy\/#primaryimage\"},\"thumbnailUrl\":\"https:\/\/tatco.vn\/wp-content\/uploads\/2019\/06\/dau-nhot-mobil-mobil-oil.png\",\"datePublished\":\"2019-09-12T09:52:04+00:00\",\"dateModified\":\"2022-03-27T21:22:50+00:00\",\"breadcrumb\":{\"@id\":\"https:\/\/tatco.vn\/vi\/san-pham\/mobil-dte-oil-heavy\/#breadcrumb\"},\"inLanguage\":\"vi\",\"potentialAction\":[{\"@type\":\"ReadAction\",\"target\":[\"https:\/\/tatco.vn\/vi\/san-pham\/mobil-dte-oil-heavy\/\"]}]},{\"@type\":\"ImageObject\",\"inLanguage\":\"vi\",\"@id\":\"https:\/\/tatco.vn\/vi\/san-pham\/mobil-dte-oil-heavy\/#primaryimage\",\"url\":\"https:\/\/tatco.vn\/wp-content\/uploads\/2019\/06\/dau-nhot-mobil-mobil-oil.png\",\"contentUrl\":\"https:\/\/tatco.vn\/wp-content\/uploads\/2019\/06\/dau-nhot-mobil-mobil-oil.png\",\"width\":1200,\"height\":1200,\"caption\":\"dau nhot mobil mobil oil Mobil SHC 625\"},{\"@type\":\"BreadcrumbList\",\"@id\":\"https:\/\/tatco.vn\/vi\/san-pham\/mobil-dte-oil-heavy\/#breadcrumb\",\"itemListElement\":[{\"@type\":\"ListItem\",\"position\":1,\"name\":\"Home\",\"item\":\"https:\/\/tatco.vn\/\"},{\"@type\":\"ListItem\",\"position\":2,\"name\":\"C\u1eeda h\u00e0ng\",\"item\":\"https:\/\/tatco.vn\/en\/mua\/\"},{\"@type\":\"ListItem\",\"position\":3,\"name\":\"MOBIL DTE \u2122 OIL HEAVY\"}]},{\"@type\":\"WebSite\",\"@id\":\"https:\/\/tatco.vn\/en\/#website\",\"url\":\"https:\/\/tatco.vn\/en\/\",\"name\":\"C\u00f4ng Ty TNHH D\u1ea7u Nh\u1eddn T&amp;T Vi\u1ec7t Nam\",\"description\":\"Right Point - Right Time - Best Solution\",\"publisher\":{\"@id\":\"https:\/\/tatco.vn\/en\/#organization\"},\"potentialAction\":[{\"@type\":\"SearchAction\",\"target\":{\"@type\":\"EntryPoint\",\"urlTemplate\":\"https:\/\/tatco.vn\/en\/?s={search_term_string}\"},\"query-input\":{\"@type\":\"PropertyValueSpecification\",\"valueRequired\":true,\"valueName\":\"search_term_string\"}}],\"inLanguage\":\"vi\"},{\"@type\":\"Organization\",\"@id\":\"https:\/\/tatco.vn\/en\/#organization\",\"name\":\"C\u00f4ng Ty TNHH D\u1ea7u Nh\u1eddn T&T Vi\u1ec7t Nam\",\"url\":\"https:\/\/tatco.vn\/en\/\",\"logo\":{\"@type\":\"ImageObject\",\"inLanguage\":\"vi\",\"@id\":\"https:\/\/tatco.vn\/en\/#\/schema\/logo\/image\/\",\"url\":\"https:\/\/tatco.vn\/wp-content\/uploads\/2019\/05\/fav-ico.png\",\"contentUrl\":\"https:\/\/tatco.vn\/wp-content\/uploads\/2019\/05\/fav-ico.png\",\"width\":200,\"height\":200,\"caption\":\"C\u00f4ng Ty TNHH D\u1ea7u Nh\u1eddn T&T Vi\u1ec7t Nam\"},\"image\":{\"@id\":\"https:\/\/tatco.vn\/en\/#\/schema\/logo\/image\/\"}}]}<\/script>\n<!-- \/ Yoast SEO plugin. -->","yoast_head_json":{"title":"MOBIL DTE \u2122 OIL HEAVY - C\u00f4ng Ty TNHH D\u1ea7u Nh\u1eddn T&amp;T Vi\u1ec7t Nam","robots":{"index":"index","follow":"follow","max-snippet":"max-snippet:-1","max-image-preview":"max-image-preview:large","max-video-preview":"max-video-preview:-1"},"canonical":"https:\/\/tatco.vn\/vi\/san-pham\/mobil-dte-oil-heavy\/","og_locale":"vi_VN","og_type":"article","og_title":"MOBIL DTE \u2122 OIL HEAVY - C\u00f4ng Ty TNHH D\u1ea7u Nh\u1eddn T&amp;T Vi\u1ec7t Nam","og_url":"https:\/\/tatco.vn\/vi\/san-pham\/mobil-dte-oil-heavy\/","og_site_name":"C\u00f4ng Ty TNHH D\u1ea7u Nh\u1eddn T&amp;T Vi\u1ec7t Nam","article_modified_time":"2022-03-27T21:22:50+00:00","og_image":[{"width":1200,"height":1200,"url":"https:\/\/tatco.vn\/wp-content\/uploads\/2019\/06\/dau-nhot-mobil-mobil-oil.png","type":"image\/png"}],"twitter_card":"summary_large_image","twitter_misc":{"\u01af\u1edbc t\u00ednh th\u1eddi gian \u0111\u1ecdc":"13 ph\u00fat"},"schema":{"@context":"https:\/\/schema.org","@graph":[{"@type":"WebPage","@id":"https:\/\/tatco.vn\/vi\/san-pham\/mobil-dte-oil-heavy\/","url":"https:\/\/tatco.vn\/vi\/san-pham\/mobil-dte-oil-heavy\/","name":"MOBIL DTE \u2122 OIL HEAVY - C\u00f4ng Ty TNHH D\u1ea7u Nh\u1eddn T&amp;T Vi\u1ec7t Nam","isPartOf":{"@id":"https:\/\/tatco.vn\/en\/#website"},"primaryImageOfPage":{"@id":"https:\/\/tatco.vn\/vi\/san-pham\/mobil-dte-oil-heavy\/#primaryimage"},"image":{"@id":"https:\/\/tatco.vn\/vi\/san-pham\/mobil-dte-oil-heavy\/#primaryimage"},"thumbnailUrl":"https:\/\/tatco.vn\/wp-content\/uploads\/2019\/06\/dau-nhot-mobil-mobil-oil.png","datePublished":"2019-09-12T09:52:04+00:00","dateModified":"2022-03-27T21:22:50+00:00","breadcrumb":{"@id":"https:\/\/tatco.vn\/vi\/san-pham\/mobil-dte-oil-heavy\/#breadcrumb"},"inLanguage":"vi","potentialAction":[{"@type":"ReadAction","target":["https:\/\/tatco.vn\/vi\/san-pham\/mobil-dte-oil-heavy\/"]}]},{"@type":"ImageObject","inLanguage":"vi","@id":"https:\/\/tatco.vn\/vi\/san-pham\/mobil-dte-oil-heavy\/#primaryimage","url":"https:\/\/tatco.vn\/wp-content\/uploads\/2019\/06\/dau-nhot-mobil-mobil-oil.png","contentUrl":"https:\/\/tatco.vn\/wp-content\/uploads\/2019\/06\/dau-nhot-mobil-mobil-oil.png","width":1200,"height":1200,"caption":"dau nhot mobil mobil oil Mobil SHC 625"},{"@type":"BreadcrumbList","@id":"https:\/\/tatco.vn\/vi\/san-pham\/mobil-dte-oil-heavy\/#breadcrumb","itemListElement":[{"@type":"ListItem","position":1,"name":"Home","item":"https:\/\/tatco.vn\/"},{"@type":"ListItem","position":2,"name":"C\u1eeda h\u00e0ng","item":"https:\/\/tatco.vn\/en\/mua\/"},{"@type":"ListItem","position":3,"name":"MOBIL DTE \u2122 OIL HEAVY"}]},{"@type":"WebSite","@id":"https:\/\/tatco.vn\/en\/#website","url":"https:\/\/tatco.vn\/en\/","name":"C\u00f4ng Ty TNHH D\u1ea7u Nh\u1eddn T&amp;T Vi\u1ec7t Nam","description":"Right Point - Right Time - Best Solution","publisher":{"@id":"https:\/\/tatco.vn\/en\/#organization"},"potentialAction":[{"@type":"SearchAction","target":{"@type":"EntryPoint","urlTemplate":"https:\/\/tatco.vn\/en\/?s={search_term_string}"},"query-input":{"@type":"PropertyValueSpecification","valueRequired":true,"valueName":"search_term_string"}}],"inLanguage":"vi"},{"@type":"Organization","@id":"https:\/\/tatco.vn\/en\/#organization","name":"C\u00f4ng Ty TNHH D\u1ea7u Nh\u1eddn T&T Vi\u1ec7t Nam","url":"https:\/\/tatco.vn\/en\/","logo":{"@type":"ImageObject","inLanguage":"vi","@id":"https:\/\/tatco.vn\/en\/#\/schema\/logo\/image\/","url":"https:\/\/tatco.vn\/wp-content\/uploads\/2019\/05\/fav-ico.png","contentUrl":"https:\/\/tatco.vn\/wp-content\/uploads\/2019\/05\/fav-ico.png","width":200,"height":200,"caption":"C\u00f4ng Ty TNHH D\u1ea7u Nh\u1eddn T&T Vi\u1ec7t Nam"},"image":{"@id":"https:\/\/tatco.vn\/en\/#\/schema\/logo\/image\/"}}]}},"_links":{"self":[{"href":"https:\/\/tatco.vn\/vi\/wp-json\/wp\/v2\/product\/12697","targetHints":{"allow":["GET"]}}],"collection":[{"href":"https:\/\/tatco.vn\/vi\/wp-json\/wp\/v2\/product"}],"about":[{"href":"https:\/\/tatco.vn\/vi\/wp-json\/wp\/v2\/types\/product"}],"replies":[{"embeddable":true,"href":"https:\/\/tatco.vn\/vi\/wp-json\/wp\/v2\/comments?post=12697"}],"version-history":[{"count":0,"href":"https:\/\/tatco.vn\/vi\/wp-json\/wp\/v2\/product\/12697\/revisions"}],"wp:featuredmedia":[{"embeddable":true,"href":"https:\/\/tatco.vn\/vi\/wp-json\/wp\/v2\/media\/26930"}],"wp:attachment":[{"href":"https:\/\/tatco.vn\/vi\/wp-json\/wp\/v2\/media?parent=12697"}],"wp:term":[{"taxonomy":"product_cat","embeddable":true,"href":"https:\/\/tatco.vn\/vi\/wp-json\/wp\/v2\/product_cat?post=12697"},{"taxonomy":"product_tag","embeddable":true,"href":"https:\/\/tatco.vn\/vi\/wp-json\/wp\/v2\/product_tag?post=12697"}],"curies":[{"name":"wp","href":"https:\/\/api.w.org\/{rel}","templated":true}]}}