{"id":12695,"date":"2019-09-12T16:29:40","date_gmt":"2019-09-12T09:29:40","guid":{"rendered":"https:\/\/tatco.vn\/vi\/?post_type=product&#038;p=12695"},"modified":"2025-05-14T21:17:14","modified_gmt":"2025-05-14T14:17:14","slug":"mobil-dte-846","status":"publish","type":"product","link":"https:\/\/tatco.vn\/vi\/san-pham\/dau-mobil-dte-846\/","title":{"rendered":"MOBIL DTE 846"},"content":{"rendered":"<p><\/p>\n<h2><strong>Mobil DTE 846 :<\/strong><\/h2>\n<p><strong>Mobil DTE 846<\/strong>\u00a0l\u00e0 s\u1ea3n ph\u1ea9m d\u1ea7u tuabin cao c\u1ea5p d\u00e0nh cho tuabin h\u01a1i v\u00e0 kh\u00ed v\u00e0 tuabin gas chu tr\u00ecnh h\u1ed7n h\u1ee3p (CCGT) trong \u0111i\u1ec1u ki\u1ec7n v\u1eadn h\u00e0nh kh\u1eafc nghi\u1ec7t.<\/p>\n<p><strong>\u0110\u1eb7c t\u00ednh:<\/strong><\/p>\n<ul>\n<li>\u1ed4n \u0111\u1ecbnh nhi\u1ec7t-h\u00f3a<\/li>\n<li>Ch\u1ed1ng m\u00e0i m\u00f2n<\/li>\n<li>Kh\u1eed nh\u0169 t\u01b0\u01a1ng<\/li>\n<\/ul>\n<p><strong>\u1ee8ng d\u1ee5ng:<\/strong><\/p>\n<ul>\n<li>M\u00e1y ph\u00e1t \u0111i\u1ec7n t\u1ea3i cao<\/li>\n<li>Nh\u00e0 m\u00e1y \u0111i\u1ec7n chu tr\u00ecnh h\u1ed7n h\u1ee3p (CCGT) tuabin kh\u00ed v\u00e0 h\u01a1i<\/li>\n<li>Nh\u00e0 m\u00e1y \u0111i\u1ec7n, x\u1eed l\u00ed v\u00e0 truy\u1ec1n t\u1ea3i kh\u00ed gas t\u1ef1 nhi\u00ean<\/li>\n<\/ul>\n<p>D\u1ea7u DTE 800 Series cung c\u1ea5p c\u00e1c t\u00ednh n\u0103ng v\u00e0 l\u1ee3i \u00edch ti\u1ec1m n\u0103ng sau:<\/p>\n<div class=\"table-responsive\">\n<table class=\"table table-striped\">\n<tbody>\n<tr>\n<td style=\"text-align: left;\"><strong>\u0110\u1eb7c tr\u01b0ng<\/strong><\/td>\n<td style=\"text-align: left;\"><strong>\u01afu \u0111i\u1ec3m v\u00e0 l\u1ee3i \u00edch ti\u1ec1m n\u0103ng<\/strong><\/td>\n<\/tr>\n<tr>\n<td style=\"text-align: left;\">\u0110\u00e1p \u1ee9ng ho\u1eb7c v\u01b0\u1ee3t c\u1ea3 y\u00eau c\u1ea7u tuabin kh\u00ed v\u00e0 tuabin h\u01a1i c\u1ee7a c\u00e1c nh\u00e0 ch\u1ebf t\u1ea1o ch\u1ee7 ch\u1ed1t<\/td>\n<td>\n<p style=\"text-align: left;\">Tr\u00e1nh \u00e1p d\u1ee5ng sai b\u00f4i tr\u01a1n v\u00e0 thay \u0111\u1ed5i t\u1ed1n k\u00e9m<\/p>\n<p style=\"text-align: left;\">Gi\u1ea3m chi ph\u00ed h\u00e0ng t\u1ed3n kho<\/p>\n<\/td>\n<\/tr>\n<tr>\n<td style=\"text-align: left;\">\u0110\u1ed9 \u1ed5n \u0111\u1ecbnh nhi\u1ec7t \/ oxy h\u00f3a tuy\u1ec7t v\u1eddi<\/td>\n<td>\n<p style=\"text-align: left;\">Gi\u1ea3m th\u1eddi gian ch\u1ebft, ho\u1ea1t \u0111\u1ed9ng \u0111\u00e1ng tin c\u1eady h\u01a1n<\/p>\n<p style=\"text-align: left;\">Tu\u1ed5i th\u1ecd d\u1ea7u k\u00e9o d\u00e0i;\u00a0h\u1ea1 gi\u00e1 th\u00e0nh s\u1ea3n ph\u1ea9m<\/p>\n<\/td>\n<\/tr>\n<tr>\n<td style=\"text-align: left;\">B\u1ea3o v\u1ec7 ch\u1ed1ng m\u00e0i m\u00f2n tuy\u1ec7t v\u1eddi<\/td>\n<td>\n<p style=\"text-align: left;\">B\u1ea3o v\u1ec7 tuy\u1ec7t v\u1eddi cho tuabin gi\u1ea3m t\u1ed1c (kh\u00ed- v\u00e0 h\u01a1i-), gi\u1ea3m chi ph\u00ed b\u1ea3o tr\u00ec v\u00e0 thay th\u1ebf<\/p>\n<p style=\"text-align: left;\">B\u1ea3o v\u1ec7 thi\u1ebft b\u1ecb m\u1edf r\u1ed9ng v\u00e0 gi\u1ea3m chi ph\u00ed thay th\u1ebf<\/p>\n<\/td>\n<\/tr>\n<tr>\n<td style=\"text-align: left;\">Kh\u1ea3 n\u0103ng kh\u1eed nh\u0169 tuy\u1ec7t v\u1eddi<\/td>\n<td style=\"text-align: left;\">H\u1ec7 th\u1ed1ng ho\u1ea1t \u0111\u1ed9ng hi\u1ec7u qu\u1ea3 v\u00e0 gi\u1ea3m b\u1ea3o tr\u00ec<\/td>\n<\/tr>\n<\/tbody>\n<\/table>\n<\/div>\n<p>&nbsp;<\/p>\n<h2>C\u00e1c \u1ee9ng d\u1ee5ng<\/h2>\n<p>Mobil DTE 832 v\u00e0 846 l\u00e0 d\u1ea7u tuabin hi\u1ec7u su\u1ea5t cao \u0111\u01b0\u1ee3c thi\u1ebft k\u1ebf \u0111\u1ec3 s\u1eed d\u1ee5ng trong c\u00e1c h\u1ec7 th\u1ed1ng d\u1ea7u tuabin h\u01a1i v\u00e0 kh\u00ed, c\u00e1c c\u01a1 c\u1ea5u \u0111i\u1ec1u khi\u1ec3n t\u1ed1c \u0111\u1ed9 tuabin tr\u1ef1c ti\u1ebfp ho\u1eb7c k\u1ebft h\u1ee3p b\u00e1nh r\u0103ng.\u00a0C\u00e1c \u1ee9ng d\u1ee5ng c\u1ee5 th\u1ec3 bao g\u1ed3m:<\/p>\n<p>\u2022 C\u00e1c \u1ee9ng d\u1ee5ng ph\u00e1t \u0111i\u1ec7n chu tr\u00ecnh h\u1ed7n h\u1ee3p (CCGT) bao g\u1ed3m c\u00e1c \u1ee9ng d\u1ee5ng c\u00f3 h\u1ec7 th\u1ed1ng tu\u1ea7n ho\u00e0n chung cho tuabin h\u01a1i v\u00e0 tuabin kh\u00ed.<\/p>\n<p>\u2022 B\u00f4i tr\u01a1n c\u00e1c t\u1ed5 m\u00e1y tua bin h\u01a1i ho\u1eb7c tua bin kh\u00ed \u0111\u01b0\u1ee3c s\u1eed d\u1ee5ng \u0111\u1ec3 ph\u00e1t \u0111i\u1ec7n, truy\u1ec1n t\u1ea3i \u0111\u01b0\u1eddng \u1ed1ng d\u1eabn kh\u00ed \u0111\u1ed1t t\u1ef1 nhi\u00ean, v\u1eadn h\u00e0nh quy tr\u00ecnh v\u00e0 c\u00e1c nh\u00e0 m\u00e1y \u0111\u1ed3ng ph\u00e1t.<\/p>\n<p>&nbsp;<\/p>\n<h2>Th\u00f4ng s\u1ed1 k\u1ef9 thu\u1eadt v\u00e0 Ph\u00ea duy\u1ec7t<\/h2>\n<div class=\"table-responsive\">\n<table class=\"table table-striped\">\n<tbody>\n<tr>\n<td style=\"text-align: left;\"><strong>This product has the following approvals:<\/strong><\/td>\n<td><strong>832<\/strong><\/td>\n<td><strong>846<\/strong><\/td>\n<\/tr>\n<tr>\n<td style=\"text-align: left;\">GE Power (former Alstom Power) HTGD 90117<\/td>\n<td>X<\/td>\n<td>X<\/td>\n<\/tr>\n<tr>\n<td style=\"text-align: left;\">Siemens TLV 9013 04<\/td>\n<td>X<\/td>\n<td>X<\/td>\n<\/tr>\n<tr>\n<td style=\"text-align: left;\">Siemens TLV 9013 05<\/td>\n<td>X<\/td>\n<td>X<\/td>\n<\/tr>\n<\/tbody>\n<\/table>\n<\/div>\n<p>&nbsp;<\/p>\n<div class=\"table-responsive\">\n<table class=\"table table-striped\">\n<tbody>\n<tr>\n<td style=\"text-align: left;\"><strong>This product is recommended for use in applications requiring:<\/strong><\/td>\n<td><strong>832<\/strong><\/td>\n<td><strong>846<\/strong><\/td>\n<\/tr>\n<tr>\n<td style=\"text-align: left;\">GE Power GEK 28143B<\/td>\n<td>X<\/td>\n<td>X<\/td>\n<\/tr>\n<tr>\n<td style=\"text-align: left;\">GE Power GEK 32568C<\/td>\n<td>X<\/td>\n<td><\/td>\n<\/tr>\n<\/tbody>\n<\/table>\n<\/div>\n<p>&nbsp;<\/p>\n<div class=\"table-responsive\">\n<table class=\"table table-striped\">\n<tbody>\n<tr>\n<td style=\"text-align: left;\"><strong>This product meets or exceeds the requirements of:<\/strong><\/td>\n<td><strong>832<\/strong><\/td>\n<td><strong>846<\/strong><\/td>\n<\/tr>\n<tr>\n<td style=\"text-align: left;\">DIN 51515-1:2010-02<\/td>\n<td>X<\/td>\n<td>X<\/td>\n<\/tr>\n<tr>\n<td style=\"text-align: left;\">DIN 51515-2:2010-02<\/td>\n<td>X<\/td>\n<td>X<\/td>\n<\/tr>\n<tr>\n<td style=\"text-align: left;\">GE Power GEK 101941A<\/td>\n<td>X<\/td>\n<td><\/td>\n<\/tr>\n<tr>\n<td style=\"text-align: left;\">GE Power GEK 107395A<\/td>\n<td>X<\/td>\n<td><\/td>\n<\/tr>\n<tr>\n<td style=\"text-align: left;\">GE Power GEK 121608<\/td>\n<td>X<\/td>\n<td><\/td>\n<\/tr>\n<tr>\n<td style=\"text-align: left;\">GE Power GEK 28143A<\/td>\n<td>X<\/td>\n<td>X<\/td>\n<\/tr>\n<tr>\n<td style=\"text-align: left;\">GE Power GEK 32568E<\/td>\n<td>X<\/td>\n<td><\/td>\n<\/tr>\n<tr>\n<td style=\"text-align: left;\">GE Power GEK 32568K<\/td>\n<td>X<\/td>\n<td><\/td>\n<\/tr>\n<tr>\n<td style=\"text-align: left;\">GE Power GEK 46506D<\/td>\n<td>X<\/td>\n<td><\/td>\n<\/tr>\n<tr>\n<td style=\"text-align: left;\">JIS K-2213 Type 2<\/td>\n<td>X<\/td>\n<td>X<\/td>\n<\/tr>\n<tr>\n<td style=\"text-align: left;\">Siemens Industrial Turbo Machinery MAT 812101<\/td>\n<td>X<\/td>\n<td><\/td>\n<\/tr>\n<tr>\n<td style=\"text-align: left;\">Siemens Industrial Turbo Machinery MAT 812102<\/td>\n<td><\/td>\n<td>X<\/td>\n<\/tr>\n<tr>\n<td style=\"text-align: left;\">Siemens Industrial Turbo Machinery MAT 812106<\/td>\n<td>X<\/td>\n<td><\/td>\n<\/tr>\n<tr>\n<td style=\"text-align: left;\">Siemens Industrial Turbo Machinery MAT 812107<\/td>\n<td><\/td>\n<td>X<\/td>\n<\/tr>\n<tr>\n<td style=\"text-align: left;\">Siemens Industrial Turbo Machinery MAT 812108<\/td>\n<td>X<\/td>\n<td><\/td>\n<\/tr>\n<tr>\n<td style=\"text-align: left;\">Siemens Industrial Turbo Machinery MAT 812109<\/td>\n<td><\/td>\n<td>X<\/td>\n<\/tr>\n<tr>\n<td style=\"text-align: left;\">Siemens Westinghouse PD-55125Z3<\/td>\n<td>X<\/td>\n<td><\/td>\n<\/tr>\n<tr>\n<td style=\"text-align: left;\">Solar Turbines ES 9-224, Class II<\/td>\n<td>X<\/td>\n<td>X<\/td>\n<\/tr>\n<\/tbody>\n<\/table>\n<\/div>\n<p>&nbsp;<\/p>\n<h2>Thu\u1ed9c t\u00ednh v\u00e0 th\u00f4ng s\u1ed1 k\u1ef9 thu\u1eadt<\/h2>\n<div class=\"table-responsive\">\n<table class=\"table table-striped\">\n<tbody>\n<tr>\n<td style=\"text-align: left;\"><strong>Property<\/strong><\/td>\n<td><strong>832<\/strong><\/td>\n<td><strong>846<\/strong><\/td>\n<\/tr>\n<tr>\n<td style=\"text-align: left;\">Grade<\/td>\n<td>ISO 32<\/td>\n<td>ISO 46<\/td>\n<\/tr>\n<tr>\n<td style=\"text-align: left;\">Air Release Time, 50 C, min, ASTM D3427<\/td>\n<td>4<\/td>\n<td>4<\/td>\n<\/tr>\n<tr>\n<td style=\"text-align: left;\">Copper Strip Corrosion, 3 h, 100 C, Rating, ASTM D130<\/td>\n<td>1A<\/td>\n<td>1A<\/td>\n<\/tr>\n<tr>\n<td style=\"text-align: left;\">Emulsion, Time to 0 mL Emulsion, 54 C, min, ASTM D1401<\/td>\n<td>15<\/td>\n<td>15<\/td>\n<\/tr>\n<tr>\n<td style=\"text-align: left;\">FZG Scuffing, Fail Load Stage, A\/8.3\/90, ISO 14635-1<\/td>\n<td>9<\/td>\n<td>9<\/td>\n<\/tr>\n<tr>\n<td style=\"text-align: left;\">Flash Point, Cleveland Open Cup, \u00b0C, ASTM D92<\/td>\n<td>224<\/td>\n<td>244<\/td>\n<\/tr>\n<tr>\n<td style=\"text-align: left;\">Foam, Sequence I, Stability, ml, ASTM D892<\/td>\n<td>0<\/td>\n<td>0<\/td>\n<\/tr>\n<tr>\n<td style=\"text-align: left;\">Foam, Sequence I, Tendency, ml, ASTM D892<\/td>\n<td>20<\/td>\n<td>20<\/td>\n<\/tr>\n<tr>\n<td style=\"text-align: left;\">Foam, Sequence II, Stability, ml, ASTM D892<\/td>\n<td>0<\/td>\n<td>0<\/td>\n<\/tr>\n<tr>\n<td style=\"text-align: left;\">Foam, Sequence II, Tendency, ml, ASTM D892<\/td>\n<td>20<\/td>\n<td>20<\/td>\n<\/tr>\n<tr>\n<td style=\"text-align: left;\">Foam, Sequence III, Stability, ml, ASTM D892<\/td>\n<td>0<\/td>\n<td>0<\/td>\n<\/tr>\n<tr>\n<td style=\"text-align: left;\">Foam, Sequence III, Tendency, ml, ASTM D892<\/td>\n<td>20<\/td>\n<td>20<\/td>\n<\/tr>\n<tr>\n<td style=\"text-align: left;\">Kinematic Viscosity @ 100 C, mm2\/s, ASTM D445<\/td>\n<td>5.4<\/td>\n<td>6.2<\/td>\n<\/tr>\n<tr>\n<td style=\"text-align: left;\">Kinematic Viscosity @ 40 C, mm2\/s, ASTM D445<\/td>\n<td>29.6<\/td>\n<td>42.4<\/td>\n<\/tr>\n<tr>\n<td style=\"text-align: left;\">Pour Point, \u00b0C, ASTM D97<\/td>\n<td>-30<\/td>\n<td>-30<\/td>\n<\/tr>\n<tr>\n<td style=\"text-align: left;\">Rotating Pressure Vessel Oxidation Test, min, ASTM D2272<\/td>\n<td>1200<\/td>\n<td>1100<\/td>\n<\/tr>\n<tr>\n<td style=\"text-align: left;\">Rust Characteristics, Procedure A, ASTM D665<\/td>\n<td>PASS<\/td>\n<td>PASS<\/td>\n<\/tr>\n<tr>\n<td style=\"text-align: left;\">Rust Characteristics, Procedure B, ASTM D665<\/td>\n<td>PASS<\/td>\n<td>PASS<\/td>\n<\/tr>\n<tr>\n<td style=\"text-align: left;\">Specific Gravity, 15.6 C\/15.6 C, ASTM D1298<\/td>\n<td><\/td>\n<td>0.87<\/td>\n<\/tr>\n<tr>\n<td style=\"text-align: left;\">Specific Gravity, 15.6 C\/15.6 C, ASTM D4052<\/td>\n<td>0.86<\/td>\n<td><\/td>\n<\/tr>\n<tr>\n<td style=\"text-align: left;\">Turbine Oil Stability Test, Life to 2.0 mg KOH\/g, h, ASTM D943<\/td>\n<td>10,000+<\/td>\n<td>10,000+<\/td>\n<\/tr>\n<tr>\n<td style=\"text-align: left;\">Viscosity Index, ASTM D2270<\/td>\n<td>110<\/td>\n<td>106<\/td>\n<\/tr>\n<\/tbody>\n<\/table>\n<\/div>\n<h4><a href=\"https:\/\/www.mobil.com\/English-CA\/Industrial\/pds\/GLXXMobil-DTE-800-Series\">T\u00e0i li\u1ec7u tham kh\u1ea3o Mobil DTE\u2122 800 Series: Click v\u00e0o \u0111\u00e2y.<\/a><\/h4>\n<p><a href=\"https:\/\/tatco.vn\/vi\/danh-muc-san-pham\/dau-nhot-mobil\/dau-nhot-cong-nghiep-mobil\/dau-turbin-mobil\/mobil-dte-800-series\/\">X\u00eam th\u00eam danh m\u1ee5c: Click t\u1ea1i \u0111\u00e2y.<\/a><\/p>","protected":false},"excerpt":{"rendered":"<p><strong>Mobil DTE 846<\/strong>\u00a0l\u00e0 s\u1ea3n ph\u1ea9m d\u1ea7u tuabin cao c\u1ea5p d\u00e0nh cho tuabin h\u01a1i v\u00e0 kh\u00ed v\u00e0 tuabin gas chu tr\u00ecnh h\u1ed7n h\u1ee3p (CCGT) trong \u0111i\u1ec1u ki\u1ec7n v\u1eadn h\u00e0nh kh\u1eafc nghi\u1ec7t.<\/p>\n","protected":false},"featured_media":26930,"comment_status":"open","ping_status":"closed","template":"","meta":[],"product_cat":[374,361,373,625],"product_tag":[681,629],"class_list":{"0":"post-12695","1":"product","2":"type-product","3":"status-publish","4":"has-post-thumbnail","6":"product_brand-mobil","7":"product_cat-mobil-industrial-oil","8":"product_cat-mobil-oil","9":"product_cat-mobil-turbin-oil","10":"product_cat-mobil-dte-800-series","11":"product_tag-mobil-dte","12":"product_tag-mobil-dte-846","14":"first","15":"instock","16":"shipping-taxable","17":"purchasable","18":"product-type-simple"},"yoast_head":"<!-- This site is optimized with the Yoast SEO plugin v27.2 - https:\/\/yoast.com\/product\/yoast-seo-wordpress\/ -->\n<title>MOBIL DTE 846 - C\u00f4ng Ty TNHH D\u1ea7u Nh\u1eddn T&amp;T Vi\u1ec7t Nam<\/title>\n<meta name=\"robots\" content=\"index, follow, max-snippet:-1, max-image-preview:large, max-video-preview:-1\" \/>\n<link rel=\"canonical\" href=\"https:\/\/tatco.vn\/vi\/san-pham\/mobil-dte-846\/\" \/>\n<meta property=\"og:locale\" content=\"vi_VN\" \/>\n<meta property=\"og:type\" content=\"article\" \/>\n<meta property=\"og:title\" content=\"MOBIL DTE 846 - C\u00f4ng Ty TNHH D\u1ea7u Nh\u1eddn T&amp;T Vi\u1ec7t Nam\" \/>\n<meta property=\"og:url\" content=\"https:\/\/tatco.vn\/vi\/san-pham\/mobil-dte-846\/\" \/>\n<meta property=\"og:site_name\" content=\"C\u00f4ng Ty TNHH D\u1ea7u Nh\u1eddn T&amp;T Vi\u1ec7t Nam\" \/>\n<meta property=\"article:modified_time\" content=\"2025-05-14T14:17:14+00:00\" \/>\n<meta property=\"og:image\" content=\"https:\/\/tatco.vn\/wp-content\/uploads\/2019\/06\/dau-nhot-mobil-mobil-oil.png\" \/>\n\t<meta property=\"og:image:width\" content=\"1200\" \/>\n\t<meta property=\"og:image:height\" content=\"1200\" \/>\n\t<meta property=\"og:image:type\" content=\"image\/png\" \/>\n<meta name=\"twitter:card\" content=\"summary_large_image\" \/>\n<meta name=\"twitter:label1\" content=\"\u01af\u1edbc t\u00ednh th\u1eddi gian \u0111\u1ecdc\" \/>\n\t<meta name=\"twitter:data1\" content=\"9 ph\u00fat\" \/>\n<script type=\"application\/ld+json\" class=\"yoast-schema-graph\">{\"@context\":\"https:\/\/schema.org\",\"@graph\":[{\"@type\":\"WebPage\",\"@id\":\"https:\/\/tatco.vn\/vi\/san-pham\/mobil-dte-846\/\",\"url\":\"https:\/\/tatco.vn\/vi\/san-pham\/mobil-dte-846\/\",\"name\":\"MOBIL DTE 846 - C\u00f4ng Ty TNHH D\u1ea7u Nh\u1eddn T&amp;T Vi\u1ec7t Nam\",\"isPartOf\":{\"@id\":\"https:\/\/tatco.vn\/en\/#website\"},\"primaryImageOfPage\":{\"@id\":\"https:\/\/tatco.vn\/vi\/san-pham\/mobil-dte-846\/#primaryimage\"},\"image\":{\"@id\":\"https:\/\/tatco.vn\/vi\/san-pham\/mobil-dte-846\/#primaryimage\"},\"thumbnailUrl\":\"https:\/\/tatco.vn\/wp-content\/uploads\/2019\/06\/dau-nhot-mobil-mobil-oil.png\",\"datePublished\":\"2019-09-12T09:29:40+00:00\",\"dateModified\":\"2025-05-14T14:17:14+00:00\",\"breadcrumb\":{\"@id\":\"https:\/\/tatco.vn\/vi\/san-pham\/mobil-dte-846\/#breadcrumb\"},\"inLanguage\":\"vi\",\"potentialAction\":[{\"@type\":\"ReadAction\",\"target\":[\"https:\/\/tatco.vn\/vi\/san-pham\/mobil-dte-846\/\"]}]},{\"@type\":\"ImageObject\",\"inLanguage\":\"vi\",\"@id\":\"https:\/\/tatco.vn\/vi\/san-pham\/mobil-dte-846\/#primaryimage\",\"url\":\"https:\/\/tatco.vn\/wp-content\/uploads\/2019\/06\/dau-nhot-mobil-mobil-oil.png\",\"contentUrl\":\"https:\/\/tatco.vn\/wp-content\/uploads\/2019\/06\/dau-nhot-mobil-mobil-oil.png\",\"width\":1200,\"height\":1200,\"caption\":\"dau nhot mobil mobil oil Mobil SHC 625\"},{\"@type\":\"BreadcrumbList\",\"@id\":\"https:\/\/tatco.vn\/vi\/san-pham\/mobil-dte-846\/#breadcrumb\",\"itemListElement\":[{\"@type\":\"ListItem\",\"position\":1,\"name\":\"Home\",\"item\":\"https:\/\/tatco.vn\/\"},{\"@type\":\"ListItem\",\"position\":2,\"name\":\"C\u1eeda h\u00e0ng\",\"item\":\"https:\/\/tatco.vn\/en\/mua\/\"},{\"@type\":\"ListItem\",\"position\":3,\"name\":\"MOBIL DTE 846\"}]},{\"@type\":\"WebSite\",\"@id\":\"https:\/\/tatco.vn\/en\/#website\",\"url\":\"https:\/\/tatco.vn\/en\/\",\"name\":\"C\u00f4ng Ty TNHH D\u1ea7u Nh\u1eddn T&amp;T Vi\u1ec7t Nam\",\"description\":\"Right Point - Right Time - Best Solution\",\"publisher\":{\"@id\":\"https:\/\/tatco.vn\/en\/#organization\"},\"potentialAction\":[{\"@type\":\"SearchAction\",\"target\":{\"@type\":\"EntryPoint\",\"urlTemplate\":\"https:\/\/tatco.vn\/en\/?s={search_term_string}\"},\"query-input\":{\"@type\":\"PropertyValueSpecification\",\"valueRequired\":true,\"valueName\":\"search_term_string\"}}],\"inLanguage\":\"vi\"},{\"@type\":\"Organization\",\"@id\":\"https:\/\/tatco.vn\/en\/#organization\",\"name\":\"C\u00f4ng Ty TNHH D\u1ea7u Nh\u1eddn T&T Vi\u1ec7t Nam\",\"url\":\"https:\/\/tatco.vn\/en\/\",\"logo\":{\"@type\":\"ImageObject\",\"inLanguage\":\"vi\",\"@id\":\"https:\/\/tatco.vn\/en\/#\/schema\/logo\/image\/\",\"url\":\"https:\/\/tatco.vn\/wp-content\/uploads\/2019\/05\/fav-ico.png\",\"contentUrl\":\"https:\/\/tatco.vn\/wp-content\/uploads\/2019\/05\/fav-ico.png\",\"width\":200,\"height\":200,\"caption\":\"C\u00f4ng Ty TNHH D\u1ea7u Nh\u1eddn T&T Vi\u1ec7t Nam\"},\"image\":{\"@id\":\"https:\/\/tatco.vn\/en\/#\/schema\/logo\/image\/\"}}]}<\/script>\n<!-- \/ Yoast SEO plugin. -->","yoast_head_json":{"title":"MOBIL DTE 846 - C\u00f4ng Ty TNHH D\u1ea7u Nh\u1eddn T&amp;T Vi\u1ec7t Nam","robots":{"index":"index","follow":"follow","max-snippet":"max-snippet:-1","max-image-preview":"max-image-preview:large","max-video-preview":"max-video-preview:-1"},"canonical":"https:\/\/tatco.vn\/vi\/san-pham\/mobil-dte-846\/","og_locale":"vi_VN","og_type":"article","og_title":"MOBIL DTE 846 - C\u00f4ng Ty TNHH D\u1ea7u Nh\u1eddn T&amp;T Vi\u1ec7t Nam","og_url":"https:\/\/tatco.vn\/vi\/san-pham\/mobil-dte-846\/","og_site_name":"C\u00f4ng Ty TNHH D\u1ea7u Nh\u1eddn T&amp;T Vi\u1ec7t Nam","article_modified_time":"2025-05-14T14:17:14+00:00","og_image":[{"width":1200,"height":1200,"url":"https:\/\/tatco.vn\/wp-content\/uploads\/2019\/06\/dau-nhot-mobil-mobil-oil.png","type":"image\/png"}],"twitter_card":"summary_large_image","twitter_misc":{"\u01af\u1edbc t\u00ednh th\u1eddi gian \u0111\u1ecdc":"9 ph\u00fat"},"schema":{"@context":"https:\/\/schema.org","@graph":[{"@type":"WebPage","@id":"https:\/\/tatco.vn\/vi\/san-pham\/mobil-dte-846\/","url":"https:\/\/tatco.vn\/vi\/san-pham\/mobil-dte-846\/","name":"MOBIL DTE 846 - C\u00f4ng Ty TNHH D\u1ea7u Nh\u1eddn T&amp;T Vi\u1ec7t Nam","isPartOf":{"@id":"https:\/\/tatco.vn\/en\/#website"},"primaryImageOfPage":{"@id":"https:\/\/tatco.vn\/vi\/san-pham\/mobil-dte-846\/#primaryimage"},"image":{"@id":"https:\/\/tatco.vn\/vi\/san-pham\/mobil-dte-846\/#primaryimage"},"thumbnailUrl":"https:\/\/tatco.vn\/wp-content\/uploads\/2019\/06\/dau-nhot-mobil-mobil-oil.png","datePublished":"2019-09-12T09:29:40+00:00","dateModified":"2025-05-14T14:17:14+00:00","breadcrumb":{"@id":"https:\/\/tatco.vn\/vi\/san-pham\/mobil-dte-846\/#breadcrumb"},"inLanguage":"vi","potentialAction":[{"@type":"ReadAction","target":["https:\/\/tatco.vn\/vi\/san-pham\/mobil-dte-846\/"]}]},{"@type":"ImageObject","inLanguage":"vi","@id":"https:\/\/tatco.vn\/vi\/san-pham\/mobil-dte-846\/#primaryimage","url":"https:\/\/tatco.vn\/wp-content\/uploads\/2019\/06\/dau-nhot-mobil-mobil-oil.png","contentUrl":"https:\/\/tatco.vn\/wp-content\/uploads\/2019\/06\/dau-nhot-mobil-mobil-oil.png","width":1200,"height":1200,"caption":"dau nhot mobil mobil oil Mobil SHC 625"},{"@type":"BreadcrumbList","@id":"https:\/\/tatco.vn\/vi\/san-pham\/mobil-dte-846\/#breadcrumb","itemListElement":[{"@type":"ListItem","position":1,"name":"Home","item":"https:\/\/tatco.vn\/"},{"@type":"ListItem","position":2,"name":"C\u1eeda h\u00e0ng","item":"https:\/\/tatco.vn\/en\/mua\/"},{"@type":"ListItem","position":3,"name":"MOBIL DTE 846"}]},{"@type":"WebSite","@id":"https:\/\/tatco.vn\/en\/#website","url":"https:\/\/tatco.vn\/en\/","name":"C\u00f4ng Ty TNHH D\u1ea7u Nh\u1eddn T&amp;T Vi\u1ec7t Nam","description":"Right Point - Right Time - Best Solution","publisher":{"@id":"https:\/\/tatco.vn\/en\/#organization"},"potentialAction":[{"@type":"SearchAction","target":{"@type":"EntryPoint","urlTemplate":"https:\/\/tatco.vn\/en\/?s={search_term_string}"},"query-input":{"@type":"PropertyValueSpecification","valueRequired":true,"valueName":"search_term_string"}}],"inLanguage":"vi"},{"@type":"Organization","@id":"https:\/\/tatco.vn\/en\/#organization","name":"C\u00f4ng Ty TNHH D\u1ea7u Nh\u1eddn T&T Vi\u1ec7t Nam","url":"https:\/\/tatco.vn\/en\/","logo":{"@type":"ImageObject","inLanguage":"vi","@id":"https:\/\/tatco.vn\/en\/#\/schema\/logo\/image\/","url":"https:\/\/tatco.vn\/wp-content\/uploads\/2019\/05\/fav-ico.png","contentUrl":"https:\/\/tatco.vn\/wp-content\/uploads\/2019\/05\/fav-ico.png","width":200,"height":200,"caption":"C\u00f4ng Ty TNHH D\u1ea7u Nh\u1eddn T&T Vi\u1ec7t Nam"},"image":{"@id":"https:\/\/tatco.vn\/en\/#\/schema\/logo\/image\/"}}]}},"_links":{"self":[{"href":"https:\/\/tatco.vn\/vi\/wp-json\/wp\/v2\/product\/12695","targetHints":{"allow":["GET"]}}],"collection":[{"href":"https:\/\/tatco.vn\/vi\/wp-json\/wp\/v2\/product"}],"about":[{"href":"https:\/\/tatco.vn\/vi\/wp-json\/wp\/v2\/types\/product"}],"replies":[{"embeddable":true,"href":"https:\/\/tatco.vn\/vi\/wp-json\/wp\/v2\/comments?post=12695"}],"version-history":[{"count":0,"href":"https:\/\/tatco.vn\/vi\/wp-json\/wp\/v2\/product\/12695\/revisions"}],"wp:featuredmedia":[{"embeddable":true,"href":"https:\/\/tatco.vn\/vi\/wp-json\/wp\/v2\/media\/26930"}],"wp:attachment":[{"href":"https:\/\/tatco.vn\/vi\/wp-json\/wp\/v2\/media?parent=12695"}],"wp:term":[{"taxonomy":"product_cat","embeddable":true,"href":"https:\/\/tatco.vn\/vi\/wp-json\/wp\/v2\/product_cat?post=12695"},{"taxonomy":"product_tag","embeddable":true,"href":"https:\/\/tatco.vn\/vi\/wp-json\/wp\/v2\/product_tag?post=12695"}],"curies":[{"name":"wp","href":"https:\/\/api.w.org\/{rel}","templated":true}]}}