{"id":12694,"date":"2019-09-12T16:19:38","date_gmt":"2019-09-12T09:19:38","guid":{"rendered":"https:\/\/tatco.vn\/vi\/?post_type=product&#038;p=12694"},"modified":"2020-12-27T13:26:39","modified_gmt":"2020-12-27T06:26:39","slug":"mobil-dte-768","status":"publish","type":"product","link":"https:\/\/tatco.vn\/vi\/san-pham\/dau-mobil-dte-768\/","title":{"rendered":"MOBIL DTE 768"},"content":{"rendered":"<p><\/p>\n<h2><strong>Mobil DTE 768 :<\/strong><\/h2>\n<p><strong>Mobil DTE 768<\/strong>\u00a0l\u00e0 ch\u1ea5t b\u00f4i tr\u01a1n b\u1ed5 sung m\u1edbi nh\u1ea5t cho d\u00f2ng d\u1ea7u nh\u1eddn Mobil DTE tuabin \u0111\u1ea3m b\u1ea3o ch\u1ea5t l\u01b0\u1ee3ng cao v\u00e0 \u0111\u1ed9 tin c\u1eady.<\/p>\n<p><strong>Mobil DTE 768<\/strong>\u00a0l\u00e0 ch\u1ea5t b\u00f4i tr\u01a1n tua bin kh\u00f4ng k\u1ebdm \u0111\u01b0\u1ee3c thi\u1ebft k\u1ebf \u0111\u1eb7c bi\u1ec7t \u0111\u1ec3 s\u1eed d\u1ee5ng trong tua bin kh\u00ed v\u00e0 h\u01a1i n\u01b0\u1edbc<\/p>\n<p><strong>\u0110\u1eb7c t\u00ednh:<\/strong><\/p>\n<ul>\n<li>\u1ed4n \u0111\u1ecbnh nhi\u1ec7t-h\u00f3a, m\u00e0u<\/li>\n<li>Ch\u1ed1ng g\u1ec9 s\u00e9t, \u0103n m\u00f2n<\/li>\n<li>Ch\u1ed1ng t\u1ea1o b\u1ecdt, kh\u00ed<\/li>\n<li>Ch\u1ed1ng n\u01b0\u1edbc<\/li>\n<\/ul>\n<h2>T\u00ednh n\u0103ng v\u00e0 l\u1ee3i \u00edch<\/h2>\n<p>Mobil DTE 700 Series cung c\u1ea5p c\u00e1c t\u00ednh n\u0103ng v\u00e0 l\u1ee3i \u00edch ti\u1ec1m n\u0103ng sau:<\/p>\n<p>&nbsp;<\/p>\n<div class=\"table-responsive\">\n<table class=\"table table-striped\">\n<tbody>\n<tr>\n<td>\n<p style=\"text-align: left;\"><strong>\u0110\u1eb7c tr\u01b0ng<\/strong><\/p>\n<\/td>\n<td>\n<p style=\"text-align: left;\"><strong>\u01afu \u0111i\u1ec3m v\u00e0 l\u1ee3i \u00edch ti\u1ec1m n\u0103ng<\/strong><\/p>\n<\/td>\n<\/tr>\n<tr>\n<td style=\"text-align: left;\">\u0110\u00e1p \u1ee9ng ho\u1eb7c v\u01b0\u1ee3t qu\u00e1 h\u1ea7u h\u1ebft c\u00e1c th\u00f4ng s\u1ed1 k\u1ef9 thu\u1eadt ch\u00ednh c\u1ee7a nh\u00e0 ch\u1ebf t\u1ea1o thi\u1ebft b\u1ecb tuabin v\u00e0 th\u00f4ng s\u1ed1 k\u1ef9 thu\u1eadt c\u1ee7a ng\u00e0nh (ISO VG 32)<\/td>\n<td style=\"text-align: left;\">\u0110\u01a1n gi\u1ea3n h\u00f3a vi\u1ec7c l\u1ef1a ch\u1ecdn v\u00e0 \u1ee9ng d\u1ee5ng ch\u1ea5t b\u00f4i tr\u01a1n \/ \u0110\u1ea3m b\u1ea3o tu\u00e2n th\u1ee7 b\u1ea3o h\u00e0nh c\u1ee7a nh\u00e0 ch\u1ebf t\u1ea1o thi\u1ebft b\u1ecb \/ Gi\u1ea3m thi\u1ec3u t\u1ed3n kho ch\u1ea5t b\u00f4i tr\u01a1n<\/td>\n<\/tr>\n<tr>\n<td>\n<p style=\"text-align: left;\">Qu\u00e1 tr\u00ecnh oxy h\u00f3a, h\u00f3a h\u1ecdc v\u00e0 b\u1ec1n m\u00e0u v\u01b0\u1ee3t tr\u1ed9i<\/p>\n<\/td>\n<td>\n<p style=\"text-align: left;\">\u0110\u01b0\u1ee3c thi\u1ebft k\u1ebf \u0111\u1ec3 cung c\u1ea5p tu\u1ed5i th\u1ecd d\u1ea7u k\u00e9o d\u00e0i v\u00e0 gi\u00fap gi\u1ea3m chi ph\u00ed mua v\u00e0 x\u1eed l\u00fd d\u1ea7u<\/p>\n<p style=\"text-align: left;\">Gi\u00fap ki\u1ec3m so\u00e1t s\u1ef1 h\u00ecnh th\u00e0nh c\u1eb7n \u0111\u1ec3 gi\u00fap gi\u1ea3m thi\u1ec3u t\u1eafc ngh\u1ebdn b\u1ed9 l\u1ecdc v\u00e0 t\u1eafc ngh\u1ebdn thi\u1ebft b\u1ecb \u0111\u1ec3 gi\u1ea3m th\u1eddi gian ng\u1eebng ho\u1ea1t \u0111\u1ed9ng v\u00e0 chi ph\u00ed b\u1ea3o tr\u00ec<\/p>\n<p style=\"text-align: left;\">M\u1ee9c \u0111\u1ed9 tin c\u1eady c\u1ee7a h\u1ec7 th\u1ed1ng tuabin cao v\u00e0 gi\u1ea3m th\u1eddi gian d\u1eebng \u0111\u1ed9t xu\u1ea5t<\/p>\n<\/td>\n<\/tr>\n<tr>\n<td>\n<p style=\"text-align: left;\">Kh\u1ea3 n\u0103ng t\u00e1ch n\u01b0\u1edbc tuy\u1ec7t v\u1eddi<\/p>\n<\/td>\n<td style=\"text-align: left;\">Gi\u00fap b\u1ea3o v\u1ec7 m\u00e0ng b\u00f4i tr\u01a1n t\u1ed1t \u0111\u1ec3 b\u1ea3o v\u1ec7 \u1ed5 tr\u1ee5c tuabin \/ T\u1ed1i \u0111a h\u00f3a hi\u1ec7u qu\u1ea3 h\u1ec7 th\u1ed1ng lo\u1ea1i b\u1ecf n\u01b0\u1edbc v\u00e0 gi\u1ea3m thi\u1ec3u chi ph\u00ed thay d\u1ea7u<\/td>\n<\/tr>\n<tr>\n<td>\n<p style=\"text-align: left;\">T\u0103ng c\u01b0\u1eddng ch\u1ed1ng g\u1ec9 v\u00e0 ch\u1ed1ng \u0103n m\u00f2n<\/p>\n<\/td>\n<td style=\"text-align: left;\">Ng\u0103n ch\u1eb7n s\u1ef1 \u0103n m\u00f2n c\u1ee7a c\u00e1c th\u00e0nh ph\u1ea7n quan tr\u1ecdng c\u1ee7a h\u1ec7 th\u1ed1ng d\u1ea7u \u0111\u1ec3 gi\u1ea3m b\u1ea3o tr\u00ec v\u00e0 k\u00e9o d\u00e0i tu\u1ed5i th\u1ecd c\u1ee7a c\u00e1c th\u00e0nh ph\u1ea7n<\/td>\n<\/tr>\n<tr>\n<td>\n<p style=\"text-align: left;\">Tho\u00e1t kh\u00ed nhanh v\u00e0 ch\u1ed1ng t\u1ea1o b\u1ecdt<\/p>\n<\/td>\n<td style=\"text-align: left;\">Ng\u0103n ch\u1eb7n ho\u1ea1t \u0111\u1ed9ng th\u1ea5t th\u01b0\u1eddng v\u00e0 s\u1ef1 x\u00e2m th\u1ef1c c\u1ee7a m\u00e1y b\u01a1m, gi\u1ea3m vi\u1ec7c thay th\u1ebf m\u00e1y b\u01a1m v\u00e0 t\u0103ng hi\u1ec7u su\u1ea5t m\u00e1y b\u01a1m<\/td>\n<\/tr>\n<tr>\n<td>\n<p style=\"text-align: left;\">K\u1ebdm mi\u1ec5n ph\u00ed<\/p>\n<\/td>\n<td>\n<p style=\"text-align: left;\">Gi\u1ea3m t\u00e1c \u0111\u1ed9ng m\u00f4i tr\u01b0\u1eddng<\/p>\n<\/td>\n<\/tr>\n<\/tbody>\n<\/table>\n<\/div>\n<p>&nbsp;<\/p>\n<h2>C\u00e1c \u1ee9ng d\u1ee5ng<\/h2>\n<p>Mobil DTE 700 Series \u0111\u01b0\u1ee3c thi\u1ebft k\u1ebf \u0111\u1ec3 \u0111\u00e1p \u1ee9ng ho\u1eb7c v\u01b0\u1ee3t qu\u00e1 c\u00e1c y\u00eau c\u1ea7u c\u1ee7a h\u1ec7 th\u1ed1ng tu\u1ea7n ho\u00e0n c\u1ee7a tuabin h\u01a1i v\u00e0 kh\u00ed.\u00a0C\u00e1c \u1ee9ng d\u1ee5ng c\u1ee5 th\u1ec3 bao g\u1ed3m<\/p>\n<p>\u2022 S\u1ea3n xu\u1ea5t \u0111i\u1ec7n cho c\u00e1c ti\u1ec7n \u00edch t\u1ea3i c\u01a1 b\u1ea3n \u0111\u1ea7u ra cao<\/p>\n<p>\u2022 C\u00e1c nh\u00e0 m\u00e1y \u0111i\u1ec7n chu tr\u00ecnh h\u1ed7n h\u1ee3p tuabin kh\u00ed ho\u1ea1t \u0111\u1ed9ng \u1edf ch\u1ebf \u0111\u1ed9 ph\u1ee5 t\u1ea3i c\u01a1 b\u1ea3n ho\u1eb7c ch\u1ebf \u0111\u1ed9 t\u1ea1o \u0111\u1ec9nh<\/p>\n<p>\u2022 Tua bin kh\u00ed trong c\u00e1c nh\u00e0 m\u00e1y \u0110i\u1ec7n \u0111\u1ed9ng<\/p>\n<p>\u2022 \u0110\u1ed9ng c\u01a1 ch\u00ednh tuabin kh\u00ed ho\u1eb7c h\u01a1i<\/p>\n<p>\u2022 C\u00e1c \u1ee9ng d\u1ee5ng tuabin th\u1ee7y \u0111i\u1ec7n<\/p>\n<p>&nbsp;<\/p>\n<h2>Th\u00f4ng s\u1ed1 k\u1ef9 thu\u1eadt v\u00e0 Ph\u00ea duy\u1ec7t<\/h2>\n<div class=\"table-responsive\">\n<div class=\"table-responsive\">\n<table class=\"table table-striped\">\n<tbody>\n<tr>\n<td>\n<p style=\"text-align: left;\"><strong>This product has the following approvals:<\/strong><\/p>\n<\/td>\n<td><strong>732<\/strong><\/td>\n<td><strong>746<\/strong><\/td>\n<td><strong>768<\/strong><\/td>\n<\/tr>\n<tr>\n<td>\n<p style=\"text-align: left;\">GE Power (former Alstom Power) HTGD 90117<\/p>\n<\/td>\n<td>X<\/td>\n<td>X<\/td>\n<td><\/td>\n<\/tr>\n<tr>\n<td>\n<p style=\"text-align: left;\">LMZ steam turbines<\/p>\n<\/td>\n<td>X<\/td>\n<td>X<\/td>\n<td><\/td>\n<\/tr>\n<tr>\n<td>\n<p style=\"text-align: left;\">Siemens TLV 9013 04<\/p>\n<\/td>\n<td>X<\/td>\n<td>X<\/td>\n<td><\/td>\n<\/tr>\n<tr>\n<td>\n<p style=\"text-align: left;\">Siemens TLV 9013 05<\/p>\n<\/td>\n<td>X<\/td>\n<td>X<\/td>\n<td><\/td>\n<\/tr>\n<\/tbody>\n<\/table>\n<\/div>\n<p>&nbsp;<\/p>\n<div class=\"table-responsive\">\n<table class=\"table table-striped\">\n<tbody>\n<tr>\n<td>\n<p style=\"text-align: left;\"><strong>This product is recommended for use in applications requiring:<\/strong><\/p>\n<\/td>\n<td><strong>732<\/strong><\/td>\n<td><strong>746<\/strong><\/td>\n<td><strong>768<\/strong><\/td>\n<\/tr>\n<tr>\n<td>\n<p style=\"text-align: left;\">GE Power GEK 28143A<\/p>\n<\/td>\n<td>X<\/td>\n<td>X<\/td>\n<td><\/td>\n<\/tr>\n<\/tbody>\n<\/table>\n<\/div>\n<p>&nbsp;<\/p>\n<div class=\"table-responsive\">\n<table class=\"table table-striped\">\n<tbody>\n<tr>\n<td>\n<p style=\"text-align: left;\"><strong>This product meets or exceeds the requirements of:<\/strong><\/p>\n<\/td>\n<td><strong>732<\/strong><\/td>\n<td><strong>746<\/strong><\/td>\n<td><strong>768<\/strong><\/td>\n<\/tr>\n<tr>\n<td>\n<p style=\"text-align: left;\">ASTM D4304, Type I (2017)<\/p>\n<\/td>\n<td>X<\/td>\n<td>X<\/td>\n<td>X<\/td>\n<\/tr>\n<tr>\n<td>\n<p style=\"text-align: left;\">ASTM D4304, Type III (2017)<\/p>\n<\/td>\n<td>X<\/td>\n<td>X<\/td>\n<td><\/td>\n<\/tr>\n<tr>\n<td>\n<p style=\"text-align: left;\">China GB 11120-2011, L-TGA<\/p>\n<\/td>\n<td>X<\/td>\n<td>X<\/td>\n<td>X<\/td>\n<\/tr>\n<tr>\n<td>\n<p style=\"text-align: left;\">China GB 11120-2011, L-TSA(Class A)<\/p>\n<\/td>\n<td>X<\/td>\n<td>X<\/td>\n<td><\/td>\n<\/tr>\n<tr>\n<td>\n<p style=\"text-align: left;\">China GB 11120-2011, L-TSA(Class B)<\/p>\n<\/td>\n<td>X<\/td>\n<td>X<\/td>\n<td><\/td>\n<\/tr>\n<tr>\n<td>\n<p style=\"text-align: left;\">DIN 51515-1:2010-02<\/p>\n<\/td>\n<td>X<\/td>\n<td>X<\/td>\n<td>X<\/td>\n<\/tr>\n<tr>\n<td>\n<p style=\"text-align: left;\">DIN 51515-2:2010-02<\/p>\n<\/td>\n<td>X<\/td>\n<td>X<\/td>\n<td><\/td>\n<\/tr>\n<tr>\n<td>\n<p style=\"text-align: left;\">GE Power GEK 120498<\/p>\n<\/td>\n<td>X<\/td>\n<td><\/td>\n<td><\/td>\n<\/tr>\n<tr>\n<td>\n<p style=\"text-align: left;\">GE Power GEK 121608<\/p>\n<\/td>\n<td>X<\/td>\n<td><\/td>\n<td><\/td>\n<\/tr>\n<tr>\n<td>\n<p style=\"text-align: left;\">GE Power GEK 27070<\/p>\n<\/td>\n<td>X<\/td>\n<td><\/td>\n<td><\/td>\n<\/tr>\n<tr>\n<td>\n<p style=\"text-align: left;\">GE Power GEK 32568K<\/p>\n<\/td>\n<td>X<\/td>\n<td><\/td>\n<td><\/td>\n<\/tr>\n<tr>\n<td>\n<p style=\"text-align: left;\">GE Power GEK 46506D<\/p>\n<\/td>\n<td>X<\/td>\n<td><\/td>\n<td><\/td>\n<\/tr>\n<tr>\n<td>\n<p style=\"text-align: left;\">ISO L-TGA (ISO 8068:2006)<\/p>\n<\/td>\n<td>X<\/td>\n<td>X<\/td>\n<td>X<\/td>\n<\/tr>\n<tr>\n<td>\n<p style=\"text-align: left;\">ISO L-TSA (ISO 8068:2006)<\/p>\n<\/td>\n<td>X<\/td>\n<td>X<\/td>\n<td>X<\/td>\n<\/tr>\n<tr>\n<td>\n<p style=\"text-align: left;\">JIS K-2213 Type 2<\/p>\n<\/td>\n<td>X<\/td>\n<td>X<\/td>\n<td>X<\/td>\n<\/tr>\n<tr>\n<td>\n<p style=\"text-align: left;\">Siemens Industrial Turbo Machinery MAT 812101<\/p>\n<\/td>\n<td>X<\/td>\n<td><\/td>\n<td><\/td>\n<\/tr>\n<tr>\n<td>\n<p style=\"text-align: left;\">Siemens Industrial Turbo Machinery MAT 812102<\/p>\n<\/td>\n<td><\/td>\n<td>X<\/td>\n<td><\/td>\n<\/tr>\n<tr>\n<td>\n<p style=\"text-align: left;\">Siemens Westinghouse PD-55125Z3<\/p>\n<\/td>\n<td>X<\/td>\n<td><\/td>\n<td><\/td>\n<\/tr>\n<\/tbody>\n<\/table>\n<\/div>\n<p>&nbsp;<\/p>\n<h2>Thu\u1ed9c t\u00ednh v\u00e0 th\u00f4ng s\u1ed1 k\u1ef9 thu\u1eadt<\/h2>\n<div class=\"table-responsive\">\n<table class=\"table table-striped\">\n<tbody>\n<tr>\n<td>\n<p style=\"text-align: left;\"><strong>Property<\/strong><\/p>\n<\/td>\n<td><strong>732<\/strong><\/td>\n<td><strong>746<\/strong><\/td>\n<td><strong>768<\/strong><\/td>\n<\/tr>\n<tr>\n<td>\n<p style=\"text-align: left;\">Grade<\/p>\n<\/td>\n<td>ISO 32<\/td>\n<td>ISO 46<\/td>\n<td>ISO 68<\/td>\n<\/tr>\n<tr>\n<td>\n<p style=\"text-align: left;\">Air Release, 50 C, min, ASTM D3427<\/p>\n<\/td>\n<td>2<\/td>\n<td>3<\/td>\n<td>4<\/td>\n<\/tr>\n<tr>\n<td>\n<p style=\"text-align: left;\">Copper Strip Corrosion, 3 h, 100 C, Rating, ASTM D130<\/p>\n<\/td>\n<td>1B<\/td>\n<td>1B<\/td>\n<td>1B<\/td>\n<\/tr>\n<tr>\n<td>\n<p style=\"text-align: left;\">Density @ 15 C, g\/cm3, ASTM D1298<\/p>\n<\/td>\n<td>0.85<\/td>\n<td>0.86<\/td>\n<td><\/td>\n<\/tr>\n<tr>\n<td>\n<p style=\"text-align: left;\">Emulsion, Time to 3 mL Emulsion, 54 C, min, ASTM D1401<\/p>\n<\/td>\n<td>10<\/td>\n<td>10<\/td>\n<td>10<\/td>\n<\/tr>\n<tr>\n<td>\n<p style=\"text-align: left;\">Flash Point, Cleveland Open Cup, \u00b0C, ASTM D92<\/p>\n<\/td>\n<td>228<\/td>\n<td>230<\/td>\n<td>242<\/td>\n<\/tr>\n<tr>\n<td>\n<p style=\"text-align: left;\">Foam, Sequence I, Tendency\/Stability, ml, ASTM D892<\/p>\n<\/td>\n<td>0\/0<\/td>\n<td>0\/0<\/td>\n<td>0\/0<\/td>\n<\/tr>\n<tr>\n<td>\n<p style=\"text-align: left;\">Foam, Sequence II, Tendency\/Stability, ml, ASTM D892<\/p>\n<\/td>\n<td>0\/0<\/td>\n<td>0\/0<\/td>\n<td>0\/0<\/td>\n<\/tr>\n<tr>\n<td>\n<p style=\"text-align: left;\">Foam, Sequence III, Tendency\/Stability, ml, ASTM D892<\/p>\n<\/td>\n<td>0\/0<\/td>\n<td>0\/0<\/td>\n<td>0\/0<\/td>\n<\/tr>\n<tr>\n<td>\n<p style=\"text-align: left;\">Kinematic Viscosity @ 100 C, mm2\/s, ASTM D445<\/p>\n<\/td>\n<td>5.5<\/td>\n<td>6.8<\/td>\n<td>8.6<\/td>\n<\/tr>\n<tr>\n<td>\n<p style=\"text-align: left;\">Kinematic Viscosity @ 40 C, mm2\/s, ASTM D445<\/p>\n<\/td>\n<td>30<\/td>\n<td>44<\/td>\n<td>64<\/td>\n<\/tr>\n<tr>\n<td>\n<p style=\"text-align: left;\">Neutralization Number, mgKOH\/g, ASTM D974<\/p>\n<\/td>\n<td>0.1<\/td>\n<td>0.1<\/td>\n<td>0.1<\/td>\n<\/tr>\n<tr>\n<td>\n<p style=\"text-align: left;\">Pour Point, \u00b0C, ASTM D97<\/p>\n<\/td>\n<td>-30<\/td>\n<td>-30<\/td>\n<td>-30<\/td>\n<\/tr>\n<tr>\n<td>\n<p style=\"text-align: left;\">Rotating Pressure Vessel Oxidation Test, min, ASTM D2272<\/p>\n<\/td>\n<td>1000<\/td>\n<td>1000<\/td>\n<td>1000<\/td>\n<\/tr>\n<tr>\n<td>\n<p style=\"text-align: left;\">Rust Characteristics, Procedure B, ASTM D665<\/p>\n<\/td>\n<td>PASS<\/td>\n<td>PASS<\/td>\n<td>PASS<\/td>\n<\/tr>\n<tr>\n<td>\n<p style=\"text-align: left;\">Specific Gravity, 15.6 C\/15.6 C, ASTM D1298<\/p>\n<\/td>\n<td><\/td>\n<td><\/td>\n<td>0.87<\/td>\n<\/tr>\n<tr>\n<td>\n<p style=\"text-align: left;\">Turbine Oil Stability Test, Life to 2.0 mg KOH\/g, h, ASTM D943<\/p>\n<\/td>\n<td>10000<\/td>\n<td>10000<\/td>\n<td>8000<\/td>\n<\/tr>\n<tr>\n<td>\n<p style=\"text-align: left;\">Viscosity Index, ASTM D2270<\/p>\n<\/td>\n<td>117<\/td>\n<td>113<\/td>\n<td>110<\/td>\n<\/tr>\n<\/tbody>\n<\/table>\n<\/div>\n<\/div>\n<h4><a href=\"https:\/\/www.mobil.com\/English-CA\/Industrial\/pds\/GLXXMobil-DTE-700\">T\u00e0i li\u1ec7u tham kh\u1ea3o Mobil DTE\u2122 700 Series: Click v\u00e0o \u0111\u00e2y.<\/a><\/h4>\n<p><a href=\"https:\/\/tatco.vn\/vi\/danh-muc-san-pham\/dau-nhot-mobil\/dau-nhot-cong-nghiep-mobil\/dau-turbin-mobil\/mobil-dte-700-series\/\">X\u00eam th\u00eam danh m\u1ee5c: Click t\u1ea1i \u0111\u00e2y.<\/a><\/p>","protected":false},"excerpt":{"rendered":"<p><strong>Mobil DTE 768<\/strong>\u00a0l\u00e0 ch\u1ea5t b\u00f4i tr\u01a1n b\u1ed5 sung m\u1edbi nh\u1ea5t cho d\u00f2ng d\u1ea7u nh\u1eddn Mobil DTE tuabin \u0111\u1ea3m b\u1ea3o ch\u1ea5t l\u01b0\u1ee3ng cao v\u00e0 \u0111\u1ed9 tin c\u1eady.<\/p>\n","protected":false},"featured_media":26930,"comment_status":"open","ping_status":"closed","template":"","meta":[],"product_cat":[374,361,373,622],"product_tag":[681,628],"class_list":{"0":"post-12694","1":"product","2":"type-product","3":"status-publish","4":"has-post-thumbnail","6":"product_brand-mobil","7":"product_cat-mobil-industrial-oil","8":"product_cat-mobil-oil","9":"product_cat-mobil-turbin-oil","10":"product_cat-mobil-dte-700-series","11":"product_tag-mobil-dte","12":"product_tag-mobil-dte-768","14":"first","15":"instock","16":"shipping-taxable","17":"purchasable","18":"product-type-simple"},"yoast_head":"<!-- This site is optimized with the Yoast SEO plugin v27.2 - https:\/\/yoast.com\/product\/yoast-seo-wordpress\/ -->\n<title>MOBIL DTE 768 - C\u00f4ng Ty TNHH D\u1ea7u Nh\u1eddn T&amp;T Vi\u1ec7t Nam<\/title>\n<meta name=\"robots\" content=\"index, follow, max-snippet:-1, max-image-preview:large, max-video-preview:-1\" \/>\n<link rel=\"canonical\" href=\"https:\/\/tatco.vn\/vi\/san-pham\/mobil-dte-768\/\" \/>\n<meta property=\"og:locale\" content=\"vi_VN\" \/>\n<meta property=\"og:type\" content=\"article\" \/>\n<meta property=\"og:title\" content=\"MOBIL DTE 768 - C\u00f4ng Ty TNHH D\u1ea7u Nh\u1eddn T&amp;T Vi\u1ec7t Nam\" \/>\n<meta property=\"og:url\" content=\"https:\/\/tatco.vn\/vi\/san-pham\/mobil-dte-768\/\" \/>\n<meta property=\"og:site_name\" content=\"C\u00f4ng Ty TNHH D\u1ea7u Nh\u1eddn T&amp;T Vi\u1ec7t Nam\" \/>\n<meta property=\"article:modified_time\" content=\"2020-12-27T06:26:39+00:00\" \/>\n<meta property=\"og:image\" content=\"https:\/\/tatco.vn\/wp-content\/uploads\/2019\/06\/dau-nhot-mobil-mobil-oil.png\" \/>\n\t<meta property=\"og:image:width\" content=\"1200\" \/>\n\t<meta property=\"og:image:height\" content=\"1200\" \/>\n\t<meta property=\"og:image:type\" content=\"image\/png\" \/>\n<meta name=\"twitter:card\" content=\"summary_large_image\" \/>\n<meta name=\"twitter:label1\" content=\"\u01af\u1edbc t\u00ednh th\u1eddi gian \u0111\u1ecdc\" \/>\n\t<meta name=\"twitter:data1\" content=\"9 ph\u00fat\" \/>\n<script type=\"application\/ld+json\" class=\"yoast-schema-graph\">{\"@context\":\"https:\/\/schema.org\",\"@graph\":[{\"@type\":\"WebPage\",\"@id\":\"https:\/\/tatco.vn\/vi\/san-pham\/mobil-dte-768\/\",\"url\":\"https:\/\/tatco.vn\/vi\/san-pham\/mobil-dte-768\/\",\"name\":\"MOBIL DTE 768 - C\u00f4ng Ty TNHH D\u1ea7u Nh\u1eddn T&amp;T Vi\u1ec7t Nam\",\"isPartOf\":{\"@id\":\"https:\/\/tatco.vn\/en\/#website\"},\"primaryImageOfPage\":{\"@id\":\"https:\/\/tatco.vn\/vi\/san-pham\/mobil-dte-768\/#primaryimage\"},\"image\":{\"@id\":\"https:\/\/tatco.vn\/vi\/san-pham\/mobil-dte-768\/#primaryimage\"},\"thumbnailUrl\":\"https:\/\/tatco.vn\/wp-content\/uploads\/2019\/06\/dau-nhot-mobil-mobil-oil.png\",\"datePublished\":\"2019-09-12T09:19:38+00:00\",\"dateModified\":\"2020-12-27T06:26:39+00:00\",\"breadcrumb\":{\"@id\":\"https:\/\/tatco.vn\/vi\/san-pham\/mobil-dte-768\/#breadcrumb\"},\"inLanguage\":\"vi\",\"potentialAction\":[{\"@type\":\"ReadAction\",\"target\":[\"https:\/\/tatco.vn\/vi\/san-pham\/mobil-dte-768\/\"]}]},{\"@type\":\"ImageObject\",\"inLanguage\":\"vi\",\"@id\":\"https:\/\/tatco.vn\/vi\/san-pham\/mobil-dte-768\/#primaryimage\",\"url\":\"https:\/\/tatco.vn\/wp-content\/uploads\/2019\/06\/dau-nhot-mobil-mobil-oil.png\",\"contentUrl\":\"https:\/\/tatco.vn\/wp-content\/uploads\/2019\/06\/dau-nhot-mobil-mobil-oil.png\",\"width\":1200,\"height\":1200,\"caption\":\"dau nhot mobil mobil oil Mobil SHC 625\"},{\"@type\":\"BreadcrumbList\",\"@id\":\"https:\/\/tatco.vn\/vi\/san-pham\/mobil-dte-768\/#breadcrumb\",\"itemListElement\":[{\"@type\":\"ListItem\",\"position\":1,\"name\":\"Home\",\"item\":\"https:\/\/tatco.vn\/\"},{\"@type\":\"ListItem\",\"position\":2,\"name\":\"C\u1eeda h\u00e0ng\",\"item\":\"https:\/\/tatco.vn\/en\/mua\/\"},{\"@type\":\"ListItem\",\"position\":3,\"name\":\"MOBIL DTE 768\"}]},{\"@type\":\"WebSite\",\"@id\":\"https:\/\/tatco.vn\/en\/#website\",\"url\":\"https:\/\/tatco.vn\/en\/\",\"name\":\"C\u00f4ng Ty TNHH D\u1ea7u Nh\u1eddn T&amp;T Vi\u1ec7t Nam\",\"description\":\"Right Point - Right Time - Best Solution\",\"publisher\":{\"@id\":\"https:\/\/tatco.vn\/en\/#organization\"},\"potentialAction\":[{\"@type\":\"SearchAction\",\"target\":{\"@type\":\"EntryPoint\",\"urlTemplate\":\"https:\/\/tatco.vn\/en\/?s={search_term_string}\"},\"query-input\":{\"@type\":\"PropertyValueSpecification\",\"valueRequired\":true,\"valueName\":\"search_term_string\"}}],\"inLanguage\":\"vi\"},{\"@type\":\"Organization\",\"@id\":\"https:\/\/tatco.vn\/en\/#organization\",\"name\":\"C\u00f4ng Ty TNHH D\u1ea7u Nh\u1eddn T&T Vi\u1ec7t Nam\",\"url\":\"https:\/\/tatco.vn\/en\/\",\"logo\":{\"@type\":\"ImageObject\",\"inLanguage\":\"vi\",\"@id\":\"https:\/\/tatco.vn\/en\/#\/schema\/logo\/image\/\",\"url\":\"https:\/\/tatco.vn\/wp-content\/uploads\/2019\/05\/fav-ico.png\",\"contentUrl\":\"https:\/\/tatco.vn\/wp-content\/uploads\/2019\/05\/fav-ico.png\",\"width\":200,\"height\":200,\"caption\":\"C\u00f4ng Ty TNHH D\u1ea7u Nh\u1eddn T&T Vi\u1ec7t Nam\"},\"image\":{\"@id\":\"https:\/\/tatco.vn\/en\/#\/schema\/logo\/image\/\"}}]}<\/script>\n<!-- \/ Yoast SEO plugin. -->","yoast_head_json":{"title":"MOBIL DTE 768 - C\u00f4ng Ty TNHH D\u1ea7u Nh\u1eddn T&amp;T Vi\u1ec7t Nam","robots":{"index":"index","follow":"follow","max-snippet":"max-snippet:-1","max-image-preview":"max-image-preview:large","max-video-preview":"max-video-preview:-1"},"canonical":"https:\/\/tatco.vn\/vi\/san-pham\/mobil-dte-768\/","og_locale":"vi_VN","og_type":"article","og_title":"MOBIL DTE 768 - C\u00f4ng Ty TNHH D\u1ea7u Nh\u1eddn T&amp;T Vi\u1ec7t Nam","og_url":"https:\/\/tatco.vn\/vi\/san-pham\/mobil-dte-768\/","og_site_name":"C\u00f4ng Ty TNHH D\u1ea7u Nh\u1eddn T&amp;T Vi\u1ec7t Nam","article_modified_time":"2020-12-27T06:26:39+00:00","og_image":[{"width":1200,"height":1200,"url":"https:\/\/tatco.vn\/wp-content\/uploads\/2019\/06\/dau-nhot-mobil-mobil-oil.png","type":"image\/png"}],"twitter_card":"summary_large_image","twitter_misc":{"\u01af\u1edbc t\u00ednh th\u1eddi gian \u0111\u1ecdc":"9 ph\u00fat"},"schema":{"@context":"https:\/\/schema.org","@graph":[{"@type":"WebPage","@id":"https:\/\/tatco.vn\/vi\/san-pham\/mobil-dte-768\/","url":"https:\/\/tatco.vn\/vi\/san-pham\/mobil-dte-768\/","name":"MOBIL DTE 768 - C\u00f4ng Ty TNHH D\u1ea7u Nh\u1eddn T&amp;T Vi\u1ec7t Nam","isPartOf":{"@id":"https:\/\/tatco.vn\/en\/#website"},"primaryImageOfPage":{"@id":"https:\/\/tatco.vn\/vi\/san-pham\/mobil-dte-768\/#primaryimage"},"image":{"@id":"https:\/\/tatco.vn\/vi\/san-pham\/mobil-dte-768\/#primaryimage"},"thumbnailUrl":"https:\/\/tatco.vn\/wp-content\/uploads\/2019\/06\/dau-nhot-mobil-mobil-oil.png","datePublished":"2019-09-12T09:19:38+00:00","dateModified":"2020-12-27T06:26:39+00:00","breadcrumb":{"@id":"https:\/\/tatco.vn\/vi\/san-pham\/mobil-dte-768\/#breadcrumb"},"inLanguage":"vi","potentialAction":[{"@type":"ReadAction","target":["https:\/\/tatco.vn\/vi\/san-pham\/mobil-dte-768\/"]}]},{"@type":"ImageObject","inLanguage":"vi","@id":"https:\/\/tatco.vn\/vi\/san-pham\/mobil-dte-768\/#primaryimage","url":"https:\/\/tatco.vn\/wp-content\/uploads\/2019\/06\/dau-nhot-mobil-mobil-oil.png","contentUrl":"https:\/\/tatco.vn\/wp-content\/uploads\/2019\/06\/dau-nhot-mobil-mobil-oil.png","width":1200,"height":1200,"caption":"dau nhot mobil mobil oil Mobil SHC 625"},{"@type":"BreadcrumbList","@id":"https:\/\/tatco.vn\/vi\/san-pham\/mobil-dte-768\/#breadcrumb","itemListElement":[{"@type":"ListItem","position":1,"name":"Home","item":"https:\/\/tatco.vn\/"},{"@type":"ListItem","position":2,"name":"C\u1eeda h\u00e0ng","item":"https:\/\/tatco.vn\/en\/mua\/"},{"@type":"ListItem","position":3,"name":"MOBIL DTE 768"}]},{"@type":"WebSite","@id":"https:\/\/tatco.vn\/en\/#website","url":"https:\/\/tatco.vn\/en\/","name":"C\u00f4ng Ty TNHH D\u1ea7u Nh\u1eddn T&amp;T Vi\u1ec7t Nam","description":"Right Point - Right Time - Best Solution","publisher":{"@id":"https:\/\/tatco.vn\/en\/#organization"},"potentialAction":[{"@type":"SearchAction","target":{"@type":"EntryPoint","urlTemplate":"https:\/\/tatco.vn\/en\/?s={search_term_string}"},"query-input":{"@type":"PropertyValueSpecification","valueRequired":true,"valueName":"search_term_string"}}],"inLanguage":"vi"},{"@type":"Organization","@id":"https:\/\/tatco.vn\/en\/#organization","name":"C\u00f4ng Ty TNHH D\u1ea7u Nh\u1eddn T&T Vi\u1ec7t Nam","url":"https:\/\/tatco.vn\/en\/","logo":{"@type":"ImageObject","inLanguage":"vi","@id":"https:\/\/tatco.vn\/en\/#\/schema\/logo\/image\/","url":"https:\/\/tatco.vn\/wp-content\/uploads\/2019\/05\/fav-ico.png","contentUrl":"https:\/\/tatco.vn\/wp-content\/uploads\/2019\/05\/fav-ico.png","width":200,"height":200,"caption":"C\u00f4ng Ty TNHH D\u1ea7u Nh\u1eddn T&T Vi\u1ec7t Nam"},"image":{"@id":"https:\/\/tatco.vn\/en\/#\/schema\/logo\/image\/"}}]}},"_links":{"self":[{"href":"https:\/\/tatco.vn\/vi\/wp-json\/wp\/v2\/product\/12694","targetHints":{"allow":["GET"]}}],"collection":[{"href":"https:\/\/tatco.vn\/vi\/wp-json\/wp\/v2\/product"}],"about":[{"href":"https:\/\/tatco.vn\/vi\/wp-json\/wp\/v2\/types\/product"}],"replies":[{"embeddable":true,"href":"https:\/\/tatco.vn\/vi\/wp-json\/wp\/v2\/comments?post=12694"}],"version-history":[{"count":0,"href":"https:\/\/tatco.vn\/vi\/wp-json\/wp\/v2\/product\/12694\/revisions"}],"wp:featuredmedia":[{"embeddable":true,"href":"https:\/\/tatco.vn\/vi\/wp-json\/wp\/v2\/media\/26930"}],"wp:attachment":[{"href":"https:\/\/tatco.vn\/vi\/wp-json\/wp\/v2\/media?parent=12694"}],"wp:term":[{"taxonomy":"product_cat","embeddable":true,"href":"https:\/\/tatco.vn\/vi\/wp-json\/wp\/v2\/product_cat?post=12694"},{"taxonomy":"product_tag","embeddable":true,"href":"https:\/\/tatco.vn\/vi\/wp-json\/wp\/v2\/product_tag?post=12694"}],"curies":[{"name":"wp","href":"https:\/\/api.w.org\/{rel}","templated":true}]}}