{"id":12678,"date":"2019-09-12T15:29:15","date_gmt":"2019-09-12T08:29:15","guid":{"rendered":"https:\/\/tatco.vn\/vi\/?post_type=product&#038;p=12678"},"modified":"2022-02-06T17:59:44","modified_gmt":"2022-02-06T10:59:44","slug":"mobil-dte-732-m","status":"publish","type":"product","link":"https:\/\/tatco.vn\/vi\/san-pham\/dau-mobil-dte-732-m\/","title":{"rendered":"MOBIL DTE 732 M"},"content":{"rendered":"<p><\/p>\n<h2><strong>Mobil DTE 732 M:<\/strong><\/h2>\n<p><strong>Mobil DTE 732 M<\/strong> l\u00e0 d\u00f2ng d\u1ea7u tuabin hi\u1ec7u su\u1ea5t cao \u0111\u01b0\u1ee3c thi\u1ebft k\u1ebf \u0111\u1ec3 s\u1eed d\u1ee5ng trong c\u00f4ng nghi\u1ec7p n\u1eb7ng Mitsubishi (MHI) d\u00e0nh cho tuabin kh\u00ed v\u00e0 h\u01a1i c\u00f4ng nghi\u1ec7p n\u1eb7ng \u0111\u01a1n tr\u1ee5c v\u00e0 tuabin kh\u00ed \u0111a tr\u1ee5c non-geared<\/p>\n<p><strong>\u0110\u1eb7c t\u00ednh:<\/strong><\/p>\n<ul>\n<li>\u1ed4n \u0111\u1ecbnh nhi\u1ec7t-h\u00f3a<\/li>\n<li>Ch\u1ed1ng t\u1ea1o b\u1ecdt v\u00e0 tho\u00e1t kh\u00ed<\/li>\n<li>Gi\u1ea3m kh\u1ea3 n\u0103ng h\u00ecnh th\u00e0nh v\u00e9c ni,<\/li>\n<\/ul>\n<p><strong>\u1ee8ng d\u1ee5ng:<\/strong><\/p>\n<ul>\n<li>Tua bin h\u01a1i n\u01b0\u1edbc \u2013 non-geared<\/li>\n<li>Tua bin kh\u00ed &#8211; non-geared, bao g\u1ed3m 501F &amp; G series, 701F &amp; G Series<\/li>\n<li>M\u00e1y n\u00e9n Turbine &#8211; non-geared<\/li>\n<\/ul>\n<h2>T\u00ednh n\u0103ng v\u00e0 l\u1ee3i \u00edch<\/h2>\n<p>\u2022 T\u00ednh \u1ed5n \u0111\u1ecbnh h\u00f3a h\u1ecdc v\u00e0 oxy h\u00f3a tuy\u1ec7t v\u1eddi gi\u00fap gi\u1ea3m th\u1eddi gian ch\u1ebft v\u00e0 chi ph\u00ed b\u1ea3o tr\u00ec b\u1eb1ng c\u00e1ch g\u00f3p ph\u1ea7n l\u00e0m s\u1ea1ch h\u1ec7 th\u1ed1ng v\u00e0 gi\u1ea3m c\u1eb7n b\u1ea9n, gi\u00fap t\u0103ng tu\u1ed5i th\u1ecd c\u1ee7a d\u1ea7u v\u00e0 b\u1ed9 l\u1ecdc<\/p>\n<p>\u2022 Kh\u1ea3 n\u0103ng ch\u1ed1ng t\u1ea1o b\u1ecdt cao v\u00e0 tho\u00e1t kh\u00ed nhanh ng\u0103n c\u1ea3n s\u1ef1 x\u00e2m th\u1ef1c c\u1ee7a m\u00e1y b\u01a1m, ho\u1ea1t \u0111\u1ed9ng \u1ed3n \u00e0o v\u00e0 th\u1ea5t th\u01b0\u1eddng, c\u00f3 th\u1ec3 gi\u00fap gi\u1ea3m vi\u1ec7c thay th\u1ebf m\u00e1y b\u01a1m v\u00e0 t\u0103ng hi\u1ec7u su\u1ea5t m\u00e1y b\u01a1m<\/p>\n<p>\u2022 Gi\u1ea3m kh\u1ea3 n\u0103ng h\u00ecnh th\u00e0nh vecni, c\u00f3 th\u1ec3 gi\u00fap t\u0103ng \u0111\u1ed9 tin c\u1eady ho\u1ea1t \u0111\u1ed9ng c\u1ee7a tuabin v\u00e0 gi\u1ea3m chi ph\u00ed b\u1ea3o tr\u00ec<\/p>\n<p>&nbsp;<\/p>\n<h2>C\u00e1c \u1ee9ng d\u1ee5ng<\/h2>\n<p>Mobil DTE 732 M l\u00e0 d\u1ea7u tuabin hi\u1ec7u su\u1ea5t cao \u0111\u01b0\u1ee3c thi\u1ebft k\u1ebf \u0111\u1ec3 s\u1eed d\u1ee5ng trong c\u00e1c \u1ee9ng d\u1ee5ng tuabin kh\u00ed v\u00e0 h\u01a1i kh\u00f4ng h\u1ed9p s\u1ed1 v\u00e0 c\u00e1c \u1ee9ng d\u1ee5ng m\u00e1y n\u00e9n tuabin.\u00a0C\u00e1c \u1ee9ng d\u1ee5ng c\u1ee5 th\u1ec3 bao g\u1ed3m:<\/p>\n<p>\u2022 Tua bin h\u01a1i &#8211; t\u1ea5t c\u1ea3 kh\u00f4ng h\u1ed9p s\u1ed1<\/p>\n<p>\u2022 Tua bin kh\u00ed &#8211; t\u1ea5t c\u1ea3 kh\u00f4ng c\u00f3 h\u1ed9p s\u1ed1, bao g\u1ed3m d\u00f2ng 501F &amp; G, d\u00f2ng 701F &amp; G<\/p>\n<p>\u2022 M\u00e1y n\u00e9n tuabin &#8211; t\u1ea5t c\u1ea3 kh\u00f4ng c\u00f3 h\u1ed9p s\u1ed1<\/p>\n<p>&nbsp;<\/p>\n<h2>Th\u00f4ng s\u1ed1 k\u1ef9 thu\u1eadt v\u00e0 Ph\u00ea duy\u1ec7t<\/h2>\n<div class=\"table-responsive\">\n<table class=\"table table-striped\">\n<tbody>\n<tr>\n<td>\n<p style=\"text-align: left;\"><strong>This product meets or exceeds the requirements of:<\/strong><\/p>\n<\/td>\n<\/tr>\n<tr>\n<td>\n<p style=\"text-align: left;\">JIS K-2213 Type 2<\/p>\n<\/td>\n<\/tr>\n<tr>\n<td>\n<p style=\"text-align: left;\">MHI<strong>\u00a0<\/strong>MS04-MA-CL001(Rev.4)<\/p>\n<\/td>\n<\/tr>\n<tr>\n<td>\n<p style=\"text-align: left;\">MHI<strong>\u00a0<\/strong>MS04-MA-CL002(Rev.4)<\/p>\n<\/td>\n<\/tr>\n<tr>\n<td>\n<p style=\"text-align: left;\">MHI<strong>\u00a0<\/strong>MS04-MA-CL005(Rev.1)<\/p>\n<\/td>\n<\/tr>\n<\/tbody>\n<\/table>\n<\/div>\n<p>&nbsp;<\/p>\n<h2>Thu\u1ed9c t\u00ednh v\u00e0 th\u00f4ng s\u1ed1 k\u1ef9 thu\u1eadt<\/h2>\n<div class=\"table-responsive\">\n<table class=\"table table-striped\">\n<tbody>\n<tr>\n<td>\n<p style=\"text-align: left;\"><strong>Property<\/strong><\/p>\n<\/td>\n<td><\/td>\n<\/tr>\n<tr>\n<td>\n<p style=\"text-align: left;\">Grade<\/p>\n<\/td>\n<td>ISO 32<\/td>\n<\/tr>\n<tr>\n<td>\n<p style=\"text-align: left;\">Air Release, 50 C, min, ASTM D3427<\/p>\n<\/td>\n<td>2<\/td>\n<\/tr>\n<tr>\n<td>\n<p style=\"text-align: left;\">Copper Strip Corrosion, 3 h, 100 C, Rating, ASTM D130<\/p>\n<\/td>\n<td>1B<\/td>\n<\/tr>\n<tr>\n<td>\n<p style=\"text-align: left;\">Emulsion, Time to 3 mL Emulsion, 54 C, min, ASTM D1401<\/p>\n<\/td>\n<td>10<\/td>\n<\/tr>\n<tr>\n<td>\n<p style=\"text-align: left;\">Flash Point, Cleveland Open Cup, \u00b0C, ASTM D92<\/p>\n<\/td>\n<td>233<\/td>\n<\/tr>\n<tr>\n<td>\n<p style=\"text-align: left;\">Kinematic Viscosity @ 100 C, mm2\/s, ASTM D445<\/p>\n<\/td>\n<td>5.8<\/td>\n<\/tr>\n<tr>\n<td>\n<p style=\"text-align: left;\">Kinematic Viscosity @ 40 C, mm2\/s, ASTM D445<\/p>\n<\/td>\n<td>31.3<\/td>\n<\/tr>\n<tr>\n<td>\n<p style=\"text-align: left;\">Pour Point, \u00b0C, ASTM D97<\/p>\n<\/td>\n<td>-15<\/td>\n<\/tr>\n<tr>\n<td>\n<p style=\"text-align: left;\">RPVOT Oxidation, after Nitrogen Sparge, 48 h, 121 C (250 F), %, ASTM D2272(mod)<\/p>\n<\/td>\n<td>2000<\/td>\n<\/tr>\n<tr>\n<td>\n<p style=\"text-align: left;\">Rust Characteristics, Procedure B, ASTM D665<\/p>\n<\/td>\n<td>PASS<\/td>\n<\/tr>\n<tr>\n<td>\n<p style=\"text-align: left;\">Turbine Oil Stability Test, Life to 2.0 mg KOH\/g, h, ASTM D943<\/p>\n<\/td>\n<td>8376<\/td>\n<\/tr>\n<tr>\n<td>\n<p style=\"text-align: left;\">Viscosity Index, ASTM D2270<\/p>\n<\/td>\n<td>131<\/td>\n<\/tr>\n<tr>\n<td>\n<p style=\"text-align: left;\">Foam, Sequence I, Tendency, ml, ASTM D892<\/p>\n<\/td>\n<td>15<\/td>\n<\/tr>\n<tr>\n<td>\n<p style=\"text-align: left;\">Foam, Sequence I, Stability, ml, ASTM D892<\/p>\n<\/td>\n<td>0<\/td>\n<\/tr>\n<tr>\n<td>\n<p style=\"text-align: left;\">Foam, Sequence II, Tendency, ml, ASTM D892<\/p>\n<\/td>\n<td>5<\/td>\n<\/tr>\n<tr>\n<td>\n<p style=\"text-align: left;\">Foam, Sequence II, Stability, ml, ASTM D892<\/p>\n<\/td>\n<td>0<\/td>\n<\/tr>\n<tr>\n<td>\n<p style=\"text-align: left;\">Foam, Sequence III, Tendency, ml, ASTM D892<\/p>\n<\/td>\n<td>10<\/td>\n<\/tr>\n<tr>\n<td>\n<p style=\"text-align: left;\">Foam, Sequence III, Stability, ml, ASTM D892<\/p>\n<\/td>\n<td>0<\/td>\n<\/tr>\n<\/tbody>\n<\/table>\n<\/div>\n<h4><a href=\"https:\/\/www.mobil.com\/English-CA\/Industrial\/pds\/GLXXMobil-DTE-700\">T\u00e0i li\u1ec7u tham kh\u1ea3o Mobil DTE\u2122 700 Series: Click v\u00e0o \u0111\u00e2y.<\/a><\/h4>\n<p><a href=\"https:\/\/tatco.vn\/vi\/product-category\/dau-nhot-mobil\/dau-cong-nghiep-mobil\/dau-turbin-mobil\/\">X\u00eam th\u00eam danh m\u1ee5c: Click t\u1ea1i \u0111\u00e2y.<\/a><\/p>","protected":false},"excerpt":{"rendered":"<p><strong>Mobil DTE \u2122 732 M<\/strong> l\u00e0 d\u00f2ng d\u1ea7u tuabin hi\u1ec7u su\u1ea5t cao \u0111\u01b0\u1ee3c thi\u1ebft k\u1ebf \u0111\u1ec3 s\u1eed d\u1ee5ng trong c\u00f4ng nghi\u1ec7p n\u1eb7ng Mitsubishi (MHI) d\u00e0nh cho tuabin kh\u00ed v\u00e0 h\u01a1i c\u00f4ng nghi\u1ec7p n\u1eb7ng \u0111\u01a1n tr\u1ee5c v\u00e0 tuabin kh\u00ed \u0111a tr\u1ee5c non-geared<\/p>\n","protected":false},"featured_media":26930,"comment_status":"open","ping_status":"closed","template":"","meta":[],"product_cat":[374,373,622],"product_tag":[681,624],"class_list":{"0":"post-12678","1":"product","2":"type-product","3":"status-publish","4":"has-post-thumbnail","6":"product_brand-mobil","7":"product_cat-mobil-industrial-oil","8":"product_cat-mobil-turbin-oil","9":"product_cat-mobil-dte-700-series","10":"product_tag-mobil-dte","11":"product_tag-mobil-dte-732-m","13":"first","14":"instock","15":"shipping-taxable","16":"purchasable","17":"product-type-simple"},"yoast_head":"<!-- This site is optimized with the Yoast SEO plugin v27.2 - https:\/\/yoast.com\/product\/yoast-seo-wordpress\/ -->\n<title>MOBIL DTE 732 M - C\u00f4ng Ty TNHH D\u1ea7u Nh\u1eddn T&amp;T Vi\u1ec7t Nam<\/title>\n<meta name=\"robots\" content=\"index, follow, max-snippet:-1, max-image-preview:large, max-video-preview:-1\" \/>\n<link rel=\"canonical\" href=\"https:\/\/tatco.vn\/vi\/san-pham\/mobil-dte-732-m\/\" \/>\n<meta property=\"og:locale\" content=\"vi_VN\" \/>\n<meta property=\"og:type\" content=\"article\" \/>\n<meta property=\"og:title\" content=\"MOBIL DTE 732 M - C\u00f4ng Ty TNHH D\u1ea7u Nh\u1eddn T&amp;T Vi\u1ec7t Nam\" \/>\n<meta property=\"og:url\" content=\"https:\/\/tatco.vn\/vi\/san-pham\/mobil-dte-732-m\/\" \/>\n<meta property=\"og:site_name\" content=\"C\u00f4ng Ty TNHH D\u1ea7u Nh\u1eddn T&amp;T Vi\u1ec7t Nam\" \/>\n<meta property=\"article:modified_time\" content=\"2022-02-06T10:59:44+00:00\" \/>\n<meta property=\"og:image\" content=\"https:\/\/tatco.vn\/wp-content\/uploads\/2019\/06\/dau-nhot-mobil-mobil-oil.png\" \/>\n\t<meta property=\"og:image:width\" content=\"1200\" \/>\n\t<meta property=\"og:image:height\" content=\"1200\" \/>\n\t<meta property=\"og:image:type\" content=\"image\/png\" \/>\n<meta name=\"twitter:card\" content=\"summary_large_image\" \/>\n<meta name=\"twitter:label1\" content=\"\u01af\u1edbc t\u00ednh th\u1eddi gian \u0111\u1ecdc\" \/>\n\t<meta name=\"twitter:data1\" content=\"5 ph\u00fat\" \/>\n<script type=\"application\/ld+json\" class=\"yoast-schema-graph\">{\"@context\":\"https:\/\/schema.org\",\"@graph\":[{\"@type\":\"WebPage\",\"@id\":\"https:\/\/tatco.vn\/vi\/san-pham\/mobil-dte-732-m\/\",\"url\":\"https:\/\/tatco.vn\/vi\/san-pham\/mobil-dte-732-m\/\",\"name\":\"MOBIL DTE 732 M - C\u00f4ng Ty TNHH D\u1ea7u Nh\u1eddn T&amp;T Vi\u1ec7t Nam\",\"isPartOf\":{\"@id\":\"https:\/\/tatco.vn\/en\/#website\"},\"primaryImageOfPage\":{\"@id\":\"https:\/\/tatco.vn\/vi\/san-pham\/mobil-dte-732-m\/#primaryimage\"},\"image\":{\"@id\":\"https:\/\/tatco.vn\/vi\/san-pham\/mobil-dte-732-m\/#primaryimage\"},\"thumbnailUrl\":\"https:\/\/tatco.vn\/wp-content\/uploads\/2019\/06\/dau-nhot-mobil-mobil-oil.png\",\"datePublished\":\"2019-09-12T08:29:15+00:00\",\"dateModified\":\"2022-02-06T10:59:44+00:00\",\"breadcrumb\":{\"@id\":\"https:\/\/tatco.vn\/vi\/san-pham\/mobil-dte-732-m\/#breadcrumb\"},\"inLanguage\":\"vi\",\"potentialAction\":[{\"@type\":\"ReadAction\",\"target\":[\"https:\/\/tatco.vn\/vi\/san-pham\/mobil-dte-732-m\/\"]}]},{\"@type\":\"ImageObject\",\"inLanguage\":\"vi\",\"@id\":\"https:\/\/tatco.vn\/vi\/san-pham\/mobil-dte-732-m\/#primaryimage\",\"url\":\"https:\/\/tatco.vn\/wp-content\/uploads\/2019\/06\/dau-nhot-mobil-mobil-oil.png\",\"contentUrl\":\"https:\/\/tatco.vn\/wp-content\/uploads\/2019\/06\/dau-nhot-mobil-mobil-oil.png\",\"width\":1200,\"height\":1200,\"caption\":\"dau nhot mobil mobil oil Mobil SHC 625\"},{\"@type\":\"BreadcrumbList\",\"@id\":\"https:\/\/tatco.vn\/vi\/san-pham\/mobil-dte-732-m\/#breadcrumb\",\"itemListElement\":[{\"@type\":\"ListItem\",\"position\":1,\"name\":\"Home\",\"item\":\"https:\/\/tatco.vn\/\"},{\"@type\":\"ListItem\",\"position\":2,\"name\":\"C\u1eeda h\u00e0ng\",\"item\":\"https:\/\/tatco.vn\/en\/mua\/\"},{\"@type\":\"ListItem\",\"position\":3,\"name\":\"MOBIL DTE 732 M\"}]},{\"@type\":\"WebSite\",\"@id\":\"https:\/\/tatco.vn\/en\/#website\",\"url\":\"https:\/\/tatco.vn\/en\/\",\"name\":\"C\u00f4ng Ty TNHH D\u1ea7u Nh\u1eddn T&amp;T Vi\u1ec7t Nam\",\"description\":\"Right Point - Right Time - Best Solution\",\"publisher\":{\"@id\":\"https:\/\/tatco.vn\/en\/#organization\"},\"potentialAction\":[{\"@type\":\"SearchAction\",\"target\":{\"@type\":\"EntryPoint\",\"urlTemplate\":\"https:\/\/tatco.vn\/en\/?s={search_term_string}\"},\"query-input\":{\"@type\":\"PropertyValueSpecification\",\"valueRequired\":true,\"valueName\":\"search_term_string\"}}],\"inLanguage\":\"vi\"},{\"@type\":\"Organization\",\"@id\":\"https:\/\/tatco.vn\/en\/#organization\",\"name\":\"C\u00f4ng Ty TNHH D\u1ea7u Nh\u1eddn T&T Vi\u1ec7t Nam\",\"url\":\"https:\/\/tatco.vn\/en\/\",\"logo\":{\"@type\":\"ImageObject\",\"inLanguage\":\"vi\",\"@id\":\"https:\/\/tatco.vn\/en\/#\/schema\/logo\/image\/\",\"url\":\"https:\/\/tatco.vn\/wp-content\/uploads\/2019\/05\/fav-ico.png\",\"contentUrl\":\"https:\/\/tatco.vn\/wp-content\/uploads\/2019\/05\/fav-ico.png\",\"width\":200,\"height\":200,\"caption\":\"C\u00f4ng Ty TNHH D\u1ea7u Nh\u1eddn T&T Vi\u1ec7t Nam\"},\"image\":{\"@id\":\"https:\/\/tatco.vn\/en\/#\/schema\/logo\/image\/\"}}]}<\/script>\n<!-- \/ Yoast SEO plugin. -->","yoast_head_json":{"title":"MOBIL DTE 732 M - C\u00f4ng Ty TNHH D\u1ea7u Nh\u1eddn T&amp;T Vi\u1ec7t Nam","robots":{"index":"index","follow":"follow","max-snippet":"max-snippet:-1","max-image-preview":"max-image-preview:large","max-video-preview":"max-video-preview:-1"},"canonical":"https:\/\/tatco.vn\/vi\/san-pham\/mobil-dte-732-m\/","og_locale":"vi_VN","og_type":"article","og_title":"MOBIL DTE 732 M - C\u00f4ng Ty TNHH D\u1ea7u Nh\u1eddn T&amp;T Vi\u1ec7t Nam","og_url":"https:\/\/tatco.vn\/vi\/san-pham\/mobil-dte-732-m\/","og_site_name":"C\u00f4ng Ty TNHH D\u1ea7u Nh\u1eddn T&amp;T Vi\u1ec7t Nam","article_modified_time":"2022-02-06T10:59:44+00:00","og_image":[{"width":1200,"height":1200,"url":"https:\/\/tatco.vn\/wp-content\/uploads\/2019\/06\/dau-nhot-mobil-mobil-oil.png","type":"image\/png"}],"twitter_card":"summary_large_image","twitter_misc":{"\u01af\u1edbc t\u00ednh th\u1eddi gian \u0111\u1ecdc":"5 ph\u00fat"},"schema":{"@context":"https:\/\/schema.org","@graph":[{"@type":"WebPage","@id":"https:\/\/tatco.vn\/vi\/san-pham\/mobil-dte-732-m\/","url":"https:\/\/tatco.vn\/vi\/san-pham\/mobil-dte-732-m\/","name":"MOBIL DTE 732 M - C\u00f4ng Ty TNHH D\u1ea7u Nh\u1eddn T&amp;T Vi\u1ec7t Nam","isPartOf":{"@id":"https:\/\/tatco.vn\/en\/#website"},"primaryImageOfPage":{"@id":"https:\/\/tatco.vn\/vi\/san-pham\/mobil-dte-732-m\/#primaryimage"},"image":{"@id":"https:\/\/tatco.vn\/vi\/san-pham\/mobil-dte-732-m\/#primaryimage"},"thumbnailUrl":"https:\/\/tatco.vn\/wp-content\/uploads\/2019\/06\/dau-nhot-mobil-mobil-oil.png","datePublished":"2019-09-12T08:29:15+00:00","dateModified":"2022-02-06T10:59:44+00:00","breadcrumb":{"@id":"https:\/\/tatco.vn\/vi\/san-pham\/mobil-dte-732-m\/#breadcrumb"},"inLanguage":"vi","potentialAction":[{"@type":"ReadAction","target":["https:\/\/tatco.vn\/vi\/san-pham\/mobil-dte-732-m\/"]}]},{"@type":"ImageObject","inLanguage":"vi","@id":"https:\/\/tatco.vn\/vi\/san-pham\/mobil-dte-732-m\/#primaryimage","url":"https:\/\/tatco.vn\/wp-content\/uploads\/2019\/06\/dau-nhot-mobil-mobil-oil.png","contentUrl":"https:\/\/tatco.vn\/wp-content\/uploads\/2019\/06\/dau-nhot-mobil-mobil-oil.png","width":1200,"height":1200,"caption":"dau nhot mobil mobil oil Mobil SHC 625"},{"@type":"BreadcrumbList","@id":"https:\/\/tatco.vn\/vi\/san-pham\/mobil-dte-732-m\/#breadcrumb","itemListElement":[{"@type":"ListItem","position":1,"name":"Home","item":"https:\/\/tatco.vn\/"},{"@type":"ListItem","position":2,"name":"C\u1eeda h\u00e0ng","item":"https:\/\/tatco.vn\/en\/mua\/"},{"@type":"ListItem","position":3,"name":"MOBIL DTE 732 M"}]},{"@type":"WebSite","@id":"https:\/\/tatco.vn\/en\/#website","url":"https:\/\/tatco.vn\/en\/","name":"C\u00f4ng Ty TNHH D\u1ea7u Nh\u1eddn T&amp;T Vi\u1ec7t Nam","description":"Right Point - Right Time - Best Solution","publisher":{"@id":"https:\/\/tatco.vn\/en\/#organization"},"potentialAction":[{"@type":"SearchAction","target":{"@type":"EntryPoint","urlTemplate":"https:\/\/tatco.vn\/en\/?s={search_term_string}"},"query-input":{"@type":"PropertyValueSpecification","valueRequired":true,"valueName":"search_term_string"}}],"inLanguage":"vi"},{"@type":"Organization","@id":"https:\/\/tatco.vn\/en\/#organization","name":"C\u00f4ng Ty TNHH D\u1ea7u Nh\u1eddn T&T Vi\u1ec7t Nam","url":"https:\/\/tatco.vn\/en\/","logo":{"@type":"ImageObject","inLanguage":"vi","@id":"https:\/\/tatco.vn\/en\/#\/schema\/logo\/image\/","url":"https:\/\/tatco.vn\/wp-content\/uploads\/2019\/05\/fav-ico.png","contentUrl":"https:\/\/tatco.vn\/wp-content\/uploads\/2019\/05\/fav-ico.png","width":200,"height":200,"caption":"C\u00f4ng Ty TNHH D\u1ea7u Nh\u1eddn T&T Vi\u1ec7t Nam"},"image":{"@id":"https:\/\/tatco.vn\/en\/#\/schema\/logo\/image\/"}}]}},"_links":{"self":[{"href":"https:\/\/tatco.vn\/vi\/wp-json\/wp\/v2\/product\/12678","targetHints":{"allow":["GET"]}}],"collection":[{"href":"https:\/\/tatco.vn\/vi\/wp-json\/wp\/v2\/product"}],"about":[{"href":"https:\/\/tatco.vn\/vi\/wp-json\/wp\/v2\/types\/product"}],"replies":[{"embeddable":true,"href":"https:\/\/tatco.vn\/vi\/wp-json\/wp\/v2\/comments?post=12678"}],"version-history":[{"count":0,"href":"https:\/\/tatco.vn\/vi\/wp-json\/wp\/v2\/product\/12678\/revisions"}],"wp:featuredmedia":[{"embeddable":true,"href":"https:\/\/tatco.vn\/vi\/wp-json\/wp\/v2\/media\/26930"}],"wp:attachment":[{"href":"https:\/\/tatco.vn\/vi\/wp-json\/wp\/v2\/media?parent=12678"}],"wp:term":[{"taxonomy":"product_cat","embeddable":true,"href":"https:\/\/tatco.vn\/vi\/wp-json\/wp\/v2\/product_cat?post=12678"},{"taxonomy":"product_tag","embeddable":true,"href":"https:\/\/tatco.vn\/vi\/wp-json\/wp\/v2\/product_tag?post=12678"}],"curies":[{"name":"wp","href":"https:\/\/api.w.org\/{rel}","templated":true}]}}