{"id":8507,"date":"2019-06-04T17:29:33","date_gmt":"2019-06-04T10:29:33","guid":{"rendered":"https:\/\/tatco.vn\/?page_id=8507"},"modified":"2021-08-27T23:43:04","modified_gmt":"2021-08-27T16:43:04","slug":"thong-tin-tuyen-dung","status":"publish","type":"page","link":"https:\/\/tatco.vn\/vi\/thong-tin-tuyen-dung\/","title":{"rendered":"Th\u00f4ng tin tuy\u1ec3n d\u1ee5ng"},"content":{"rendered":"<p><\/p>\n<h2>C\u00f4ng Ty TNHH D\u1ea7u Nh\u1eddn T&amp;T Vi\u1ec7t Nam<\/h2>\n<h3>Tuy\u1ec3n d\u1ee5ng c\u00e1c v\u1ecb tr\u00ed sau \u0111\u00e2y:<\/h3>\n<h4>Nh\u00e2n vi\u00ean b\u00e1n h\u00e0ng, t\u00ecm kh\u00e1ch h\u00e0ng :<\/h4>\n<ul>\n<li>ch\u01b0a c\u00f3 th\u00f4ng tin tuy\u1ec3n d\u1ee5ng<\/li>\n<\/ul>\n<h4>Nh\u00e2n vi\u00ean k\u1ebf to\u00e1n :<\/h4>\n<ul>\n<li>ch\u01b0a c\u00f3 th\u00f4ng tin tuy\u1ec3n d\u1ee5ng<\/li>\n<\/ul>\n<p>&nbsp;<\/p>","protected":false},"excerpt":{"rendered":"<p>C\u00f4ng Ty TNHH D\u1ea7u Nh\u1eddn T&amp;T Vi\u1ec7t Nam Tuy\u1ec3n d\u1ee5ng c\u00e1c v\u1ecb tr\u00ed sau \u0111\u00e2y: Nh\u00e2n vi\u00ean b\u00e1n h\u00e0ng, t\u00ecm kh\u00e1ch h\u00e0ng : ch\u01b0a c\u00f3 th\u00f4ng tin tuy\u1ec3n d\u1ee5ng Nh\u00e2n vi\u00ean k\u1ebf to\u00e1n : ch\u01b0a c\u00f3 th\u00f4ng tin tuy\u1ec3n d\u1ee5ng &hellip; <a href=\"https:\/\/tatco.vn\/vi\/thong-tin-tuyen-dung\/\">Readmore<\/a><\/p>\n","protected":false},"author":3,"featured_media":0,"parent":0,"menu_order":0,"comment_status":"closed","ping_status":"closed","template":"","meta":{"footnotes":""},"class_list":["post-8507","page","type-page","status-publish","hentry"],"yoast_head":"<!-- This site is optimized with the Yoast SEO plugin v27.2 - https:\/\/yoast.com\/product\/yoast-seo-wordpress\/ -->\n<title>Th\u00f4ng tin tuy\u1ec3n d\u1ee5ng - C\u00f4ng Ty TNHH D\u1ea7u Nh\u1eddn T&amp;T Vi\u1ec7t Nam<\/title>\n<meta name=\"robots\" content=\"index, follow, max-snippet:-1, max-image-preview:large, max-video-preview:-1\" \/>\n<link rel=\"canonical\" href=\"https:\/\/tatco.vn\/vi\/thong-tin-tuyen-dung\/\" \/>\n<meta property=\"og:locale\" content=\"vi_VN\" \/>\n<meta property=\"og:type\" content=\"article\" \/>\n<meta property=\"og:title\" content=\"Th\u00f4ng tin tuy\u1ec3n d\u1ee5ng - C\u00f4ng Ty TNHH D\u1ea7u Nh\u1eddn T&amp;T Vi\u1ec7t Nam\" \/>\n<meta property=\"og:description\" content=\"C\u00f4ng Ty TNHH D\u1ea7u Nh\u1eddn T&amp;T Vi\u1ec7t Nam Tuy\u1ec3n d\u1ee5ng c\u00e1c v\u1ecb tr\u00ed sau \u0111\u00e2y: Nh\u00e2n vi\u00ean b\u00e1n h\u00e0ng, t\u00ecm kh\u00e1ch h\u00e0ng : ch\u01b0a c\u00f3 th\u00f4ng tin tuy\u1ec3n d\u1ee5ng Nh\u00e2n vi\u00ean k\u1ebf to\u00e1n : ch\u01b0a c\u00f3 th\u00f4ng tin tuy\u1ec3n d\u1ee5ng &hellip; Readmore\" \/>\n<meta property=\"og:url\" content=\"https:\/\/tatco.vn\/vi\/thong-tin-tuyen-dung\/\" \/>\n<meta property=\"og:site_name\" content=\"C\u00f4ng Ty TNHH D\u1ea7u Nh\u1eddn T&amp;T Vi\u1ec7t Nam\" \/>\n<meta property=\"article:modified_time\" content=\"2021-08-27T16:43:04+00:00\" \/>\n<meta name=\"twitter:card\" content=\"summary_large_image\" \/>\n<meta name=\"twitter:label1\" content=\"\u01af\u1edbc t\u00ednh th\u1eddi gian \u0111\u1ecdc\" \/>\n\t<meta name=\"twitter:data1\" content=\"1 ph\u00fat\" \/>\n<script type=\"application\/ld+json\" class=\"yoast-schema-graph\">{\"@context\":\"https:\/\/schema.org\",\"@graph\":[{\"@type\":\"WebPage\",\"@id\":\"https:\/\/tatco.vn\/vi\/thong-tin-tuyen-dung\/\",\"url\":\"https:\/\/tatco.vn\/vi\/thong-tin-tuyen-dung\/\",\"name\":\"Th\u00f4ng tin tuy\u1ec3n d\u1ee5ng - C\u00f4ng Ty TNHH D\u1ea7u Nh\u1eddn T&amp;T Vi\u1ec7t Nam\",\"isPartOf\":{\"@id\":\"https:\/\/tatco.vn\/en\/#website\"},\"datePublished\":\"2019-06-04T10:29:33+00:00\",\"dateModified\":\"2021-08-27T16:43:04+00:00\",\"breadcrumb\":{\"@id\":\"https:\/\/tatco.vn\/vi\/thong-tin-tuyen-dung\/#breadcrumb\"},\"inLanguage\":\"vi\",\"potentialAction\":[{\"@type\":\"ReadAction\",\"target\":[\"https:\/\/tatco.vn\/vi\/thong-tin-tuyen-dung\/\"]}]},{\"@type\":\"BreadcrumbList\",\"@id\":\"https:\/\/tatco.vn\/vi\/thong-tin-tuyen-dung\/#breadcrumb\",\"itemListElement\":[{\"@type\":\"ListItem\",\"position\":1,\"name\":\"Home\",\"item\":\"https:\/\/tatco.vn\/\"},{\"@type\":\"ListItem\",\"position\":2,\"name\":\"Th\u00f4ng tin tuy\u1ec3n d\u1ee5ng\"}]},{\"@type\":\"WebSite\",\"@id\":\"https:\/\/tatco.vn\/en\/#website\",\"url\":\"https:\/\/tatco.vn\/en\/\",\"name\":\"C\u00f4ng Ty TNHH D\u1ea7u Nh\u1eddn T&amp;T Vi\u1ec7t Nam\",\"description\":\"Right Point - Right Time - Best Solution\",\"publisher\":{\"@id\":\"https:\/\/tatco.vn\/en\/#organization\"},\"potentialAction\":[{\"@type\":\"SearchAction\",\"target\":{\"@type\":\"EntryPoint\",\"urlTemplate\":\"https:\/\/tatco.vn\/en\/?s={search_term_string}\"},\"query-input\":{\"@type\":\"PropertyValueSpecification\",\"valueRequired\":true,\"valueName\":\"search_term_string\"}}],\"inLanguage\":\"vi\"},{\"@type\":\"Organization\",\"@id\":\"https:\/\/tatco.vn\/en\/#organization\",\"name\":\"C\u00f4ng Ty TNHH D\u1ea7u Nh\u1eddn T&T Vi\u1ec7t Nam\",\"url\":\"https:\/\/tatco.vn\/en\/\",\"logo\":{\"@type\":\"ImageObject\",\"inLanguage\":\"vi\",\"@id\":\"https:\/\/tatco.vn\/en\/#\/schema\/logo\/image\/\",\"url\":\"https:\/\/tatco.vn\/wp-content\/uploads\/2019\/05\/fav-ico.png\",\"contentUrl\":\"https:\/\/tatco.vn\/wp-content\/uploads\/2019\/05\/fav-ico.png\",\"width\":200,\"height\":200,\"caption\":\"C\u00f4ng Ty TNHH D\u1ea7u Nh\u1eddn T&T Vi\u1ec7t Nam\"},\"image\":{\"@id\":\"https:\/\/tatco.vn\/en\/#\/schema\/logo\/image\/\"}}]}<\/script>\n<!-- \/ Yoast SEO plugin. -->","yoast_head_json":{"title":"Th\u00f4ng tin tuy\u1ec3n d\u1ee5ng - C\u00f4ng Ty TNHH D\u1ea7u Nh\u1eddn T&amp;T Vi\u1ec7t Nam","robots":{"index":"index","follow":"follow","max-snippet":"max-snippet:-1","max-image-preview":"max-image-preview:large","max-video-preview":"max-video-preview:-1"},"canonical":"https:\/\/tatco.vn\/vi\/thong-tin-tuyen-dung\/","og_locale":"vi_VN","og_type":"article","og_title":"Th\u00f4ng tin tuy\u1ec3n d\u1ee5ng - C\u00f4ng Ty TNHH D\u1ea7u Nh\u1eddn T&amp;T Vi\u1ec7t Nam","og_description":"C\u00f4ng Ty TNHH D\u1ea7u Nh\u1eddn T&amp;T Vi\u1ec7t Nam Tuy\u1ec3n d\u1ee5ng c\u00e1c v\u1ecb tr\u00ed sau \u0111\u00e2y: Nh\u00e2n vi\u00ean b\u00e1n h\u00e0ng, t\u00ecm kh\u00e1ch h\u00e0ng : ch\u01b0a c\u00f3 th\u00f4ng tin tuy\u1ec3n d\u1ee5ng Nh\u00e2n vi\u00ean k\u1ebf to\u00e1n : ch\u01b0a c\u00f3 th\u00f4ng tin tuy\u1ec3n d\u1ee5ng &hellip; Readmore","og_url":"https:\/\/tatco.vn\/vi\/thong-tin-tuyen-dung\/","og_site_name":"C\u00f4ng Ty TNHH D\u1ea7u Nh\u1eddn T&amp;T Vi\u1ec7t Nam","article_modified_time":"2021-08-27T16:43:04+00:00","twitter_card":"summary_large_image","twitter_misc":{"\u01af\u1edbc t\u00ednh th\u1eddi gian \u0111\u1ecdc":"1 ph\u00fat"},"schema":{"@context":"https:\/\/schema.org","@graph":[{"@type":"WebPage","@id":"https:\/\/tatco.vn\/vi\/thong-tin-tuyen-dung\/","url":"https:\/\/tatco.vn\/vi\/thong-tin-tuyen-dung\/","name":"Th\u00f4ng tin tuy\u1ec3n d\u1ee5ng - C\u00f4ng Ty TNHH D\u1ea7u Nh\u1eddn T&amp;T Vi\u1ec7t Nam","isPartOf":{"@id":"https:\/\/tatco.vn\/en\/#website"},"datePublished":"2019-06-04T10:29:33+00:00","dateModified":"2021-08-27T16:43:04+00:00","breadcrumb":{"@id":"https:\/\/tatco.vn\/vi\/thong-tin-tuyen-dung\/#breadcrumb"},"inLanguage":"vi","potentialAction":[{"@type":"ReadAction","target":["https:\/\/tatco.vn\/vi\/thong-tin-tuyen-dung\/"]}]},{"@type":"BreadcrumbList","@id":"https:\/\/tatco.vn\/vi\/thong-tin-tuyen-dung\/#breadcrumb","itemListElement":[{"@type":"ListItem","position":1,"name":"Home","item":"https:\/\/tatco.vn\/"},{"@type":"ListItem","position":2,"name":"Th\u00f4ng tin tuy\u1ec3n d\u1ee5ng"}]},{"@type":"WebSite","@id":"https:\/\/tatco.vn\/en\/#website","url":"https:\/\/tatco.vn\/en\/","name":"C\u00f4ng Ty TNHH D\u1ea7u Nh\u1eddn T&amp;T Vi\u1ec7t Nam","description":"Right Point - Right Time - Best Solution","publisher":{"@id":"https:\/\/tatco.vn\/en\/#organization"},"potentialAction":[{"@type":"SearchAction","target":{"@type":"EntryPoint","urlTemplate":"https:\/\/tatco.vn\/en\/?s={search_term_string}"},"query-input":{"@type":"PropertyValueSpecification","valueRequired":true,"valueName":"search_term_string"}}],"inLanguage":"vi"},{"@type":"Organization","@id":"https:\/\/tatco.vn\/en\/#organization","name":"C\u00f4ng Ty TNHH D\u1ea7u Nh\u1eddn T&T Vi\u1ec7t Nam","url":"https:\/\/tatco.vn\/en\/","logo":{"@type":"ImageObject","inLanguage":"vi","@id":"https:\/\/tatco.vn\/en\/#\/schema\/logo\/image\/","url":"https:\/\/tatco.vn\/wp-content\/uploads\/2019\/05\/fav-ico.png","contentUrl":"https:\/\/tatco.vn\/wp-content\/uploads\/2019\/05\/fav-ico.png","width":200,"height":200,"caption":"C\u00f4ng Ty TNHH D\u1ea7u Nh\u1eddn T&T Vi\u1ec7t Nam"},"image":{"@id":"https:\/\/tatco.vn\/en\/#\/schema\/logo\/image\/"}}]}},"_links":{"self":[{"href":"https:\/\/tatco.vn\/vi\/wp-json\/wp\/v2\/pages\/8507","targetHints":{"allow":["GET"]}}],"collection":[{"href":"https:\/\/tatco.vn\/vi\/wp-json\/wp\/v2\/pages"}],"about":[{"href":"https:\/\/tatco.vn\/vi\/wp-json\/wp\/v2\/types\/page"}],"author":[{"embeddable":true,"href":"https:\/\/tatco.vn\/vi\/wp-json\/wp\/v2\/users\/3"}],"replies":[{"embeddable":true,"href":"https:\/\/tatco.vn\/vi\/wp-json\/wp\/v2\/comments?post=8507"}],"version-history":[{"count":0,"href":"https:\/\/tatco.vn\/vi\/wp-json\/wp\/v2\/pages\/8507\/revisions"}],"wp:attachment":[{"href":"https:\/\/tatco.vn\/vi\/wp-json\/wp\/v2\/media?parent=8507"}],"curies":[{"name":"wp","href":"https:\/\/api.w.org\/{rel}","templated":true}]}}