{"id":8351,"date":"2019-05-29T22:57:08","date_gmt":"2019-05-29T15:57:08","guid":{"rendered":"https:\/\/tatco.vn\/?page_id=8351"},"modified":"2019-11-29T09:26:09","modified_gmt":"2019-11-29T02:26:09","slug":"exxon-mobil-history","status":"publish","type":"page","link":"https:\/\/tatco.vn\/vi\/lich-su-exxon-mobil\/","title":{"rendered":"L\u1ecbch S\u1eed Exxon Mobil"},"content":{"rendered":"<p><\/p>\n<h2 style=\"text-align: center;\"><strong>L\u1ecbch S\u1eed Exxon Mobil<\/strong><\/h2>\n<p style=\"text-align: justify;\"><strong>Mobil<\/strong> l\u00e0 m\u1ed9t t\u1eadp \u0111o\u00e0n d\u1ea7u kh\u00ed \u0111a qu\u1ed1c gia c\u1ee7a Hoa K\u1ef3 , c\u00f3 t\u1ed5ng doanh thu l\u1edbn nh\u1ea5t th\u1ebf gi\u1edbi v\u1edbi 404,5 t\u1ef7 USD n\u0103m 2007, l\u1ee3i nhu\u1eadn 40,6 t\u1ef7 (2007), th\u1ecb tr\u01b0\u1eddng t\u01b0 b\u1ea3n v\u1ed1n c\u0169ng l\u00e0 l\u1edbn nh\u1ea5t v\u1edbi 517.92 t\u1ef7 USD t\u00ednh \u0111\u1ebfn ng\u00e0y 20 th\u00e1ng 7 n\u0103m 2007, l\u00e0 t\u1eadp \u0111o\u00e0n d\u1ea7u kh\u00ed l\u1edbn th\u1ee9 nh\u00ec th\u1ebf gi\u1edbi, sau Rosneft, v\u1edbi s\u1ea3n l\u01b0\u1ee3ng d\u1ea7u th\u00f4 h\u00e0ng ng\u00e0y khai th\u00e1c 6,5 tri\u1ec7u th\u00f9ng.<\/p>\n<p style=\"text-align: justify;\">Exxon Mobil \u0111\u01b0\u1ee3c s\u00e1p nh\u1eadp ng\u00e0y 30 th\u00e1ng 11 n\u0103m 1999 khi h\u1ee3p nh\u1ea5t Exxon v\u00e0 Mobil , tr\u1ee5 s\u1edf ch\u00ednh t\u1ea1i Irving, Texas , c\u00f3 106.000 nh\u00e2n c\u00f4ng. Ban \u0111\u1ea7u do John D. Rockefeller th\u00e0nh l\u1eadp c\u00f4ng ty Standard Oil n\u0103m 1870 . Qu\u1ea3n l\u00fd v\u00e0 ch\u1ee7 t\u1ecbch h\u1ed9i \u0111\u1ed3ng qu\u1ea3n tr\u1ecb hi\u1ec7n t\u1ea1i l\u00e0 Rex W. Tillerson.<\/p>\n<p style=\"text-align: justify;\">N\u0103m 1859, \u0110\u1ea1i t\u00e1 Edwin Drake v\u00e0 \u00f4ng b\u00e1c Billy Smith th\u00e0nh c\u00f4ng trong vi\u1ec7c khoan gi\u1ebfng d\u1ea7u \u0111\u1ea7u ti\u00ean \u1edf Titusville , Pennsylvania. \u0110\u1ebfn n\u0103m 1870, Rockefeller v\u00e0 c\u00e1c \u0111\u1ed3ng s\u1ef1 th\u00e0nh l\u1eadp h\u00e3ng d\u1ea7u Standard Oil Company (Ohio), v\u1edbi c\u00e1c c\u01a1 s\u1edf t\u01b0 nh\u00e2n l\u1edbn nh\u1ea5t v\u1ec1 ch\u1ebf bi\u1ebfn l\u1ecdc d\u1ea7u . Standard Oil Co. mua \u00be c\u00f4ng ty Vacuum Oil Company v\u1edbi gi\u00e1 $200.000 v\u00e0o n\u0103m 1879. L\u00e0 m\u1ed9t nh\u00e0 ti\u00ean phong trong l\u0129nh v\u1ef1c d\u1ea7u nh\u1eddn , Vacuum Oil \u0111\u00e3 \u0111\u01b0a ra th\u1ecb tr\u01b0\u1eddng c\u00e1c s\u1ea3n ph\u1ea9m d\u1ea7u nh\u1edbt th\u00f4ng d\u1ee5ng, bao g\u1ed3m Gargoyle 600-W, v\u00e0 Steam Cylinder Oil.<\/p>\n<p style=\"text-align: justify;\">N\u0103m 1882, Standard Oil cung c\u1ea5p d\u1ea7u b\u00f4i tr\u01a1n cho h\u1ec7 th\u1ed1ng ph\u00e1t \u0111i\u1ec7n \u0111\u1ea7u ti\u00ean c\u1ee7a Thomas Edison. C\u0169ng trong n\u0103m \u0111\u00f3, Standard Oil Trust h\u1ee3p nh\u1ea5t Standard Oil Company, New Jersey (Jersey Standard) v\u00e0 Standard Oil Company, New York (Socony). Sau \u0111\u00f3 v\u00e0o n\u0103m 1885, Standard Oil Trust chuy\u1ec3n t\u1ed5ng h\u00e0nh dinh v\u1ec1 m\u1ed9t t\u00f2a nh\u00e0 9 l\u1ea7u, 26 Broadway, New York City. T\u00f2a nh\u00e0 n\u00e0y tr\u1edf th\u00e0nh bi\u1ec3u t\u01b0\u1ee3ng b\u01b0\u1edbc ngo\u1eb7t c\u1ee7a t\u1eadp \u0111o\u00e0n. C\u00f9ng n\u0103m, Vacuum ph\u00e1t tri\u1ec3n nh\u1edbt \u0111\u1ed9ng c\u01a1 Gargoyle Arctic cho c\u00e1c \u0111\u1ed9ng c\u01a1 m\u00e1y ph\u00e1t \u0111i\u1ec7n th\u1ebf h\u1ec7 m\u1edbi ho\u1ea1t \u0111\u1ed9ng v\u1edbi t\u1ed1c \u0111\u1ed9 t\u1edbi 1,000 rpm.<\/p>\n<ul>\n<li style=\"text-align: justify;\">1903: Anh em nh\u00e0 Wright ,Wilbur v\u00e0 Orvillle , s\u1eed d\u1ee5ng c\u1ea3 nhi\u00ean li\u1ec7u Jersey Standard v\u00e0 nh\u1edbt Mobiloil (Vacuum) cho chuy\u1ebfn bay l\u1ecbch s\u1eed \u0111\u1ea7u ti\u00ean t\u1ea1i Kitty Hawk , B\u1eafc Carolina.<\/li>\n<li style=\"text-align: justify;\">1906: Socony th\u00e0nh c\u00f4ng l\u1edbn trong vi\u1ec7c x\u00e2m nh\u1eadp th\u1ecb tr\u01b0\u1eddng d\u1ea7u h\u1ecfa (kerosene) \u1edf Trung Qu\u1ed1c, b\u1eb1ng c\u1ea3i ti\u1ebfn \u0111\u00e8n d\u1ea7u h\u1ecfa . Chi\u1ebfc \u0111\u00e8n d\u1ea7u h\u1ecfa n\u00e0y tr\u1edf n\u00ean n\u1ed5i ti\u1ebfng v\u1edbi \u00fd ngh\u0129a Mei-Foo, ti\u1ebfng Trung Qu\u1ed1c bi\u1ec3u t\u01b0\u1ee3ng cho Socony, ngh\u0129a l\u00e0 s\u1ef1 tin c\u1eady \u0111\u1eb9p \u0111\u1ebd (beautiful confidence).<\/li>\n<li style=\"text-align: justify;\">1911: Theo l\u1ec7nh c\u1ee7a t\u00f2a \u00e1n t\u1ed1i cao M\u1ef9 , Standard Oil b\u1ecb chia nh\u1ecf th\u00e0nh 34 c\u00f4ng ty nh\u1ecf ri\u00eang r\u1ebd, bao g\u1ed3m Jersey Standard, Socony v\u00e0 Vacuum Oil. C\u00f9ng n\u0103m \u0111\u00f3 l\u00e0 s\u1ef1 th\u00e0nh c\u00f4ng c\u1ee7a Jersey Standard trong vi\u1ec7c cung c\u1ea5p s\u1ea3n l\u01b0\u1ee3ng d\u1ea7u h\u1ecfa v\u01b0\u1ee3t qua c\u1ea3 x\u0103ng. Gasoline.<\/li>\n<li style=\"text-align: justify;\">1915: Ralph De Palma, nh\u00e0 v\u00f4 \u0111\u1ecbch c\u1ee7a gi\u1ea3i \u0111ua Indianapolis 500, l\u00e0 nh\u00e0 v\u00f4 \u0111\u1ecbch \u0111\u1ea7u ti\u00ean c\u1ee7a r\u1ea5t nhi\u1ec1u c\u00e1c nh\u00e0 v\u00f4 \u0111\u1ecbch sau n\u00e0y s\u1eed d\u1ee5ng c\u00e1c s\u1ea3n ph\u1ea9m Mobil. T\u1ed1c \u0111\u1ed9 \u0111ua trung b\u00ecnh: 89.84 mph.<\/li>\n<li style=\"text-align: justify;\">1919: Jersey Standard mua l\u1ea1i 50% c\u1ed5 phi\u1ebfu c\u1ee7a Humble Oil &amp;amp; Refining Company, Texas. Humble, v\u1edbi s\u1ef1 d\u1eabn d\u1eaft c\u1ee7a k\u1ef9 s\u01b0 tr\u01b0\u1edfng Geologist Wallace Pratt, s\u1eed d\u1ee5ng khoa h\u1ecdc c\u1ed5 vi sinh v\u1eadt h\u1ecdc \u0111\u1ec3 h\u1ed7 tr\u1ee3 vi\u1ec7c t\u00ecm ki\u1ebfm d\u1ea7u m\u1ecf<\/li>\n<li style=\"text-align: justify;\">1920: C\u00e1c nh\u00e0 nghi\u00ean c\u1ee9u c\u1ee7a Jersey Standard gi\u1edbi thi\u1ec7u &amp;quot;rubbing alcohol&amp;quot;, hay l\u00e0 isopropyl alcohol \u2014 l\u00e0 ti\u1ec1n th\u00e2n c\u1ee7a s\u1ea3n ph\u1ea9m h\u00f3a d\u1ea7u th\u01b0\u01a1ng m\u1ea1i.<\/li>\n<li style=\"text-align: justify;\">1926: K\u1ebft h\u1ee3p ch\u1eef c\u00e1i \u0111\u1ea7u ti\u00ean \u2018S\u2019 v\u00e0 \u2018O\u2019 trong Standard Oil, Jersey Standard \u0111\u01b0a ra lo\u1ea1i nhi\u00ean li\u1ec7u m\u1edbi v\u1edbi t\u00ean th\u01b0\u01a1ng m\u1ea1i Esso . L\u00e0 lo\u1ea1i d\u1ea7u nh\u1eddn mang th\u01b0\u01a1ng hi\u1ec7u Esso ng\u00e0y nay.<\/li>\n<li style=\"text-align: justify;\">1927: C\u00e1c nh\u00e0 \u0111\u1ecba ch\u1ea5t h\u1ecdc c\u1ee7a Humble s\u1eed d\u1ee5ng c\u00f4ng ngh\u1ec7 \u0111\u1ecba ch\u1ea5n h\u1ecdc v\u00e0 ph\u00e1t hi\u1ec7n ra m\u1ecf d\u1ea7u \u1edf Sugarland, Texas.<\/li>\n<li style=\"text-align: justify;\">1928: Amelia Earhart s\u1eed d\u1ee5ng Mobiloil \u0111\u1ec3 b\u1ea3o v\u1ec7 chi\u1ebfc m\u00e1y bay Friendship khi th\u1ef1c hi\u1ec7n chuy\u1ebfn bay n\u1eef l\u00e1i m\u1ed9t m\u00ecnh l\u1ecbch s\u1eed b\u0103ng qua bi\u1ec3n Atlantic . M\u1ed9t n\u0103m tr\u01b0\u1edbc \u0111\u00f3, Charles Lindbergh c\u0169ng s\u1eed d\u1ee5ng Mobiloil cho chi\u1ebfc Spirit of St. Louis \u0111\u1ec3 th\u1ef1c hi\u1ec7n chuy\u1ebfn bay m\u1ed9t m\u00ecnh l\u1ecbch s\u1eed \u0111\u1ea7u ti\u00ean qua bi\u1ec3n Atlantic. M\u1ed9t trong nh\u1eefng minh ch\u1ee9ng \u0111\u1ea7u ti\u00ean v\u1ec1 ch\u1ea5t l\u01b0\u1ee3ng d\u1ea7u nh\u1edbt Mobil.1937: C\u00e1c nh\u00e0 nghi\u00ean c\u1ee9u c\u1ee7a Jersey Standard gi\u1edbi thi\u1ec7u cao su nh\u00e2n t\u1ea1o, butyl. Ng\u00e0y nay, butyl \u0111\u01b0\u1ee3c s\u1eed d\u1ee5ng \u0111\u1ec3 ch\u1ebf t\u1ea1o s\u0103m l\u1ed1p, b\u0103ng keo ph\u1eabu thu\u1eadt, m\u00e0ng b\u1ea3o v\u1ec7, v\u00e0 c\u00e1c s\u1ea3n ph\u1ea9m kh\u00e1c.<\/li>\n<li style=\"text-align: justify;\">1952: Jersey Standard gi\u1edbi thi\u1ec7u Uniflo motor oil, nh\u1edbt \u0111a c\u1ea5p \u0111\u1ea7u ti\u00ean cho \u00f4 t\u00f4, khuy\u1ebfn c\u00e1o s\u1eed d\u1ee5ng cho c\u1ea3 m\u00f9a \u0111\u00f4ng l\u1eabn m\u00f9a h\u00e8.<\/li>\n<li style=\"text-align: justify;\">1958: Pan American Airways bay chuy\u1ebfn v\u01b0\u1ee3t bi\u1ec3n Atlantic \u0111\u1ea7u ti\u00ean v\u1edbi m\u00e1y bay th\u01b0\u01a1ng m\u1ea1i Boeing 707 t\u1eeb New York t\u1edbi London. Chuy\u1ebfn bay s\u1eed d\u1ee5ng nhi\u00ean li\u1ec7u m\u00e1y bay mang th\u01b0\u01a1ng hi\u1ec7u Mobil.<\/li>\n<li style=\"text-align: justify;\">1959: Kh\u1ea9u hi\u1ec7u qu\u1ea3ng c\u00e1o \u1edf Chicago: &amp;quot;H\u00e3y b\u1ecf con c\u1ecdp v\u00e0o th\u00f9ng nhi\u00ean li\u1ec7u c\u1ee7a b\u1ea1n (Put a tiger in your tank).<\/li>\n<li style=\"text-align: justify;\">1966: Mobil k\u1ef7 ni\u1ec7m 100 n\u0103m, k\u1ec3 t\u1eeb l\u00fac th\u00e0nh l\u1eadp Vacuum Oil Company v\u00e0o n\u0103m 1866 v\u00e0 \u0111\u1ed5i t\u00ean th\u00e0nh Mobil Oil Corporation.<\/li>\n<li style=\"text-align: justify;\">1972: Jersey Standard ch\u00ednh th\u1ee9c \u0111\u1ed5i t\u00ean th\u00e0nh Exxon Corporation.<\/li>\n<li style=\"text-align: justify;\">1974: Mobil gi\u1edbi thi\u1ec7u nh\u1edbt t\u1ed5ng h\u1ee3p cho \u00f4 t\u00f4 \u0111\u1ea7u ti\u00ean \u2014 Mobil 1. Ng\u00e0y nay, Mobil 1 l\u00e0 lo\u1ea1i d\u1ea7u nh\u1edbt t\u1ed5ng h\u1ee3p d\u1eabn \u0111\u1ea7u th\u1ebf gi\u1edbi v\u1ec1 ch\u1ea5t l\u01b0\u1ee3ng v\u00e0 hi\u1ec7u qu\u1ea3 cho \u00f4 t\u00f4, xe m\u00e1y.<\/li>\n<li style=\"text-align: justify;\">1975: Mobil tham gia v\u00e0o d\u1ef1 \u00e1n Beryl A, gi\u00e0n khoan \u0111\u1ea7u ti\u00ean tr\u00ean th\u1ebf gi\u1edbi \u0111\u01b0\u1ee3c x\u00e2y d\u1ef1ng v\u1eefng ch\u1eafc. D\u00e0n khoan 50-t\u1ea7ng n\u00e0y l\u00e0 khu\u00f4n m\u1eabu c\u00e1c gi\u00e0n khoan kh\u00e1c ho\u1ea1t \u0111\u1ed9ng tr\u00ean v\u00f9ng n\u01b0\u1edbc s\u00e2u c\u1ee7a Bi\u1ec3n B\u1eafc .<\/li>\n<li style=\"text-align: justify;\">1976: Mobil ph\u00e1t minh ra quy tr\u00ecnh chuy\u1ec3n \u0111\u1ed5i methanol th\u00e0nh x\u0103ng high-octane b\u1eb1ng c\u00e1ch s\u1eed d\u1ee5ng ph\u01b0\u01a1ng ph\u00e1p ZSM-5 catalyst.<\/li>\n<li style=\"text-align: justify;\">1982: Exxon k\u1ef7 ni\u1ec7m 100 n\u0103m t\u1eeb ng\u00e0y th\u00e0nh l\u1eadp Standard Oil Trust v\u00e0o n\u0103m 1882.<br \/>\nTrong 100 n\u0103m Exxon \u0111\u00e3 tr\u01b0\u1edfng th\u00e0nh trong c\u00e1c l\u0129nh v\u1ef1c: h\u00f3a d\u1ea7u n\u1ed9i \u0111\u1ecba, ph\u00e2n ph\u1ed1i d\u1ea7u h\u1ecfa (kerosene), li\u00ean quan \u1edf m\u1ecdi c\u1ea5p \u0111\u1ed9 c\u1ee7a khai th\u00e1c, ch\u1ebf bi\u1ebfn, l\u1ecdc d\u1ea7u, marketing d\u1ea7u kh\u00ed, v\u00e0 s\u1ea3n xu\u1ea5t c\u00e1c s\u1ea3n ph\u1ea9m h\u00f3a d\u1ea7u.<\/li>\n<li style=\"text-align: justify;\">1997: Mobil gi\u1edbi thi\u1ec7u Speedpass, 1 h\u1ec7 th\u1ed1ng b\u01a1m x\u0103ng \u0111i\u1ec7n t\u1eed t\u1ef1 \u0111\u1ed9ng.<\/li>\n<li style=\"text-align: justify;\">1999: 30\/11\/1999, Exxon v\u00e0 Mobil h\u1ee3p nh\u1ea5t th\u00e0nh ExxonMobil Corporation.<\/li>\n<\/ul>\n<p><\/p>","protected":false},"excerpt":{"rendered":"<p>L\u1ecbch S\u1eed Exxon Mobil Mobil l\u00e0 m\u1ed9t t\u1eadp \u0111o\u00e0n d\u1ea7u kh\u00ed \u0111a qu\u1ed1c gia c\u1ee7a Hoa K\u1ef3 , c\u00f3 t\u1ed5ng doanh thu l\u1edbn nh\u1ea5t th\u1ebf gi\u1edbi v\u1edbi 404,5 t\u1ef7 USD n\u0103m 2007, l\u1ee3i nhu\u1eadn 40,6 t\u1ef7 (2007), th\u1ecb tr\u01b0\u1eddng t\u01b0 &hellip; <a href=\"https:\/\/tatco.vn\/vi\/lich-su-exxon-mobil\/\">Readmore<\/a><\/p>\n","protected":false},"author":3,"featured_media":0,"parent":0,"menu_order":0,"comment_status":"closed","ping_status":"closed","template":"no-title.php","meta":{"footnotes":""},"class_list":["post-8351","page","type-page","status-publish","hentry"],"yoast_head":"<!-- This site is optimized with the Yoast SEO plugin v27.2 - https:\/\/yoast.com\/product\/yoast-seo-wordpress\/ -->\n<title>L\u1ecbch S\u1eed Exxon Mobil - C\u00f4ng Ty TNHH D\u1ea7u Nh\u1eddn T&amp;T Vi\u1ec7t Nam<\/title>\n<meta name=\"robots\" content=\"index, follow, max-snippet:-1, max-image-preview:large, max-video-preview:-1\" \/>\n<link rel=\"canonical\" href=\"https:\/\/tatco.vn\/vi\/exxon-mobil-history\/\" \/>\n<meta property=\"og:locale\" content=\"vi_VN\" \/>\n<meta property=\"og:type\" content=\"article\" \/>\n<meta property=\"og:title\" content=\"L\u1ecbch S\u1eed Exxon Mobil - C\u00f4ng Ty TNHH D\u1ea7u Nh\u1eddn T&amp;T Vi\u1ec7t Nam\" \/>\n<meta property=\"og:description\" content=\"L\u1ecbch S\u1eed Exxon Mobil Mobil l\u00e0 m\u1ed9t t\u1eadp \u0111o\u00e0n d\u1ea7u kh\u00ed \u0111a qu\u1ed1c gia c\u1ee7a Hoa K\u1ef3 , c\u00f3 t\u1ed5ng doanh thu l\u1edbn nh\u1ea5t th\u1ebf gi\u1edbi v\u1edbi 404,5 t\u1ef7 USD n\u0103m 2007, l\u1ee3i nhu\u1eadn 40,6 t\u1ef7 (2007), th\u1ecb tr\u01b0\u1eddng t\u01b0 &hellip; Readmore\" \/>\n<meta property=\"og:url\" content=\"https:\/\/tatco.vn\/vi\/exxon-mobil-history\/\" \/>\n<meta property=\"og:site_name\" content=\"C\u00f4ng Ty TNHH D\u1ea7u Nh\u1eddn T&amp;T Vi\u1ec7t Nam\" \/>\n<meta property=\"article:modified_time\" content=\"2019-11-29T02:26:09+00:00\" \/>\n<meta name=\"twitter:card\" content=\"summary_large_image\" \/>\n<meta name=\"twitter:label1\" content=\"\u01af\u1edbc t\u00ednh th\u1eddi gian \u0111\u1ecdc\" \/>\n\t<meta name=\"twitter:data1\" content=\"7 ph\u00fat\" \/>\n<script type=\"application\/ld+json\" class=\"yoast-schema-graph\">{\"@context\":\"https:\/\/schema.org\",\"@graph\":[{\"@type\":\"WebPage\",\"@id\":\"https:\/\/tatco.vn\/vi\/exxon-mobil-history\/\",\"url\":\"https:\/\/tatco.vn\/vi\/exxon-mobil-history\/\",\"name\":\"L\u1ecbch S\u1eed Exxon Mobil - C\u00f4ng Ty TNHH D\u1ea7u Nh\u1eddn T&amp;T Vi\u1ec7t Nam\",\"isPartOf\":{\"@id\":\"https:\/\/tatco.vn\/en\/#website\"},\"datePublished\":\"2019-05-29T15:57:08+00:00\",\"dateModified\":\"2019-11-29T02:26:09+00:00\",\"breadcrumb\":{\"@id\":\"https:\/\/tatco.vn\/vi\/exxon-mobil-history\/#breadcrumb\"},\"inLanguage\":\"vi\",\"potentialAction\":[{\"@type\":\"ReadAction\",\"target\":[\"https:\/\/tatco.vn\/vi\/exxon-mobil-history\/\"]}]},{\"@type\":\"BreadcrumbList\",\"@id\":\"https:\/\/tatco.vn\/vi\/exxon-mobil-history\/#breadcrumb\",\"itemListElement\":[{\"@type\":\"ListItem\",\"position\":1,\"name\":\"Home\",\"item\":\"https:\/\/tatco.vn\/\"},{\"@type\":\"ListItem\",\"position\":2,\"name\":\"L\u1ecbch S\u1eed Exxon Mobil\"}]},{\"@type\":\"WebSite\",\"@id\":\"https:\/\/tatco.vn\/en\/#website\",\"url\":\"https:\/\/tatco.vn\/en\/\",\"name\":\"C\u00f4ng Ty TNHH D\u1ea7u Nh\u1eddn T&amp;T Vi\u1ec7t Nam\",\"description\":\"Right Point - Right Time - Best Solution\",\"publisher\":{\"@id\":\"https:\/\/tatco.vn\/en\/#organization\"},\"potentialAction\":[{\"@type\":\"SearchAction\",\"target\":{\"@type\":\"EntryPoint\",\"urlTemplate\":\"https:\/\/tatco.vn\/en\/?s={search_term_string}\"},\"query-input\":{\"@type\":\"PropertyValueSpecification\",\"valueRequired\":true,\"valueName\":\"search_term_string\"}}],\"inLanguage\":\"vi\"},{\"@type\":\"Organization\",\"@id\":\"https:\/\/tatco.vn\/en\/#organization\",\"name\":\"C\u00f4ng Ty TNHH D\u1ea7u Nh\u1eddn T&T Vi\u1ec7t Nam\",\"url\":\"https:\/\/tatco.vn\/en\/\",\"logo\":{\"@type\":\"ImageObject\",\"inLanguage\":\"vi\",\"@id\":\"https:\/\/tatco.vn\/en\/#\/schema\/logo\/image\/\",\"url\":\"https:\/\/tatco.vn\/wp-content\/uploads\/2019\/05\/fav-ico.png\",\"contentUrl\":\"https:\/\/tatco.vn\/wp-content\/uploads\/2019\/05\/fav-ico.png\",\"width\":200,\"height\":200,\"caption\":\"C\u00f4ng Ty TNHH D\u1ea7u Nh\u1eddn T&T Vi\u1ec7t Nam\"},\"image\":{\"@id\":\"https:\/\/tatco.vn\/en\/#\/schema\/logo\/image\/\"}}]}<\/script>\n<!-- \/ Yoast SEO plugin. -->","yoast_head_json":{"title":"L\u1ecbch S\u1eed Exxon Mobil - C\u00f4ng Ty TNHH D\u1ea7u Nh\u1eddn T&amp;T Vi\u1ec7t Nam","robots":{"index":"index","follow":"follow","max-snippet":"max-snippet:-1","max-image-preview":"max-image-preview:large","max-video-preview":"max-video-preview:-1"},"canonical":"https:\/\/tatco.vn\/vi\/exxon-mobil-history\/","og_locale":"vi_VN","og_type":"article","og_title":"L\u1ecbch S\u1eed Exxon Mobil - C\u00f4ng Ty TNHH D\u1ea7u Nh\u1eddn T&amp;T Vi\u1ec7t Nam","og_description":"L\u1ecbch S\u1eed Exxon Mobil Mobil l\u00e0 m\u1ed9t t\u1eadp \u0111o\u00e0n d\u1ea7u kh\u00ed \u0111a qu\u1ed1c gia c\u1ee7a Hoa K\u1ef3 , c\u00f3 t\u1ed5ng doanh thu l\u1edbn nh\u1ea5t th\u1ebf gi\u1edbi v\u1edbi 404,5 t\u1ef7 USD n\u0103m 2007, l\u1ee3i nhu\u1eadn 40,6 t\u1ef7 (2007), th\u1ecb tr\u01b0\u1eddng t\u01b0 &hellip; Readmore","og_url":"https:\/\/tatco.vn\/vi\/exxon-mobil-history\/","og_site_name":"C\u00f4ng Ty TNHH D\u1ea7u Nh\u1eddn T&amp;T Vi\u1ec7t Nam","article_modified_time":"2019-11-29T02:26:09+00:00","twitter_card":"summary_large_image","twitter_misc":{"\u01af\u1edbc t\u00ednh th\u1eddi gian \u0111\u1ecdc":"7 ph\u00fat"},"schema":{"@context":"https:\/\/schema.org","@graph":[{"@type":"WebPage","@id":"https:\/\/tatco.vn\/vi\/exxon-mobil-history\/","url":"https:\/\/tatco.vn\/vi\/exxon-mobil-history\/","name":"L\u1ecbch S\u1eed Exxon Mobil - C\u00f4ng Ty TNHH D\u1ea7u Nh\u1eddn T&amp;T Vi\u1ec7t Nam","isPartOf":{"@id":"https:\/\/tatco.vn\/en\/#website"},"datePublished":"2019-05-29T15:57:08+00:00","dateModified":"2019-11-29T02:26:09+00:00","breadcrumb":{"@id":"https:\/\/tatco.vn\/vi\/exxon-mobil-history\/#breadcrumb"},"inLanguage":"vi","potentialAction":[{"@type":"ReadAction","target":["https:\/\/tatco.vn\/vi\/exxon-mobil-history\/"]}]},{"@type":"BreadcrumbList","@id":"https:\/\/tatco.vn\/vi\/exxon-mobil-history\/#breadcrumb","itemListElement":[{"@type":"ListItem","position":1,"name":"Home","item":"https:\/\/tatco.vn\/"},{"@type":"ListItem","position":2,"name":"L\u1ecbch S\u1eed Exxon Mobil"}]},{"@type":"WebSite","@id":"https:\/\/tatco.vn\/en\/#website","url":"https:\/\/tatco.vn\/en\/","name":"C\u00f4ng Ty TNHH D\u1ea7u Nh\u1eddn T&amp;T Vi\u1ec7t Nam","description":"Right Point - Right Time - Best Solution","publisher":{"@id":"https:\/\/tatco.vn\/en\/#organization"},"potentialAction":[{"@type":"SearchAction","target":{"@type":"EntryPoint","urlTemplate":"https:\/\/tatco.vn\/en\/?s={search_term_string}"},"query-input":{"@type":"PropertyValueSpecification","valueRequired":true,"valueName":"search_term_string"}}],"inLanguage":"vi"},{"@type":"Organization","@id":"https:\/\/tatco.vn\/en\/#organization","name":"C\u00f4ng Ty TNHH D\u1ea7u Nh\u1eddn T&T Vi\u1ec7t Nam","url":"https:\/\/tatco.vn\/en\/","logo":{"@type":"ImageObject","inLanguage":"vi","@id":"https:\/\/tatco.vn\/en\/#\/schema\/logo\/image\/","url":"https:\/\/tatco.vn\/wp-content\/uploads\/2019\/05\/fav-ico.png","contentUrl":"https:\/\/tatco.vn\/wp-content\/uploads\/2019\/05\/fav-ico.png","width":200,"height":200,"caption":"C\u00f4ng Ty TNHH D\u1ea7u Nh\u1eddn T&T Vi\u1ec7t Nam"},"image":{"@id":"https:\/\/tatco.vn\/en\/#\/schema\/logo\/image\/"}}]}},"_links":{"self":[{"href":"https:\/\/tatco.vn\/vi\/wp-json\/wp\/v2\/pages\/8351","targetHints":{"allow":["GET"]}}],"collection":[{"href":"https:\/\/tatco.vn\/vi\/wp-json\/wp\/v2\/pages"}],"about":[{"href":"https:\/\/tatco.vn\/vi\/wp-json\/wp\/v2\/types\/page"}],"author":[{"embeddable":true,"href":"https:\/\/tatco.vn\/vi\/wp-json\/wp\/v2\/users\/3"}],"replies":[{"embeddable":true,"href":"https:\/\/tatco.vn\/vi\/wp-json\/wp\/v2\/comments?post=8351"}],"version-history":[{"count":0,"href":"https:\/\/tatco.vn\/vi\/wp-json\/wp\/v2\/pages\/8351\/revisions"}],"wp:attachment":[{"href":"https:\/\/tatco.vn\/vi\/wp-json\/wp\/v2\/media?parent=8351"}],"curies":[{"name":"wp","href":"https:\/\/api.w.org\/{rel}","templated":true}]}}