{"id":7786,"date":"2019-02-19T17:44:23","date_gmt":"2019-02-19T10:44:23","guid":{"rendered":"https:\/\/tatco.vn\/?page_id=7786"},"modified":"2021-09-03T22:52:45","modified_gmt":"2021-09-03T15:52:45","slug":"intro","status":"publish","type":"page","link":"https:\/\/tatco.vn\/vi\/gioi-thieu\/","title":{"rendered":"Gi\u1edbi Thi\u1ec7u C\u00f4ng Ty"},"content":{"rendered":"<section class=\"wpb-content-wrapper\"><p>[vc_row][vc_column width=&#8221;1\/6&#8243;][\/vc_column][vc_column width=&#8221;2\/3&#8243;][vc_column_text css=&#8221;.vc_custom_1630684363252{margin-right: 10px !important;margin-left: 10px !important;}&#8221;]<\/p>\n<h2 style=\"text-align: center;\">C\u00d4NG\u00a0 TY TNHH D\u1ea6U NH\u1edcN T&amp;T VI\u1ec6T NAM<\/h2>\n<h3 style=\"text-align: center; color: red;\">RIGHT POINT &#8211; RIGHT TIME &#8211; BEST SOLUTION<\/h3>\n<p>&nbsp;<\/p>\n<ul style=\"text-align: Justify;\">\n<li>N\u00e2ng cao n\u0103ng su\u1ea5t v\u00e0 hi\u1ec7u su\u1ea5t nh\u00e0 m\u00e1y l\u00e0 m\u1ed9t th\u00e1ch th\u1ee9c c\u1ee7a c\u00f4ng nghi\u1ec7p n\u01b0\u1edbc nh\u00e0 trong b\u1ed1i c\u1ea3nh h\u1ed9i nh\u1eadp s\u00e2u r\u1ed9ng v\u1edbi c\u00e1c c\u01b0\u1eddng qu\u1ed1c kinh t\u1ebf th\u1ebf gi\u1edbi. B\u00f4i tr\u01a1n l\u00e0 m\u1ed9t ph\u1ea7n kh\u00f4ng th\u1ec3 thi\u1ebfu trong nh\u00e0 m\u00e1y nh\u1eb1m \u0111\u1ea3m b\u1ea3o h\u1ec7 th\u1ed1ng m\u00e1y m\u00f3c ho\u1ea1t \u0111\u1ed9ng tr\u01a1n tru v\u00e0 hi\u1ec7u qu\u1ea3. Vi\u1ec7c l\u1ef1a ch\u1ecdn v\u00e0 \u1ee9ng d\u1ee5ng \u0111\u00fang t\u1eebng lo\u1ea1i d\u1ea7u m\u1ee1 b\u00f4i tr\u01a1n l\u00e0 v\u1ea5n \u0111\u1ec1 c\u1ef1c k\u1ef3 quan tr\u1ecdng \u0111\u1ed1i v\u1edbi t\u1ea5t c\u1ea3 c\u00e1c nh\u00e0 m\u00e1y c\u00f4ng nghi\u1ec7p hi\u1ec7n nay.<\/li>\n<\/ul>\n<ul style=\"text-align: Justify;\">\n<li>C\u00f4ng ty TNHH D\u1ea7u Nh\u1eddn T&amp;T Vi\u1ec7t Nam h\u01b0\u1edbng t\u1edbi cung c\u1ea5p m\u1ed9t gi\u1ea3i ph\u00e1p to\u00e0n di\u1ec7n v\u1ec1 b\u00f4i tr\u01a1n, gi\u00fap Kh\u00e1ch h\u00e0ng ti\u1ebft ki\u1ec7m chi ph\u00ed b\u1ea3o tr\u00ec v\u00e0 n\u00e2ng cao hi\u1ec7u qu\u1ea3 s\u1ea3n xu\u1ea5t d\u1ef1a tr\u00ean hai y\u1ebfu t\u1ed1 quan tr\u1ecdng l\u00e0 B\u00f4i tr\u01a1n \u0111\u00fang v\u1ecb tr\u00ed v\u00e0 B\u00f4i tr\u01a1n \u0111\u00fang chu k\u00ec nh\u01b0 slogan c\u1ee7a c\u00f4ng ty ch\u00fang t\u00f4i: \u201cRight Point \u2013 Right Time \u2013 Best Solution\u201d.<\/li>\n<\/ul>\n<ul style=\"text-align: Justify;\">\n<li>\u0110\u1ed9i ng\u0169 nh\u00e2n vi\u00ean kinh doanh v\u00e0 k\u0129 thu\u1eadt c\u1ee7a T&amp;T tin t\u01b0\u1edfng s\u1ebd mang l\u1ea1i nh\u1eefng t\u01b0 v\u1ea5n hi\u1ec7u qu\u1ea3 c\u0169ng nh\u01b0 mang l\u1ea1i gi\u1ea3i ph\u00e1p b\u00f4i tr\u01a1n t\u1ed1i \u01b0u cho Kh\u00e1ch h\u00e0ng. Vi\u1ec7c l\u1ef1a ch\u1ecdn kinh doanh chi\u1ebfn l\u01b0\u1ee3c hai th\u01b0\u01a1ng hi\u1ec7u h\u00e0ng \u0111\u1ea7u v\u1ec1 ch\u1ea5t l\u01b0\u1ee3ng Mobil v\u00e0 Shell th\u1ec3 hi\u1ec7n \u0111\u1ecbnh h\u01b0\u1edbng c\u1ee7a T&amp;T trong kinh doanh d\u1ea7u m\u1ee1 nh\u1eddn.<\/li>\n<\/ul>\n<p><strong>Tr\u00e2n tr\u1ecdng c\u1ea3m \u01a1n v\u00e0 mong mu\u1ed1n tr\u1edf th\u00e0nh \u0111\u1ed1i t\u00e1c chi\u1ebfn l\u01b0\u1ee3c c\u1ee7a qu\u00fd nh\u00e0 m\u00e1y.<\/strong>[\/vc_column_text][\/vc_column][vc_column width=&#8221;1\/6&#8243;][\/vc_column][\/vc_row]<\/p>\n<\/section>","protected":false},"excerpt":{"rendered":"<p>[vc_row][vc_column width=&#8221;1\/6&#8243;][\/vc_column][vc_column width=&#8221;2\/3&#8243;][vc_column_text css=&#8221;.vc_custom_1630684363252{margin-right: 10px !important;margin-left: 10px !important;}&#8221;] C\u00d4NG\u00a0 TY TNHH D\u1ea6U NH\u1edcN T&amp;T VI\u1ec6T NAM RIGHT POINT &#8211; RIGHT TIME &#8211; BEST SOLUTION &nbsp; N\u00e2ng cao n\u0103ng su\u1ea5t v\u00e0 hi\u1ec7u su\u1ea5t nh\u00e0 m\u00e1y l\u00e0 m\u1ed9t th\u00e1ch th\u1ee9c c\u1ee7a c\u00f4ng &hellip; <a href=\"https:\/\/tatco.vn\/vi\/gioi-thieu\/\">Readmore<\/a><\/p>\n","protected":false},"author":3,"featured_media":0,"parent":0,"menu_order":0,"comment_status":"closed","ping_status":"closed","template":"no-title.php","meta":{"footnotes":""},"class_list":["post-7786","page","type-page","status-publish","hentry"],"yoast_head":"<!-- This site is optimized with the Yoast SEO plugin v27.2 - https:\/\/yoast.com\/product\/yoast-seo-wordpress\/ -->\n<title>Gi\u1edbi Thi\u1ec7u C\u00f4ng Ty - C\u00f4ng Ty TNHH D\u1ea7u Nh\u1eddn T&amp;T Vi\u1ec7t Nam<\/title>\n<meta name=\"robots\" content=\"index, follow, max-snippet:-1, max-image-preview:large, max-video-preview:-1\" \/>\n<link rel=\"canonical\" href=\"https:\/\/tatco.vn\/vi\/intro\/\" \/>\n<meta property=\"og:locale\" content=\"vi_VN\" \/>\n<meta property=\"og:type\" content=\"article\" \/>\n<meta property=\"og:title\" content=\"Gi\u1edbi Thi\u1ec7u C\u00f4ng Ty - C\u00f4ng Ty TNHH D\u1ea7u Nh\u1eddn T&amp;T Vi\u1ec7t Nam\" \/>\n<meta property=\"og:description\" content=\"[vc_row][vc_column width=&#8221;1\/6&#8243;][\/vc_column][vc_column width=&#8221;2\/3&#8243;][vc_column_text css=&#8221;.vc_custom_1630684363252{margin-right: 10px !important;margin-left: 10px !important;}&#8221;] C\u00d4NG\u00a0 TY TNHH D\u1ea6U NH\u1edcN T&amp;T VI\u1ec6T NAM RIGHT POINT &#8211; RIGHT TIME &#8211; BEST SOLUTION &nbsp; N\u00e2ng cao n\u0103ng su\u1ea5t v\u00e0 hi\u1ec7u su\u1ea5t nh\u00e0 m\u00e1y l\u00e0 m\u1ed9t th\u00e1ch th\u1ee9c c\u1ee7a c\u00f4ng &hellip; Readmore\" \/>\n<meta property=\"og:url\" content=\"https:\/\/tatco.vn\/vi\/intro\/\" \/>\n<meta property=\"og:site_name\" content=\"C\u00f4ng Ty TNHH D\u1ea7u Nh\u1eddn T&amp;T Vi\u1ec7t Nam\" \/>\n<meta property=\"article:modified_time\" content=\"2021-09-03T15:52:45+00:00\" \/>\n<meta name=\"twitter:card\" content=\"summary_large_image\" \/>\n<meta name=\"twitter:label1\" content=\"\u01af\u1edbc t\u00ednh th\u1eddi gian \u0111\u1ecdc\" \/>\n\t<meta name=\"twitter:data1\" content=\"2 ph\u00fat\" \/>\n<script type=\"application\/ld+json\" class=\"yoast-schema-graph\">{\"@context\":\"https:\/\/schema.org\",\"@graph\":[{\"@type\":\"WebPage\",\"@id\":\"https:\/\/tatco.vn\/vi\/intro\/\",\"url\":\"https:\/\/tatco.vn\/vi\/intro\/\",\"name\":\"Gi\u1edbi Thi\u1ec7u C\u00f4ng Ty - C\u00f4ng Ty TNHH D\u1ea7u Nh\u1eddn T&amp;T Vi\u1ec7t Nam\",\"isPartOf\":{\"@id\":\"https:\/\/tatco.vn\/en\/#website\"},\"datePublished\":\"2019-02-19T10:44:23+00:00\",\"dateModified\":\"2021-09-03T15:52:45+00:00\",\"breadcrumb\":{\"@id\":\"https:\/\/tatco.vn\/vi\/intro\/#breadcrumb\"},\"inLanguage\":\"vi\",\"potentialAction\":[{\"@type\":\"ReadAction\",\"target\":[\"https:\/\/tatco.vn\/vi\/intro\/\"]}]},{\"@type\":\"BreadcrumbList\",\"@id\":\"https:\/\/tatco.vn\/vi\/intro\/#breadcrumb\",\"itemListElement\":[{\"@type\":\"ListItem\",\"position\":1,\"name\":\"Home\",\"item\":\"https:\/\/tatco.vn\/\"},{\"@type\":\"ListItem\",\"position\":2,\"name\":\"Gi\u1edbi Thi\u1ec7u C\u00f4ng Ty\"}]},{\"@type\":\"WebSite\",\"@id\":\"https:\/\/tatco.vn\/en\/#website\",\"url\":\"https:\/\/tatco.vn\/en\/\",\"name\":\"C\u00f4ng Ty TNHH D\u1ea7u Nh\u1eddn T&amp;T Vi\u1ec7t Nam\",\"description\":\"Right Point - Right Time - Best Solution\",\"publisher\":{\"@id\":\"https:\/\/tatco.vn\/en\/#organization\"},\"potentialAction\":[{\"@type\":\"SearchAction\",\"target\":{\"@type\":\"EntryPoint\",\"urlTemplate\":\"https:\/\/tatco.vn\/en\/?s={search_term_string}\"},\"query-input\":{\"@type\":\"PropertyValueSpecification\",\"valueRequired\":true,\"valueName\":\"search_term_string\"}}],\"inLanguage\":\"vi\"},{\"@type\":\"Organization\",\"@id\":\"https:\/\/tatco.vn\/en\/#organization\",\"name\":\"C\u00f4ng Ty TNHH D\u1ea7u Nh\u1eddn T&T Vi\u1ec7t Nam\",\"url\":\"https:\/\/tatco.vn\/en\/\",\"logo\":{\"@type\":\"ImageObject\",\"inLanguage\":\"vi\",\"@id\":\"https:\/\/tatco.vn\/en\/#\/schema\/logo\/image\/\",\"url\":\"https:\/\/tatco.vn\/wp-content\/uploads\/2019\/05\/fav-ico.png\",\"contentUrl\":\"https:\/\/tatco.vn\/wp-content\/uploads\/2019\/05\/fav-ico.png\",\"width\":200,\"height\":200,\"caption\":\"C\u00f4ng Ty TNHH D\u1ea7u Nh\u1eddn T&T Vi\u1ec7t Nam\"},\"image\":{\"@id\":\"https:\/\/tatco.vn\/en\/#\/schema\/logo\/image\/\"}}]}<\/script>\n<!-- \/ Yoast SEO plugin. -->","yoast_head_json":{"title":"Gi\u1edbi Thi\u1ec7u C\u00f4ng Ty - C\u00f4ng Ty TNHH D\u1ea7u Nh\u1eddn T&amp;T Vi\u1ec7t Nam","robots":{"index":"index","follow":"follow","max-snippet":"max-snippet:-1","max-image-preview":"max-image-preview:large","max-video-preview":"max-video-preview:-1"},"canonical":"https:\/\/tatco.vn\/vi\/intro\/","og_locale":"vi_VN","og_type":"article","og_title":"Gi\u1edbi Thi\u1ec7u C\u00f4ng Ty - C\u00f4ng Ty TNHH D\u1ea7u Nh\u1eddn T&amp;T Vi\u1ec7t Nam","og_description":"[vc_row][vc_column width=&#8221;1\/6&#8243;][\/vc_column][vc_column width=&#8221;2\/3&#8243;][vc_column_text css=&#8221;.vc_custom_1630684363252{margin-right: 10px !important;margin-left: 10px !important;}&#8221;] C\u00d4NG\u00a0 TY TNHH D\u1ea6U NH\u1edcN T&amp;T VI\u1ec6T NAM RIGHT POINT &#8211; RIGHT TIME &#8211; BEST SOLUTION &nbsp; N\u00e2ng cao n\u0103ng su\u1ea5t v\u00e0 hi\u1ec7u su\u1ea5t nh\u00e0 m\u00e1y l\u00e0 m\u1ed9t th\u00e1ch th\u1ee9c c\u1ee7a c\u00f4ng &hellip; Readmore","og_url":"https:\/\/tatco.vn\/vi\/intro\/","og_site_name":"C\u00f4ng Ty TNHH D\u1ea7u Nh\u1eddn T&amp;T Vi\u1ec7t Nam","article_modified_time":"2021-09-03T15:52:45+00:00","twitter_card":"summary_large_image","twitter_misc":{"\u01af\u1edbc t\u00ednh th\u1eddi gian \u0111\u1ecdc":"2 ph\u00fat"},"schema":{"@context":"https:\/\/schema.org","@graph":[{"@type":"WebPage","@id":"https:\/\/tatco.vn\/vi\/intro\/","url":"https:\/\/tatco.vn\/vi\/intro\/","name":"Gi\u1edbi Thi\u1ec7u C\u00f4ng Ty - C\u00f4ng Ty TNHH D\u1ea7u Nh\u1eddn T&amp;T Vi\u1ec7t Nam","isPartOf":{"@id":"https:\/\/tatco.vn\/en\/#website"},"datePublished":"2019-02-19T10:44:23+00:00","dateModified":"2021-09-03T15:52:45+00:00","breadcrumb":{"@id":"https:\/\/tatco.vn\/vi\/intro\/#breadcrumb"},"inLanguage":"vi","potentialAction":[{"@type":"ReadAction","target":["https:\/\/tatco.vn\/vi\/intro\/"]}]},{"@type":"BreadcrumbList","@id":"https:\/\/tatco.vn\/vi\/intro\/#breadcrumb","itemListElement":[{"@type":"ListItem","position":1,"name":"Home","item":"https:\/\/tatco.vn\/"},{"@type":"ListItem","position":2,"name":"Gi\u1edbi Thi\u1ec7u C\u00f4ng Ty"}]},{"@type":"WebSite","@id":"https:\/\/tatco.vn\/en\/#website","url":"https:\/\/tatco.vn\/en\/","name":"C\u00f4ng Ty TNHH D\u1ea7u Nh\u1eddn T&amp;T Vi\u1ec7t Nam","description":"Right Point - Right Time - Best Solution","publisher":{"@id":"https:\/\/tatco.vn\/en\/#organization"},"potentialAction":[{"@type":"SearchAction","target":{"@type":"EntryPoint","urlTemplate":"https:\/\/tatco.vn\/en\/?s={search_term_string}"},"query-input":{"@type":"PropertyValueSpecification","valueRequired":true,"valueName":"search_term_string"}}],"inLanguage":"vi"},{"@type":"Organization","@id":"https:\/\/tatco.vn\/en\/#organization","name":"C\u00f4ng Ty TNHH D\u1ea7u Nh\u1eddn T&T Vi\u1ec7t Nam","url":"https:\/\/tatco.vn\/en\/","logo":{"@type":"ImageObject","inLanguage":"vi","@id":"https:\/\/tatco.vn\/en\/#\/schema\/logo\/image\/","url":"https:\/\/tatco.vn\/wp-content\/uploads\/2019\/05\/fav-ico.png","contentUrl":"https:\/\/tatco.vn\/wp-content\/uploads\/2019\/05\/fav-ico.png","width":200,"height":200,"caption":"C\u00f4ng Ty TNHH D\u1ea7u Nh\u1eddn T&T Vi\u1ec7t Nam"},"image":{"@id":"https:\/\/tatco.vn\/en\/#\/schema\/logo\/image\/"}}]}},"_links":{"self":[{"href":"https:\/\/tatco.vn\/vi\/wp-json\/wp\/v2\/pages\/7786","targetHints":{"allow":["GET"]}}],"collection":[{"href":"https:\/\/tatco.vn\/vi\/wp-json\/wp\/v2\/pages"}],"about":[{"href":"https:\/\/tatco.vn\/vi\/wp-json\/wp\/v2\/types\/page"}],"author":[{"embeddable":true,"href":"https:\/\/tatco.vn\/vi\/wp-json\/wp\/v2\/users\/3"}],"replies":[{"embeddable":true,"href":"https:\/\/tatco.vn\/vi\/wp-json\/wp\/v2\/comments?post=7786"}],"version-history":[{"count":0,"href":"https:\/\/tatco.vn\/vi\/wp-json\/wp\/v2\/pages\/7786\/revisions"}],"wp:attachment":[{"href":"https:\/\/tatco.vn\/vi\/wp-json\/wp\/v2\/media?parent=7786"}],"curies":[{"name":"wp","href":"https:\/\/api.w.org\/{rel}","templated":true}]}}