{"id":7782,"date":"2019-02-19T15:22:35","date_gmt":"2019-02-19T08:22:35","guid":{"rendered":"https:\/\/tatco.vn\/?page_id=7782"},"modified":"2026-04-04T09:58:12","modified_gmt":"2026-04-04T02:58:12","slug":"contact","status":"publish","type":"page","link":"https:\/\/tatco.vn\/vi\/lien-he\/","title":{"rendered":"Li\u00ean H\u1ec7"},"content":{"rendered":"<section class=\"wpb-content-wrapper\"><p>[vc_row css=&#8221;.vc_custom_1437122550533{margin-right: -15px !important;margin-left: -15px !important;}&#8221;][vc_column css=&#8221;.vc_custom_1437122566626{padding-right: 15px !important;padding-left: 15px !important;}&#8221;][vc_gmaps link=&#8221;#E-8_JTNDaWZyYW1lJTIwc3JjJTNEJTIyaHR0cHMlM0ElMkYlMkZ3d3cuZ29vZ2xlLmNvbSUyRm1hcHMlMkZlbWJlZCUzRnBiJTNEJTIxMW0xOCUyMTFtMTIlMjExbTMlMjExZDM5MTcuNzE3NDg5NzU2ODcxJTIxMmQxMDYuNTk4MjEzMDE1MzM0NjglMjEzZDEwLjkwOTA2MTc1OTcxMzIxOCUyMTJtMyUyMTFmMCUyMTJmMCUyMTNmMCUyMTNtMiUyMTFpMTAyNCUyMTJpNzY4JTIxNGYxMy4xJTIxM20zJTIxMW0yJTIxMXMweDMxNzRkNTA0N2Y4NDY3YmQlMjUzQTB4NGM3NTFiOTg0MzUzMzVhOSUyMTJ6UThPVVRrY2dWRmtnVkU1SVNDQkU0YnFtVlNCT1NPRzduRTRnVkNaVUlGWko0YnVHVkNCT1FVMCUyMTVlMCUyMTNtMiUyMTFzdmklMjEycyUyMTR2MTU3MTMwMDE1NTcwNSUyMTVtMiUyMTFzdmklMjEycyUyMiUyMHdpZHRoJTNEJTIyNjAwJTIyJTIwaGVpZ2h0JTNEJTIyNDUwJTIyJTIwZnJhbWVib3JkZXIlM0QlMjIwJTIyJTIwc3R5bGUlM0QlMjJib3JkZXIlM0EwJTNCJTIyJTIwYWxsb3dmdWxsc2NyZWVuJTNEJTIyJTIyJTNFJTNDJTJGaWZyYW1lJTNF&#8221; size=&#8221;304px&#8221;][vc_row_inner css=&#8221;.vc_custom_1558678701312{margin-right: -15px !important;margin-left: -15px !important;padding-top: 10px !important;}&#8221; el_class=&#8221;contact-bonus&#8221;][vc_column_inner width=&#8221;1\/3&#8243; css=&#8221;.vc_custom_1558685643970{padding-right: 5px !important;padding-left: 15px !important;}&#8221;][vc_column_text css=&#8221;.vc_custom_1558694846625{margin-bottom: 0px !important;border-bottom-width: 1px !important;padding-bottom: 5px !important;border-bottom-style: dashed !important;}&#8221;]<\/p>\n<div class=\"widget_text\" style=\"text-align: center;\">\n<h4 style=\"text-align: left;\"><strong>C\u00d4NG TY TNHH D\u1ea6U NH\u1edcN T&amp;T VI\u1ec6T NAM<\/strong><\/h4>\n<\/div>\n<p>[\/vc_column_text][vc_column_text css=&#8221;.vc_custom_1558691852002{margin-top: 15px !important;margin-bottom: 15px !important;}&#8221;]<\/p>\n<ul class=\"contact-us\">\n<li style=\"list-style-type: none;\"><span class=\"sp-ic fa fa-home\" style=\"font-size: 16px; position: relative; top: 1px; margin-right: 5px;\">\u00a0<\/span><strong>\u0110\u1ecba ch\u1ec9:<\/strong> 6\/5 T\u00e2n H\u00f2a, T\u00e2n Hi\u1ec7p, H\u00f3c M\u00f4n, TPHCM<\/li>\n<li style=\"list-style-type: none;\"><span class=\"sp-ic fa fa-phone\" style=\"font-size: 16px; position: relative; left: 2px; top: 1px; margin-right: 8px;\">\u00a0<\/span><strong>Phone:<\/strong> <a title=\"028 62512348\" href=\"tel:+842862512348\">028.625.1234.8<\/a><\/li>\n<li style=\"list-style-type: none;\"><span class=\"sp-ic fa fa-fax\" style=\"font-size: 16px; position: relative; top: 1px; margin-right: 4px;\">\u00a0<\/span><strong>Fax:<\/strong> <a title=\"028 62532373\">028.62.53.23.73<\/a><\/li>\n<\/ul>\n<p>[\/vc_column_text][vc_column_text css=&#8221;.vc_custom_1558694469346{margin-bottom: 30px !important;}&#8221;]<div id=\"socials\" class=\"socials-style5\" ><a href=\"#\" title=\"facebook\"><i class=\"fa fa-facebook\"><\/i><\/a><\/div><div id=\"socials\" class=\"socials-style5\" ><a href=\"#\" title=\"youtube\"><i class=\"fa fa-youtube\"><\/i><\/a><\/div>[\/vc_column_text][\/vc_column_inner][vc_column_inner width=&#8221;1\/3&#8243; css=&#8221;.vc_custom_1558693769234{padding-right: 5px !important;padding-left: 15px !important;}&#8221;][vc_column_text css=&#8221;.vc_custom_1762402873723{margin-top: 0px !important;margin-bottom: 10px !important;border-top-width: 1px !important;border-bottom-width: 1px !important;padding-top: 5px !important;padding-bottom: 5px !important;border-top-style: dashed !important;border-bottom-style: dashed !important;}&#8221;]<\/p>\n<div class=\"widget_text\">\n<h4><strong>PH\u00d2NG KINH DOANH :<\/strong><\/h4>\n<\/div>\n<p>[\/vc_column_text][vc_column_text css=&#8221;.vc_custom_1596124920358{margin-bottom: 15px !important;}&#8221;]<\/p>\n<ul class=\"contact-us\">\n<li style=\"list-style-type: none;\"><strong>Mr Qu\u1ed1c<\/strong><\/li>\n<li style=\"list-style-type: none; margin-top: -4px;\"><span class=\"sp-ic fa fa-mobile\" style=\"font-size: 22px; position: relative; left: 2px; top: 4px; margin-right: 8px;\">\u00a0<\/span>Phone : <a title=\"0937.082.853\" href=\"tel:+84937082853\">0937.082.853<\/a><\/li>\n<\/ul>\n<p>[\/vc_column_text][vc_column_text css=&#8221;.vc_custom_1762401932924{margin-bottom: 15px !important;}&#8221;]<\/p>\n<ul class=\"contact-us\">\n<li style=\"list-style-type: none;\"><strong>Mr H\u00f9ng<\/strong><\/li>\n<li style=\"list-style-type: none; margin-top: -4px;\"><span class=\"sp-ic fa fa-mobile\" style=\"font-size: 22px; position: relative; left: 2px; top: 4px; margin-right: 8px;\">\u00a0<\/span>Phone : <a title=\"0937.082.853\" href=\"tel:+84916399615\">0916.399.615<\/a><\/li>\n<\/ul>\n<p>[\/vc_column_text][vc_column_text css=&#8221;.vc_custom_1775271453532{margin-bottom: 15px !important;}&#8221;]<\/p>\n<ul class=\"contact-us\">\n<li style=\"list-style-type: none;\"><strong>Mr Giang<\/strong><\/li>\n<li style=\"list-style-type: none; margin-top: -4px;\"><span class=\"sp-ic fa fa-mobile\" style=\"font-size: 22px; position: relative; left: 2px; top: 4px; margin-right: 8px;\">\u00a0<\/span>Phone : <a title=\"0937.082.853\" href=\"tel:+843977773670\">0909.426.188<\/a><\/li>\n<\/ul>\n<p>[\/vc_column_text][\/vc_column_inner][vc_column_inner width=&#8221;1\/3&#8243;][vc_column_text css=&#8221;.vc_custom_1558694840373{margin-bottom: 15px !important;border-bottom-width: 1px !important;padding-bottom: 5px !important;border-bottom-style: dashed !important;}&#8221;]<\/p>\n<div class=\"widget_text\" style=\"text-align: center;\">\n<h4 style=\"text-align: left;\"><strong>LI\u00caN H\u1ec6 V\u1edaI CH\u00daNG T\u00d4I :<\/strong><\/h4>\n<\/div>\n<p>[\/vc_column_text]\n<div class=\"wpcf7 no-js\" id=\"wpcf7-f8233-o1\" lang=\"en-US\" dir=\"ltr\" data-wpcf7-id=\"8233\">\n<div class=\"screen-reader-response\"><p role=\"status\" aria-live=\"polite\" aria-atomic=\"true\"><\/p> <ul><\/ul><\/div>\n<form action=\"\/vi\/wp-json\/wp\/v2\/pages\/7782#wpcf7-f8233-o1\" method=\"post\" class=\"wpcf7-form init\" aria-label=\"Contact form\" novalidate=\"novalidate\" data-status=\"init\">\n<fieldset class=\"hidden-fields-container\"><input type=\"hidden\" name=\"_wpcf7\" value=\"8233\" \/><input type=\"hidden\" name=\"_wpcf7_version\" value=\"6.1.5\" \/><input type=\"hidden\" name=\"_wpcf7_locale\" value=\"en_US\" \/><input type=\"hidden\" name=\"_wpcf7_unit_tag\" value=\"wpcf7-f8233-o1\" \/><input type=\"hidden\" name=\"_wpcf7_container_post\" value=\"0\" \/><input type=\"hidden\" name=\"_wpcf7_posted_data_hash\" value=\"\" \/><input type=\"hidden\" name=\"_wpcf7cf_hidden_group_fields\" value=\"[]\" \/><input type=\"hidden\" name=\"_wpcf7cf_hidden_groups\" value=\"[]\" \/><input type=\"hidden\" name=\"_wpcf7cf_visible_groups\" value=\"[]\" \/><input type=\"hidden\" name=\"_wpcf7cf_repeaters\" value=\"[]\" \/><input type=\"hidden\" name=\"_wpcf7cf_steps\" value=\"{}\" \/><input type=\"hidden\" name=\"_wpcf7cf_options\" value=\"{&quot;form_id&quot;:8233,&quot;conditions&quot;:[],&quot;settings&quot;:{&quot;animation&quot;:&quot;yes&quot;,&quot;animation_intime&quot;:200,&quot;animation_outtime&quot;:200,&quot;conditions_ui&quot;:&quot;normal&quot;,&quot;notice_dismissed&quot;:false}}\" \/>\n<\/fieldset>\n<p><br \/>\nH\u1ecd T\u00ean:<span><span class=\"wpcf7-form-control-wrap\" data-name=\"your-name\"><input size=\"40\" maxlength=\"400\" class=\"wpcf7-form-control wpcf7-text wpcf7-validates-as-required\" aria-required=\"true\" aria-invalid=\"false\" value=\"\" type=\"text\" name=\"your-name\" \/><\/span><\/span>\n<\/p>\n<p><br \/>\nEmail:<span class=\"wpcf7-form-control-wrap\" data-name=\"your-email\"><input size=\"40\" maxlength=\"400\" class=\"wpcf7-form-control wpcf7-email wpcf7-validates-as-required wpcf7-text wpcf7-validates-as-email\" aria-required=\"true\" aria-invalid=\"false\" value=\"\" type=\"email\" name=\"your-email\" \/><\/span>\n<\/p>\n<p><br \/>\nTi\u00eau \u0110\u1ec1:<span class=\"wpcf7-form-control-wrap\" data-name=\"your-subject\"><input size=\"40\" maxlength=\"400\" class=\"wpcf7-form-control wpcf7-text wpcf7-validates-as-required\" aria-required=\"true\" aria-invalid=\"false\" value=\"\" type=\"text\" name=\"your-subject\" \/><\/span>\n<\/p>\n<p><br \/>\n<span class=\"wpcf7-form-control-wrap\" data-name=\"your-message\"><textarea cols=\"40\" rows=\"10\" maxlength=\"2000\" class=\"wpcf7-form-control wpcf7-textarea\" aria-invalid=\"false\" name=\"your-message\"><\/textarea><\/span>\n<\/p>\n<p class=\"senmail-buttom\"><input class=\"wpcf7-form-control wpcf7-submit has-spinner\" type=\"submit\" value=\"G\u1eecI MAIL\" \/>\n<\/p><div class=\"wpcf7-response-output\" aria-hidden=\"true\"><\/div>\n<\/form>\n<\/div>\n[\/vc_column_inner][\/vc_row_inner][\/vc_column][\/vc_row]<\/p>\n<\/section>","protected":false},"excerpt":{"rendered":"<p>[vc_row css=&#8221;.vc_custom_1437122550533{margin-right: -15px !important;margin-left: -15px !important;}&#8221;][vc_column css=&#8221;.vc_custom_1437122566626{padding-right: 15px !important;padding-left: 15px !important;}&#8221;][vc_gmaps link=&#8221;#E-8_JTNDaWZyYW1lJTIwc3JjJTNEJTIyaHR0cHMlM0ElMkYlMkZ3d3cuZ29vZ2xlLmNvbSUyRm1hcHMlMkZlbWJlZCUzRnBiJTNEJTIxMW0xOCUyMTFtMTIlMjExbTMlMjExZDM5MTcuNzE3NDg5NzU2ODcxJTIxMmQxMDYuNTk4MjEzMDE1MzM0NjglMjEzZDEwLjkwOTA2MTc1OTcxMzIxOCUyMTJtMyUyMTFmMCUyMTJmMCUyMTNmMCUyMTNtMiUyMTFpMTAyNCUyMTJpNzY4JTIxNGYxMy4xJTIxM20zJTIxMW0yJTIxMXMweDMxNzRkNTA0N2Y4NDY3YmQlMjUzQTB4NGM3NTFiOTg0MzUzMzVhOSUyMTJ6UThPVVRrY2dWRmtnVkU1SVNDQkU0YnFtVlNCT1NPRzduRTRnVkNaVUlGWko0YnVHVkNCT1FVMCUyMTVlMCUyMTNtMiUyMTFzdmklMjEycyUyMTR2MTU3MTMwMDE1NTcwNSUyMTVtMiUyMTFzdmklMjEycyUyMiUyMHdpZHRoJTNEJTIyNjAwJTIyJTIwaGVpZ2h0JTNEJTIyNDUwJTIyJTIwZnJhbWVib3JkZXIlM0QlMjIwJTIyJTIwc3R5bGUlM0QlMjJib3JkZXIlM0EwJTNCJTIyJTIwYWxsb3dmdWxsc2NyZWVuJTNEJTIyJTIyJTNFJTNDJTJGaWZyYW1lJTNF&#8221; size=&#8221;304px&#8221;][vc_row_inner css=&#8221;.vc_custom_1558678701312{margin-right: -15px !important;margin-left: -15px !important;padding-top: 10px !important;}&#8221; el_class=&#8221;contact-bonus&#8221;][vc_column_inner width=&#8221;1\/3&#8243; css=&#8221;.vc_custom_1558685643970{padding-right: 5px !important;padding-left: 15px !important;}&#8221;][vc_column_text css=&#8221;.vc_custom_1558694846625{margin-bottom: 0px !important;border-bottom-width: 1px !important;padding-bottom: 5px !important;border-bottom-style: dashed !important;}&#8221;] C\u00d4NG TY TNHH D\u1ea6U &hellip; <a href=\"https:\/\/tatco.vn\/vi\/lien-he\/\">Readmore<\/a><\/p>\n","protected":false},"author":3,"featured_media":0,"parent":0,"menu_order":0,"comment_status":"closed","ping_status":"closed","template":"no-title.php","meta":{"footnotes":""},"class_list":["post-7782","page","type-page","status-publish","hentry"],"yoast_head":"<!-- This site is optimized with the Yoast SEO plugin v27.2 - https:\/\/yoast.com\/product\/yoast-seo-wordpress\/ -->\n<title>Li\u00ean H\u1ec7 - C\u00f4ng Ty TNHH D\u1ea7u Nh\u1eddn T&amp;T Vi\u1ec7t Nam<\/title>\n<meta name=\"robots\" content=\"index, follow, max-snippet:-1, max-image-preview:large, max-video-preview:-1\" \/>\n<link rel=\"canonical\" href=\"https:\/\/tatco.vn\/vi\/lien-he\/\" \/>\n<meta property=\"og:locale\" content=\"vi_VN\" \/>\n<meta property=\"og:type\" content=\"article\" \/>\n<meta property=\"og:title\" content=\"Li\u00ean H\u1ec7 - C\u00f4ng Ty TNHH D\u1ea7u Nh\u1eddn T&amp;T Vi\u1ec7t Nam\" \/>\n<meta property=\"og:description\" content=\"[vc_row css=&#8221;.vc_custom_1437122550533{margin-right: -15px !important;margin-left: -15px !important;}&#8221;][vc_column css=&#8221;.vc_custom_1437122566626{padding-right: 15px !important;padding-left: 15px !important;}&#8221;][vc_gmaps link=&#8221;#E-8_JTNDaWZyYW1lJTIwc3JjJTNEJTIyaHR0cHMlM0ElMkYlMkZ3d3cuZ29vZ2xlLmNvbSUyRm1hcHMlMkZlbWJlZCUzRnBiJTNEJTIxMW0xOCUyMTFtMTIlMjExbTMlMjExZDM5MTcuNzE3NDg5NzU2ODcxJTIxMmQxMDYuNTk4MjEzMDE1MzM0NjglMjEzZDEwLjkwOTA2MTc1OTcxMzIxOCUyMTJtMyUyMTFmMCUyMTJmMCUyMTNmMCUyMTNtMiUyMTFpMTAyNCUyMTJpNzY4JTIxNGYxMy4xJTIxM20zJTIxMW0yJTIxMXMweDMxNzRkNTA0N2Y4NDY3YmQlMjUzQTB4NGM3NTFiOTg0MzUzMzVhOSUyMTJ6UThPVVRrY2dWRmtnVkU1SVNDQkU0YnFtVlNCT1NPRzduRTRnVkNaVUlGWko0YnVHVkNCT1FVMCUyMTVlMCUyMTNtMiUyMTFzdmklMjEycyUyMTR2MTU3MTMwMDE1NTcwNSUyMTVtMiUyMTFzdmklMjEycyUyMiUyMHdpZHRoJTNEJTIyNjAwJTIyJTIwaGVpZ2h0JTNEJTIyNDUwJTIyJTIwZnJhbWVib3JkZXIlM0QlMjIwJTIyJTIwc3R5bGUlM0QlMjJib3JkZXIlM0EwJTNCJTIyJTIwYWxsb3dmdWxsc2NyZWVuJTNEJTIyJTIyJTNFJTNDJTJGaWZyYW1lJTNF&#8221; size=&#8221;304px&#8221;][vc_row_inner css=&#8221;.vc_custom_1558678701312{margin-right: -15px !important;margin-left: -15px !important;padding-top: 10px !important;}&#8221; el_class=&#8221;contact-bonus&#8221;][vc_column_inner width=&#8221;1\/3&#8243; css=&#8221;.vc_custom_1558685643970{padding-right: 5px !important;padding-left: 15px !important;}&#8221;][vc_column_text css=&#8221;.vc_custom_1558694846625{margin-bottom: 0px !important;border-bottom-width: 1px !important;padding-bottom: 5px !important;border-bottom-style: dashed !important;}&#8221;] C\u00d4NG TY TNHH D\u1ea6U &hellip; Readmore\" \/>\n<meta property=\"og:url\" content=\"https:\/\/tatco.vn\/vi\/lien-he\/\" \/>\n<meta property=\"og:site_name\" content=\"C\u00f4ng Ty TNHH D\u1ea7u Nh\u1eddn T&amp;T Vi\u1ec7t Nam\" \/>\n<meta property=\"article:modified_time\" content=\"2026-04-04T02:58:12+00:00\" \/>\n<meta name=\"twitter:card\" content=\"summary_large_image\" \/>\n<meta name=\"twitter:label1\" content=\"\u01af\u1edbc t\u00ednh th\u1eddi gian \u0111\u1ecdc\" \/>\n\t<meta name=\"twitter:data1\" content=\"1 ph\u00fat\" \/>\n<script type=\"application\/ld+json\" class=\"yoast-schema-graph\">{\"@context\":\"https:\/\/schema.org\",\"@graph\":[{\"@type\":\"WebPage\",\"@id\":\"https:\/\/tatco.vn\/vi\/lien-he\/\",\"url\":\"https:\/\/tatco.vn\/vi\/lien-he\/\",\"name\":\"Li\u00ean H\u1ec7 - C\u00f4ng Ty TNHH D\u1ea7u Nh\u1eddn T&amp;T Vi\u1ec7t Nam\",\"isPartOf\":{\"@id\":\"https:\/\/tatco.vn\/en\/#website\"},\"datePublished\":\"2019-02-19T08:22:35+00:00\",\"dateModified\":\"2026-04-04T02:58:12+00:00\",\"breadcrumb\":{\"@id\":\"https:\/\/tatco.vn\/vi\/lien-he\/#breadcrumb\"},\"inLanguage\":\"vi\",\"potentialAction\":[{\"@type\":\"ReadAction\",\"target\":[\"https:\/\/tatco.vn\/vi\/lien-he\/\"]}]},{\"@type\":\"BreadcrumbList\",\"@id\":\"https:\/\/tatco.vn\/vi\/lien-he\/#breadcrumb\",\"itemListElement\":[{\"@type\":\"ListItem\",\"position\":1,\"name\":\"Home\",\"item\":\"https:\/\/tatco.vn\/\"},{\"@type\":\"ListItem\",\"position\":2,\"name\":\"[:vi]Li\u00ean H\u1ec7[:en]Contact[:]\"}]},{\"@type\":\"WebSite\",\"@id\":\"https:\/\/tatco.vn\/en\/#website\",\"url\":\"https:\/\/tatco.vn\/en\/\",\"name\":\"C\u00f4ng Ty TNHH D\u1ea7u Nh\u1eddn T&amp;T Vi\u1ec7t Nam\",\"description\":\"Right Point - Right Time - Best Solution\",\"publisher\":{\"@id\":\"https:\/\/tatco.vn\/en\/#organization\"},\"potentialAction\":[{\"@type\":\"SearchAction\",\"target\":{\"@type\":\"EntryPoint\",\"urlTemplate\":\"https:\/\/tatco.vn\/en\/?s={search_term_string}\"},\"query-input\":{\"@type\":\"PropertyValueSpecification\",\"valueRequired\":true,\"valueName\":\"search_term_string\"}}],\"inLanguage\":\"vi\"},{\"@type\":\"Organization\",\"@id\":\"https:\/\/tatco.vn\/en\/#organization\",\"name\":\"C\u00f4ng Ty TNHH D\u1ea7u Nh\u1eddn T&T Vi\u1ec7t Nam\",\"url\":\"https:\/\/tatco.vn\/en\/\",\"logo\":{\"@type\":\"ImageObject\",\"inLanguage\":\"vi\",\"@id\":\"https:\/\/tatco.vn\/en\/#\/schema\/logo\/image\/\",\"url\":\"https:\/\/tatco.vn\/wp-content\/uploads\/2019\/05\/fav-ico.png\",\"contentUrl\":\"https:\/\/tatco.vn\/wp-content\/uploads\/2019\/05\/fav-ico.png\",\"width\":200,\"height\":200,\"caption\":\"C\u00f4ng Ty TNHH D\u1ea7u Nh\u1eddn T&T Vi\u1ec7t Nam\"},\"image\":{\"@id\":\"https:\/\/tatco.vn\/en\/#\/schema\/logo\/image\/\"}}]}<\/script>\n<!-- \/ Yoast SEO plugin. -->","yoast_head_json":{"title":"Li\u00ean H\u1ec7 - C\u00f4ng Ty TNHH D\u1ea7u Nh\u1eddn T&amp;T Vi\u1ec7t Nam","robots":{"index":"index","follow":"follow","max-snippet":"max-snippet:-1","max-image-preview":"max-image-preview:large","max-video-preview":"max-video-preview:-1"},"canonical":"https:\/\/tatco.vn\/vi\/lien-he\/","og_locale":"vi_VN","og_type":"article","og_title":"Li\u00ean H\u1ec7 - C\u00f4ng Ty TNHH D\u1ea7u Nh\u1eddn T&amp;T Vi\u1ec7t Nam","og_description":"[vc_row css=&#8221;.vc_custom_1437122550533{margin-right: -15px !important;margin-left: -15px !important;}&#8221;][vc_column css=&#8221;.vc_custom_1437122566626{padding-right: 15px !important;padding-left: 15px !important;}&#8221;][vc_gmaps link=&#8221;#E-8_JTNDaWZyYW1lJTIwc3JjJTNEJTIyaHR0cHMlM0ElMkYlMkZ3d3cuZ29vZ2xlLmNvbSUyRm1hcHMlMkZlbWJlZCUzRnBiJTNEJTIxMW0xOCUyMTFtMTIlMjExbTMlMjExZDM5MTcuNzE3NDg5NzU2ODcxJTIxMmQxMDYuNTk4MjEzMDE1MzM0NjglMjEzZDEwLjkwOTA2MTc1OTcxMzIxOCUyMTJtMyUyMTFmMCUyMTJmMCUyMTNmMCUyMTNtMiUyMTFpMTAyNCUyMTJpNzY4JTIxNGYxMy4xJTIxM20zJTIxMW0yJTIxMXMweDMxNzRkNTA0N2Y4NDY3YmQlMjUzQTB4NGM3NTFiOTg0MzUzMzVhOSUyMTJ6UThPVVRrY2dWRmtnVkU1SVNDQkU0YnFtVlNCT1NPRzduRTRnVkNaVUlGWko0YnVHVkNCT1FVMCUyMTVlMCUyMTNtMiUyMTFzdmklMjEycyUyMTR2MTU3MTMwMDE1NTcwNSUyMTVtMiUyMTFzdmklMjEycyUyMiUyMHdpZHRoJTNEJTIyNjAwJTIyJTIwaGVpZ2h0JTNEJTIyNDUwJTIyJTIwZnJhbWVib3JkZXIlM0QlMjIwJTIyJTIwc3R5bGUlM0QlMjJib3JkZXIlM0EwJTNCJTIyJTIwYWxsb3dmdWxsc2NyZWVuJTNEJTIyJTIyJTNFJTNDJTJGaWZyYW1lJTNF&#8221; size=&#8221;304px&#8221;][vc_row_inner css=&#8221;.vc_custom_1558678701312{margin-right: -15px !important;margin-left: -15px !important;padding-top: 10px !important;}&#8221; el_class=&#8221;contact-bonus&#8221;][vc_column_inner width=&#8221;1\/3&#8243; css=&#8221;.vc_custom_1558685643970{padding-right: 5px !important;padding-left: 15px !important;}&#8221;][vc_column_text css=&#8221;.vc_custom_1558694846625{margin-bottom: 0px !important;border-bottom-width: 1px !important;padding-bottom: 5px !important;border-bottom-style: dashed !important;}&#8221;] C\u00d4NG TY TNHH D\u1ea6U &hellip; Readmore","og_url":"https:\/\/tatco.vn\/vi\/lien-he\/","og_site_name":"C\u00f4ng Ty TNHH D\u1ea7u Nh\u1eddn T&amp;T Vi\u1ec7t Nam","article_modified_time":"2026-04-04T02:58:12+00:00","twitter_card":"summary_large_image","twitter_misc":{"\u01af\u1edbc t\u00ednh th\u1eddi gian \u0111\u1ecdc":"1 ph\u00fat"},"schema":{"@context":"https:\/\/schema.org","@graph":[{"@type":"WebPage","@id":"https:\/\/tatco.vn\/vi\/lien-he\/","url":"https:\/\/tatco.vn\/vi\/lien-he\/","name":"Li\u00ean H\u1ec7 - C\u00f4ng Ty TNHH D\u1ea7u Nh\u1eddn T&amp;T Vi\u1ec7t Nam","isPartOf":{"@id":"https:\/\/tatco.vn\/en\/#website"},"datePublished":"2019-02-19T08:22:35+00:00","dateModified":"2026-04-04T02:58:12+00:00","breadcrumb":{"@id":"https:\/\/tatco.vn\/vi\/lien-he\/#breadcrumb"},"inLanguage":"vi","potentialAction":[{"@type":"ReadAction","target":["https:\/\/tatco.vn\/vi\/lien-he\/"]}]},{"@type":"BreadcrumbList","@id":"https:\/\/tatco.vn\/vi\/lien-he\/#breadcrumb","itemListElement":[{"@type":"ListItem","position":1,"name":"Home","item":"https:\/\/tatco.vn\/"},{"@type":"ListItem","position":2,"name":"[:vi]Li\u00ean H\u1ec7[:en]Contact[:]"}]},{"@type":"WebSite","@id":"https:\/\/tatco.vn\/en\/#website","url":"https:\/\/tatco.vn\/en\/","name":"C\u00f4ng Ty TNHH D\u1ea7u Nh\u1eddn T&amp;T Vi\u1ec7t Nam","description":"Right Point - Right Time - Best Solution","publisher":{"@id":"https:\/\/tatco.vn\/en\/#organization"},"potentialAction":[{"@type":"SearchAction","target":{"@type":"EntryPoint","urlTemplate":"https:\/\/tatco.vn\/en\/?s={search_term_string}"},"query-input":{"@type":"PropertyValueSpecification","valueRequired":true,"valueName":"search_term_string"}}],"inLanguage":"vi"},{"@type":"Organization","@id":"https:\/\/tatco.vn\/en\/#organization","name":"C\u00f4ng Ty TNHH D\u1ea7u Nh\u1eddn T&T Vi\u1ec7t Nam","url":"https:\/\/tatco.vn\/en\/","logo":{"@type":"ImageObject","inLanguage":"vi","@id":"https:\/\/tatco.vn\/en\/#\/schema\/logo\/image\/","url":"https:\/\/tatco.vn\/wp-content\/uploads\/2019\/05\/fav-ico.png","contentUrl":"https:\/\/tatco.vn\/wp-content\/uploads\/2019\/05\/fav-ico.png","width":200,"height":200,"caption":"C\u00f4ng Ty TNHH D\u1ea7u Nh\u1eddn T&T Vi\u1ec7t Nam"},"image":{"@id":"https:\/\/tatco.vn\/en\/#\/schema\/logo\/image\/"}}]}},"_links":{"self":[{"href":"https:\/\/tatco.vn\/vi\/wp-json\/wp\/v2\/pages\/7782","targetHints":{"allow":["GET"]}}],"collection":[{"href":"https:\/\/tatco.vn\/vi\/wp-json\/wp\/v2\/pages"}],"about":[{"href":"https:\/\/tatco.vn\/vi\/wp-json\/wp\/v2\/types\/page"}],"author":[{"embeddable":true,"href":"https:\/\/tatco.vn\/vi\/wp-json\/wp\/v2\/users\/3"}],"replies":[{"embeddable":true,"href":"https:\/\/tatco.vn\/vi\/wp-json\/wp\/v2\/comments?post=7782"}],"version-history":[{"count":10,"href":"https:\/\/tatco.vn\/vi\/wp-json\/wp\/v2\/pages\/7782\/revisions"}],"predecessor-version":[{"id":28416,"href":"https:\/\/tatco.vn\/vi\/wp-json\/wp\/v2\/pages\/7782\/revisions\/28416"}],"wp:attachment":[{"href":"https:\/\/tatco.vn\/vi\/wp-json\/wp\/v2\/media?parent=7782"}],"curies":[{"name":"wp","href":"https:\/\/api.w.org\/{rel}","templated":true}]}}