{"id":9344,"date":"2019-06-20T13:59:38","date_gmt":"2019-06-20T06:59:38","guid":{"rendered":"https:\/\/tatco.vn\/vi\/?post_type=product&#038;p=9344"},"modified":"2025-03-29T09:32:43","modified_gmt":"2025-03-29T02:32:43","slug":"mobil-rarus-424","status":"publish","type":"product","link":"https:\/\/tatco.vn\/en\/product\/mobil-rarus-424\/","title":{"rendered":"Mobil Rarus 424"},"content":{"rendered":"<p><\/p>\n<p style=\"text-align: justify;\">The Mobil Rarus\u2122 400 Series is a line of premium performance ashless air compressor lubricants designed to meet the stringent requirements of the major compressor manufacturers. They are formulated with high quality mineral base-oils and a high performance additive system designed to provide exceptional equipment protection and reliability for compressors operating under mild to severe conditions. They provide excellent wear protection and the ability to reduce maintenance costs through minimising equipment problems and downstream deposits and carryover. Because of their high FZG Ratings, the Mobil Rarus 400 Series make outstanding lubricants for compressor systems employing gears and bearings making them an excellent selection for crankcases as well as cylinder lubricants.<\/p>\n<h2>Features and Benefits<\/h2>\n<p style=\"text-align: justify;\">The use of the Mobil Rarus 400 Series oils can result in cleaner compressors and lower deposits compared to conventional mineral oils, resulting in longer running periods between maintenance intervals. Their excellent oxidation and thermal stability safely allow extended life capability while controlling sludge and deposit formation. They possess outstanding anti-wear and corrosion protection, which enhances equipment life and performance.<\/p>\n<p>&nbsp;<\/p>\n<div class=\"table-responsive\">\n<table class=\"table table-striped\">\n<tbody>\n<tr>\n<td>\n<p style=\"text-align: left;\"><strong>Features<\/strong><\/p>\n<\/td>\n<td style=\"text-align: left;\"><strong>Advantages and Potential Benefits<\/strong><\/td>\n<\/tr>\n<tr>\n<td>\n<p style=\"text-align: left;\">Low Ash and Carbon Formation<\/p>\n<\/td>\n<td>\n<p style=\"text-align: left;\">Improved valve performance<\/p>\n<p style=\"text-align: left;\">Reduced deposits in discharge lines<\/p>\n<p style=\"text-align: left;\">Reduced potential for fires and explosions in discharge systems<\/p>\n<p style=\"text-align: left;\">Improved compressor performance<\/p>\n<\/td>\n<\/tr>\n<tr>\n<td>\n<p style=\"text-align: left;\">Outstanding Oxidation and Thermal Stability<\/p>\n<\/td>\n<td>\n<p style=\"text-align: left;\">Longer oil life<\/p>\n<p style=\"text-align: left;\">Improved filter life<\/p>\n<p style=\"text-align: left;\">Lower maintenance costs<\/p>\n<\/td>\n<\/tr>\n<tr>\n<td>\n<p style=\"text-align: left;\">High Load-carrying ability<\/p>\n<\/td>\n<td>\n<p style=\"text-align: left;\">Reduced wear of rings, cylinders, bearings and gears<\/p>\n<\/td>\n<\/tr>\n<tr>\n<td>\n<p style=\"text-align: left;\">Excellent Water Separability<\/p>\n<\/td>\n<td>\n<p style=\"text-align: left;\">Less carryover to downstream equipment<\/p>\n<p style=\"text-align: left;\">Reduced sludge formation in crankcases and discharge lines<\/p>\n<p style=\"text-align: left;\">Reduced blockage of coalescers<\/p>\n<p style=\"text-align: left;\">Less potential for emulsion formation<\/p>\n<\/td>\n<\/tr>\n<tr>\n<td style=\"text-align: left;\">Effective Rust and Corrosion Protection<\/td>\n<td>Improved protection of valves and reduced wear of rings and cylinders<\/td>\n<\/tr>\n<\/tbody>\n<\/table>\n<\/div>\n<p>&nbsp;<\/p>\n<h2>Applications<\/h2>\n<p style=\"text-align: justify;\">The Mobil Rarus 400 Series oils are recommended for single and multistage air compressors. They are particularly effective for continuous high temperature operation. The maximum compressed air temperature, according to DIN 51506, is 220 \u00b0C. They are suitable for reciprocating and rotary type machines with the lower viscosity grades mainly used in rotary compressors. Rarus 400 Series oils are recommended for units with a history of excess oil degradation, poor valve performance or deposit formation. They are compatible with all metals used in compressor construction and with mineral-oil compatible elastomers used in seals, O-rings and gaskets.<\/p>\n<p>&nbsp;<\/p>\n<p>Mobil Rarus 400 Series oils are not intended or recommended for use in air compressors for breathing applications.<\/p>\n<p>&nbsp;<\/p>\n<p>The following types of compressors have shown excellent performance with the Mobil Rarus 400 Series oils:<\/p>\n<p>\u2022\u00a0 Reciprocating air compressor crankcases and cylinders<\/p>\n<p>\u2022\u00a0 Rotary screw compressors<\/p>\n<p>\u2022\u00a0 Rotary vane compressors<\/p>\n<p>\u2022\u00a0 Axial and centrifugal compressors<\/p>\n<p>\u2022\u00a0 Compressor systems with critical gears and bearings<\/p>\n<p>\u2022\u00a0 Compressors used in stationary and mobile applications<\/p>\n<p>&nbsp;<\/p>\n<h2>Specifications and Approvals<\/h2>\n<div class=\"table-responsive\">\n<table class=\"table table-striped\">\n<tbody>\n<tr>\n<td>\n<p style=\"text-align: left;\"><strong>This product meets or exceeds the requirements of:<\/strong><\/p>\n<\/td>\n<td><strong>424<\/strong><\/td>\n<td><strong>425<\/strong><\/td>\n<td><strong>426<\/strong><\/td>\n<td><strong>427<\/strong><\/td>\n<td><strong>429<\/strong><\/td>\n<\/tr>\n<tr>\n<td>\n<p style=\"text-align: left;\">DIN 51506:1985-09 VDL<\/p>\n<\/td>\n<td>X<\/td>\n<td>X<\/td>\n<td>X<\/td>\n<td>X<\/td>\n<td>X<\/td>\n<\/tr>\n<\/tbody>\n<\/table>\n<\/div>\n<p>&nbsp;<\/p>\n<h2>Properties and Specifications<\/h2>\n<div class=\"table-responsive\">\n<table class=\"table table-striped\">\n<tbody>\n<tr>\n<td>\n<p style=\"text-align: left;\"><strong>Property<\/strong><\/p>\n<\/td>\n<td><strong>424<\/strong><\/td>\n<td><strong>425<\/strong><\/td>\n<td><strong>426<\/strong><\/td>\n<td><strong>427<\/strong><\/td>\n<td><strong>429<\/strong><\/td>\n<\/tr>\n<tr>\n<td>\n<p style=\"text-align: left;\">Grade<\/p>\n<\/td>\n<td>ISO 32<\/td>\n<td>ISO 46<\/td>\n<td>ISO 68<\/td>\n<td>ISO 100<\/td>\n<td>ISO 150<\/td>\n<\/tr>\n<tr>\n<td>\n<p style=\"text-align: left;\">Ash, Sulfated, mass%, ASTM D874<\/p>\n<\/td>\n<td>\u20390.01<\/td>\n<td>&lt;0.01<\/td>\n<td>&lt;0.01<\/td>\n<td>&lt;0.01<\/td>\n<td>&lt;0.01<\/td>\n<\/tr>\n<tr>\n<td>\n<p style=\"text-align: left;\">Copper Strip Corrosion, 3 h, 100 C, Rating, ASTM D130<\/p>\n<\/td>\n<td>1B<\/td>\n<td>1B<\/td>\n<td>1A<\/td>\n<td>1B<\/td>\n<td>1A<\/td>\n<\/tr>\n<tr>\n<td>\n<p style=\"text-align: left;\">Density @ 15 C, kg\/l, ASTM D1298<\/p>\n<\/td>\n<td>0.866<\/td>\n<td>0.873<\/td>\n<td>0.877<\/td>\n<td>0.879<\/td>\n<td>0.866<\/td>\n<\/tr>\n<tr>\n<td>\n<p style=\"text-align: left;\">FZG Scuffing, Fail Load Stage, A\/8.3\/90, ISO 14635-1<\/p>\n<\/td>\n<td>12<\/td>\n<td>11<\/td>\n<td>12<\/td>\n<td>11<\/td>\n<td>11<\/td>\n<\/tr>\n<tr>\n<td>\n<p style=\"text-align: left;\">Flash Point, Cleveland Open Cup, \u00b0C, ASTM D92<\/p>\n<\/td>\n<td>236<\/td>\n<td>238<\/td>\n<td>251<\/td>\n<td>264<\/td>\n<td>269<\/td>\n<\/tr>\n<tr>\n<td>\n<p style=\"text-align: left;\">Foam, Sequence I, Stability, ml, ASTM D892<\/p>\n<\/td>\n<td>0<\/td>\n<td>0<\/td>\n<td>0<\/td>\n<td>0<\/td>\n<td>20<\/td>\n<\/tr>\n<tr>\n<td>\n<p style=\"text-align: left;\">Foam, Sequence I, Tendency, ml, ASTM D892<\/p>\n<\/td>\n<td>10<\/td>\n<td>20<\/td>\n<td>0<\/td>\n<td>30<\/td>\n<td>430<\/td>\n<\/tr>\n<tr>\n<td>\n<p style=\"text-align: left;\">Kinematic Viscosity @ 100 C, mm2\/s, ASTM D445<\/p>\n<\/td>\n<td>5.4<\/td>\n<td>6.9<\/td>\n<td>8.9<\/td>\n<td>11.6<\/td>\n<td>14.7<\/td>\n<\/tr>\n<tr>\n<td>\n<p style=\"text-align: left;\">Kinematic Viscosity @ 40 C, mm2\/s, ASTM D445<\/p>\n<\/td>\n<td>32<\/td>\n<td>46<\/td>\n<td>68<\/td>\n<td>104.6<\/td>\n<td>147.3<\/td>\n<\/tr>\n<tr>\n<td>\n<p style=\"text-align: left;\">Rust Characteristics, Procedure A, ASTM D665<\/p>\n<\/td>\n<td><\/td>\n<td><\/td>\n<td>PASS<\/td>\n<td>PASS<\/td>\n<td>PASS<\/td>\n<\/tr>\n<tr>\n<td>\n<p style=\"text-align: left;\">Rust Characteristics, Procedure B, Rating, ASTM D665<\/p>\n<\/td>\n<td>PASS<\/td>\n<td>PASS<\/td>\n<td>PASS<\/td>\n<td><\/td>\n<td><\/td>\n<\/tr>\n<tr>\n<td>\n<p style=\"text-align: left;\">Rust Prevention, Procedure B, Rating, ASTM D665<\/p>\n<\/td>\n<td><\/td>\n<td><\/td>\n<td><\/td>\n<td>PASS<\/td>\n<td>PASS<\/td>\n<\/tr>\n<tr>\n<td>\n<p style=\"text-align: left;\">Viscosity Index, ASTM D2270<\/p>\n<\/td>\n<td>105<\/td>\n<td>105<\/td>\n<td>105<\/td>\n<td>100<\/td>\n<td>100<\/td>\n<\/tr>\n<\/tbody>\n<\/table>\n<p>&nbsp;<\/p>\n<\/div>\n<p><\/p>","protected":false},"excerpt":{"rendered":"<p>The Mobil Rarus\u2122 400 Series is a line of premium performance ashless air compressor lubricants designed to meet the stringent requirements of the major compressor manufacturers.<\/p>\n","protected":false},"featured_media":26930,"comment_status":"open","ping_status":"closed","template":"","meta":[],"product_cat":[374,371,361,611],"product_tag":[690,612],"class_list":{"0":"post-9344","1":"product","2":"type-product","3":"status-publish","4":"has-post-thumbnail","6":"product_brand-mobil","7":"product_cat-mobil-industrial-oil","8":"product_cat-mobil-compressor-oil","9":"product_cat-mobil-oil","10":"product_cat-mobil-rarus-400-series","11":"product_tag-mobil-rarus-400-series","12":"product_tag-mobil-rarus-424","14":"first","15":"instock","16":"shipping-taxable","17":"purchasable","18":"product-type-simple"},"yoast_head":"<!-- This site is optimized with the Yoast SEO plugin v27.2 - https:\/\/yoast.com\/product\/yoast-seo-wordpress\/ -->\n<title>Mobil Rarus 424 - T&amp;T Viet Nam Lubricants Co.,LTD<\/title>\n<meta name=\"description\" content=\"Mobil Rarus \u2122 424\u00a0l\u00e0 d\u00f2ng d\u1ea7u b\u00f4i tr\u01a1n d\u00e0nh cho m\u00e1y n\u00e9n kh\u00ed kh\u00f4ng tro cao c\u1ea5p ho\u1ea1t \u0111\u1ed9ng trong \u0111i\u1ec1u ki\u1ec7n kh\u1eafc nghi\u1ec7t. \u0110\u1eb7c t\u00ednh: Gi\u1ea3m t\u1ea1o Cacbon v\u00e0 tro b\u1ee5i ...\" \/>\n<meta name=\"robots\" content=\"index, follow, max-snippet:-1, max-image-preview:large, max-video-preview:-1\" \/>\n<link rel=\"canonical\" href=\"https:\/\/tatco.vn\/vi\/san-pham\/mobil-rarus-424\/\" \/>\n<meta property=\"og:locale\" content=\"en_US\" \/>\n<meta property=\"og:type\" content=\"article\" \/>\n<meta property=\"og:title\" content=\"Mobil Rarus 424 - T&amp;T Viet Nam Lubricants Co.,LTD\" \/>\n<meta property=\"og:description\" content=\"Mobil Rarus \u2122 424\u00a0l\u00e0 d\u00f2ng d\u1ea7u b\u00f4i tr\u01a1n d\u00e0nh cho m\u00e1y n\u00e9n kh\u00ed kh\u00f4ng tro cao c\u1ea5p ho\u1ea1t \u0111\u1ed9ng trong \u0111i\u1ec1u ki\u1ec7n kh\u1eafc nghi\u1ec7t. \u0110\u1eb7c t\u00ednh: Gi\u1ea3m t\u1ea1o Cacbon v\u00e0 tro b\u1ee5i ...\" \/>\n<meta property=\"og:url\" content=\"https:\/\/tatco.vn\/vi\/san-pham\/mobil-rarus-424\/\" \/>\n<meta property=\"og:site_name\" content=\"T&amp;T Viet Nam Lubricants Co.,LTD\" \/>\n<meta property=\"article:modified_time\" content=\"2025-03-29T02:32:43+00:00\" \/>\n<meta property=\"og:image\" content=\"https:\/\/tatco.vn\/wp-content\/uploads\/2019\/06\/dau-nhot-mobil-mobil-oil.png\" \/>\n\t<meta property=\"og:image:width\" content=\"1200\" \/>\n\t<meta property=\"og:image:height\" content=\"1200\" \/>\n\t<meta property=\"og:image:type\" content=\"image\/png\" \/>\n<meta name=\"twitter:card\" content=\"summary_large_image\" \/>\n<meta name=\"twitter:label1\" content=\"Est. reading time\" \/>\n\t<meta name=\"twitter:data1\" content=\"8 minutes\" \/>\n<script type=\"application\/ld+json\" class=\"yoast-schema-graph\">{\"@context\":\"https:\/\/schema.org\",\"@graph\":[{\"@type\":\"WebPage\",\"@id\":\"https:\/\/tatco.vn\/vi\/san-pham\/mobil-rarus-424\/\",\"url\":\"https:\/\/tatco.vn\/vi\/san-pham\/mobil-rarus-424\/\",\"name\":\"Mobil Rarus 424 - T&amp;T Viet Nam Lubricants Co.,LTD\",\"isPartOf\":{\"@id\":\"https:\/\/tatco.vn\/en\/#website\"},\"primaryImageOfPage\":{\"@id\":\"https:\/\/tatco.vn\/vi\/san-pham\/mobil-rarus-424\/#primaryimage\"},\"image\":{\"@id\":\"https:\/\/tatco.vn\/vi\/san-pham\/mobil-rarus-424\/#primaryimage\"},\"thumbnailUrl\":\"https:\/\/tatco.vn\/wp-content\/uploads\/2019\/06\/dau-nhot-mobil-mobil-oil.png\",\"datePublished\":\"2019-06-20T06:59:38+00:00\",\"dateModified\":\"2025-03-29T02:32:43+00:00\",\"description\":\"Mobil Rarus \u2122 424\u00a0l\u00e0 d\u00f2ng d\u1ea7u b\u00f4i tr\u01a1n d\u00e0nh cho m\u00e1y n\u00e9n kh\u00ed kh\u00f4ng tro cao c\u1ea5p ho\u1ea1t \u0111\u1ed9ng trong \u0111i\u1ec1u ki\u1ec7n kh\u1eafc nghi\u1ec7t. \u0110\u1eb7c t\u00ednh: Gi\u1ea3m t\u1ea1o Cacbon v\u00e0 tro b\u1ee5i ...\",\"breadcrumb\":{\"@id\":\"https:\/\/tatco.vn\/vi\/san-pham\/mobil-rarus-424\/#breadcrumb\"},\"inLanguage\":\"en-US\",\"potentialAction\":[{\"@type\":\"ReadAction\",\"target\":[\"https:\/\/tatco.vn\/vi\/san-pham\/mobil-rarus-424\/\"]}]},{\"@type\":\"ImageObject\",\"inLanguage\":\"en-US\",\"@id\":\"https:\/\/tatco.vn\/vi\/san-pham\/mobil-rarus-424\/#primaryimage\",\"url\":\"https:\/\/tatco.vn\/wp-content\/uploads\/2019\/06\/dau-nhot-mobil-mobil-oil.png\",\"contentUrl\":\"https:\/\/tatco.vn\/wp-content\/uploads\/2019\/06\/dau-nhot-mobil-mobil-oil.png\",\"width\":1200,\"height\":1200,\"caption\":\"dau nhot mobil mobil oil Mobil SHC 625\"},{\"@type\":\"BreadcrumbList\",\"@id\":\"https:\/\/tatco.vn\/vi\/san-pham\/mobil-rarus-424\/#breadcrumb\",\"itemListElement\":[{\"@type\":\"ListItem\",\"position\":1,\"name\":\"Home\",\"item\":\"https:\/\/tatco.vn\/\"},{\"@type\":\"ListItem\",\"position\":2,\"name\":\"C\u1eeda h\u00e0ng\",\"item\":\"https:\/\/tatco.vn\/en\/mua\/\"},{\"@type\":\"ListItem\",\"position\":3,\"name\":\"Mobil Rarus 424\"}]},{\"@type\":\"WebSite\",\"@id\":\"https:\/\/tatco.vn\/en\/#website\",\"url\":\"https:\/\/tatco.vn\/en\/\",\"name\":\"T&amp;T Viet Nam Lubricants Co.,LTD\",\"description\":\"Right Point - Right Time - Best Solution\",\"publisher\":{\"@id\":\"https:\/\/tatco.vn\/en\/#organization\"},\"potentialAction\":[{\"@type\":\"SearchAction\",\"target\":{\"@type\":\"EntryPoint\",\"urlTemplate\":\"https:\/\/tatco.vn\/en\/?s={search_term_string}\"},\"query-input\":{\"@type\":\"PropertyValueSpecification\",\"valueRequired\":true,\"valueName\":\"search_term_string\"}}],\"inLanguage\":\"en-US\"},{\"@type\":\"Organization\",\"@id\":\"https:\/\/tatco.vn\/en\/#organization\",\"name\":\"C\u00f4ng Ty TNHH D\u1ea7u Nh\u1eddn T&T Vi\u1ec7t Nam\",\"url\":\"https:\/\/tatco.vn\/en\/\",\"logo\":{\"@type\":\"ImageObject\",\"inLanguage\":\"en-US\",\"@id\":\"https:\/\/tatco.vn\/en\/#\/schema\/logo\/image\/\",\"url\":\"https:\/\/tatco.vn\/wp-content\/uploads\/2019\/05\/fav-ico.png\",\"contentUrl\":\"https:\/\/tatco.vn\/wp-content\/uploads\/2019\/05\/fav-ico.png\",\"width\":200,\"height\":200,\"caption\":\"C\u00f4ng Ty TNHH D\u1ea7u Nh\u1eddn T&T Vi\u1ec7t Nam\"},\"image\":{\"@id\":\"https:\/\/tatco.vn\/en\/#\/schema\/logo\/image\/\"}}]}<\/script>\n<!-- \/ Yoast SEO plugin. -->","yoast_head_json":{"title":"Mobil Rarus 424 - T&amp;T Viet Nam Lubricants Co.,LTD","description":"Mobil Rarus \u2122 424\u00a0l\u00e0 d\u00f2ng d\u1ea7u b\u00f4i tr\u01a1n d\u00e0nh cho m\u00e1y n\u00e9n kh\u00ed kh\u00f4ng tro cao c\u1ea5p ho\u1ea1t \u0111\u1ed9ng trong \u0111i\u1ec1u ki\u1ec7n kh\u1eafc nghi\u1ec7t. \u0110\u1eb7c t\u00ednh: Gi\u1ea3m t\u1ea1o Cacbon v\u00e0 tro b\u1ee5i ...","robots":{"index":"index","follow":"follow","max-snippet":"max-snippet:-1","max-image-preview":"max-image-preview:large","max-video-preview":"max-video-preview:-1"},"canonical":"https:\/\/tatco.vn\/vi\/san-pham\/mobil-rarus-424\/","og_locale":"en_US","og_type":"article","og_title":"Mobil Rarus 424 - T&amp;T Viet Nam Lubricants Co.,LTD","og_description":"Mobil Rarus \u2122 424\u00a0l\u00e0 d\u00f2ng d\u1ea7u b\u00f4i tr\u01a1n d\u00e0nh cho m\u00e1y n\u00e9n kh\u00ed kh\u00f4ng tro cao c\u1ea5p ho\u1ea1t \u0111\u1ed9ng trong \u0111i\u1ec1u ki\u1ec7n kh\u1eafc nghi\u1ec7t. \u0110\u1eb7c t\u00ednh: Gi\u1ea3m t\u1ea1o Cacbon v\u00e0 tro b\u1ee5i ...","og_url":"https:\/\/tatco.vn\/vi\/san-pham\/mobil-rarus-424\/","og_site_name":"T&amp;T Viet Nam Lubricants Co.,LTD","article_modified_time":"2025-03-29T02:32:43+00:00","og_image":[{"width":1200,"height":1200,"url":"https:\/\/tatco.vn\/wp-content\/uploads\/2019\/06\/dau-nhot-mobil-mobil-oil.png","type":"image\/png"}],"twitter_card":"summary_large_image","twitter_misc":{"Est. reading time":"8 minutes"},"schema":{"@context":"https:\/\/schema.org","@graph":[{"@type":"WebPage","@id":"https:\/\/tatco.vn\/vi\/san-pham\/mobil-rarus-424\/","url":"https:\/\/tatco.vn\/vi\/san-pham\/mobil-rarus-424\/","name":"Mobil Rarus 424 - T&amp;T Viet Nam Lubricants Co.,LTD","isPartOf":{"@id":"https:\/\/tatco.vn\/en\/#website"},"primaryImageOfPage":{"@id":"https:\/\/tatco.vn\/vi\/san-pham\/mobil-rarus-424\/#primaryimage"},"image":{"@id":"https:\/\/tatco.vn\/vi\/san-pham\/mobil-rarus-424\/#primaryimage"},"thumbnailUrl":"https:\/\/tatco.vn\/wp-content\/uploads\/2019\/06\/dau-nhot-mobil-mobil-oil.png","datePublished":"2019-06-20T06:59:38+00:00","dateModified":"2025-03-29T02:32:43+00:00","description":"Mobil Rarus \u2122 424\u00a0l\u00e0 d\u00f2ng d\u1ea7u b\u00f4i tr\u01a1n d\u00e0nh cho m\u00e1y n\u00e9n kh\u00ed kh\u00f4ng tro cao c\u1ea5p ho\u1ea1t \u0111\u1ed9ng trong \u0111i\u1ec1u ki\u1ec7n kh\u1eafc nghi\u1ec7t. \u0110\u1eb7c t\u00ednh: Gi\u1ea3m t\u1ea1o Cacbon v\u00e0 tro b\u1ee5i ...","breadcrumb":{"@id":"https:\/\/tatco.vn\/vi\/san-pham\/mobil-rarus-424\/#breadcrumb"},"inLanguage":"en-US","potentialAction":[{"@type":"ReadAction","target":["https:\/\/tatco.vn\/vi\/san-pham\/mobil-rarus-424\/"]}]},{"@type":"ImageObject","inLanguage":"en-US","@id":"https:\/\/tatco.vn\/vi\/san-pham\/mobil-rarus-424\/#primaryimage","url":"https:\/\/tatco.vn\/wp-content\/uploads\/2019\/06\/dau-nhot-mobil-mobil-oil.png","contentUrl":"https:\/\/tatco.vn\/wp-content\/uploads\/2019\/06\/dau-nhot-mobil-mobil-oil.png","width":1200,"height":1200,"caption":"dau nhot mobil mobil oil Mobil SHC 625"},{"@type":"BreadcrumbList","@id":"https:\/\/tatco.vn\/vi\/san-pham\/mobil-rarus-424\/#breadcrumb","itemListElement":[{"@type":"ListItem","position":1,"name":"Home","item":"https:\/\/tatco.vn\/"},{"@type":"ListItem","position":2,"name":"C\u1eeda h\u00e0ng","item":"https:\/\/tatco.vn\/en\/mua\/"},{"@type":"ListItem","position":3,"name":"Mobil Rarus 424"}]},{"@type":"WebSite","@id":"https:\/\/tatco.vn\/en\/#website","url":"https:\/\/tatco.vn\/en\/","name":"T&amp;T Viet Nam Lubricants Co.,LTD","description":"Right Point - Right Time - Best Solution","publisher":{"@id":"https:\/\/tatco.vn\/en\/#organization"},"potentialAction":[{"@type":"SearchAction","target":{"@type":"EntryPoint","urlTemplate":"https:\/\/tatco.vn\/en\/?s={search_term_string}"},"query-input":{"@type":"PropertyValueSpecification","valueRequired":true,"valueName":"search_term_string"}}],"inLanguage":"en-US"},{"@type":"Organization","@id":"https:\/\/tatco.vn\/en\/#organization","name":"C\u00f4ng Ty TNHH D\u1ea7u Nh\u1eddn T&T Vi\u1ec7t Nam","url":"https:\/\/tatco.vn\/en\/","logo":{"@type":"ImageObject","inLanguage":"en-US","@id":"https:\/\/tatco.vn\/en\/#\/schema\/logo\/image\/","url":"https:\/\/tatco.vn\/wp-content\/uploads\/2019\/05\/fav-ico.png","contentUrl":"https:\/\/tatco.vn\/wp-content\/uploads\/2019\/05\/fav-ico.png","width":200,"height":200,"caption":"C\u00f4ng Ty TNHH D\u1ea7u Nh\u1eddn T&T Vi\u1ec7t Nam"},"image":{"@id":"https:\/\/tatco.vn\/en\/#\/schema\/logo\/image\/"}}]}},"_links":{"self":[{"href":"https:\/\/tatco.vn\/en\/wp-json\/wp\/v2\/product\/9344","targetHints":{"allow":["GET"]}}],"collection":[{"href":"https:\/\/tatco.vn\/en\/wp-json\/wp\/v2\/product"}],"about":[{"href":"https:\/\/tatco.vn\/en\/wp-json\/wp\/v2\/types\/product"}],"replies":[{"embeddable":true,"href":"https:\/\/tatco.vn\/en\/wp-json\/wp\/v2\/comments?post=9344"}],"version-history":[{"count":0,"href":"https:\/\/tatco.vn\/en\/wp-json\/wp\/v2\/product\/9344\/revisions"}],"wp:featuredmedia":[{"embeddable":true,"href":"https:\/\/tatco.vn\/en\/wp-json\/wp\/v2\/media\/26930"}],"wp:attachment":[{"href":"https:\/\/tatco.vn\/en\/wp-json\/wp\/v2\/media?parent=9344"}],"wp:term":[{"taxonomy":"product_cat","embeddable":true,"href":"https:\/\/tatco.vn\/en\/wp-json\/wp\/v2\/product_cat?post=9344"},{"taxonomy":"product_tag","embeddable":true,"href":"https:\/\/tatco.vn\/en\/wp-json\/wp\/v2\/product_tag?post=9344"}],"curies":[{"name":"wp","href":"https:\/\/api.w.org\/{rel}","templated":true}]}}