{"id":9341,"date":"2019-06-20T13:51:53","date_gmt":"2019-06-20T06:51:53","guid":{"rendered":"https:\/\/tatco.vn\/vi\/?post_type=product&#038;p=9341"},"modified":"2022-11-26T19:47:24","modified_gmt":"2022-11-26T12:47:24","slug":"mobil-rarus-shc-1026","status":"publish","type":"product","link":"https:\/\/tatco.vn\/en\/product\/mobil-rarus-shc-1026\/","title":{"rendered":"Mobil Rarus SHC 1026"},"content":{"rendered":"<p><\/p>\n<p style=\"text-align: justify;\">The Mobil Rarus SHC\u2122 1020 Series is a line of supreme performance oils primarily intended for the lubrication of severe duty rotary screw and vane air compressors. They are particularly suited for severe service where mineral oil-based products are not meeting expectations such as in severe applications subjected to high final compression temperatures or where extended oil drain intervals are desired. They are formulated with design-specific wax-free synthetic hydrocarbon fluids and a high technology additive system that assures exceptional resistance to oxidation and thermal degradation far superior to mineral oil-based air compressor oils. They provide outstanding equipment protection and reliability for compressors operating under conditions where other air compressor oils are not meeting expectations. Mobil Rarus SHC 1020 Series provide excellent wear protection and outstanding resistance to oxidation and thermal degradation, greatly superior to mineral oils. Their unique formulation provides the ability to reduce maintenance costs through minimising equipment problems and downstream deposits and carryover. Their high viscosity index ensures effective lubrication at high temperatures.<\/p>\n<p>&nbsp;<\/p>\n<p style=\"text-align: justify;\">Mobil Rarus SHC 1020 Series lubricants significantly reduce the potential for fires and explosions when compared to mineral oil-based products. They exhibit a virtual absence of deposit formation and high autogeneous ignition temperatures improving both performance and safety. Their exceptional water separating characteristics reduce problems with emulsion formation coalescers and filters reducing the need for frequent maintenance.<\/p>\n<h2>Features and Benefits<\/h2>\n<p style=\"text-align: justify;\">The use of the Mobil Rarus SHC 1020 Series oils can result in cleaner compressors and lower deposits compared to conventional mineral oils, resulting in longer running periods between maintenance intervals. Their excellent oxidation and thermal stability safely allow extended life capability while controlling sludge and deposit formation. They possess outstanding anti-wear and corrosion protection, which enhances equipment life and performance.<\/p>\n<p>&nbsp;<\/p>\n<div class=\"table-responsive\">\n<table class=\"table table-striped\">\n<tbody>\n<tr>\n<td style=\"text-align: left;\"><strong>Features<\/strong><\/td>\n<td style=\"text-align: left;\"><strong>Advantages and Potential Benefits<\/strong><\/td>\n<\/tr>\n<tr>\n<td style=\"text-align: left;\">High Performance Synthetic Base Stocks<\/td>\n<td>\n<p style=\"text-align: left;\">Wide temperature range capability<\/p>\n<p style=\"text-align: left;\">Significant performance capabilities relative to mineral oils<\/p>\n<p style=\"text-align: left;\">Improved safety<\/p>\n<p style=\"text-align: left;\">Extended service life<\/p>\n<\/td>\n<\/tr>\n<tr>\n<td style=\"text-align: left;\">Outstanding Oxidation and Thermal Stability<\/td>\n<td>\n<p style=\"text-align: left;\">Reduced coking deposits<\/p>\n<p style=\"text-align: left;\">Longer oil life<\/p>\n<p style=\"text-align: left;\">Improved filter life<\/p>\n<p style=\"text-align: left;\">Lower maintenance costs<\/p>\n<\/td>\n<\/tr>\n<tr>\n<td style=\"text-align: left;\">High Load-carrying ability<\/td>\n<td style=\"text-align: left;\">Reduced wear of bearings and gears<\/td>\n<\/tr>\n<tr>\n<td style=\"text-align: left;\">Excellent Water Separability<\/td>\n<td>\n<p style=\"text-align: left;\">Less carryover to downstream equipment<\/p>\n<p style=\"text-align: left;\">Reduced sludge formation in crankcases and discharge lines<\/p>\n<p style=\"text-align: left;\">Reduced blockage of coalescers, inter- and after-coolers<\/p>\n<p style=\"text-align: left;\">Less potential for emulsion formation<\/p>\n<\/td>\n<\/tr>\n<tr>\n<td style=\"text-align: left;\">Effective Rust and Corrosion Protection<\/td>\n<td style=\"text-align: left;\">Improved protection of internal compressor components<\/td>\n<\/tr>\n<\/tbody>\n<\/table>\n<\/div>\n<p>&nbsp;<\/p>\n<h2>Applications<\/h2>\n<p style=\"text-align: justify;\">The Mobil Rarus SHC 1020 Series oils are primarily intended for rotary screw and vane compressors. They are particularly effective for continuous high temperature operation with discharge temperatures up to 200\u00ba C. Rarus SHC 1020 Series oils are recommended for units with a history of excess oil degradation, poor valve performance or deposit formation. They are compatible with all metals used in compressor construction and with conventional mineral oil-based air compressor oils but admixture with other oils may detract from the total performance capability.<\/p>\n<p style=\"text-align: justify;\">Mobil Rarus SHC 1020 Series oils are not recommended for air compressors used in breathing air applications and should not be used in compressors where the discharge temperature is higher than the product flash point.<\/p>\n<p>&nbsp;<\/p>\n<p>The following types of compressor applications have shown excellent performance with the Mobil Rarus SHC 1020 Series oils:<\/p>\n<p>\u2022\u00a0 Primarily recommended for rotary screw and vane air compressor<\/p>\n<p>\u2022\u00a0 Very effective in screw type compressors with oil injection cooling<\/p>\n<p>\u2022\u00a0 Units operating under severe conditions<\/p>\n<p>\u2022\u00a0 Multistage units with a history of excessive oil degradation from mineral oil-based products<\/p>\n<p>\u2022\u00a0 Compressor systems with critical gears and bearings<\/p>\n<p>\u2022\u00a0 Compressors used in stationary and mobile applications<\/p>\n<p>&nbsp;<\/p>\n<h2>Properties and Specifications<\/h2>\n<div class=\"table-responsive\">\n<table class=\"table table-striped\">\n<tbody>\n<tr>\n<td style=\"text-align: left;\"><strong>Property<\/strong><\/td>\n<td><strong>MOBIL RARUS SHC 1024<\/strong><\/td>\n<td><strong>MOBIL RARUS SHC 1025<\/strong><\/td>\n<td><strong>MOBIL RARUS SHC 1026<\/strong><\/td>\n<\/tr>\n<tr>\n<td style=\"text-align: left;\">Grade<\/td>\n<td>ISO 32<\/td>\n<td>ISO 46<\/td>\n<td>ISO 68<\/td>\n<\/tr>\n<tr>\n<td style=\"text-align: left;\">Copper Strip Corrosion, 24 h, 100 C, Rating, ASTM D130<\/td>\n<td>1B<\/td>\n<td>2A<\/td>\n<td>1B<\/td>\n<\/tr>\n<tr>\n<td style=\"text-align: left;\">Flash Point, Cleveland Open Cup, \u00b0C, ASTM D92<\/td>\n<td>245<\/td>\n<td>246<\/td>\n<td>246<\/td>\n<\/tr>\n<tr>\n<td style=\"text-align: left;\">Kinematic Viscosity @ 100 C, mm2\/s, ASTM D445<\/td>\n<td>5.7<\/td>\n<td>7.2<\/td>\n<td>10.1<\/td>\n<\/tr>\n<tr>\n<td style=\"text-align: left;\">Kinematic Viscosity @ 40 C, mm2\/s, ASTM D445<\/td>\n<td>31.5<\/td>\n<td>44<\/td>\n<td>66.6<\/td>\n<\/tr>\n<tr>\n<td style=\"text-align: left;\">Pour Point, \u00b0C, ASTM D97<\/td>\n<td>-48<\/td>\n<td>-45<\/td>\n<td>-45<\/td>\n<\/tr>\n<tr>\n<td style=\"text-align: left;\">Rust Characteristics, Procedure A, ASTM D665<\/td>\n<td>PASS<\/td>\n<td>PASS<\/td>\n<td>PASS<\/td>\n<\/tr>\n<tr>\n<td style=\"text-align: left;\">Specific Gravity, 15 C\/15 C, ASTM D1298<\/td>\n<td>0.846<\/td>\n<td>0.849<\/td>\n<td>0.856<\/td>\n<\/tr>\n<tr>\n<td style=\"text-align: left;\">Viscosity Index, ASTM D2270<\/td>\n<td>127<\/td>\n<td>131<\/td>\n<td>136<\/td>\n<\/tr>\n<\/tbody>\n<\/table>\n<\/div>\n<p><\/p>","protected":false},"excerpt":{"rendered":"<p style=\"text-align: justify;\">The Mobil Rarus SHC\u2122 1020 Series is a line of supreme performance oils primarily intended for the lubrication of severe duty rotary screw and vane air compressors.<\/p>\n","protected":false},"featured_media":26973,"comment_status":"open","ping_status":"closed","template":"","meta":[],"product_cat":[374,371,361,607],"product_tag":[610],"class_list":{"0":"post-9341","1":"product","2":"type-product","3":"status-publish","4":"has-post-thumbnail","6":"product_brand-mobil","7":"product_cat-mobil-industrial-oil","8":"product_cat-mobil-compressor-oil","9":"product_cat-mobil-oil","10":"product_cat-mobil-rarus-shc-1020-series","11":"product_tag-mobil-rarus-shc-1026","13":"first","14":"instock","15":"shipping-taxable","16":"purchasable","17":"product-type-simple"},"yoast_head":"<!-- This site is optimized with the Yoast SEO plugin v27.2 - https:\/\/yoast.com\/product\/yoast-seo-wordpress\/ -->\n<title>Mobil Rarus SHC 1026 - T&amp;T Viet Nam Lubricants Co.,LTD<\/title>\n<meta name=\"description\" content=\"Mobil Rarus SHC \u2122 1026\u00a0l\u00e0 d\u00f2ng d\u1ea7u b\u00f4i tr\u01a1n cao c\u1ea5p d\u00e0nh cho m\u00e1y n\u00e9n kh\u00ed tr\u1ee5c v\u00edt, c\u00e1nh quay ho\u1ea1t \u0111\u1ed9ng trong \u0111i\u1ec1u ki\u1ec7n nhi\u1ec7t \u0111\u1ed9 c\u1ef1c cao.\" \/>\n<meta name=\"robots\" content=\"index, follow, max-snippet:-1, max-image-preview:large, max-video-preview:-1\" \/>\n<link rel=\"canonical\" href=\"https:\/\/tatco.vn\/vi\/san-pham\/mobil-rarus-shc-1026\/\" \/>\n<meta property=\"og:locale\" content=\"en_US\" \/>\n<meta property=\"og:type\" content=\"article\" \/>\n<meta property=\"og:title\" content=\"Mobil Rarus SHC 1026 - T&amp;T Viet Nam Lubricants Co.,LTD\" \/>\n<meta property=\"og:description\" content=\"Mobil Rarus SHC \u2122 1026\u00a0l\u00e0 d\u00f2ng d\u1ea7u b\u00f4i tr\u01a1n cao c\u1ea5p d\u00e0nh cho m\u00e1y n\u00e9n kh\u00ed tr\u1ee5c v\u00edt, c\u00e1nh quay ho\u1ea1t \u0111\u1ed9ng trong \u0111i\u1ec1u ki\u1ec7n nhi\u1ec7t \u0111\u1ed9 c\u1ef1c cao.\" \/>\n<meta property=\"og:url\" content=\"https:\/\/tatco.vn\/vi\/san-pham\/mobil-rarus-shc-1026\/\" \/>\n<meta property=\"og:site_name\" content=\"T&amp;T Viet Nam Lubricants Co.,LTD\" \/>\n<meta property=\"article:modified_time\" content=\"2022-11-26T12:47:24+00:00\" \/>\n<meta property=\"og:image\" content=\"https:\/\/tatco.vn\/wp-content\/uploads\/2019\/06\/dau-nhot-mobil-mobil-oil-white.png\" \/>\n\t<meta property=\"og:image:width\" content=\"1200\" \/>\n\t<meta property=\"og:image:height\" content=\"1200\" \/>\n\t<meta property=\"og:image:type\" content=\"image\/png\" \/>\n<meta name=\"twitter:card\" content=\"summary_large_image\" \/>\n<meta name=\"twitter:label1\" content=\"Est. reading time\" \/>\n\t<meta name=\"twitter:data1\" content=\"8 minutes\" \/>\n<script type=\"application\/ld+json\" class=\"yoast-schema-graph\">{\"@context\":\"https:\/\/schema.org\",\"@graph\":[{\"@type\":\"WebPage\",\"@id\":\"https:\/\/tatco.vn\/vi\/san-pham\/mobil-rarus-shc-1026\/\",\"url\":\"https:\/\/tatco.vn\/vi\/san-pham\/mobil-rarus-shc-1026\/\",\"name\":\"Mobil Rarus SHC 1026 - T&amp;T Viet Nam Lubricants Co.,LTD\",\"isPartOf\":{\"@id\":\"https:\/\/tatco.vn\/en\/#website\"},\"primaryImageOfPage\":{\"@id\":\"https:\/\/tatco.vn\/vi\/san-pham\/mobil-rarus-shc-1026\/#primaryimage\"},\"image\":{\"@id\":\"https:\/\/tatco.vn\/vi\/san-pham\/mobil-rarus-shc-1026\/#primaryimage\"},\"thumbnailUrl\":\"https:\/\/tatco.vn\/wp-content\/uploads\/2019\/06\/dau-nhot-mobil-mobil-oil-white.png\",\"datePublished\":\"2019-06-20T06:51:53+00:00\",\"dateModified\":\"2022-11-26T12:47:24+00:00\",\"description\":\"Mobil Rarus SHC \u2122 1026\u00a0l\u00e0 d\u00f2ng d\u1ea7u b\u00f4i tr\u01a1n cao c\u1ea5p d\u00e0nh cho m\u00e1y n\u00e9n kh\u00ed tr\u1ee5c v\u00edt, c\u00e1nh quay ho\u1ea1t \u0111\u1ed9ng trong \u0111i\u1ec1u ki\u1ec7n nhi\u1ec7t \u0111\u1ed9 c\u1ef1c cao.\",\"breadcrumb\":{\"@id\":\"https:\/\/tatco.vn\/vi\/san-pham\/mobil-rarus-shc-1026\/#breadcrumb\"},\"inLanguage\":\"en-US\",\"potentialAction\":[{\"@type\":\"ReadAction\",\"target\":[\"https:\/\/tatco.vn\/vi\/san-pham\/mobil-rarus-shc-1026\/\"]}]},{\"@type\":\"ImageObject\",\"inLanguage\":\"en-US\",\"@id\":\"https:\/\/tatco.vn\/vi\/san-pham\/mobil-rarus-shc-1026\/#primaryimage\",\"url\":\"https:\/\/tatco.vn\/wp-content\/uploads\/2019\/06\/dau-nhot-mobil-mobil-oil-white.png\",\"contentUrl\":\"https:\/\/tatco.vn\/wp-content\/uploads\/2019\/06\/dau-nhot-mobil-mobil-oil-white.png\",\"width\":1200,\"height\":1200,\"caption\":\"dau nhot mobil mobil oil\"},{\"@type\":\"BreadcrumbList\",\"@id\":\"https:\/\/tatco.vn\/vi\/san-pham\/mobil-rarus-shc-1026\/#breadcrumb\",\"itemListElement\":[{\"@type\":\"ListItem\",\"position\":1,\"name\":\"Home\",\"item\":\"https:\/\/tatco.vn\/\"},{\"@type\":\"ListItem\",\"position\":2,\"name\":\"C\u1eeda h\u00e0ng\",\"item\":\"https:\/\/tatco.vn\/en\/mua\/\"},{\"@type\":\"ListItem\",\"position\":3,\"name\":\"Mobil Rarus SHC 1026\"}]},{\"@type\":\"WebSite\",\"@id\":\"https:\/\/tatco.vn\/en\/#website\",\"url\":\"https:\/\/tatco.vn\/en\/\",\"name\":\"T&amp;T Viet Nam Lubricants Co.,LTD\",\"description\":\"Right Point - Right Time - Best Solution\",\"publisher\":{\"@id\":\"https:\/\/tatco.vn\/en\/#organization\"},\"potentialAction\":[{\"@type\":\"SearchAction\",\"target\":{\"@type\":\"EntryPoint\",\"urlTemplate\":\"https:\/\/tatco.vn\/en\/?s={search_term_string}\"},\"query-input\":{\"@type\":\"PropertyValueSpecification\",\"valueRequired\":true,\"valueName\":\"search_term_string\"}}],\"inLanguage\":\"en-US\"},{\"@type\":\"Organization\",\"@id\":\"https:\/\/tatco.vn\/en\/#organization\",\"name\":\"C\u00f4ng Ty TNHH D\u1ea7u Nh\u1eddn T&T Vi\u1ec7t Nam\",\"url\":\"https:\/\/tatco.vn\/en\/\",\"logo\":{\"@type\":\"ImageObject\",\"inLanguage\":\"en-US\",\"@id\":\"https:\/\/tatco.vn\/en\/#\/schema\/logo\/image\/\",\"url\":\"https:\/\/tatco.vn\/wp-content\/uploads\/2019\/05\/fav-ico.png\",\"contentUrl\":\"https:\/\/tatco.vn\/wp-content\/uploads\/2019\/05\/fav-ico.png\",\"width\":200,\"height\":200,\"caption\":\"C\u00f4ng Ty TNHH D\u1ea7u Nh\u1eddn T&T Vi\u1ec7t Nam\"},\"image\":{\"@id\":\"https:\/\/tatco.vn\/en\/#\/schema\/logo\/image\/\"}}]}<\/script>\n<!-- \/ Yoast SEO plugin. -->","yoast_head_json":{"title":"Mobil Rarus SHC 1026 - T&amp;T Viet Nam Lubricants Co.,LTD","description":"Mobil Rarus SHC \u2122 1026\u00a0l\u00e0 d\u00f2ng d\u1ea7u b\u00f4i tr\u01a1n cao c\u1ea5p d\u00e0nh cho m\u00e1y n\u00e9n kh\u00ed tr\u1ee5c v\u00edt, c\u00e1nh quay ho\u1ea1t \u0111\u1ed9ng trong \u0111i\u1ec1u ki\u1ec7n nhi\u1ec7t \u0111\u1ed9 c\u1ef1c cao.","robots":{"index":"index","follow":"follow","max-snippet":"max-snippet:-1","max-image-preview":"max-image-preview:large","max-video-preview":"max-video-preview:-1"},"canonical":"https:\/\/tatco.vn\/vi\/san-pham\/mobil-rarus-shc-1026\/","og_locale":"en_US","og_type":"article","og_title":"Mobil Rarus SHC 1026 - T&amp;T Viet Nam Lubricants Co.,LTD","og_description":"Mobil Rarus SHC \u2122 1026\u00a0l\u00e0 d\u00f2ng d\u1ea7u b\u00f4i tr\u01a1n cao c\u1ea5p d\u00e0nh cho m\u00e1y n\u00e9n kh\u00ed tr\u1ee5c v\u00edt, c\u00e1nh quay ho\u1ea1t \u0111\u1ed9ng trong \u0111i\u1ec1u ki\u1ec7n nhi\u1ec7t \u0111\u1ed9 c\u1ef1c cao.","og_url":"https:\/\/tatco.vn\/vi\/san-pham\/mobil-rarus-shc-1026\/","og_site_name":"T&amp;T Viet Nam Lubricants Co.,LTD","article_modified_time":"2022-11-26T12:47:24+00:00","og_image":[{"width":1200,"height":1200,"url":"https:\/\/tatco.vn\/wp-content\/uploads\/2019\/06\/dau-nhot-mobil-mobil-oil-white.png","type":"image\/png"}],"twitter_card":"summary_large_image","twitter_misc":{"Est. reading time":"8 minutes"},"schema":{"@context":"https:\/\/schema.org","@graph":[{"@type":"WebPage","@id":"https:\/\/tatco.vn\/vi\/san-pham\/mobil-rarus-shc-1026\/","url":"https:\/\/tatco.vn\/vi\/san-pham\/mobil-rarus-shc-1026\/","name":"Mobil Rarus SHC 1026 - T&amp;T Viet Nam Lubricants Co.,LTD","isPartOf":{"@id":"https:\/\/tatco.vn\/en\/#website"},"primaryImageOfPage":{"@id":"https:\/\/tatco.vn\/vi\/san-pham\/mobil-rarus-shc-1026\/#primaryimage"},"image":{"@id":"https:\/\/tatco.vn\/vi\/san-pham\/mobil-rarus-shc-1026\/#primaryimage"},"thumbnailUrl":"https:\/\/tatco.vn\/wp-content\/uploads\/2019\/06\/dau-nhot-mobil-mobil-oil-white.png","datePublished":"2019-06-20T06:51:53+00:00","dateModified":"2022-11-26T12:47:24+00:00","description":"Mobil Rarus SHC \u2122 1026\u00a0l\u00e0 d\u00f2ng d\u1ea7u b\u00f4i tr\u01a1n cao c\u1ea5p d\u00e0nh cho m\u00e1y n\u00e9n kh\u00ed tr\u1ee5c v\u00edt, c\u00e1nh quay ho\u1ea1t \u0111\u1ed9ng trong \u0111i\u1ec1u ki\u1ec7n nhi\u1ec7t \u0111\u1ed9 c\u1ef1c cao.","breadcrumb":{"@id":"https:\/\/tatco.vn\/vi\/san-pham\/mobil-rarus-shc-1026\/#breadcrumb"},"inLanguage":"en-US","potentialAction":[{"@type":"ReadAction","target":["https:\/\/tatco.vn\/vi\/san-pham\/mobil-rarus-shc-1026\/"]}]},{"@type":"ImageObject","inLanguage":"en-US","@id":"https:\/\/tatco.vn\/vi\/san-pham\/mobil-rarus-shc-1026\/#primaryimage","url":"https:\/\/tatco.vn\/wp-content\/uploads\/2019\/06\/dau-nhot-mobil-mobil-oil-white.png","contentUrl":"https:\/\/tatco.vn\/wp-content\/uploads\/2019\/06\/dau-nhot-mobil-mobil-oil-white.png","width":1200,"height":1200,"caption":"dau nhot mobil mobil oil"},{"@type":"BreadcrumbList","@id":"https:\/\/tatco.vn\/vi\/san-pham\/mobil-rarus-shc-1026\/#breadcrumb","itemListElement":[{"@type":"ListItem","position":1,"name":"Home","item":"https:\/\/tatco.vn\/"},{"@type":"ListItem","position":2,"name":"C\u1eeda h\u00e0ng","item":"https:\/\/tatco.vn\/en\/mua\/"},{"@type":"ListItem","position":3,"name":"Mobil Rarus SHC 1026"}]},{"@type":"WebSite","@id":"https:\/\/tatco.vn\/en\/#website","url":"https:\/\/tatco.vn\/en\/","name":"T&amp;T Viet Nam Lubricants Co.,LTD","description":"Right Point - Right Time - Best Solution","publisher":{"@id":"https:\/\/tatco.vn\/en\/#organization"},"potentialAction":[{"@type":"SearchAction","target":{"@type":"EntryPoint","urlTemplate":"https:\/\/tatco.vn\/en\/?s={search_term_string}"},"query-input":{"@type":"PropertyValueSpecification","valueRequired":true,"valueName":"search_term_string"}}],"inLanguage":"en-US"},{"@type":"Organization","@id":"https:\/\/tatco.vn\/en\/#organization","name":"C\u00f4ng Ty TNHH D\u1ea7u Nh\u1eddn T&T Vi\u1ec7t Nam","url":"https:\/\/tatco.vn\/en\/","logo":{"@type":"ImageObject","inLanguage":"en-US","@id":"https:\/\/tatco.vn\/en\/#\/schema\/logo\/image\/","url":"https:\/\/tatco.vn\/wp-content\/uploads\/2019\/05\/fav-ico.png","contentUrl":"https:\/\/tatco.vn\/wp-content\/uploads\/2019\/05\/fav-ico.png","width":200,"height":200,"caption":"C\u00f4ng Ty TNHH D\u1ea7u Nh\u1eddn T&T Vi\u1ec7t Nam"},"image":{"@id":"https:\/\/tatco.vn\/en\/#\/schema\/logo\/image\/"}}]}},"_links":{"self":[{"href":"https:\/\/tatco.vn\/en\/wp-json\/wp\/v2\/product\/9341","targetHints":{"allow":["GET"]}}],"collection":[{"href":"https:\/\/tatco.vn\/en\/wp-json\/wp\/v2\/product"}],"about":[{"href":"https:\/\/tatco.vn\/en\/wp-json\/wp\/v2\/types\/product"}],"replies":[{"embeddable":true,"href":"https:\/\/tatco.vn\/en\/wp-json\/wp\/v2\/comments?post=9341"}],"version-history":[{"count":0,"href":"https:\/\/tatco.vn\/en\/wp-json\/wp\/v2\/product\/9341\/revisions"}],"wp:featuredmedia":[{"embeddable":true,"href":"https:\/\/tatco.vn\/en\/wp-json\/wp\/v2\/media\/26973"}],"wp:attachment":[{"href":"https:\/\/tatco.vn\/en\/wp-json\/wp\/v2\/media?parent=9341"}],"wp:term":[{"taxonomy":"product_cat","embeddable":true,"href":"https:\/\/tatco.vn\/en\/wp-json\/wp\/v2\/product_cat?post=9341"},{"taxonomy":"product_tag","embeddable":true,"href":"https:\/\/tatco.vn\/en\/wp-json\/wp\/v2\/product_tag?post=9341"}],"curies":[{"name":"wp","href":"https:\/\/api.w.org\/{rel}","templated":true}]}}