{"id":8651,"date":"2019-06-06T09:20:15","date_gmt":"2019-06-06T02:20:15","guid":{"rendered":"https:\/\/tatco.vn\/en\/?post_type=product&#038;p=8651"},"modified":"2022-08-27T16:53:07","modified_gmt":"2022-08-27T09:53:07","slug":"mobiltac-375-nc","status":"publish","type":"product","link":"https:\/\/tatco.vn\/en\/product\/mobiltac-375-nc\/","title":{"rendered":"Mobiltac 375 NC"},"content":{"rendered":"<section class=\"wpb-content-wrapper\"><p>[vc_row][vc_column][vc_column_text]<\/p>\n<h2>Product Description<\/h2>\n<p>Mobiltac 375 NC, 325 NC and 275 NC extra high performance non-leaded, diluent-type, heavy-bodied open gear lubricants designed for a wide variety of open gear and mining applications. They contain a non-chlorinated, volatile solvent that ensures fluidity during application, even at low temperatures. Once applied, the diluent evaporates and the lubricants take on a flexible, adhesive, high-strength consistency that is maintained throughout their service life. Mobiltac 375 NC, 325 NC and 275NC adhere strongly to gear teeth and other machine elements to resist excessive throw-off, thereby providing a wear-resistant, viscous, continuous film that lubricates well under boundary conditions. Mobiltac 275 NC also contains solid phase EP\/anti-wear additive for added equipment protection<\/p>\n<p>&nbsp;<\/p>\n<p>Mobiltac 375 NC, 325 NC and Mobiltac 275NC will not harden, chip, or flake in cold weather, are self-healing, and do not form a hard-packed buildup in gear-tooth roots. Dripping and throw-off are minimal, and the lubricants are easily cleaned up with a solvent-soaked rag. The lubricants provide resistance to rain, snow, and process water washing. Their flash points minimise the risk of fire. These new generation gear and mining lubricants are applied easily by hand or by automatic dispensers. Mobiltac NC technology has rapidly become a firm favourite among many open gear users and mine operators around the world<\/p>\n<p>&nbsp;<\/p>\n<h2>Features and Benefits<\/h2>\n<p>The Mobiltac NC Series of products are the most recent technology advance for the Mobiltac brand of products that have been used with great success in open gear and other mining applications for several decades. These new technology products provide significantly improved environmental and performance benefits over older diluent-type technologies. They offer the following features and potential benefits:<\/p>\n<p>&nbsp;<\/p>\n<div class=\"table-responsive\">\n<div class=\"table-responsive\">\n<table class=\"table table-striped\">\n<tbody>\n<tr>\n<td>Features<\/td>\n<td>Advantages and Potential Benefits<\/td>\n<\/tr>\n<tr>\n<td>Excellent protection of gear teeth and other machine elements under boundary lubrication conditions<\/td>\n<td>Less equipment wear and breakdown; lower replacement, downtime and maintenance costs<\/td>\n<\/tr>\n<tr>\n<td>Excellent low-temperature pumpability<\/td>\n<td>Easy start-up at low ambient and avoids cost of preheating<\/td>\n<\/tr>\n<tr>\n<td>Excellent resistance to water washing<\/td>\n<td>Maintains superb protection in wet environments; less unanticipated downtime<\/td>\n<\/tr>\n<tr>\n<td>Minimal throw-off and dripping<\/td>\n<td>Less product waste and new product cost<\/td>\n<\/tr>\n<tr>\n<td>No chipping or flaking at low temperatures<\/td>\n<td>Maintains protective lubricating film at low temperatures<\/td>\n<\/tr>\n<tr>\n<td>Easy to clean up with rags and conventional solvents or cleaning fluids<\/td>\n<td>Improved safety and reduced maintenance costs<\/td>\n<\/tr>\n<\/tbody>\n<\/table>\n<\/div>\n<\/div>\n<p>&nbsp;<\/p>\n<h2>Applications<\/h2>\n<p>Mobiltac 375 NC, 325 NC and Mobiltac 275NC are designed for use in a wide variety of open gear and mining applications:<\/p>\n<p>\u2022\u00a0 Mobiltac 375 NC, containing a high-viscosity base oil, is recommended for the lubrication of highly loaded open gears, including those that operate at high temperature, for example, ring gears on cement kilns and large gears on ore-processing mills<\/p>\n<p>\u2022\u00a0 Mobiltac 325 NC is recommended for the same applications as Mobiltac 375 NC. It contains more diluent and has a lower viscosity for ease of application at cooler temperatures<\/p>\n<p>\u2022\u00a0 Mobiltac 275 NC is designed for service as a lubricant for mine and quarry shovels, draglines, and related equipment; also open gears, racks and pinions, swing gears, booms and sticks<\/p>\n<p>\u2022\u00a0 Minimum operating temperature for Mobiltac 325 NC is -18 C, 375 NC is -1 C and 275 NC is -9 C<\/p>\n<p>&nbsp;<\/p>\n<h2>Properties and Specifications<\/h2>\n<table class=\"table table-striped\">\n<tbody>\n<tr style=\"font-weight: bold;\">\n<td>\n<p style=\"margin-right: 0px; margin-bottom: 10px; margin-left: 0px; text-align: left;\"><span style=\"color: black;\">Property<\/span><\/p>\n<\/td>\n<td>\n<p style=\"margin-right: 0px; margin-bottom: 10px; margin-left: 0px; text-align: center;\"><span style=\"color: black;\">MOBILTAC 275 NC<\/span><\/p>\n<\/td>\n<td style=\"text-align: center;\">\n<p style=\"margin-right: 0px; margin-bottom: 10px; margin-left: 0px;\"><span style=\"color: black;\">MOBILTAC 325 NC<\/span><\/p>\n<\/td>\n<td>\n<p style=\"margin-right: 0px; margin-bottom: 10px; margin-left: 0px; text-align: center;\"><span style=\"color: black;\">MOBILTAC 375 NC<\/span><\/p>\n<\/td>\n<\/tr>\n<tr>\n<td>\n<p style=\"margin-right: 0px; margin-bottom: 10px; margin-left: 0px; text-align: left;\"><span style=\"color: black;\">Appearance, AMS 1738<\/span><\/p>\n<\/td>\n<td>\n<p style=\"margin-right: 0px; margin-bottom: 10px; margin-left: 0px;\">\n<\/td>\n<td>\n<p style=\"margin-right: 0px; margin-bottom: 10px; margin-left: 0px;\">\n<\/td>\n<td>\n<p style=\"margin-right: 0px; margin-bottom: 10px; margin-left: 0px; text-align: center;\"><span style=\"color: black;\">Viscous, semi-fluid, black<\/span><\/p>\n<\/td>\n<\/tr>\n<tr>\n<td>\n<p style=\"margin-right: 0px; margin-bottom: 10px; margin-left: 0px; text-align: left;\"><span style=\"color: black;\">Appearance, Visual<\/span><\/p>\n<\/td>\n<td>\n<p style=\"margin-right: 0px; margin-bottom: 10px; margin-left: 0px; text-align: center;\"><span style=\"color: black;\">Viscous, semi-fluid, black<\/span><\/p>\n<\/td>\n<td>\n<p style=\"margin-right: 0px; margin-bottom: 10px; margin-left: 0px; text-align: center;\"><span style=\"color: black;\">Viscous, semi-fluid, black<\/span><\/p>\n<\/td>\n<td>\n<p style=\"margin-right: 0px; margin-bottom: 10px; margin-left: 0px;\">\n<\/td>\n<\/tr>\n<tr>\n<td>\n<p style=\"margin-right: 0px; margin-bottom: 10px; margin-left: 0px; text-align: left;\"><span style=\"color: black;\">Density @ 15.6 C, kg\/l, ASTM D1298<\/span><\/p>\n<\/td>\n<td>\n<p style=\"margin-right: 0px; margin-bottom: 10px; margin-left: 0px;\">\n<\/td>\n<td>\n<p style=\"margin-right: 0px; margin-bottom: 10px; margin-left: 0px; text-align: center;\"><span style=\"color: black;\">0.95<\/span><\/p>\n<\/td>\n<td>\n<p style=\"margin-right: 0px; margin-bottom: 10px; margin-left: 0px; text-align: center;\"><span style=\"color: black;\">0.96<\/span><\/p>\n<\/td>\n<\/tr>\n<tr>\n<td style=\"text-align: left;\"><span style=\"color: black;\">Flash Point, Cleveland Open Cup, \u00b0C, ASTM D92<\/span><\/td>\n<td style=\"text-align: center;\">150<\/td>\n<td style=\"text-align: center;\">110<\/td>\n<td style=\"text-align: center;\">135<\/td>\n<\/tr>\n<tr>\n<td>\n<p style=\"margin-right: 0px; margin-bottom: 10px; margin-left: 0px; text-align: left;\"><span style=\"color: black;\">Kinematic Viscosity 40 C (Diluted), cSt, ASTM D445<\/span><\/p>\n<\/td>\n<td>\n<p style=\"margin-right: 0px; margin-bottom: 10px; margin-left: 0px;\">\n<\/td>\n<td>\n<p style=\"margin-right: 0px; margin-bottom: 10px; margin-left: 0px;\">\n<\/td>\n<td>\n<p style=\"margin-right: 0px; margin-bottom: 10px; margin-left: 0px; text-align: center;\"><span style=\"color: black;\">5000<\/span><\/p>\n<\/td>\n<\/tr>\n<tr>\n<td>\n<p style=\"margin-right: 0px; margin-bottom: 10px; margin-left: 0px; text-align: left;\"><span style=\"color: black;\">Kinematic Viscosity @ 100 C (Undiluted), cSt, ASTM D445<\/span><\/p>\n<\/td>\n<td>\n<p style=\"margin-right: 0px; margin-bottom: 10px; margin-left: 0px;\">\n<\/td>\n<td>\n<p style=\"margin-right: 0px; margin-bottom: 10px; margin-left: 0px; text-align: center;\"><span style=\"color: black;\">1000<\/span><\/p>\n<\/td>\n<td>\n<p style=\"margin-right: 0px; margin-bottom: 10px; margin-left: 0px; text-align: center;\"><span style=\"color: black;\">1260<\/span><\/p>\n<\/td>\n<\/tr>\n<tr>\n<td>\n<p style=\"margin-right: 0px; margin-bottom: 10px; margin-left: 0px; text-align: left;\"><span style=\"color: black;\">Specific Gravity, PTM 117<\/span><\/p>\n<\/td>\n<td>\n<p style=\"margin-right: 0px; margin-bottom: 10px; margin-left: 0px; text-align: center;\"><span style=\"color: black;\">0.99<\/span><\/p>\n<\/td>\n<td>\n<p style=\"margin-right: 0px; margin-bottom: 10px; margin-left: 0px;\">\n<\/td>\n<td>\n<p style=\"margin-right: 0px; margin-bottom: 10px; margin-left: 0px;\">\n<\/td>\n<\/tr>\n<\/tbody>\n<\/table>\n<p>[\/vc_column_text][\/vc_column][\/vc_row]<\/p>\n<\/section>","protected":false},"excerpt":{"rendered":"<p><strong>Mobiltac 375 NC<\/strong> l\u00e0 lo\u1ea1i d\u1ea7u pha lo\u00e3ng kh\u00f4ng ch\u00ec d\u00e0nh cho b\u00e1nh r\u0103ng h\u1edf, th\u01b0\u1eddng \u1ee9ng d\u1ee5ng trong ng\u00e0nh khai kho\u00e1ng.<\/p>\n<p>Mobiltac 375 NC gi\u00fap t\u0103ng c\u01b0\u1eddng kh\u1ea3 n\u0103ng ch\u1ed1ng m\u00e0i m\u00f2n, ch\u1ed1ng r\u1eeda n\u01b0\u1edbc.<\/p>\n","protected":false},"featured_media":26930,"comment_status":"open","ping_status":"closed","template":"","meta":[],"product_cat":[366,543,374,361],"product_tag":[567],"class_list":{"0":"post-8651","1":"product","2":"type-product","3":"status-publish","4":"has-post-thumbnail","6":"product_brand-mobil","7":"product_cat-dau-banh-rang-mobil-gear-oil","8":"product_cat-mobiltac-375-nc-325-nc-and-275-nc","9":"product_cat-mobil-industrial-oil","10":"product_cat-mobil-oil","11":"product_tag-mobiltac-375-nc","13":"first","14":"instock","15":"shipping-taxable","16":"purchasable","17":"product-type-simple"},"yoast_head":"<!-- This site is optimized with the Yoast SEO plugin v27.2 - https:\/\/yoast.com\/product\/yoast-seo-wordpress\/ -->\n<title>Mobiltac 375 NC - T&amp;T Viet Nam Lubricants Co.,LTD<\/title>\n<meta name=\"description\" content=\"Mobiltac 375 NC l\u00e0 lo\u1ea1i d\u1ea7u pha lo\u00e3ng kh\u00f4ng ch\u00ec d\u00e0nh cho b\u00e1nh r\u0103ng h\u1edf, th\u01b0\u1eddng \u1ee9ng d\u1ee5ng trong ng\u00e0nh khai kho\u00e1ng. Gi\u00fap t\u0103ng c\u01b0\u1eddng kh\u1ea3 n\u0103ng ch\u1ed1ng m\u00e0i m\u00f2n...\" \/>\n<meta name=\"robots\" content=\"index, follow, max-snippet:-1, max-image-preview:large, max-video-preview:-1\" \/>\n<link rel=\"canonical\" href=\"https:\/\/tatco.vn\/vi\/san-pham\/mobiltac-375-nc\/\" \/>\n<meta property=\"og:locale\" content=\"en_US\" \/>\n<meta property=\"og:type\" content=\"article\" \/>\n<meta property=\"og:title\" content=\"Mobiltac 375 NC - T&amp;T Viet Nam Lubricants Co.,LTD\" \/>\n<meta property=\"og:description\" content=\"Mobiltac 375 NC l\u00e0 lo\u1ea1i d\u1ea7u pha lo\u00e3ng kh\u00f4ng ch\u00ec d\u00e0nh cho b\u00e1nh r\u0103ng h\u1edf, th\u01b0\u1eddng \u1ee9ng d\u1ee5ng trong ng\u00e0nh khai kho\u00e1ng. Gi\u00fap t\u0103ng c\u01b0\u1eddng kh\u1ea3 n\u0103ng ch\u1ed1ng m\u00e0i m\u00f2n...\" \/>\n<meta property=\"og:url\" content=\"https:\/\/tatco.vn\/vi\/san-pham\/mobiltac-375-nc\/\" \/>\n<meta property=\"og:site_name\" content=\"T&amp;T Viet Nam Lubricants Co.,LTD\" \/>\n<meta property=\"article:modified_time\" content=\"2022-08-27T09:53:07+00:00\" \/>\n<meta property=\"og:image\" content=\"https:\/\/tatco.vn\/wp-content\/uploads\/2019\/06\/dau-nhot-mobil-mobil-oil.png\" \/>\n\t<meta property=\"og:image:width\" content=\"1200\" \/>\n\t<meta property=\"og:image:height\" content=\"1200\" \/>\n\t<meta property=\"og:image:type\" content=\"image\/png\" \/>\n<meta name=\"twitter:card\" content=\"summary_large_image\" \/>\n<meta name=\"twitter:label1\" content=\"Est. reading time\" \/>\n\t<meta name=\"twitter:data1\" content=\"8 minutes\" \/>\n<script type=\"application\/ld+json\" class=\"yoast-schema-graph\">{\"@context\":\"https:\/\/schema.org\",\"@graph\":[{\"@type\":\"WebPage\",\"@id\":\"https:\/\/tatco.vn\/vi\/san-pham\/mobiltac-375-nc\/\",\"url\":\"https:\/\/tatco.vn\/vi\/san-pham\/mobiltac-375-nc\/\",\"name\":\"Mobiltac 375 NC - T&amp;T Viet Nam Lubricants Co.,LTD\",\"isPartOf\":{\"@id\":\"https:\/\/tatco.vn\/en\/#website\"},\"primaryImageOfPage\":{\"@id\":\"https:\/\/tatco.vn\/vi\/san-pham\/mobiltac-375-nc\/#primaryimage\"},\"image\":{\"@id\":\"https:\/\/tatco.vn\/vi\/san-pham\/mobiltac-375-nc\/#primaryimage\"},\"thumbnailUrl\":\"https:\/\/tatco.vn\/wp-content\/uploads\/2019\/06\/dau-nhot-mobil-mobil-oil.png\",\"datePublished\":\"2019-06-06T02:20:15+00:00\",\"dateModified\":\"2022-08-27T09:53:07+00:00\",\"description\":\"Mobiltac 375 NC l\u00e0 lo\u1ea1i d\u1ea7u pha lo\u00e3ng kh\u00f4ng ch\u00ec d\u00e0nh cho b\u00e1nh r\u0103ng h\u1edf, th\u01b0\u1eddng \u1ee9ng d\u1ee5ng trong ng\u00e0nh khai kho\u00e1ng. Gi\u00fap t\u0103ng c\u01b0\u1eddng kh\u1ea3 n\u0103ng ch\u1ed1ng m\u00e0i m\u00f2n...\",\"breadcrumb\":{\"@id\":\"https:\/\/tatco.vn\/vi\/san-pham\/mobiltac-375-nc\/#breadcrumb\"},\"inLanguage\":\"en-US\",\"potentialAction\":[{\"@type\":\"ReadAction\",\"target\":[\"https:\/\/tatco.vn\/vi\/san-pham\/mobiltac-375-nc\/\"]}]},{\"@type\":\"ImageObject\",\"inLanguage\":\"en-US\",\"@id\":\"https:\/\/tatco.vn\/vi\/san-pham\/mobiltac-375-nc\/#primaryimage\",\"url\":\"https:\/\/tatco.vn\/wp-content\/uploads\/2019\/06\/dau-nhot-mobil-mobil-oil.png\",\"contentUrl\":\"https:\/\/tatco.vn\/wp-content\/uploads\/2019\/06\/dau-nhot-mobil-mobil-oil.png\",\"width\":1200,\"height\":1200,\"caption\":\"dau nhot mobil mobil oil Mobil SHC 625\"},{\"@type\":\"BreadcrumbList\",\"@id\":\"https:\/\/tatco.vn\/vi\/san-pham\/mobiltac-375-nc\/#breadcrumb\",\"itemListElement\":[{\"@type\":\"ListItem\",\"position\":1,\"name\":\"Home\",\"item\":\"https:\/\/tatco.vn\/\"},{\"@type\":\"ListItem\",\"position\":2,\"name\":\"C\u1eeda h\u00e0ng\",\"item\":\"https:\/\/tatco.vn\/en\/mua\/\"},{\"@type\":\"ListItem\",\"position\":3,\"name\":\"Mobiltac 375 NC\"}]},{\"@type\":\"WebSite\",\"@id\":\"https:\/\/tatco.vn\/en\/#website\",\"url\":\"https:\/\/tatco.vn\/en\/\",\"name\":\"T&amp;T Viet Nam Lubricants Co.,LTD\",\"description\":\"Right Point - Right Time - Best Solution\",\"publisher\":{\"@id\":\"https:\/\/tatco.vn\/en\/#organization\"},\"potentialAction\":[{\"@type\":\"SearchAction\",\"target\":{\"@type\":\"EntryPoint\",\"urlTemplate\":\"https:\/\/tatco.vn\/en\/?s={search_term_string}\"},\"query-input\":{\"@type\":\"PropertyValueSpecification\",\"valueRequired\":true,\"valueName\":\"search_term_string\"}}],\"inLanguage\":\"en-US\"},{\"@type\":\"Organization\",\"@id\":\"https:\/\/tatco.vn\/en\/#organization\",\"name\":\"C\u00f4ng Ty TNHH D\u1ea7u Nh\u1eddn T&T Vi\u1ec7t Nam\",\"url\":\"https:\/\/tatco.vn\/en\/\",\"logo\":{\"@type\":\"ImageObject\",\"inLanguage\":\"en-US\",\"@id\":\"https:\/\/tatco.vn\/en\/#\/schema\/logo\/image\/\",\"url\":\"https:\/\/tatco.vn\/wp-content\/uploads\/2019\/05\/fav-ico.png\",\"contentUrl\":\"https:\/\/tatco.vn\/wp-content\/uploads\/2019\/05\/fav-ico.png\",\"width\":200,\"height\":200,\"caption\":\"C\u00f4ng Ty TNHH D\u1ea7u Nh\u1eddn T&T Vi\u1ec7t Nam\"},\"image\":{\"@id\":\"https:\/\/tatco.vn\/en\/#\/schema\/logo\/image\/\"}}]}<\/script>\n<!-- \/ Yoast SEO plugin. -->","yoast_head_json":{"title":"Mobiltac 375 NC - T&amp;T Viet Nam Lubricants Co.,LTD","description":"Mobiltac 375 NC l\u00e0 lo\u1ea1i d\u1ea7u pha lo\u00e3ng kh\u00f4ng ch\u00ec d\u00e0nh cho b\u00e1nh r\u0103ng h\u1edf, th\u01b0\u1eddng \u1ee9ng d\u1ee5ng trong ng\u00e0nh khai kho\u00e1ng. Gi\u00fap t\u0103ng c\u01b0\u1eddng kh\u1ea3 n\u0103ng ch\u1ed1ng m\u00e0i m\u00f2n...","robots":{"index":"index","follow":"follow","max-snippet":"max-snippet:-1","max-image-preview":"max-image-preview:large","max-video-preview":"max-video-preview:-1"},"canonical":"https:\/\/tatco.vn\/vi\/san-pham\/mobiltac-375-nc\/","og_locale":"en_US","og_type":"article","og_title":"Mobiltac 375 NC - T&amp;T Viet Nam Lubricants Co.,LTD","og_description":"Mobiltac 375 NC l\u00e0 lo\u1ea1i d\u1ea7u pha lo\u00e3ng kh\u00f4ng ch\u00ec d\u00e0nh cho b\u00e1nh r\u0103ng h\u1edf, th\u01b0\u1eddng \u1ee9ng d\u1ee5ng trong ng\u00e0nh khai kho\u00e1ng. Gi\u00fap t\u0103ng c\u01b0\u1eddng kh\u1ea3 n\u0103ng ch\u1ed1ng m\u00e0i m\u00f2n...","og_url":"https:\/\/tatco.vn\/vi\/san-pham\/mobiltac-375-nc\/","og_site_name":"T&amp;T Viet Nam Lubricants Co.,LTD","article_modified_time":"2022-08-27T09:53:07+00:00","og_image":[{"width":1200,"height":1200,"url":"https:\/\/tatco.vn\/wp-content\/uploads\/2019\/06\/dau-nhot-mobil-mobil-oil.png","type":"image\/png"}],"twitter_card":"summary_large_image","twitter_misc":{"Est. reading time":"8 minutes"},"schema":{"@context":"https:\/\/schema.org","@graph":[{"@type":"WebPage","@id":"https:\/\/tatco.vn\/vi\/san-pham\/mobiltac-375-nc\/","url":"https:\/\/tatco.vn\/vi\/san-pham\/mobiltac-375-nc\/","name":"Mobiltac 375 NC - T&amp;T Viet Nam Lubricants Co.,LTD","isPartOf":{"@id":"https:\/\/tatco.vn\/en\/#website"},"primaryImageOfPage":{"@id":"https:\/\/tatco.vn\/vi\/san-pham\/mobiltac-375-nc\/#primaryimage"},"image":{"@id":"https:\/\/tatco.vn\/vi\/san-pham\/mobiltac-375-nc\/#primaryimage"},"thumbnailUrl":"https:\/\/tatco.vn\/wp-content\/uploads\/2019\/06\/dau-nhot-mobil-mobil-oil.png","datePublished":"2019-06-06T02:20:15+00:00","dateModified":"2022-08-27T09:53:07+00:00","description":"Mobiltac 375 NC l\u00e0 lo\u1ea1i d\u1ea7u pha lo\u00e3ng kh\u00f4ng ch\u00ec d\u00e0nh cho b\u00e1nh r\u0103ng h\u1edf, th\u01b0\u1eddng \u1ee9ng d\u1ee5ng trong ng\u00e0nh khai kho\u00e1ng. Gi\u00fap t\u0103ng c\u01b0\u1eddng kh\u1ea3 n\u0103ng ch\u1ed1ng m\u00e0i m\u00f2n...","breadcrumb":{"@id":"https:\/\/tatco.vn\/vi\/san-pham\/mobiltac-375-nc\/#breadcrumb"},"inLanguage":"en-US","potentialAction":[{"@type":"ReadAction","target":["https:\/\/tatco.vn\/vi\/san-pham\/mobiltac-375-nc\/"]}]},{"@type":"ImageObject","inLanguage":"en-US","@id":"https:\/\/tatco.vn\/vi\/san-pham\/mobiltac-375-nc\/#primaryimage","url":"https:\/\/tatco.vn\/wp-content\/uploads\/2019\/06\/dau-nhot-mobil-mobil-oil.png","contentUrl":"https:\/\/tatco.vn\/wp-content\/uploads\/2019\/06\/dau-nhot-mobil-mobil-oil.png","width":1200,"height":1200,"caption":"dau nhot mobil mobil oil Mobil SHC 625"},{"@type":"BreadcrumbList","@id":"https:\/\/tatco.vn\/vi\/san-pham\/mobiltac-375-nc\/#breadcrumb","itemListElement":[{"@type":"ListItem","position":1,"name":"Home","item":"https:\/\/tatco.vn\/"},{"@type":"ListItem","position":2,"name":"C\u1eeda h\u00e0ng","item":"https:\/\/tatco.vn\/en\/mua\/"},{"@type":"ListItem","position":3,"name":"Mobiltac 375 NC"}]},{"@type":"WebSite","@id":"https:\/\/tatco.vn\/en\/#website","url":"https:\/\/tatco.vn\/en\/","name":"T&amp;T Viet Nam Lubricants Co.,LTD","description":"Right Point - Right Time - Best Solution","publisher":{"@id":"https:\/\/tatco.vn\/en\/#organization"},"potentialAction":[{"@type":"SearchAction","target":{"@type":"EntryPoint","urlTemplate":"https:\/\/tatco.vn\/en\/?s={search_term_string}"},"query-input":{"@type":"PropertyValueSpecification","valueRequired":true,"valueName":"search_term_string"}}],"inLanguage":"en-US"},{"@type":"Organization","@id":"https:\/\/tatco.vn\/en\/#organization","name":"C\u00f4ng Ty TNHH D\u1ea7u Nh\u1eddn T&T Vi\u1ec7t Nam","url":"https:\/\/tatco.vn\/en\/","logo":{"@type":"ImageObject","inLanguage":"en-US","@id":"https:\/\/tatco.vn\/en\/#\/schema\/logo\/image\/","url":"https:\/\/tatco.vn\/wp-content\/uploads\/2019\/05\/fav-ico.png","contentUrl":"https:\/\/tatco.vn\/wp-content\/uploads\/2019\/05\/fav-ico.png","width":200,"height":200,"caption":"C\u00f4ng Ty TNHH D\u1ea7u Nh\u1eddn T&T Vi\u1ec7t Nam"},"image":{"@id":"https:\/\/tatco.vn\/en\/#\/schema\/logo\/image\/"}}]}},"_links":{"self":[{"href":"https:\/\/tatco.vn\/en\/wp-json\/wp\/v2\/product\/8651","targetHints":{"allow":["GET"]}}],"collection":[{"href":"https:\/\/tatco.vn\/en\/wp-json\/wp\/v2\/product"}],"about":[{"href":"https:\/\/tatco.vn\/en\/wp-json\/wp\/v2\/types\/product"}],"replies":[{"embeddable":true,"href":"https:\/\/tatco.vn\/en\/wp-json\/wp\/v2\/comments?post=8651"}],"version-history":[{"count":0,"href":"https:\/\/tatco.vn\/en\/wp-json\/wp\/v2\/product\/8651\/revisions"}],"wp:featuredmedia":[{"embeddable":true,"href":"https:\/\/tatco.vn\/en\/wp-json\/wp\/v2\/media\/26930"}],"wp:attachment":[{"href":"https:\/\/tatco.vn\/en\/wp-json\/wp\/v2\/media?parent=8651"}],"wp:term":[{"taxonomy":"product_cat","embeddable":true,"href":"https:\/\/tatco.vn\/en\/wp-json\/wp\/v2\/product_cat?post=8651"},{"taxonomy":"product_tag","embeddable":true,"href":"https:\/\/tatco.vn\/en\/wp-json\/wp\/v2\/product_tag?post=8651"}],"curies":[{"name":"wp","href":"https:\/\/api.w.org\/{rel}","templated":true}]}}