{"id":8450,"date":"2019-06-03T15:18:47","date_gmt":"2019-06-03T08:18:47","guid":{"rendered":"https:\/\/tatco.vn\/?post_type=product&#038;p=8450"},"modified":"2020-08-10T14:40:17","modified_gmt":"2020-08-10T07:40:17","slug":"mobil-shc-gear-320-wt","status":"publish","type":"product","link":"https:\/\/tatco.vn\/en\/product\/mobil-shc-gear-320-wt\/","title":{"rendered":"Mobil SHC Gear 320 WT"},"content":{"rendered":"<p><strong>Mobil SHC GEAR 320 WT<\/strong> l\u00e0 d\u1ea7u t\u1ed5ng h\u1ee3p b\u00e1nh r\u0103ng tuabin gi\u00f3 cao c\u1ea5p gi\u00fap b\u1ea3o v\u1ec7 h\u1ed9p s\u1ed1 tuabin gi\u00f3 trong \u0111i\u1ec1u ki\u1ec7n kh\u1eafc nghi\u1ec7t.<\/p>\n<p><strong>Mobil SHC GEAR 320 WT<\/strong> t\u0103ng c\u01b0\u1eddng kh\u1ea3 n\u0103ng ch\u1ecbu nhi\u1ec7t v\u00e0 ch\u1ed1ng oxi h\u00f3a cao c\u1ea5p.<\/p>\n<p><strong>Mobil SHC GEAR 320 WT<\/strong> c\u0169ng gi\u00fap ch\u1ed1ng m\u00e0i m\u00f2n, r\u1ec9 s\u00e9t v\u00e0 \u1ee9c ch\u1ebf \u0103n m\u00f2n.<\/p>\n<p><strong>\u1ee8ng d\u1ee5ng:<\/strong> tuabin gi\u00f3 t\u1ea3i cao, trong m\u00f4i tr\u01b0\u1eddng nhi\u1ec7t \u0111\u1ed9 kh\u1eafc nghi\u1ec7t.<\/p>\n<h4><a href=\"https:\/\/www.mobil.com\/English-US\/Industrial\/pds\/GLXXMOBIL-SHC-GEAR-320-WT\">T\u00e0i li\u1ec7u tham kh\u1ea3o <strong>Mobil SHC GEAR 320 WT<\/strong>: Click v\u00e0o \u0111\u00e2y.<\/a><\/h4>\n<p><a href=\"https:\/\/tatco.vn\/product-category\/mobil-oil\/mobil-industrial-oil\/dau-banh-rang-mobil-gear-oil\/\">X\u00eam th\u00eam danh m\u1ee5c D\u1ea7u B\u00e1nh R\u0103ng: Click t\u1ea1i \u0111\u00e2y.<\/a><\/p>\n","protected":false},"excerpt":{"rendered":"<p>Mobil SHC GEAR 320 WT l\u00e0 d\u1ea7u t\u1ed5ng h\u1ee3p b\u00e1nh r\u0103ng tuabin gi\u00f3 cao c\u1ea5p gi\u00fap b\u1ea3o v\u1ec7 h\u1ed9p s\u1ed1 tuabin gi\u00f3 trong \u0111i\u1ec1u ki\u1ec7n kh\u1eafc nghi\u1ec7t. Mobil SHC GEAR 320 WT t\u0103ng c\u01b0\u1eddng kh\u1ea3 n\u0103ng ch\u1ecbu nhi\u1ec7t v\u00e0 ch\u1ed1ng &hellip; <a href=\"https:\/\/tatco.vn\/en\/product\/mobil-shc-gear-320-wt\/\">Readmore<\/a><\/p>\n","protected":false},"featured_media":8451,"comment_status":"open","ping_status":"closed","template":"","meta":[],"product_cat":[366,374,361],"product_tag":[418],"class_list":{"0":"post-8450","1":"product","2":"type-product","3":"status-publish","4":"has-post-thumbnail","6":"product_brand-mobil","7":"product_cat-dau-banh-rang-mobil-gear-oil","8":"product_cat-mobil-industrial-oil","9":"product_cat-mobil-oil","10":"product_tag-mobil-shc-gear-320-wt","12":"first","13":"instock","14":"shipping-taxable","15":"purchasable","16":"product-type-simple"},"yoast_head":"<!-- This site is optimized with the Yoast SEO plugin v27.2 - https:\/\/yoast.com\/product\/yoast-seo-wordpress\/ -->\n<title>Mobil SHC Gear 320 WT - T&amp;T Viet Nam Lubricants Co.,LTD<\/title>\n<meta name=\"description\" content=\"(English) Mobil SHC GEAR 320 WT l\u00e0 d\u1ea7u t\u1ed5ng h\u1ee3p b\u00e1nh r\u0103ng tuabin gi\u00f3 cao c\u1ea5p gi\u00fap b\u1ea3o v\u1ec7 h\u1ed9p s\u1ed1 tuabin gi\u00f3 trong \u0111i\u1ec1u ki\u1ec7n kh\u1eafc nghi\u1ec7t.\" \/>\n<meta name=\"robots\" content=\"index, follow, max-snippet:-1, max-image-preview:large, max-video-preview:-1\" \/>\n<link rel=\"canonical\" href=\"https:\/\/tatco.vn\/vi\/san-pham\/mobil-shc-gear-320-wt\/\" \/>\n<meta property=\"og:locale\" content=\"en_US\" \/>\n<meta property=\"og:type\" content=\"article\" \/>\n<meta property=\"og:title\" content=\"Mobil SHC Gear 320 WT - T&amp;T Viet Nam Lubricants Co.,LTD\" \/>\n<meta property=\"og:description\" content=\"(English) Mobil SHC GEAR 320 WT l\u00e0 d\u1ea7u t\u1ed5ng h\u1ee3p b\u00e1nh r\u0103ng tuabin gi\u00f3 cao c\u1ea5p gi\u00fap b\u1ea3o v\u1ec7 h\u1ed9p s\u1ed1 tuabin gi\u00f3 trong \u0111i\u1ec1u ki\u1ec7n kh\u1eafc nghi\u1ec7t.\" \/>\n<meta property=\"og:url\" content=\"https:\/\/tatco.vn\/vi\/san-pham\/mobil-shc-gear-320-wt\/\" \/>\n<meta property=\"og:site_name\" content=\"T&amp;T Viet Nam Lubricants Co.,LTD\" \/>\n<meta property=\"article:modified_time\" content=\"2020-08-10T07:40:17+00:00\" \/>\n<meta property=\"og:image\" content=\"https:\/\/tatco.vn\/wp-content\/uploads\/2019\/06\/MOBIL_SHC_GEAR_320_WT.png\" \/>\n\t<meta property=\"og:image:width\" content=\"1200\" \/>\n\t<meta property=\"og:image:height\" content=\"1200\" \/>\n\t<meta property=\"og:image:type\" content=\"image\/png\" \/>\n<meta name=\"twitter:card\" content=\"summary_large_image\" \/>\n<meta name=\"twitter:label1\" content=\"Est. reading time\" \/>\n\t<meta name=\"twitter:data1\" content=\"1 minute\" \/>\n<script type=\"application\/ld+json\" class=\"yoast-schema-graph\">{\"@context\":\"https:\/\/schema.org\",\"@graph\":[{\"@type\":\"WebPage\",\"@id\":\"https:\/\/tatco.vn\/vi\/san-pham\/mobil-shc-gear-320-wt\/\",\"url\":\"https:\/\/tatco.vn\/vi\/san-pham\/mobil-shc-gear-320-wt\/\",\"name\":\"Mobil SHC Gear 320 WT - T&amp;T Viet Nam Lubricants Co.,LTD\",\"isPartOf\":{\"@id\":\"https:\/\/tatco.vn\/en\/#website\"},\"primaryImageOfPage\":{\"@id\":\"https:\/\/tatco.vn\/vi\/san-pham\/mobil-shc-gear-320-wt\/#primaryimage\"},\"image\":{\"@id\":\"https:\/\/tatco.vn\/vi\/san-pham\/mobil-shc-gear-320-wt\/#primaryimage\"},\"thumbnailUrl\":\"https:\/\/tatco.vn\/wp-content\/uploads\/2019\/06\/MOBIL_SHC_GEAR_320_WT.png\",\"datePublished\":\"2019-06-03T08:18:47+00:00\",\"dateModified\":\"2020-08-10T07:40:17+00:00\",\"description\":\"(English) Mobil SHC GEAR 320 WT l\u00e0 d\u1ea7u t\u1ed5ng h\u1ee3p b\u00e1nh r\u0103ng tuabin gi\u00f3 cao c\u1ea5p gi\u00fap b\u1ea3o v\u1ec7 h\u1ed9p s\u1ed1 tuabin gi\u00f3 trong \u0111i\u1ec1u ki\u1ec7n kh\u1eafc nghi\u1ec7t.\",\"breadcrumb\":{\"@id\":\"https:\/\/tatco.vn\/vi\/san-pham\/mobil-shc-gear-320-wt\/#breadcrumb\"},\"inLanguage\":\"en-US\",\"potentialAction\":[{\"@type\":\"ReadAction\",\"target\":[\"https:\/\/tatco.vn\/vi\/san-pham\/mobil-shc-gear-320-wt\/\"]}]},{\"@type\":\"ImageObject\",\"inLanguage\":\"en-US\",\"@id\":\"https:\/\/tatco.vn\/vi\/san-pham\/mobil-shc-gear-320-wt\/#primaryimage\",\"url\":\"https:\/\/tatco.vn\/wp-content\/uploads\/2019\/06\/MOBIL_SHC_GEAR_320_WT.png\",\"contentUrl\":\"https:\/\/tatco.vn\/wp-content\/uploads\/2019\/06\/MOBIL_SHC_GEAR_320_WT.png\",\"width\":1200,\"height\":1200,\"caption\":\"MOBIL SHC GEAR 320 WT\"},{\"@type\":\"BreadcrumbList\",\"@id\":\"https:\/\/tatco.vn\/vi\/san-pham\/mobil-shc-gear-320-wt\/#breadcrumb\",\"itemListElement\":[{\"@type\":\"ListItem\",\"position\":1,\"name\":\"Home\",\"item\":\"https:\/\/tatco.vn\/\"},{\"@type\":\"ListItem\",\"position\":2,\"name\":\"C\u1eeda h\u00e0ng\",\"item\":\"https:\/\/tatco.vn\/en\/mua\/\"},{\"@type\":\"ListItem\",\"position\":3,\"name\":\"Mobil SHC Gear 320 WT\"}]},{\"@type\":\"WebSite\",\"@id\":\"https:\/\/tatco.vn\/en\/#website\",\"url\":\"https:\/\/tatco.vn\/en\/\",\"name\":\"T&amp;T Viet Nam Lubricants Co.,LTD\",\"description\":\"Right Point - Right Time - Best Solution\",\"publisher\":{\"@id\":\"https:\/\/tatco.vn\/en\/#organization\"},\"potentialAction\":[{\"@type\":\"SearchAction\",\"target\":{\"@type\":\"EntryPoint\",\"urlTemplate\":\"https:\/\/tatco.vn\/en\/?s={search_term_string}\"},\"query-input\":{\"@type\":\"PropertyValueSpecification\",\"valueRequired\":true,\"valueName\":\"search_term_string\"}}],\"inLanguage\":\"en-US\"},{\"@type\":\"Organization\",\"@id\":\"https:\/\/tatco.vn\/en\/#organization\",\"name\":\"C\u00f4ng Ty TNHH D\u1ea7u Nh\u1eddn T&T Vi\u1ec7t Nam\",\"url\":\"https:\/\/tatco.vn\/en\/\",\"logo\":{\"@type\":\"ImageObject\",\"inLanguage\":\"en-US\",\"@id\":\"https:\/\/tatco.vn\/en\/#\/schema\/logo\/image\/\",\"url\":\"https:\/\/tatco.vn\/wp-content\/uploads\/2019\/05\/fav-ico.png\",\"contentUrl\":\"https:\/\/tatco.vn\/wp-content\/uploads\/2019\/05\/fav-ico.png\",\"width\":200,\"height\":200,\"caption\":\"C\u00f4ng Ty TNHH D\u1ea7u Nh\u1eddn T&T Vi\u1ec7t Nam\"},\"image\":{\"@id\":\"https:\/\/tatco.vn\/en\/#\/schema\/logo\/image\/\"}}]}<\/script>\n<!-- \/ Yoast SEO plugin. -->","yoast_head_json":{"title":"Mobil SHC Gear 320 WT - T&amp;T Viet Nam Lubricants Co.,LTD","description":"(English) Mobil SHC GEAR 320 WT l\u00e0 d\u1ea7u t\u1ed5ng h\u1ee3p b\u00e1nh r\u0103ng tuabin gi\u00f3 cao c\u1ea5p gi\u00fap b\u1ea3o v\u1ec7 h\u1ed9p s\u1ed1 tuabin gi\u00f3 trong \u0111i\u1ec1u ki\u1ec7n kh\u1eafc nghi\u1ec7t.","robots":{"index":"index","follow":"follow","max-snippet":"max-snippet:-1","max-image-preview":"max-image-preview:large","max-video-preview":"max-video-preview:-1"},"canonical":"https:\/\/tatco.vn\/vi\/san-pham\/mobil-shc-gear-320-wt\/","og_locale":"en_US","og_type":"article","og_title":"Mobil SHC Gear 320 WT - T&amp;T Viet Nam Lubricants Co.,LTD","og_description":"(English) Mobil SHC GEAR 320 WT l\u00e0 d\u1ea7u t\u1ed5ng h\u1ee3p b\u00e1nh r\u0103ng tuabin gi\u00f3 cao c\u1ea5p gi\u00fap b\u1ea3o v\u1ec7 h\u1ed9p s\u1ed1 tuabin gi\u00f3 trong \u0111i\u1ec1u ki\u1ec7n kh\u1eafc nghi\u1ec7t.","og_url":"https:\/\/tatco.vn\/vi\/san-pham\/mobil-shc-gear-320-wt\/","og_site_name":"T&amp;T Viet Nam Lubricants Co.,LTD","article_modified_time":"2020-08-10T07:40:17+00:00","og_image":[{"width":1200,"height":1200,"url":"https:\/\/tatco.vn\/wp-content\/uploads\/2019\/06\/MOBIL_SHC_GEAR_320_WT.png","type":"image\/png"}],"twitter_card":"summary_large_image","twitter_misc":{"Est. reading time":"1 minute"},"schema":{"@context":"https:\/\/schema.org","@graph":[{"@type":"WebPage","@id":"https:\/\/tatco.vn\/vi\/san-pham\/mobil-shc-gear-320-wt\/","url":"https:\/\/tatco.vn\/vi\/san-pham\/mobil-shc-gear-320-wt\/","name":"Mobil SHC Gear 320 WT - T&amp;T Viet Nam Lubricants Co.,LTD","isPartOf":{"@id":"https:\/\/tatco.vn\/en\/#website"},"primaryImageOfPage":{"@id":"https:\/\/tatco.vn\/vi\/san-pham\/mobil-shc-gear-320-wt\/#primaryimage"},"image":{"@id":"https:\/\/tatco.vn\/vi\/san-pham\/mobil-shc-gear-320-wt\/#primaryimage"},"thumbnailUrl":"https:\/\/tatco.vn\/wp-content\/uploads\/2019\/06\/MOBIL_SHC_GEAR_320_WT.png","datePublished":"2019-06-03T08:18:47+00:00","dateModified":"2020-08-10T07:40:17+00:00","description":"(English) Mobil SHC GEAR 320 WT l\u00e0 d\u1ea7u t\u1ed5ng h\u1ee3p b\u00e1nh r\u0103ng tuabin gi\u00f3 cao c\u1ea5p gi\u00fap b\u1ea3o v\u1ec7 h\u1ed9p s\u1ed1 tuabin gi\u00f3 trong \u0111i\u1ec1u ki\u1ec7n kh\u1eafc nghi\u1ec7t.","breadcrumb":{"@id":"https:\/\/tatco.vn\/vi\/san-pham\/mobil-shc-gear-320-wt\/#breadcrumb"},"inLanguage":"en-US","potentialAction":[{"@type":"ReadAction","target":["https:\/\/tatco.vn\/vi\/san-pham\/mobil-shc-gear-320-wt\/"]}]},{"@type":"ImageObject","inLanguage":"en-US","@id":"https:\/\/tatco.vn\/vi\/san-pham\/mobil-shc-gear-320-wt\/#primaryimage","url":"https:\/\/tatco.vn\/wp-content\/uploads\/2019\/06\/MOBIL_SHC_GEAR_320_WT.png","contentUrl":"https:\/\/tatco.vn\/wp-content\/uploads\/2019\/06\/MOBIL_SHC_GEAR_320_WT.png","width":1200,"height":1200,"caption":"MOBIL SHC GEAR 320 WT"},{"@type":"BreadcrumbList","@id":"https:\/\/tatco.vn\/vi\/san-pham\/mobil-shc-gear-320-wt\/#breadcrumb","itemListElement":[{"@type":"ListItem","position":1,"name":"Home","item":"https:\/\/tatco.vn\/"},{"@type":"ListItem","position":2,"name":"C\u1eeda h\u00e0ng","item":"https:\/\/tatco.vn\/en\/mua\/"},{"@type":"ListItem","position":3,"name":"Mobil SHC Gear 320 WT"}]},{"@type":"WebSite","@id":"https:\/\/tatco.vn\/en\/#website","url":"https:\/\/tatco.vn\/en\/","name":"T&amp;T Viet Nam Lubricants Co.,LTD","description":"Right Point - Right Time - Best Solution","publisher":{"@id":"https:\/\/tatco.vn\/en\/#organization"},"potentialAction":[{"@type":"SearchAction","target":{"@type":"EntryPoint","urlTemplate":"https:\/\/tatco.vn\/en\/?s={search_term_string}"},"query-input":{"@type":"PropertyValueSpecification","valueRequired":true,"valueName":"search_term_string"}}],"inLanguage":"en-US"},{"@type":"Organization","@id":"https:\/\/tatco.vn\/en\/#organization","name":"C\u00f4ng Ty TNHH D\u1ea7u Nh\u1eddn T&T Vi\u1ec7t Nam","url":"https:\/\/tatco.vn\/en\/","logo":{"@type":"ImageObject","inLanguage":"en-US","@id":"https:\/\/tatco.vn\/en\/#\/schema\/logo\/image\/","url":"https:\/\/tatco.vn\/wp-content\/uploads\/2019\/05\/fav-ico.png","contentUrl":"https:\/\/tatco.vn\/wp-content\/uploads\/2019\/05\/fav-ico.png","width":200,"height":200,"caption":"C\u00f4ng Ty TNHH D\u1ea7u Nh\u1eddn T&T Vi\u1ec7t Nam"},"image":{"@id":"https:\/\/tatco.vn\/en\/#\/schema\/logo\/image\/"}}]}},"_links":{"self":[{"href":"https:\/\/tatco.vn\/en\/wp-json\/wp\/v2\/product\/8450","targetHints":{"allow":["GET"]}}],"collection":[{"href":"https:\/\/tatco.vn\/en\/wp-json\/wp\/v2\/product"}],"about":[{"href":"https:\/\/tatco.vn\/en\/wp-json\/wp\/v2\/types\/product"}],"replies":[{"embeddable":true,"href":"https:\/\/tatco.vn\/en\/wp-json\/wp\/v2\/comments?post=8450"}],"version-history":[{"count":0,"href":"https:\/\/tatco.vn\/en\/wp-json\/wp\/v2\/product\/8450\/revisions"}],"wp:featuredmedia":[{"embeddable":true,"href":"https:\/\/tatco.vn\/en\/wp-json\/wp\/v2\/media\/8451"}],"wp:attachment":[{"href":"https:\/\/tatco.vn\/en\/wp-json\/wp\/v2\/media?parent=8450"}],"wp:term":[{"taxonomy":"product_cat","embeddable":true,"href":"https:\/\/tatco.vn\/en\/wp-json\/wp\/v2\/product_cat?post=8450"},{"taxonomy":"product_tag","embeddable":true,"href":"https:\/\/tatco.vn\/en\/wp-json\/wp\/v2\/product_tag?post=8450"}],"curies":[{"name":"wp","href":"https:\/\/api.w.org\/{rel}","templated":true}]}}