{"id":28196,"date":"2025-02-13T15:26:38","date_gmt":"2025-02-13T08:26:38","guid":{"rendered":"https:\/\/tatco.vn\/vi\/?post_type=product&#038;p=28196"},"modified":"2025-02-13T15:27:40","modified_gmt":"2025-02-13T08:27:40","slug":"dau-may-nen-khi-sinopec-l-dab-150","status":"publish","type":"product","link":"https:\/\/tatco.vn\/en\/product\/sinopec-compressor-oil-l-dab-150\/","title":{"rendered":"Sinopec Compressor Oil L-DAB 150"},"content":{"rendered":"<p><\/p>\n<p style=\"text-align: justify\"><strong>Sinopec L-DAB Air Compressor Oil<\/strong> is a lubricating oil blended with highly refined mineral base oil and well-chosen additives, suitable for the lubrication of various stationary or mobile type reciprocating compressors. This product is available in several grades, including 32, 46, 68, 100, 150, and 220, based on its kinematic viscosity at 40\u2103.<\/p>\n<h3 style=\"text-align: justify\">Applications:<\/h3>\n<p style=\"text-align: justify\"><strong>Sinopec L-DAB Air Compressor Oil<\/strong> is suitable for use in:<\/p>\n<ul style=\"text-align: justify\">\n<li>Lubrication and sealing of moderate-duty reciprocating air compressors.<\/li>\n<\/ul>\n<h3 style=\"text-align: justify\">Features and Benefits:<\/h3>\n<ul>\n<li style=\"text-align: justify\">Better anti-wear performance than DAA, providing better protection for air compressors.<\/li>\n<li style=\"text-align: justify\">Outstanding thermal\/oxidation stability, ensuring not to form carbon deposits under high-temperature conditions.<\/li>\n<li>\n<p style=\"text-align: justify\">Good anti-rust and anti-corrosion performance, preventing cylinder and vent valve from corrosion and rust.<\/p>\n<\/li>\n<\/ul>\n<h3>Typical Properties and Specifications:<\/h3>\n<div>\n<div>\n<div class=\"table-responsive\">\n<table class=\"table table-striped\">\n<thead>\n<tr>\n<th><strong>Property<\/strong><\/th>\n<th><strong>46<\/strong><\/th>\n<th><strong>68<\/strong><\/th>\n<th><strong>100<\/strong><\/th>\n<th><strong>150<\/strong><\/th>\n<th><strong>220<\/strong><\/th>\n<\/tr>\n<\/thead>\n<tbody>\n<tr>\n<td><strong>Kinematic Viscosity, ASTM D445<\/strong><\/td>\n<td><\/td>\n<td><\/td>\n<td><\/td>\n<td><\/td>\n<td><\/td>\n<\/tr>\n<tr>\n<td><strong>cSt @ 40\u2103<\/strong><\/td>\n<td>46.16<\/td>\n<td>69.05<\/td>\n<td>100.3<\/td>\n<td>151.2<\/td>\n<td>229.1<\/td>\n<\/tr>\n<tr>\n<td><strong>cSt @ 100\u2103<\/strong><\/td>\n<td>6.6<\/td>\n<td>8.890<\/td>\n<td>12.14<\/td>\n<td>15.52<\/td>\n<td>19.42<\/td>\n<\/tr>\n<tr>\n<td><strong>Viscosity Index, ASTM D 2270<\/strong><\/td>\n<td>97<\/td>\n<td>102<\/td>\n<td>112<\/td>\n<td>105<\/td>\n<td>99<\/td>\n<\/tr>\n<tr>\n<td><strong>Neutralisation Number, mg KOH\/g, ASTM D 664<\/strong><\/td>\n<td>0.54<\/td>\n<td>0.54<\/td>\n<td>0.55<\/td>\n<td>0.65<\/td>\n<td>0.66<\/td>\n<\/tr>\n<tr>\n<td><strong>Rust Prevention, Rating, ASTM D 665<\/strong><\/td>\n<td>Pass<\/td>\n<td>Pass<\/td>\n<td>Pass<\/td>\n<td>Pass<\/td>\n<td>Pass<\/td>\n<\/tr>\n<tr>\n<td><strong>Copper Corrosion, 3 hours @ 100\u2103, ASTM D130<\/strong><\/td>\n<td>1b<\/td>\n<td>1b<\/td>\n<td>1b<\/td>\n<td>1b<\/td>\n<td>1b<\/td>\n<\/tr>\n<tr>\n<td><strong>Water Separability, Time to 40\/37\/3 @ 54\u2103, minutes, ASTM D1401<\/strong><\/td>\n<td>15<\/td>\n<td>15<\/td>\n<td>7<\/td>\n<td>5<\/td>\n<td>7<\/td>\n<\/tr>\n<tr>\n<td><strong>Sulfated Ash, wt%, ASTM D 874<\/strong><\/td>\n<td>0.11<\/td>\n<td>0.11<\/td>\n<td>0.12<\/td>\n<td>0.12<\/td>\n<td>0.12<\/td>\n<\/tr>\n<tr>\n<td><strong>Pour Point, \u2103, ASTM D 97<\/strong><\/td>\n<td>-18<\/td>\n<td>-18<\/td>\n<td>-18<\/td>\n<td>-12<\/td>\n<td>-12<\/td>\n<\/tr>\n<tr>\n<td><strong>Flash Point (COC), \u2103, ASTM D 92<\/strong><\/td>\n<td>234<\/td>\n<td>244<\/td>\n<td>260<\/td>\n<td>262<\/td>\n<td>270<\/td>\n<\/tr>\n<tr>\n<td><strong>Density @ 20\u2103, kg\/l, ASTM D 4052<\/strong><\/td>\n<td>0.870<\/td>\n<td>0.876<\/td>\n<td>0.880<\/td>\n<td>0.884<\/td>\n<td>0.887<\/td>\n<\/tr>\n<\/tbody>\n<\/table>\n<\/div>\n<div><\/div>\n<\/div>\n<\/div>\n<p><\/p>","protected":false},"excerpt":{"rendered":"<p style=\"text-align: justify\"><strong>Sinopec L-DAB Air Compressor Oil<\/strong> is a lubricating oil blended with highly refined mineral base oil and well-chosen additives, suitable for the lubrication of various stationary or mobile type reciprocating compressors. This product is available in several grades, including 32, 46, 68, 100, 150, and 220, based on its kinematic viscosity at 40\u2103.<\/p>\n","protected":false},"featured_media":27397,"comment_status":"closed","ping_status":"closed","template":"","meta":[],"product_cat":[773,1146,1222,719],"product_tag":[1229,1237,1238,1239,1234,1235,1236,1240,1223,1233],"class_list":{"0":"post-28196","1":"product","2":"type-product","3":"status-publish","4":"has-post-thumbnail","6":"product_brand-sinopec","7":"product_cat-dau-cong-nghiep-sinopec","8":"product_cat-dau-may-nen-khi-sinopec","9":"product_cat-dau-may-nen-khi-sinopec-l-dab","10":"product_cat-dau-nhot-sinopec","11":"product_tag-dau-boi-tron-may-nen-khi","12":"product_tag-dau-may-nen-khi-cap-do-100","13":"product_tag-dau-may-nen-khi-cap-do-150","14":"product_tag-dau-may-nen-khi-cap-do-220","15":"product_tag-dau-may-nen-khi-cap-do-32","16":"product_tag-dau-may-nen-khi-cap-do-46","17":"product_tag-dau-may-nen-khi-cap-do-68","18":"product_tag-dau-may-nen-khi-cong-nghiep","19":"product_tag-dau-may-nen-khi-sinopec","20":"product_tag-sinopec-l-dab-air-compressor-oil","22":"first","23":"instock","24":"shipping-taxable","25":"product-type-simple"},"yoast_head":"<!-- This site is optimized with the Yoast SEO plugin v27.2 - https:\/\/yoast.com\/product\/yoast-seo-wordpress\/ -->\n<title>Sinopec Compressor Oil L-DAB 150 - T&amp;T Viet Nam Lubricants Co.,LTD<\/title>\n<meta name=\"robots\" content=\"index, follow, max-snippet:-1, max-image-preview:large, max-video-preview:-1\" \/>\n<link rel=\"canonical\" href=\"https:\/\/tatco.vn\/vi\/san-pham\/dau-may-nen-khi-sinopec-l-dab-150\/\" \/>\n<meta property=\"og:locale\" content=\"en_US\" \/>\n<meta property=\"og:type\" content=\"article\" \/>\n<meta property=\"og:title\" content=\"Sinopec Compressor Oil L-DAB 150 - T&amp;T Viet Nam Lubricants Co.,LTD\" \/>\n<meta property=\"og:url\" content=\"https:\/\/tatco.vn\/vi\/san-pham\/dau-may-nen-khi-sinopec-l-dab-150\/\" \/>\n<meta property=\"og:site_name\" content=\"T&amp;T Viet Nam Lubricants Co.,LTD\" \/>\n<meta property=\"article:modified_time\" content=\"2025-02-13T08:27:40+00:00\" \/>\n<meta property=\"og:image\" content=\"https:\/\/tatco.vn\/wp-content\/uploads\/2021\/06\/Sinopec-oil-product.png\" \/>\n\t<meta property=\"og:image:width\" content=\"1000\" \/>\n\t<meta property=\"og:image:height\" content=\"1000\" \/>\n\t<meta property=\"og:image:type\" content=\"image\/png\" \/>\n<meta name=\"twitter:card\" content=\"summary_large_image\" \/>\n<meta name=\"twitter:label1\" content=\"Est. reading time\" \/>\n\t<meta name=\"twitter:data1\" content=\"2 minutes\" \/>\n<script type=\"application\/ld+json\" class=\"yoast-schema-graph\">{\"@context\":\"https:\/\/schema.org\",\"@graph\":[{\"@type\":\"WebPage\",\"@id\":\"https:\/\/tatco.vn\/vi\/san-pham\/dau-may-nen-khi-sinopec-l-dab-150\/\",\"url\":\"https:\/\/tatco.vn\/vi\/san-pham\/dau-may-nen-khi-sinopec-l-dab-150\/\",\"name\":\"Sinopec Compressor Oil L-DAB 150 - T&amp;T Viet Nam Lubricants Co.,LTD\",\"isPartOf\":{\"@id\":\"https:\/\/tatco.vn\/en\/#website\"},\"primaryImageOfPage\":{\"@id\":\"https:\/\/tatco.vn\/vi\/san-pham\/dau-may-nen-khi-sinopec-l-dab-150\/#primaryimage\"},\"image\":{\"@id\":\"https:\/\/tatco.vn\/vi\/san-pham\/dau-may-nen-khi-sinopec-l-dab-150\/#primaryimage\"},\"thumbnailUrl\":\"https:\/\/tatco.vn\/wp-content\/uploads\/2021\/06\/Sinopec-oil-product.png\",\"datePublished\":\"2025-02-13T08:26:38+00:00\",\"dateModified\":\"2025-02-13T08:27:40+00:00\",\"breadcrumb\":{\"@id\":\"https:\/\/tatco.vn\/vi\/san-pham\/dau-may-nen-khi-sinopec-l-dab-150\/#breadcrumb\"},\"inLanguage\":\"en-US\",\"potentialAction\":[{\"@type\":\"ReadAction\",\"target\":[\"https:\/\/tatco.vn\/vi\/san-pham\/dau-may-nen-khi-sinopec-l-dab-150\/\"]}]},{\"@type\":\"ImageObject\",\"inLanguage\":\"en-US\",\"@id\":\"https:\/\/tatco.vn\/vi\/san-pham\/dau-may-nen-khi-sinopec-l-dab-150\/#primaryimage\",\"url\":\"https:\/\/tatco.vn\/wp-content\/uploads\/2021\/06\/Sinopec-oil-product.png\",\"contentUrl\":\"https:\/\/tatco.vn\/wp-content\/uploads\/2021\/06\/Sinopec-oil-product.png\",\"width\":1000,\"height\":1000},{\"@type\":\"BreadcrumbList\",\"@id\":\"https:\/\/tatco.vn\/vi\/san-pham\/dau-may-nen-khi-sinopec-l-dab-150\/#breadcrumb\",\"itemListElement\":[{\"@type\":\"ListItem\",\"position\":1,\"name\":\"Home\",\"item\":\"https:\/\/tatco.vn\/\"},{\"@type\":\"ListItem\",\"position\":2,\"name\":\"C\u1eeda h\u00e0ng\",\"item\":\"https:\/\/tatco.vn\/en\/mua\/\"},{\"@type\":\"ListItem\",\"position\":3,\"name\":\"D\u1ea7u m\u00e1y n\u00e9n kh\u00ed Sinopec L-DAB 150\"}]},{\"@type\":\"WebSite\",\"@id\":\"https:\/\/tatco.vn\/en\/#website\",\"url\":\"https:\/\/tatco.vn\/en\/\",\"name\":\"T&amp;T Viet Nam Lubricants Co.,LTD\",\"description\":\"Right Point - Right Time - Best Solution\",\"publisher\":{\"@id\":\"https:\/\/tatco.vn\/en\/#organization\"},\"potentialAction\":[{\"@type\":\"SearchAction\",\"target\":{\"@type\":\"EntryPoint\",\"urlTemplate\":\"https:\/\/tatco.vn\/en\/?s={search_term_string}\"},\"query-input\":{\"@type\":\"PropertyValueSpecification\",\"valueRequired\":true,\"valueName\":\"search_term_string\"}}],\"inLanguage\":\"en-US\"},{\"@type\":\"Organization\",\"@id\":\"https:\/\/tatco.vn\/en\/#organization\",\"name\":\"C\u00f4ng Ty TNHH D\u1ea7u Nh\u1eddn T&T Vi\u1ec7t Nam\",\"url\":\"https:\/\/tatco.vn\/en\/\",\"logo\":{\"@type\":\"ImageObject\",\"inLanguage\":\"en-US\",\"@id\":\"https:\/\/tatco.vn\/en\/#\/schema\/logo\/image\/\",\"url\":\"https:\/\/tatco.vn\/wp-content\/uploads\/2019\/05\/fav-ico.png\",\"contentUrl\":\"https:\/\/tatco.vn\/wp-content\/uploads\/2019\/05\/fav-ico.png\",\"width\":200,\"height\":200,\"caption\":\"C\u00f4ng Ty TNHH D\u1ea7u Nh\u1eddn T&T Vi\u1ec7t Nam\"},\"image\":{\"@id\":\"https:\/\/tatco.vn\/en\/#\/schema\/logo\/image\/\"}}]}<\/script>\n<!-- \/ Yoast SEO plugin. -->","yoast_head_json":{"title":"Sinopec Compressor Oil L-DAB 150 - T&amp;T Viet Nam Lubricants Co.,LTD","robots":{"index":"index","follow":"follow","max-snippet":"max-snippet:-1","max-image-preview":"max-image-preview:large","max-video-preview":"max-video-preview:-1"},"canonical":"https:\/\/tatco.vn\/vi\/san-pham\/dau-may-nen-khi-sinopec-l-dab-150\/","og_locale":"en_US","og_type":"article","og_title":"Sinopec Compressor Oil L-DAB 150 - T&amp;T Viet Nam Lubricants Co.,LTD","og_url":"https:\/\/tatco.vn\/vi\/san-pham\/dau-may-nen-khi-sinopec-l-dab-150\/","og_site_name":"T&amp;T Viet Nam Lubricants Co.,LTD","article_modified_time":"2025-02-13T08:27:40+00:00","og_image":[{"width":1000,"height":1000,"url":"https:\/\/tatco.vn\/wp-content\/uploads\/2021\/06\/Sinopec-oil-product.png","type":"image\/png"}],"twitter_card":"summary_large_image","twitter_misc":{"Est. reading time":"2 minutes"},"schema":{"@context":"https:\/\/schema.org","@graph":[{"@type":"WebPage","@id":"https:\/\/tatco.vn\/vi\/san-pham\/dau-may-nen-khi-sinopec-l-dab-150\/","url":"https:\/\/tatco.vn\/vi\/san-pham\/dau-may-nen-khi-sinopec-l-dab-150\/","name":"Sinopec Compressor Oil L-DAB 150 - T&amp;T Viet Nam Lubricants Co.,LTD","isPartOf":{"@id":"https:\/\/tatco.vn\/en\/#website"},"primaryImageOfPage":{"@id":"https:\/\/tatco.vn\/vi\/san-pham\/dau-may-nen-khi-sinopec-l-dab-150\/#primaryimage"},"image":{"@id":"https:\/\/tatco.vn\/vi\/san-pham\/dau-may-nen-khi-sinopec-l-dab-150\/#primaryimage"},"thumbnailUrl":"https:\/\/tatco.vn\/wp-content\/uploads\/2021\/06\/Sinopec-oil-product.png","datePublished":"2025-02-13T08:26:38+00:00","dateModified":"2025-02-13T08:27:40+00:00","breadcrumb":{"@id":"https:\/\/tatco.vn\/vi\/san-pham\/dau-may-nen-khi-sinopec-l-dab-150\/#breadcrumb"},"inLanguage":"en-US","potentialAction":[{"@type":"ReadAction","target":["https:\/\/tatco.vn\/vi\/san-pham\/dau-may-nen-khi-sinopec-l-dab-150\/"]}]},{"@type":"ImageObject","inLanguage":"en-US","@id":"https:\/\/tatco.vn\/vi\/san-pham\/dau-may-nen-khi-sinopec-l-dab-150\/#primaryimage","url":"https:\/\/tatco.vn\/wp-content\/uploads\/2021\/06\/Sinopec-oil-product.png","contentUrl":"https:\/\/tatco.vn\/wp-content\/uploads\/2021\/06\/Sinopec-oil-product.png","width":1000,"height":1000},{"@type":"BreadcrumbList","@id":"https:\/\/tatco.vn\/vi\/san-pham\/dau-may-nen-khi-sinopec-l-dab-150\/#breadcrumb","itemListElement":[{"@type":"ListItem","position":1,"name":"Home","item":"https:\/\/tatco.vn\/"},{"@type":"ListItem","position":2,"name":"C\u1eeda h\u00e0ng","item":"https:\/\/tatco.vn\/en\/mua\/"},{"@type":"ListItem","position":3,"name":"D\u1ea7u m\u00e1y n\u00e9n kh\u00ed Sinopec L-DAB 150"}]},{"@type":"WebSite","@id":"https:\/\/tatco.vn\/en\/#website","url":"https:\/\/tatco.vn\/en\/","name":"T&amp;T Viet Nam Lubricants Co.,LTD","description":"Right Point - Right Time - Best Solution","publisher":{"@id":"https:\/\/tatco.vn\/en\/#organization"},"potentialAction":[{"@type":"SearchAction","target":{"@type":"EntryPoint","urlTemplate":"https:\/\/tatco.vn\/en\/?s={search_term_string}"},"query-input":{"@type":"PropertyValueSpecification","valueRequired":true,"valueName":"search_term_string"}}],"inLanguage":"en-US"},{"@type":"Organization","@id":"https:\/\/tatco.vn\/en\/#organization","name":"C\u00f4ng Ty TNHH D\u1ea7u Nh\u1eddn T&T Vi\u1ec7t Nam","url":"https:\/\/tatco.vn\/en\/","logo":{"@type":"ImageObject","inLanguage":"en-US","@id":"https:\/\/tatco.vn\/en\/#\/schema\/logo\/image\/","url":"https:\/\/tatco.vn\/wp-content\/uploads\/2019\/05\/fav-ico.png","contentUrl":"https:\/\/tatco.vn\/wp-content\/uploads\/2019\/05\/fav-ico.png","width":200,"height":200,"caption":"C\u00f4ng Ty TNHH D\u1ea7u Nh\u1eddn T&T Vi\u1ec7t Nam"},"image":{"@id":"https:\/\/tatco.vn\/en\/#\/schema\/logo\/image\/"}}]}},"_links":{"self":[{"href":"https:\/\/tatco.vn\/en\/wp-json\/wp\/v2\/product\/28196","targetHints":{"allow":["GET"]}}],"collection":[{"href":"https:\/\/tatco.vn\/en\/wp-json\/wp\/v2\/product"}],"about":[{"href":"https:\/\/tatco.vn\/en\/wp-json\/wp\/v2\/types\/product"}],"replies":[{"embeddable":true,"href":"https:\/\/tatco.vn\/en\/wp-json\/wp\/v2\/comments?post=28196"}],"version-history":[{"count":0,"href":"https:\/\/tatco.vn\/en\/wp-json\/wp\/v2\/product\/28196\/revisions"}],"wp:featuredmedia":[{"embeddable":true,"href":"https:\/\/tatco.vn\/en\/wp-json\/wp\/v2\/media\/27397"}],"wp:attachment":[{"href":"https:\/\/tatco.vn\/en\/wp-json\/wp\/v2\/media?parent=28196"}],"wp:term":[{"taxonomy":"product_cat","embeddable":true,"href":"https:\/\/tatco.vn\/en\/wp-json\/wp\/v2\/product_cat?post=28196"},{"taxonomy":"product_tag","embeddable":true,"href":"https:\/\/tatco.vn\/en\/wp-json\/wp\/v2\/product_tag?post=28196"}],"curies":[{"name":"wp","href":"https:\/\/api.w.org\/{rel}","templated":true}]}}