{"id":28182,"date":"2025-02-13T15:15:06","date_gmt":"2025-02-13T08:15:06","guid":{"rendered":"https:\/\/tatco.vn\/vi\/?post_type=product&#038;p=28182"},"modified":"2025-02-13T15:15:07","modified_gmt":"2025-02-13T08:15:07","slug":"dau-may-nen-khi-sinopec-l-daa-100","status":"publish","type":"product","link":"https:\/\/tatco.vn\/en\/product\/sinopec-compressor-oil-l-daa-100\/","title":{"rendered":"Sinopec Compressor Oil L-DAA 100"},"content":{"rendered":"<p><\/p>\n<p style=\"text-align: justify\"><strong>Sinopec L-DAA Air Compressor Oil<\/strong> is a lubricating oil formulated with highly refined mineral base oil and well-chosen additives, suitable for the lubrication of low-duty reciprocating air compressors. This product is available in several grades, including 100, 125, 150, and 220, based on its kinematic viscosity at 40\u2103.<\/p>\n<h3 style=\"text-align: justify\">Applications:<\/h3>\n<p style=\"text-align: justify\"><strong>Sinopec L-DAA Air Compressor Oil<\/strong> is suitable for use in:<\/p>\n<ul style=\"text-align: justify\">\n<li>Lubrication of low-duty reciprocating air compressors.<\/li>\n<\/ul>\n<h3 style=\"text-align: justify\">Features and Benefits:<\/h3>\n<ul>\n<li style=\"text-align: justify\">Narrow distillation range, low volatility, and relatively high flash point.<\/li>\n<li style=\"text-align: justify\">Good thermal-oxidation stability, not likely to form carbon deposits under high-temperature conditions.<\/li>\n<li>\n<p style=\"text-align: justify\">Good anti-rust and anti-corrosion performance, preventing cylinder and vent valve from corrosion and rust.<\/p>\n<\/li>\n<\/ul>\n<h3>Typical Properties and Specifications:<\/h3>\n<div>\n<div>\n<div class=\"table-responsive\">\n<table class=\"table table-striped\">\n<thead>\n<tr>\n<th><strong>Property<\/strong><\/th>\n<th><strong>100<\/strong><\/th>\n<th><strong>125<\/strong><\/th>\n<th><strong>150<\/strong><\/th>\n<th><strong>220<\/strong><\/th>\n<\/tr>\n<\/thead>\n<tbody>\n<tr>\n<td><strong>Kinematic Viscosity, ASTM D445<\/strong><\/td>\n<td><\/td>\n<td><\/td>\n<td><\/td>\n<td><\/td>\n<\/tr>\n<tr>\n<td><strong>cSt @ 40\u2103<\/strong><\/td>\n<td>99.06<\/td>\n<td>124.6<\/td>\n<td>149.0<\/td>\n<td>220.0<\/td>\n<\/tr>\n<tr>\n<td><strong>cSt @ 100\u2103<\/strong><\/td>\n<td>11.26<\/td>\n<td>12.7<\/td>\n<td>14.38<\/td>\n<td>18.60<\/td>\n<\/tr>\n<tr>\n<td><strong>Viscosity Index, ASTM D2270<\/strong><\/td>\n<td>94<\/td>\n<td>94<\/td>\n<td>94<\/td>\n<td>94<\/td>\n<\/tr>\n<tr>\n<td><strong>Neutralisation Number, mg KOH\/g, ASTM D664<\/strong><\/td>\n<td>0.17<\/td>\n<td>&#8211;<\/td>\n<td>0.09<\/td>\n<td>0.07<\/td>\n<\/tr>\n<tr>\n<td><strong>Copper Corrosion, 3 hours @ 100\u2103, ASTM D130<\/strong><\/td>\n<td>1b<\/td>\n<td>1b<\/td>\n<td>1b<\/td>\n<td>1b<\/td>\n<\/tr>\n<tr>\n<td><strong>Pour Point, \u2103, ASTM D97<\/strong><\/td>\n<td>-18<\/td>\n<td>-18<\/td>\n<td>-12<\/td>\n<td>-9<\/td>\n<\/tr>\n<tr>\n<td><strong>Flash Point (COC), \u2103, ASTM D92<\/strong><\/td>\n<td>254<\/td>\n<td>263<\/td>\n<td>270<\/td>\n<td>276<\/td>\n<\/tr>\n<tr>\n<td><strong>Density @ 20\u2103, kg\/l, ASTM D4052<\/strong><\/td>\n<td>0.880<\/td>\n<td>0.881<\/td>\n<td>0.886<\/td>\n<td>0.889<\/td>\n<\/tr>\n<\/tbody>\n<\/table>\n<\/div>\n<div><\/div>\n<\/div>\n<\/div>\n<p><\/p>","protected":false},"excerpt":{"rendered":"<p style=\"text-align: justify\"><strong>Sinopec L-DAA Air Compressor Oil<\/strong> is a lubricating oil formulated with highly refined mineral base oil and well-chosen additives, suitable for the lubrication of low-duty reciprocating air compressors. This product is available in several grades, including 100, 125, 150, and 220, based on its kinematic viscosity at 40\u2103.<\/p>\n","protected":false},"featured_media":27397,"comment_status":"closed","ping_status":"closed","template":"","meta":[],"product_cat":[773,1146,1221,719],"product_tag":[1229,1232,1225,1226,1227,1228,1223,1230,1231,1224],"class_list":{"0":"post-28182","1":"product","2":"type-product","3":"status-publish","4":"has-post-thumbnail","6":"product_brand-sinopec","7":"product_cat-dau-cong-nghiep-sinopec","8":"product_cat-dau-may-nen-khi-sinopec","9":"product_cat-dau-may-nen-khi-sinopec-l-daa","10":"product_cat-dau-nhot-sinopec","11":"product_tag-dau-boi-tron-may-nen-khi","12":"product_tag-dau-chiu-nhiet-do-cao-cho-may-nen-khi","13":"product_tag-dau-may-nen-khi-iso-vg-100","14":"product_tag-dau-may-nen-khi-iso-vg-125","15":"product_tag-dau-may-nen-khi-iso-vg-150","16":"product_tag-dau-may-nen-khi-iso-vg-220","17":"product_tag-dau-may-nen-khi-sinopec","18":"product_tag-dau-nen-khi-chiu-ap-luc","19":"product_tag-dau-nhot-may-nen-khi","20":"product_tag-sinopec-l-daa-air-compressor-oil","22":"first","23":"instock","24":"shipping-taxable","25":"product-type-simple"},"yoast_head":"<!-- This site is optimized with the Yoast SEO plugin v27.2 - https:\/\/yoast.com\/product\/yoast-seo-wordpress\/ -->\n<title>Sinopec Compressor Oil L-DAA 100 - T&amp;T Viet Nam Lubricants Co.,LTD<\/title>\n<meta name=\"robots\" content=\"index, follow, max-snippet:-1, max-image-preview:large, max-video-preview:-1\" \/>\n<link rel=\"canonical\" href=\"https:\/\/tatco.vn\/vi\/san-pham\/dau-may-nen-khi-sinopec-l-daa-100\/\" \/>\n<meta property=\"og:locale\" content=\"en_US\" \/>\n<meta property=\"og:type\" content=\"article\" \/>\n<meta property=\"og:title\" content=\"Sinopec Compressor Oil L-DAA 100 - T&amp;T Viet Nam Lubricants Co.,LTD\" \/>\n<meta property=\"og:url\" content=\"https:\/\/tatco.vn\/vi\/san-pham\/dau-may-nen-khi-sinopec-l-daa-100\/\" \/>\n<meta property=\"og:site_name\" content=\"T&amp;T Viet Nam Lubricants Co.,LTD\" \/>\n<meta property=\"article:modified_time\" content=\"2025-02-13T08:15:07+00:00\" \/>\n<meta property=\"og:image\" content=\"https:\/\/tatco.vn\/wp-content\/uploads\/2021\/06\/Sinopec-oil-product.png\" \/>\n\t<meta property=\"og:image:width\" content=\"1000\" \/>\n\t<meta property=\"og:image:height\" content=\"1000\" \/>\n\t<meta property=\"og:image:type\" content=\"image\/png\" \/>\n<meta name=\"twitter:card\" content=\"summary_large_image\" \/>\n<meta name=\"twitter:label1\" content=\"Est. reading time\" \/>\n\t<meta name=\"twitter:data1\" content=\"2 minutes\" \/>\n<script type=\"application\/ld+json\" class=\"yoast-schema-graph\">{\"@context\":\"https:\/\/schema.org\",\"@graph\":[{\"@type\":\"WebPage\",\"@id\":\"https:\/\/tatco.vn\/vi\/san-pham\/dau-may-nen-khi-sinopec-l-daa-100\/\",\"url\":\"https:\/\/tatco.vn\/vi\/san-pham\/dau-may-nen-khi-sinopec-l-daa-100\/\",\"name\":\"Sinopec Compressor Oil L-DAA 100 - T&amp;T Viet Nam Lubricants Co.,LTD\",\"isPartOf\":{\"@id\":\"https:\/\/tatco.vn\/en\/#website\"},\"primaryImageOfPage\":{\"@id\":\"https:\/\/tatco.vn\/vi\/san-pham\/dau-may-nen-khi-sinopec-l-daa-100\/#primaryimage\"},\"image\":{\"@id\":\"https:\/\/tatco.vn\/vi\/san-pham\/dau-may-nen-khi-sinopec-l-daa-100\/#primaryimage\"},\"thumbnailUrl\":\"https:\/\/tatco.vn\/wp-content\/uploads\/2021\/06\/Sinopec-oil-product.png\",\"datePublished\":\"2025-02-13T08:15:06+00:00\",\"dateModified\":\"2025-02-13T08:15:07+00:00\",\"breadcrumb\":{\"@id\":\"https:\/\/tatco.vn\/vi\/san-pham\/dau-may-nen-khi-sinopec-l-daa-100\/#breadcrumb\"},\"inLanguage\":\"en-US\",\"potentialAction\":[{\"@type\":\"ReadAction\",\"target\":[\"https:\/\/tatco.vn\/vi\/san-pham\/dau-may-nen-khi-sinopec-l-daa-100\/\"]}]},{\"@type\":\"ImageObject\",\"inLanguage\":\"en-US\",\"@id\":\"https:\/\/tatco.vn\/vi\/san-pham\/dau-may-nen-khi-sinopec-l-daa-100\/#primaryimage\",\"url\":\"https:\/\/tatco.vn\/wp-content\/uploads\/2021\/06\/Sinopec-oil-product.png\",\"contentUrl\":\"https:\/\/tatco.vn\/wp-content\/uploads\/2021\/06\/Sinopec-oil-product.png\",\"width\":1000,\"height\":1000},{\"@type\":\"BreadcrumbList\",\"@id\":\"https:\/\/tatco.vn\/vi\/san-pham\/dau-may-nen-khi-sinopec-l-daa-100\/#breadcrumb\",\"itemListElement\":[{\"@type\":\"ListItem\",\"position\":1,\"name\":\"Home\",\"item\":\"https:\/\/tatco.vn\/\"},{\"@type\":\"ListItem\",\"position\":2,\"name\":\"C\u1eeda h\u00e0ng\",\"item\":\"https:\/\/tatco.vn\/en\/mua\/\"},{\"@type\":\"ListItem\",\"position\":3,\"name\":\"D\u1ea7u m\u00e1y n\u00e9n kh\u00ed Sinopec L-DAA 100\"}]},{\"@type\":\"WebSite\",\"@id\":\"https:\/\/tatco.vn\/en\/#website\",\"url\":\"https:\/\/tatco.vn\/en\/\",\"name\":\"T&amp;T Viet Nam Lubricants Co.,LTD\",\"description\":\"Right Point - Right Time - Best Solution\",\"publisher\":{\"@id\":\"https:\/\/tatco.vn\/en\/#organization\"},\"potentialAction\":[{\"@type\":\"SearchAction\",\"target\":{\"@type\":\"EntryPoint\",\"urlTemplate\":\"https:\/\/tatco.vn\/en\/?s={search_term_string}\"},\"query-input\":{\"@type\":\"PropertyValueSpecification\",\"valueRequired\":true,\"valueName\":\"search_term_string\"}}],\"inLanguage\":\"en-US\"},{\"@type\":\"Organization\",\"@id\":\"https:\/\/tatco.vn\/en\/#organization\",\"name\":\"C\u00f4ng Ty TNHH D\u1ea7u Nh\u1eddn T&T Vi\u1ec7t Nam\",\"url\":\"https:\/\/tatco.vn\/en\/\",\"logo\":{\"@type\":\"ImageObject\",\"inLanguage\":\"en-US\",\"@id\":\"https:\/\/tatco.vn\/en\/#\/schema\/logo\/image\/\",\"url\":\"https:\/\/tatco.vn\/wp-content\/uploads\/2019\/05\/fav-ico.png\",\"contentUrl\":\"https:\/\/tatco.vn\/wp-content\/uploads\/2019\/05\/fav-ico.png\",\"width\":200,\"height\":200,\"caption\":\"C\u00f4ng Ty TNHH D\u1ea7u Nh\u1eddn T&T Vi\u1ec7t Nam\"},\"image\":{\"@id\":\"https:\/\/tatco.vn\/en\/#\/schema\/logo\/image\/\"}}]}<\/script>\n<!-- \/ Yoast SEO plugin. -->","yoast_head_json":{"title":"Sinopec Compressor Oil L-DAA 100 - T&amp;T Viet Nam Lubricants Co.,LTD","robots":{"index":"index","follow":"follow","max-snippet":"max-snippet:-1","max-image-preview":"max-image-preview:large","max-video-preview":"max-video-preview:-1"},"canonical":"https:\/\/tatco.vn\/vi\/san-pham\/dau-may-nen-khi-sinopec-l-daa-100\/","og_locale":"en_US","og_type":"article","og_title":"Sinopec Compressor Oil L-DAA 100 - T&amp;T Viet Nam Lubricants Co.,LTD","og_url":"https:\/\/tatco.vn\/vi\/san-pham\/dau-may-nen-khi-sinopec-l-daa-100\/","og_site_name":"T&amp;T Viet Nam Lubricants Co.,LTD","article_modified_time":"2025-02-13T08:15:07+00:00","og_image":[{"width":1000,"height":1000,"url":"https:\/\/tatco.vn\/wp-content\/uploads\/2021\/06\/Sinopec-oil-product.png","type":"image\/png"}],"twitter_card":"summary_large_image","twitter_misc":{"Est. reading time":"2 minutes"},"schema":{"@context":"https:\/\/schema.org","@graph":[{"@type":"WebPage","@id":"https:\/\/tatco.vn\/vi\/san-pham\/dau-may-nen-khi-sinopec-l-daa-100\/","url":"https:\/\/tatco.vn\/vi\/san-pham\/dau-may-nen-khi-sinopec-l-daa-100\/","name":"Sinopec Compressor Oil L-DAA 100 - T&amp;T Viet Nam Lubricants Co.,LTD","isPartOf":{"@id":"https:\/\/tatco.vn\/en\/#website"},"primaryImageOfPage":{"@id":"https:\/\/tatco.vn\/vi\/san-pham\/dau-may-nen-khi-sinopec-l-daa-100\/#primaryimage"},"image":{"@id":"https:\/\/tatco.vn\/vi\/san-pham\/dau-may-nen-khi-sinopec-l-daa-100\/#primaryimage"},"thumbnailUrl":"https:\/\/tatco.vn\/wp-content\/uploads\/2021\/06\/Sinopec-oil-product.png","datePublished":"2025-02-13T08:15:06+00:00","dateModified":"2025-02-13T08:15:07+00:00","breadcrumb":{"@id":"https:\/\/tatco.vn\/vi\/san-pham\/dau-may-nen-khi-sinopec-l-daa-100\/#breadcrumb"},"inLanguage":"en-US","potentialAction":[{"@type":"ReadAction","target":["https:\/\/tatco.vn\/vi\/san-pham\/dau-may-nen-khi-sinopec-l-daa-100\/"]}]},{"@type":"ImageObject","inLanguage":"en-US","@id":"https:\/\/tatco.vn\/vi\/san-pham\/dau-may-nen-khi-sinopec-l-daa-100\/#primaryimage","url":"https:\/\/tatco.vn\/wp-content\/uploads\/2021\/06\/Sinopec-oil-product.png","contentUrl":"https:\/\/tatco.vn\/wp-content\/uploads\/2021\/06\/Sinopec-oil-product.png","width":1000,"height":1000},{"@type":"BreadcrumbList","@id":"https:\/\/tatco.vn\/vi\/san-pham\/dau-may-nen-khi-sinopec-l-daa-100\/#breadcrumb","itemListElement":[{"@type":"ListItem","position":1,"name":"Home","item":"https:\/\/tatco.vn\/"},{"@type":"ListItem","position":2,"name":"C\u1eeda h\u00e0ng","item":"https:\/\/tatco.vn\/en\/mua\/"},{"@type":"ListItem","position":3,"name":"D\u1ea7u m\u00e1y n\u00e9n kh\u00ed Sinopec L-DAA 100"}]},{"@type":"WebSite","@id":"https:\/\/tatco.vn\/en\/#website","url":"https:\/\/tatco.vn\/en\/","name":"T&amp;T Viet Nam Lubricants Co.,LTD","description":"Right Point - Right Time - Best Solution","publisher":{"@id":"https:\/\/tatco.vn\/en\/#organization"},"potentialAction":[{"@type":"SearchAction","target":{"@type":"EntryPoint","urlTemplate":"https:\/\/tatco.vn\/en\/?s={search_term_string}"},"query-input":{"@type":"PropertyValueSpecification","valueRequired":true,"valueName":"search_term_string"}}],"inLanguage":"en-US"},{"@type":"Organization","@id":"https:\/\/tatco.vn\/en\/#organization","name":"C\u00f4ng Ty TNHH D\u1ea7u Nh\u1eddn T&T Vi\u1ec7t Nam","url":"https:\/\/tatco.vn\/en\/","logo":{"@type":"ImageObject","inLanguage":"en-US","@id":"https:\/\/tatco.vn\/en\/#\/schema\/logo\/image\/","url":"https:\/\/tatco.vn\/wp-content\/uploads\/2019\/05\/fav-ico.png","contentUrl":"https:\/\/tatco.vn\/wp-content\/uploads\/2019\/05\/fav-ico.png","width":200,"height":200,"caption":"C\u00f4ng Ty TNHH D\u1ea7u Nh\u1eddn T&T Vi\u1ec7t Nam"},"image":{"@id":"https:\/\/tatco.vn\/en\/#\/schema\/logo\/image\/"}}]}},"_links":{"self":[{"href":"https:\/\/tatco.vn\/en\/wp-json\/wp\/v2\/product\/28182","targetHints":{"allow":["GET"]}}],"collection":[{"href":"https:\/\/tatco.vn\/en\/wp-json\/wp\/v2\/product"}],"about":[{"href":"https:\/\/tatco.vn\/en\/wp-json\/wp\/v2\/types\/product"}],"replies":[{"embeddable":true,"href":"https:\/\/tatco.vn\/en\/wp-json\/wp\/v2\/comments?post=28182"}],"version-history":[{"count":0,"href":"https:\/\/tatco.vn\/en\/wp-json\/wp\/v2\/product\/28182\/revisions"}],"wp:featuredmedia":[{"embeddable":true,"href":"https:\/\/tatco.vn\/en\/wp-json\/wp\/v2\/media\/27397"}],"wp:attachment":[{"href":"https:\/\/tatco.vn\/en\/wp-json\/wp\/v2\/media?parent=28182"}],"wp:term":[{"taxonomy":"product_cat","embeddable":true,"href":"https:\/\/tatco.vn\/en\/wp-json\/wp\/v2\/product_cat?post=28182"},{"taxonomy":"product_tag","embeddable":true,"href":"https:\/\/tatco.vn\/en\/wp-json\/wp\/v2\/product_tag?post=28182"}],"curies":[{"name":"wp","href":"https:\/\/api.w.org\/{rel}","templated":true}]}}