{"id":28096,"date":"2025-02-09T10:28:44","date_gmt":"2025-02-09T03:28:44","guid":{"rendered":"https:\/\/tatco.vn\/vi\/?post_type=product&#038;p=28096"},"modified":"2025-02-09T10:35:09","modified_gmt":"2025-02-09T03:35:09","slug":"dau-banh-rang-sinopec-l-ckd-680-18l","status":"publish","type":"product","link":"https:\/\/tatco.vn\/en\/product\/sinopec-l-ckd-680-18l\/","title":{"rendered":"Sinopec L-CKD 680 18L"},"content":{"rendered":"<section class=\"wpb-content-wrapper\"><p>[vc_row][vc_column][vc_column_text]<\/p>\n<h2>Sinopec L CKD Heavy Duty Industrial Gear Oil 680 18L<\/h2>\n<p style=\"text-align: justify\"><strong>Sinopec L CKD Heavy Duty Industrial Gear Oil 680 <\/strong>is a range of high-performance gear oils formulated with high-quality mineral oils and an advanced multifunctional additive. These oils are designed for use in enclosed industrial gear drives where they offer excellent extreme pressure and load carrying properties.<\/p>\n<h2><strong><span class=\"fontstyle0\">Features and benefits<\/span><\/strong><\/h2>\n<ul>\n<li style=\"text-align: justify\"><span class=\"fontstyle0\">\u00a0<\/span><span class=\"fontstyle2\">Excellent extreme pressure(EP) and antiwear performance protect gear teeth and bearing surfaces against seizure, scuffing, spalling and wear, even in severe high-load and shock-loading conditions, extending component life and lowering operating noise.<\/span><\/li>\n<li style=\"text-align: justify\"><span class=\"fontstyle2\">Excellent thermal and oxidation stability minimise the build up of sludge and varnish deposits that can reduce component life; and ensure lubricant stability and longer life even with high bulk oil temperatures, reducing the maintenance costs associated with oil changes.<\/span><\/li>\n<li style=\"text-align: justify\"><span class=\"fontstyle2\">Protection against copper corrosion and rusting extends the life of copper alloys and steel components.<\/span><\/li>\n<li style=\"text-align: justify\"><span class=\"fontstyle2\">Good anti-foaming properties ensure optimum oil film thickness, protecting against wear, and minimising leakage and overflow from gear boxes and oil reservoirs<\/span><\/li>\n<li style=\"text-align: justify\"><span class=\"fontstyle2\">Excellent water separation properties prevent the formation of emulsions and allow excess water to be easily drained from the system, ensuring effective corrosion prevention, optimum lubrication and protecting components against surface fatigue and wear.<\/span><\/li>\n<li style=\"text-align: justify\"><span class=\"fontstyle2\">Available in a wide range of viscosity grades to meet the specific needs of the application.<\/span><\/li>\n<li style=\"text-align: justify\"><span class=\"fontstyle2\">Fully compatible with common seal materials, to extend seal life and prevent fluid leakage.<\/span><\/li>\n<\/ul>\n<h2 style=\"text-align: justify\"><span class=\"fontstyle0\">Typical data<\/span><a href=\"https:\/\/tatco.vn\/en\/product-cat\/sinopec-oil\/sinopec-gear-oil\/\"><br \/>\n<\/a><\/h2>\n<div class=\"table-responsive\">\n<div class=\"table-responsive\">\n<table class=\"table table-striped\">\n<tbody>\n<tr>\n<td style=\"text-align: left\" width=\"550\"><span class=\"fontstyle0\">Sinopec L-CKD Heavy Duty Industrial Gear Oil<\/span><\/td>\n<td><\/td>\n<td><\/td>\n<td><\/td>\n<td><\/td>\n<td><\/td>\n<td><\/td>\n<td><\/td>\n<td><\/td>\n<\/tr>\n<tr>\n<td style=\"text-align: left\" width=\"231\"><span class=\"fontstyle2\">ISO viscosity grade <\/span><\/td>\n<td width=\"57\"><span class=\"fontstyle2\">68 <\/span><\/td>\n<td width=\"57\"><span class=\"fontstyle2\">100 <\/span><\/td>\n<td width=\"57\"><span class=\"fontstyle2\">150 <\/span><\/td>\n<td width=\"57\"><span class=\"fontstyle2\">220 <\/span><\/td>\n<td width=\"57\"><span class=\"fontstyle2\">320 <\/span><\/td>\n<td width=\"58\"><span class=\"fontstyle2\">460 <\/span><\/td>\n<td width=\"57\"><span class=\"fontstyle2\">680 <\/span><\/td>\n<td width=\"57\"><span class=\"fontstyle2\">1000<\/span><\/td>\n<\/tr>\n<tr>\n<td style=\"text-align: left\" width=\"231\"><span class=\"fontstyle2\">Kinematic viscosity, ASTM D 445<\/span><\/td>\n<td><\/td>\n<td><\/td>\n<td><\/td>\n<td><\/td>\n<td><\/td>\n<td><\/td>\n<td><\/td>\n<td><\/td>\n<\/tr>\n<tr>\n<td style=\"text-align: left\" width=\"231\"><span class=\"fontstyle2\">cSt @ 40\u00b0C <\/span><\/td>\n<td width=\"57\"><span class=\"fontstyle2\">66.48 <\/span><\/td>\n<td width=\"57\"><span class=\"fontstyle2\">99.16 <\/span><\/td>\n<td width=\"57\"><span class=\"fontstyle2\">149.9 <\/span><\/td>\n<td width=\"57\"><span class=\"fontstyle2\">217.0 <\/span><\/td>\n<td width=\"57\"><span class=\"fontstyle2\">313.0 <\/span><\/td>\n<td width=\"58\"><span class=\"fontstyle2\">432.0 <\/span><\/td>\n<td width=\"57\"><span class=\"fontstyle2\">688.7 <\/span><\/td>\n<td width=\"57\"><span class=\"fontstyle2\">1002.0<\/span><\/td>\n<\/tr>\n<tr>\n<td style=\"text-align: left\" width=\"231\"><span class=\"fontstyle2\">cSt @ 100\u00b0C <\/span><\/td>\n<td width=\"57\"><span class=\"fontstyle2\">8.54 <\/span><\/td>\n<td width=\"57\"><span class=\"fontstyle2\">11.08 <\/span><\/td>\n<td width=\"57\"><span class=\"fontstyle2\">14.5 <\/span><\/td>\n<td width=\"57\"><span class=\"fontstyle2\">18.3 <\/span><\/td>\n<td width=\"57\"><span class=\"fontstyle2\">23.1 <\/span><\/td>\n<td width=\"58\"><span class=\"fontstyle2\">29.6 <\/span><\/td>\n<td width=\"57\"><span class=\"fontstyle2\">42.0 <\/span><\/td>\n<td width=\"57\"><span class=\"fontstyle2\">57.0<\/span><\/td>\n<\/tr>\n<tr>\n<td style=\"text-align: left\" width=\"231\"><span class=\"fontstyle2\">Viscosity index, ASTM D 2270 <\/span><\/td>\n<td width=\"57\"><span class=\"fontstyle2\">98 <\/span><\/td>\n<td width=\"57\"><span class=\"fontstyle2\">96 <\/span><\/td>\n<td width=\"57\"><span class=\"fontstyle2\">95 <\/span><\/td>\n<td width=\"57\"><span class=\"fontstyle2\">97 <\/span><\/td>\n<td width=\"57\"><span class=\"fontstyle2\">96 <\/span><\/td>\n<td width=\"58\"><span class=\"fontstyle2\">97 <\/span><\/td>\n<td width=\"57\"><span class=\"fontstyle2\">101 <\/span><\/td>\n<td width=\"57\"><span class=\"fontstyle2\">110<\/span><\/td>\n<\/tr>\n<tr>\n<td style=\"text-align: left\" width=\"231\"><span class=\"fontstyle2\">FZG scuffing test, fail load stage,<br \/>\nA\/8.3\/90, DIN 51354 <\/span><\/td>\n<td width=\"57\"><span class=\"fontstyle2\">12+ <\/span><\/td>\n<td width=\"57\"><span class=\"fontstyle2\">12+ <\/span><\/td>\n<td width=\"57\"><span class=\"fontstyle2\">12+ <\/span><\/td>\n<td width=\"57\"><span class=\"fontstyle2\">12+ <\/span><\/td>\n<td width=\"57\"><span class=\"fontstyle2\">12+ <\/span><\/td>\n<td width=\"58\"><span class=\"fontstyle2\">12+ <\/span><\/td>\n<td width=\"57\"><span class=\"fontstyle2\">12+ <\/span><\/td>\n<td width=\"57\"><span class=\"fontstyle2\">12+<\/span><\/td>\n<\/tr>\n<tr>\n<td style=\"text-align: left\" width=\"231\"><span class=\"fontstyle2\">Timken OK load, lb, ASTM D 2782 <\/span><\/td>\n<td width=\"57\"><span class=\"fontstyle2\">60 <\/span><\/td>\n<td width=\"57\"><span class=\"fontstyle2\">60 <\/span><\/td>\n<td width=\"57\"><span class=\"fontstyle2\">60 <\/span><\/td>\n<td width=\"57\"><span class=\"fontstyle2\">60 <\/span><\/td>\n<td width=\"57\"><span class=\"fontstyle2\">60 <\/span><\/td>\n<td width=\"58\"><span class=\"fontstyle2\">60 <\/span><\/td>\n<td width=\"57\"><span class=\"fontstyle2\">60 <\/span><\/td>\n<td width=\"57\"><span class=\"fontstyle2\">60<\/span><\/td>\n<\/tr>\n<tr>\n<td style=\"text-align: left\" width=\"231\"><span class=\"fontstyle2\">Four ball EP, ASTM D 2783<br \/>\nweld load, kg<br \/>\nload wear index<\/span><\/td>\n<td width=\"57\"><span class=\"fontstyle2\">315<br \/>\n465<\/span><\/td>\n<td width=\"57\"><span class=\"fontstyle2\">315<br \/>\n502<\/span><\/td>\n<td width=\"57\"><span class=\"fontstyle2\">315<br \/>\n549<\/span><\/td>\n<td width=\"57\"><span class=\"fontstyle2\">315<br \/>\n549<\/span><\/td>\n<td width=\"57\"><span class=\"fontstyle2\">315<br \/>\n565<\/span><\/td>\n<td width=\"58\"><span class=\"fontstyle2\">315<br \/>\n588<\/span><\/td>\n<td width=\"57\"><span class=\"fontstyle2\">315<br \/>\n587<\/span><\/td>\n<td width=\"57\"><span class=\"fontstyle2\">315<br \/>\n600<\/span><\/td>\n<\/tr>\n<tr>\n<td style=\"text-align: left\" width=\"231\"><span class=\"fontstyle2\">Rust prevention, synthetic sea water,<br \/>\nASTM D 665B <\/span><\/td>\n<td width=\"57\"><span class=\"fontstyle2\">pass <\/span><\/td>\n<td width=\"57\"><span class=\"fontstyle2\">pass <\/span><\/td>\n<td width=\"57\"><span class=\"fontstyle2\">pass <\/span><\/td>\n<td width=\"57\"><span class=\"fontstyle2\">pass <\/span><\/td>\n<td width=\"57\"><span class=\"fontstyle2\">pass <\/span><\/td>\n<td width=\"58\"><span class=\"fontstyle2\">pass <\/span><\/td>\n<td width=\"57\"><span class=\"fontstyle2\">pass <\/span><\/td>\n<td width=\"57\"><span class=\"fontstyle2\">pass<\/span><\/td>\n<\/tr>\n<tr>\n<td style=\"text-align: left\" width=\"231\"><span class=\"fontstyle2\">Copper corrosion, 3 hours @ 100\u00b0C,<br \/>\nASTM D 130 <\/span><\/td>\n<td width=\"57\"><span class=\"fontstyle2\">1b <\/span><\/td>\n<td width=\"57\"><span class=\"fontstyle2\">1b <\/span><\/td>\n<td width=\"57\"><span class=\"fontstyle2\">1b <\/span><\/td>\n<td width=\"57\"><span class=\"fontstyle2\">1b <\/span><\/td>\n<td width=\"57\"><span class=\"fontstyle2\">1b <\/span><\/td>\n<td width=\"58\"><span class=\"fontstyle2\">1b <\/span><\/td>\n<td width=\"57\"><span class=\"fontstyle2\">1b <\/span><\/td>\n<td width=\"57\"><span class=\"fontstyle2\">1b<\/span><\/td>\n<\/tr>\n<tr>\n<td style=\"text-align: left\" width=\"231\"><span class=\"fontstyle2\">Foaming characteristics, ASTM D 892<br \/>\nsequence I<br \/>\nsequence II<br \/>\nsequence III<\/span><\/td>\n<td width=\"57\"><span class=\"fontstyle2\">0\/0<br \/>\n10\/0<br \/>\n0\/0<\/span><\/td>\n<td width=\"57\"><span class=\"fontstyle2\">0\/0<br \/>\n10\/0<br \/>\n0\/0<\/span><\/td>\n<td width=\"57\"><span class=\"fontstyle2\">0\/0<br \/>\n10\/0<br \/>\n0\/0<\/span><\/td>\n<td width=\"57\"><span class=\"fontstyle2\">0\/0<br \/>\n10\/0<br \/>\n0\/0<\/span><\/td>\n<td width=\"57\"><span class=\"fontstyle2\">0\/0<br \/>\n10\/0<br \/>\n0\/0<\/span><\/td>\n<td width=\"58\"><span class=\"fontstyle2\">0\/0<br \/>\n10\/0<br \/>\n0\/0<\/span><\/td>\n<td width=\"57\"><span class=\"fontstyle2\">0\/0<br \/>\n20\/0<br \/>\n0\/0<\/span><\/td>\n<td width=\"57\"><span class=\"fontstyle2\">0\/0<br \/>\n20\/0<br \/>\n0\/0<\/span><\/td>\n<\/tr>\n<tr>\n<td style=\"text-align: left\" width=\"231\"><span class=\"fontstyle2\">Demulsibility @ 82\u00b0C, ASTM D 2711<br \/>\nwater in oil, %<br \/>\nemulsion, mL<br \/>\nseparated water, mL<\/span><\/td>\n<td width=\"57\"><span class=\"fontstyle2\">0.4<br \/>\n0.2<br \/>\n83.0<\/span><\/td>\n<td width=\"57\"><span class=\"fontstyle2\">1.0<br \/>\n0.5<br \/>\n84.0<\/span><\/td>\n<td width=\"57\"><span class=\"fontstyle2\">0.8<br \/>\n0.3<br \/>\n83.0<\/span><\/td>\n<td width=\"57\"><span class=\"fontstyle2\">0.5<br \/>\n0.2<br \/>\n86.3<\/span><\/td>\n<td width=\"57\"><span class=\"fontstyle2\">0.5<br \/>\n0.5<br \/>\n84.6<\/span><\/td>\n<td width=\"58\"><span class=\"fontstyle2\">0.9<br \/>\n0.2<br \/>\n83.2<\/span><\/td>\n<td width=\"57\"><span class=\"fontstyle2\">0.8<br \/>\n0.60<br \/>\n81.9<\/span><\/td>\n<td width=\"57\"><span class=\"fontstyle2\">1.0<br \/>\n0.8<br \/>\n81.5<\/span><\/td>\n<\/tr>\n<tr>\n<td style=\"text-align: left\" width=\"231\"><span class=\"fontstyle2\">Pour point, \u00b0C, ASTM D 97 <\/span><\/td>\n<td width=\"57\"><span class=\"fontstyle2\">-21 <\/span><\/td>\n<td width=\"57\"><span class=\"fontstyle2\">\u201317 <\/span><\/td>\n<td width=\"57\"><span class=\"fontstyle2\">\u201314 <\/span><\/td>\n<td width=\"57\"><span class=\"fontstyle2\">\u201312 <\/span><\/td>\n<td width=\"57\"><span class=\"fontstyle2\">\u20139 <\/span><\/td>\n<td width=\"58\"><span class=\"fontstyle2\">\u20139 <\/span><\/td>\n<td width=\"57\"><span class=\"fontstyle2\">\u20139 <\/span><\/td>\n<td width=\"57\"><span class=\"fontstyle2\">\u20139<\/span><\/td>\n<\/tr>\n<tr>\n<td style=\"text-align: left\" width=\"231\"><span class=\"fontstyle2\">Flash point (COC), \u00b0C, ASTM D 92 <\/span><\/td>\n<td width=\"57\"><span class=\"fontstyle2\">242 <\/span><\/td>\n<td width=\"57\"><span class=\"fontstyle2\">246 <\/span><\/td>\n<td width=\"57\"><span class=\"fontstyle2\">249 <\/span><\/td>\n<td width=\"57\"><span class=\"fontstyle2\">242 <\/span><\/td>\n<td width=\"57\"><span class=\"fontstyle2\">250 <\/span><\/td>\n<td width=\"58\"><span class=\"fontstyle2\">238 <\/span><\/td>\n<td width=\"57\"><span class=\"fontstyle2\">255 <\/span><\/td>\n<td width=\"57\"><span class=\"fontstyle2\">260<\/span><\/td>\n<\/tr>\n<tr>\n<td style=\"text-align: left\" width=\"231\"><span class=\"fontstyle2\">Density @ 20\u00b0C, kg\/m<\/span><span class=\"fontstyle2\">3<\/span><span class=\"fontstyle2\">, ASTM D 4052 <\/span><\/td>\n<td width=\"57\"><span class=\"fontstyle2\">882.4 <\/span><\/td>\n<td width=\"57\"><span class=\"fontstyle2\">882.6 <\/span><\/td>\n<td width=\"57\"><span class=\"fontstyle2\">888.7 <\/span><\/td>\n<td width=\"57\"><span class=\"fontstyle2\">892.6 <\/span><\/td>\n<td width=\"57\"><span class=\"fontstyle2\">896.6 <\/span><\/td>\n<td width=\"58\"><span class=\"fontstyle2\">898.7 <\/span><\/td>\n<td width=\"57\"><span class=\"fontstyle2\">899.5 <\/span><\/td>\n<td width=\"57\"><span class=\"fontstyle2\">898.5<\/span><\/td>\n<\/tr>\n<\/tbody>\n<\/table>\n<\/div>\n<\/div>\n<h4><a href=\"https:\/\/tatco.vn\/en\/product-cat\/sinopec-oil\/sinopec-gear-oil\/\">Add more categories: Click here.<\/a><a href=\"http:\/\/www.sinopec.com\/listco\/en\/products_service\/lubricants\/indu_lube\/indu_gear_o\/20161115\/news_20161115_589467242507.shtml\"><br \/>\nReferences <strong>Sinopec L-CKD Heavy Duty Industrial Gear Oil 680<\/strong>: Click here.<\/a><\/h4>\n<p>[\/vc_column_text][\/vc_column][\/vc_row]<\/p>\n<\/section>","protected":false},"excerpt":{"rendered":"<p style=\"text-align: justify\"><span class=\"\"><strong>D\u1ea7u b\u00e1nh r\u0103ng Sinopec L-CKD 680 <\/strong><\/span><span class=\"\">l\u00e0 d\u00f2ng s\u1ea3n ph\u1ea9m c\u00f3 hi\u1ec7u su\u1ea5t cao <\/span>d\u1ea7u b\u00e1nh r\u0103ng \u0111\u01b0\u1ee3c pha ch\u1ebf t\u1eeb d\u1ea7u kho\u00e1ng ch\u1ea5t l\u01b0\u1ee3ng cao v\u00e0 m\u1ed9t lo\u1ea1i d\u1ea7u ti\u00ean ti\u1ebfn ph\u1ee5 gia \u0111a ch\u1ee9c n\u0103ng. Nh\u1eefng lo\u1ea1i d\u1ea7u n\u00e0y \u0111\u01b0\u1ee3c thi\u1ebft k\u1ebf \u0111\u1ec3 s\u1eed d\u1ee5ng trong c\u00f4ng nghi\u1ec7p kh\u00e9p k\u00edn\u00a0truy\u1ec1n \u0111\u1ed9ng b\u00e1nh r\u0103ng n\u01a1i ch\u00fang cung c\u1ea5p kh\u1ea3 n\u0103ng ch\u1ecbu t\u1ea3i v\u00e0 ch\u1ecbu \u00e1p l\u1ef1c c\u1ef1c l\u1edbn.<\/p>\n","protected":false},"featured_media":27397,"comment_status":"closed","ping_status":"closed","template":"","meta":[],"product_cat":[739,738,719],"product_tag":[723,746,740],"class_list":{"0":"post-28096","1":"product","2":"type-product","3":"status-publish","4":"has-post-thumbnail","6":"product_brand-sinopec","7":"product_cat-sinopec-l-ckd-heavy-duty-industrial-gear-oil","8":"product_cat-dau-banh-rang-sinopec","9":"product_cat-dau-nhot-sinopec","10":"product_tag-sinopec","11":"product_tag-sinopec-l-ckd-680","12":"product_tag-sinopec-l-ckd","14":"first","15":"instock","16":"shipping-taxable","17":"product-type-simple"},"yoast_head":"<!-- This site is optimized with the Yoast SEO plugin v27.2 - https:\/\/yoast.com\/product\/yoast-seo-wordpress\/ -->\n<title>Sinopec L-CKD 680 18L - T&amp;T Viet Nam Lubricants Co.,LTD<\/title>\n<meta name=\"robots\" content=\"index, follow, max-snippet:-1, max-image-preview:large, max-video-preview:-1\" \/>\n<link rel=\"canonical\" href=\"https:\/\/tatco.vn\/vi\/san-pham\/dau-banh-rang-sinopec-l-ckd-680-18l\/\" \/>\n<meta property=\"og:locale\" content=\"en_US\" \/>\n<meta property=\"og:type\" content=\"article\" \/>\n<meta property=\"og:title\" content=\"Sinopec L-CKD 680 18L - T&amp;T Viet Nam Lubricants Co.,LTD\" \/>\n<meta property=\"og:url\" content=\"https:\/\/tatco.vn\/vi\/san-pham\/dau-banh-rang-sinopec-l-ckd-680-18l\/\" \/>\n<meta property=\"og:site_name\" content=\"T&amp;T Viet Nam Lubricants Co.,LTD\" \/>\n<meta property=\"article:modified_time\" content=\"2025-02-09T03:35:09+00:00\" \/>\n<meta property=\"og:image\" content=\"https:\/\/tatco.vn\/wp-content\/uploads\/2021\/06\/Sinopec-oil-product.png\" \/>\n\t<meta property=\"og:image:width\" content=\"1000\" \/>\n\t<meta property=\"og:image:height\" content=\"1000\" \/>\n\t<meta property=\"og:image:type\" content=\"image\/png\" \/>\n<meta name=\"twitter:card\" content=\"summary_large_image\" \/>\n<meta name=\"twitter:label1\" content=\"Est. reading time\" \/>\n\t<meta name=\"twitter:data1\" content=\"3 minutes\" \/>\n<script type=\"application\/ld+json\" class=\"yoast-schema-graph\">{\"@context\":\"https:\/\/schema.org\",\"@graph\":[{\"@type\":\"WebPage\",\"@id\":\"https:\/\/tatco.vn\/vi\/san-pham\/dau-banh-rang-sinopec-l-ckd-680-18l\/\",\"url\":\"https:\/\/tatco.vn\/vi\/san-pham\/dau-banh-rang-sinopec-l-ckd-680-18l\/\",\"name\":\"Sinopec L-CKD 680 18L - T&amp;T Viet Nam Lubricants Co.,LTD\",\"isPartOf\":{\"@id\":\"https:\/\/tatco.vn\/en\/#website\"},\"primaryImageOfPage\":{\"@id\":\"https:\/\/tatco.vn\/vi\/san-pham\/dau-banh-rang-sinopec-l-ckd-680-18l\/#primaryimage\"},\"image\":{\"@id\":\"https:\/\/tatco.vn\/vi\/san-pham\/dau-banh-rang-sinopec-l-ckd-680-18l\/#primaryimage\"},\"thumbnailUrl\":\"https:\/\/tatco.vn\/wp-content\/uploads\/2021\/06\/Sinopec-oil-product.png\",\"datePublished\":\"2025-02-09T03:28:44+00:00\",\"dateModified\":\"2025-02-09T03:35:09+00:00\",\"breadcrumb\":{\"@id\":\"https:\/\/tatco.vn\/vi\/san-pham\/dau-banh-rang-sinopec-l-ckd-680-18l\/#breadcrumb\"},\"inLanguage\":\"en-US\",\"potentialAction\":[{\"@type\":\"ReadAction\",\"target\":[\"https:\/\/tatco.vn\/vi\/san-pham\/dau-banh-rang-sinopec-l-ckd-680-18l\/\"]}]},{\"@type\":\"ImageObject\",\"inLanguage\":\"en-US\",\"@id\":\"https:\/\/tatco.vn\/vi\/san-pham\/dau-banh-rang-sinopec-l-ckd-680-18l\/#primaryimage\",\"url\":\"https:\/\/tatco.vn\/wp-content\/uploads\/2021\/06\/Sinopec-oil-product.png\",\"contentUrl\":\"https:\/\/tatco.vn\/wp-content\/uploads\/2021\/06\/Sinopec-oil-product.png\",\"width\":1000,\"height\":1000},{\"@type\":\"BreadcrumbList\",\"@id\":\"https:\/\/tatco.vn\/vi\/san-pham\/dau-banh-rang-sinopec-l-ckd-680-18l\/#breadcrumb\",\"itemListElement\":[{\"@type\":\"ListItem\",\"position\":1,\"name\":\"Home\",\"item\":\"https:\/\/tatco.vn\/\"},{\"@type\":\"ListItem\",\"position\":2,\"name\":\"C\u1eeda h\u00e0ng\",\"item\":\"https:\/\/tatco.vn\/en\/mua\/\"},{\"@type\":\"ListItem\",\"position\":3,\"name\":\"D\u1ea7u B\u00e1nh R\u0103ng Sinopec L-CKD 680 18L\"}]},{\"@type\":\"WebSite\",\"@id\":\"https:\/\/tatco.vn\/en\/#website\",\"url\":\"https:\/\/tatco.vn\/en\/\",\"name\":\"T&amp;T Viet Nam Lubricants Co.,LTD\",\"description\":\"Right Point - Right Time - Best Solution\",\"publisher\":{\"@id\":\"https:\/\/tatco.vn\/en\/#organization\"},\"potentialAction\":[{\"@type\":\"SearchAction\",\"target\":{\"@type\":\"EntryPoint\",\"urlTemplate\":\"https:\/\/tatco.vn\/en\/?s={search_term_string}\"},\"query-input\":{\"@type\":\"PropertyValueSpecification\",\"valueRequired\":true,\"valueName\":\"search_term_string\"}}],\"inLanguage\":\"en-US\"},{\"@type\":\"Organization\",\"@id\":\"https:\/\/tatco.vn\/en\/#organization\",\"name\":\"C\u00f4ng Ty TNHH D\u1ea7u Nh\u1eddn T&T Vi\u1ec7t Nam\",\"url\":\"https:\/\/tatco.vn\/en\/\",\"logo\":{\"@type\":\"ImageObject\",\"inLanguage\":\"en-US\",\"@id\":\"https:\/\/tatco.vn\/en\/#\/schema\/logo\/image\/\",\"url\":\"https:\/\/tatco.vn\/wp-content\/uploads\/2019\/05\/fav-ico.png\",\"contentUrl\":\"https:\/\/tatco.vn\/wp-content\/uploads\/2019\/05\/fav-ico.png\",\"width\":200,\"height\":200,\"caption\":\"C\u00f4ng Ty TNHH D\u1ea7u Nh\u1eddn T&T Vi\u1ec7t Nam\"},\"image\":{\"@id\":\"https:\/\/tatco.vn\/en\/#\/schema\/logo\/image\/\"}}]}<\/script>\n<!-- \/ Yoast SEO plugin. -->","yoast_head_json":{"title":"Sinopec L-CKD 680 18L - T&amp;T Viet Nam Lubricants Co.,LTD","robots":{"index":"index","follow":"follow","max-snippet":"max-snippet:-1","max-image-preview":"max-image-preview:large","max-video-preview":"max-video-preview:-1"},"canonical":"https:\/\/tatco.vn\/vi\/san-pham\/dau-banh-rang-sinopec-l-ckd-680-18l\/","og_locale":"en_US","og_type":"article","og_title":"Sinopec L-CKD 680 18L - T&amp;T Viet Nam Lubricants Co.,LTD","og_url":"https:\/\/tatco.vn\/vi\/san-pham\/dau-banh-rang-sinopec-l-ckd-680-18l\/","og_site_name":"T&amp;T Viet Nam Lubricants Co.,LTD","article_modified_time":"2025-02-09T03:35:09+00:00","og_image":[{"width":1000,"height":1000,"url":"https:\/\/tatco.vn\/wp-content\/uploads\/2021\/06\/Sinopec-oil-product.png","type":"image\/png"}],"twitter_card":"summary_large_image","twitter_misc":{"Est. reading time":"3 minutes"},"schema":{"@context":"https:\/\/schema.org","@graph":[{"@type":"WebPage","@id":"https:\/\/tatco.vn\/vi\/san-pham\/dau-banh-rang-sinopec-l-ckd-680-18l\/","url":"https:\/\/tatco.vn\/vi\/san-pham\/dau-banh-rang-sinopec-l-ckd-680-18l\/","name":"Sinopec L-CKD 680 18L - T&amp;T Viet Nam Lubricants Co.,LTD","isPartOf":{"@id":"https:\/\/tatco.vn\/en\/#website"},"primaryImageOfPage":{"@id":"https:\/\/tatco.vn\/vi\/san-pham\/dau-banh-rang-sinopec-l-ckd-680-18l\/#primaryimage"},"image":{"@id":"https:\/\/tatco.vn\/vi\/san-pham\/dau-banh-rang-sinopec-l-ckd-680-18l\/#primaryimage"},"thumbnailUrl":"https:\/\/tatco.vn\/wp-content\/uploads\/2021\/06\/Sinopec-oil-product.png","datePublished":"2025-02-09T03:28:44+00:00","dateModified":"2025-02-09T03:35:09+00:00","breadcrumb":{"@id":"https:\/\/tatco.vn\/vi\/san-pham\/dau-banh-rang-sinopec-l-ckd-680-18l\/#breadcrumb"},"inLanguage":"en-US","potentialAction":[{"@type":"ReadAction","target":["https:\/\/tatco.vn\/vi\/san-pham\/dau-banh-rang-sinopec-l-ckd-680-18l\/"]}]},{"@type":"ImageObject","inLanguage":"en-US","@id":"https:\/\/tatco.vn\/vi\/san-pham\/dau-banh-rang-sinopec-l-ckd-680-18l\/#primaryimage","url":"https:\/\/tatco.vn\/wp-content\/uploads\/2021\/06\/Sinopec-oil-product.png","contentUrl":"https:\/\/tatco.vn\/wp-content\/uploads\/2021\/06\/Sinopec-oil-product.png","width":1000,"height":1000},{"@type":"BreadcrumbList","@id":"https:\/\/tatco.vn\/vi\/san-pham\/dau-banh-rang-sinopec-l-ckd-680-18l\/#breadcrumb","itemListElement":[{"@type":"ListItem","position":1,"name":"Home","item":"https:\/\/tatco.vn\/"},{"@type":"ListItem","position":2,"name":"C\u1eeda h\u00e0ng","item":"https:\/\/tatco.vn\/en\/mua\/"},{"@type":"ListItem","position":3,"name":"D\u1ea7u B\u00e1nh R\u0103ng Sinopec L-CKD 680 18L"}]},{"@type":"WebSite","@id":"https:\/\/tatco.vn\/en\/#website","url":"https:\/\/tatco.vn\/en\/","name":"T&amp;T Viet Nam Lubricants Co.,LTD","description":"Right Point - Right Time - Best Solution","publisher":{"@id":"https:\/\/tatco.vn\/en\/#organization"},"potentialAction":[{"@type":"SearchAction","target":{"@type":"EntryPoint","urlTemplate":"https:\/\/tatco.vn\/en\/?s={search_term_string}"},"query-input":{"@type":"PropertyValueSpecification","valueRequired":true,"valueName":"search_term_string"}}],"inLanguage":"en-US"},{"@type":"Organization","@id":"https:\/\/tatco.vn\/en\/#organization","name":"C\u00f4ng Ty TNHH D\u1ea7u Nh\u1eddn T&T Vi\u1ec7t Nam","url":"https:\/\/tatco.vn\/en\/","logo":{"@type":"ImageObject","inLanguage":"en-US","@id":"https:\/\/tatco.vn\/en\/#\/schema\/logo\/image\/","url":"https:\/\/tatco.vn\/wp-content\/uploads\/2019\/05\/fav-ico.png","contentUrl":"https:\/\/tatco.vn\/wp-content\/uploads\/2019\/05\/fav-ico.png","width":200,"height":200,"caption":"C\u00f4ng Ty TNHH D\u1ea7u Nh\u1eddn T&T Vi\u1ec7t Nam"},"image":{"@id":"https:\/\/tatco.vn\/en\/#\/schema\/logo\/image\/"}}]}},"_links":{"self":[{"href":"https:\/\/tatco.vn\/en\/wp-json\/wp\/v2\/product\/28096","targetHints":{"allow":["GET"]}}],"collection":[{"href":"https:\/\/tatco.vn\/en\/wp-json\/wp\/v2\/product"}],"about":[{"href":"https:\/\/tatco.vn\/en\/wp-json\/wp\/v2\/types\/product"}],"replies":[{"embeddable":true,"href":"https:\/\/tatco.vn\/en\/wp-json\/wp\/v2\/comments?post=28096"}],"version-history":[{"count":0,"href":"https:\/\/tatco.vn\/en\/wp-json\/wp\/v2\/product\/28096\/revisions"}],"wp:featuredmedia":[{"embeddable":true,"href":"https:\/\/tatco.vn\/en\/wp-json\/wp\/v2\/media\/27397"}],"wp:attachment":[{"href":"https:\/\/tatco.vn\/en\/wp-json\/wp\/v2\/media?parent=28096"}],"wp:term":[{"taxonomy":"product_cat","embeddable":true,"href":"https:\/\/tatco.vn\/en\/wp-json\/wp\/v2\/product_cat?post=28096"},{"taxonomy":"product_tag","embeddable":true,"href":"https:\/\/tatco.vn\/en\/wp-json\/wp\/v2\/product_tag?post=28096"}],"curies":[{"name":"wp","href":"https:\/\/api.w.org\/{rel}","templated":true}]}}