{"id":27830,"date":"2025-02-05T11:49:58","date_gmt":"2025-02-05T04:49:58","guid":{"rendered":"https:\/\/tatco.vn\/vi\/?post_type=product&#038;p=27830"},"modified":"2025-02-08T11:52:37","modified_gmt":"2025-02-08T04:52:37","slug":"dau-may-khi-nen-castrol-aircol-sr-68","status":"publish","type":"product","link":"https:\/\/tatco.vn\/en\/product\/castrol-aircol-sr-68\/","title":{"rendered":"Castrol Aircol SR 68"},"content":{"rendered":"<p><strong>Castrol Aircol SR <b>68<\/b> &#8211; High-Quality Synthetic PAO Rotary Air Compressor Oil<\/strong><\/p>\n<p style=\"text-align: justify\"><strong>Description<\/strong>: <strong>Castrol Aircol SR <b>68<\/b><\/strong>\u00a0is a high-quality synthetic PAO (polyalphaolefin) air compressor oil specifically designed for rotary screw air compressors.<\/p>\n<p style=\"text-align: justify\"><strong>Application<\/strong>: Aircol SR is suitable for oil-flooded rotary screw air compressors operating under severe weather, environmental, and operating conditions with very high compressed air temperatures (above 100\u00b0C). This product is also suitable for air compressors operating under normal conditions with maximum air discharge temperatures below 100\u00b0C as defined by ISO 6743-3:2003. Under these conditions, Aircol SR can be used with oil change intervals of up to 8,000 hours. Aircol SR is fully compatible with nitrile, silicone, polyurethane, and fluropolymer seal materials commonly used in air compressors, but not compatible with styrene-butadiene rubber (SBR) and ethylene-propylene (EPDM) seal materials.<\/p>\n<p style=\"text-align: justify\"><strong>Classification and Standards<\/strong>:<\/p>\n<ul style=\"text-align: justify\">\n<li>DIN 51506 VD-L<\/li>\n<li>ISO 6743\/3 &#8211; DAG, DAH, and DAJ for rotary air compressors<\/li>\n<li>Meets the requirements of compressor manufacturers: Atlas Copco (with an 8,000-hour oil change interval) and Kaeser.<\/li>\n<\/ul>\n<p style=\"text-align: justify\"><strong>Benefits<\/strong>:<\/p>\n<ul>\n<li style=\"text-align: justify\">Extends oil service life up to 8,000 hours in most air compressors, depending on operating conditions.<\/li>\n<li style=\"text-align: justify\">Very low deposit-forming tendencies, extending the life of oil filters and oil separators.<\/li>\n<li style=\"text-align: justify\">Superior oxidation stability and wear protection, extending the life of both the oil and the air compressor.<\/li>\n<li style=\"text-align: justify\">Ester-free formulation prevents the formation of corrosive acids, prolonging the life of the air compressor.<\/li>\n<li style=\"text-align: justify\">Excellent water separation properties quickly separate condensate from the oil, reducing the risk of oil emulsification that could clog the oil separator.<\/li>\n<li style=\"text-align: justify\">PAO base oils ensure good compatibility with seal materials and mineral oils, allowing for an easy transition from mineral oils to Aircol SR.<\/li>\n<\/ul>\n<p><strong>Typical Characteristics<\/strong>:<\/p>\n<div>\n<div>\n<div class=\"table-responsive\">\n<table class=\"table table-striped\">\n<thead>\n<tr>\n<th>Property<\/th>\n<th>Method<\/th>\n<th>Unit<\/th>\n<th>Aircol SR 32<\/th>\n<th>Aircol SR 46<\/th>\n<th>Aircol SR 68<\/th>\n<\/tr>\n<\/thead>\n<tbody>\n<tr>\n<td>Specific Gravity at 15\u00b0C<\/td>\n<td>ASTM D4052<\/td>\n<td>g\/ml<\/td>\n<td>0.83<\/td>\n<td>0.84<\/td>\n<td>0.84<\/td>\n<\/tr>\n<tr>\n<td>Viscosity at 40\u00b0C<\/td>\n<td>ASTM D445<\/td>\n<td>mm\u00b2\/s<\/td>\n<td>32<\/td>\n<td>46<\/td>\n<td>68<\/td>\n<\/tr>\n<tr>\n<td>Viscosity at 100\u00b0C<\/td>\n<td>ASTM D445<\/td>\n<td>mm\u00b2\/s<\/td>\n<td>6.1<\/td>\n<td>7.8<\/td>\n<td>10.7<\/td>\n<\/tr>\n<tr>\n<td>Viscosity Index<\/td>\n<td>ASTM D2270<\/td>\n<td><\/td>\n<td>137<\/td>\n<td>137<\/td>\n<td>142<\/td>\n<\/tr>\n<tr>\n<td>Foam Sequence I<\/td>\n<td>ASTM D892<\/td>\n<td>ml\/ml<\/td>\n<td>10\/0<\/td>\n<td>10\/0<\/td>\n<td>10\/0<\/td>\n<\/tr>\n<tr>\n<td>Pour Point<\/td>\n<td>ASTM D97<\/td>\n<td>\u00b0C<\/td>\n<td>-54<\/td>\n<td>-54<\/td>\n<td>-54<\/td>\n<\/tr>\n<tr>\n<td>Closed Flash Point<\/td>\n<td>ASTM D93<\/td>\n<td>\u00b0C<\/td>\n<td>227<\/td>\n<td>235<\/td>\n<td>264<\/td>\n<\/tr>\n<tr>\n<td>Rust Test (24 hours, synthetic seawater)<\/td>\n<td>ASTM D665B<\/td>\n<td><\/td>\n<td>Pass<\/td>\n<td>Pass<\/td>\n<td>Pass<\/td>\n<\/tr>\n<tr>\n<td>RPVOT Oxidation Test<\/td>\n<td>ASTM D2272<\/td>\n<td>minutes<\/td>\n<td>4500<\/td>\n<td>3000<\/td>\n<td>3000<\/td>\n<\/tr>\n<tr>\n<td>FZG Load Stage (A8.3\/90)<\/td>\n<td>DIN 51354<\/td>\n<td><\/td>\n<td>8<\/td>\n<td>9<\/td>\n<td>9<\/td>\n<\/tr>\n<tr>\n<td>4-Ball Wear Test<\/td>\n<td>ASTM D2783<\/td>\n<td>mm<\/td>\n<td>0.4<\/td>\n<td>0.4<\/td>\n<td>0.4<\/td>\n<\/tr>\n<\/tbody>\n<\/table>\n<\/div>\n<\/div>\n<div><\/div>\n<p><\/p>","protected":false},"excerpt":{"rendered":"<p><strong>Castrol Aircol SR <b>68<\/b><\/strong>\u00a0is a high-quality synthetic PAO (polyalphaolefin) air compressor oil specifically designed for rotary screw air compressors.<\/p>\n<p>&nbsp;<\/p>\n","protected":false},"featured_media":27593,"comment_status":"closed","ping_status":"closed","template":"","meta":[],"product_cat":[776,782,1000,760],"product_tag":[934,938,937,939,940,941,925,935,921,936],"class_list":{"0":"post-27830","1":"product","2":"type-product","3":"status-publish","4":"has-post-thumbnail","6":"product_brand-castrol","7":"product_cat-dau-cong-nghiep-castrol","8":"product_cat-dau-may-nen-khi-castrol","9":"product_cat-dau-may-nen-khi-aircol-sr","10":"product_cat-dau-nhot-castrol","11":"product_tag-castrol-aircol-sr","12":"product_tag-dau-may-nen-chat-luong-cao","13":"product_tag-dau-may-nen-chiu-nhiet-cao","14":"product_tag-dau-may-nen-chong-mai-mon","15":"product_tag-dau-may-nen-keo-dai-tuoi-tho","16":"product_tag-dau-may-nen-khang-nuoc","17":"product_tag-dau-may-nen-khi","18":"product_tag-dau-may-nen-pao","19":"product_tag-dau-may-nen-truc-vit","20":"product_tag-dau-tong-hop-cho-may-nen-khi","22":"first","23":"instock","24":"shipping-taxable","25":"product-type-simple"},"yoast_head":"<!-- This site is optimized with the Yoast SEO plugin v27.2 - https:\/\/yoast.com\/product\/yoast-seo-wordpress\/ -->\n<title>Castrol Aircol SR 68 - T&amp;T Viet Nam Lubricants Co.,LTD<\/title>\n<meta name=\"robots\" content=\"index, follow, max-snippet:-1, max-image-preview:large, max-video-preview:-1\" \/>\n<link rel=\"canonical\" href=\"https:\/\/tatco.vn\/vi\/san-pham\/dau-may-khi-nen-castrol-aircol-sr-68\/\" \/>\n<meta property=\"og:locale\" content=\"en_US\" \/>\n<meta property=\"og:type\" content=\"article\" \/>\n<meta property=\"og:title\" content=\"Castrol Aircol SR 68 - T&amp;T Viet Nam Lubricants Co.,LTD\" \/>\n<meta property=\"og:url\" content=\"https:\/\/tatco.vn\/vi\/san-pham\/dau-may-khi-nen-castrol-aircol-sr-68\/\" \/>\n<meta property=\"og:site_name\" content=\"T&amp;T Viet Nam Lubricants Co.,LTD\" \/>\n<meta property=\"article:modified_time\" content=\"2025-02-08T04:52:37+00:00\" \/>\n<meta property=\"og:image\" content=\"https:\/\/tatco.vn\/wp-content\/uploads\/2022\/12\/Castrol-v5.png\" \/>\n\t<meta property=\"og:image:width\" content=\"750\" \/>\n\t<meta property=\"og:image:height\" content=\"1000\" \/>\n\t<meta property=\"og:image:type\" content=\"image\/png\" \/>\n<meta name=\"twitter:card\" content=\"summary_large_image\" \/>\n<meta name=\"twitter:label1\" content=\"Est. reading time\" \/>\n\t<meta name=\"twitter:data1\" content=\"3 minutes\" \/>\n<script type=\"application\/ld+json\" class=\"yoast-schema-graph\">{\"@context\":\"https:\/\/schema.org\",\"@graph\":[{\"@type\":\"WebPage\",\"@id\":\"https:\/\/tatco.vn\/vi\/san-pham\/dau-may-khi-nen-castrol-aircol-sr-68\/\",\"url\":\"https:\/\/tatco.vn\/vi\/san-pham\/dau-may-khi-nen-castrol-aircol-sr-68\/\",\"name\":\"Castrol Aircol SR 68 - T&amp;T Viet Nam Lubricants Co.,LTD\",\"isPartOf\":{\"@id\":\"https:\/\/tatco.vn\/en\/#website\"},\"primaryImageOfPage\":{\"@id\":\"https:\/\/tatco.vn\/vi\/san-pham\/dau-may-khi-nen-castrol-aircol-sr-68\/#primaryimage\"},\"image\":{\"@id\":\"https:\/\/tatco.vn\/vi\/san-pham\/dau-may-khi-nen-castrol-aircol-sr-68\/#primaryimage\"},\"thumbnailUrl\":\"https:\/\/tatco.vn\/wp-content\/uploads\/2022\/12\/Castrol-v5.png\",\"datePublished\":\"2025-02-05T04:49:58+00:00\",\"dateModified\":\"2025-02-08T04:52:37+00:00\",\"breadcrumb\":{\"@id\":\"https:\/\/tatco.vn\/vi\/san-pham\/dau-may-khi-nen-castrol-aircol-sr-68\/#breadcrumb\"},\"inLanguage\":\"en-US\",\"potentialAction\":[{\"@type\":\"ReadAction\",\"target\":[\"https:\/\/tatco.vn\/vi\/san-pham\/dau-may-khi-nen-castrol-aircol-sr-68\/\"]}]},{\"@type\":\"ImageObject\",\"inLanguage\":\"en-US\",\"@id\":\"https:\/\/tatco.vn\/vi\/san-pham\/dau-may-khi-nen-castrol-aircol-sr-68\/#primaryimage\",\"url\":\"https:\/\/tatco.vn\/wp-content\/uploads\/2022\/12\/Castrol-v5.png\",\"contentUrl\":\"https:\/\/tatco.vn\/wp-content\/uploads\/2022\/12\/Castrol-v5.png\",\"width\":750,\"height\":1000,\"caption\":\"Castrol Perfecto HT 5\"},{\"@type\":\"BreadcrumbList\",\"@id\":\"https:\/\/tatco.vn\/vi\/san-pham\/dau-may-khi-nen-castrol-aircol-sr-68\/#breadcrumb\",\"itemListElement\":[{\"@type\":\"ListItem\",\"position\":1,\"name\":\"Home\",\"item\":\"https:\/\/tatco.vn\/\"},{\"@type\":\"ListItem\",\"position\":2,\"name\":\"C\u1eeda h\u00e0ng\",\"item\":\"https:\/\/tatco.vn\/en\/mua\/\"},{\"@type\":\"ListItem\",\"position\":3,\"name\":\"D\u1ea7u M\u00e1y Kh\u00ed N\u00e9n Castrol AIRCOL SR 68\"}]},{\"@type\":\"WebSite\",\"@id\":\"https:\/\/tatco.vn\/en\/#website\",\"url\":\"https:\/\/tatco.vn\/en\/\",\"name\":\"T&amp;T Viet Nam Lubricants Co.,LTD\",\"description\":\"Right Point - Right Time - Best Solution\",\"publisher\":{\"@id\":\"https:\/\/tatco.vn\/en\/#organization\"},\"potentialAction\":[{\"@type\":\"SearchAction\",\"target\":{\"@type\":\"EntryPoint\",\"urlTemplate\":\"https:\/\/tatco.vn\/en\/?s={search_term_string}\"},\"query-input\":{\"@type\":\"PropertyValueSpecification\",\"valueRequired\":true,\"valueName\":\"search_term_string\"}}],\"inLanguage\":\"en-US\"},{\"@type\":\"Organization\",\"@id\":\"https:\/\/tatco.vn\/en\/#organization\",\"name\":\"C\u00f4ng Ty TNHH D\u1ea7u Nh\u1eddn T&T Vi\u1ec7t Nam\",\"url\":\"https:\/\/tatco.vn\/en\/\",\"logo\":{\"@type\":\"ImageObject\",\"inLanguage\":\"en-US\",\"@id\":\"https:\/\/tatco.vn\/en\/#\/schema\/logo\/image\/\",\"url\":\"https:\/\/tatco.vn\/wp-content\/uploads\/2019\/05\/fav-ico.png\",\"contentUrl\":\"https:\/\/tatco.vn\/wp-content\/uploads\/2019\/05\/fav-ico.png\",\"width\":200,\"height\":200,\"caption\":\"C\u00f4ng Ty TNHH D\u1ea7u Nh\u1eddn T&T Vi\u1ec7t Nam\"},\"image\":{\"@id\":\"https:\/\/tatco.vn\/en\/#\/schema\/logo\/image\/\"}}]}<\/script>\n<!-- \/ Yoast SEO plugin. -->","yoast_head_json":{"title":"Castrol Aircol SR 68 - T&amp;T Viet Nam Lubricants Co.,LTD","robots":{"index":"index","follow":"follow","max-snippet":"max-snippet:-1","max-image-preview":"max-image-preview:large","max-video-preview":"max-video-preview:-1"},"canonical":"https:\/\/tatco.vn\/vi\/san-pham\/dau-may-khi-nen-castrol-aircol-sr-68\/","og_locale":"en_US","og_type":"article","og_title":"Castrol Aircol SR 68 - T&amp;T Viet Nam Lubricants Co.,LTD","og_url":"https:\/\/tatco.vn\/vi\/san-pham\/dau-may-khi-nen-castrol-aircol-sr-68\/","og_site_name":"T&amp;T Viet Nam Lubricants Co.,LTD","article_modified_time":"2025-02-08T04:52:37+00:00","og_image":[{"width":750,"height":1000,"url":"https:\/\/tatco.vn\/wp-content\/uploads\/2022\/12\/Castrol-v5.png","type":"image\/png"}],"twitter_card":"summary_large_image","twitter_misc":{"Est. reading time":"3 minutes"},"schema":{"@context":"https:\/\/schema.org","@graph":[{"@type":"WebPage","@id":"https:\/\/tatco.vn\/vi\/san-pham\/dau-may-khi-nen-castrol-aircol-sr-68\/","url":"https:\/\/tatco.vn\/vi\/san-pham\/dau-may-khi-nen-castrol-aircol-sr-68\/","name":"Castrol Aircol SR 68 - T&amp;T Viet Nam Lubricants Co.,LTD","isPartOf":{"@id":"https:\/\/tatco.vn\/en\/#website"},"primaryImageOfPage":{"@id":"https:\/\/tatco.vn\/vi\/san-pham\/dau-may-khi-nen-castrol-aircol-sr-68\/#primaryimage"},"image":{"@id":"https:\/\/tatco.vn\/vi\/san-pham\/dau-may-khi-nen-castrol-aircol-sr-68\/#primaryimage"},"thumbnailUrl":"https:\/\/tatco.vn\/wp-content\/uploads\/2022\/12\/Castrol-v5.png","datePublished":"2025-02-05T04:49:58+00:00","dateModified":"2025-02-08T04:52:37+00:00","breadcrumb":{"@id":"https:\/\/tatco.vn\/vi\/san-pham\/dau-may-khi-nen-castrol-aircol-sr-68\/#breadcrumb"},"inLanguage":"en-US","potentialAction":[{"@type":"ReadAction","target":["https:\/\/tatco.vn\/vi\/san-pham\/dau-may-khi-nen-castrol-aircol-sr-68\/"]}]},{"@type":"ImageObject","inLanguage":"en-US","@id":"https:\/\/tatco.vn\/vi\/san-pham\/dau-may-khi-nen-castrol-aircol-sr-68\/#primaryimage","url":"https:\/\/tatco.vn\/wp-content\/uploads\/2022\/12\/Castrol-v5.png","contentUrl":"https:\/\/tatco.vn\/wp-content\/uploads\/2022\/12\/Castrol-v5.png","width":750,"height":1000,"caption":"Castrol Perfecto HT 5"},{"@type":"BreadcrumbList","@id":"https:\/\/tatco.vn\/vi\/san-pham\/dau-may-khi-nen-castrol-aircol-sr-68\/#breadcrumb","itemListElement":[{"@type":"ListItem","position":1,"name":"Home","item":"https:\/\/tatco.vn\/"},{"@type":"ListItem","position":2,"name":"C\u1eeda h\u00e0ng","item":"https:\/\/tatco.vn\/en\/mua\/"},{"@type":"ListItem","position":3,"name":"D\u1ea7u M\u00e1y Kh\u00ed N\u00e9n Castrol AIRCOL SR 68"}]},{"@type":"WebSite","@id":"https:\/\/tatco.vn\/en\/#website","url":"https:\/\/tatco.vn\/en\/","name":"T&amp;T Viet Nam Lubricants Co.,LTD","description":"Right Point - Right Time - Best Solution","publisher":{"@id":"https:\/\/tatco.vn\/en\/#organization"},"potentialAction":[{"@type":"SearchAction","target":{"@type":"EntryPoint","urlTemplate":"https:\/\/tatco.vn\/en\/?s={search_term_string}"},"query-input":{"@type":"PropertyValueSpecification","valueRequired":true,"valueName":"search_term_string"}}],"inLanguage":"en-US"},{"@type":"Organization","@id":"https:\/\/tatco.vn\/en\/#organization","name":"C\u00f4ng Ty TNHH D\u1ea7u Nh\u1eddn T&T Vi\u1ec7t Nam","url":"https:\/\/tatco.vn\/en\/","logo":{"@type":"ImageObject","inLanguage":"en-US","@id":"https:\/\/tatco.vn\/en\/#\/schema\/logo\/image\/","url":"https:\/\/tatco.vn\/wp-content\/uploads\/2019\/05\/fav-ico.png","contentUrl":"https:\/\/tatco.vn\/wp-content\/uploads\/2019\/05\/fav-ico.png","width":200,"height":200,"caption":"C\u00f4ng Ty TNHH D\u1ea7u Nh\u1eddn T&T Vi\u1ec7t Nam"},"image":{"@id":"https:\/\/tatco.vn\/en\/#\/schema\/logo\/image\/"}}]}},"_links":{"self":[{"href":"https:\/\/tatco.vn\/en\/wp-json\/wp\/v2\/product\/27830","targetHints":{"allow":["GET"]}}],"collection":[{"href":"https:\/\/tatco.vn\/en\/wp-json\/wp\/v2\/product"}],"about":[{"href":"https:\/\/tatco.vn\/en\/wp-json\/wp\/v2\/types\/product"}],"replies":[{"embeddable":true,"href":"https:\/\/tatco.vn\/en\/wp-json\/wp\/v2\/comments?post=27830"}],"version-history":[{"count":0,"href":"https:\/\/tatco.vn\/en\/wp-json\/wp\/v2\/product\/27830\/revisions"}],"wp:featuredmedia":[{"embeddable":true,"href":"https:\/\/tatco.vn\/en\/wp-json\/wp\/v2\/media\/27593"}],"wp:attachment":[{"href":"https:\/\/tatco.vn\/en\/wp-json\/wp\/v2\/media?parent=27830"}],"wp:term":[{"taxonomy":"product_cat","embeddable":true,"href":"https:\/\/tatco.vn\/en\/wp-json\/wp\/v2\/product_cat?post=27830"},{"taxonomy":"product_tag","embeddable":true,"href":"https:\/\/tatco.vn\/en\/wp-json\/wp\/v2\/product_tag?post=27830"}],"curies":[{"name":"wp","href":"https:\/\/api.w.org\/{rel}","templated":true}]}}