{"id":27817,"date":"2025-02-05T11:31:46","date_gmt":"2025-02-05T04:31:46","guid":{"rendered":"https:\/\/tatco.vn\/vi\/?post_type=product&#038;p=27817"},"modified":"2025-02-08T11:47:41","modified_gmt":"2025-02-08T04:47:41","slug":"dau-may-khi-nen-castrol-aircol-cm-46","status":"publish","type":"product","link":"https:\/\/tatco.vn\/en\/product\/castrol-aircol-cm-46\/","title":{"rendered":"Castrol Aircol\u2122 CM 46"},"content":{"rendered":"<p><strong>Castrol Aircol\u2122 CM 46 &#8211; Air Compressor Oil for Superior Thermal and Oxidative Stability<\/strong><\/p>\n<p style=\"text-align: justify\"><strong>Description<\/strong>: The <strong>Castrol Aircol\u2122 CM 46<\/strong>\u00a0air compressor oil range comprises high-quality lubricants based on highly refined mineral oil. Enhanced with advanced additive technology, these oils provide excellent thermal and oxidative stability as well as good load-carrying capacity compared to other products in the same class.<\/p>\n<p style=\"text-align: justify\"><strong>Application<\/strong>: Aircol CM grades are formulated without zinc additives (ashless oils) and are recommended for the lubrication of reciprocating and rotary screw air compressors. These oils exhibit low carbon forming tendencies and meet the DIN 51506 VDL classification requirements for reciprocating air compressors with air discharge temperatures up to 220\u00b0C. For both oil-flooded and oil-injected rotary screw air compressors operating continuously at air discharge temperatures up to 90\u00baC, the product is designed to meet service drain intervals of up to 4000 hours. For intermittent or continuous operation with air discharge temperatures above 90\u00baC, manufacturers&#8217; standard oil change periods should be used. The high FZG load carrying capacity is also designed to meet the requirements of geared air compressor units. Selection of the required viscosity grade should be based on the compressor manufacturers&#8217; recommendations. Generally, Aircol CM 32 and 46 are suitable for oil-flooded rotary air compressors, while Aircol CM 68, CM 100, and CM 150 are selected for lubricating the crankcase and cylinders of reciprocating air compressors. Aircol CM 150 is also recommended for sliding-vane air compressors or for reciprocating units at high ambient temperatures. The Aircol CM range is fully compatible with Castrol Aircol PD and MR ranges.<\/p>\n<p style=\"text-align: justify\"><strong>Classification<\/strong>: The Aircol CM air compressor oil range is classified as follows:<\/p>\n<ul style=\"text-align: justify\">\n<li>ISO 6743-3 Compressor Oils\n<ul>\n<li>DAA and DAB for reciprocating (piston) and drip-feed rotary air compressors<\/li>\n<li>DAG and DAH for oil-flooded rotary screw air compressors<\/li>\n<\/ul>\n<\/li>\n<\/ul>\n<p style=\"text-align: justify\">Specific grades within the Aircol CM air compressor oil range meet the requirements of:<\/p>\n<ul style=\"text-align: justify\">\n<li>Sauer Compressors<\/li>\n<li>Hatlapa (Types L, V, VA, and W)<\/li>\n<li>Yanmar<\/li>\n<li>Sanwa<\/li>\n<li>Matsubara<\/li>\n<li>Tanabe<\/li>\n<li>Teikuko<\/li>\n<li>Dongwha Pnetec<\/li>\n<li>Bumhan<\/li>\n<li>Burckhardt (VSB 1001132 E01 02)<\/li>\n<\/ul>\n<p style=\"text-align: justify\"><strong>Advantages<\/strong>:<\/p>\n<ul style=\"text-align: justify\">\n<li>Good water separation characteristics, allowing condensation to readily separate from the oil, minimizing the risk of emulsions that could block the oil separator element.<\/li>\n<li>Fully inhibited against corrosion, providing protection even under humid conditions.<\/li>\n<li>Good thermal stability, low volatility, and low carbon formation, reducing the risk of fire and explosion and leading to a longer operating life (up to 4000 hours).<\/li>\n<li>Low deposit forming tendencies extend oil change intervals and provide longer air filter life, contributing to a reduction in maintenance costs.<\/li>\n<li>Excellent coalescing properties mean little carryover of oil in the air stream.<\/li>\n<li>High load carrying capacity to meet the requirements of geared compressor units.<\/li>\n<\/ul>\n<p style=\"text-align: justify\"><strong>Typical Characteristics<\/strong>:<\/p>\n<div>\n<div>\n<div class=\"table-responsive\">\n<table class=\"table table-striped\">\n<thead>\n<tr>\n<th>Property<\/th>\n<th>Method<\/th>\n<th>Unit<\/th>\n<th>CM 32<\/th>\n<th>CM 46<\/th>\n<th>CM 68<\/th>\n<th>CM 100<\/th>\n<th>CM 150<\/th>\n<\/tr>\n<\/thead>\n<tbody>\n<tr>\n<td>Appearance<\/td>\n<td>Visual<\/td>\n<td><\/td>\n<td>Clear &amp; Bright<\/td>\n<td>Clear &amp; Bright<\/td>\n<td>Clear &amp; Bright<\/td>\n<td>Clear &amp; Bright<\/td>\n<td>Clear &amp; Bright<\/td>\n<\/tr>\n<tr>\n<td>ISO Viscosity Grade<\/td>\n<td><\/td>\n<td><\/td>\n<td>32<\/td>\n<td>46<\/td>\n<td>68<\/td>\n<td>100<\/td>\n<td>150<\/td>\n<\/tr>\n<tr>\n<td>Density @ 15\u00b0C \/ 59\u00b0F<\/td>\n<td>ISO 12181 \/ ASTM D4052<\/td>\n<td>kg\/m\u00b3<\/td>\n<td>855<\/td>\n<td>858<\/td>\n<td>862<\/td>\n<td>866<\/td>\n<td>869<\/td>\n<\/tr>\n<tr>\n<td>Kinematic Viscosity @ 40\u00b0C \/ 104\u00b0F<\/td>\n<td>ISO 3104 \/ ASTM D445<\/td>\n<td>mm\u00b2\/s<\/td>\n<td>32.0<\/td>\n<td>46<\/td>\n<td>68<\/td>\n<td>100<\/td>\n<td>150<\/td>\n<\/tr>\n<tr>\n<td>Kinematic Viscosity @ 100\u00b0C \/ 212\u00b0F<\/td>\n<td>ISO 3104 \/ ASTM D445<\/td>\n<td>mm\u00b2\/s<\/td>\n<td>5.6<\/td>\n<td>7.1<\/td>\n<td>9.0<\/td>\n<td>11.5<\/td>\n<td>16.0<\/td>\n<\/tr>\n<tr>\n<td>Viscosity Index<\/td>\n<td>ISO 2909 \/ ASTM D2270<\/td>\n<td><\/td>\n<td>100<\/td>\n<td>100<\/td>\n<td>100<\/td>\n<td>95<\/td>\n<td>95<\/td>\n<\/tr>\n<tr>\n<td>Pour Point<\/td>\n<td>ISO 3016 \/ ASTM D97<\/td>\n<td>\u00b0C\/\u00b0F<\/td>\n<td>-40\/-40<\/td>\n<td>-38\/-36<\/td>\n<td>-36\/-33<\/td>\n<td>-33\/-27<\/td>\n<td>-30\/-22<\/td>\n<\/tr>\n<tr>\n<td>Foam Sequence I &#8211; Tendency \/ Stability<\/td>\n<td>ISO 6247 \/ ASTM D892<\/td>\n<td>ml\/ml<\/td>\n<td>0\/0<\/td>\n<td>0\/0<\/td>\n<td>0\/0<\/td>\n<td>0\/0<\/td>\n<td>0\/0<\/td>\n<\/tr>\n<tr>\n<td>Water Separation @ 54\u00b0C \/ 129\u00b0F (40\/37\/3)<\/td>\n<td>ISO 6614 \/ ASTM D1401<\/td>\n<td>minutes<\/td>\n<td>8<\/td>\n<td>15<\/td>\n<td>15<\/td>\n<td>&#8211;<\/td>\n<td>&#8211;<\/td>\n<\/tr>\n<tr>\n<td>Water Separation @ 82\u00b0C \/ 180\u00b0F (40\/37\/3)<\/td>\n<td>ISO 6614 \/ ASTM D1401<\/td>\n<td>minutes<\/td>\n<td>&#8211;<\/td>\n<td>&#8211;<\/td>\n<td>&#8211;<\/td>\n<td>5<\/td>\n<td>15<\/td>\n<\/tr>\n<tr>\n<td>Flash Point &#8211; Open Cup Method<\/td>\n<td>ISO 2592 \/ ASTM D92<\/td>\n<td>\u00b0C\/\u00b0F<\/td>\n<td>223\/433<\/td>\n<td>230\/446<\/td>\n<td>240\/464<\/td>\n<td>240\/464<\/td>\n<td>240\/464<\/td>\n<\/tr>\n<tr>\n<td>Rust Test &#8211; Synthetic Seawater (24 hrs)<\/td>\n<td>ISO 7120 \/ ASTM D665B<\/td>\n<td>Rating<\/td>\n<td>Pass<\/td>\n<td>Pass<\/td>\n<td>Pass<\/td>\n<td>Pass<\/td>\n<td>Pass<\/td>\n<\/tr>\n<tr>\n<td>FZG Gear Scuffing Test &#8211; A\/8.3\/90<\/td>\n<td>ISO 14635-1<\/td>\n<td>Failure Load Stage<\/td>\n<td>&gt;12<\/td>\n<td>&gt;12<\/td>\n<td>&gt;12<\/td>\n<td>&gt;12<\/td>\n<td>&gt;12<\/td>\n<\/tr>\n<tr>\n<td>Oxidation Stability &#8211; Rotating Pressure Vessel Test<\/td>\n<td>ASTM D2272<\/td>\n<td>minutes<\/td>\n<td>1500<\/td>\n<td>1500<\/td>\n<td>1500<\/td>\n<td>1500<\/td>\n<td>1500<\/td>\n<\/tr>\n<\/tbody>\n<\/table>\n<\/div>\n<div><\/div>\n<\/div>\n<div><\/div>\n<p><\/p>","protected":false},"excerpt":{"rendered":"<p>The <strong>Castrol Aircol\u2122 CM 46<\/strong>\u00a0air compressor oil range comprises high-quality lubricants based on highly refined mineral oil. Enhanced with advanced additive technology, these oils provide excellent thermal and oxidative stability as well as good load-carrying capacity compared to other products in the same class.<\/p>\n","protected":false},"featured_media":27593,"comment_status":"closed","ping_status":"closed","template":"","meta":[],"product_cat":[776,782,1001,760],"product_tag":[924,926,933,925,931,932,928,927,929,930],"class_list":{"0":"post-27817","1":"product","2":"type-product","3":"status-publish","4":"has-post-thumbnail","6":"product_brand-castrol","7":"product_cat-dau-cong-nghiep-castrol","8":"product_cat-dau-may-nen-khi-castrol","9":"product_cat-dau-may-nen-khi-aircol-cm","10":"product_cat-dau-nhot-castrol","11":"product_tag-castrol-aircol-cm","12":"product_tag-dau-may-nen-castrol","13":"product_tag-dau-may-nen-chiu-tai-cao","14":"product_tag-dau-may-nen-khi","15":"product_tag-dau-may-nen-khi-pit-tong","16":"product_tag-dau-may-nen-khi-truc-vit","17":"product_tag-dau-may-nen-khong-chua-kem","18":"product_tag-dau-may-nen-khong-tro","19":"product_tag-dau-may-nen-on-dinh-nhiet","20":"product_tag-dau-on-dinh-oxy-hoa","22":"first","23":"instock","24":"shipping-taxable","25":"product-type-simple"},"yoast_head":"<!-- This site is optimized with the Yoast SEO plugin v27.2 - https:\/\/yoast.com\/product\/yoast-seo-wordpress\/ -->\n<title>Castrol Aircol\u2122 CM 46 - T&amp;T Viet Nam Lubricants Co.,LTD<\/title>\n<meta name=\"robots\" content=\"index, follow, max-snippet:-1, max-image-preview:large, max-video-preview:-1\" \/>\n<link rel=\"canonical\" href=\"https:\/\/tatco.vn\/vi\/san-pham\/dau-may-khi-nen-castrol-aircol-cm-46\/\" \/>\n<meta property=\"og:locale\" content=\"en_US\" \/>\n<meta property=\"og:type\" content=\"article\" \/>\n<meta property=\"og:title\" content=\"Castrol Aircol\u2122 CM 46 - T&amp;T Viet Nam Lubricants Co.,LTD\" \/>\n<meta property=\"og:url\" content=\"https:\/\/tatco.vn\/vi\/san-pham\/dau-may-khi-nen-castrol-aircol-cm-46\/\" \/>\n<meta property=\"og:site_name\" content=\"T&amp;T Viet Nam Lubricants Co.,LTD\" \/>\n<meta property=\"article:modified_time\" content=\"2025-02-08T04:47:41+00:00\" \/>\n<meta property=\"og:image\" content=\"https:\/\/tatco.vn\/wp-content\/uploads\/2022\/12\/Castrol-v5.png\" \/>\n\t<meta property=\"og:image:width\" content=\"750\" \/>\n\t<meta property=\"og:image:height\" content=\"1000\" \/>\n\t<meta property=\"og:image:type\" content=\"image\/png\" \/>\n<meta name=\"twitter:card\" content=\"summary_large_image\" \/>\n<meta name=\"twitter:label1\" content=\"Est. reading time\" \/>\n\t<meta name=\"twitter:data1\" content=\"5 minutes\" \/>\n<script type=\"application\/ld+json\" class=\"yoast-schema-graph\">{\"@context\":\"https:\/\/schema.org\",\"@graph\":[{\"@type\":\"WebPage\",\"@id\":\"https:\/\/tatco.vn\/vi\/san-pham\/dau-may-khi-nen-castrol-aircol-cm-46\/\",\"url\":\"https:\/\/tatco.vn\/vi\/san-pham\/dau-may-khi-nen-castrol-aircol-cm-46\/\",\"name\":\"Castrol Aircol\u2122 CM 46 - T&amp;T Viet Nam Lubricants Co.,LTD\",\"isPartOf\":{\"@id\":\"https:\/\/tatco.vn\/en\/#website\"},\"primaryImageOfPage\":{\"@id\":\"https:\/\/tatco.vn\/vi\/san-pham\/dau-may-khi-nen-castrol-aircol-cm-46\/#primaryimage\"},\"image\":{\"@id\":\"https:\/\/tatco.vn\/vi\/san-pham\/dau-may-khi-nen-castrol-aircol-cm-46\/#primaryimage\"},\"thumbnailUrl\":\"https:\/\/tatco.vn\/wp-content\/uploads\/2022\/12\/Castrol-v5.png\",\"datePublished\":\"2025-02-05T04:31:46+00:00\",\"dateModified\":\"2025-02-08T04:47:41+00:00\",\"breadcrumb\":{\"@id\":\"https:\/\/tatco.vn\/vi\/san-pham\/dau-may-khi-nen-castrol-aircol-cm-46\/#breadcrumb\"},\"inLanguage\":\"en-US\",\"potentialAction\":[{\"@type\":\"ReadAction\",\"target\":[\"https:\/\/tatco.vn\/vi\/san-pham\/dau-may-khi-nen-castrol-aircol-cm-46\/\"]}]},{\"@type\":\"ImageObject\",\"inLanguage\":\"en-US\",\"@id\":\"https:\/\/tatco.vn\/vi\/san-pham\/dau-may-khi-nen-castrol-aircol-cm-46\/#primaryimage\",\"url\":\"https:\/\/tatco.vn\/wp-content\/uploads\/2022\/12\/Castrol-v5.png\",\"contentUrl\":\"https:\/\/tatco.vn\/wp-content\/uploads\/2022\/12\/Castrol-v5.png\",\"width\":750,\"height\":1000,\"caption\":\"Castrol Perfecto HT 5\"},{\"@type\":\"BreadcrumbList\",\"@id\":\"https:\/\/tatco.vn\/vi\/san-pham\/dau-may-khi-nen-castrol-aircol-cm-46\/#breadcrumb\",\"itemListElement\":[{\"@type\":\"ListItem\",\"position\":1,\"name\":\"Home\",\"item\":\"https:\/\/tatco.vn\/\"},{\"@type\":\"ListItem\",\"position\":2,\"name\":\"C\u1eeda h\u00e0ng\",\"item\":\"https:\/\/tatco.vn\/en\/mua\/\"},{\"@type\":\"ListItem\",\"position\":3,\"name\":\"D\u1ea7u M\u00e1y Kh\u00ed N\u00e9n Castrol Aircol\u2122 CM 46\"}]},{\"@type\":\"WebSite\",\"@id\":\"https:\/\/tatco.vn\/en\/#website\",\"url\":\"https:\/\/tatco.vn\/en\/\",\"name\":\"T&amp;T Viet Nam Lubricants Co.,LTD\",\"description\":\"Right Point - Right Time - Best Solution\",\"publisher\":{\"@id\":\"https:\/\/tatco.vn\/en\/#organization\"},\"potentialAction\":[{\"@type\":\"SearchAction\",\"target\":{\"@type\":\"EntryPoint\",\"urlTemplate\":\"https:\/\/tatco.vn\/en\/?s={search_term_string}\"},\"query-input\":{\"@type\":\"PropertyValueSpecification\",\"valueRequired\":true,\"valueName\":\"search_term_string\"}}],\"inLanguage\":\"en-US\"},{\"@type\":\"Organization\",\"@id\":\"https:\/\/tatco.vn\/en\/#organization\",\"name\":\"C\u00f4ng Ty TNHH D\u1ea7u Nh\u1eddn T&T Vi\u1ec7t Nam\",\"url\":\"https:\/\/tatco.vn\/en\/\",\"logo\":{\"@type\":\"ImageObject\",\"inLanguage\":\"en-US\",\"@id\":\"https:\/\/tatco.vn\/en\/#\/schema\/logo\/image\/\",\"url\":\"https:\/\/tatco.vn\/wp-content\/uploads\/2019\/05\/fav-ico.png\",\"contentUrl\":\"https:\/\/tatco.vn\/wp-content\/uploads\/2019\/05\/fav-ico.png\",\"width\":200,\"height\":200,\"caption\":\"C\u00f4ng Ty TNHH D\u1ea7u Nh\u1eddn T&T Vi\u1ec7t Nam\"},\"image\":{\"@id\":\"https:\/\/tatco.vn\/en\/#\/schema\/logo\/image\/\"}}]}<\/script>\n<!-- \/ Yoast SEO plugin. -->","yoast_head_json":{"title":"Castrol Aircol\u2122 CM 46 - T&amp;T Viet Nam Lubricants Co.,LTD","robots":{"index":"index","follow":"follow","max-snippet":"max-snippet:-1","max-image-preview":"max-image-preview:large","max-video-preview":"max-video-preview:-1"},"canonical":"https:\/\/tatco.vn\/vi\/san-pham\/dau-may-khi-nen-castrol-aircol-cm-46\/","og_locale":"en_US","og_type":"article","og_title":"Castrol Aircol\u2122 CM 46 - T&amp;T Viet Nam Lubricants Co.,LTD","og_url":"https:\/\/tatco.vn\/vi\/san-pham\/dau-may-khi-nen-castrol-aircol-cm-46\/","og_site_name":"T&amp;T Viet Nam Lubricants Co.,LTD","article_modified_time":"2025-02-08T04:47:41+00:00","og_image":[{"width":750,"height":1000,"url":"https:\/\/tatco.vn\/wp-content\/uploads\/2022\/12\/Castrol-v5.png","type":"image\/png"}],"twitter_card":"summary_large_image","twitter_misc":{"Est. reading time":"5 minutes"},"schema":{"@context":"https:\/\/schema.org","@graph":[{"@type":"WebPage","@id":"https:\/\/tatco.vn\/vi\/san-pham\/dau-may-khi-nen-castrol-aircol-cm-46\/","url":"https:\/\/tatco.vn\/vi\/san-pham\/dau-may-khi-nen-castrol-aircol-cm-46\/","name":"Castrol Aircol\u2122 CM 46 - T&amp;T Viet Nam Lubricants Co.,LTD","isPartOf":{"@id":"https:\/\/tatco.vn\/en\/#website"},"primaryImageOfPage":{"@id":"https:\/\/tatco.vn\/vi\/san-pham\/dau-may-khi-nen-castrol-aircol-cm-46\/#primaryimage"},"image":{"@id":"https:\/\/tatco.vn\/vi\/san-pham\/dau-may-khi-nen-castrol-aircol-cm-46\/#primaryimage"},"thumbnailUrl":"https:\/\/tatco.vn\/wp-content\/uploads\/2022\/12\/Castrol-v5.png","datePublished":"2025-02-05T04:31:46+00:00","dateModified":"2025-02-08T04:47:41+00:00","breadcrumb":{"@id":"https:\/\/tatco.vn\/vi\/san-pham\/dau-may-khi-nen-castrol-aircol-cm-46\/#breadcrumb"},"inLanguage":"en-US","potentialAction":[{"@type":"ReadAction","target":["https:\/\/tatco.vn\/vi\/san-pham\/dau-may-khi-nen-castrol-aircol-cm-46\/"]}]},{"@type":"ImageObject","inLanguage":"en-US","@id":"https:\/\/tatco.vn\/vi\/san-pham\/dau-may-khi-nen-castrol-aircol-cm-46\/#primaryimage","url":"https:\/\/tatco.vn\/wp-content\/uploads\/2022\/12\/Castrol-v5.png","contentUrl":"https:\/\/tatco.vn\/wp-content\/uploads\/2022\/12\/Castrol-v5.png","width":750,"height":1000,"caption":"Castrol Perfecto HT 5"},{"@type":"BreadcrumbList","@id":"https:\/\/tatco.vn\/vi\/san-pham\/dau-may-khi-nen-castrol-aircol-cm-46\/#breadcrumb","itemListElement":[{"@type":"ListItem","position":1,"name":"Home","item":"https:\/\/tatco.vn\/"},{"@type":"ListItem","position":2,"name":"C\u1eeda h\u00e0ng","item":"https:\/\/tatco.vn\/en\/mua\/"},{"@type":"ListItem","position":3,"name":"D\u1ea7u M\u00e1y Kh\u00ed N\u00e9n Castrol Aircol\u2122 CM 46"}]},{"@type":"WebSite","@id":"https:\/\/tatco.vn\/en\/#website","url":"https:\/\/tatco.vn\/en\/","name":"T&amp;T Viet Nam Lubricants Co.,LTD","description":"Right Point - Right Time - Best Solution","publisher":{"@id":"https:\/\/tatco.vn\/en\/#organization"},"potentialAction":[{"@type":"SearchAction","target":{"@type":"EntryPoint","urlTemplate":"https:\/\/tatco.vn\/en\/?s={search_term_string}"},"query-input":{"@type":"PropertyValueSpecification","valueRequired":true,"valueName":"search_term_string"}}],"inLanguage":"en-US"},{"@type":"Organization","@id":"https:\/\/tatco.vn\/en\/#organization","name":"C\u00f4ng Ty TNHH D\u1ea7u Nh\u1eddn T&T Vi\u1ec7t Nam","url":"https:\/\/tatco.vn\/en\/","logo":{"@type":"ImageObject","inLanguage":"en-US","@id":"https:\/\/tatco.vn\/en\/#\/schema\/logo\/image\/","url":"https:\/\/tatco.vn\/wp-content\/uploads\/2019\/05\/fav-ico.png","contentUrl":"https:\/\/tatco.vn\/wp-content\/uploads\/2019\/05\/fav-ico.png","width":200,"height":200,"caption":"C\u00f4ng Ty TNHH D\u1ea7u Nh\u1eddn T&T Vi\u1ec7t Nam"},"image":{"@id":"https:\/\/tatco.vn\/en\/#\/schema\/logo\/image\/"}}]}},"_links":{"self":[{"href":"https:\/\/tatco.vn\/en\/wp-json\/wp\/v2\/product\/27817","targetHints":{"allow":["GET"]}}],"collection":[{"href":"https:\/\/tatco.vn\/en\/wp-json\/wp\/v2\/product"}],"about":[{"href":"https:\/\/tatco.vn\/en\/wp-json\/wp\/v2\/types\/product"}],"replies":[{"embeddable":true,"href":"https:\/\/tatco.vn\/en\/wp-json\/wp\/v2\/comments?post=27817"}],"version-history":[{"count":0,"href":"https:\/\/tatco.vn\/en\/wp-json\/wp\/v2\/product\/27817\/revisions"}],"wp:featuredmedia":[{"embeddable":true,"href":"https:\/\/tatco.vn\/en\/wp-json\/wp\/v2\/media\/27593"}],"wp:attachment":[{"href":"https:\/\/tatco.vn\/en\/wp-json\/wp\/v2\/media?parent=27817"}],"wp:term":[{"taxonomy":"product_cat","embeddable":true,"href":"https:\/\/tatco.vn\/en\/wp-json\/wp\/v2\/product_cat?post=27817"},{"taxonomy":"product_tag","embeddable":true,"href":"https:\/\/tatco.vn\/en\/wp-json\/wp\/v2\/product_tag?post=27817"}],"curies":[{"name":"wp","href":"https:\/\/api.w.org\/{rel}","templated":true}]}}