{"id":27297,"date":"2020-12-25T19:06:48","date_gmt":"2020-12-25T12:06:48","guid":{"rendered":"https:\/\/tatco.vn\/vi\/?post_type=product&#038;p=27297"},"modified":"2020-12-25T19:10:52","modified_gmt":"2020-12-25T12:10:52","slug":"mobil-shc-rarus-46","status":"publish","type":"product","link":"https:\/\/tatco.vn\/en\/product\/mobil-shc-rarus-46\/","title":{"rendered":"Mobil SHC Rarus 46"},"content":{"rendered":"<section class=\"wpb-content-wrapper\"><p>[vc_row][vc_column][vc_column_text]<\/p>\n<h2>Product Description<\/h2>\n<p style=\"text-align: justify;\">Mobil SHC Rarus\u2122 Series oils are supreme performance air compressor lubricants primarily intended for the lubrication of severe duty rotary screw and vane air compressors. They are particularly suited for severe service where synthetic oil-based products are not meeting expectations such as in severe applications subjected to high final compression temperatures or where extended oil drain intervals are desired. Mobil SHC Rarus Series formulation provides the potential to deliver up to 3 times oil drain interval versus a leading synthetic compressor lubricant.<\/p>\n<p>&nbsp;<\/p>\n<h2>Features and Benefits<\/h2>\n<p style=\"text-align: justify;\">\u2022\u00a0 Outstanding thermal \/ oxidation stability help to provide up to three times oil drain interval versus a leading synthetic compressor oil and reduce maintenance downtime<\/p>\n<p style=\"text-align: justify;\">\u2022\u00a0 Excellent varnish and sludge control helps to deliver cleanliness and extended compressor oil life<\/p>\n<p style=\"text-align: justify;\">\u2022\u00a0 High performance synthetic base stocks with high viscosity index enables wide temperature range capability and effective lubrication at high temperatures<\/p>\n<p style=\"text-align: justify;\">\u2022\u00a0 High load carrying capability protects equipment and extends life, helps minimize unexpected downtime and extend service periods<\/p>\n<p style=\"text-align: justify;\">\u2022\u00a0 Exceptional resistance to rusting and corrosion, very good antiwear, demulsibility, foam control and air release and multi-metal compatibility<\/p>\n<p style=\"text-align: justify;\">\u2022\u00a0 Excellent water separability helps reduce carryover to downstream equipment, reduce sludge formation in crankcases and discharge lines, helps reduce blockage of coalescers, coolers and less potential for emulsion formation<\/p>\n<p>&nbsp;<\/p>\n<h2>Applications<\/h2>\n<p style=\"text-align: justify;\">\u2022\u00a0 Mobil SHC Rarus Series are primarily for rotary screw and vane air compressor, very effective in screw type compressors with oil injection cooling; compressors with a history of excess oil degradation, poor valve performance or deposit formation<\/p>\n<p style=\"text-align: justify;\">\u2022\u00a0 Compressors operating under severe conditions, particularly effective for continuous high temperature operation with discharge temperatures up to 200\u00baC<\/p>\n<p style=\"text-align: justify;\">\u2022\u00a0 Compressor systems with critical gears and bearings<\/p>\n<p style=\"text-align: justify;\">\u2022\u00a0 Not for air compressors used in breathing air applications<\/p>\n<p style=\"text-align: justify;\">\u2022\u00a0 Compatible with all metals used in compressor construction and with conventional mineral oil-based air compressor oils but mixture with other oils may detract from the total performance capability<\/p>\n<p>&nbsp;<\/p>\n<h2>Properties and Specifications<\/h2>\n<div class=\"table-responsive\">\n<div class=\"table-responsive\">\n<table class=\"table table-striped\">\n<tbody>\n<tr>\n<td style=\"text-align: left;\">Property<\/td>\n<td>32<\/td>\n<td>46<\/td>\n<td>68<\/td>\n<\/tr>\n<tr>\n<td style=\"text-align: left;\">Grade<\/td>\n<td>ISO 32<\/td>\n<td>ISO 46<\/td>\n<td>ISO 68<\/td>\n<\/tr>\n<tr>\n<td style=\"text-align: left;\">Color, Visual<\/td>\n<td>Orange liquid<\/td>\n<td>Orange liquid<\/td>\n<td>Orange liquid<\/td>\n<\/tr>\n<tr>\n<td style=\"text-align: left;\">Copper Strip Corrosion, 24 h, 100 C, Rating, ASTM D130<\/td>\n<td>1B<\/td>\n<td>1B<\/td>\n<td>1B<\/td>\n<\/tr>\n<tr>\n<td style=\"text-align: left;\">Flash Point, Pensky-Martens Closed Cup, \u00b0C, ASTM D93<\/td>\n<td>204<\/td>\n<td>197<\/td>\n<td>192<\/td>\n<\/tr>\n<tr>\n<td style=\"text-align: left;\">Kinematic Viscosity @ 100 C, mm2\/s, ASTM D445<\/td>\n<td>5.6<\/td>\n<td>7.1<\/td>\n<td>9.7<\/td>\n<\/tr>\n<tr>\n<td style=\"text-align: left;\">Kinematic Viscosity @ 40 C, mm2\/s, ASTM D445<\/td>\n<td>30.6<\/td>\n<td>44.1<\/td>\n<td>65.3<\/td>\n<\/tr>\n<tr>\n<td style=\"text-align: left;\">Pour Point, \u00b0C, ASTM D5950<\/td>\n<td>-42<\/td>\n<td>-42<\/td>\n<td>-39<\/td>\n<\/tr>\n<tr>\n<td style=\"text-align: left;\">Rust Test, Synthetic Sea Water, 24 h @ 60 C, ASTM D665-PROB<\/td>\n<td>PASS<\/td>\n<td>PASS<\/td>\n<td>PASS<\/td>\n<\/tr>\n<tr>\n<td style=\"text-align: left;\">Specific Gravity, 15 C\/15 C, ASTM D1298<\/td>\n<td>0.865<\/td>\n<td>0.867<\/td>\n<td>0.865<\/td>\n<\/tr>\n<tr>\n<td style=\"text-align: left;\">Viscosity Index, ASTM D2270<\/td>\n<td>123<\/td>\n<td>122<\/td>\n<td>129<\/td>\n<\/tr>\n<\/tbody>\n<\/table>\n<p>&nbsp;<\/p>\n<\/div>\n<\/div>\n<p>[\/vc_column_text][\/vc_column][\/vc_row]<\/p>\n<\/section>","protected":false},"excerpt":{"rendered":"<p>Mobil SHC Rarus\u2122 Series oils are supreme performance air compressor lubricants primarily intended for the lubrication of severe duty rotary screw and vane air compressors.<\/p>\n","protected":false},"featured_media":26973,"comment_status":"closed","ping_status":"closed","template":"","meta":[],"product_cat":[374,371,361,640],"product_tag":[687,689],"class_list":{"0":"post-27297","1":"product","2":"type-product","3":"status-publish","4":"has-post-thumbnail","6":"product_brand-mobil","7":"product_cat-mobil-industrial-oil","8":"product_cat-mobil-compressor-oil","9":"product_cat-mobil-oil","10":"product_cat-mobil-shc-rarus-series","11":"product_tag-mobil-shc-rarus-46","12":"product_tag-mobil-shc-rarus-series","14":"first","15":"instock","16":"shipping-taxable","17":"product-type-simple"},"yoast_head":"<!-- This site is optimized with the Yoast SEO plugin v27.2 - https:\/\/yoast.com\/product\/yoast-seo-wordpress\/ -->\n<title>Mobil SHC Rarus 46 - T&amp;T Viet Nam Lubricants Co.,LTD<\/title>\n<meta name=\"description\" content=\"D\u1ea7u Mobil SHC Rarus 46 l\u00e0 ch\u1ea5t b\u00f4i tr\u01a1n m\u00e1y n\u00e9n kh\u00ed hi\u1ec7u su\u1ea5t cao ch\u1ee7 y\u1ebfu d\u00f9ng \u0111\u1ec3 b\u00f4i tr\u01a1n m\u00e1y n\u00e9n kh\u00ed tr\u1ee5c v\u00edt v\u00e0 m\u00e1y n\u00e9n kh\u00ed c\u00e1nh g\u1ea1t.\" \/>\n<meta name=\"robots\" content=\"index, follow, max-snippet:-1, max-image-preview:large, max-video-preview:-1\" \/>\n<link rel=\"canonical\" href=\"https:\/\/tatco.vn\/vi\/san-pham\/mobil-shc-rarus-46\/\" \/>\n<meta property=\"og:locale\" content=\"en_US\" \/>\n<meta property=\"og:type\" content=\"article\" \/>\n<meta property=\"og:title\" content=\"Mobil SHC Rarus 46 - T&amp;T Viet Nam Lubricants Co.,LTD\" \/>\n<meta property=\"og:description\" content=\"D\u1ea7u Mobil SHC Rarus 46 l\u00e0 ch\u1ea5t b\u00f4i tr\u01a1n m\u00e1y n\u00e9n kh\u00ed hi\u1ec7u su\u1ea5t cao ch\u1ee7 y\u1ebfu d\u00f9ng \u0111\u1ec3 b\u00f4i tr\u01a1n m\u00e1y n\u00e9n kh\u00ed tr\u1ee5c v\u00edt v\u00e0 m\u00e1y n\u00e9n kh\u00ed c\u00e1nh g\u1ea1t.\" \/>\n<meta property=\"og:url\" content=\"https:\/\/tatco.vn\/vi\/san-pham\/mobil-shc-rarus-46\/\" \/>\n<meta property=\"og:site_name\" content=\"T&amp;T Viet Nam Lubricants Co.,LTD\" \/>\n<meta property=\"article:modified_time\" content=\"2020-12-25T12:10:52+00:00\" \/>\n<meta property=\"og:image\" content=\"https:\/\/tatco.vn\/wp-content\/uploads\/2019\/06\/dau-nhot-mobil-mobil-oil-white.png\" \/>\n\t<meta property=\"og:image:width\" content=\"1200\" \/>\n\t<meta property=\"og:image:height\" content=\"1200\" \/>\n\t<meta property=\"og:image:type\" content=\"image\/png\" \/>\n<meta name=\"twitter:card\" content=\"summary_large_image\" \/>\n<meta name=\"twitter:label1\" content=\"Est. reading time\" \/>\n\t<meta name=\"twitter:data1\" content=\"7 minutes\" \/>\n<script type=\"application\/ld+json\" class=\"yoast-schema-graph\">{\"@context\":\"https:\/\/schema.org\",\"@graph\":[{\"@type\":\"WebPage\",\"@id\":\"https:\/\/tatco.vn\/vi\/san-pham\/mobil-shc-rarus-46\/\",\"url\":\"https:\/\/tatco.vn\/vi\/san-pham\/mobil-shc-rarus-46\/\",\"name\":\"Mobil SHC Rarus 46 - T&amp;T Viet Nam Lubricants Co.,LTD\",\"isPartOf\":{\"@id\":\"https:\/\/tatco.vn\/en\/#website\"},\"primaryImageOfPage\":{\"@id\":\"https:\/\/tatco.vn\/vi\/san-pham\/mobil-shc-rarus-46\/#primaryimage\"},\"image\":{\"@id\":\"https:\/\/tatco.vn\/vi\/san-pham\/mobil-shc-rarus-46\/#primaryimage\"},\"thumbnailUrl\":\"https:\/\/tatco.vn\/wp-content\/uploads\/2019\/06\/dau-nhot-mobil-mobil-oil-white.png\",\"datePublished\":\"2020-12-25T12:06:48+00:00\",\"dateModified\":\"2020-12-25T12:10:52+00:00\",\"description\":\"D\u1ea7u Mobil SHC Rarus 46 l\u00e0 ch\u1ea5t b\u00f4i tr\u01a1n m\u00e1y n\u00e9n kh\u00ed hi\u1ec7u su\u1ea5t cao ch\u1ee7 y\u1ebfu d\u00f9ng \u0111\u1ec3 b\u00f4i tr\u01a1n m\u00e1y n\u00e9n kh\u00ed tr\u1ee5c v\u00edt v\u00e0 m\u00e1y n\u00e9n kh\u00ed c\u00e1nh g\u1ea1t.\",\"breadcrumb\":{\"@id\":\"https:\/\/tatco.vn\/vi\/san-pham\/mobil-shc-rarus-46\/#breadcrumb\"},\"inLanguage\":\"en-US\",\"potentialAction\":[{\"@type\":\"ReadAction\",\"target\":[\"https:\/\/tatco.vn\/vi\/san-pham\/mobil-shc-rarus-46\/\"]}]},{\"@type\":\"ImageObject\",\"inLanguage\":\"en-US\",\"@id\":\"https:\/\/tatco.vn\/vi\/san-pham\/mobil-shc-rarus-46\/#primaryimage\",\"url\":\"https:\/\/tatco.vn\/wp-content\/uploads\/2019\/06\/dau-nhot-mobil-mobil-oil-white.png\",\"contentUrl\":\"https:\/\/tatco.vn\/wp-content\/uploads\/2019\/06\/dau-nhot-mobil-mobil-oil-white.png\",\"width\":1200,\"height\":1200,\"caption\":\"dau nhot mobil mobil oil\"},{\"@type\":\"BreadcrumbList\",\"@id\":\"https:\/\/tatco.vn\/vi\/san-pham\/mobil-shc-rarus-46\/#breadcrumb\",\"itemListElement\":[{\"@type\":\"ListItem\",\"position\":1,\"name\":\"Home\",\"item\":\"https:\/\/tatco.vn\/\"},{\"@type\":\"ListItem\",\"position\":2,\"name\":\"C\u1eeda h\u00e0ng\",\"item\":\"https:\/\/tatco.vn\/en\/mua\/\"},{\"@type\":\"ListItem\",\"position\":3,\"name\":\"Mobil SHC Rarus 46\"}]},{\"@type\":\"WebSite\",\"@id\":\"https:\/\/tatco.vn\/en\/#website\",\"url\":\"https:\/\/tatco.vn\/en\/\",\"name\":\"T&amp;T Viet Nam Lubricants Co.,LTD\",\"description\":\"Right Point - Right Time - Best Solution\",\"publisher\":{\"@id\":\"https:\/\/tatco.vn\/en\/#organization\"},\"potentialAction\":[{\"@type\":\"SearchAction\",\"target\":{\"@type\":\"EntryPoint\",\"urlTemplate\":\"https:\/\/tatco.vn\/en\/?s={search_term_string}\"},\"query-input\":{\"@type\":\"PropertyValueSpecification\",\"valueRequired\":true,\"valueName\":\"search_term_string\"}}],\"inLanguage\":\"en-US\"},{\"@type\":\"Organization\",\"@id\":\"https:\/\/tatco.vn\/en\/#organization\",\"name\":\"C\u00f4ng Ty TNHH D\u1ea7u Nh\u1eddn T&T Vi\u1ec7t Nam\",\"url\":\"https:\/\/tatco.vn\/en\/\",\"logo\":{\"@type\":\"ImageObject\",\"inLanguage\":\"en-US\",\"@id\":\"https:\/\/tatco.vn\/en\/#\/schema\/logo\/image\/\",\"url\":\"https:\/\/tatco.vn\/wp-content\/uploads\/2019\/05\/fav-ico.png\",\"contentUrl\":\"https:\/\/tatco.vn\/wp-content\/uploads\/2019\/05\/fav-ico.png\",\"width\":200,\"height\":200,\"caption\":\"C\u00f4ng Ty TNHH D\u1ea7u Nh\u1eddn T&T Vi\u1ec7t Nam\"},\"image\":{\"@id\":\"https:\/\/tatco.vn\/en\/#\/schema\/logo\/image\/\"}}]}<\/script>\n<!-- \/ Yoast SEO plugin. -->","yoast_head_json":{"title":"Mobil SHC Rarus 46 - T&amp;T Viet Nam Lubricants Co.,LTD","description":"D\u1ea7u Mobil SHC Rarus 46 l\u00e0 ch\u1ea5t b\u00f4i tr\u01a1n m\u00e1y n\u00e9n kh\u00ed hi\u1ec7u su\u1ea5t cao ch\u1ee7 y\u1ebfu d\u00f9ng \u0111\u1ec3 b\u00f4i tr\u01a1n m\u00e1y n\u00e9n kh\u00ed tr\u1ee5c v\u00edt v\u00e0 m\u00e1y n\u00e9n kh\u00ed c\u00e1nh g\u1ea1t.","robots":{"index":"index","follow":"follow","max-snippet":"max-snippet:-1","max-image-preview":"max-image-preview:large","max-video-preview":"max-video-preview:-1"},"canonical":"https:\/\/tatco.vn\/vi\/san-pham\/mobil-shc-rarus-46\/","og_locale":"en_US","og_type":"article","og_title":"Mobil SHC Rarus 46 - T&amp;T Viet Nam Lubricants Co.,LTD","og_description":"D\u1ea7u Mobil SHC Rarus 46 l\u00e0 ch\u1ea5t b\u00f4i tr\u01a1n m\u00e1y n\u00e9n kh\u00ed hi\u1ec7u su\u1ea5t cao ch\u1ee7 y\u1ebfu d\u00f9ng \u0111\u1ec3 b\u00f4i tr\u01a1n m\u00e1y n\u00e9n kh\u00ed tr\u1ee5c v\u00edt v\u00e0 m\u00e1y n\u00e9n kh\u00ed c\u00e1nh g\u1ea1t.","og_url":"https:\/\/tatco.vn\/vi\/san-pham\/mobil-shc-rarus-46\/","og_site_name":"T&amp;T Viet Nam Lubricants Co.,LTD","article_modified_time":"2020-12-25T12:10:52+00:00","og_image":[{"width":1200,"height":1200,"url":"https:\/\/tatco.vn\/wp-content\/uploads\/2019\/06\/dau-nhot-mobil-mobil-oil-white.png","type":"image\/png"}],"twitter_card":"summary_large_image","twitter_misc":{"Est. reading time":"7 minutes"},"schema":{"@context":"https:\/\/schema.org","@graph":[{"@type":"WebPage","@id":"https:\/\/tatco.vn\/vi\/san-pham\/mobil-shc-rarus-46\/","url":"https:\/\/tatco.vn\/vi\/san-pham\/mobil-shc-rarus-46\/","name":"Mobil SHC Rarus 46 - T&amp;T Viet Nam Lubricants Co.,LTD","isPartOf":{"@id":"https:\/\/tatco.vn\/en\/#website"},"primaryImageOfPage":{"@id":"https:\/\/tatco.vn\/vi\/san-pham\/mobil-shc-rarus-46\/#primaryimage"},"image":{"@id":"https:\/\/tatco.vn\/vi\/san-pham\/mobil-shc-rarus-46\/#primaryimage"},"thumbnailUrl":"https:\/\/tatco.vn\/wp-content\/uploads\/2019\/06\/dau-nhot-mobil-mobil-oil-white.png","datePublished":"2020-12-25T12:06:48+00:00","dateModified":"2020-12-25T12:10:52+00:00","description":"D\u1ea7u Mobil SHC Rarus 46 l\u00e0 ch\u1ea5t b\u00f4i tr\u01a1n m\u00e1y n\u00e9n kh\u00ed hi\u1ec7u su\u1ea5t cao ch\u1ee7 y\u1ebfu d\u00f9ng \u0111\u1ec3 b\u00f4i tr\u01a1n m\u00e1y n\u00e9n kh\u00ed tr\u1ee5c v\u00edt v\u00e0 m\u00e1y n\u00e9n kh\u00ed c\u00e1nh g\u1ea1t.","breadcrumb":{"@id":"https:\/\/tatco.vn\/vi\/san-pham\/mobil-shc-rarus-46\/#breadcrumb"},"inLanguage":"en-US","potentialAction":[{"@type":"ReadAction","target":["https:\/\/tatco.vn\/vi\/san-pham\/mobil-shc-rarus-46\/"]}]},{"@type":"ImageObject","inLanguage":"en-US","@id":"https:\/\/tatco.vn\/vi\/san-pham\/mobil-shc-rarus-46\/#primaryimage","url":"https:\/\/tatco.vn\/wp-content\/uploads\/2019\/06\/dau-nhot-mobil-mobil-oil-white.png","contentUrl":"https:\/\/tatco.vn\/wp-content\/uploads\/2019\/06\/dau-nhot-mobil-mobil-oil-white.png","width":1200,"height":1200,"caption":"dau nhot mobil mobil oil"},{"@type":"BreadcrumbList","@id":"https:\/\/tatco.vn\/vi\/san-pham\/mobil-shc-rarus-46\/#breadcrumb","itemListElement":[{"@type":"ListItem","position":1,"name":"Home","item":"https:\/\/tatco.vn\/"},{"@type":"ListItem","position":2,"name":"C\u1eeda h\u00e0ng","item":"https:\/\/tatco.vn\/en\/mua\/"},{"@type":"ListItem","position":3,"name":"Mobil SHC Rarus 46"}]},{"@type":"WebSite","@id":"https:\/\/tatco.vn\/en\/#website","url":"https:\/\/tatco.vn\/en\/","name":"T&amp;T Viet Nam Lubricants Co.,LTD","description":"Right Point - Right Time - Best Solution","publisher":{"@id":"https:\/\/tatco.vn\/en\/#organization"},"potentialAction":[{"@type":"SearchAction","target":{"@type":"EntryPoint","urlTemplate":"https:\/\/tatco.vn\/en\/?s={search_term_string}"},"query-input":{"@type":"PropertyValueSpecification","valueRequired":true,"valueName":"search_term_string"}}],"inLanguage":"en-US"},{"@type":"Organization","@id":"https:\/\/tatco.vn\/en\/#organization","name":"C\u00f4ng Ty TNHH D\u1ea7u Nh\u1eddn T&T Vi\u1ec7t Nam","url":"https:\/\/tatco.vn\/en\/","logo":{"@type":"ImageObject","inLanguage":"en-US","@id":"https:\/\/tatco.vn\/en\/#\/schema\/logo\/image\/","url":"https:\/\/tatco.vn\/wp-content\/uploads\/2019\/05\/fav-ico.png","contentUrl":"https:\/\/tatco.vn\/wp-content\/uploads\/2019\/05\/fav-ico.png","width":200,"height":200,"caption":"C\u00f4ng Ty TNHH D\u1ea7u Nh\u1eddn T&T Vi\u1ec7t Nam"},"image":{"@id":"https:\/\/tatco.vn\/en\/#\/schema\/logo\/image\/"}}]}},"_links":{"self":[{"href":"https:\/\/tatco.vn\/en\/wp-json\/wp\/v2\/product\/27297","targetHints":{"allow":["GET"]}}],"collection":[{"href":"https:\/\/tatco.vn\/en\/wp-json\/wp\/v2\/product"}],"about":[{"href":"https:\/\/tatco.vn\/en\/wp-json\/wp\/v2\/types\/product"}],"replies":[{"embeddable":true,"href":"https:\/\/tatco.vn\/en\/wp-json\/wp\/v2\/comments?post=27297"}],"version-history":[{"count":0,"href":"https:\/\/tatco.vn\/en\/wp-json\/wp\/v2\/product\/27297\/revisions"}],"wp:featuredmedia":[{"embeddable":true,"href":"https:\/\/tatco.vn\/en\/wp-json\/wp\/v2\/media\/26973"}],"wp:attachment":[{"href":"https:\/\/tatco.vn\/en\/wp-json\/wp\/v2\/media?parent=27297"}],"wp:term":[{"taxonomy":"product_cat","embeddable":true,"href":"https:\/\/tatco.vn\/en\/wp-json\/wp\/v2\/product_cat?post=27297"},{"taxonomy":"product_tag","embeddable":true,"href":"https:\/\/tatco.vn\/en\/wp-json\/wp\/v2\/product_tag?post=27297"}],"curies":[{"name":"wp","href":"https:\/\/api.w.org\/{rel}","templated":true}]}}