{"id":26911,"date":"2020-09-07T14:36:48","date_gmt":"2020-09-07T07:36:48","guid":{"rendered":"https:\/\/tatco.vn\/vi\/?post_type=product&#038;p=26911"},"modified":"2022-11-26T19:43:35","modified_gmt":"2022-11-26T12:43:35","slug":"dau-thuy-luc-mobil-dte-28","status":"publish","type":"product","link":"https:\/\/tatco.vn\/en\/product\/mobil-dte-28\/","title":{"rendered":"Mobil DTE 28"},"content":{"rendered":"<section class=\"wpb-content-wrapper\"><p>[vc_row][vc_column][vc_column_text]<\/p>\n<h2>Product Description<\/h2>\n<p>Mobil DTE\u2122 20 Series oils are high performance anti-wear hydraulic oils.<\/p>\n<p>They meet the stringent requirements of hydraulic systems using high pressure, high output pumps as well as other hydraulic system components such as close clearance servo-valves and numerically controlled (NC) machine tools.<\/p>\n<p>These products met the most rigorous performance requirements of a wide range of hydraulic system and component manufacturers, allowing use of a single product with excellent performance characteristics.<\/p>\n<p>&nbsp;<\/p>\n<h2>Features and Benefits<\/h2>\n<p>\u2022\u00a0 Excellent oxidation stability helps reduce maintenance downtime and costs by contributing to system cleanliness and deposit reduction, enable long oil and filter life<\/p>\n<p>\u2022\u00a0 Enhanced anti-wear and corrosion protection of system components using various metallurgy help extend component life and improve production capacity<\/p>\n<p>\u2022\u00a0 Controlled demulsibility protects systems from small and large quantities of water<\/p>\n<p>\u2022\u00a0 Keep clean properties reduce system deposits and sludge help protect equipment and extend equipment life, reduce maintenance costs and improve total system performance<\/p>\n<p>\u2022\u00a0 Quality reserve maintains performance features even under severe service conditions and extended drain intervals<\/p>\n<p>&nbsp;<\/p>\n<h2>Applications<\/h2>\n<p>\u2022\u00a0 Hydraulic systems critical to deposit build-up or where sludge and deposits form with conventional products<\/p>\n<p>\u2022\u00a0 Hydraulic systems requiring a high load-carrying capability and anti-wear protection, and when thin oil-film corrosion protection is an asset<\/p>\n<p>\u2022\u00a0 Where small amounts of water are unavoidable<\/p>\n<p>\u2022\u00a0 Systems containing gears and bearings<\/p>\n<p>\u2022\u00a0 Machines employing a wide range of components using various metallurgy<\/p>\n<p>&nbsp;<\/p>\n<h2>Specifications and Approvals<\/h2>\n<div class=\"table-responsive\">\n<div class=\"table-responsive\">\n<table class=\"table table-striped\">\n<tbody>\n<tr>\n<td style=\"text-align: left;\">This product has the following approvals:<\/td>\n<td>MOBIL DTE 22<\/td>\n<td>MOBIL DTE 24<\/td>\n<td>MOBIL DTE 25<\/td>\n<td>MOBIL DTE 26<\/td>\n<td>MOBIL DTE 27<\/td>\n<\/tr>\n<tr>\n<td style=\"text-align: left;\">DENISON HF-0<\/td>\n<td><\/td>\n<td>X<\/td>\n<td>X<\/td>\n<td>X<\/td>\n<td><\/td>\n<\/tr>\n<tr>\n<td style=\"text-align: left;\">Fives Cincinnati P-68<\/td>\n<td><\/td>\n<td>X<\/td>\n<td>X<\/td>\n<td>X<\/td>\n<td><\/td>\n<\/tr>\n<tr>\n<td style=\"text-align: left;\">HOCNF Norway-NEMS, Black<\/td>\n<td><\/td>\n<td>X<\/td>\n<td>X<\/td>\n<td>X<\/td>\n<td>X<\/td>\n<\/tr>\n<tr>\n<td style=\"text-align: left;\">HUSKY HS 207<\/td>\n<td><\/td>\n<td><\/td>\n<td>X<\/td>\n<td><\/td>\n<td><\/td>\n<\/tr>\n<tr>\n<td style=\"text-align: left;\">VICKERS I-286-S<\/td>\n<td><\/td>\n<td>X<\/td>\n<td>X<\/td>\n<td>X<\/td>\n<td><\/td>\n<\/tr>\n<tr>\n<td style=\"text-align: left;\">VICKERS M-2950-S<\/td>\n<td><\/td>\n<td>X<\/td>\n<td>X<\/td>\n<td>X<\/td>\n<td><\/td>\n<\/tr>\n<\/tbody>\n<\/table>\n<\/div>\n<\/div>\n<p>&nbsp;<\/p>\n<div class=\"table-responsive\">\n<div class=\"table-responsive\">\n<table class=\"table table-striped\">\n<tbody>\n<tr>\n<td style=\"text-align: left;\">This product meets or exceeds the requirements of:<\/td>\n<td><\/td>\n<td><\/td>\n<td><\/td>\n<td><\/td>\n<td><\/td>\n<\/tr>\n<tr>\n<td style=\"text-align: left;\">DIN 51524-2:2006-09<\/td>\n<td>X<\/td>\n<td>X<\/td>\n<td>X<\/td>\n<td>X<\/td>\n<td><\/td>\n<\/tr>\n<\/tbody>\n<\/table>\n<\/div>\n<\/div>\n<p>&nbsp;<\/p>\n<h2>Properties and Specifications<\/h2>\n<div class=\"table-responsive\">\n<div class=\"table-responsive\">\n<table class=\"table table-striped\">\n<tbody>\n<tr>\n<td style=\"text-align: left;\">Property<\/td>\n<td>MOBIL DTE 21<\/td>\n<td>MOBIL DTE 22<\/td>\n<td>MOBIL DTE 24<\/td>\n<td>MOBIL DTE 25<\/td>\n<td>MOBIL DTE 26<\/td>\n<td>MOBIL DTE 27<\/td>\n<td>MOBIL DTE 28<\/td>\n<\/tr>\n<tr>\n<td style=\"text-align: left;\">Grade<\/td>\n<td>ISO 10<\/td>\n<td>ISO 22<\/td>\n<td>ISO 32<\/td>\n<td>ISO 46<\/td>\n<td>ISO 68<\/td>\n<td>ISO 100<\/td>\n<td>ISO 150<\/td>\n<\/tr>\n<tr>\n<td style=\"text-align: left;\">Copper Strip Corrosion, 3 h, 100 C, Rating, ASTM D130<\/td>\n<td>1B<\/td>\n<td>1B<\/td>\n<td>1B<\/td>\n<td>1B<\/td>\n<td>1B<\/td>\n<td>1B<\/td>\n<td>1B<\/td>\n<\/tr>\n<tr>\n<td style=\"text-align: left;\">FZG Scuffing, Fail Load Stage, A\/8.3\/90, ISO 14635-1<\/td>\n<td><\/td>\n<td><\/td>\n<td>12<\/td>\n<td>12<\/td>\n<td>12<\/td>\n<td>12<\/td>\n<td>12<\/td>\n<\/tr>\n<tr>\n<td style=\"text-align: left;\">Flash Point, Cleveland Open Cup, \u00b0C, ASTM D92<\/td>\n<td>174<\/td>\n<td>200<\/td>\n<td>220<\/td>\n<td>232<\/td>\n<td>236<\/td>\n<td>248<\/td>\n<td>276<\/td>\n<\/tr>\n<tr>\n<td style=\"text-align: left;\">Foam, Sequence I, Stability, ml, ASTM D892<\/td>\n<td>0<\/td>\n<td>0<\/td>\n<td>0<\/td>\n<td>0<\/td>\n<td>0<\/td>\n<td>0<\/td>\n<td>0<\/td>\n<\/tr>\n<tr>\n<td style=\"text-align: left;\">Foam, Sequence I, Tendency, ml, ASTM D892<\/td>\n<td>20<\/td>\n<td>20<\/td>\n<td>20<\/td>\n<td>20<\/td>\n<td>20<\/td>\n<td>20<\/td>\n<td>20<\/td>\n<\/tr>\n<tr>\n<td style=\"text-align: left;\">Foam, Sequence II, Stability, ml, ASTM D892<\/td>\n<td>0<\/td>\n<td>0<\/td>\n<td>0<\/td>\n<td>0<\/td>\n<td>0<\/td>\n<td>0<\/td>\n<td>0<\/td>\n<\/tr>\n<tr>\n<td style=\"text-align: left;\">Foam, Sequence II, Tendency, ml, ASTM D892<\/td>\n<td>20<\/td>\n<td>20<\/td>\n<td>20<\/td>\n<td>20<\/td>\n<td>20<\/td>\n<td>20<\/td>\n<td>20<\/td>\n<\/tr>\n<tr>\n<td style=\"text-align: left;\">Foam, Sequence III, Stability, ml, ASTM D892<\/td>\n<td>0<\/td>\n<td>0<\/td>\n<td>0<\/td>\n<td>0<\/td>\n<td>0<\/td>\n<td>0<\/td>\n<td>0<\/td>\n<\/tr>\n<tr>\n<td style=\"text-align: left;\">Foam, Sequence III, Tendency, ml, ASTM D892<\/td>\n<td>20<\/td>\n<td>20<\/td>\n<td>20<\/td>\n<td>20<\/td>\n<td>20<\/td>\n<td>20<\/td>\n<td>20<\/td>\n<\/tr>\n<tr>\n<td style=\"text-align: left;\">Kinematic Viscosity @ 100 C, mm2\/s, ASTM D445<\/td>\n<td>2.7<\/td>\n<td>4.5<\/td>\n<td>5.3<\/td>\n<td>6.7<\/td>\n<td>8.5<\/td>\n<td>10.9<\/td>\n<td>14.3<\/td>\n<\/tr>\n<tr>\n<td style=\"text-align: left;\">Kinematic Viscosity @ 40 C, mm2\/s, ASTM D445<\/td>\n<td>10<\/td>\n<td>21<\/td>\n<td>31.5<\/td>\n<td>44.2<\/td>\n<td>71.2<\/td>\n<td>95.3<\/td>\n<td>142.8<\/td>\n<\/tr>\n<tr>\n<td style=\"text-align: left;\">Pour Point, \u00b0C, ASTM D97<\/td>\n<td>-30<\/td>\n<td>-30<\/td>\n<td>-27<\/td>\n<td>-27<\/td>\n<td>-21<\/td>\n<td>-21<\/td>\n<td>-15<\/td>\n<\/tr>\n<tr>\n<td style=\"text-align: left;\">Rust Characteristics, Procedure B, ASTM D665<\/td>\n<td>PASS<\/td>\n<td>PASS<\/td>\n<td>PASS<\/td>\n<td>PASS<\/td>\n<td>PASS<\/td>\n<td>PASS<\/td>\n<td>PASS<\/td>\n<\/tr>\n<tr>\n<td style=\"text-align: left;\">Viscosity Index, ASTM D2270<\/td>\n<td>98<\/td>\n<td>98<\/td>\n<td>98<\/td>\n<td>98<\/td>\n<td>98<\/td>\n<td>98<\/td>\n<td>98<\/td>\n<\/tr>\n<\/tbody>\n<\/table>\n<p>&nbsp;<\/p>\n<\/div>\n<\/div>\n<div class=\"table-responsive\"><\/div>\n<p>[\/vc_column_text][\/vc_column][\/vc_row]<\/p>\n<\/section>","protected":false},"excerpt":{"rendered":"<p style=\"text-align: justify;\">Mobil DTE 28 oils are high performance anti-wear hydraulic oils.<\/p>\n<p style=\"text-align: justify;\">Mobil DTE 28 meet the stringent requirements of hydraulic systems using high pressure, high output pumps as well as other hydraulic system components such as close clearance servo-valves and numerically controlled (NC) machine tools.<\/p>\n<p style=\"text-align: justify;\">Mobil DTE 28 met the most rigorous performance requirements of a wide range of hydraulic system and component manufacturers, allowing use of a single product with excellent performance characteristics.<\/p>\n","protected":false},"featured_media":26930,"comment_status":"open","ping_status":"closed","template":"","meta":[],"product_cat":[374,361,362,575],"product_tag":[652,656,654,655,653],"class_list":{"0":"post-26911","1":"product","2":"type-product","3":"status-publish","4":"has-post-thumbnail","6":"product_brand-mobil","7":"product_cat-mobil-industrial-oil","8":"product_cat-mobil-oil","9":"product_cat-mobil-hydraulic-oil","10":"product_cat-mobil-dte-20-series","11":"product_tag-dau-thuy-luc","12":"product_tag-dte-20","13":"product_tag-mobil-dte-20","14":"product_tag-mobil-dte-20-series","15":"product_tag-mobil-dte-28","17":"first","18":"instock","19":"shipping-taxable","20":"purchasable","21":"product-type-simple"},"yoast_head":"<!-- This site is optimized with the Yoast SEO plugin v27.2 - https:\/\/yoast.com\/product\/yoast-seo-wordpress\/ -->\n<title>Mobil DTE 28 - T&amp;T Viet Nam Lubricants Co.,LTD<\/title>\n<meta name=\"description\" content=\"Mobil DTE 28\u00a0l\u00e0 d\u1ea7u th\u1ee7y l\u1ef1c ch\u1ed1ng m\u00e0i m\u00f2n cao c\u1ea5p. \u0110\u1eb7c t\u00ednh: \u1ed4n \u0111\u1ecbnh t\u00ednh oxy h\u00f3a, Ch\u1ed1ng m\u00e0i m\u00f2n, \u0103n m\u00f2n t\u1ed1t, Kh\u1ea3 n\u0103ng kh\u1eed nh\u0169 t\u01b0\u01a1ng, L\u00e0m s\u1ea1ch thi\u1ebft b\u1ecb ...\" \/>\n<meta name=\"robots\" content=\"index, follow, max-snippet:-1, max-image-preview:large, max-video-preview:-1\" \/>\n<link rel=\"canonical\" href=\"https:\/\/tatco.vn\/vi\/san-pham\/dau-thuy-luc-mobil-dte-28\/\" \/>\n<meta property=\"og:locale\" content=\"en_US\" \/>\n<meta property=\"og:type\" content=\"article\" \/>\n<meta property=\"og:title\" content=\"Mobil DTE 28 - T&amp;T Viet Nam Lubricants Co.,LTD\" \/>\n<meta property=\"og:description\" content=\"Mobil DTE 28\u00a0l\u00e0 d\u1ea7u th\u1ee7y l\u1ef1c ch\u1ed1ng m\u00e0i m\u00f2n cao c\u1ea5p. \u0110\u1eb7c t\u00ednh: \u1ed4n \u0111\u1ecbnh t\u00ednh oxy h\u00f3a, Ch\u1ed1ng m\u00e0i m\u00f2n, \u0103n m\u00f2n t\u1ed1t, Kh\u1ea3 n\u0103ng kh\u1eed nh\u0169 t\u01b0\u01a1ng, L\u00e0m s\u1ea1ch thi\u1ebft b\u1ecb ...\" \/>\n<meta property=\"og:url\" content=\"https:\/\/tatco.vn\/vi\/san-pham\/dau-thuy-luc-mobil-dte-28\/\" \/>\n<meta property=\"og:site_name\" content=\"T&amp;T Viet Nam Lubricants Co.,LTD\" \/>\n<meta property=\"article:modified_time\" content=\"2022-11-26T12:43:35+00:00\" \/>\n<meta property=\"og:image\" content=\"https:\/\/tatco.vn\/wp-content\/uploads\/2019\/06\/dau-nhot-mobil-mobil-oil.png\" \/>\n\t<meta property=\"og:image:width\" content=\"1200\" \/>\n\t<meta property=\"og:image:height\" content=\"1200\" \/>\n\t<meta property=\"og:image:type\" content=\"image\/png\" \/>\n<meta name=\"twitter:card\" content=\"summary_large_image\" \/>\n<meta name=\"twitter:label1\" content=\"Est. reading time\" \/>\n\t<meta name=\"twitter:data1\" content=\"5 minutes\" \/>\n<script type=\"application\/ld+json\" class=\"yoast-schema-graph\">{\"@context\":\"https:\/\/schema.org\",\"@graph\":[{\"@type\":\"WebPage\",\"@id\":\"https:\/\/tatco.vn\/vi\/san-pham\/dau-thuy-luc-mobil-dte-28\/\",\"url\":\"https:\/\/tatco.vn\/vi\/san-pham\/dau-thuy-luc-mobil-dte-28\/\",\"name\":\"Mobil DTE 28 - T&amp;T Viet Nam Lubricants Co.,LTD\",\"isPartOf\":{\"@id\":\"https:\/\/tatco.vn\/en\/#website\"},\"primaryImageOfPage\":{\"@id\":\"https:\/\/tatco.vn\/vi\/san-pham\/dau-thuy-luc-mobil-dte-28\/#primaryimage\"},\"image\":{\"@id\":\"https:\/\/tatco.vn\/vi\/san-pham\/dau-thuy-luc-mobil-dte-28\/#primaryimage\"},\"thumbnailUrl\":\"https:\/\/tatco.vn\/wp-content\/uploads\/2019\/06\/dau-nhot-mobil-mobil-oil.png\",\"datePublished\":\"2020-09-07T07:36:48+00:00\",\"dateModified\":\"2022-11-26T12:43:35+00:00\",\"description\":\"Mobil DTE 28\u00a0l\u00e0 d\u1ea7u th\u1ee7y l\u1ef1c ch\u1ed1ng m\u00e0i m\u00f2n cao c\u1ea5p. \u0110\u1eb7c t\u00ednh: \u1ed4n \u0111\u1ecbnh t\u00ednh oxy h\u00f3a, Ch\u1ed1ng m\u00e0i m\u00f2n, \u0103n m\u00f2n t\u1ed1t, Kh\u1ea3 n\u0103ng kh\u1eed nh\u0169 t\u01b0\u01a1ng, L\u00e0m s\u1ea1ch thi\u1ebft b\u1ecb ...\",\"breadcrumb\":{\"@id\":\"https:\/\/tatco.vn\/vi\/san-pham\/dau-thuy-luc-mobil-dte-28\/#breadcrumb\"},\"inLanguage\":\"en-US\",\"potentialAction\":[{\"@type\":\"ReadAction\",\"target\":[\"https:\/\/tatco.vn\/vi\/san-pham\/dau-thuy-luc-mobil-dte-28\/\"]}]},{\"@type\":\"ImageObject\",\"inLanguage\":\"en-US\",\"@id\":\"https:\/\/tatco.vn\/vi\/san-pham\/dau-thuy-luc-mobil-dte-28\/#primaryimage\",\"url\":\"https:\/\/tatco.vn\/wp-content\/uploads\/2019\/06\/dau-nhot-mobil-mobil-oil.png\",\"contentUrl\":\"https:\/\/tatco.vn\/wp-content\/uploads\/2019\/06\/dau-nhot-mobil-mobil-oil.png\",\"width\":1200,\"height\":1200,\"caption\":\"dau nhot mobil mobil oil Mobil SHC 625\"},{\"@type\":\"BreadcrumbList\",\"@id\":\"https:\/\/tatco.vn\/vi\/san-pham\/dau-thuy-luc-mobil-dte-28\/#breadcrumb\",\"itemListElement\":[{\"@type\":\"ListItem\",\"position\":1,\"name\":\"Home\",\"item\":\"https:\/\/tatco.vn\/\"},{\"@type\":\"ListItem\",\"position\":2,\"name\":\"C\u1eeda h\u00e0ng\",\"item\":\"https:\/\/tatco.vn\/en\/mua\/\"},{\"@type\":\"ListItem\",\"position\":3,\"name\":\"D\u1ea7u Th\u1ee7y L\u1ef1c Mobil DTE 28\"}]},{\"@type\":\"WebSite\",\"@id\":\"https:\/\/tatco.vn\/en\/#website\",\"url\":\"https:\/\/tatco.vn\/en\/\",\"name\":\"T&amp;T Viet Nam Lubricants Co.,LTD\",\"description\":\"Right Point - Right Time - Best Solution\",\"publisher\":{\"@id\":\"https:\/\/tatco.vn\/en\/#organization\"},\"potentialAction\":[{\"@type\":\"SearchAction\",\"target\":{\"@type\":\"EntryPoint\",\"urlTemplate\":\"https:\/\/tatco.vn\/en\/?s={search_term_string}\"},\"query-input\":{\"@type\":\"PropertyValueSpecification\",\"valueRequired\":true,\"valueName\":\"search_term_string\"}}],\"inLanguage\":\"en-US\"},{\"@type\":\"Organization\",\"@id\":\"https:\/\/tatco.vn\/en\/#organization\",\"name\":\"C\u00f4ng Ty TNHH D\u1ea7u Nh\u1eddn T&T Vi\u1ec7t Nam\",\"url\":\"https:\/\/tatco.vn\/en\/\",\"logo\":{\"@type\":\"ImageObject\",\"inLanguage\":\"en-US\",\"@id\":\"https:\/\/tatco.vn\/en\/#\/schema\/logo\/image\/\",\"url\":\"https:\/\/tatco.vn\/wp-content\/uploads\/2019\/05\/fav-ico.png\",\"contentUrl\":\"https:\/\/tatco.vn\/wp-content\/uploads\/2019\/05\/fav-ico.png\",\"width\":200,\"height\":200,\"caption\":\"C\u00f4ng Ty TNHH D\u1ea7u Nh\u1eddn T&T Vi\u1ec7t Nam\"},\"image\":{\"@id\":\"https:\/\/tatco.vn\/en\/#\/schema\/logo\/image\/\"}}]}<\/script>\n<!-- \/ Yoast SEO plugin. -->","yoast_head_json":{"title":"Mobil DTE 28 - T&amp;T Viet Nam Lubricants Co.,LTD","description":"Mobil DTE 28\u00a0l\u00e0 d\u1ea7u th\u1ee7y l\u1ef1c ch\u1ed1ng m\u00e0i m\u00f2n cao c\u1ea5p. \u0110\u1eb7c t\u00ednh: \u1ed4n \u0111\u1ecbnh t\u00ednh oxy h\u00f3a, Ch\u1ed1ng m\u00e0i m\u00f2n, \u0103n m\u00f2n t\u1ed1t, Kh\u1ea3 n\u0103ng kh\u1eed nh\u0169 t\u01b0\u01a1ng, L\u00e0m s\u1ea1ch thi\u1ebft b\u1ecb ...","robots":{"index":"index","follow":"follow","max-snippet":"max-snippet:-1","max-image-preview":"max-image-preview:large","max-video-preview":"max-video-preview:-1"},"canonical":"https:\/\/tatco.vn\/vi\/san-pham\/dau-thuy-luc-mobil-dte-28\/","og_locale":"en_US","og_type":"article","og_title":"Mobil DTE 28 - T&amp;T Viet Nam Lubricants Co.,LTD","og_description":"Mobil DTE 28\u00a0l\u00e0 d\u1ea7u th\u1ee7y l\u1ef1c ch\u1ed1ng m\u00e0i m\u00f2n cao c\u1ea5p. \u0110\u1eb7c t\u00ednh: \u1ed4n \u0111\u1ecbnh t\u00ednh oxy h\u00f3a, Ch\u1ed1ng m\u00e0i m\u00f2n, \u0103n m\u00f2n t\u1ed1t, Kh\u1ea3 n\u0103ng kh\u1eed nh\u0169 t\u01b0\u01a1ng, L\u00e0m s\u1ea1ch thi\u1ebft b\u1ecb ...","og_url":"https:\/\/tatco.vn\/vi\/san-pham\/dau-thuy-luc-mobil-dte-28\/","og_site_name":"T&amp;T Viet Nam Lubricants Co.,LTD","article_modified_time":"2022-11-26T12:43:35+00:00","og_image":[{"width":1200,"height":1200,"url":"https:\/\/tatco.vn\/wp-content\/uploads\/2019\/06\/dau-nhot-mobil-mobil-oil.png","type":"image\/png"}],"twitter_card":"summary_large_image","twitter_misc":{"Est. reading time":"5 minutes"},"schema":{"@context":"https:\/\/schema.org","@graph":[{"@type":"WebPage","@id":"https:\/\/tatco.vn\/vi\/san-pham\/dau-thuy-luc-mobil-dte-28\/","url":"https:\/\/tatco.vn\/vi\/san-pham\/dau-thuy-luc-mobil-dte-28\/","name":"Mobil DTE 28 - T&amp;T Viet Nam Lubricants Co.,LTD","isPartOf":{"@id":"https:\/\/tatco.vn\/en\/#website"},"primaryImageOfPage":{"@id":"https:\/\/tatco.vn\/vi\/san-pham\/dau-thuy-luc-mobil-dte-28\/#primaryimage"},"image":{"@id":"https:\/\/tatco.vn\/vi\/san-pham\/dau-thuy-luc-mobil-dte-28\/#primaryimage"},"thumbnailUrl":"https:\/\/tatco.vn\/wp-content\/uploads\/2019\/06\/dau-nhot-mobil-mobil-oil.png","datePublished":"2020-09-07T07:36:48+00:00","dateModified":"2022-11-26T12:43:35+00:00","description":"Mobil DTE 28\u00a0l\u00e0 d\u1ea7u th\u1ee7y l\u1ef1c ch\u1ed1ng m\u00e0i m\u00f2n cao c\u1ea5p. \u0110\u1eb7c t\u00ednh: \u1ed4n \u0111\u1ecbnh t\u00ednh oxy h\u00f3a, Ch\u1ed1ng m\u00e0i m\u00f2n, \u0103n m\u00f2n t\u1ed1t, Kh\u1ea3 n\u0103ng kh\u1eed nh\u0169 t\u01b0\u01a1ng, L\u00e0m s\u1ea1ch thi\u1ebft b\u1ecb ...","breadcrumb":{"@id":"https:\/\/tatco.vn\/vi\/san-pham\/dau-thuy-luc-mobil-dte-28\/#breadcrumb"},"inLanguage":"en-US","potentialAction":[{"@type":"ReadAction","target":["https:\/\/tatco.vn\/vi\/san-pham\/dau-thuy-luc-mobil-dte-28\/"]}]},{"@type":"ImageObject","inLanguage":"en-US","@id":"https:\/\/tatco.vn\/vi\/san-pham\/dau-thuy-luc-mobil-dte-28\/#primaryimage","url":"https:\/\/tatco.vn\/wp-content\/uploads\/2019\/06\/dau-nhot-mobil-mobil-oil.png","contentUrl":"https:\/\/tatco.vn\/wp-content\/uploads\/2019\/06\/dau-nhot-mobil-mobil-oil.png","width":1200,"height":1200,"caption":"dau nhot mobil mobil oil Mobil SHC 625"},{"@type":"BreadcrumbList","@id":"https:\/\/tatco.vn\/vi\/san-pham\/dau-thuy-luc-mobil-dte-28\/#breadcrumb","itemListElement":[{"@type":"ListItem","position":1,"name":"Home","item":"https:\/\/tatco.vn\/"},{"@type":"ListItem","position":2,"name":"C\u1eeda h\u00e0ng","item":"https:\/\/tatco.vn\/en\/mua\/"},{"@type":"ListItem","position":3,"name":"D\u1ea7u Th\u1ee7y L\u1ef1c Mobil DTE 28"}]},{"@type":"WebSite","@id":"https:\/\/tatco.vn\/en\/#website","url":"https:\/\/tatco.vn\/en\/","name":"T&amp;T Viet Nam Lubricants Co.,LTD","description":"Right Point - Right Time - Best Solution","publisher":{"@id":"https:\/\/tatco.vn\/en\/#organization"},"potentialAction":[{"@type":"SearchAction","target":{"@type":"EntryPoint","urlTemplate":"https:\/\/tatco.vn\/en\/?s={search_term_string}"},"query-input":{"@type":"PropertyValueSpecification","valueRequired":true,"valueName":"search_term_string"}}],"inLanguage":"en-US"},{"@type":"Organization","@id":"https:\/\/tatco.vn\/en\/#organization","name":"C\u00f4ng Ty TNHH D\u1ea7u Nh\u1eddn T&T Vi\u1ec7t Nam","url":"https:\/\/tatco.vn\/en\/","logo":{"@type":"ImageObject","inLanguage":"en-US","@id":"https:\/\/tatco.vn\/en\/#\/schema\/logo\/image\/","url":"https:\/\/tatco.vn\/wp-content\/uploads\/2019\/05\/fav-ico.png","contentUrl":"https:\/\/tatco.vn\/wp-content\/uploads\/2019\/05\/fav-ico.png","width":200,"height":200,"caption":"C\u00f4ng Ty TNHH D\u1ea7u Nh\u1eddn T&T Vi\u1ec7t Nam"},"image":{"@id":"https:\/\/tatco.vn\/en\/#\/schema\/logo\/image\/"}}]}},"_links":{"self":[{"href":"https:\/\/tatco.vn\/en\/wp-json\/wp\/v2\/product\/26911","targetHints":{"allow":["GET"]}}],"collection":[{"href":"https:\/\/tatco.vn\/en\/wp-json\/wp\/v2\/product"}],"about":[{"href":"https:\/\/tatco.vn\/en\/wp-json\/wp\/v2\/types\/product"}],"replies":[{"embeddable":true,"href":"https:\/\/tatco.vn\/en\/wp-json\/wp\/v2\/comments?post=26911"}],"version-history":[{"count":0,"href":"https:\/\/tatco.vn\/en\/wp-json\/wp\/v2\/product\/26911\/revisions"}],"wp:featuredmedia":[{"embeddable":true,"href":"https:\/\/tatco.vn\/en\/wp-json\/wp\/v2\/media\/26930"}],"wp:attachment":[{"href":"https:\/\/tatco.vn\/en\/wp-json\/wp\/v2\/media?parent=26911"}],"wp:term":[{"taxonomy":"product_cat","embeddable":true,"href":"https:\/\/tatco.vn\/en\/wp-json\/wp\/v2\/product_cat?post=26911"},{"taxonomy":"product_tag","embeddable":true,"href":"https:\/\/tatco.vn\/en\/wp-json\/wp\/v2\/product_tag?post=26911"}],"curies":[{"name":"wp","href":"https:\/\/api.w.org\/{rel}","templated":true}]}}