{"id":12678,"date":"2019-09-12T15:29:15","date_gmt":"2019-09-12T08:29:15","guid":{"rendered":"https:\/\/tatco.vn\/vi\/?post_type=product&#038;p=12678"},"modified":"2022-02-06T17:59:44","modified_gmt":"2022-02-06T10:59:44","slug":"mobil-dte-732-m","status":"publish","type":"product","link":"https:\/\/tatco.vn\/en\/product\/mobil-dte-732-m\/","title":{"rendered":"MOBIL DTE 732 M"},"content":{"rendered":"<p><\/p>\n<h2><strong>Mobil DTE 732 M:<\/strong><\/h2>\n<p>Mobil DTE\u2122 732 M is next generation high performance turbine oil designed for use in Mitsubishi Heavy Industry (MHI) non-geared Single Shaft Heavy Duty Gas &amp; Steam Turbines and Multi Shaft Gas Turbines. This product meets MHI&#8217;s requirements for long life \u2013 high temperature turbine applications, MS04-MA-CL005, through high quality base oils and additive system designed to provide long oil life. Mobil DTE 732 M also meets the requirements of MS04-MA-CL001 and CL002.<\/p>\n<h2>Features and Benefits<\/h2>\n<p>\u2022\u00a0 Excellent chemical and oxidation stability help reduce maintenance downtime and costs by contributing to system cleanliness and deposit reduction, which can enable long oil and filter life<\/p>\n<p>\u2022\u00a0 High resistance to foaming and rapid air release prevent pump cavitation, noisy and erratic operation, which can help reduce pump replacement and increase pump efficiency<\/p>\n<p>\u2022\u00a0 Reduces varnish formation potential, which can help to increase turbine operation reliability and reduce maintenance costs<\/p>\n<p>&nbsp;<\/p>\n<h2>Applications<\/h2>\n<p>Mobil DTE 732 M is a high performance turbine oil designed for use in non-geared gas &amp; steam turbine and turbine compressor applications. Specific applications include:<\/p>\n<p>\u2022\u00a0 Steam Turbines \u2013 all non-geared<\/p>\n<p>\u2022\u00a0 Gas Turbines \u2013 all non-geared, including 501F &amp; G series, 701F &amp; G Series<\/p>\n<p>\u2022\u00a0 Turbine Compressors \u2013 all non-geared<\/p>\n<p>&nbsp;<\/p>\n<h2>Specifications and Approvals<\/h2>\n<div class=\"table-responsive\">\n<table class=\"table table-striped\">\n<tbody>\n<tr>\n<td>\n<p style=\"text-align: left;\"><strong>This product meets or exceeds the requirements of:<\/strong><\/p>\n<\/td>\n<\/tr>\n<tr>\n<td>\n<p style=\"text-align: left;\">JIS K-2213 Type 2<\/p>\n<\/td>\n<\/tr>\n<tr>\n<td>\n<p style=\"text-align: left;\">MHI<strong>\u00a0<\/strong>MS04-MA-CL001(Rev.4)<\/p>\n<\/td>\n<\/tr>\n<tr>\n<td>\n<p style=\"text-align: left;\">MHI<strong>\u00a0<\/strong>MS04-MA-CL002(Rev.4)<\/p>\n<\/td>\n<\/tr>\n<tr>\n<td>\n<p style=\"text-align: left;\">MHI<strong>\u00a0<\/strong>MS04-MA-CL005(Rev.1)<\/p>\n<\/td>\n<\/tr>\n<\/tbody>\n<\/table>\n<\/div>\n<p>&nbsp;<\/p>\n<h2>Properties and Specifications<\/h2>\n<div class=\"table-responsive\">\n<table class=\"table table-striped\">\n<tbody>\n<tr>\n<td>\n<p style=\"text-align: left;\"><strong>Property<\/strong><\/p>\n<\/td>\n<td><\/td>\n<\/tr>\n<tr>\n<td>\n<p style=\"text-align: left;\">Grade<\/p>\n<\/td>\n<td>ISO 32<\/td>\n<\/tr>\n<tr>\n<td>\n<p style=\"text-align: left;\">Air Release, 50 C, min, ASTM D3427<\/p>\n<\/td>\n<td>2<\/td>\n<\/tr>\n<tr>\n<td>\n<p style=\"text-align: left;\">Copper Strip Corrosion, 3 h, 100 C, Rating, ASTM D130<\/p>\n<\/td>\n<td>1B<\/td>\n<\/tr>\n<tr>\n<td>\n<p style=\"text-align: left;\">Emulsion, Time to 3 mL Emulsion, 54 C, min, ASTM D1401<\/p>\n<\/td>\n<td>10<\/td>\n<\/tr>\n<tr>\n<td>\n<p style=\"text-align: left;\">Flash Point, Cleveland Open Cup, \u00b0C, ASTM D92<\/p>\n<\/td>\n<td>233<\/td>\n<\/tr>\n<tr>\n<td>\n<p style=\"text-align: left;\">Kinematic Viscosity @ 100 C, mm2\/s, ASTM D445<\/p>\n<\/td>\n<td>5.8<\/td>\n<\/tr>\n<tr>\n<td>\n<p style=\"text-align: left;\">Kinematic Viscosity @ 40 C, mm2\/s, ASTM D445<\/p>\n<\/td>\n<td>31.3<\/td>\n<\/tr>\n<tr>\n<td>\n<p style=\"text-align: left;\">Pour Point, \u00b0C, ASTM D97<\/p>\n<\/td>\n<td>-15<\/td>\n<\/tr>\n<tr>\n<td>\n<p style=\"text-align: left;\">RPVOT Oxidation, after Nitrogen Sparge, 48 h, 121 C (250 F), %, ASTM D2272(mod)<\/p>\n<\/td>\n<td>2000<\/td>\n<\/tr>\n<tr>\n<td>\n<p style=\"text-align: left;\">Rust Characteristics, Procedure B, ASTM D665<\/p>\n<\/td>\n<td>PASS<\/td>\n<\/tr>\n<tr>\n<td>\n<p style=\"text-align: left;\">Turbine Oil Stability Test, Life to 2.0 mg KOH\/g, h, ASTM D943<\/p>\n<\/td>\n<td>8376<\/td>\n<\/tr>\n<tr>\n<td>\n<p style=\"text-align: left;\">Viscosity Index, ASTM D2270<\/p>\n<\/td>\n<td>131<\/td>\n<\/tr>\n<tr>\n<td>\n<p style=\"text-align: left;\">Foam, Sequence I, Tendency, ml, ASTM D892<\/p>\n<\/td>\n<td>15<\/td>\n<\/tr>\n<tr>\n<td>\n<p style=\"text-align: left;\">Foam, Sequence I, Stability, ml, ASTM D892<\/p>\n<\/td>\n<td>0<\/td>\n<\/tr>\n<tr>\n<td>\n<p style=\"text-align: left;\">Foam, Sequence II, Tendency, ml, ASTM D892<\/p>\n<\/td>\n<td>5<\/td>\n<\/tr>\n<tr>\n<td>\n<p style=\"text-align: left;\">Foam, Sequence II, Stability, ml, ASTM D892<\/p>\n<\/td>\n<td>0<\/td>\n<\/tr>\n<tr>\n<td>\n<p style=\"text-align: left;\">Foam, Sequence III, Tendency, ml, ASTM D892<\/p>\n<\/td>\n<td>10<\/td>\n<\/tr>\n<tr>\n<td>\n<p style=\"text-align: left;\">Foam, Sequence III, Stability, ml, ASTM D892<\/p>\n<\/td>\n<td>0<\/td>\n<\/tr>\n<\/tbody>\n<\/table>\n<\/div>\n<h4><a href=\"https:\/\/www.mobil.com\/English-CA\/Industrial\/pds\/GLXXMobil-DTE-700\">T\u00e0i li\u1ec7u tham kh\u1ea3o Mobil DTE\u2122 700 Series: Click v\u00e0o \u0111\u00e2y.<\/a><\/h4>\n<p><a href=\"https:\/\/tatco.vn\/vi\/product-category\/dau-nhot-mobil\/dau-cong-nghiep-mobil\/dau-turbin-mobil\/\">X\u00eam th\u00eam danh m\u1ee5c: Click t\u1ea1i \u0111\u00e2y.<\/a><\/p>","protected":false},"excerpt":{"rendered":"<p><strong>Mobil DTE 732 M<\/strong> l\u00e0 d\u1ea7u tuabin hi\u1ec7u su\u1ea5t cao th\u1ebf h\u1ec7 ti\u1ebfp theo \u0111\u01b0\u1ee3c thi\u1ebft k\u1ebf \u0111\u1ec3 s\u1eed d\u1ee5ng trong C\u00f4ng nghi\u1ec7p n\u1eb7ng Mitsubishi (MHI) Tua bin kh\u00ed n\u1eb7ng &amp; h\u01a1i n\u01b0\u1edbc v\u00e0 Tua bin kh\u00ed nhi\u1ec1u tr\u1ee5c.<\/p>\n","protected":false},"featured_media":26930,"comment_status":"open","ping_status":"closed","template":"","meta":[],"product_cat":[374,373,622],"product_tag":[681,624],"class_list":{"0":"post-12678","1":"product","2":"type-product","3":"status-publish","4":"has-post-thumbnail","6":"product_brand-mobil","7":"product_cat-mobil-industrial-oil","8":"product_cat-mobil-turbin-oil","9":"product_cat-mobil-dte-700-series","10":"product_tag-mobil-dte","11":"product_tag-mobil-dte-732-m","13":"first","14":"instock","15":"shipping-taxable","16":"purchasable","17":"product-type-simple"},"yoast_head":"<!-- This site is optimized with the Yoast SEO plugin v27.2 - https:\/\/yoast.com\/product\/yoast-seo-wordpress\/ -->\n<title>MOBIL DTE 732 M - T&amp;T Viet Nam Lubricants Co.,LTD<\/title>\n<meta name=\"robots\" content=\"index, follow, max-snippet:-1, max-image-preview:large, max-video-preview:-1\" \/>\n<link rel=\"canonical\" href=\"https:\/\/tatco.vn\/vi\/san-pham\/mobil-dte-732-m\/\" \/>\n<meta property=\"og:locale\" content=\"en_US\" \/>\n<meta property=\"og:type\" content=\"article\" \/>\n<meta property=\"og:title\" content=\"MOBIL DTE 732 M - T&amp;T Viet Nam Lubricants Co.,LTD\" \/>\n<meta property=\"og:url\" content=\"https:\/\/tatco.vn\/vi\/san-pham\/mobil-dte-732-m\/\" \/>\n<meta property=\"og:site_name\" content=\"T&amp;T Viet Nam Lubricants Co.,LTD\" \/>\n<meta property=\"article:modified_time\" content=\"2022-02-06T10:59:44+00:00\" \/>\n<meta property=\"og:image\" content=\"https:\/\/tatco.vn\/wp-content\/uploads\/2019\/06\/dau-nhot-mobil-mobil-oil.png\" \/>\n\t<meta property=\"og:image:width\" content=\"1200\" \/>\n\t<meta property=\"og:image:height\" content=\"1200\" \/>\n\t<meta property=\"og:image:type\" content=\"image\/png\" \/>\n<meta name=\"twitter:card\" content=\"summary_large_image\" \/>\n<meta name=\"twitter:label1\" content=\"Est. reading time\" \/>\n\t<meta name=\"twitter:data1\" content=\"5 minutes\" \/>\n<script type=\"application\/ld+json\" class=\"yoast-schema-graph\">{\"@context\":\"https:\/\/schema.org\",\"@graph\":[{\"@type\":\"WebPage\",\"@id\":\"https:\/\/tatco.vn\/vi\/san-pham\/mobil-dte-732-m\/\",\"url\":\"https:\/\/tatco.vn\/vi\/san-pham\/mobil-dte-732-m\/\",\"name\":\"MOBIL DTE 732 M - T&amp;T Viet Nam Lubricants Co.,LTD\",\"isPartOf\":{\"@id\":\"https:\/\/tatco.vn\/en\/#website\"},\"primaryImageOfPage\":{\"@id\":\"https:\/\/tatco.vn\/vi\/san-pham\/mobil-dte-732-m\/#primaryimage\"},\"image\":{\"@id\":\"https:\/\/tatco.vn\/vi\/san-pham\/mobil-dte-732-m\/#primaryimage\"},\"thumbnailUrl\":\"https:\/\/tatco.vn\/wp-content\/uploads\/2019\/06\/dau-nhot-mobil-mobil-oil.png\",\"datePublished\":\"2019-09-12T08:29:15+00:00\",\"dateModified\":\"2022-02-06T10:59:44+00:00\",\"breadcrumb\":{\"@id\":\"https:\/\/tatco.vn\/vi\/san-pham\/mobil-dte-732-m\/#breadcrumb\"},\"inLanguage\":\"en-US\",\"potentialAction\":[{\"@type\":\"ReadAction\",\"target\":[\"https:\/\/tatco.vn\/vi\/san-pham\/mobil-dte-732-m\/\"]}]},{\"@type\":\"ImageObject\",\"inLanguage\":\"en-US\",\"@id\":\"https:\/\/tatco.vn\/vi\/san-pham\/mobil-dte-732-m\/#primaryimage\",\"url\":\"https:\/\/tatco.vn\/wp-content\/uploads\/2019\/06\/dau-nhot-mobil-mobil-oil.png\",\"contentUrl\":\"https:\/\/tatco.vn\/wp-content\/uploads\/2019\/06\/dau-nhot-mobil-mobil-oil.png\",\"width\":1200,\"height\":1200,\"caption\":\"dau nhot mobil mobil oil Mobil SHC 625\"},{\"@type\":\"BreadcrumbList\",\"@id\":\"https:\/\/tatco.vn\/vi\/san-pham\/mobil-dte-732-m\/#breadcrumb\",\"itemListElement\":[{\"@type\":\"ListItem\",\"position\":1,\"name\":\"Home\",\"item\":\"https:\/\/tatco.vn\/\"},{\"@type\":\"ListItem\",\"position\":2,\"name\":\"C\u1eeda h\u00e0ng\",\"item\":\"https:\/\/tatco.vn\/en\/mua\/\"},{\"@type\":\"ListItem\",\"position\":3,\"name\":\"MOBIL DTE 732 M\"}]},{\"@type\":\"WebSite\",\"@id\":\"https:\/\/tatco.vn\/en\/#website\",\"url\":\"https:\/\/tatco.vn\/en\/\",\"name\":\"T&amp;T Viet Nam Lubricants Co.,LTD\",\"description\":\"Right Point - Right Time - Best Solution\",\"publisher\":{\"@id\":\"https:\/\/tatco.vn\/en\/#organization\"},\"potentialAction\":[{\"@type\":\"SearchAction\",\"target\":{\"@type\":\"EntryPoint\",\"urlTemplate\":\"https:\/\/tatco.vn\/en\/?s={search_term_string}\"},\"query-input\":{\"@type\":\"PropertyValueSpecification\",\"valueRequired\":true,\"valueName\":\"search_term_string\"}}],\"inLanguage\":\"en-US\"},{\"@type\":\"Organization\",\"@id\":\"https:\/\/tatco.vn\/en\/#organization\",\"name\":\"C\u00f4ng Ty TNHH D\u1ea7u Nh\u1eddn T&T Vi\u1ec7t Nam\",\"url\":\"https:\/\/tatco.vn\/en\/\",\"logo\":{\"@type\":\"ImageObject\",\"inLanguage\":\"en-US\",\"@id\":\"https:\/\/tatco.vn\/en\/#\/schema\/logo\/image\/\",\"url\":\"https:\/\/tatco.vn\/wp-content\/uploads\/2019\/05\/fav-ico.png\",\"contentUrl\":\"https:\/\/tatco.vn\/wp-content\/uploads\/2019\/05\/fav-ico.png\",\"width\":200,\"height\":200,\"caption\":\"C\u00f4ng Ty TNHH D\u1ea7u Nh\u1eddn T&T Vi\u1ec7t Nam\"},\"image\":{\"@id\":\"https:\/\/tatco.vn\/en\/#\/schema\/logo\/image\/\"}}]}<\/script>\n<!-- \/ Yoast SEO plugin. -->","yoast_head_json":{"title":"MOBIL DTE 732 M - T&amp;T Viet Nam Lubricants Co.,LTD","robots":{"index":"index","follow":"follow","max-snippet":"max-snippet:-1","max-image-preview":"max-image-preview:large","max-video-preview":"max-video-preview:-1"},"canonical":"https:\/\/tatco.vn\/vi\/san-pham\/mobil-dte-732-m\/","og_locale":"en_US","og_type":"article","og_title":"MOBIL DTE 732 M - T&amp;T Viet Nam Lubricants Co.,LTD","og_url":"https:\/\/tatco.vn\/vi\/san-pham\/mobil-dte-732-m\/","og_site_name":"T&amp;T Viet Nam Lubricants Co.,LTD","article_modified_time":"2022-02-06T10:59:44+00:00","og_image":[{"width":1200,"height":1200,"url":"https:\/\/tatco.vn\/wp-content\/uploads\/2019\/06\/dau-nhot-mobil-mobil-oil.png","type":"image\/png"}],"twitter_card":"summary_large_image","twitter_misc":{"Est. reading time":"5 minutes"},"schema":{"@context":"https:\/\/schema.org","@graph":[{"@type":"WebPage","@id":"https:\/\/tatco.vn\/vi\/san-pham\/mobil-dte-732-m\/","url":"https:\/\/tatco.vn\/vi\/san-pham\/mobil-dte-732-m\/","name":"MOBIL DTE 732 M - T&amp;T Viet Nam Lubricants Co.,LTD","isPartOf":{"@id":"https:\/\/tatco.vn\/en\/#website"},"primaryImageOfPage":{"@id":"https:\/\/tatco.vn\/vi\/san-pham\/mobil-dte-732-m\/#primaryimage"},"image":{"@id":"https:\/\/tatco.vn\/vi\/san-pham\/mobil-dte-732-m\/#primaryimage"},"thumbnailUrl":"https:\/\/tatco.vn\/wp-content\/uploads\/2019\/06\/dau-nhot-mobil-mobil-oil.png","datePublished":"2019-09-12T08:29:15+00:00","dateModified":"2022-02-06T10:59:44+00:00","breadcrumb":{"@id":"https:\/\/tatco.vn\/vi\/san-pham\/mobil-dte-732-m\/#breadcrumb"},"inLanguage":"en-US","potentialAction":[{"@type":"ReadAction","target":["https:\/\/tatco.vn\/vi\/san-pham\/mobil-dte-732-m\/"]}]},{"@type":"ImageObject","inLanguage":"en-US","@id":"https:\/\/tatco.vn\/vi\/san-pham\/mobil-dte-732-m\/#primaryimage","url":"https:\/\/tatco.vn\/wp-content\/uploads\/2019\/06\/dau-nhot-mobil-mobil-oil.png","contentUrl":"https:\/\/tatco.vn\/wp-content\/uploads\/2019\/06\/dau-nhot-mobil-mobil-oil.png","width":1200,"height":1200,"caption":"dau nhot mobil mobil oil Mobil SHC 625"},{"@type":"BreadcrumbList","@id":"https:\/\/tatco.vn\/vi\/san-pham\/mobil-dte-732-m\/#breadcrumb","itemListElement":[{"@type":"ListItem","position":1,"name":"Home","item":"https:\/\/tatco.vn\/"},{"@type":"ListItem","position":2,"name":"C\u1eeda h\u00e0ng","item":"https:\/\/tatco.vn\/en\/mua\/"},{"@type":"ListItem","position":3,"name":"MOBIL DTE 732 M"}]},{"@type":"WebSite","@id":"https:\/\/tatco.vn\/en\/#website","url":"https:\/\/tatco.vn\/en\/","name":"T&amp;T Viet Nam Lubricants Co.,LTD","description":"Right Point - Right Time - Best Solution","publisher":{"@id":"https:\/\/tatco.vn\/en\/#organization"},"potentialAction":[{"@type":"SearchAction","target":{"@type":"EntryPoint","urlTemplate":"https:\/\/tatco.vn\/en\/?s={search_term_string}"},"query-input":{"@type":"PropertyValueSpecification","valueRequired":true,"valueName":"search_term_string"}}],"inLanguage":"en-US"},{"@type":"Organization","@id":"https:\/\/tatco.vn\/en\/#organization","name":"C\u00f4ng Ty TNHH D\u1ea7u Nh\u1eddn T&T Vi\u1ec7t Nam","url":"https:\/\/tatco.vn\/en\/","logo":{"@type":"ImageObject","inLanguage":"en-US","@id":"https:\/\/tatco.vn\/en\/#\/schema\/logo\/image\/","url":"https:\/\/tatco.vn\/wp-content\/uploads\/2019\/05\/fav-ico.png","contentUrl":"https:\/\/tatco.vn\/wp-content\/uploads\/2019\/05\/fav-ico.png","width":200,"height":200,"caption":"C\u00f4ng Ty TNHH D\u1ea7u Nh\u1eddn T&T Vi\u1ec7t Nam"},"image":{"@id":"https:\/\/tatco.vn\/en\/#\/schema\/logo\/image\/"}}]}},"_links":{"self":[{"href":"https:\/\/tatco.vn\/en\/wp-json\/wp\/v2\/product\/12678","targetHints":{"allow":["GET"]}}],"collection":[{"href":"https:\/\/tatco.vn\/en\/wp-json\/wp\/v2\/product"}],"about":[{"href":"https:\/\/tatco.vn\/en\/wp-json\/wp\/v2\/types\/product"}],"replies":[{"embeddable":true,"href":"https:\/\/tatco.vn\/en\/wp-json\/wp\/v2\/comments?post=12678"}],"version-history":[{"count":0,"href":"https:\/\/tatco.vn\/en\/wp-json\/wp\/v2\/product\/12678\/revisions"}],"wp:featuredmedia":[{"embeddable":true,"href":"https:\/\/tatco.vn\/en\/wp-json\/wp\/v2\/media\/26930"}],"wp:attachment":[{"href":"https:\/\/tatco.vn\/en\/wp-json\/wp\/v2\/media?parent=12678"}],"wp:term":[{"taxonomy":"product_cat","embeddable":true,"href":"https:\/\/tatco.vn\/en\/wp-json\/wp\/v2\/product_cat?post=12678"},{"taxonomy":"product_tag","embeddable":true,"href":"https:\/\/tatco.vn\/en\/wp-json\/wp\/v2\/product_tag?post=12678"}],"curies":[{"name":"wp","href":"https:\/\/api.w.org\/{rel}","templated":true}]}}